
{"id":4222,"date":"2026-02-27T11:22:28","date_gmt":"2026-02-27T11:22:28","guid":{"rendered":"https:\/\/easyliferobo.com\/de\/product\/dpofirs-interaktiver-ki-begleitroboter-fuer-kinder-ki-desktop-roboter-begleiter-sprachinteraktion-technologie-und-gadget-geschenk-elektronische-haustiere\/"},"modified":"2026-02-27T11:22:47","modified_gmt":"2026-02-27T11:22:47","slug":"dpofirs-interaktiver-ki-begleitroboter-fuer-kinder-ki-desktop-roboter-begleiter-sprachinteraktion-technologie-und-gadget-geschenk-elektronische-haustiere","status":"publish","type":"product","link":"https:\/\/easyliferobo.com\/de\/product\/dpofirs-interaktiver-ki-begleitroboter-fuer-kinder-ki-desktop-roboter-begleiter-sprachinteraktion-technologie-und-gadget-geschenk-elektronische-haustiere\/","title":{"rendered":"Dpofirs Interaktiver KI-Begleitrobo..."},"content":{"rendered":"<p>\n                                             Produktbeschreibung   <\/p>\n<p>                                                                             <img decoding=\"async\" alt=\"Mehrere Ansichten eines schwarzen gebogenen Kissens oder einer Polsterkomponente aus verschiedenen Blickwinkeln vor wei\u00dfem Hintergrund.\" src=\"https:\/\/images-na.ssl-images-amazon.com\/images\/G\/01\/x-locale\/common\/grey-pixel.gif\" class=\"a-spacing-base a-lazy-loaded\" data-src=\"https:\/\/m.media-amazon.com\/images\/S\/aplus-media-library-service-media\/cd7bca3a-be43-4a77-a379-13b6fd6090e7.__CR0,0,970,600_PT0_SX970_V1___.jpg\"><img decoding=\"async\" alt=\"Mehrere Ansichten eines schwarzen gebogenen Kissens oder einer Polsterkomponente aus verschiedenen Blickwinkeln vor wei\u00dfem Hintergrund.\" src=\"https:\/\/m.media-amazon.com\/images\/S\/aplus-media-library-service-media\/cd7bca3a-be43-4a77-a379-13b6fd6090e7.__CR0,0,970,600_PT0_SX970_V1___.jpg\">                                         <\/p>\n<h3 class=\"a-spacing-mini\">  Dpofirs Interaktiver KI-Begleitroboter f\u00fcr Kinder, KI-Desktop-Roboterbegleiter, Sprachinteraktion, Technik- und Gadget-Geschenk, elektronische Haustiere <\/h3>\n<p>                                                  <img decoding=\"async\" alt=\"Moderne Schreibtischanordnung mit schwarzer Schreibtischlampe und Laptop, wobei die Lampe in verschiedenen Positionen gezeigt wird, um die einstellbare Funktionalit\u00e4t zu demonstrieren.\" src=\"https:\/\/images-na.ssl-images-amazon.com\/images\/G\/01\/x-locale\/common\/grey-pixel.gif\" class=\"a-lazy-loaded\" data-src=\"https:\/\/m.media-amazon.com\/images\/S\/aplus-media-library-service-media\/8d4da38c-a14e-4205-ab9c-7ceef5ed0d21.__CR0,0,300,300_PT0_SX300_V1___.jpg\"><img decoding=\"async\" alt=\"Moderne Schreibtischanordnung mit schwarzer Schreibtischlampe und Laptop, wobei die Lampe in verschiedenen Positionen gezeigt wird, um die einstellbare Funktionalit\u00e4t zu demonstrieren.\" src=\"https:\/\/m.media-amazon.com\/images\/S\/aplus-media-library-service-media\/8d4da38c-a14e-4205-ab9c-7ceef5ed0d21.__CR0,0,300,300_PT0_SX300_V1___.jpg\">  <\/p>\n<p>Bezaubernde Geschenkoption: Mit seinem niedlichen und kompakten Design ist dieser KI-Schreibtischroboter ein einzigartiges Geschenk f\u00fcr Geburtstage, Weihnachten, Kindertage und andere besondere Anl\u00e4sse. <\/p>\n<p>Drahtlose Konnektivit\u00e4t: Unterst\u00fctzt 2,4-GHz-WLAN f\u00fcr nahtlosen Betrieb. Genie\u00dfen Sie Spracherkennung und interaktive Emotionen und gestalten Sie die Kommunikation effizient und ansprechend. <\/p>\n<p>KI-Gespr\u00e4che: Mit intelligenten KI-Dialogen ist dieser intelligente Roboter rund um die Uhr f\u00fcr lockere Gespr\u00e4che, Informationsbeschaffung, professionelle Beratung und t\u00e4gliche Hilfe bereit. <\/p>\n<p class=\"apm-text-center\">\n                                                      <img decoding=\"async\" alt=\"Der Text lautet \u201eBild 7\u201c. Mehrere Blickwinkel einer schwarzen ergonomischen Maus, die ihr geschwungenes Design und die glatte, matte Oberfl\u00e4che zeigt.\" src=\"https:\/\/images-na.ssl-images-amazon.com\/images\/G\/01\/x-locale\/common\/grey-pixel.gif\" class=\"a-spacing-mini a-lazy-loaded\" data-src=\"https:\/\/m.media-amazon.com\/images\/S\/aplus-media-library-service-media\/8a50ac57-6a75-475a-9334-a56dd3db0594.__CR0,0,300,300_PT0_SX300_V1___.jpg\"><img decoding=\"async\" alt=\"Der Text lautet \u201eBild 7\u201c. Mehrere Blickwinkel einer schwarzen ergonomischen Maus, die ihr geschwungenes Design und die glatte, matte Oberfl\u00e4che zeigt.\" src=\"https:\/\/m.media-amazon.com\/images\/S\/aplus-media-library-service-media\/8a50ac57-6a75-475a-9334-a56dd3db0594.__CR0,0,300,300_PT0_SX300_V1___.jpg\">  <\/p>\n<p class=\"apm-text-center\">\n                                                      <img decoding=\"async\" alt=\"Nahaufnahmen von Demonstrationsaufnahmen, die ein schwarzes kreisf\u00f6rmiges Ger\u00e4t zeigen, das gegen Holzoberfl\u00e4chen gedr\u00fcckt wird und wahrscheinlich die Haftung oder den Installationsprozess demonstriert.\" src=\"https:\/\/images-na.ssl-images-amazon.com\/images\/G\/01\/x-locale\/common\/grey-pixel.gif\" class=\"a-spacing-mini a-lazy-loaded\" data-src=\"https:\/\/m.media-amazon.com\/images\/S\/aplus-media-library-service-media\/16579a35-2a95-47de-b64c-194273400403.__CR0,0,300,300_PT0_SX300_V1___.jpg\"><img decoding=\"async\" alt=\"Nahaufnahmen von Demonstrationsaufnahmen, die ein schwarzes kreisf\u00f6rmiges Ger\u00e4t zeigen, das gegen Holzoberfl\u00e4chen gedr\u00fcckt wird und wahrscheinlich die Haftung oder den Installationsprozess demonstriert.\" src=\"https:\/\/m.media-amazon.com\/images\/S\/aplus-media-library-service-media\/16579a35-2a95-47de-b64c-194273400403.__CR0,0,300,300_PT0_SX300_V1___.jpg\">  <\/p>\n<p class=\"apm-text-center\">\n                                                      <img decoding=\"async\" alt=\"Nahaufnahmen von schwarz gepolsterten Fahrzeuginnenraumkomponenten aus verschiedenen Blickwinkeln.\" src=\"https:\/\/images-na.ssl-images-amazon.com\/images\/G\/01\/x-locale\/common\/grey-pixel.gif\" class=\"a-spacing-mini a-lazy-loaded\" data-src=\"https:\/\/m.media-amazon.com\/images\/S\/aplus-media-library-service-media\/57b94952-7fd4-4542-a681-03def24fc475.__CR0,0,300,300_PT0_SX300_V1___.jpg\"><img decoding=\"async\" alt=\"Nahaufnahmen von schwarz gepolsterten Fahrzeuginnenraumkomponenten aus verschiedenen Blickwinkeln.\" src=\"https:\/\/m.media-amazon.com\/images\/S\/aplus-media-library-service-media\/57b94952-7fd4-4542-a681-03def24fc475.__CR0,0,300,300_PT0_SX300_V1___.jpg\">  <\/p>\n<p class=\"apm-text-center\">\n                                                      <img decoding=\"async\" alt=\"Mehrere Winkel eines schwarzen, katzenf\u00f6rmigen Ger\u00e4ts mit abgerundeten Kanten, das Details zum USB-Anschluss und zum Lautsprechergitter zeigt.\" src=\"https:\/\/images-na.ssl-images-amazon.com\/images\/G\/01\/x-locale\/common\/grey-pixel.gif\" class=\"a-spacing-mini a-lazy-loaded\" data-src=\"https:\/\/m.media-amazon.com\/images\/S\/aplus-media-library-service-media\/8bbcc968-1415-4b42-92df-203e33ae2a9d.__CR0,0,300,300_PT0_SX300_V1___.jpg\"><img decoding=\"async\" alt=\"Mehrere Winkel eines schwarzen, katzenf\u00f6rmigen Ger\u00e4ts mit abgerundeten Kanten, das Details zum USB-Anschluss und zum Lautsprechergitter zeigt.\" src=\"https:\/\/m.media-amazon.com\/images\/S\/aplus-media-library-service-media\/8bbcc968-1415-4b42-92df-203e33ae2a9d.__CR0,0,300,300_PT0_SX300_V1___.jpg\">  <\/p>\n<p class=\"apm-text-center\">\n                                                      <img decoding=\"async\" alt=\"Der Text lautet \u201eBild 1\u201c. Mehrere Ansichten einer mattschwarzen ergonomischen Computermaus aus verschiedenen Blickwinkeln, die ihr geschwungenes Design und ihre glatte Oberfl\u00e4che zeigen.\" src=\"https:\/\/images-na.ssl-images-amazon.com\/images\/G\/01\/x-locale\/common\/grey-pixel.gif\" class=\"a-spacing-mini a-lazy-loaded\" data-src=\"https:\/\/m.media-amazon.com\/images\/S\/aplus-media-library-service-media\/a4c65648-6842-4e8c-b260-7ad6a54888f0.__CR0,0,300,300_PT0_SX300_V1___.jpg\"><img decoding=\"async\" alt=\"Der Text lautet \u201eBild 1\u201c. Mehrere Ansichten einer mattschwarzen ergonomischen Computermaus aus verschiedenen Blickwinkeln, die ihr geschwungenes Design und ihre glatte Oberfl\u00e4che zeigen.\" src=\"https:\/\/m.media-amazon.com\/images\/S\/aplus-media-library-service-media\/a4c65648-6842-4e8c-b260-7ad6a54888f0.__CR0,0,300,300_PT0_SX300_V1___.jpg\">  <\/p>\n<p class=\"apm-text-center\">\n                                                      <img decoding=\"async\" alt=\"Der Text lautet \u201eBild 2\u201c. Technisches Diagramm, das die Abmessungen eines Mausger\u00e4ts mit angezeigten L\u00e4ngen- und Breitenindikatoren zeigt.\" src=\"https:\/\/images-na.ssl-images-amazon.com\/images\/G\/01\/x-locale\/common\/grey-pixel.gif\" class=\"a-spacing-mini a-lazy-loaded\" data-src=\"https:\/\/m.media-amazon.com\/images\/S\/aplus-media-library-service-media\/66bc819e-61f4-423e-9257-e97e0685b266.__CR0,0,300,300_PT0_SX300_V1___.jpg\"><img decoding=\"async\" alt=\"Der Text lautet \u201eBild 2\u201c. Technisches Diagramm, das die Abmessungen eines Mausger\u00e4ts mit angezeigten L\u00e4ngen- und Breitenindikatoren zeigt.\" src=\"https:\/\/m.media-amazon.com\/images\/S\/aplus-media-library-service-media\/66bc819e-61f4-423e-9257-e97e0685b266.__CR0,0,300,300_PT0_SX300_V1___.jpg\">  <\/p>\n<p>1. Drahtlose Konnektivit\u00e4t: Unterst\u00fctzt 2,4-GHz-WLAN f\u00fcr nahtlosen Betrieb. Genie\u00dfen Sie Spracherkennung und interaktive Emotionen und gestalten Sie die Kommunikation effizient und ansprechend. <\/p>\n<p>  2. KI-Gespr\u00e4che: Mit intelligenten KI-Dialogen ist dieser intelligente Roboter rund um die Uhr f\u00fcr lockere Gespr\u00e4che, den Informationsabruf, professionelle Beratung und t\u00e4gliche Hilfe bereit. <\/p>\n<p>  3. P\u00e4dagogisch und unterhaltsam: Ma\u00dfgeschneidert f\u00fcr Kinder im Alter von 7 bis 14 Jahren f\u00f6rdert der interaktive KI-Roboter die kognitive Entwicklung und f\u00f6rdert die Interessenkultivierung, indem er als p\u00e4dagogischer Begleiter dient. <\/p>\n<p>  4. ABS-Konstruktion: Der KI-Lernroboter besteht aus hochwertigem ABS-Material und ist sicher und besch\u00e4digungssicher. Es verf\u00fcgt \u00fcber einen 500-mAh-Akku f\u00fcr langanhaltende Leistung. <\/p>\n<p>  5. Bezaubernde Geschenkoption: Mit seinem niedlichen und kompakten Design ist dieser KI-Schreibtischroboter ein besonderes Geschenk f\u00fcr Geburtstage, Weihnachten, Kindertage und andere besondere Anl\u00e4sse. <\/p>\n<p>  <\/p>\n<p>  Spezifikation: <\/p>\n<p>  Artikeltyp: KI-Roboter <\/p>\n<p>  Material: ABS <\/p>\n<p>  Gewicht: ca. 165,00 g \/ 5,82 Unzen <\/p>\n<p>  Produktgr\u00f6\u00dfe: ca. 64 x 60 x 47 mm \/ 2,52 x 2,36 x 1,85 Zoll <\/p>\n<p>  Batterie: Lithiumbatterie 500 mAh (wird mit eingebauter Batterie geliefert) <\/p>\n<p>  Modul: Unterst\u00fctzung f\u00fcr ESP32 S3 WROOM 1 N32R8 <\/p>\n<p>  Kabellos: 2,4 GHz WLAN (802.11b\/g\/n) <\/p>\n<p>  Stromversorgung: USB <\/p>\n<p>  F\u00e4higkeiten: Emotion, interaktives Spielzeug, auditiv, Interessenkultivierung <\/p>\n<p>  Funktion: Unterst\u00fctzt WLAN, Spracherkennung, emotionale Interaktion <\/p>\n<p>  Altersspanne: Jugendliche (7 bis 14 Jahre) <\/p>\n<p>  <\/p>\n<p>  Anwendung: <\/p>\n<p>  Schalten Sie es einfach unten ein, um es zu verwenden. <\/p>\n<p>  <\/p>\n<p>  Packliste: <\/p>\n<p>  1 x KI-Roboter <\/p>\n<p>  1 x Bedienungsanleitung <\/p>\n<p>Lehrreich und unterhaltsam Der interaktive KI-Roboter ist auf Kinder im Alter von 7 bis 14 Jahren zugeschnitten, unterst\u00fctzt die kognitive Entwicklung und Interessenkultivierung und dient als p\u00e4dagogischer Begleiter.<br \/>Drahtlose Konnektivit\u00e4t: Unterst\u00fctzt 2,4-GHz-WLAN f\u00fcr nahtlosen Betrieb. Genie\u00dfen Sie Spracherkennung und interaktive Emotionen und gestalten Sie die Kommunikation effizient und ansprechend.<br \/>ENTZ\u00dcCKENDE GESCHENKOPTION Mit seinem niedlichen und kompakten Design ist dieser KI-Schreibtischroboter ein besonderes Geschenk f\u00fcr Geburtstage, Weihnachten, Kindertage und andere besondere Anl\u00e4sse.<br \/>KI-GESPR\u00c4CHE Mit intelligenten KI-Dialogen ist dieser intelligente Roboter rund um die Uhr f\u00fcr lockere Gespr\u00e4che, Informationsbeschaffung, professionelle Beratung und t\u00e4gliche Hilfe bereit.<br \/>ABS-Konstruktion: Der KI-Lernroboter besteht aus hochwertigem ABS-Material und ist sicher und besch\u00e4digungssicher. Es verf\u00fcgt \u00fcber einen 500-mAh-Akku f\u00fcr langanhaltende Leistung.<\/p>\n<p>[ad_2]<\/p>\n","protected":false},"excerpt":{"rendered":"<p>Produktbeschreibung Dpofirs Interaktiver KI-Begleitroboter f\u00fcr Kinder, KI-Desktop-Roboterbegleiter, Sprachinteraktion, Technik- und Gadget-Geschenk, elektronische Haustiere Bezaubernde Geschenkoption: Mit seinem niedlichen und kompakten Design ist dieser KI-Schreibtischroboter ein einzigartiges Geschenk f\u00fcr Geburtstage, Weihnachten, Kindertage und andere besondere Anl\u00e4sse. Drahtlose Konnektivit\u00e4t: Unterst\u00fctzt 2,4-GHz-WLAN f\u00fcr nahtlosen Betrieb. Genie\u00dfen Sie Spracherkennung und interaktive Emotionen und gestalten Sie die Kommunikation effizient und [&hellip;]<\/p>\n","protected":false},"featured_media":4223,"comment_status":"open","ping_status":"closed","template":"","meta":{"_aipt_faq_data":""},"store":[],"product_brand":[],"product_cat":[93],"product_tag":[177],"class_list":{"0":"post-4222","1":"product","2":"type-product","3":"status-publish","4":"has-post-thumbnail","6":"product_cat-soziale-begleitroboter","7":"product_tag-interaktive-soziale-begleitroboter","9":"first","10":"instock","11":"shipping-taxable","12":"product-type-external"},"yoast_head":"<!-- This site is optimized with the Yoast SEO plugin v27.0 - https:\/\/yoast.com\/product\/yoast-seo-wordpress\/ -->\n<title>Dpofirs Interaktiver KI-Begleitroboter f\u00fcr Kinder, KI-Desktop-Roboter-Begleiter, Sprachinteraktion, Technologie- und Gadget-Geschenk, elektronische Haustiere - EasyLifeBro<\/title>\n<meta name=\"description\" content=\"Entdecken Sie smarte Roboter f\u00fcr Zuhause, Garten, Bildung und Sicherheit. Vergleichen Sie Saugroboter, Rasenm\u00e4hroboter, KI-Begleitroboter und mehr bei EasyLifeRobo.\" \/>\n<meta name=\"robots\" content=\"index, follow, max-snippet:-1, max-image-preview:large, max-video-preview:-1\" \/>\n<link rel=\"canonical\" href=\"https:\/\/easyliferobo.com\/de\/product\/dpofirs-interaktiver-ki-begleitroboter-fuer-kinder-ki-desktop-roboter-begleiter-sprachinteraktion-technologie-und-gadget-geschenk-elektronische-haustiere\/\" \/>\n<meta property=\"og:locale\" content=\"de_DE\" \/>\n<meta property=\"og:type\" content=\"article\" \/>\n<meta property=\"og:title\" content=\"Dpofirs Interaktiver KI-Begleitroboter f\u00fcr Kinder, KI-Desktop-Roboter-Begleiter, Sprachinteraktion, Technologie- und Gadget-Geschenk, elektronische Haustiere - EasyLifeBro\" \/>\n<meta property=\"og:description\" content=\"Entdecken Sie smarte Roboter f\u00fcr Zuhause, Garten, Bildung und Sicherheit. Vergleichen Sie Saugroboter, Rasenm\u00e4hroboter, KI-Begleitroboter und mehr bei EasyLifeRobo.\" \/>\n<meta property=\"og:url\" content=\"https:\/\/easyliferobo.com\/de\/product\/dpofirs-interaktiver-ki-begleitroboter-fuer-kinder-ki-desktop-roboter-begleiter-sprachinteraktion-technologie-und-gadget-geschenk-elektronische-haustiere\/\" \/>\n<meta property=\"og:site_name\" content=\"EasyLifeBro\" \/>\n<meta property=\"article:modified_time\" content=\"2026-02-27T11:22:47+00:00\" \/>\n<meta property=\"og:image\" content=\"https:\/\/images-na.ssl-images-amazon.com\/images\/G\/01\/x-locale\/common\/grey-pixel.gif\" \/>\n<meta name=\"twitter:card\" content=\"summary_large_image\" \/>\n<meta name=\"twitter:label1\" content=\"Gesch\u00e4tzte Lesezeit\" \/>\n\t<meta name=\"twitter:data1\" content=\"2\u00a0Minuten\" \/>\n<script type=\"application\/ld+json\" class=\"yoast-schema-graph\">{\"@context\":\"https:\/\/schema.org\",\"@graph\":[{\"@type\":\"WebPage\",\"@id\":\"https:\/\/easyliferobo.com\/de\/product\/dpofirs-interaktiver-ki-begleitroboter-fuer-kinder-ki-desktop-roboter-begleiter-sprachinteraktion-technologie-und-gadget-geschenk-elektronische-haustiere\/\",\"url\":\"https:\/\/easyliferobo.com\/de\/product\/dpofirs-interaktiver-ki-begleitroboter-fuer-kinder-ki-desktop-roboter-begleiter-sprachinteraktion-technologie-und-gadget-geschenk-elektronische-haustiere\/\",\"name\":\"Dpofirs Interaktiver KI-Begleitroboter f\u00fcr Kinder, KI-Desktop-Roboter-Begleiter, Sprachinteraktion, Technologie- und Gadget-Geschenk, elektronische Haustiere - EasyLifeBro\",\"isPartOf\":{\"@id\":\"https:\/\/easyliferobo.com\/de\/#website\"},\"primaryImageOfPage\":{\"@id\":\"https:\/\/easyliferobo.com\/de\/product\/dpofirs-interaktiver-ki-begleitroboter-fuer-kinder-ki-desktop-roboter-begleiter-sprachinteraktion-technologie-und-gadget-geschenk-elektronische-haustiere\/#primaryimage\"},\"image\":{\"@id\":\"https:\/\/easyliferobo.com\/de\/product\/dpofirs-interaktiver-ki-begleitroboter-fuer-kinder-ki-desktop-roboter-begleiter-sprachinteraktion-technologie-und-gadget-geschenk-elektronische-haustiere\/#primaryimage\"},\"thumbnailUrl\":\"https:\/\/easyliferobo.com\/de\/wp-content\/uploads\/2026\/02\/6150H9PQy0L._AC_SL1500_.jpg\",\"datePublished\":\"2026-02-27T11:22:28+00:00\",\"dateModified\":\"2026-02-27T11:22:47+00:00\",\"description\":\"Entdecken Sie smarte Roboter f\u00fcr Zuhause, Garten, Bildung und Sicherheit. Vergleichen Sie Saugroboter, Rasenm\u00e4hroboter, KI-Begleitroboter und mehr bei EasyLifeRobo.\",\"breadcrumb\":{\"@id\":\"https:\/\/easyliferobo.com\/de\/product\/dpofirs-interaktiver-ki-begleitroboter-fuer-kinder-ki-desktop-roboter-begleiter-sprachinteraktion-technologie-und-gadget-geschenk-elektronische-haustiere\/#breadcrumb\"},\"inLanguage\":\"de\",\"potentialAction\":[{\"@type\":\"ReadAction\",\"target\":[\"https:\/\/easyliferobo.com\/de\/product\/dpofirs-interaktiver-ki-begleitroboter-fuer-kinder-ki-desktop-roboter-begleiter-sprachinteraktion-technologie-und-gadget-geschenk-elektronische-haustiere\/\"]}]},{\"@type\":\"ImageObject\",\"inLanguage\":\"de\",\"@id\":\"https:\/\/easyliferobo.com\/de\/product\/dpofirs-interaktiver-ki-begleitroboter-fuer-kinder-ki-desktop-roboter-begleiter-sprachinteraktion-technologie-und-gadget-geschenk-elektronische-haustiere\/#primaryimage\",\"url\":\"https:\/\/easyliferobo.com\/de\/wp-content\/uploads\/2026\/02\/6150H9PQy0L._AC_SL1500_.jpg\",\"contentUrl\":\"https:\/\/easyliferobo.com\/de\/wp-content\/uploads\/2026\/02\/6150H9PQy0L._AC_SL1500_.jpg\",\"width\":1313,\"height\":1436},{\"@type\":\"BreadcrumbList\",\"@id\":\"https:\/\/easyliferobo.com\/de\/product\/dpofirs-interaktiver-ki-begleitroboter-fuer-kinder-ki-desktop-roboter-begleiter-sprachinteraktion-technologie-und-gadget-geschenk-elektronische-haustiere\/#breadcrumb\",\"itemListElement\":[{\"@type\":\"ListItem\",\"position\":1,\"name\":\"Home\",\"item\":\"https:\/\/easyliferobo.com\/de\/\"},{\"@type\":\"ListItem\",\"position\":2,\"name\":\"Shop\",\"item\":\"https:\/\/easyliferobo.com\/de\/shop\/\"},{\"@type\":\"ListItem\",\"position\":3,\"name\":\"Dpofirs Interaktiver KI-Begleitrobo...\"}]},{\"@type\":\"WebSite\",\"@id\":\"https:\/\/easyliferobo.com\/de\/#website\",\"url\":\"https:\/\/easyliferobo.com\/de\/\",\"name\":\"EasyLifeBro\",\"description\":\"Smarte Roboter f\u00fcr Zuhause, Garten &amp; Bildung\",\"publisher\":{\"@id\":\"https:\/\/easyliferobo.com\/de\/#organization\"},\"potentialAction\":[{\"@type\":\"SearchAction\",\"target\":{\"@type\":\"EntryPoint\",\"urlTemplate\":\"https:\/\/easyliferobo.com\/de\/?s={search_term_string}\"},\"query-input\":{\"@type\":\"PropertyValueSpecification\",\"valueRequired\":true,\"valueName\":\"search_term_string\"}}],\"inLanguage\":\"de\"},{\"@type\":\"Organization\",\"@id\":\"https:\/\/easyliferobo.com\/de\/#organization\",\"name\":\"EasyLifeBro\",\"url\":\"https:\/\/easyliferobo.com\/de\/\",\"logo\":{\"@type\":\"ImageObject\",\"inLanguage\":\"de\",\"@id\":\"https:\/\/easyliferobo.com\/de\/#\/schema\/logo\/image\/\",\"url\":\"https:\/\/easyliferobo.com\/de\/wp-content\/uploads\/2026\/02\/Screenshot-2026-02-22-at-2.25.03-PM.png\",\"contentUrl\":\"https:\/\/easyliferobo.com\/de\/wp-content\/uploads\/2026\/02\/Screenshot-2026-02-22-at-2.25.03-PM.png\",\"width\":1858,\"height\":430,\"caption\":\"EasyLifeBro\"},\"image\":{\"@id\":\"https:\/\/easyliferobo.com\/de\/#\/schema\/logo\/image\/\"}}]}<\/script>\n<!-- \/ Yoast SEO plugin. -->","yoast_head_json":{"title":"Dpofirs Interaktiver KI-Begleitroboter f\u00fcr Kinder, KI-Desktop-Roboter-Begleiter, Sprachinteraktion, Technologie- und Gadget-Geschenk, elektronische Haustiere - EasyLifeBro","description":"Entdecken Sie smarte Roboter f\u00fcr Zuhause, Garten, Bildung und Sicherheit. Vergleichen Sie Saugroboter, Rasenm\u00e4hroboter, KI-Begleitroboter und mehr bei EasyLifeRobo.","robots":{"index":"index","follow":"follow","max-snippet":"max-snippet:-1","max-image-preview":"max-image-preview:large","max-video-preview":"max-video-preview:-1"},"canonical":"https:\/\/easyliferobo.com\/de\/product\/dpofirs-interaktiver-ki-begleitroboter-fuer-kinder-ki-desktop-roboter-begleiter-sprachinteraktion-technologie-und-gadget-geschenk-elektronische-haustiere\/","og_locale":"de_DE","og_type":"article","og_title":"Dpofirs Interaktiver KI-Begleitroboter f\u00fcr Kinder, KI-Desktop-Roboter-Begleiter, Sprachinteraktion, Technologie- und Gadget-Geschenk, elektronische Haustiere - EasyLifeBro","og_description":"Entdecken Sie smarte Roboter f\u00fcr Zuhause, Garten, Bildung und Sicherheit. Vergleichen Sie Saugroboter, Rasenm\u00e4hroboter, KI-Begleitroboter und mehr bei EasyLifeRobo.","og_url":"https:\/\/easyliferobo.com\/de\/product\/dpofirs-interaktiver-ki-begleitroboter-fuer-kinder-ki-desktop-roboter-begleiter-sprachinteraktion-technologie-und-gadget-geschenk-elektronische-haustiere\/","og_site_name":"EasyLifeBro","article_modified_time":"2026-02-27T11:22:47+00:00","og_image":[{"url":"https:\/\/images-na.ssl-images-amazon.com\/images\/G\/01\/x-locale\/common\/grey-pixel.gif","type":"","width":"","height":""}],"twitter_card":"summary_large_image","twitter_misc":{"Gesch\u00e4tzte Lesezeit":"2\u00a0Minuten"},"schema":{"@context":"https:\/\/schema.org","@graph":[{"@type":"WebPage","@id":"https:\/\/easyliferobo.com\/de\/product\/dpofirs-interaktiver-ki-begleitroboter-fuer-kinder-ki-desktop-roboter-begleiter-sprachinteraktion-technologie-und-gadget-geschenk-elektronische-haustiere\/","url":"https:\/\/easyliferobo.com\/de\/product\/dpofirs-interaktiver-ki-begleitroboter-fuer-kinder-ki-desktop-roboter-begleiter-sprachinteraktion-technologie-und-gadget-geschenk-elektronische-haustiere\/","name":"Dpofirs Interaktiver KI-Begleitroboter f\u00fcr Kinder, KI-Desktop-Roboter-Begleiter, Sprachinteraktion, Technologie- und Gadget-Geschenk, elektronische Haustiere - EasyLifeBro","isPartOf":{"@id":"https:\/\/easyliferobo.com\/de\/#website"},"primaryImageOfPage":{"@id":"https:\/\/easyliferobo.com\/de\/product\/dpofirs-interaktiver-ki-begleitroboter-fuer-kinder-ki-desktop-roboter-begleiter-sprachinteraktion-technologie-und-gadget-geschenk-elektronische-haustiere\/#primaryimage"},"image":{"@id":"https:\/\/easyliferobo.com\/de\/product\/dpofirs-interaktiver-ki-begleitroboter-fuer-kinder-ki-desktop-roboter-begleiter-sprachinteraktion-technologie-und-gadget-geschenk-elektronische-haustiere\/#primaryimage"},"thumbnailUrl":"https:\/\/easyliferobo.com\/de\/wp-content\/uploads\/2026\/02\/6150H9PQy0L._AC_SL1500_.jpg","datePublished":"2026-02-27T11:22:28+00:00","dateModified":"2026-02-27T11:22:47+00:00","description":"Entdecken Sie smarte Roboter f\u00fcr Zuhause, Garten, Bildung und Sicherheit. Vergleichen Sie Saugroboter, Rasenm\u00e4hroboter, KI-Begleitroboter und mehr bei EasyLifeRobo.","breadcrumb":{"@id":"https:\/\/easyliferobo.com\/de\/product\/dpofirs-interaktiver-ki-begleitroboter-fuer-kinder-ki-desktop-roboter-begleiter-sprachinteraktion-technologie-und-gadget-geschenk-elektronische-haustiere\/#breadcrumb"},"inLanguage":"de","potentialAction":[{"@type":"ReadAction","target":["https:\/\/easyliferobo.com\/de\/product\/dpofirs-interaktiver-ki-begleitroboter-fuer-kinder-ki-desktop-roboter-begleiter-sprachinteraktion-technologie-und-gadget-geschenk-elektronische-haustiere\/"]}]},{"@type":"ImageObject","inLanguage":"de","@id":"https:\/\/easyliferobo.com\/de\/product\/dpofirs-interaktiver-ki-begleitroboter-fuer-kinder-ki-desktop-roboter-begleiter-sprachinteraktion-technologie-und-gadget-geschenk-elektronische-haustiere\/#primaryimage","url":"https:\/\/easyliferobo.com\/de\/wp-content\/uploads\/2026\/02\/6150H9PQy0L._AC_SL1500_.jpg","contentUrl":"https:\/\/easyliferobo.com\/de\/wp-content\/uploads\/2026\/02\/6150H9PQy0L._AC_SL1500_.jpg","width":1313,"height":1436},{"@type":"BreadcrumbList","@id":"https:\/\/easyliferobo.com\/de\/product\/dpofirs-interaktiver-ki-begleitroboter-fuer-kinder-ki-desktop-roboter-begleiter-sprachinteraktion-technologie-und-gadget-geschenk-elektronische-haustiere\/#breadcrumb","itemListElement":[{"@type":"ListItem","position":1,"name":"Home","item":"https:\/\/easyliferobo.com\/de\/"},{"@type":"ListItem","position":2,"name":"Shop","item":"https:\/\/easyliferobo.com\/de\/shop\/"},{"@type":"ListItem","position":3,"name":"Dpofirs Interaktiver KI-Begleitrobo..."}]},{"@type":"WebSite","@id":"https:\/\/easyliferobo.com\/de\/#website","url":"https:\/\/easyliferobo.com\/de\/","name":"EasyLifeBro","description":"Smarte Roboter f\u00fcr Zuhause, Garten &amp; Bildung","publisher":{"@id":"https:\/\/easyliferobo.com\/de\/#organization"},"potentialAction":[{"@type":"SearchAction","target":{"@type":"EntryPoint","urlTemplate":"https:\/\/easyliferobo.com\/de\/?s={search_term_string}"},"query-input":{"@type":"PropertyValueSpecification","valueRequired":true,"valueName":"search_term_string"}}],"inLanguage":"de"},{"@type":"Organization","@id":"https:\/\/easyliferobo.com\/de\/#organization","name":"EasyLifeBro","url":"https:\/\/easyliferobo.com\/de\/","logo":{"@type":"ImageObject","inLanguage":"de","@id":"https:\/\/easyliferobo.com\/de\/#\/schema\/logo\/image\/","url":"https:\/\/easyliferobo.com\/de\/wp-content\/uploads\/2026\/02\/Screenshot-2026-02-22-at-2.25.03-PM.png","contentUrl":"https:\/\/easyliferobo.com\/de\/wp-content\/uploads\/2026\/02\/Screenshot-2026-02-22-at-2.25.03-PM.png","width":1858,"height":430,"caption":"EasyLifeBro"},"image":{"@id":"https:\/\/easyliferobo.com\/de\/#\/schema\/logo\/image\/"}}]}},"_links":{"self":[{"href":"https:\/\/easyliferobo.com\/de\/wp-json\/wp\/v2\/product\/4222","targetHints":{"allow":["GET"]}}],"collection":[{"href":"https:\/\/easyliferobo.com\/de\/wp-json\/wp\/v2\/product"}],"about":[{"href":"https:\/\/easyliferobo.com\/de\/wp-json\/wp\/v2\/types\/product"}],"replies":[{"embeddable":true,"href":"https:\/\/easyliferobo.com\/de\/wp-json\/wp\/v2\/comments?post=4222"}],"wp:featuredmedia":[{"embeddable":true,"href":"https:\/\/easyliferobo.com\/de\/wp-json\/wp\/v2\/media\/4223"}],"wp:attachment":[{"href":"https:\/\/easyliferobo.com\/de\/wp-json\/wp\/v2\/media?parent=4222"}],"wp:term":[{"taxonomy":"store","embeddable":true,"href":"https:\/\/easyliferobo.com\/de\/wp-json\/wp\/v2\/store?post=4222"},{"taxonomy":"product_brand","embeddable":true,"href":"https:\/\/easyliferobo.com\/de\/wp-json\/wp\/v2\/product_brand?post=4222"},{"taxonomy":"product_cat","embeddable":true,"href":"https:\/\/easyliferobo.com\/de\/wp-json\/wp\/v2\/product_cat?post=4222"},{"taxonomy":"product_tag","embeddable":true,"href":"https:\/\/easyliferobo.com\/de\/wp-json\/wp\/v2\/product_tag?post=4222"}],"curies":[{"name":"wp","href":"https:\/\/api.w.org\/{rel}","templated":true}]}}