
{"id":4219,"date":"2026-02-27T11:19:50","date_gmt":"2026-02-27T11:19:50","guid":{"rendered":"https:\/\/easyliferobo.com\/de\/product\/wuffy-robot-puppy-realistischer-ki-robot-dog-puppy-plueschhund-das-original\/"},"modified":"2026-02-27T11:19:54","modified_gmt":"2026-02-27T11:19:54","slug":"wuffy-robot-puppy-realistischer-ki-robot-dog-puppy-plueschhund-das-original","status":"publish","type":"product","link":"https:\/\/easyliferobo.com\/de\/product\/wuffy-robot-puppy-realistischer-ki-robot-dog-puppy-plueschhund-das-original\/","title":{"rendered":"Wuffy Robot Puppy \u2013 Realistischer..."},"content":{"rendered":"<p><span class=\"a-text-bold\">Wuffy\u2122 Robot Puppy \u2013 Der s\u00fc\u00dfeste Welpe zum Lieben!<\/span><br \/><span>Erleben Sie interaktiven Spielspa\u00df mit dem realistischen Roboter-Hundewelpen im Pl\u00fcschdesign. Wuffy reagiert auf Gef\u00fchle, bewegt sich wie ein echter kleiner Hund und bereitet Kindern und der ganzen Familie Freude. <\/span><br \/><span class=\"a-text-bold\">Ihre Highlights:<\/span><br \/><span class=\"a-text-bold\">Realistischer Roboterwelpe mit Pl\u00fcschschaf<\/span><span><br \/><\/span><span class=\"a-text-bold\">Interaktiv &#038; lebensecht \u2013 reagiert beim Spielen<\/span><span><br \/><\/span><span class=\"a-text-bold\">Perfekt als Geschenk f\u00fcr Kinder &#038; Tierfreunde<\/span><span><br \/><\/span><span class=\"a-text-bold\">Kuschelig, kompakt &#038; sofort lesebereit<br \/><\/span><span class=\"a-text-bold\">DAS ORIGINAL \u2013 nur von Wuffy\u2122<\/span><\/p>\n<p class=\"a-text-bold\">\n<p class=\"a-text-bold\"><span class=\"a-text-bold\">Wuffy\u2122 \u2013 dein neuer bester Freund zum Spielen, Kuscheln und Staunen! <\/span><br \/>Realistischer Roboterwelpe mit Pl\u00fcschfell<br \/>Interaktiv und lebensecht \u2013 reagiert beim Spielen<br \/>Perfekt als Geschenk f\u00fcr Kinder und Tierliebhaber<br \/>Kuschelig, kompakt und sofort einsatzbereit<br \/>Das Original \u2013 nur von Wuffy<\/p>\n<p>[ad_2]<\/p>\n","protected":false},"excerpt":{"rendered":"<p>Wuffy\u2122 Robot Puppy \u2013 Der s\u00fc\u00dfeste Welpe zum Lieben!Erleben Sie interaktiven Spielspa\u00df mit dem realistischen Roboter-Hundewelpen im Pl\u00fcschdesign. Wuffy reagiert auf Gef\u00fchle, bewegt sich wie ein echter kleiner Hund und bereitet Kindern und der ganzen Familie Freude. Ihre Highlights:Realistischer Roboterwelpe mit Pl\u00fcschschafInteraktiv &#038; lebensecht \u2013 reagiert beim SpielenPerfekt als Geschenk f\u00fcr Kinder &#038; TierfreundeKuschelig, kompakt [&hellip;]<\/p>\n","protected":false},"featured_media":4220,"comment_status":"open","ping_status":"closed","template":"","meta":{"_aipt_faq_data":""},"store":[],"product_brand":[449],"product_cat":[94],"product_tag":[128],"class_list":{"0":"post-4219","1":"product","2":"type-product","3":"status-publish","4":"has-post-thumbnail","6":"product_brand-mavura","7":"product_cat-roboter-haustiere","8":"product_tag-roboter-haustiere-interaktive-spielzeug","10":"first","11":"instock","12":"shipping-taxable","13":"product-type-external"},"yoast_head":"<!-- This site is optimized with the Yoast SEO plugin v27.4 - https:\/\/yoast.com\/product\/yoast-seo-wordpress\/ -->\n<title>Wuffy Robot Puppy \u2013 Realistischer Ki Robot Dog Puppy Pl\u00fcschhund Das Original - EasyLifeBro<\/title>\n<meta name=\"description\" content=\"Entdecken Sie smarte Roboter f\u00fcr Zuhause, Garten, Bildung und Sicherheit. Vergleichen Sie Saugroboter, Rasenm\u00e4hroboter, KI-Begleitroboter und mehr bei EasyLifeRobo.\" \/>\n<meta name=\"robots\" content=\"index, follow, max-snippet:-1, max-image-preview:large, max-video-preview:-1\" \/>\n<link rel=\"canonical\" href=\"https:\/\/easyliferobo.com\/de\/product\/wuffy-robot-puppy-realistischer-ki-robot-dog-puppy-plueschhund-das-original\/\" \/>\n<meta property=\"og:locale\" content=\"de_DE\" \/>\n<meta property=\"og:type\" content=\"article\" \/>\n<meta property=\"og:title\" content=\"Wuffy Robot Puppy \u2013 Realistischer Ki Robot Dog Puppy Pl\u00fcschhund Das Original - EasyLifeBro\" \/>\n<meta property=\"og:description\" content=\"Entdecken Sie smarte Roboter f\u00fcr Zuhause, Garten, Bildung und Sicherheit. Vergleichen Sie Saugroboter, Rasenm\u00e4hroboter, KI-Begleitroboter und mehr bei EasyLifeRobo.\" \/>\n<meta property=\"og:url\" content=\"https:\/\/easyliferobo.com\/de\/product\/wuffy-robot-puppy-realistischer-ki-robot-dog-puppy-plueschhund-das-original\/\" \/>\n<meta property=\"og:site_name\" content=\"EasyLifeBro\" \/>\n<meta property=\"article:modified_time\" content=\"2026-02-27T11:19:54+00:00\" \/>\n<meta name=\"twitter:card\" content=\"summary_large_image\" \/>\n<meta name=\"twitter:label1\" content=\"Gesch\u00e4tzte Lesezeit\" \/>\n\t<meta name=\"twitter:data1\" content=\"1\u00a0Minute\" \/>\n<script type=\"application\/ld+json\" class=\"yoast-schema-graph\">{\"@context\":\"https:\\\/\\\/schema.org\",\"@graph\":[{\"@type\":\"WebPage\",\"@id\":\"https:\\\/\\\/easyliferobo.com\\\/de\\\/product\\\/wuffy-robot-puppy-realistischer-ki-robot-dog-puppy-plueschhund-das-original\\\/\",\"url\":\"https:\\\/\\\/easyliferobo.com\\\/de\\\/product\\\/wuffy-robot-puppy-realistischer-ki-robot-dog-puppy-plueschhund-das-original\\\/\",\"name\":\"Wuffy Robot Puppy \u2013 Realistischer Ki Robot Dog Puppy Pl\u00fcschhund Das Original - EasyLifeBro\",\"isPartOf\":{\"@id\":\"https:\\\/\\\/easyliferobo.com\\\/de\\\/#website\"},\"primaryImageOfPage\":{\"@id\":\"https:\\\/\\\/easyliferobo.com\\\/de\\\/product\\\/wuffy-robot-puppy-realistischer-ki-robot-dog-puppy-plueschhund-das-original\\\/#primaryimage\"},\"image\":{\"@id\":\"https:\\\/\\\/easyliferobo.com\\\/de\\\/product\\\/wuffy-robot-puppy-realistischer-ki-robot-dog-puppy-plueschhund-das-original\\\/#primaryimage\"},\"thumbnailUrl\":\"https:\\\/\\\/easyliferobo.com\\\/de\\\/wp-content\\\/uploads\\\/2026\\\/02\\\/51nYTfAzMQL._AC_SL1024_.jpg\",\"datePublished\":\"2026-02-27T11:19:50+00:00\",\"dateModified\":\"2026-02-27T11:19:54+00:00\",\"description\":\"Entdecken Sie smarte Roboter f\u00fcr Zuhause, Garten, Bildung und Sicherheit. Vergleichen Sie Saugroboter, Rasenm\u00e4hroboter, KI-Begleitroboter und mehr bei EasyLifeRobo.\",\"breadcrumb\":{\"@id\":\"https:\\\/\\\/easyliferobo.com\\\/de\\\/product\\\/wuffy-robot-puppy-realistischer-ki-robot-dog-puppy-plueschhund-das-original\\\/#breadcrumb\"},\"inLanguage\":\"de\",\"potentialAction\":[{\"@type\":\"ReadAction\",\"target\":[\"https:\\\/\\\/easyliferobo.com\\\/de\\\/product\\\/wuffy-robot-puppy-realistischer-ki-robot-dog-puppy-plueschhund-das-original\\\/\"]}]},{\"@type\":\"ImageObject\",\"inLanguage\":\"de\",\"@id\":\"https:\\\/\\\/easyliferobo.com\\\/de\\\/product\\\/wuffy-robot-puppy-realistischer-ki-robot-dog-puppy-plueschhund-das-original\\\/#primaryimage\",\"url\":\"https:\\\/\\\/easyliferobo.com\\\/de\\\/wp-content\\\/uploads\\\/2026\\\/02\\\/51nYTfAzMQL._AC_SL1024_.jpg\",\"contentUrl\":\"https:\\\/\\\/easyliferobo.com\\\/de\\\/wp-content\\\/uploads\\\/2026\\\/02\\\/51nYTfAzMQL._AC_SL1024_.jpg\",\"width\":940,\"height\":870},{\"@type\":\"BreadcrumbList\",\"@id\":\"https:\\\/\\\/easyliferobo.com\\\/de\\\/product\\\/wuffy-robot-puppy-realistischer-ki-robot-dog-puppy-plueschhund-das-original\\\/#breadcrumb\",\"itemListElement\":[{\"@type\":\"ListItem\",\"position\":1,\"name\":\"Home\",\"item\":\"https:\\\/\\\/easyliferobo.com\\\/de\\\/\"},{\"@type\":\"ListItem\",\"position\":2,\"name\":\"Shop\",\"item\":\"https:\\\/\\\/easyliferobo.com\\\/de\\\/shop\\\/\"},{\"@type\":\"ListItem\",\"position\":3,\"name\":\"Wuffy Robot Puppy \u2013 Realistischer...\"}]},{\"@type\":\"WebSite\",\"@id\":\"https:\\\/\\\/easyliferobo.com\\\/de\\\/#website\",\"url\":\"https:\\\/\\\/easyliferobo.com\\\/de\\\/\",\"name\":\"EasyLifeBro\",\"description\":\"Smarte Roboter f\u00fcr Zuhause, Garten &amp; Bildung\",\"publisher\":{\"@id\":\"https:\\\/\\\/easyliferobo.com\\\/de\\\/#organization\"},\"potentialAction\":[{\"@type\":\"SearchAction\",\"target\":{\"@type\":\"EntryPoint\",\"urlTemplate\":\"https:\\\/\\\/easyliferobo.com\\\/de\\\/?s={search_term_string}\"},\"query-input\":{\"@type\":\"PropertyValueSpecification\",\"valueRequired\":true,\"valueName\":\"search_term_string\"}}],\"inLanguage\":\"de\"},{\"@type\":\"Organization\",\"@id\":\"https:\\\/\\\/easyliferobo.com\\\/de\\\/#organization\",\"name\":\"EasyLifeBro\",\"url\":\"https:\\\/\\\/easyliferobo.com\\\/de\\\/\",\"logo\":{\"@type\":\"ImageObject\",\"inLanguage\":\"de\",\"@id\":\"https:\\\/\\\/easyliferobo.com\\\/de\\\/#\\\/schema\\\/logo\\\/image\\\/\",\"url\":\"https:\\\/\\\/easyliferobo.com\\\/de\\\/wp-content\\\/uploads\\\/2026\\\/02\\\/Screenshot-2026-02-22-at-2.25.03-PM.png\",\"contentUrl\":\"https:\\\/\\\/easyliferobo.com\\\/de\\\/wp-content\\\/uploads\\\/2026\\\/02\\\/Screenshot-2026-02-22-at-2.25.03-PM.png\",\"width\":1858,\"height\":430,\"caption\":\"EasyLifeBro\"},\"image\":{\"@id\":\"https:\\\/\\\/easyliferobo.com\\\/de\\\/#\\\/schema\\\/logo\\\/image\\\/\"}}]}<\/script>\n<!-- \/ Yoast SEO plugin. -->","yoast_head_json":{"title":"Wuffy Robot Puppy \u2013 Realistischer Ki Robot Dog Puppy Pl\u00fcschhund Das Original - EasyLifeBro","description":"Entdecken Sie smarte Roboter f\u00fcr Zuhause, Garten, Bildung und Sicherheit. Vergleichen Sie Saugroboter, Rasenm\u00e4hroboter, KI-Begleitroboter und mehr bei EasyLifeRobo.","robots":{"index":"index","follow":"follow","max-snippet":"max-snippet:-1","max-image-preview":"max-image-preview:large","max-video-preview":"max-video-preview:-1"},"canonical":"https:\/\/easyliferobo.com\/de\/product\/wuffy-robot-puppy-realistischer-ki-robot-dog-puppy-plueschhund-das-original\/","og_locale":"de_DE","og_type":"article","og_title":"Wuffy Robot Puppy \u2013 Realistischer Ki Robot Dog Puppy Pl\u00fcschhund Das Original - EasyLifeBro","og_description":"Entdecken Sie smarte Roboter f\u00fcr Zuhause, Garten, Bildung und Sicherheit. Vergleichen Sie Saugroboter, Rasenm\u00e4hroboter, KI-Begleitroboter und mehr bei EasyLifeRobo.","og_url":"https:\/\/easyliferobo.com\/de\/product\/wuffy-robot-puppy-realistischer-ki-robot-dog-puppy-plueschhund-das-original\/","og_site_name":"EasyLifeBro","article_modified_time":"2026-02-27T11:19:54+00:00","twitter_card":"summary_large_image","twitter_misc":{"Gesch\u00e4tzte Lesezeit":"1\u00a0Minute"},"schema":{"@context":"https:\/\/schema.org","@graph":[{"@type":"WebPage","@id":"https:\/\/easyliferobo.com\/de\/product\/wuffy-robot-puppy-realistischer-ki-robot-dog-puppy-plueschhund-das-original\/","url":"https:\/\/easyliferobo.com\/de\/product\/wuffy-robot-puppy-realistischer-ki-robot-dog-puppy-plueschhund-das-original\/","name":"Wuffy Robot Puppy \u2013 Realistischer Ki Robot Dog Puppy Pl\u00fcschhund Das Original - EasyLifeBro","isPartOf":{"@id":"https:\/\/easyliferobo.com\/de\/#website"},"primaryImageOfPage":{"@id":"https:\/\/easyliferobo.com\/de\/product\/wuffy-robot-puppy-realistischer-ki-robot-dog-puppy-plueschhund-das-original\/#primaryimage"},"image":{"@id":"https:\/\/easyliferobo.com\/de\/product\/wuffy-robot-puppy-realistischer-ki-robot-dog-puppy-plueschhund-das-original\/#primaryimage"},"thumbnailUrl":"https:\/\/easyliferobo.com\/de\/wp-content\/uploads\/2026\/02\/51nYTfAzMQL._AC_SL1024_.jpg","datePublished":"2026-02-27T11:19:50+00:00","dateModified":"2026-02-27T11:19:54+00:00","description":"Entdecken Sie smarte Roboter f\u00fcr Zuhause, Garten, Bildung und Sicherheit. Vergleichen Sie Saugroboter, Rasenm\u00e4hroboter, KI-Begleitroboter und mehr bei EasyLifeRobo.","breadcrumb":{"@id":"https:\/\/easyliferobo.com\/de\/product\/wuffy-robot-puppy-realistischer-ki-robot-dog-puppy-plueschhund-das-original\/#breadcrumb"},"inLanguage":"de","potentialAction":[{"@type":"ReadAction","target":["https:\/\/easyliferobo.com\/de\/product\/wuffy-robot-puppy-realistischer-ki-robot-dog-puppy-plueschhund-das-original\/"]}]},{"@type":"ImageObject","inLanguage":"de","@id":"https:\/\/easyliferobo.com\/de\/product\/wuffy-robot-puppy-realistischer-ki-robot-dog-puppy-plueschhund-das-original\/#primaryimage","url":"https:\/\/easyliferobo.com\/de\/wp-content\/uploads\/2026\/02\/51nYTfAzMQL._AC_SL1024_.jpg","contentUrl":"https:\/\/easyliferobo.com\/de\/wp-content\/uploads\/2026\/02\/51nYTfAzMQL._AC_SL1024_.jpg","width":940,"height":870},{"@type":"BreadcrumbList","@id":"https:\/\/easyliferobo.com\/de\/product\/wuffy-robot-puppy-realistischer-ki-robot-dog-puppy-plueschhund-das-original\/#breadcrumb","itemListElement":[{"@type":"ListItem","position":1,"name":"Home","item":"https:\/\/easyliferobo.com\/de\/"},{"@type":"ListItem","position":2,"name":"Shop","item":"https:\/\/easyliferobo.com\/de\/shop\/"},{"@type":"ListItem","position":3,"name":"Wuffy Robot Puppy \u2013 Realistischer..."}]},{"@type":"WebSite","@id":"https:\/\/easyliferobo.com\/de\/#website","url":"https:\/\/easyliferobo.com\/de\/","name":"EasyLifeBro","description":"Smarte Roboter f\u00fcr Zuhause, Garten &amp; Bildung","publisher":{"@id":"https:\/\/easyliferobo.com\/de\/#organization"},"potentialAction":[{"@type":"SearchAction","target":{"@type":"EntryPoint","urlTemplate":"https:\/\/easyliferobo.com\/de\/?s={search_term_string}"},"query-input":{"@type":"PropertyValueSpecification","valueRequired":true,"valueName":"search_term_string"}}],"inLanguage":"de"},{"@type":"Organization","@id":"https:\/\/easyliferobo.com\/de\/#organization","name":"EasyLifeBro","url":"https:\/\/easyliferobo.com\/de\/","logo":{"@type":"ImageObject","inLanguage":"de","@id":"https:\/\/easyliferobo.com\/de\/#\/schema\/logo\/image\/","url":"https:\/\/easyliferobo.com\/de\/wp-content\/uploads\/2026\/02\/Screenshot-2026-02-22-at-2.25.03-PM.png","contentUrl":"https:\/\/easyliferobo.com\/de\/wp-content\/uploads\/2026\/02\/Screenshot-2026-02-22-at-2.25.03-PM.png","width":1858,"height":430,"caption":"EasyLifeBro"},"image":{"@id":"https:\/\/easyliferobo.com\/de\/#\/schema\/logo\/image\/"}}]}},"_links":{"self":[{"href":"https:\/\/easyliferobo.com\/de\/wp-json\/wp\/v2\/product\/4219","targetHints":{"allow":["GET"]}}],"collection":[{"href":"https:\/\/easyliferobo.com\/de\/wp-json\/wp\/v2\/product"}],"about":[{"href":"https:\/\/easyliferobo.com\/de\/wp-json\/wp\/v2\/types\/product"}],"replies":[{"embeddable":true,"href":"https:\/\/easyliferobo.com\/de\/wp-json\/wp\/v2\/comments?post=4219"}],"wp:featuredmedia":[{"embeddable":true,"href":"https:\/\/easyliferobo.com\/de\/wp-json\/wp\/v2\/media\/4220"}],"wp:attachment":[{"href":"https:\/\/easyliferobo.com\/de\/wp-json\/wp\/v2\/media?parent=4219"}],"wp:term":[{"taxonomy":"store","embeddable":true,"href":"https:\/\/easyliferobo.com\/de\/wp-json\/wp\/v2\/store?post=4219"},{"taxonomy":"product_brand","embeddable":true,"href":"https:\/\/easyliferobo.com\/de\/wp-json\/wp\/v2\/product_brand?post=4219"},{"taxonomy":"product_cat","embeddable":true,"href":"https:\/\/easyliferobo.com\/de\/wp-json\/wp\/v2\/product_cat?post=4219"},{"taxonomy":"product_tag","embeddable":true,"href":"https:\/\/easyliferobo.com\/de\/wp-json\/wp\/v2\/product_tag?post=4219"}],"curies":[{"name":"wp","href":"https:\/\/api.w.org\/{rel}","templated":true}]}}