
{"id":4204,"date":"2026-02-27T11:14:51","date_gmt":"2026-02-27T11:14:51","guid":{"rendered":"https:\/\/easyliferobo.com\/de\/product\/generisch-rehabilitationsroboterhandschuh-1-9-stufen-verstellbare-hand-rehabilitationshilfe-fuer-schlaganfallpatienten-zur-linderung-von-steifheit-kraftlosigkeit-rechte-hand-mittel\/"},"modified":"2026-02-27T11:15:12","modified_gmt":"2026-02-27T11:15:12","slug":"generisch-rehabilitationsroboterhandschuh-1-9-stufen-verstellbare-hand-rehabilitationshilfe-fuer-schlaganfallpatienten-zur-linderung-von-steifheit-kraftlosigkeit-rechte-hand-mittel","status":"publish","type":"product","link":"https:\/\/easyliferobo.com\/de\/product\/generisch-rehabilitationsroboterhandschuh-1-9-stufen-verstellbare-hand-rehabilitationshilfe-fuer-schlaganfallpatienten-zur-linderung-von-steifheit-kraftlosigkeit-rechte-hand-mittel\/","title":{"rendered":"Generisch Rehabilitationsroboterhan..."},"content":{"rendered":"<p>    <span>Dieses fortschrittliche Rehabilitationsger\u00e4t bietet 1-9 einstellbare Intensit\u00e4tsstufen, sodass Sie jede Trainingseinheit individuell an Ihre Bed\u00fcrfnisse und Fortschritte anpassen k\u00f6nnen.<br \/>NEUE MERKMALE DER RECOVERY HANDSCHUHE 2025:<br \/> &#8211; Neuer, verbesserter, flexibler Pneumatikschlauch f\u00fcr hohe Belastbarkeit<br \/> &#8211; Atmungsaktives und nicht klebriges Lycra-Gewebe<br \/> &#8211; Hochaufl\u00f6sendes Display f\u00fcr einfache Bedienung<br \/> &#8211; Handschuhe mit bionischer Gelenksteuerung f\u00fcr automatisches Training<br \/> &#8211; Intelligenter Chip f\u00fcr sicheren und stabilen Betrieb<br \/> &#8211; Training mit einem, zwei oder mehreren Fingern<br \/> &#8211; Wei\u00dfes Ventil, je nach Bedarf zu \u00f6ffnen oder zu schlie\u00dfen<br \/> &#8211; Spiegelmodus: Die gesunde Hand steuert die betroffene Hand<br \/>PRODUKTSPEZIFIKATIONEN:<br \/> Produktname: Fingertrainingsger\u00e4t<br \/> Produktgr\u00f6\u00dfe: L 135 \u00d7 B 115 \u00d7 H 57 mm<br \/> Produktgewicht: Hauptger\u00e4t 400 g, Handschuhe ca. 200 g<br \/> Produktfunktion: Unterst\u00fctzung von Hand\u00fcbungen. Ausgang: 5 V\/2 A<br \/> Akkukapazit\u00e4t: 5300 mAh<br \/> Empfohlene Anwendung: 2-3 Mal t\u00e4glich, jeweils 20 Minuten<br \/>LIEFERUMFANG:<br \/> Rehabilitationshandschuhe x1<br \/> Spiegelhandschuhe x1<br \/> Hauptger\u00e4t x1<br \/> Hilfsgurt x1<br \/> Netzstecker x1<br \/> Trainingsball x1<br \/> Bedienungsanleitung x1<br \/>GEEIGNET F\u00dcR:<br \/> Patienten, deren Fingergelenke sich nach einer Verletzung erholt haben.<br \/> Schlaganfall, Hirnverletzung, Zerebralparese, R\u00fcckenmarksverletzung, orthop\u00e4dische Operation,<br \/> Folgeerscheinungen von Handfunktionsst\u00f6rungen infolge von Multipler Sklerose.<\/span>    <br \/>HANDGRIFFTRAINING: Rehabilitationshandschuhe. Dank intelligenter Handgreifsimulationstechnologie k\u00f6nnen Streckung, Beugung und andere Aktionen nachgebildet werden, um Handkr\u00e4mpfe, Steifheit und andere Probleme zu lindern.<br \/>MEHRMODUS-TRAINING: Die Rehabilitationshandschuhe bieten einen automatischen Trainingsmodus, einen Spiegel-Trainingsmodus und einen Finger-Trainingsmodus. Sie k\u00f6nnen w\u00e4hrend des Trainingsprozesses je nach Bedarf frei zwischen den Modi wechseln.<br \/>SPLIT-FINGER-TRAINING: Mit diesem Rehabilitationshandschuh k\u00f6nnen Sie schwache oder spastische Finger effektiv trainieren und die Griffkraft Ihrer Finger verbessern. Dank des innovativen Drehschalters ist ein gezielteres und effektiveres Training m\u00f6glich.<br \/>INTEGRIERTER TOUCHSCREEN-CONTROLLER: Die Einstellung der Intensit\u00e4tsstufen ist einfach und bequem, unsere Rehabilitationsroboterhandschuhe eignen sich f\u00fcr \u00e4ltere Menschen und erm\u00f6glichen ein einfaches Aufladen, wodurch sie ideal f\u00fcr den Heimgebrauch sind.<br \/>ANWENDBARKEIT: Geeignet f\u00fcr Patienten mit Halbseitenl\u00e4hmung und Funktionsst\u00f6rungen; Trainiert Handgelenk und Finger, verbessert die Muskelkraft, lindert effektiv H\u00e4ndeerm\u00fcdung, Fingergelenksteife und Schmerzen und korrigiert Kontrakturen.<\/p>\n<p>[ad_2]<\/p>\n","protected":false},"excerpt":{"rendered":"<p>Dieses fortschrittliche Rehabilitationsger\u00e4t bietet 1-9 einstellbare Intensit\u00e4tsstufen, sodass Sie jede Trainingseinheit individuell an Ihre Bed\u00fcrfnisse und Fortschritte anpassen k\u00f6nnen.NEUE MERKMALE DER RECOVERY HANDSCHUHE 2025: &#8211; Neuer, verbesserter, flexibler Pneumatikschlauch f\u00fcr hohe Belastbarkeit &#8211; Atmungsaktives und nicht klebriges Lycra-Gewebe &#8211; Hochaufl\u00f6sendes Display f\u00fcr einfache Bedienung &#8211; Handschuhe mit bionischer Gelenksteuerung f\u00fcr automatisches Training &#8211; Intelligenter Chip [&hellip;]<\/p>\n","protected":false},"featured_media":4205,"comment_status":"open","ping_status":"closed","template":"","meta":{"_aipt_faq_data":""},"store":[],"product_brand":[276],"product_cat":[96],"product_tag":[275],"class_list":{"0":"post-4204","1":"product","2":"type-product","3":"status-publish","4":"has-post-thumbnail","6":"product_brand-generisch","7":"product_cat-senioren-begleitroboter","8":"product_tag-senioren-begleitroboter-zur-alltagshilfe","10":"first","11":"instock","12":"shipping-taxable","13":"product-type-external"},"yoast_head":"<!-- This site is optimized with the Yoast SEO plugin v27.4 - https:\/\/yoast.com\/product\/yoast-seo-wordpress\/ -->\n<title>Generisch Rehabilitationsroboterhandschuh, 1-9 Stufen verstellbare Hand-Rehabilitationshilfe f\u00fcr Schlaganfallpatienten, zur Linderung von Steifheit\/Kraftlosigkeit (rechte Hand, mittel) - EasyLifeBro<\/title>\n<meta name=\"description\" content=\"Entdecken Sie smarte Roboter f\u00fcr Zuhause, Garten, Bildung und Sicherheit. Vergleichen Sie Saugroboter, Rasenm\u00e4hroboter, KI-Begleitroboter und mehr bei EasyLifeRobo.\" \/>\n<meta name=\"robots\" content=\"index, follow, max-snippet:-1, max-image-preview:large, max-video-preview:-1\" \/>\n<link rel=\"canonical\" href=\"https:\/\/easyliferobo.com\/de\/product\/generisch-rehabilitationsroboterhandschuh-1-9-stufen-verstellbare-hand-rehabilitationshilfe-fuer-schlaganfallpatienten-zur-linderung-von-steifheit-kraftlosigkeit-rechte-hand-mittel\/\" \/>\n<meta property=\"og:locale\" content=\"de_DE\" \/>\n<meta property=\"og:type\" content=\"article\" \/>\n<meta property=\"og:title\" content=\"Generisch Rehabilitationsroboterhandschuh, 1-9 Stufen verstellbare Hand-Rehabilitationshilfe f\u00fcr Schlaganfallpatienten, zur Linderung von Steifheit\/Kraftlosigkeit (rechte Hand, mittel) - EasyLifeBro\" \/>\n<meta property=\"og:description\" content=\"Entdecken Sie smarte Roboter f\u00fcr Zuhause, Garten, Bildung und Sicherheit. Vergleichen Sie Saugroboter, Rasenm\u00e4hroboter, KI-Begleitroboter und mehr bei EasyLifeRobo.\" \/>\n<meta property=\"og:url\" content=\"https:\/\/easyliferobo.com\/de\/product\/generisch-rehabilitationsroboterhandschuh-1-9-stufen-verstellbare-hand-rehabilitationshilfe-fuer-schlaganfallpatienten-zur-linderung-von-steifheit-kraftlosigkeit-rechte-hand-mittel\/\" \/>\n<meta property=\"og:site_name\" content=\"EasyLifeBro\" \/>\n<meta property=\"article:modified_time\" content=\"2026-02-27T11:15:12+00:00\" \/>\n<meta name=\"twitter:card\" content=\"summary_large_image\" \/>\n<meta name=\"twitter:label1\" content=\"Gesch\u00e4tzte Lesezeit\" \/>\n\t<meta name=\"twitter:data1\" content=\"2\u00a0Minuten\" \/>\n<script type=\"application\/ld+json\" class=\"yoast-schema-graph\">{\"@context\":\"https:\\\/\\\/schema.org\",\"@graph\":[{\"@type\":\"WebPage\",\"@id\":\"https:\\\/\\\/easyliferobo.com\\\/de\\\/product\\\/generisch-rehabilitationsroboterhandschuh-1-9-stufen-verstellbare-hand-rehabilitationshilfe-fuer-schlaganfallpatienten-zur-linderung-von-steifheit-kraftlosigkeit-rechte-hand-mittel\\\/\",\"url\":\"https:\\\/\\\/easyliferobo.com\\\/de\\\/product\\\/generisch-rehabilitationsroboterhandschuh-1-9-stufen-verstellbare-hand-rehabilitationshilfe-fuer-schlaganfallpatienten-zur-linderung-von-steifheit-kraftlosigkeit-rechte-hand-mittel\\\/\",\"name\":\"Generisch Rehabilitationsroboterhandschuh, 1-9 Stufen verstellbare Hand-Rehabilitationshilfe f\u00fcr Schlaganfallpatienten, zur Linderung von Steifheit\\\/Kraftlosigkeit (rechte Hand, mittel) - EasyLifeBro\",\"isPartOf\":{\"@id\":\"https:\\\/\\\/easyliferobo.com\\\/de\\\/#website\"},\"primaryImageOfPage\":{\"@id\":\"https:\\\/\\\/easyliferobo.com\\\/de\\\/product\\\/generisch-rehabilitationsroboterhandschuh-1-9-stufen-verstellbare-hand-rehabilitationshilfe-fuer-schlaganfallpatienten-zur-linderung-von-steifheit-kraftlosigkeit-rechte-hand-mittel\\\/#primaryimage\"},\"image\":{\"@id\":\"https:\\\/\\\/easyliferobo.com\\\/de\\\/product\\\/generisch-rehabilitationsroboterhandschuh-1-9-stufen-verstellbare-hand-rehabilitationshilfe-fuer-schlaganfallpatienten-zur-linderung-von-steifheit-kraftlosigkeit-rechte-hand-mittel\\\/#primaryimage\"},\"thumbnailUrl\":\"https:\\\/\\\/easyliferobo.com\\\/de\\\/wp-content\\\/uploads\\\/2026\\\/02\\\/71DCGyZJtFL._AC_SL1500_.jpg\",\"datePublished\":\"2026-02-27T11:14:51+00:00\",\"dateModified\":\"2026-02-27T11:15:12+00:00\",\"description\":\"Entdecken Sie smarte Roboter f\u00fcr Zuhause, Garten, Bildung und Sicherheit. Vergleichen Sie Saugroboter, Rasenm\u00e4hroboter, KI-Begleitroboter und mehr bei EasyLifeRobo.\",\"breadcrumb\":{\"@id\":\"https:\\\/\\\/easyliferobo.com\\\/de\\\/product\\\/generisch-rehabilitationsroboterhandschuh-1-9-stufen-verstellbare-hand-rehabilitationshilfe-fuer-schlaganfallpatienten-zur-linderung-von-steifheit-kraftlosigkeit-rechte-hand-mittel\\\/#breadcrumb\"},\"inLanguage\":\"de\",\"potentialAction\":[{\"@type\":\"ReadAction\",\"target\":[\"https:\\\/\\\/easyliferobo.com\\\/de\\\/product\\\/generisch-rehabilitationsroboterhandschuh-1-9-stufen-verstellbare-hand-rehabilitationshilfe-fuer-schlaganfallpatienten-zur-linderung-von-steifheit-kraftlosigkeit-rechte-hand-mittel\\\/\"]}]},{\"@type\":\"ImageObject\",\"inLanguage\":\"de\",\"@id\":\"https:\\\/\\\/easyliferobo.com\\\/de\\\/product\\\/generisch-rehabilitationsroboterhandschuh-1-9-stufen-verstellbare-hand-rehabilitationshilfe-fuer-schlaganfallpatienten-zur-linderung-von-steifheit-kraftlosigkeit-rechte-hand-mittel\\\/#primaryimage\",\"url\":\"https:\\\/\\\/easyliferobo.com\\\/de\\\/wp-content\\\/uploads\\\/2026\\\/02\\\/71DCGyZJtFL._AC_SL1500_.jpg\",\"contentUrl\":\"https:\\\/\\\/easyliferobo.com\\\/de\\\/wp-content\\\/uploads\\\/2026\\\/02\\\/71DCGyZJtFL._AC_SL1500_.jpg\",\"width\":1291,\"height\":1463},{\"@type\":\"BreadcrumbList\",\"@id\":\"https:\\\/\\\/easyliferobo.com\\\/de\\\/product\\\/generisch-rehabilitationsroboterhandschuh-1-9-stufen-verstellbare-hand-rehabilitationshilfe-fuer-schlaganfallpatienten-zur-linderung-von-steifheit-kraftlosigkeit-rechte-hand-mittel\\\/#breadcrumb\",\"itemListElement\":[{\"@type\":\"ListItem\",\"position\":1,\"name\":\"Home\",\"item\":\"https:\\\/\\\/easyliferobo.com\\\/de\\\/\"},{\"@type\":\"ListItem\",\"position\":2,\"name\":\"Shop\",\"item\":\"https:\\\/\\\/easyliferobo.com\\\/de\\\/shop\\\/\"},{\"@type\":\"ListItem\",\"position\":3,\"name\":\"Generisch Rehabilitationsroboterhan...\"}]},{\"@type\":\"WebSite\",\"@id\":\"https:\\\/\\\/easyliferobo.com\\\/de\\\/#website\",\"url\":\"https:\\\/\\\/easyliferobo.com\\\/de\\\/\",\"name\":\"EasyLifeBro\",\"description\":\"Smarte Roboter f\u00fcr Zuhause, Garten &amp; Bildung\",\"publisher\":{\"@id\":\"https:\\\/\\\/easyliferobo.com\\\/de\\\/#organization\"},\"potentialAction\":[{\"@type\":\"SearchAction\",\"target\":{\"@type\":\"EntryPoint\",\"urlTemplate\":\"https:\\\/\\\/easyliferobo.com\\\/de\\\/?s={search_term_string}\"},\"query-input\":{\"@type\":\"PropertyValueSpecification\",\"valueRequired\":true,\"valueName\":\"search_term_string\"}}],\"inLanguage\":\"de\"},{\"@type\":\"Organization\",\"@id\":\"https:\\\/\\\/easyliferobo.com\\\/de\\\/#organization\",\"name\":\"EasyLifeBro\",\"url\":\"https:\\\/\\\/easyliferobo.com\\\/de\\\/\",\"logo\":{\"@type\":\"ImageObject\",\"inLanguage\":\"de\",\"@id\":\"https:\\\/\\\/easyliferobo.com\\\/de\\\/#\\\/schema\\\/logo\\\/image\\\/\",\"url\":\"https:\\\/\\\/easyliferobo.com\\\/de\\\/wp-content\\\/uploads\\\/2026\\\/02\\\/Screenshot-2026-02-22-at-2.25.03-PM.png\",\"contentUrl\":\"https:\\\/\\\/easyliferobo.com\\\/de\\\/wp-content\\\/uploads\\\/2026\\\/02\\\/Screenshot-2026-02-22-at-2.25.03-PM.png\",\"width\":1858,\"height\":430,\"caption\":\"EasyLifeBro\"},\"image\":{\"@id\":\"https:\\\/\\\/easyliferobo.com\\\/de\\\/#\\\/schema\\\/logo\\\/image\\\/\"}}]}<\/script>\n<!-- \/ Yoast SEO plugin. -->","yoast_head_json":{"title":"Generisch Rehabilitationsroboterhandschuh, 1-9 Stufen verstellbare Hand-Rehabilitationshilfe f\u00fcr Schlaganfallpatienten, zur Linderung von Steifheit\/Kraftlosigkeit (rechte Hand, mittel) - EasyLifeBro","description":"Entdecken Sie smarte Roboter f\u00fcr Zuhause, Garten, Bildung und Sicherheit. Vergleichen Sie Saugroboter, Rasenm\u00e4hroboter, KI-Begleitroboter und mehr bei EasyLifeRobo.","robots":{"index":"index","follow":"follow","max-snippet":"max-snippet:-1","max-image-preview":"max-image-preview:large","max-video-preview":"max-video-preview:-1"},"canonical":"https:\/\/easyliferobo.com\/de\/product\/generisch-rehabilitationsroboterhandschuh-1-9-stufen-verstellbare-hand-rehabilitationshilfe-fuer-schlaganfallpatienten-zur-linderung-von-steifheit-kraftlosigkeit-rechte-hand-mittel\/","og_locale":"de_DE","og_type":"article","og_title":"Generisch Rehabilitationsroboterhandschuh, 1-9 Stufen verstellbare Hand-Rehabilitationshilfe f\u00fcr Schlaganfallpatienten, zur Linderung von Steifheit\/Kraftlosigkeit (rechte Hand, mittel) - EasyLifeBro","og_description":"Entdecken Sie smarte Roboter f\u00fcr Zuhause, Garten, Bildung und Sicherheit. Vergleichen Sie Saugroboter, Rasenm\u00e4hroboter, KI-Begleitroboter und mehr bei EasyLifeRobo.","og_url":"https:\/\/easyliferobo.com\/de\/product\/generisch-rehabilitationsroboterhandschuh-1-9-stufen-verstellbare-hand-rehabilitationshilfe-fuer-schlaganfallpatienten-zur-linderung-von-steifheit-kraftlosigkeit-rechte-hand-mittel\/","og_site_name":"EasyLifeBro","article_modified_time":"2026-02-27T11:15:12+00:00","twitter_card":"summary_large_image","twitter_misc":{"Gesch\u00e4tzte Lesezeit":"2\u00a0Minuten"},"schema":{"@context":"https:\/\/schema.org","@graph":[{"@type":"WebPage","@id":"https:\/\/easyliferobo.com\/de\/product\/generisch-rehabilitationsroboterhandschuh-1-9-stufen-verstellbare-hand-rehabilitationshilfe-fuer-schlaganfallpatienten-zur-linderung-von-steifheit-kraftlosigkeit-rechte-hand-mittel\/","url":"https:\/\/easyliferobo.com\/de\/product\/generisch-rehabilitationsroboterhandschuh-1-9-stufen-verstellbare-hand-rehabilitationshilfe-fuer-schlaganfallpatienten-zur-linderung-von-steifheit-kraftlosigkeit-rechte-hand-mittel\/","name":"Generisch Rehabilitationsroboterhandschuh, 1-9 Stufen verstellbare Hand-Rehabilitationshilfe f\u00fcr Schlaganfallpatienten, zur Linderung von Steifheit\/Kraftlosigkeit (rechte Hand, mittel) - EasyLifeBro","isPartOf":{"@id":"https:\/\/easyliferobo.com\/de\/#website"},"primaryImageOfPage":{"@id":"https:\/\/easyliferobo.com\/de\/product\/generisch-rehabilitationsroboterhandschuh-1-9-stufen-verstellbare-hand-rehabilitationshilfe-fuer-schlaganfallpatienten-zur-linderung-von-steifheit-kraftlosigkeit-rechte-hand-mittel\/#primaryimage"},"image":{"@id":"https:\/\/easyliferobo.com\/de\/product\/generisch-rehabilitationsroboterhandschuh-1-9-stufen-verstellbare-hand-rehabilitationshilfe-fuer-schlaganfallpatienten-zur-linderung-von-steifheit-kraftlosigkeit-rechte-hand-mittel\/#primaryimage"},"thumbnailUrl":"https:\/\/easyliferobo.com\/de\/wp-content\/uploads\/2026\/02\/71DCGyZJtFL._AC_SL1500_.jpg","datePublished":"2026-02-27T11:14:51+00:00","dateModified":"2026-02-27T11:15:12+00:00","description":"Entdecken Sie smarte Roboter f\u00fcr Zuhause, Garten, Bildung und Sicherheit. Vergleichen Sie Saugroboter, Rasenm\u00e4hroboter, KI-Begleitroboter und mehr bei EasyLifeRobo.","breadcrumb":{"@id":"https:\/\/easyliferobo.com\/de\/product\/generisch-rehabilitationsroboterhandschuh-1-9-stufen-verstellbare-hand-rehabilitationshilfe-fuer-schlaganfallpatienten-zur-linderung-von-steifheit-kraftlosigkeit-rechte-hand-mittel\/#breadcrumb"},"inLanguage":"de","potentialAction":[{"@type":"ReadAction","target":["https:\/\/easyliferobo.com\/de\/product\/generisch-rehabilitationsroboterhandschuh-1-9-stufen-verstellbare-hand-rehabilitationshilfe-fuer-schlaganfallpatienten-zur-linderung-von-steifheit-kraftlosigkeit-rechte-hand-mittel\/"]}]},{"@type":"ImageObject","inLanguage":"de","@id":"https:\/\/easyliferobo.com\/de\/product\/generisch-rehabilitationsroboterhandschuh-1-9-stufen-verstellbare-hand-rehabilitationshilfe-fuer-schlaganfallpatienten-zur-linderung-von-steifheit-kraftlosigkeit-rechte-hand-mittel\/#primaryimage","url":"https:\/\/easyliferobo.com\/de\/wp-content\/uploads\/2026\/02\/71DCGyZJtFL._AC_SL1500_.jpg","contentUrl":"https:\/\/easyliferobo.com\/de\/wp-content\/uploads\/2026\/02\/71DCGyZJtFL._AC_SL1500_.jpg","width":1291,"height":1463},{"@type":"BreadcrumbList","@id":"https:\/\/easyliferobo.com\/de\/product\/generisch-rehabilitationsroboterhandschuh-1-9-stufen-verstellbare-hand-rehabilitationshilfe-fuer-schlaganfallpatienten-zur-linderung-von-steifheit-kraftlosigkeit-rechte-hand-mittel\/#breadcrumb","itemListElement":[{"@type":"ListItem","position":1,"name":"Home","item":"https:\/\/easyliferobo.com\/de\/"},{"@type":"ListItem","position":2,"name":"Shop","item":"https:\/\/easyliferobo.com\/de\/shop\/"},{"@type":"ListItem","position":3,"name":"Generisch Rehabilitationsroboterhan..."}]},{"@type":"WebSite","@id":"https:\/\/easyliferobo.com\/de\/#website","url":"https:\/\/easyliferobo.com\/de\/","name":"EasyLifeBro","description":"Smarte Roboter f\u00fcr Zuhause, Garten &amp; Bildung","publisher":{"@id":"https:\/\/easyliferobo.com\/de\/#organization"},"potentialAction":[{"@type":"SearchAction","target":{"@type":"EntryPoint","urlTemplate":"https:\/\/easyliferobo.com\/de\/?s={search_term_string}"},"query-input":{"@type":"PropertyValueSpecification","valueRequired":true,"valueName":"search_term_string"}}],"inLanguage":"de"},{"@type":"Organization","@id":"https:\/\/easyliferobo.com\/de\/#organization","name":"EasyLifeBro","url":"https:\/\/easyliferobo.com\/de\/","logo":{"@type":"ImageObject","inLanguage":"de","@id":"https:\/\/easyliferobo.com\/de\/#\/schema\/logo\/image\/","url":"https:\/\/easyliferobo.com\/de\/wp-content\/uploads\/2026\/02\/Screenshot-2026-02-22-at-2.25.03-PM.png","contentUrl":"https:\/\/easyliferobo.com\/de\/wp-content\/uploads\/2026\/02\/Screenshot-2026-02-22-at-2.25.03-PM.png","width":1858,"height":430,"caption":"EasyLifeBro"},"image":{"@id":"https:\/\/easyliferobo.com\/de\/#\/schema\/logo\/image\/"}}]}},"_links":{"self":[{"href":"https:\/\/easyliferobo.com\/de\/wp-json\/wp\/v2\/product\/4204","targetHints":{"allow":["GET"]}}],"collection":[{"href":"https:\/\/easyliferobo.com\/de\/wp-json\/wp\/v2\/product"}],"about":[{"href":"https:\/\/easyliferobo.com\/de\/wp-json\/wp\/v2\/types\/product"}],"replies":[{"embeddable":true,"href":"https:\/\/easyliferobo.com\/de\/wp-json\/wp\/v2\/comments?post=4204"}],"wp:featuredmedia":[{"embeddable":true,"href":"https:\/\/easyliferobo.com\/de\/wp-json\/wp\/v2\/media\/4205"}],"wp:attachment":[{"href":"https:\/\/easyliferobo.com\/de\/wp-json\/wp\/v2\/media?parent=4204"}],"wp:term":[{"taxonomy":"store","embeddable":true,"href":"https:\/\/easyliferobo.com\/de\/wp-json\/wp\/v2\/store?post=4204"},{"taxonomy":"product_brand","embeddable":true,"href":"https:\/\/easyliferobo.com\/de\/wp-json\/wp\/v2\/product_brand?post=4204"},{"taxonomy":"product_cat","embeddable":true,"href":"https:\/\/easyliferobo.com\/de\/wp-json\/wp\/v2\/product_cat?post=4204"},{"taxonomy":"product_tag","embeddable":true,"href":"https:\/\/easyliferobo.com\/de\/wp-json\/wp\/v2\/product_tag?post=4204"}],"curies":[{"name":"wp","href":"https:\/\/api.w.org\/{rel}","templated":true}]}}