
{"id":4202,"date":"2026-02-27T11:12:07","date_gmt":"2026-02-27T11:12:07","guid":{"rendered":"https:\/\/easyliferobo.com\/de\/product\/schweisstechnik-schweissen-von-metallischen-konstruktionswerkstoffen\/"},"modified":"2026-02-27T11:12:10","modified_gmt":"2026-02-27T11:12:10","slug":"schweisstechnik-schweissen-von-metallischen-konstruktionswerkstoffen","status":"publish","type":"product","link":"https:\/\/easyliferobo.com\/de\/product\/schweisstechnik-schweissen-von-metallischen-konstruktionswerkstoffen\/","title":{"rendered":"Schwei\u00dftechnik: Schwei\u00dfen von met..."},"content":{"rendered":"<p>  Das Standardwerk \u00fcber die wichtigste F\u00fcgetechnik &#8211; das Schwei\u00dfen<br \/>Dem Leser wird hier ein umfassender \u00dcberblick \u00fcber alle modernen Schwei\u00dfverfahren nahe gebracht. Neben der Darstellung des Verfahrensprinzips sowie fertigungstechnischen Angaben zu den Ausr\u00fcstungen werden Hinweise zur handwerklichen und industriellen Anwendung, zu den erforderlichen Zusatzwerkstoffen und Hilfsstoffen, zur konstruktiven Gestaltung der F\u00fcgestelle sowie zum Arbeitsschutz gegeben. <br \/>Das Buch ist sowohl f\u00fcr Studierende in den Fachrichtungen Maschinenbau, Produktionstechnik, Konstruktionstechnik als auch f\u00fcr Ingenieure im Beruf (Konstrukteure, Fertigungstechnologen, Fertigungsplaner) und Interessenten im Rahmen von Weiterbildungsveranstaltungen (Schwei\u00dffachingenieure) ein Muss. Durch seinen Aufbau ist es sowohl als Lehrbuch als auch als kompaktes Nachschlagewerk der Schwei\u00dftechnik geeignet. Zahlreiche anschauliche Bilder und Tafeln pr\u00e4zisieren den Text. Es werden die durch die aktuelle europ\u00e4ische Normung (EN) eingef\u00fchrten Bezeichnungen verwendet.<br \/>&#8211; F\u00fcr Studierende gibt das Buch wichtige Erl\u00e4uterungen und Beispiele aus der Praxis mit an die Hand. <br \/>&#8211; Der Praktiker findet hier ein kompaktes Nachschlagewerk.<br \/>Die siebte Auflage wurde um die Themen Additive Fertigung, Automatisierung, Einsatz von Robotern und Pr\u00fcfverfahren erweitert.    <br \/> <br \/>\n                                             Vom Verlag   <\/p>\n<p>                                                  <img decoding=\"async\" alt=\"Schwei\u00dfen, Schwei\u00dftechnik, Maschinenbau, Konstruktion, Werkstoffe, Metallbearbeitung\" src=\"https:\/\/images-na.ssl-images-amazon.com\/images\/G\/01\/x-locale\/common\/grey-pixel.gif\" class=\"a-lazy-loaded\" data-src=\"https:\/\/m.media-amazon.com\/images\/S\/aplus-media-library-service-media\/bbc28c48-90cf-4892-b054-03d26022ce95.__CR0,0,970,300_PT0_SX970_V1___.jpg\"><img decoding=\"async\" alt=\"Schwei\u00dfen, Schwei\u00dftechnik, Maschinenbau, Konstruktion, Werkstoffe, Metallbearbeitung\" src=\"https:\/\/m.media-amazon.com\/images\/S\/aplus-media-library-service-media\/bbc28c48-90cf-4892-b054-03d26022ce95.__CR0,0,970,300_PT0_SX970_V1___.jpg\">  <\/p>\n<p>  Forschung, Entwicklung und Anwendung des Schwei\u00dfens und verwandte Verfahren haben gro\u00dfe volkswirtschaftliche Bedeutung. Geschwei\u00dfte Bauteile finden wir sowohl im Maschinen-, Apparate- und Stahlbau als auch im Automobil-, Schiff- und Flugzeugbau sowie in vielen weiteren technischen Produkten. Die fortschreitende Automatisierung in der Schwei\u00dftechnik erm\u00f6glicht ua auch eine umfassende fertigungstechnische Nutzung physikalischer und chemischer Effekte zum \u00f6rtlich begrenzten Energieeintrag (W\u00e4rme und\/oder Druck). Diese unterschiedlichen physikalischen und chemischen Effekte und ihre Kombinationen bilden die Grundlage f\u00fcr die Gliederung dieses Buches und der Verfahrensbeschreibungen. <\/p>\n<p>  Neben den theoretischen Grundlagen werden die Schwei\u00dfverfahren vorgestellt und ihre Anwendungsgebiete aufgezeigt. Schwerpunkte bei den einzelnen Verfahren sind: Wirkprinzipien und ger\u00e4tetechnische Umsetzung, Verfahrensmerkmale und Anwendungen, Merkbl\u00e4tter und Fachnormen, Verfahrensprinzip und Anlagentechnik, Verfahrensvarianten, Zusatzwerkstoffe, Schwei\u00dfeignung, Gestaltungs- und Fertigungshinweise, Qualit\u00e4tsmerkmale, G\u00fctesicherung und Pr\u00fcfverfahren sowie Arbeits- und Gesundheitsschutz. <\/p>\n<p>  Schwei\u00dfen dient dazu, eine Schwei\u00dfverbindung oder eine geschwei\u00dfte Beschichtung herzustellen. Voraussetzung f\u00fcr eine qualit\u00e4tsgerechte Ausf\u00fchrung ist die Ber\u00fccksichtigung der Einflussfaktoren auf die Schwei\u00dfbarkeit. Diese Einflussfaktoren umfassen sowohl die konstruktive Gestaltung und die stofflichen Gegebenheiten des zu schwei\u00dfenden Produkts als auch die fertigungstechnischen Bedingungen. Die fachkundige Ausf\u00fchrung des Schwei\u00dfvorganges kann nur dann zu qualit\u00e4tsgerechten Verbindungen f\u00fchren, wenn das Vorbereiten der F\u00fcgestelle und das Nachbereiten sowie Kontrollieren der Verbindung mit Sorgfalt und Umsicht ausgef\u00fchrt werden. Eine komplexe Ber\u00fccksichtigung der verschiedenen Einfl\u00fcsse ist im realen Schwei\u00dfprozess daher in jedem Fall unerl\u00e4sslich. <\/p>\n<p>  Das vorgelegte Lehr- und Fachbuch wendet sich vor allem an Studierende des Maschinenbaus, der Produktionstechnik und der Konstruktionstechnik an Universit\u00e4ten, Fachhochschulen, Berufsakademien und Weiterbildungseinrichtungen. Es soll ihnen die M\u00f6glichkeit geben, den Lernstoff aus den Vorlesungen zu vertiefen sowie Seminare und \u00dcbungen gezielt und fundiert vorzubereiten. Nat\u00fcrlich bietet es auch Studienbewerbern die M\u00f6glichkeit, sich \u00fcber das Wissensgebiet \u201eSchwei\u00dfen und verwandte Verfahren\u201c umfangreich zu informieren. Nicht zuletzt wird es zur Auffrischung und als Nachschlagewerk f\u00fcr in der Praxis t\u00e4tige Ingenieure und interessierte Leser nutzbar sein. <\/p>\n<p>  Das Buch pr\u00e4sentiert den aktuellen Stand des Fachgebietes und der Fachnormen. Die systematische Gliederung des Buches und die ann\u00e4hernden 800 Begriffe des Sachwortverzeichnisses geben dem Nutzer eine klare Orientierung und erm\u00f6glichen ein schnelles Auffinden der gesuchten Texte, Tafeln und Bilder. <\/p>\n<p>  Herausgeber \u200f : \u200e Carl Hanser Verlag GmbH &#038; Co. KG       <br \/> Erscheinungsdatum \u200f : \u200e 12. Nov. 2021       <br \/> Auflage \u200f : \u200e 7. \u00dcberarbeitet und erweitert       <br \/> Sprache \u200f : \u200e Deutsch   <br \/> Druckl\u00e4nge \u200f : \u200e 544 Seiten       <br \/> ISBN-10 \u200f : \u200e 3446467459       <br \/> ISBN-13 \u200f : \u200e 978-3446467453       <br \/> Abmessungen \u200f : \u200e 20 x 3,8 x 24,7 cm       <br \/>       Bestseller-Rang: 79.934 in B\u00fcchern (siehe Top 100 in B\u00fcchern), 52 in Maschinenbau (B\u00fccher), 1.291 in Ingenieurwissenschaften und Technologie      <br \/>  Kundenrezensionen: 4,9 4,9 von 5 Sternen (12) var dpAcrHasRegisteredArcLinkClickAction; P.when(&#8218;A&#8216;, &#8218;ready&#8216;).execute(function(A) { if (dpAcrHasRegisteredArcLinkClickAction !== true) { dpAcrHasRegisteredArcLinkClickAction = true; A.declarative( &#8218;acrLink-click-metrics&#8216;, &#8218;click&#8216;, { &#8222;allowLinkDefault&#8220;: true }, function (event) { if (window.ue) { ue.count(&#8222;acrLinkClickCount&#8220;, (ue.count(&#8222;acrLinkClickCount&#8220;) || 0) + 1 } } }); P.when(&#8218;A&#8216;, &#8218;cf&#8216;).execute(function(A) { A.declarative(&#8218;acrStarsLink-click-metrics&#8216;, &#8218;click&#8216;, { &#8222;allowLinkDefault&#8220; : true }, function(event){ if(window.ue) { ue.count(&#8222;acrStarsLinkWithPopoverClickCount&#8220;, (ue.count(&#8222;acrStarsLinkWithPopoverClickCount&#8220;) || 0) + 1); } }); });                          <br \/>[ad_2]<\/p>\n","protected":false},"excerpt":{"rendered":"<p>Das Standardwerk \u00fcber die wichtigste F\u00fcgetechnik &#8211; das Schwei\u00dfenDem Leser wird hier ein umfassender \u00dcberblick \u00fcber alle modernen Schwei\u00dfverfahren nahe gebracht. Neben der Darstellung des Verfahrensprinzips sowie fertigungstechnischen Angaben zu den Ausr\u00fcstungen werden Hinweise zur handwerklichen und industriellen Anwendung, zu den erforderlichen Zusatzwerkstoffen und Hilfsstoffen, zur konstruktiven Gestaltung der F\u00fcgestelle sowie zum Arbeitsschutz gegeben. Das [&hellip;]<\/p>\n","protected":false},"featured_media":4203,"comment_status":"open","ping_status":"closed","template":"","meta":{"_aipt_faq_data":""},"store":[],"product_brand":[],"product_cat":[98],"product_tag":[226],"class_list":{"0":"post-4202","1":"product","2":"type-product","3":"status-publish","4":"has-post-thumbnail","6":"product_cat-industrieroboter","7":"product_tag-industrieroboter-schweisstechnik","9":"first","10":"instock","11":"shipping-taxable","12":"product-type-external"},"yoast_head":"<!-- This site is optimized with the Yoast SEO plugin v27.0 - https:\/\/yoast.com\/product\/yoast-seo-wordpress\/ -->\n<title>Schwei\u00dftechnik: Schwei\u00dfen von metallischen Konstruktionswerkstoffen - EasyLifeBro<\/title>\n<meta name=\"description\" content=\"Entdecken Sie smarte Roboter f\u00fcr Zuhause, Garten, Bildung und Sicherheit. Vergleichen Sie Saugroboter, Rasenm\u00e4hroboter, KI-Begleitroboter und mehr bei EasyLifeRobo.\" \/>\n<meta name=\"robots\" content=\"index, follow, max-snippet:-1, max-image-preview:large, max-video-preview:-1\" \/>\n<link rel=\"canonical\" href=\"https:\/\/easyliferobo.com\/de\/product\/schweisstechnik-schweissen-von-metallischen-konstruktionswerkstoffen\/\" \/>\n<meta property=\"og:locale\" content=\"de_DE\" \/>\n<meta property=\"og:type\" content=\"article\" \/>\n<meta property=\"og:title\" content=\"Schwei\u00dftechnik: Schwei\u00dfen von metallischen Konstruktionswerkstoffen - EasyLifeBro\" \/>\n<meta property=\"og:description\" content=\"Entdecken Sie smarte Roboter f\u00fcr Zuhause, Garten, Bildung und Sicherheit. Vergleichen Sie Saugroboter, Rasenm\u00e4hroboter, KI-Begleitroboter und mehr bei EasyLifeRobo.\" \/>\n<meta property=\"og:url\" content=\"https:\/\/easyliferobo.com\/de\/product\/schweisstechnik-schweissen-von-metallischen-konstruktionswerkstoffen\/\" \/>\n<meta property=\"og:site_name\" content=\"EasyLifeBro\" \/>\n<meta property=\"article:modified_time\" content=\"2026-02-27T11:12:10+00:00\" \/>\n<meta property=\"og:image\" content=\"https:\/\/images-na.ssl-images-amazon.com\/images\/G\/01\/x-locale\/common\/grey-pixel.gif\" \/>\n<meta name=\"twitter:card\" content=\"summary_large_image\" \/>\n<meta name=\"twitter:label1\" content=\"Gesch\u00e4tzte Lesezeit\" \/>\n\t<meta name=\"twitter:data1\" content=\"3\u00a0Minuten\" \/>\n<script type=\"application\/ld+json\" class=\"yoast-schema-graph\">{\"@context\":\"https:\/\/schema.org\",\"@graph\":[{\"@type\":\"WebPage\",\"@id\":\"https:\/\/easyliferobo.com\/de\/product\/schweisstechnik-schweissen-von-metallischen-konstruktionswerkstoffen\/\",\"url\":\"https:\/\/easyliferobo.com\/de\/product\/schweisstechnik-schweissen-von-metallischen-konstruktionswerkstoffen\/\",\"name\":\"Schwei\u00dftechnik: Schwei\u00dfen von metallischen Konstruktionswerkstoffen - EasyLifeBro\",\"isPartOf\":{\"@id\":\"https:\/\/easyliferobo.com\/de\/#website\"},\"primaryImageOfPage\":{\"@id\":\"https:\/\/easyliferobo.com\/de\/product\/schweisstechnik-schweissen-von-metallischen-konstruktionswerkstoffen\/#primaryimage\"},\"image\":{\"@id\":\"https:\/\/easyliferobo.com\/de\/product\/schweisstechnik-schweissen-von-metallischen-konstruktionswerkstoffen\/#primaryimage\"},\"thumbnailUrl\":\"https:\/\/easyliferobo.com\/de\/wp-content\/uploads\/2026\/02\/71sjou89WML._SL1500_.jpg\",\"datePublished\":\"2026-02-27T11:12:07+00:00\",\"dateModified\":\"2026-02-27T11:12:10+00:00\",\"description\":\"Entdecken Sie smarte Roboter f\u00fcr Zuhause, Garten, Bildung und Sicherheit. Vergleichen Sie Saugroboter, Rasenm\u00e4hroboter, KI-Begleitroboter und mehr bei EasyLifeRobo.\",\"breadcrumb\":{\"@id\":\"https:\/\/easyliferobo.com\/de\/product\/schweisstechnik-schweissen-von-metallischen-konstruktionswerkstoffen\/#breadcrumb\"},\"inLanguage\":\"de\",\"potentialAction\":[{\"@type\":\"ReadAction\",\"target\":[\"https:\/\/easyliferobo.com\/de\/product\/schweisstechnik-schweissen-von-metallischen-konstruktionswerkstoffen\/\"]}]},{\"@type\":\"ImageObject\",\"inLanguage\":\"de\",\"@id\":\"https:\/\/easyliferobo.com\/de\/product\/schweisstechnik-schweissen-von-metallischen-konstruktionswerkstoffen\/#primaryimage\",\"url\":\"https:\/\/easyliferobo.com\/de\/wp-content\/uploads\/2026\/02\/71sjou89WML._SL1500_.jpg\",\"contentUrl\":\"https:\/\/easyliferobo.com\/de\/wp-content\/uploads\/2026\/02\/71sjou89WML._SL1500_.jpg\",\"width\":1154,\"height\":1500},{\"@type\":\"BreadcrumbList\",\"@id\":\"https:\/\/easyliferobo.com\/de\/product\/schweisstechnik-schweissen-von-metallischen-konstruktionswerkstoffen\/#breadcrumb\",\"itemListElement\":[{\"@type\":\"ListItem\",\"position\":1,\"name\":\"Home\",\"item\":\"https:\/\/easyliferobo.com\/de\/\"},{\"@type\":\"ListItem\",\"position\":2,\"name\":\"Shop\",\"item\":\"https:\/\/easyliferobo.com\/de\/shop\/\"},{\"@type\":\"ListItem\",\"position\":3,\"name\":\"Schwei\u00dftechnik: Schwei\u00dfen von met...\"}]},{\"@type\":\"WebSite\",\"@id\":\"https:\/\/easyliferobo.com\/de\/#website\",\"url\":\"https:\/\/easyliferobo.com\/de\/\",\"name\":\"EasyLifeBro\",\"description\":\"Smarte Roboter f\u00fcr Zuhause, Garten &amp; Bildung\",\"publisher\":{\"@id\":\"https:\/\/easyliferobo.com\/de\/#organization\"},\"potentialAction\":[{\"@type\":\"SearchAction\",\"target\":{\"@type\":\"EntryPoint\",\"urlTemplate\":\"https:\/\/easyliferobo.com\/de\/?s={search_term_string}\"},\"query-input\":{\"@type\":\"PropertyValueSpecification\",\"valueRequired\":true,\"valueName\":\"search_term_string\"}}],\"inLanguage\":\"de\"},{\"@type\":\"Organization\",\"@id\":\"https:\/\/easyliferobo.com\/de\/#organization\",\"name\":\"EasyLifeBro\",\"url\":\"https:\/\/easyliferobo.com\/de\/\",\"logo\":{\"@type\":\"ImageObject\",\"inLanguage\":\"de\",\"@id\":\"https:\/\/easyliferobo.com\/de\/#\/schema\/logo\/image\/\",\"url\":\"https:\/\/easyliferobo.com\/de\/wp-content\/uploads\/2026\/02\/Screenshot-2026-02-22-at-2.25.03-PM.png\",\"contentUrl\":\"https:\/\/easyliferobo.com\/de\/wp-content\/uploads\/2026\/02\/Screenshot-2026-02-22-at-2.25.03-PM.png\",\"width\":1858,\"height\":430,\"caption\":\"EasyLifeBro\"},\"image\":{\"@id\":\"https:\/\/easyliferobo.com\/de\/#\/schema\/logo\/image\/\"}}]}<\/script>\n<!-- \/ Yoast SEO plugin. -->","yoast_head_json":{"title":"Schwei\u00dftechnik: Schwei\u00dfen von metallischen Konstruktionswerkstoffen - EasyLifeBro","description":"Entdecken Sie smarte Roboter f\u00fcr Zuhause, Garten, Bildung und Sicherheit. Vergleichen Sie Saugroboter, Rasenm\u00e4hroboter, KI-Begleitroboter und mehr bei EasyLifeRobo.","robots":{"index":"index","follow":"follow","max-snippet":"max-snippet:-1","max-image-preview":"max-image-preview:large","max-video-preview":"max-video-preview:-1"},"canonical":"https:\/\/easyliferobo.com\/de\/product\/schweisstechnik-schweissen-von-metallischen-konstruktionswerkstoffen\/","og_locale":"de_DE","og_type":"article","og_title":"Schwei\u00dftechnik: Schwei\u00dfen von metallischen Konstruktionswerkstoffen - EasyLifeBro","og_description":"Entdecken Sie smarte Roboter f\u00fcr Zuhause, Garten, Bildung und Sicherheit. Vergleichen Sie Saugroboter, Rasenm\u00e4hroboter, KI-Begleitroboter und mehr bei EasyLifeRobo.","og_url":"https:\/\/easyliferobo.com\/de\/product\/schweisstechnik-schweissen-von-metallischen-konstruktionswerkstoffen\/","og_site_name":"EasyLifeBro","article_modified_time":"2026-02-27T11:12:10+00:00","og_image":[{"url":"https:\/\/images-na.ssl-images-amazon.com\/images\/G\/01\/x-locale\/common\/grey-pixel.gif","type":"","width":"","height":""}],"twitter_card":"summary_large_image","twitter_misc":{"Gesch\u00e4tzte Lesezeit":"3\u00a0Minuten"},"schema":{"@context":"https:\/\/schema.org","@graph":[{"@type":"WebPage","@id":"https:\/\/easyliferobo.com\/de\/product\/schweisstechnik-schweissen-von-metallischen-konstruktionswerkstoffen\/","url":"https:\/\/easyliferobo.com\/de\/product\/schweisstechnik-schweissen-von-metallischen-konstruktionswerkstoffen\/","name":"Schwei\u00dftechnik: Schwei\u00dfen von metallischen Konstruktionswerkstoffen - EasyLifeBro","isPartOf":{"@id":"https:\/\/easyliferobo.com\/de\/#website"},"primaryImageOfPage":{"@id":"https:\/\/easyliferobo.com\/de\/product\/schweisstechnik-schweissen-von-metallischen-konstruktionswerkstoffen\/#primaryimage"},"image":{"@id":"https:\/\/easyliferobo.com\/de\/product\/schweisstechnik-schweissen-von-metallischen-konstruktionswerkstoffen\/#primaryimage"},"thumbnailUrl":"https:\/\/easyliferobo.com\/de\/wp-content\/uploads\/2026\/02\/71sjou89WML._SL1500_.jpg","datePublished":"2026-02-27T11:12:07+00:00","dateModified":"2026-02-27T11:12:10+00:00","description":"Entdecken Sie smarte Roboter f\u00fcr Zuhause, Garten, Bildung und Sicherheit. Vergleichen Sie Saugroboter, Rasenm\u00e4hroboter, KI-Begleitroboter und mehr bei EasyLifeRobo.","breadcrumb":{"@id":"https:\/\/easyliferobo.com\/de\/product\/schweisstechnik-schweissen-von-metallischen-konstruktionswerkstoffen\/#breadcrumb"},"inLanguage":"de","potentialAction":[{"@type":"ReadAction","target":["https:\/\/easyliferobo.com\/de\/product\/schweisstechnik-schweissen-von-metallischen-konstruktionswerkstoffen\/"]}]},{"@type":"ImageObject","inLanguage":"de","@id":"https:\/\/easyliferobo.com\/de\/product\/schweisstechnik-schweissen-von-metallischen-konstruktionswerkstoffen\/#primaryimage","url":"https:\/\/easyliferobo.com\/de\/wp-content\/uploads\/2026\/02\/71sjou89WML._SL1500_.jpg","contentUrl":"https:\/\/easyliferobo.com\/de\/wp-content\/uploads\/2026\/02\/71sjou89WML._SL1500_.jpg","width":1154,"height":1500},{"@type":"BreadcrumbList","@id":"https:\/\/easyliferobo.com\/de\/product\/schweisstechnik-schweissen-von-metallischen-konstruktionswerkstoffen\/#breadcrumb","itemListElement":[{"@type":"ListItem","position":1,"name":"Home","item":"https:\/\/easyliferobo.com\/de\/"},{"@type":"ListItem","position":2,"name":"Shop","item":"https:\/\/easyliferobo.com\/de\/shop\/"},{"@type":"ListItem","position":3,"name":"Schwei\u00dftechnik: Schwei\u00dfen von met..."}]},{"@type":"WebSite","@id":"https:\/\/easyliferobo.com\/de\/#website","url":"https:\/\/easyliferobo.com\/de\/","name":"EasyLifeBro","description":"Smarte Roboter f\u00fcr Zuhause, Garten &amp; Bildung","publisher":{"@id":"https:\/\/easyliferobo.com\/de\/#organization"},"potentialAction":[{"@type":"SearchAction","target":{"@type":"EntryPoint","urlTemplate":"https:\/\/easyliferobo.com\/de\/?s={search_term_string}"},"query-input":{"@type":"PropertyValueSpecification","valueRequired":true,"valueName":"search_term_string"}}],"inLanguage":"de"},{"@type":"Organization","@id":"https:\/\/easyliferobo.com\/de\/#organization","name":"EasyLifeBro","url":"https:\/\/easyliferobo.com\/de\/","logo":{"@type":"ImageObject","inLanguage":"de","@id":"https:\/\/easyliferobo.com\/de\/#\/schema\/logo\/image\/","url":"https:\/\/easyliferobo.com\/de\/wp-content\/uploads\/2026\/02\/Screenshot-2026-02-22-at-2.25.03-PM.png","contentUrl":"https:\/\/easyliferobo.com\/de\/wp-content\/uploads\/2026\/02\/Screenshot-2026-02-22-at-2.25.03-PM.png","width":1858,"height":430,"caption":"EasyLifeBro"},"image":{"@id":"https:\/\/easyliferobo.com\/de\/#\/schema\/logo\/image\/"}}]}},"_links":{"self":[{"href":"https:\/\/easyliferobo.com\/de\/wp-json\/wp\/v2\/product\/4202","targetHints":{"allow":["GET"]}}],"collection":[{"href":"https:\/\/easyliferobo.com\/de\/wp-json\/wp\/v2\/product"}],"about":[{"href":"https:\/\/easyliferobo.com\/de\/wp-json\/wp\/v2\/types\/product"}],"replies":[{"embeddable":true,"href":"https:\/\/easyliferobo.com\/de\/wp-json\/wp\/v2\/comments?post=4202"}],"wp:featuredmedia":[{"embeddable":true,"href":"https:\/\/easyliferobo.com\/de\/wp-json\/wp\/v2\/media\/4203"}],"wp:attachment":[{"href":"https:\/\/easyliferobo.com\/de\/wp-json\/wp\/v2\/media?parent=4202"}],"wp:term":[{"taxonomy":"store","embeddable":true,"href":"https:\/\/easyliferobo.com\/de\/wp-json\/wp\/v2\/store?post=4202"},{"taxonomy":"product_brand","embeddable":true,"href":"https:\/\/easyliferobo.com\/de\/wp-json\/wp\/v2\/product_brand?post=4202"},{"taxonomy":"product_cat","embeddable":true,"href":"https:\/\/easyliferobo.com\/de\/wp-json\/wp\/v2\/product_cat?post=4202"},{"taxonomy":"product_tag","embeddable":true,"href":"https:\/\/easyliferobo.com\/de\/wp-json\/wp\/v2\/product_tag?post=4202"}],"curies":[{"name":"wp","href":"https:\/\/api.w.org\/{rel}","templated":true}]}}