
{"id":4192,"date":"2026-02-27T11:09:47","date_gmt":"2026-02-27T11:09:47","guid":{"rendered":"https:\/\/easyliferobo.com\/de\/product\/ki-roboterspielzeug-intelligenter-lernpartner-ki-betriebenes-interaktives-lerngeraet-mit-sprachantwort-ideales-technologisches-geschenk-fuer-erwachsene-jungen-maedchen-geburtstagsfeier\/"},"modified":"2026-02-27T11:10:07","modified_gmt":"2026-02-27T11:10:07","slug":"ki-roboterspielzeug-intelligenter-lernpartner-ki-betriebenes-interaktives-lerngeraet-mit-sprachantwort-ideales-technologisches-geschenk-fuer-erwachsene-jungen-maedchen-geburtstagsfeier","status":"publish","type":"product","link":"https:\/\/easyliferobo.com\/de\/product\/ki-roboterspielzeug-intelligenter-lernpartner-ki-betriebenes-interaktives-lerngeraet-mit-sprachantwort-ideales-technologisches-geschenk-fuer-erwachsene-jungen-maedchen-geburtstagsfeier\/","title":{"rendered":"KI-Roboterspielzeug, intelligenter ..."},"content":{"rendered":"<p>    <span>Interaktives Lernspielzeug f\u00fcr KI-Roboter | KI-gesteuerter intelligenter Roboter | f\u00fcr Erwachsene, Jungen, M\u00e4dchen, Geburtstage, Weihnachtsfeiern <br \/>Der KI-betriebene intelligente Kinderroboter ist ein innovatives Lernwerkzeug, das das Lernen interaktiv und unterhaltsam macht. Dieser intelligente Roboter begeistert sowohl Kinder als auch Erwachsene mit seiner F\u00e4higkeit, spielerisch zu unterrichten, was ihn zum perfekten Begleiter f\u00fcr Jungen und M\u00e4dchen macht. Mit fortschrittlicher KI-Technologie passt sich der Roboter an unterschiedliche Lernstile an und bietet ein bereicherndes Erlebnis. Dieses interaktive Spielzeug ist ideal f\u00fcr Geburtstage, Feiertage oder Partys und weckt die Neugier und Kreativit\u00e4t der Kinder und sorgt gleichzeitig f\u00fcr Unterhaltung. Aufgrund seiner Vielseitigkeit kann es als Lernhilfe und unterhaltsames Ger\u00e4t f\u00fcr Familienaktivit\u00e4ten verwendet werden. Der KI-betriebene intelligente Roboter zeichnet sich durch ein aufmerksames Geschenk aus, das Bildung mit Vergn\u00fcgen verbindet und Eltern anzieht, die nach sinnvollen M\u00f6glichkeiten suchen, die Entwicklung ihrer Kinder zu unterst\u00fctzen. <br \/>Spezifikationen: <br \/>Produktname: AI Smart Robot <br \/>Material: ABS-Kunststoff. <br \/>Produktgr\u00f6\u00dfe: ca. 9,5 x 5,5 x 1,3 cm. <br \/>Das Paket beinhaltet: <br \/>1 x intelligenter KI-Roboter <br \/>Bitte beachten Sie: <br \/>Aufgrund der unterschiedlichen Licht- und Bildschirmeinstellungen kann die Farbe des Artikels geringf\u00fcgig von der Abbildung abweichen. <br \/>Aufgrund der unterschiedlichen manuellen Messung kann es zu Abweichungen von 1-2 cm kommen.<\/span>    <br \/>F\u00d6RDERN SIE LOGISCHES DENKEN Roboterspielzeug f\u00f6rdert die kognitive Entwicklung, indem es Benutzer in Aktivit\u00e4ten zur Probleml\u00f6sung einbezieht und Bildung mit Unterhaltung in Perfektion verbindet; Perfekt, um w\u00e4hrend des Spiels die Fantasie anzuregen, da es vielseitige Funktionen bietet, die verschiedene Entwicklungsstufen auf nat\u00fcrliche Weise unterst\u00fctzen<br \/>ATTRAKTIVE ROLLENPERSONALISIERUNG Dieser Kinderroboter verf\u00fcgt \u00fcber erweiterte Rolleneinstellungen und die M\u00f6glichkeit, Interessen abzugleichen, sodass junge Benutzer verschiedene Charaktere erkunden k\u00f6nnen, die ihren Leidenschaften entsprechen. F\u00f6rdert das Training des emotionalen Managements und st\u00e4rkt die F\u00f6rderung sozialer F\u00e4higkeiten durch fantasievolle Szenarien. Dadurch wird ein unterst\u00fctzendes Umfeld geschaffen, in dem Kinder selbstbewusst aufwachsen und gleichzeitig personalisierte Interaktionen erleben k\u00f6nnen.<br \/>F\u00e4higkeit zur Emotionserkennung Dieser Kinderroboter erkennt Emotionen effektiv und schafft Wachstumschancen, da er den offenen Dialog zwischen Kindern und ihren Eltern f\u00f6rdert und Bindungen in interessanten Gespr\u00e4chen st\u00e4rkt, die Vertrauen und Kameradschaft im t\u00e4glichen Familienumfeld f\u00f6rdern.<br \/>PRAKTISCHES GESCHENK: Roboterspielzeuge f\u00fcr Kinder dienen als perfektes Geschenk mit interaktiven Funktionen, die den Ausdruck des Segens w\u00e4hrend der Feiertage verst\u00e4rken, freudige Momente schaffen und gleichzeitig F\u00fcrsorge bei Familientreffen und festlichen Feiern vermitteln, wodurch sie sich hervorragend als Geschenk eignen.<br \/>DYNAMISCHE LERNUNTERST\u00dcTZUNG Mit Spracherkennung und Fokus auf Wissenserweiterung steigert dieser KI-Roboter die Vielseitigkeit des Lernens und der Freizeit durch seine fortschrittliche Multimodell-KI \u2013 eine hervorragende Erg\u00e4nzung f\u00fcr Klassenzimmer oder h\u00e4usliche Aktivit\u00e4tsbereiche<\/p>\n<p>[ad_2]<\/p>\n","protected":false},"excerpt":{"rendered":"<p>Interaktives Lernspielzeug f\u00fcr KI-Roboter | KI-gesteuerter intelligenter Roboter | f\u00fcr Erwachsene, Jungen, M\u00e4dchen, Geburtstage, Weihnachtsfeiern Der KI-betriebene intelligente Kinderroboter ist ein innovatives Lernwerkzeug, das das Lernen interaktiv und unterhaltsam macht. Dieser intelligente Roboter begeistert sowohl Kinder als auch Erwachsene mit seiner F\u00e4higkeit, spielerisch zu unterrichten, was ihn zum perfekten Begleiter f\u00fcr Jungen und M\u00e4dchen macht. [&hellip;]<\/p>\n","protected":false},"featured_media":4193,"comment_status":"open","ping_status":"closed","template":"","meta":{"_aipt_faq_data":""},"store":[],"product_brand":[],"product_cat":[99],"product_tag":[171],"class_list":{"0":"post-4192","1":"product","2":"type-product","3":"status-publish","4":"has-post-thumbnail","6":"product_cat-tisch-roboterarme","7":"product_tag-tisch-roboterarme-lernsets","9":"first","10":"instock","11":"shipping-taxable","12":"product-type-external"},"yoast_head":"<!-- This site is optimized with the Yoast SEO plugin v27.4 - https:\/\/yoast.com\/product\/yoast-seo-wordpress\/ -->\n<title>KI-Roboterspielzeug, intelligenter Lernpartner, KI-betriebenes interaktives Lernger\u00e4t mit Sprachantwort, ideales technologisches Geschenk f\u00fcr Erwachsene, Jungen, M\u00e4dchen, Geburtstagsfeier - EasyLifeBro<\/title>\n<meta name=\"description\" content=\"Entdecken Sie smarte Roboter f\u00fcr Zuhause, Garten, Bildung und Sicherheit. Vergleichen Sie Saugroboter, Rasenm\u00e4hroboter, KI-Begleitroboter und mehr bei EasyLifeRobo.\" \/>\n<meta name=\"robots\" content=\"index, follow, max-snippet:-1, max-image-preview:large, max-video-preview:-1\" \/>\n<link rel=\"canonical\" href=\"https:\/\/easyliferobo.com\/de\/product\/ki-roboterspielzeug-intelligenter-lernpartner-ki-betriebenes-interaktives-lerngeraet-mit-sprachantwort-ideales-technologisches-geschenk-fuer-erwachsene-jungen-maedchen-geburtstagsfeier\/\" \/>\n<meta property=\"og:locale\" content=\"de_DE\" \/>\n<meta property=\"og:type\" content=\"article\" \/>\n<meta property=\"og:title\" content=\"KI-Roboterspielzeug, intelligenter Lernpartner, KI-betriebenes interaktives Lernger\u00e4t mit Sprachantwort, ideales technologisches Geschenk f\u00fcr Erwachsene, Jungen, M\u00e4dchen, Geburtstagsfeier - EasyLifeBro\" \/>\n<meta property=\"og:description\" content=\"Entdecken Sie smarte Roboter f\u00fcr Zuhause, Garten, Bildung und Sicherheit. Vergleichen Sie Saugroboter, Rasenm\u00e4hroboter, KI-Begleitroboter und mehr bei EasyLifeRobo.\" \/>\n<meta property=\"og:url\" content=\"https:\/\/easyliferobo.com\/de\/product\/ki-roboterspielzeug-intelligenter-lernpartner-ki-betriebenes-interaktives-lerngeraet-mit-sprachantwort-ideales-technologisches-geschenk-fuer-erwachsene-jungen-maedchen-geburtstagsfeier\/\" \/>\n<meta property=\"og:site_name\" content=\"EasyLifeBro\" \/>\n<meta property=\"article:modified_time\" content=\"2026-02-27T11:10:07+00:00\" \/>\n<meta name=\"twitter:card\" content=\"summary_large_image\" \/>\n<meta name=\"twitter:label1\" content=\"Gesch\u00e4tzte Lesezeit\" \/>\n\t<meta name=\"twitter:data1\" content=\"2\u00a0Minuten\" \/>\n<script type=\"application\/ld+json\" class=\"yoast-schema-graph\">{\"@context\":\"https:\\\/\\\/schema.org\",\"@graph\":[{\"@type\":\"WebPage\",\"@id\":\"https:\\\/\\\/easyliferobo.com\\\/de\\\/product\\\/ki-roboterspielzeug-intelligenter-lernpartner-ki-betriebenes-interaktives-lerngeraet-mit-sprachantwort-ideales-technologisches-geschenk-fuer-erwachsene-jungen-maedchen-geburtstagsfeier\\\/\",\"url\":\"https:\\\/\\\/easyliferobo.com\\\/de\\\/product\\\/ki-roboterspielzeug-intelligenter-lernpartner-ki-betriebenes-interaktives-lerngeraet-mit-sprachantwort-ideales-technologisches-geschenk-fuer-erwachsene-jungen-maedchen-geburtstagsfeier\\\/\",\"name\":\"KI-Roboterspielzeug, intelligenter Lernpartner, KI-betriebenes interaktives Lernger\u00e4t mit Sprachantwort, ideales technologisches Geschenk f\u00fcr Erwachsene, Jungen, M\u00e4dchen, Geburtstagsfeier - EasyLifeBro\",\"isPartOf\":{\"@id\":\"https:\\\/\\\/easyliferobo.com\\\/de\\\/#website\"},\"primaryImageOfPage\":{\"@id\":\"https:\\\/\\\/easyliferobo.com\\\/de\\\/product\\\/ki-roboterspielzeug-intelligenter-lernpartner-ki-betriebenes-interaktives-lerngeraet-mit-sprachantwort-ideales-technologisches-geschenk-fuer-erwachsene-jungen-maedchen-geburtstagsfeier\\\/#primaryimage\"},\"image\":{\"@id\":\"https:\\\/\\\/easyliferobo.com\\\/de\\\/product\\\/ki-roboterspielzeug-intelligenter-lernpartner-ki-betriebenes-interaktives-lerngeraet-mit-sprachantwort-ideales-technologisches-geschenk-fuer-erwachsene-jungen-maedchen-geburtstagsfeier\\\/#primaryimage\"},\"thumbnailUrl\":\"https:\\\/\\\/easyliferobo.com\\\/de\\\/wp-content\\\/uploads\\\/2026\\\/02\\\/61DBhRT1ZYL._AC_SL1500_.jpg\",\"datePublished\":\"2026-02-27T11:09:47+00:00\",\"dateModified\":\"2026-02-27T11:10:07+00:00\",\"description\":\"Entdecken Sie smarte Roboter f\u00fcr Zuhause, Garten, Bildung und Sicherheit. Vergleichen Sie Saugroboter, Rasenm\u00e4hroboter, KI-Begleitroboter und mehr bei EasyLifeRobo.\",\"breadcrumb\":{\"@id\":\"https:\\\/\\\/easyliferobo.com\\\/de\\\/product\\\/ki-roboterspielzeug-intelligenter-lernpartner-ki-betriebenes-interaktives-lerngeraet-mit-sprachantwort-ideales-technologisches-geschenk-fuer-erwachsene-jungen-maedchen-geburtstagsfeier\\\/#breadcrumb\"},\"inLanguage\":\"de\",\"potentialAction\":[{\"@type\":\"ReadAction\",\"target\":[\"https:\\\/\\\/easyliferobo.com\\\/de\\\/product\\\/ki-roboterspielzeug-intelligenter-lernpartner-ki-betriebenes-interaktives-lerngeraet-mit-sprachantwort-ideales-technologisches-geschenk-fuer-erwachsene-jungen-maedchen-geburtstagsfeier\\\/\"]}]},{\"@type\":\"ImageObject\",\"inLanguage\":\"de\",\"@id\":\"https:\\\/\\\/easyliferobo.com\\\/de\\\/product\\\/ki-roboterspielzeug-intelligenter-lernpartner-ki-betriebenes-interaktives-lerngeraet-mit-sprachantwort-ideales-technologisches-geschenk-fuer-erwachsene-jungen-maedchen-geburtstagsfeier\\\/#primaryimage\",\"url\":\"https:\\\/\\\/easyliferobo.com\\\/de\\\/wp-content\\\/uploads\\\/2026\\\/02\\\/61DBhRT1ZYL._AC_SL1500_.jpg\",\"contentUrl\":\"https:\\\/\\\/easyliferobo.com\\\/de\\\/wp-content\\\/uploads\\\/2026\\\/02\\\/61DBhRT1ZYL._AC_SL1500_.jpg\",\"width\":1088,\"height\":1322},{\"@type\":\"BreadcrumbList\",\"@id\":\"https:\\\/\\\/easyliferobo.com\\\/de\\\/product\\\/ki-roboterspielzeug-intelligenter-lernpartner-ki-betriebenes-interaktives-lerngeraet-mit-sprachantwort-ideales-technologisches-geschenk-fuer-erwachsene-jungen-maedchen-geburtstagsfeier\\\/#breadcrumb\",\"itemListElement\":[{\"@type\":\"ListItem\",\"position\":1,\"name\":\"Home\",\"item\":\"https:\\\/\\\/easyliferobo.com\\\/de\\\/\"},{\"@type\":\"ListItem\",\"position\":2,\"name\":\"Shop\",\"item\":\"https:\\\/\\\/easyliferobo.com\\\/de\\\/shop\\\/\"},{\"@type\":\"ListItem\",\"position\":3,\"name\":\"KI-Roboterspielzeug, intelligenter ...\"}]},{\"@type\":\"WebSite\",\"@id\":\"https:\\\/\\\/easyliferobo.com\\\/de\\\/#website\",\"url\":\"https:\\\/\\\/easyliferobo.com\\\/de\\\/\",\"name\":\"EasyLifeBro\",\"description\":\"Smarte Roboter f\u00fcr Zuhause, Garten &amp; Bildung\",\"publisher\":{\"@id\":\"https:\\\/\\\/easyliferobo.com\\\/de\\\/#organization\"},\"potentialAction\":[{\"@type\":\"SearchAction\",\"target\":{\"@type\":\"EntryPoint\",\"urlTemplate\":\"https:\\\/\\\/easyliferobo.com\\\/de\\\/?s={search_term_string}\"},\"query-input\":{\"@type\":\"PropertyValueSpecification\",\"valueRequired\":true,\"valueName\":\"search_term_string\"}}],\"inLanguage\":\"de\"},{\"@type\":\"Organization\",\"@id\":\"https:\\\/\\\/easyliferobo.com\\\/de\\\/#organization\",\"name\":\"EasyLifeBro\",\"url\":\"https:\\\/\\\/easyliferobo.com\\\/de\\\/\",\"logo\":{\"@type\":\"ImageObject\",\"inLanguage\":\"de\",\"@id\":\"https:\\\/\\\/easyliferobo.com\\\/de\\\/#\\\/schema\\\/logo\\\/image\\\/\",\"url\":\"https:\\\/\\\/easyliferobo.com\\\/de\\\/wp-content\\\/uploads\\\/2026\\\/02\\\/Screenshot-2026-02-22-at-2.25.03-PM.png\",\"contentUrl\":\"https:\\\/\\\/easyliferobo.com\\\/de\\\/wp-content\\\/uploads\\\/2026\\\/02\\\/Screenshot-2026-02-22-at-2.25.03-PM.png\",\"width\":1858,\"height\":430,\"caption\":\"EasyLifeBro\"},\"image\":{\"@id\":\"https:\\\/\\\/easyliferobo.com\\\/de\\\/#\\\/schema\\\/logo\\\/image\\\/\"}}]}<\/script>\n<!-- \/ Yoast SEO plugin. -->","yoast_head_json":{"title":"KI-Roboterspielzeug, intelligenter Lernpartner, KI-betriebenes interaktives Lernger\u00e4t mit Sprachantwort, ideales technologisches Geschenk f\u00fcr Erwachsene, Jungen, M\u00e4dchen, Geburtstagsfeier - EasyLifeBro","description":"Entdecken Sie smarte Roboter f\u00fcr Zuhause, Garten, Bildung und Sicherheit. Vergleichen Sie Saugroboter, Rasenm\u00e4hroboter, KI-Begleitroboter und mehr bei EasyLifeRobo.","robots":{"index":"index","follow":"follow","max-snippet":"max-snippet:-1","max-image-preview":"max-image-preview:large","max-video-preview":"max-video-preview:-1"},"canonical":"https:\/\/easyliferobo.com\/de\/product\/ki-roboterspielzeug-intelligenter-lernpartner-ki-betriebenes-interaktives-lerngeraet-mit-sprachantwort-ideales-technologisches-geschenk-fuer-erwachsene-jungen-maedchen-geburtstagsfeier\/","og_locale":"de_DE","og_type":"article","og_title":"KI-Roboterspielzeug, intelligenter Lernpartner, KI-betriebenes interaktives Lernger\u00e4t mit Sprachantwort, ideales technologisches Geschenk f\u00fcr Erwachsene, Jungen, M\u00e4dchen, Geburtstagsfeier - EasyLifeBro","og_description":"Entdecken Sie smarte Roboter f\u00fcr Zuhause, Garten, Bildung und Sicherheit. Vergleichen Sie Saugroboter, Rasenm\u00e4hroboter, KI-Begleitroboter und mehr bei EasyLifeRobo.","og_url":"https:\/\/easyliferobo.com\/de\/product\/ki-roboterspielzeug-intelligenter-lernpartner-ki-betriebenes-interaktives-lerngeraet-mit-sprachantwort-ideales-technologisches-geschenk-fuer-erwachsene-jungen-maedchen-geburtstagsfeier\/","og_site_name":"EasyLifeBro","article_modified_time":"2026-02-27T11:10:07+00:00","twitter_card":"summary_large_image","twitter_misc":{"Gesch\u00e4tzte Lesezeit":"2\u00a0Minuten"},"schema":{"@context":"https:\/\/schema.org","@graph":[{"@type":"WebPage","@id":"https:\/\/easyliferobo.com\/de\/product\/ki-roboterspielzeug-intelligenter-lernpartner-ki-betriebenes-interaktives-lerngeraet-mit-sprachantwort-ideales-technologisches-geschenk-fuer-erwachsene-jungen-maedchen-geburtstagsfeier\/","url":"https:\/\/easyliferobo.com\/de\/product\/ki-roboterspielzeug-intelligenter-lernpartner-ki-betriebenes-interaktives-lerngeraet-mit-sprachantwort-ideales-technologisches-geschenk-fuer-erwachsene-jungen-maedchen-geburtstagsfeier\/","name":"KI-Roboterspielzeug, intelligenter Lernpartner, KI-betriebenes interaktives Lernger\u00e4t mit Sprachantwort, ideales technologisches Geschenk f\u00fcr Erwachsene, Jungen, M\u00e4dchen, Geburtstagsfeier - EasyLifeBro","isPartOf":{"@id":"https:\/\/easyliferobo.com\/de\/#website"},"primaryImageOfPage":{"@id":"https:\/\/easyliferobo.com\/de\/product\/ki-roboterspielzeug-intelligenter-lernpartner-ki-betriebenes-interaktives-lerngeraet-mit-sprachantwort-ideales-technologisches-geschenk-fuer-erwachsene-jungen-maedchen-geburtstagsfeier\/#primaryimage"},"image":{"@id":"https:\/\/easyliferobo.com\/de\/product\/ki-roboterspielzeug-intelligenter-lernpartner-ki-betriebenes-interaktives-lerngeraet-mit-sprachantwort-ideales-technologisches-geschenk-fuer-erwachsene-jungen-maedchen-geburtstagsfeier\/#primaryimage"},"thumbnailUrl":"https:\/\/easyliferobo.com\/de\/wp-content\/uploads\/2026\/02\/61DBhRT1ZYL._AC_SL1500_.jpg","datePublished":"2026-02-27T11:09:47+00:00","dateModified":"2026-02-27T11:10:07+00:00","description":"Entdecken Sie smarte Roboter f\u00fcr Zuhause, Garten, Bildung und Sicherheit. Vergleichen Sie Saugroboter, Rasenm\u00e4hroboter, KI-Begleitroboter und mehr bei EasyLifeRobo.","breadcrumb":{"@id":"https:\/\/easyliferobo.com\/de\/product\/ki-roboterspielzeug-intelligenter-lernpartner-ki-betriebenes-interaktives-lerngeraet-mit-sprachantwort-ideales-technologisches-geschenk-fuer-erwachsene-jungen-maedchen-geburtstagsfeier\/#breadcrumb"},"inLanguage":"de","potentialAction":[{"@type":"ReadAction","target":["https:\/\/easyliferobo.com\/de\/product\/ki-roboterspielzeug-intelligenter-lernpartner-ki-betriebenes-interaktives-lerngeraet-mit-sprachantwort-ideales-technologisches-geschenk-fuer-erwachsene-jungen-maedchen-geburtstagsfeier\/"]}]},{"@type":"ImageObject","inLanguage":"de","@id":"https:\/\/easyliferobo.com\/de\/product\/ki-roboterspielzeug-intelligenter-lernpartner-ki-betriebenes-interaktives-lerngeraet-mit-sprachantwort-ideales-technologisches-geschenk-fuer-erwachsene-jungen-maedchen-geburtstagsfeier\/#primaryimage","url":"https:\/\/easyliferobo.com\/de\/wp-content\/uploads\/2026\/02\/61DBhRT1ZYL._AC_SL1500_.jpg","contentUrl":"https:\/\/easyliferobo.com\/de\/wp-content\/uploads\/2026\/02\/61DBhRT1ZYL._AC_SL1500_.jpg","width":1088,"height":1322},{"@type":"BreadcrumbList","@id":"https:\/\/easyliferobo.com\/de\/product\/ki-roboterspielzeug-intelligenter-lernpartner-ki-betriebenes-interaktives-lerngeraet-mit-sprachantwort-ideales-technologisches-geschenk-fuer-erwachsene-jungen-maedchen-geburtstagsfeier\/#breadcrumb","itemListElement":[{"@type":"ListItem","position":1,"name":"Home","item":"https:\/\/easyliferobo.com\/de\/"},{"@type":"ListItem","position":2,"name":"Shop","item":"https:\/\/easyliferobo.com\/de\/shop\/"},{"@type":"ListItem","position":3,"name":"KI-Roboterspielzeug, intelligenter ..."}]},{"@type":"WebSite","@id":"https:\/\/easyliferobo.com\/de\/#website","url":"https:\/\/easyliferobo.com\/de\/","name":"EasyLifeBro","description":"Smarte Roboter f\u00fcr Zuhause, Garten &amp; Bildung","publisher":{"@id":"https:\/\/easyliferobo.com\/de\/#organization"},"potentialAction":[{"@type":"SearchAction","target":{"@type":"EntryPoint","urlTemplate":"https:\/\/easyliferobo.com\/de\/?s={search_term_string}"},"query-input":{"@type":"PropertyValueSpecification","valueRequired":true,"valueName":"search_term_string"}}],"inLanguage":"de"},{"@type":"Organization","@id":"https:\/\/easyliferobo.com\/de\/#organization","name":"EasyLifeBro","url":"https:\/\/easyliferobo.com\/de\/","logo":{"@type":"ImageObject","inLanguage":"de","@id":"https:\/\/easyliferobo.com\/de\/#\/schema\/logo\/image\/","url":"https:\/\/easyliferobo.com\/de\/wp-content\/uploads\/2026\/02\/Screenshot-2026-02-22-at-2.25.03-PM.png","contentUrl":"https:\/\/easyliferobo.com\/de\/wp-content\/uploads\/2026\/02\/Screenshot-2026-02-22-at-2.25.03-PM.png","width":1858,"height":430,"caption":"EasyLifeBro"},"image":{"@id":"https:\/\/easyliferobo.com\/de\/#\/schema\/logo\/image\/"}}]}},"_links":{"self":[{"href":"https:\/\/easyliferobo.com\/de\/wp-json\/wp\/v2\/product\/4192","targetHints":{"allow":["GET"]}}],"collection":[{"href":"https:\/\/easyliferobo.com\/de\/wp-json\/wp\/v2\/product"}],"about":[{"href":"https:\/\/easyliferobo.com\/de\/wp-json\/wp\/v2\/types\/product"}],"replies":[{"embeddable":true,"href":"https:\/\/easyliferobo.com\/de\/wp-json\/wp\/v2\/comments?post=4192"}],"wp:featuredmedia":[{"embeddable":true,"href":"https:\/\/easyliferobo.com\/de\/wp-json\/wp\/v2\/media\/4193"}],"wp:attachment":[{"href":"https:\/\/easyliferobo.com\/de\/wp-json\/wp\/v2\/media?parent=4192"}],"wp:term":[{"taxonomy":"store","embeddable":true,"href":"https:\/\/easyliferobo.com\/de\/wp-json\/wp\/v2\/store?post=4192"},{"taxonomy":"product_brand","embeddable":true,"href":"https:\/\/easyliferobo.com\/de\/wp-json\/wp\/v2\/product_brand?post=4192"},{"taxonomy":"product_cat","embeddable":true,"href":"https:\/\/easyliferobo.com\/de\/wp-json\/wp\/v2\/product_cat?post=4192"},{"taxonomy":"product_tag","embeddable":true,"href":"https:\/\/easyliferobo.com\/de\/wp-json\/wp\/v2\/product_tag?post=4192"}],"curies":[{"name":"wp","href":"https:\/\/api.w.org\/{rel}","templated":true}]}}