
{"id":419,"date":"2026-02-22T09:38:20","date_gmt":"2026-02-22T09:38:20","guid":{"rendered":"https:\/\/easyliferobo.com\/de\/product\/beatbot-aquasense-2-poolroboter-akku-poolsauger-mit-parkfunktion-poolreiniger-boden-und-wand-doppelte-reinigung-der-wasserlinie-fuer-pools-bis-300-m%c2%b2-mitternachtsblau\/"},"modified":"2026-02-22T09:38:44","modified_gmt":"2026-02-22T09:38:44","slug":"beatbot-aquasense-2-poolroboter-akku-poolsauger-mit-parkfunktion-poolreiniger-boden-und-wand-doppelte-reinigung-der-wasserlinie-fuer-pools-bis-300-m%c2%b2-mitternachtsblau","status":"publish","type":"product","link":"https:\/\/easyliferobo.com\/de\/product\/beatbot-aquasense-2-poolroboter-akku-poolsauger-mit-parkfunktion-poolreiniger-boden-und-wand-doppelte-reinigung-der-wasserlinie-fuer-pools-bis-300-m%c2%b2-mitternachtsblau\/","title":{"rendered":"Beatbot AquaSense 2 Poolroboter, Ak..."},"content":{"rendered":"<p>\n                                             Von der Marke   <\/p>\n<p>                                              <img decoding=\"async\" alt=\"Der Text lautet \u201eRealFeel\u201c. Weite Panoramaaussicht auf das Meer mit blauem Wasser und bew\u00f6lktem Horizont.\" src=\"https:\/\/images-na.ssl-images-amazon.com\/images\/G\/01\/x-locale\/common\/grey-pixel.gif\" class=\"a-lazy-loaded\" data-src=\"https:\/\/m.media-amazon.com\/images\/S\/aplus-media-library-service-media\/d239bd86-46d5-4edc-adab-6a902876e6ba.__CR0,0,1464,625_PT0_SX1464_V1___.png\"><img decoding=\"async\" alt=\"Der Text lautet \u201eRealFeel\u201c. Weite Panoramaaussicht auf das Meer mit blauem Wasser und bew\u00f6lktem Horizont.\" src=\"https:\/\/m.media-amazon.com\/images\/S\/aplus-media-library-service-media\/d239bd86-46d5-4edc-adab-6a902876e6ba.__CR0,0,1464,625_PT0_SX1464_V1___.png\">  <\/p>\n<p>                                              <img decoding=\"async\" alt=\"\" src=\"https:\/\/images-na.ssl-images-amazon.com\/images\/G\/01\/x-locale\/common\/grey-pixel.gif\" class=\"a-lazy-loaded\" data-src=\"https:\/\/m.media-amazon.com\/images\/S\/aplus-media-library-service-media\/84c98505-b1a2-4512-9412-9e3160af4f3a.__CR0,0,315,145_PT0_SX315_V1___.png\"><img decoding=\"async\" alt=\"\" src=\"https:\/\/m.media-amazon.com\/images\/S\/aplus-media-library-service-media\/84c98505-b1a2-4512-9412-9e3160af4f3a.__CR0,0,315,145_PT0_SX315_V1___.png\">  <\/p>\n<p>  Wer ist Beatbot? <\/p>\n<p>  Beatbot geh\u00f6rt weltweit zu den am schnellsten wachsenden Marken im Bereich der Poolreinigung. Durch kontinuierliche Innovation hilft sie Menschen zum perfekten Poolerlebnis und bereichert so ihren Alltag. Mit dezent im Hintergrund arbeitender Technologie definiert Beatbot einen neuen Lebensstandard \u2013 damit Zeit, Entspannung und Wohlbefinden wieder mehr Raum bekommen. <\/p>\n<p>                                              <img decoding=\"async\" alt=\"Der Text lautet \u201eAuszeichnungen\u201c. Sammlung von Auszeichnungen und Zertifizierungslogos, darunter der iF Design Award, der Red Dot Award und verschiedene andere professionelle Anerkennungssymbole.\" src=\"https:\/\/images-na.ssl-images-amazon.com\/images\/G\/01\/x-locale\/common\/grey-pixel.gif\" class=\"a-lazy-loaded\" data-src=\"https:\/\/m.media-amazon.com\/images\/S\/aplus-media-library-service-media\/81428301-68a4-4154-96e9-064c6d4cea5a.__CR0,0,362,453_PT0_SX362_V1___.jpg\"><img decoding=\"async\" alt=\"Der Text lautet \u201eAuszeichnungen\u201c. Sammlung von Auszeichnungen und Zertifizierungslogos, darunter der iF Design Award, der Red Dot Award und verschiedene andere professionelle Anerkennungssymbole.\" src=\"https:\/\/m.media-amazon.com\/images\/S\/aplus-media-library-service-media\/81428301-68a4-4154-96e9-064c6d4cea5a.__CR0,0,362,453_PT0_SX362_V1___.jpg\">  <\/p>\n<p>                                              <img decoding=\"async\" alt=\"Aplus-Inhaltsbild\" src=\"https:\/\/images-na.ssl-images-amazon.com\/images\/G\/01\/x-locale\/common\/grey-pixel.gif\" class=\"a-lazy-loaded\" data-src=\"https:\/\/m.media-amazon.com\/images\/S\/aplus-media-library-service-media\/7e512b10-b368-429e-9004-9e1485bb311f.__CR0,0,362,453_PT0_SX362_V1___.jpg\"><img decoding=\"async\" alt=\"Aplus-Inhaltsbild\" src=\"https:\/\/m.media-amazon.com\/images\/S\/aplus-media-library-service-media\/7e512b10-b368-429e-9004-9e1485bb311f.__CR0,0,362,453_PT0_SX362_V1___.jpg\">  <\/p>\n<h3>  Beatbot AquaSense 2 Ultra <\/h3>\n<h3>  Beatbot AquaSense 2 Pro <\/h3>\n<h3>  Beatbot AquaSense 2 <\/h3>\n<h3>  Beatbot Zubeh\u00f6r <\/h3>\n<p>                                              <img decoding=\"async\" alt=\"Beatbot\" src=\"https:\/\/images-na.ssl-images-amazon.com\/images\/G\/01\/x-locale\/common\/grey-pixel.gif\" class=\"a-lazy-loaded\" data-src=\"https:\/\/m.media-amazon.com\/images\/S\/aplus-media-library-service-media\/2a54b9b1-bbe9-43c7-aee6-e5eb388ee7bf.__CR0,0,362,453_PT0_SX362_V1___.jpg\"><img decoding=\"async\" alt=\"Beatbot\" src=\"https:\/\/m.media-amazon.com\/images\/S\/aplus-media-library-service-media\/2a54b9b1-bbe9-43c7-aee6-e5eb388ee7bf.__CR0,0,362,453_PT0_SX362_V1___.jpg\">  <\/p>\n<p>Einfaches Herausheben durch automatisches Parken auf der Oberfl\u00e4che und Parken per App mit nur einem Fingertipp: kein schweres Heben! Der AquaSense 2 parkt nach der Reinigung oder bei niedrigem Akkustand automatisch auf der Oberfl\u00e4che. SmartDrain l\u00e4sst das Wasser automatisch ab, sodass Sie den Roboter leicht entfernen k\u00f6nnen. Dar\u00fcber hinaus k\u00f6nnen Sie den Roboter jederzeit per App an die Oberfl\u00e4che bringen.<br \/>VERBESSERTE REINIGUNG DER WASSERLEITUNG DURCH DOPPELSCHRUBBEN Der AquaSense 2 schrubbt die Wasserlinie zweimal pro Durchgang. Im Gegensatz zu herk\u00f6mmlichen Robotern, die nur einmal schrubben, reinigt unser Roboter tiefer und gr\u00fcndlicher. Es entfernt Schmutz und Ablagerungen mit der linken Hand, sodass Ihre Wasserlinie strahlend sauber bleibt.<br \/>AUF LANGLEBIGKEIT GEBAUT MIT EINER AUTOMOBILBESCHICHTUNG Halten Sie Ihren Roboter wie neu und gesch\u00fctzt mit der Automobil-IMR-Beschichtung, die entwickelt wurde, um Sonnenstrahlung zu widerstehen, W\u00e4rme zu isolieren und interne Komponenten zu sch\u00fctzen. Das umweltfreundliche Spr\u00fchdosierungsverfahren stellt sicher, dass es f\u00fcr Ihr Schwimmbad und die Erde sicher ist.<br \/>Vollst\u00e4ndige Abdeckung mit intelligenter Pfadoptimierung: Fortschrittliche CleverNav-Navigation mit einer 4-Kern-CPU und 16 Sensoren, darunter 2 Ultraschallsensoren \u2013 so passt sich der Roboter an die Form jedes Pools an. Das Ger\u00e4t nutzt einen optimierten S-Weg f\u00fcr B\u00f6den und einen N-Weg f\u00fcr W\u00e4nde und die Wasserlinie \u2013 so wird jeder Bereich gereinigt und kaum eine Stelle \u00fcbersehen.<br \/>Bis zu 4 Stunden Reinigung am St\u00fcck: Mit dem leistungsstarken 10.000-mAh-Akku reinigen Sie Pools bis zu 300 m\u00b2. Mit einer einzigen Akkuladung k\u00f6nnen Sie den Boden bis zu 4 Stunden lang reinigen oder die W\u00e4nde und die Wasserlinie 3,5 Stunden lang schrubben.<br \/>3 JAHRE VOLLST\u00c4NDIGE ERSATZGARANTIE Genie\u00dfen Sie eine sorgenfreie Nutzung mit unserer branchenweit ersten 3-Jahres-Garantie, die einen vollst\u00e4ndigen Maschinenaustausch anstelle von Reparaturen bietet, um Unterbrechungen zu minimieren und Ihren Pool rund um die Uhr sauber und betriebsbereit zu halten.<br \/>Sicheres und bequemes kabelloses Laden, einfache Aufbewahrung Die kabellose Lade- und Aufbewahrungsstation ist steckerlos und erm\u00f6glicht sicheres Laden und bietet eine elegante Aufbewahrungsm\u00f6glichkeit. Keine Verwicklungen, keine Unordnung, keine freiliegenden Anschl\u00fcsse \u2013 so kann praktisch kein Wasser eindringen und der AquaSense 2 ist in 4 Stunden vollst\u00e4ndig aufgeladen.<br \/>FORTSCHRITTLICHE F\u00dcHRUNGSR\u00c4DER F\u00dcR PR\u00c4ZISE UND GR\u00dcNDLICHE KANTEN- UND ECKENREINIGUNG AquaSense 2 verf\u00fcgt \u00fcber vier seitliche F\u00fchrungsr\u00e4der f\u00fcr verbesserte Kontrolle und sanftere Drehungen, um eine pr\u00e4zise Reinigung entlang von Kanten und Ecken zu gew\u00e4hrleisten und eine hervorragende Abdeckung zu bieten.<br \/>Vollst\u00e4ndige Poolabdeckung: Reinigen Sie jeden Zentimeter Ihres Pools ohne gro\u00dfen Aufwand \u2013 Boden, W\u00e4nde und Wasserlinie. Der AquaSense 2 ist f\u00fcr alle Poolformen und -materialien geeignet \u2013 einschlie\u00dflich Beton, Fliesen, Vinyl und Glasfaser. Das Ger\u00e4t sorgt f\u00fcr eine einwandfreie Reinigung jeder Oberfl\u00e4che.<\/p>\n<p>[ad_2]<\/p>\n","protected":false},"excerpt":{"rendered":"<p>Von der Marke Wer ist Beatbot? Beatbot geh\u00f6rt weltweit zu den am schnellsten wachsenden Marken im Bereich der Poolreinigung. Durch kontinuierliche Innovation hilft sie Menschen zum perfekten Poolerlebnis und bereichert so ihren Alltag. Mit dezent im Hintergrund arbeitender Technologie definiert Beatbot einen neuen Lebensstandard \u2013 damit Zeit, Entspannung und Wohlbefinden wieder mehr Raum bekommen. Beatbot [&hellip;]<\/p>\n","protected":false},"featured_media":420,"comment_status":"open","ping_status":"closed","template":"","meta":{"_aipt_faq_data":""},"store":[],"product_brand":[147],"product_cat":[75],"product_tag":[146],"class_list":{"0":"post-419","1":"product","2":"type-product","3":"status-publish","4":"has-post-thumbnail","6":"product_brand-beatbot","7":"product_cat-poolroboter","8":"product_tag-poolroboter-fuer-rechteckpools","10":"first","11":"instock","12":"sale","13":"shipping-taxable","14":"product-type-external"},"yoast_head":"<!-- This site is optimized with the Yoast SEO plugin v27.4 - https:\/\/yoast.com\/product\/yoast-seo-wordpress\/ -->\n<title>Beatbot AquaSense 2 Poolroboter, Akku-Poolsauger mit Parkfunktion, Poolreiniger Boden und Wand, doppelte Reinigung der Wasserlinie, f\u00fcr Pools bis 300 m\u00b2, Mitternachtsblau - EasyLifeBro<\/title>\n<meta name=\"description\" content=\"Entdecken Sie smarte Roboter f\u00fcr Zuhause, Garten, Bildung und Sicherheit. Vergleichen Sie Saugroboter, Rasenm\u00e4hroboter, KI-Begleitroboter und mehr bei EasyLifeRobo.\" \/>\n<meta name=\"robots\" content=\"index, follow, max-snippet:-1, max-image-preview:large, max-video-preview:-1\" \/>\n<link rel=\"canonical\" href=\"https:\/\/easyliferobo.com\/de\/product\/beatbot-aquasense-2-poolroboter-akku-poolsauger-mit-parkfunktion-poolreiniger-boden-und-wand-doppelte-reinigung-der-wasserlinie-fuer-pools-bis-300-m\u00b2-mitternachtsblau\/\" \/>\n<meta property=\"og:locale\" content=\"de_DE\" \/>\n<meta property=\"og:type\" content=\"article\" \/>\n<meta property=\"og:title\" content=\"Beatbot AquaSense 2 Poolroboter, Akku-Poolsauger mit Parkfunktion, Poolreiniger Boden und Wand, doppelte Reinigung der Wasserlinie, f\u00fcr Pools bis 300 m\u00b2, Mitternachtsblau - EasyLifeBro\" \/>\n<meta property=\"og:description\" content=\"Entdecken Sie smarte Roboter f\u00fcr Zuhause, Garten, Bildung und Sicherheit. Vergleichen Sie Saugroboter, Rasenm\u00e4hroboter, KI-Begleitroboter und mehr bei EasyLifeRobo.\" \/>\n<meta property=\"og:url\" content=\"https:\/\/easyliferobo.com\/de\/product\/beatbot-aquasense-2-poolroboter-akku-poolsauger-mit-parkfunktion-poolreiniger-boden-und-wand-doppelte-reinigung-der-wasserlinie-fuer-pools-bis-300-m\u00b2-mitternachtsblau\/\" \/>\n<meta property=\"og:site_name\" content=\"EasyLifeBro\" \/>\n<meta property=\"article:modified_time\" content=\"2026-02-22T09:38:44+00:00\" \/>\n<meta property=\"og:image\" content=\"https:\/\/easyliferobo.com\/de\/wp-content\/uploads\/2026\/02\/71R1gLMmiSL._AC_SL1500_.jpg\" \/>\n\t<meta property=\"og:image:width\" content=\"1471\" \/>\n\t<meta property=\"og:image:height\" content=\"1500\" \/>\n\t<meta property=\"og:image:type\" content=\"image\/jpeg\" \/>\n<meta name=\"twitter:card\" content=\"summary_large_image\" \/>\n<meta name=\"twitter:label1\" content=\"Gesch\u00e4tzte Lesezeit\" \/>\n\t<meta name=\"twitter:data1\" content=\"3\u00a0Minuten\" \/>\n<script type=\"application\/ld+json\" class=\"yoast-schema-graph\">{\"@context\":\"https:\\\/\\\/schema.org\",\"@graph\":[{\"@type\":\"WebPage\",\"@id\":\"https:\\\/\\\/easyliferobo.com\\\/de\\\/product\\\/beatbot-aquasense-2-poolroboter-akku-poolsauger-mit-parkfunktion-poolreiniger-boden-und-wand-doppelte-reinigung-der-wasserlinie-fuer-pools-bis-300-m%c2%b2-mitternachtsblau\\\/\",\"url\":\"https:\\\/\\\/easyliferobo.com\\\/de\\\/product\\\/beatbot-aquasense-2-poolroboter-akku-poolsauger-mit-parkfunktion-poolreiniger-boden-und-wand-doppelte-reinigung-der-wasserlinie-fuer-pools-bis-300-m%c2%b2-mitternachtsblau\\\/\",\"name\":\"Beatbot AquaSense 2 Poolroboter, Akku-Poolsauger mit Parkfunktion, Poolreiniger Boden und Wand, doppelte Reinigung der Wasserlinie, f\u00fcr Pools bis 300 m\u00b2, Mitternachtsblau - EasyLifeBro\",\"isPartOf\":{\"@id\":\"https:\\\/\\\/easyliferobo.com\\\/de\\\/#website\"},\"primaryImageOfPage\":{\"@id\":\"https:\\\/\\\/easyliferobo.com\\\/de\\\/product\\\/beatbot-aquasense-2-poolroboter-akku-poolsauger-mit-parkfunktion-poolreiniger-boden-und-wand-doppelte-reinigung-der-wasserlinie-fuer-pools-bis-300-m%c2%b2-mitternachtsblau\\\/#primaryimage\"},\"image\":{\"@id\":\"https:\\\/\\\/easyliferobo.com\\\/de\\\/product\\\/beatbot-aquasense-2-poolroboter-akku-poolsauger-mit-parkfunktion-poolreiniger-boden-und-wand-doppelte-reinigung-der-wasserlinie-fuer-pools-bis-300-m%c2%b2-mitternachtsblau\\\/#primaryimage\"},\"thumbnailUrl\":\"https:\\\/\\\/easyliferobo.com\\\/de\\\/wp-content\\\/uploads\\\/2026\\\/02\\\/71R1gLMmiSL._AC_SL1500_.jpg\",\"datePublished\":\"2026-02-22T09:38:20+00:00\",\"dateModified\":\"2026-02-22T09:38:44+00:00\",\"description\":\"Entdecken Sie smarte Roboter f\u00fcr Zuhause, Garten, Bildung und Sicherheit. Vergleichen Sie Saugroboter, Rasenm\u00e4hroboter, KI-Begleitroboter und mehr bei EasyLifeRobo.\",\"breadcrumb\":{\"@id\":\"https:\\\/\\\/easyliferobo.com\\\/de\\\/product\\\/beatbot-aquasense-2-poolroboter-akku-poolsauger-mit-parkfunktion-poolreiniger-boden-und-wand-doppelte-reinigung-der-wasserlinie-fuer-pools-bis-300-m%c2%b2-mitternachtsblau\\\/#breadcrumb\"},\"inLanguage\":\"de\",\"potentialAction\":[{\"@type\":\"ReadAction\",\"target\":[\"https:\\\/\\\/easyliferobo.com\\\/de\\\/product\\\/beatbot-aquasense-2-poolroboter-akku-poolsauger-mit-parkfunktion-poolreiniger-boden-und-wand-doppelte-reinigung-der-wasserlinie-fuer-pools-bis-300-m%c2%b2-mitternachtsblau\\\/\"]}]},{\"@type\":\"ImageObject\",\"inLanguage\":\"de\",\"@id\":\"https:\\\/\\\/easyliferobo.com\\\/de\\\/product\\\/beatbot-aquasense-2-poolroboter-akku-poolsauger-mit-parkfunktion-poolreiniger-boden-und-wand-doppelte-reinigung-der-wasserlinie-fuer-pools-bis-300-m%c2%b2-mitternachtsblau\\\/#primaryimage\",\"url\":\"https:\\\/\\\/easyliferobo.com\\\/de\\\/wp-content\\\/uploads\\\/2026\\\/02\\\/71R1gLMmiSL._AC_SL1500_.jpg\",\"contentUrl\":\"https:\\\/\\\/easyliferobo.com\\\/de\\\/wp-content\\\/uploads\\\/2026\\\/02\\\/71R1gLMmiSL._AC_SL1500_.jpg\",\"width\":1471,\"height\":1500},{\"@type\":\"BreadcrumbList\",\"@id\":\"https:\\\/\\\/easyliferobo.com\\\/de\\\/product\\\/beatbot-aquasense-2-poolroboter-akku-poolsauger-mit-parkfunktion-poolreiniger-boden-und-wand-doppelte-reinigung-der-wasserlinie-fuer-pools-bis-300-m%c2%b2-mitternachtsblau\\\/#breadcrumb\",\"itemListElement\":[{\"@type\":\"ListItem\",\"position\":1,\"name\":\"Home\",\"item\":\"https:\\\/\\\/easyliferobo.com\\\/de\\\/\"},{\"@type\":\"ListItem\",\"position\":2,\"name\":\"Shop\",\"item\":\"https:\\\/\\\/easyliferobo.com\\\/de\\\/shop\\\/\"},{\"@type\":\"ListItem\",\"position\":3,\"name\":\"Beatbot AquaSense 2 Poolroboter, Ak...\"}]},{\"@type\":\"WebSite\",\"@id\":\"https:\\\/\\\/easyliferobo.com\\\/de\\\/#website\",\"url\":\"https:\\\/\\\/easyliferobo.com\\\/de\\\/\",\"name\":\"EasyLifeBro\",\"description\":\"Smarte Roboter f\u00fcr Zuhause, Garten &amp; Bildung\",\"publisher\":{\"@id\":\"https:\\\/\\\/easyliferobo.com\\\/de\\\/#organization\"},\"potentialAction\":[{\"@type\":\"SearchAction\",\"target\":{\"@type\":\"EntryPoint\",\"urlTemplate\":\"https:\\\/\\\/easyliferobo.com\\\/de\\\/?s={search_term_string}\"},\"query-input\":{\"@type\":\"PropertyValueSpecification\",\"valueRequired\":true,\"valueName\":\"search_term_string\"}}],\"inLanguage\":\"de\"},{\"@type\":\"Organization\",\"@id\":\"https:\\\/\\\/easyliferobo.com\\\/de\\\/#organization\",\"name\":\"EasyLifeBro\",\"url\":\"https:\\\/\\\/easyliferobo.com\\\/de\\\/\",\"logo\":{\"@type\":\"ImageObject\",\"inLanguage\":\"de\",\"@id\":\"https:\\\/\\\/easyliferobo.com\\\/de\\\/#\\\/schema\\\/logo\\\/image\\\/\",\"url\":\"https:\\\/\\\/easyliferobo.com\\\/de\\\/wp-content\\\/uploads\\\/2026\\\/02\\\/Screenshot-2026-02-22-at-2.25.03-PM.png\",\"contentUrl\":\"https:\\\/\\\/easyliferobo.com\\\/de\\\/wp-content\\\/uploads\\\/2026\\\/02\\\/Screenshot-2026-02-22-at-2.25.03-PM.png\",\"width\":1858,\"height\":430,\"caption\":\"EasyLifeBro\"},\"image\":{\"@id\":\"https:\\\/\\\/easyliferobo.com\\\/de\\\/#\\\/schema\\\/logo\\\/image\\\/\"}}]}<\/script>\n<!-- \/ Yoast SEO plugin. -->","yoast_head_json":{"title":"Beatbot AquaSense 2 Poolroboter, Akku-Poolsauger mit Parkfunktion, Poolreiniger Boden und Wand, doppelte Reinigung der Wasserlinie, f\u00fcr Pools bis 300 m\u00b2, Mitternachtsblau - EasyLifeBro","description":"Entdecken Sie smarte Roboter f\u00fcr Zuhause, Garten, Bildung und Sicherheit. Vergleichen Sie Saugroboter, Rasenm\u00e4hroboter, KI-Begleitroboter und mehr bei EasyLifeRobo.","robots":{"index":"index","follow":"follow","max-snippet":"max-snippet:-1","max-image-preview":"max-image-preview:large","max-video-preview":"max-video-preview:-1"},"canonical":"https:\/\/easyliferobo.com\/de\/product\/beatbot-aquasense-2-poolroboter-akku-poolsauger-mit-parkfunktion-poolreiniger-boden-und-wand-doppelte-reinigung-der-wasserlinie-fuer-pools-bis-300-m\u00b2-mitternachtsblau\/","og_locale":"de_DE","og_type":"article","og_title":"Beatbot AquaSense 2 Poolroboter, Akku-Poolsauger mit Parkfunktion, Poolreiniger Boden und Wand, doppelte Reinigung der Wasserlinie, f\u00fcr Pools bis 300 m\u00b2, Mitternachtsblau - EasyLifeBro","og_description":"Entdecken Sie smarte Roboter f\u00fcr Zuhause, Garten, Bildung und Sicherheit. Vergleichen Sie Saugroboter, Rasenm\u00e4hroboter, KI-Begleitroboter und mehr bei EasyLifeRobo.","og_url":"https:\/\/easyliferobo.com\/de\/product\/beatbot-aquasense-2-poolroboter-akku-poolsauger-mit-parkfunktion-poolreiniger-boden-und-wand-doppelte-reinigung-der-wasserlinie-fuer-pools-bis-300-m\u00b2-mitternachtsblau\/","og_site_name":"EasyLifeBro","article_modified_time":"2026-02-22T09:38:44+00:00","og_image":[{"width":1471,"height":1500,"url":"https:\/\/easyliferobo.com\/de\/wp-content\/uploads\/2026\/02\/71R1gLMmiSL._AC_SL1500_.jpg","type":"image\/jpeg"}],"twitter_card":"summary_large_image","twitter_misc":{"Gesch\u00e4tzte Lesezeit":"3\u00a0Minuten"},"schema":{"@context":"https:\/\/schema.org","@graph":[{"@type":"WebPage","@id":"https:\/\/easyliferobo.com\/de\/product\/beatbot-aquasense-2-poolroboter-akku-poolsauger-mit-parkfunktion-poolreiniger-boden-und-wand-doppelte-reinigung-der-wasserlinie-fuer-pools-bis-300-m%c2%b2-mitternachtsblau\/","url":"https:\/\/easyliferobo.com\/de\/product\/beatbot-aquasense-2-poolroboter-akku-poolsauger-mit-parkfunktion-poolreiniger-boden-und-wand-doppelte-reinigung-der-wasserlinie-fuer-pools-bis-300-m%c2%b2-mitternachtsblau\/","name":"Beatbot AquaSense 2 Poolroboter, Akku-Poolsauger mit Parkfunktion, Poolreiniger Boden und Wand, doppelte Reinigung der Wasserlinie, f\u00fcr Pools bis 300 m\u00b2, Mitternachtsblau - EasyLifeBro","isPartOf":{"@id":"https:\/\/easyliferobo.com\/de\/#website"},"primaryImageOfPage":{"@id":"https:\/\/easyliferobo.com\/de\/product\/beatbot-aquasense-2-poolroboter-akku-poolsauger-mit-parkfunktion-poolreiniger-boden-und-wand-doppelte-reinigung-der-wasserlinie-fuer-pools-bis-300-m%c2%b2-mitternachtsblau\/#primaryimage"},"image":{"@id":"https:\/\/easyliferobo.com\/de\/product\/beatbot-aquasense-2-poolroboter-akku-poolsauger-mit-parkfunktion-poolreiniger-boden-und-wand-doppelte-reinigung-der-wasserlinie-fuer-pools-bis-300-m%c2%b2-mitternachtsblau\/#primaryimage"},"thumbnailUrl":"https:\/\/easyliferobo.com\/de\/wp-content\/uploads\/2026\/02\/71R1gLMmiSL._AC_SL1500_.jpg","datePublished":"2026-02-22T09:38:20+00:00","dateModified":"2026-02-22T09:38:44+00:00","description":"Entdecken Sie smarte Roboter f\u00fcr Zuhause, Garten, Bildung und Sicherheit. Vergleichen Sie Saugroboter, Rasenm\u00e4hroboter, KI-Begleitroboter und mehr bei EasyLifeRobo.","breadcrumb":{"@id":"https:\/\/easyliferobo.com\/de\/product\/beatbot-aquasense-2-poolroboter-akku-poolsauger-mit-parkfunktion-poolreiniger-boden-und-wand-doppelte-reinigung-der-wasserlinie-fuer-pools-bis-300-m%c2%b2-mitternachtsblau\/#breadcrumb"},"inLanguage":"de","potentialAction":[{"@type":"ReadAction","target":["https:\/\/easyliferobo.com\/de\/product\/beatbot-aquasense-2-poolroboter-akku-poolsauger-mit-parkfunktion-poolreiniger-boden-und-wand-doppelte-reinigung-der-wasserlinie-fuer-pools-bis-300-m%c2%b2-mitternachtsblau\/"]}]},{"@type":"ImageObject","inLanguage":"de","@id":"https:\/\/easyliferobo.com\/de\/product\/beatbot-aquasense-2-poolroboter-akku-poolsauger-mit-parkfunktion-poolreiniger-boden-und-wand-doppelte-reinigung-der-wasserlinie-fuer-pools-bis-300-m%c2%b2-mitternachtsblau\/#primaryimage","url":"https:\/\/easyliferobo.com\/de\/wp-content\/uploads\/2026\/02\/71R1gLMmiSL._AC_SL1500_.jpg","contentUrl":"https:\/\/easyliferobo.com\/de\/wp-content\/uploads\/2026\/02\/71R1gLMmiSL._AC_SL1500_.jpg","width":1471,"height":1500},{"@type":"BreadcrumbList","@id":"https:\/\/easyliferobo.com\/de\/product\/beatbot-aquasense-2-poolroboter-akku-poolsauger-mit-parkfunktion-poolreiniger-boden-und-wand-doppelte-reinigung-der-wasserlinie-fuer-pools-bis-300-m%c2%b2-mitternachtsblau\/#breadcrumb","itemListElement":[{"@type":"ListItem","position":1,"name":"Home","item":"https:\/\/easyliferobo.com\/de\/"},{"@type":"ListItem","position":2,"name":"Shop","item":"https:\/\/easyliferobo.com\/de\/shop\/"},{"@type":"ListItem","position":3,"name":"Beatbot AquaSense 2 Poolroboter, Ak..."}]},{"@type":"WebSite","@id":"https:\/\/easyliferobo.com\/de\/#website","url":"https:\/\/easyliferobo.com\/de\/","name":"EasyLifeBro","description":"Smarte Roboter f\u00fcr Zuhause, Garten &amp; Bildung","publisher":{"@id":"https:\/\/easyliferobo.com\/de\/#organization"},"potentialAction":[{"@type":"SearchAction","target":{"@type":"EntryPoint","urlTemplate":"https:\/\/easyliferobo.com\/de\/?s={search_term_string}"},"query-input":{"@type":"PropertyValueSpecification","valueRequired":true,"valueName":"search_term_string"}}],"inLanguage":"de"},{"@type":"Organization","@id":"https:\/\/easyliferobo.com\/de\/#organization","name":"EasyLifeBro","url":"https:\/\/easyliferobo.com\/de\/","logo":{"@type":"ImageObject","inLanguage":"de","@id":"https:\/\/easyliferobo.com\/de\/#\/schema\/logo\/image\/","url":"https:\/\/easyliferobo.com\/de\/wp-content\/uploads\/2026\/02\/Screenshot-2026-02-22-at-2.25.03-PM.png","contentUrl":"https:\/\/easyliferobo.com\/de\/wp-content\/uploads\/2026\/02\/Screenshot-2026-02-22-at-2.25.03-PM.png","width":1858,"height":430,"caption":"EasyLifeBro"},"image":{"@id":"https:\/\/easyliferobo.com\/de\/#\/schema\/logo\/image\/"}}]}},"_links":{"self":[{"href":"https:\/\/easyliferobo.com\/de\/wp-json\/wp\/v2\/product\/419","targetHints":{"allow":["GET"]}}],"collection":[{"href":"https:\/\/easyliferobo.com\/de\/wp-json\/wp\/v2\/product"}],"about":[{"href":"https:\/\/easyliferobo.com\/de\/wp-json\/wp\/v2\/types\/product"}],"replies":[{"embeddable":true,"href":"https:\/\/easyliferobo.com\/de\/wp-json\/wp\/v2\/comments?post=419"}],"wp:featuredmedia":[{"embeddable":true,"href":"https:\/\/easyliferobo.com\/de\/wp-json\/wp\/v2\/media\/420"}],"wp:attachment":[{"href":"https:\/\/easyliferobo.com\/de\/wp-json\/wp\/v2\/media?parent=419"}],"wp:term":[{"taxonomy":"store","embeddable":true,"href":"https:\/\/easyliferobo.com\/de\/wp-json\/wp\/v2\/store?post=419"},{"taxonomy":"product_brand","embeddable":true,"href":"https:\/\/easyliferobo.com\/de\/wp-json\/wp\/v2\/product_brand?post=419"},{"taxonomy":"product_cat","embeddable":true,"href":"https:\/\/easyliferobo.com\/de\/wp-json\/wp\/v2\/product_cat?post=419"},{"taxonomy":"product_tag","embeddable":true,"href":"https:\/\/easyliferobo.com\/de\/wp-json\/wp\/v2\/product_tag?post=419"}],"curies":[{"name":"wp","href":"https:\/\/api.w.org\/{rel}","templated":true}]}}