
{"id":4184,"date":"2026-02-27T11:08:27","date_gmt":"2026-02-27T11:08:27","guid":{"rendered":"https:\/\/easyliferobo.com\/de\/product\/klauengreifer-60-cm-greifer-flexibel-flexibler-teleskopgreifer-4-finger-greifer-bequem-und-leistungsstark-weit-verbreitet-fuer-waschbecken-verstopfung-des-waschbeckens\/"},"modified":"2026-02-27T11:08:40","modified_gmt":"2026-02-27T11:08:40","slug":"klauengreifer-60-cm-greifer-flexibel-flexibler-teleskopgreifer-4-finger-greifer-bequem-und-leistungsstark-weit-verbreitet-fuer-waschbecken-verstopfung-des-waschbeckens","status":"publish","type":"product","link":"https:\/\/easyliferobo.com\/de\/product\/klauengreifer-60-cm-greifer-flexibel-flexibler-teleskopgreifer-4-finger-greifer-bequem-und-leistungsstark-weit-verbreitet-fuer-waschbecken-verstopfung-des-waschbeckens\/","title":{"rendered":"Klauengreifer, 60-cm-Greifer flexib..."},"content":{"rendered":"<p>\n                                             Von der Marke   <\/p>\n<p>                                              <img decoding=\"async\" alt=\"\" src=\"https:\/\/images-na.ssl-images-amazon.com\/images\/G\/01\/x-locale\/common\/grey-pixel.gif\" class=\"a-lazy-loaded\" data-src=\"https:\/\/m.media-amazon.com\/images\/S\/aplus-media-library-service-media\/47ff4fa4-6fe7-4659-90c2-3e7bb1d9acd4.__CR0,291,2730,1165_PT0_SX1464_V1___.png\"><img decoding=\"async\" alt=\"\" src=\"https:\/\/m.media-amazon.com\/images\/S\/aplus-media-library-service-media\/47ff4fa4-6fe7-4659-90c2-3e7bb1d9acd4.__CR0,291,2730,1165_PT0_SX1464_V1___.png\">  <\/p>\n<h3>  Die Geschichte von MYLERCT <\/h3>\n<p>  MYLERCT \u2013 m\u00f6chte Ihnen mehr Komfort in Ihrem Leben bieten. <\/p>\n<p>                                              <img decoding=\"async\" alt=\"\" src=\"https:\/\/images-na.ssl-images-amazon.com\/images\/G\/01\/x-locale\/common\/grey-pixel.gif\" class=\"a-lazy-loaded\" data-src=\"https:\/\/m.media-amazon.com\/images\/S\/aplus-media-library-service-media\/8c2291f7-9ce7-477e-964f-68005565cbf7.__CR0,216,800,368_PT0_SX315_V1___.jpg\"><img decoding=\"async\" alt=\"\" src=\"https:\/\/m.media-amazon.com\/images\/S\/aplus-media-library-service-media\/8c2291f7-9ce7-477e-964f-68005565cbf7.__CR0,216,800,368_PT0_SX315_V1___.jpg\">  <\/p>\n<h3>  \u00dcber uns <\/h3>\n<p>  Seit 2019 begleitet MYLERCT Sie im t\u00e4glichen Leben. Unsere Inspiration kommt aus kleinen Momenten des Alltags \u2013 wenn die K\u00fcchenutensilien unordentlich sind, wenn Sie eine praktische Hilfe bei der Hausarbeit brauchen. Es sind genau diese kleinen Unannehmlichkeiten, die uns dazu bringen, Produkte zu schaffen, die Ihren Alltag vereinfachen. <\/p>\n<h3>  Haushaltswerkzeuge <\/h3>\n<h3>  Aufbewahrung und Dekoration <\/h3>\n<h3>  Pillendose <\/h3>\n<h3>  Badezimmerausstattung <\/h3>\n<h3>  Filter <\/h3>\n<h3>  Isolierte Taschen <\/h3>\n<h3>  Essenszubereitung <\/h3>\n<h3>  M\u00f6belmontage <\/h3>\n<h3>  Werkzeuge <\/h3>\n<p>Hochwertiges Material: Der Hauptk\u00f6rper des Klauengreifers besteht aus robustem Edelstahl und der Griff aus PP-Material, flexibler Greifer, der leicht zu halten und bequem zu verwenden ist<br \/>Einzigartiges Design: Der flexible Greifer verf\u00fcgt \u00fcber ein Vier-Klauen-Greifer-Design, das einen starken Halt hat und nach dem Greifen der Blockade nicht leicht herunterf\u00e4llt<br \/>Gute Flexibilit\u00e4t: Die meisten Wasserleitungen sind gebogen. Sollte das Rohr verstopft sein, kann der Teleskopgreifer aufgrund seiner flexiblen und weichen Eigenschaften in das Rohr eindringen und die Verstopfung l\u00f6sen<br \/>Einfach zu bedienen: F\u00fchren Sie das Greiferfederrohr-Baggerwerkzeug einfach tief in das Rohr ein und dr\u00fccken Sie den Griff, wenn Sie auf eine Verstopfung sto\u00dfen, um diese zu entfernen<br \/>Breite Anwendung: Das Reinigungswerkzeug hat eine L\u00e4nge von 60 cm, kann tief in das Abflussrohr eindringen und wird h\u00e4ufig verwendet, wenn Waschbecken, Waschbecken, Bodenabl\u00e4ufe usw. verstopft sind<\/p>\n<p>[ad_2]<\/p>\n","protected":false},"excerpt":{"rendered":"<p>Von der Marke Die Geschichte von MYLERCT MYLERCT \u2013 m\u00f6chte Ihnen mehr Komfort in Ihrem Leben bieten. \u00dcber uns Seit 2019 begleitet MYLERCT Sie im t\u00e4glichen Leben. Unsere Inspiration kommt aus kleinen Momenten des Alltags \u2013 wenn die K\u00fcchenutensilien unordentlich sind, wenn Sie eine praktische Hilfe bei der Hausarbeit brauchen. Es sind genau diese kleinen [&hellip;]<\/p>\n","protected":false},"featured_media":4185,"comment_status":"open","ping_status":"closed","template":"","meta":{"_aipt_faq_data":""},"store":[],"product_brand":[],"product_cat":[100],"product_tag":[402],"class_list":{"0":"post-4184","1":"product","2":"type-product","3":"status-publish","4":"has-post-thumbnail","6":"product_cat-greifer-zubehoer","7":"product_tag-greifer-zubehoer-druckluftsystem","9":"first","10":"instock","11":"shipping-taxable","12":"product-type-external"},"yoast_head":"<!-- This site is optimized with the Yoast SEO plugin v27.4 - https:\/\/yoast.com\/product\/yoast-seo-wordpress\/ -->\n<title>Klauengreifer, 60-cm-Greifer flexibel, flexibler Teleskopgreifer, 4-Finger-Greifer, bequem und leistungsstark, weit verbreitet f\u00fcr Waschbecken, Verstopfung des Waschbeckens - EasyLifeBro<\/title>\n<meta name=\"description\" content=\"Entdecken Sie smarte Roboter f\u00fcr Zuhause, Garten, Bildung und Sicherheit. Vergleichen Sie Saugroboter, Rasenm\u00e4hroboter, KI-Begleitroboter und mehr bei EasyLifeRobo.\" \/>\n<meta name=\"robots\" content=\"index, follow, max-snippet:-1, max-image-preview:large, max-video-preview:-1\" \/>\n<link rel=\"canonical\" href=\"https:\/\/easyliferobo.com\/de\/product\/klauengreifer-60-cm-greifer-flexibel-flexibler-teleskopgreifer-4-finger-greifer-bequem-und-leistungsstark-weit-verbreitet-fuer-waschbecken-verstopfung-des-waschbeckens\/\" \/>\n<meta property=\"og:locale\" content=\"de_DE\" \/>\n<meta property=\"og:type\" content=\"article\" \/>\n<meta property=\"og:title\" content=\"Klauengreifer, 60-cm-Greifer flexibel, flexibler Teleskopgreifer, 4-Finger-Greifer, bequem und leistungsstark, weit verbreitet f\u00fcr Waschbecken, Verstopfung des Waschbeckens - EasyLifeBro\" \/>\n<meta property=\"og:description\" content=\"Entdecken Sie smarte Roboter f\u00fcr Zuhause, Garten, Bildung und Sicherheit. Vergleichen Sie Saugroboter, Rasenm\u00e4hroboter, KI-Begleitroboter und mehr bei EasyLifeRobo.\" \/>\n<meta property=\"og:url\" content=\"https:\/\/easyliferobo.com\/de\/product\/klauengreifer-60-cm-greifer-flexibel-flexibler-teleskopgreifer-4-finger-greifer-bequem-und-leistungsstark-weit-verbreitet-fuer-waschbecken-verstopfung-des-waschbeckens\/\" \/>\n<meta property=\"og:site_name\" content=\"EasyLifeBro\" \/>\n<meta property=\"article:modified_time\" content=\"2026-02-27T11:08:40+00:00\" \/>\n<meta property=\"og:image\" content=\"https:\/\/images-na.ssl-images-amazon.com\/images\/G\/01\/x-locale\/common\/grey-pixel.gif\" \/>\n<meta name=\"twitter:card\" content=\"summary_large_image\" \/>\n<meta name=\"twitter:label1\" content=\"Gesch\u00e4tzte Lesezeit\" \/>\n\t<meta name=\"twitter:data1\" content=\"1\u00a0Minute\" \/>\n<script type=\"application\/ld+json\" class=\"yoast-schema-graph\">{\"@context\":\"https:\\\/\\\/schema.org\",\"@graph\":[{\"@type\":\"WebPage\",\"@id\":\"https:\\\/\\\/easyliferobo.com\\\/de\\\/product\\\/klauengreifer-60-cm-greifer-flexibel-flexibler-teleskopgreifer-4-finger-greifer-bequem-und-leistungsstark-weit-verbreitet-fuer-waschbecken-verstopfung-des-waschbeckens\\\/\",\"url\":\"https:\\\/\\\/easyliferobo.com\\\/de\\\/product\\\/klauengreifer-60-cm-greifer-flexibel-flexibler-teleskopgreifer-4-finger-greifer-bequem-und-leistungsstark-weit-verbreitet-fuer-waschbecken-verstopfung-des-waschbeckens\\\/\",\"name\":\"Klauengreifer, 60-cm-Greifer flexibel, flexibler Teleskopgreifer, 4-Finger-Greifer, bequem und leistungsstark, weit verbreitet f\u00fcr Waschbecken, Verstopfung des Waschbeckens - EasyLifeBro\",\"isPartOf\":{\"@id\":\"https:\\\/\\\/easyliferobo.com\\\/de\\\/#website\"},\"primaryImageOfPage\":{\"@id\":\"https:\\\/\\\/easyliferobo.com\\\/de\\\/product\\\/klauengreifer-60-cm-greifer-flexibel-flexibler-teleskopgreifer-4-finger-greifer-bequem-und-leistungsstark-weit-verbreitet-fuer-waschbecken-verstopfung-des-waschbeckens\\\/#primaryimage\"},\"image\":{\"@id\":\"https:\\\/\\\/easyliferobo.com\\\/de\\\/product\\\/klauengreifer-60-cm-greifer-flexibel-flexibler-teleskopgreifer-4-finger-greifer-bequem-und-leistungsstark-weit-verbreitet-fuer-waschbecken-verstopfung-des-waschbeckens\\\/#primaryimage\"},\"thumbnailUrl\":\"https:\\\/\\\/easyliferobo.com\\\/de\\\/wp-content\\\/uploads\\\/2026\\\/02\\\/51zCESXembL._AC_SL1500_.jpg\",\"datePublished\":\"2026-02-27T11:08:27+00:00\",\"dateModified\":\"2026-02-27T11:08:40+00:00\",\"description\":\"Entdecken Sie smarte Roboter f\u00fcr Zuhause, Garten, Bildung und Sicherheit. Vergleichen Sie Saugroboter, Rasenm\u00e4hroboter, KI-Begleitroboter und mehr bei EasyLifeRobo.\",\"breadcrumb\":{\"@id\":\"https:\\\/\\\/easyliferobo.com\\\/de\\\/product\\\/klauengreifer-60-cm-greifer-flexibel-flexibler-teleskopgreifer-4-finger-greifer-bequem-und-leistungsstark-weit-verbreitet-fuer-waschbecken-verstopfung-des-waschbeckens\\\/#breadcrumb\"},\"inLanguage\":\"de\",\"potentialAction\":[{\"@type\":\"ReadAction\",\"target\":[\"https:\\\/\\\/easyliferobo.com\\\/de\\\/product\\\/klauengreifer-60-cm-greifer-flexibel-flexibler-teleskopgreifer-4-finger-greifer-bequem-und-leistungsstark-weit-verbreitet-fuer-waschbecken-verstopfung-des-waschbeckens\\\/\"]}]},{\"@type\":\"ImageObject\",\"inLanguage\":\"de\",\"@id\":\"https:\\\/\\\/easyliferobo.com\\\/de\\\/product\\\/klauengreifer-60-cm-greifer-flexibel-flexibler-teleskopgreifer-4-finger-greifer-bequem-und-leistungsstark-weit-verbreitet-fuer-waschbecken-verstopfung-des-waschbeckens\\\/#primaryimage\",\"url\":\"https:\\\/\\\/easyliferobo.com\\\/de\\\/wp-content\\\/uploads\\\/2026\\\/02\\\/51zCESXembL._AC_SL1500_.jpg\",\"contentUrl\":\"https:\\\/\\\/easyliferobo.com\\\/de\\\/wp-content\\\/uploads\\\/2026\\\/02\\\/51zCESXembL._AC_SL1500_.jpg\",\"width\":1397,\"height\":1245},{\"@type\":\"BreadcrumbList\",\"@id\":\"https:\\\/\\\/easyliferobo.com\\\/de\\\/product\\\/klauengreifer-60-cm-greifer-flexibel-flexibler-teleskopgreifer-4-finger-greifer-bequem-und-leistungsstark-weit-verbreitet-fuer-waschbecken-verstopfung-des-waschbeckens\\\/#breadcrumb\",\"itemListElement\":[{\"@type\":\"ListItem\",\"position\":1,\"name\":\"Home\",\"item\":\"https:\\\/\\\/easyliferobo.com\\\/de\\\/\"},{\"@type\":\"ListItem\",\"position\":2,\"name\":\"Shop\",\"item\":\"https:\\\/\\\/easyliferobo.com\\\/de\\\/shop\\\/\"},{\"@type\":\"ListItem\",\"position\":3,\"name\":\"Klauengreifer, 60-cm-Greifer flexib...\"}]},{\"@type\":\"WebSite\",\"@id\":\"https:\\\/\\\/easyliferobo.com\\\/de\\\/#website\",\"url\":\"https:\\\/\\\/easyliferobo.com\\\/de\\\/\",\"name\":\"EasyLifeBro\",\"description\":\"Smarte Roboter f\u00fcr Zuhause, Garten &amp; Bildung\",\"publisher\":{\"@id\":\"https:\\\/\\\/easyliferobo.com\\\/de\\\/#organization\"},\"potentialAction\":[{\"@type\":\"SearchAction\",\"target\":{\"@type\":\"EntryPoint\",\"urlTemplate\":\"https:\\\/\\\/easyliferobo.com\\\/de\\\/?s={search_term_string}\"},\"query-input\":{\"@type\":\"PropertyValueSpecification\",\"valueRequired\":true,\"valueName\":\"search_term_string\"}}],\"inLanguage\":\"de\"},{\"@type\":\"Organization\",\"@id\":\"https:\\\/\\\/easyliferobo.com\\\/de\\\/#organization\",\"name\":\"EasyLifeBro\",\"url\":\"https:\\\/\\\/easyliferobo.com\\\/de\\\/\",\"logo\":{\"@type\":\"ImageObject\",\"inLanguage\":\"de\",\"@id\":\"https:\\\/\\\/easyliferobo.com\\\/de\\\/#\\\/schema\\\/logo\\\/image\\\/\",\"url\":\"https:\\\/\\\/easyliferobo.com\\\/de\\\/wp-content\\\/uploads\\\/2026\\\/02\\\/Screenshot-2026-02-22-at-2.25.03-PM.png\",\"contentUrl\":\"https:\\\/\\\/easyliferobo.com\\\/de\\\/wp-content\\\/uploads\\\/2026\\\/02\\\/Screenshot-2026-02-22-at-2.25.03-PM.png\",\"width\":1858,\"height\":430,\"caption\":\"EasyLifeBro\"},\"image\":{\"@id\":\"https:\\\/\\\/easyliferobo.com\\\/de\\\/#\\\/schema\\\/logo\\\/image\\\/\"}}]}<\/script>\n<!-- \/ Yoast SEO plugin. -->","yoast_head_json":{"title":"Klauengreifer, 60-cm-Greifer flexibel, flexibler Teleskopgreifer, 4-Finger-Greifer, bequem und leistungsstark, weit verbreitet f\u00fcr Waschbecken, Verstopfung des Waschbeckens - EasyLifeBro","description":"Entdecken Sie smarte Roboter f\u00fcr Zuhause, Garten, Bildung und Sicherheit. Vergleichen Sie Saugroboter, Rasenm\u00e4hroboter, KI-Begleitroboter und mehr bei EasyLifeRobo.","robots":{"index":"index","follow":"follow","max-snippet":"max-snippet:-1","max-image-preview":"max-image-preview:large","max-video-preview":"max-video-preview:-1"},"canonical":"https:\/\/easyliferobo.com\/de\/product\/klauengreifer-60-cm-greifer-flexibel-flexibler-teleskopgreifer-4-finger-greifer-bequem-und-leistungsstark-weit-verbreitet-fuer-waschbecken-verstopfung-des-waschbeckens\/","og_locale":"de_DE","og_type":"article","og_title":"Klauengreifer, 60-cm-Greifer flexibel, flexibler Teleskopgreifer, 4-Finger-Greifer, bequem und leistungsstark, weit verbreitet f\u00fcr Waschbecken, Verstopfung des Waschbeckens - EasyLifeBro","og_description":"Entdecken Sie smarte Roboter f\u00fcr Zuhause, Garten, Bildung und Sicherheit. Vergleichen Sie Saugroboter, Rasenm\u00e4hroboter, KI-Begleitroboter und mehr bei EasyLifeRobo.","og_url":"https:\/\/easyliferobo.com\/de\/product\/klauengreifer-60-cm-greifer-flexibel-flexibler-teleskopgreifer-4-finger-greifer-bequem-und-leistungsstark-weit-verbreitet-fuer-waschbecken-verstopfung-des-waschbeckens\/","og_site_name":"EasyLifeBro","article_modified_time":"2026-02-27T11:08:40+00:00","og_image":[{"url":"https:\/\/images-na.ssl-images-amazon.com\/images\/G\/01\/x-locale\/common\/grey-pixel.gif","type":"","width":"","height":""}],"twitter_card":"summary_large_image","twitter_misc":{"Gesch\u00e4tzte Lesezeit":"1\u00a0Minute"},"schema":{"@context":"https:\/\/schema.org","@graph":[{"@type":"WebPage","@id":"https:\/\/easyliferobo.com\/de\/product\/klauengreifer-60-cm-greifer-flexibel-flexibler-teleskopgreifer-4-finger-greifer-bequem-und-leistungsstark-weit-verbreitet-fuer-waschbecken-verstopfung-des-waschbeckens\/","url":"https:\/\/easyliferobo.com\/de\/product\/klauengreifer-60-cm-greifer-flexibel-flexibler-teleskopgreifer-4-finger-greifer-bequem-und-leistungsstark-weit-verbreitet-fuer-waschbecken-verstopfung-des-waschbeckens\/","name":"Klauengreifer, 60-cm-Greifer flexibel, flexibler Teleskopgreifer, 4-Finger-Greifer, bequem und leistungsstark, weit verbreitet f\u00fcr Waschbecken, Verstopfung des Waschbeckens - EasyLifeBro","isPartOf":{"@id":"https:\/\/easyliferobo.com\/de\/#website"},"primaryImageOfPage":{"@id":"https:\/\/easyliferobo.com\/de\/product\/klauengreifer-60-cm-greifer-flexibel-flexibler-teleskopgreifer-4-finger-greifer-bequem-und-leistungsstark-weit-verbreitet-fuer-waschbecken-verstopfung-des-waschbeckens\/#primaryimage"},"image":{"@id":"https:\/\/easyliferobo.com\/de\/product\/klauengreifer-60-cm-greifer-flexibel-flexibler-teleskopgreifer-4-finger-greifer-bequem-und-leistungsstark-weit-verbreitet-fuer-waschbecken-verstopfung-des-waschbeckens\/#primaryimage"},"thumbnailUrl":"https:\/\/easyliferobo.com\/de\/wp-content\/uploads\/2026\/02\/51zCESXembL._AC_SL1500_.jpg","datePublished":"2026-02-27T11:08:27+00:00","dateModified":"2026-02-27T11:08:40+00:00","description":"Entdecken Sie smarte Roboter f\u00fcr Zuhause, Garten, Bildung und Sicherheit. Vergleichen Sie Saugroboter, Rasenm\u00e4hroboter, KI-Begleitroboter und mehr bei EasyLifeRobo.","breadcrumb":{"@id":"https:\/\/easyliferobo.com\/de\/product\/klauengreifer-60-cm-greifer-flexibel-flexibler-teleskopgreifer-4-finger-greifer-bequem-und-leistungsstark-weit-verbreitet-fuer-waschbecken-verstopfung-des-waschbeckens\/#breadcrumb"},"inLanguage":"de","potentialAction":[{"@type":"ReadAction","target":["https:\/\/easyliferobo.com\/de\/product\/klauengreifer-60-cm-greifer-flexibel-flexibler-teleskopgreifer-4-finger-greifer-bequem-und-leistungsstark-weit-verbreitet-fuer-waschbecken-verstopfung-des-waschbeckens\/"]}]},{"@type":"ImageObject","inLanguage":"de","@id":"https:\/\/easyliferobo.com\/de\/product\/klauengreifer-60-cm-greifer-flexibel-flexibler-teleskopgreifer-4-finger-greifer-bequem-und-leistungsstark-weit-verbreitet-fuer-waschbecken-verstopfung-des-waschbeckens\/#primaryimage","url":"https:\/\/easyliferobo.com\/de\/wp-content\/uploads\/2026\/02\/51zCESXembL._AC_SL1500_.jpg","contentUrl":"https:\/\/easyliferobo.com\/de\/wp-content\/uploads\/2026\/02\/51zCESXembL._AC_SL1500_.jpg","width":1397,"height":1245},{"@type":"BreadcrumbList","@id":"https:\/\/easyliferobo.com\/de\/product\/klauengreifer-60-cm-greifer-flexibel-flexibler-teleskopgreifer-4-finger-greifer-bequem-und-leistungsstark-weit-verbreitet-fuer-waschbecken-verstopfung-des-waschbeckens\/#breadcrumb","itemListElement":[{"@type":"ListItem","position":1,"name":"Home","item":"https:\/\/easyliferobo.com\/de\/"},{"@type":"ListItem","position":2,"name":"Shop","item":"https:\/\/easyliferobo.com\/de\/shop\/"},{"@type":"ListItem","position":3,"name":"Klauengreifer, 60-cm-Greifer flexib..."}]},{"@type":"WebSite","@id":"https:\/\/easyliferobo.com\/de\/#website","url":"https:\/\/easyliferobo.com\/de\/","name":"EasyLifeBro","description":"Smarte Roboter f\u00fcr Zuhause, Garten &amp; Bildung","publisher":{"@id":"https:\/\/easyliferobo.com\/de\/#organization"},"potentialAction":[{"@type":"SearchAction","target":{"@type":"EntryPoint","urlTemplate":"https:\/\/easyliferobo.com\/de\/?s={search_term_string}"},"query-input":{"@type":"PropertyValueSpecification","valueRequired":true,"valueName":"search_term_string"}}],"inLanguage":"de"},{"@type":"Organization","@id":"https:\/\/easyliferobo.com\/de\/#organization","name":"EasyLifeBro","url":"https:\/\/easyliferobo.com\/de\/","logo":{"@type":"ImageObject","inLanguage":"de","@id":"https:\/\/easyliferobo.com\/de\/#\/schema\/logo\/image\/","url":"https:\/\/easyliferobo.com\/de\/wp-content\/uploads\/2026\/02\/Screenshot-2026-02-22-at-2.25.03-PM.png","contentUrl":"https:\/\/easyliferobo.com\/de\/wp-content\/uploads\/2026\/02\/Screenshot-2026-02-22-at-2.25.03-PM.png","width":1858,"height":430,"caption":"EasyLifeBro"},"image":{"@id":"https:\/\/easyliferobo.com\/de\/#\/schema\/logo\/image\/"}}]}},"_links":{"self":[{"href":"https:\/\/easyliferobo.com\/de\/wp-json\/wp\/v2\/product\/4184","targetHints":{"allow":["GET"]}}],"collection":[{"href":"https:\/\/easyliferobo.com\/de\/wp-json\/wp\/v2\/product"}],"about":[{"href":"https:\/\/easyliferobo.com\/de\/wp-json\/wp\/v2\/types\/product"}],"replies":[{"embeddable":true,"href":"https:\/\/easyliferobo.com\/de\/wp-json\/wp\/v2\/comments?post=4184"}],"wp:featuredmedia":[{"embeddable":true,"href":"https:\/\/easyliferobo.com\/de\/wp-json\/wp\/v2\/media\/4185"}],"wp:attachment":[{"href":"https:\/\/easyliferobo.com\/de\/wp-json\/wp\/v2\/media?parent=4184"}],"wp:term":[{"taxonomy":"store","embeddable":true,"href":"https:\/\/easyliferobo.com\/de\/wp-json\/wp\/v2\/store?post=4184"},{"taxonomy":"product_brand","embeddable":true,"href":"https:\/\/easyliferobo.com\/de\/wp-json\/wp\/v2\/product_brand?post=4184"},{"taxonomy":"product_cat","embeddable":true,"href":"https:\/\/easyliferobo.com\/de\/wp-json\/wp\/v2\/product_cat?post=4184"},{"taxonomy":"product_tag","embeddable":true,"href":"https:\/\/easyliferobo.com\/de\/wp-json\/wp\/v2\/product_tag?post=4184"}],"curies":[{"name":"wp","href":"https:\/\/api.w.org\/{rel}","templated":true}]}}