
{"id":4177,"date":"2026-02-27T11:07:31","date_gmt":"2026-02-27T11:07:31","guid":{"rendered":"https:\/\/easyliferobo.com\/de\/product\/moes-tuya-zigbee-und-ble-multi-mode-smart-home-gateway-wifi-mesh-hub-funktioniert-mit-tuya-zigbee-oder-ble-smart-home-produkten-sprachsteuerung-ueber-alexa-google-home\/"},"modified":"2026-02-27T11:07:42","modified_gmt":"2026-02-27T11:07:42","slug":"moes-tuya-zigbee-und-ble-multi-mode-smart-home-gateway-wifi-mesh-hub-funktioniert-mit-tuya-zigbee-oder-ble-smart-home-produkten-sprachsteuerung-ueber-alexa-google-home","status":"publish","type":"product","link":"https:\/\/easyliferobo.com\/de\/product\/moes-tuya-zigbee-und-ble-multi-mode-smart-home-gateway-wifi-mesh-hub-funktioniert-mit-tuya-zigbee-oder-ble-smart-home-produkten-sprachsteuerung-ueber-alexa-google-home\/","title":{"rendered":"MOES Tuya ZigBee und BLE Multi-Mode..."},"content":{"rendered":"<p>\n                                             Von der Marke   <\/p>\n<p>                                              <img decoding=\"async\" alt=\"1\" src=\"https:\/\/images-na.ssl-images-amazon.com\/images\/G\/01\/x-locale\/common\/grey-pixel.gif\" class=\"a-lazy-loaded\" data-src=\"https:\/\/m.media-amazon.com\/images\/S\/aplus-media-library-service-media\/e619417e-a3fe-4434-a0c3-c2a6a2217ae7.__CR0,0,1464,625_PT0_SX1464_V1___.jpg\"><img decoding=\"async\" alt=\"1\" src=\"https:\/\/m.media-amazon.com\/images\/S\/aplus-media-library-service-media\/e619417e-a3fe-4434-a0c3-c2a6a2217ae7.__CR0,0,1464,625_PT0_SX1464_V1___.jpg\">  <\/p>\n<p>                                              <img decoding=\"async\" alt=\"\" src=\"https:\/\/images-na.ssl-images-amazon.com\/images\/G\/01\/x-locale\/common\/grey-pixel.gif\" class=\"a-lazy-loaded\" data-src=\"https:\/\/m.media-amazon.com\/images\/S\/aplus-media-library-service-media\/07cb3bd1-6b01-44b6-935c-a0eba1da4ee4.__CR0,0,315,145_PT0_SX315_V1___.jpg\"><img decoding=\"async\" alt=\"\" src=\"https:\/\/m.media-amazon.com\/images\/S\/aplus-media-library-service-media\/07cb3bd1-6b01-44b6-935c-a0eba1da4ee4.__CR0,0,315,145_PT0_SX315_V1___.jpg\">  <\/p>\n<p>  Moes widmet sich dem Kontinuierlichen <\/p>\n<p>  Verbesserung und Innovation von smart <\/p>\n<p>  Haushaltsger\u00e4te <\/p>\n<p>  Genie\u00dfen, nicht nur live, ist das Original <\/p>\n<p>  Absicht und Idee f\u00fcr die Gestaltung <\/p>\n<p>  Smart-Home-Ger\u00e4t <\/p>\n<h3>  intelligenter Sensor und Schalter <\/h3>\n<h3>   <\/h3>\n<h3>    Wand-Smart-Schalter <\/h3>\n<p>1. 2 Modi in 1 Gateway unterst\u00fctzen Bluetooth Mesh (SIG) + Zigbee3.0 Multiprotokoll-Kommunikation. Nur 1 Gateway kann sich an verschiedene Ger\u00e4te anpassen.<br \/>2. Unterst\u00fctzt 128 Ger\u00e4te, unterst\u00fctzt bis zu 128 Tuya-Smart-Home-Ger\u00e4te, wie Bluetooth-T\u00fcrschloss, ZigBee-Leckdetektor, Bluetooth-Finger, intelligenter Zigbee-TRV-Controller, Bluetooth-Thermometer, ZigBee-Fenstertorsensor usw.<br \/>Sprach- und App-Fernbedienung. Egal wo Sie sind, Sie k\u00f6nnen Smart-Ger\u00e4te \u00fcber die Smart Life-App auf Ihrem Telefon steuern. Unterst\u00fctzt die Sprachsteuerung von Alexa, Google Home. Verkn\u00fcpfen Sie einfach einmalig Ihre Alexa- und Google-Konten in der MOES-App \u2013 und schon kann es losgehen!<br \/>4. Sicherheits-Multifunktionsunterst\u00fctzung lokales Szenario, unterst\u00fctzt lokale Automatisierung, unterst\u00fctzt Sicherheitsfunktionen und kann in die Tuya Security Saas-Plattform integriert werden.<br \/>5. Hinweis &#038; unterst\u00fctzt Tuya ZigBee 3.0 \/ BLE \/ 2.4GWIFI (nicht 5G). Unterst\u00fctzt nur Tuya-Ger\u00e4te und die Smart Life-App. Beinhaltet volle 2-Jahres- und 30-Tage-Garantie f\u00fcr die vollst\u00e4ndige Garantie.<\/p>\n<p>[ad_2]<\/p>\n","protected":false},"excerpt":{"rendered":"<p>Von der Marke Moes widmet sich dem Kontinuierlichen Verbesserung und Innovation von smart Haushaltsger\u00e4te Genie\u00dfen, nicht nur live, ist das Original Absicht und Idee f\u00fcr die Gestaltung Smart-Home-Ger\u00e4t intelligenter Sensor und Schalter Wand-Smart-Schalter 1. 2 Modi in 1 Gateway unterst\u00fctzen Bluetooth Mesh (SIG) + Zigbee3.0 Multiprotokoll-Kommunikation. Nur 1 Gateway kann sich an verschiedene Ger\u00e4te anpassen.2. [&hellip;]<\/p>\n","protected":false},"featured_media":4178,"comment_status":"open","ping_status":"closed","template":"","meta":{"_aipt_faq_data":""},"store":[],"product_brand":[448],"product_cat":[101],"product_tag":[168],"class_list":{"0":"post-4177","1":"product","2":"type-product","3":"status-publish","4":"has-post-thumbnail","6":"product_brand-moes","7":"product_cat-diy-automatisierungskits","8":"product_tag-diy-automatisierungskits-fuer-smart-home","10":"first","11":"instock","12":"shipping-taxable","13":"product-type-external"},"yoast_head":"<!-- This site is optimized with the Yoast SEO plugin v27.4 - https:\/\/yoast.com\/product\/yoast-seo-wordpress\/ -->\n<title>MOES Tuya ZigBee und BLE Multi-Mode Smart Home Gateway WiFi Mesh Hub, funktioniert mit Tuya ZigBee oder BLE Smart Home Produkten, Sprachsteuerung \u00fcber Alexa Google Home - EasyLifeBro<\/title>\n<meta name=\"description\" content=\"Entdecken Sie smarte Roboter f\u00fcr Zuhause, Garten, Bildung und Sicherheit. Vergleichen Sie Saugroboter, Rasenm\u00e4hroboter, KI-Begleitroboter und mehr bei EasyLifeRobo.\" \/>\n<meta name=\"robots\" content=\"index, follow, max-snippet:-1, max-image-preview:large, max-video-preview:-1\" \/>\n<link rel=\"canonical\" href=\"https:\/\/easyliferobo.com\/de\/product\/moes-tuya-zigbee-und-ble-multi-mode-smart-home-gateway-wifi-mesh-hub-funktioniert-mit-tuya-zigbee-oder-ble-smart-home-produkten-sprachsteuerung-ueber-alexa-google-home\/\" \/>\n<meta property=\"og:locale\" content=\"de_DE\" \/>\n<meta property=\"og:type\" content=\"article\" \/>\n<meta property=\"og:title\" content=\"MOES Tuya ZigBee und BLE Multi-Mode Smart Home Gateway WiFi Mesh Hub, funktioniert mit Tuya ZigBee oder BLE Smart Home Produkten, Sprachsteuerung \u00fcber Alexa Google Home - EasyLifeBro\" \/>\n<meta property=\"og:description\" content=\"Entdecken Sie smarte Roboter f\u00fcr Zuhause, Garten, Bildung und Sicherheit. Vergleichen Sie Saugroboter, Rasenm\u00e4hroboter, KI-Begleitroboter und mehr bei EasyLifeRobo.\" \/>\n<meta property=\"og:url\" content=\"https:\/\/easyliferobo.com\/de\/product\/moes-tuya-zigbee-und-ble-multi-mode-smart-home-gateway-wifi-mesh-hub-funktioniert-mit-tuya-zigbee-oder-ble-smart-home-produkten-sprachsteuerung-ueber-alexa-google-home\/\" \/>\n<meta property=\"og:site_name\" content=\"EasyLifeBro\" \/>\n<meta property=\"article:modified_time\" content=\"2026-02-27T11:07:42+00:00\" \/>\n<meta property=\"og:image\" content=\"https:\/\/images-na.ssl-images-amazon.com\/images\/G\/01\/x-locale\/common\/grey-pixel.gif\" \/>\n<meta name=\"twitter:card\" content=\"summary_large_image\" \/>\n<meta name=\"twitter:label1\" content=\"Gesch\u00e4tzte Lesezeit\" \/>\n\t<meta name=\"twitter:data1\" content=\"1\u00a0Minute\" \/>\n<script type=\"application\/ld+json\" class=\"yoast-schema-graph\">{\"@context\":\"https:\\\/\\\/schema.org\",\"@graph\":[{\"@type\":\"WebPage\",\"@id\":\"https:\\\/\\\/easyliferobo.com\\\/de\\\/product\\\/moes-tuya-zigbee-und-ble-multi-mode-smart-home-gateway-wifi-mesh-hub-funktioniert-mit-tuya-zigbee-oder-ble-smart-home-produkten-sprachsteuerung-ueber-alexa-google-home\\\/\",\"url\":\"https:\\\/\\\/easyliferobo.com\\\/de\\\/product\\\/moes-tuya-zigbee-und-ble-multi-mode-smart-home-gateway-wifi-mesh-hub-funktioniert-mit-tuya-zigbee-oder-ble-smart-home-produkten-sprachsteuerung-ueber-alexa-google-home\\\/\",\"name\":\"MOES Tuya ZigBee und BLE Multi-Mode Smart Home Gateway WiFi Mesh Hub, funktioniert mit Tuya ZigBee oder BLE Smart Home Produkten, Sprachsteuerung \u00fcber Alexa Google Home - EasyLifeBro\",\"isPartOf\":{\"@id\":\"https:\\\/\\\/easyliferobo.com\\\/de\\\/#website\"},\"primaryImageOfPage\":{\"@id\":\"https:\\\/\\\/easyliferobo.com\\\/de\\\/product\\\/moes-tuya-zigbee-und-ble-multi-mode-smart-home-gateway-wifi-mesh-hub-funktioniert-mit-tuya-zigbee-oder-ble-smart-home-produkten-sprachsteuerung-ueber-alexa-google-home\\\/#primaryimage\"},\"image\":{\"@id\":\"https:\\\/\\\/easyliferobo.com\\\/de\\\/product\\\/moes-tuya-zigbee-und-ble-multi-mode-smart-home-gateway-wifi-mesh-hub-funktioniert-mit-tuya-zigbee-oder-ble-smart-home-produkten-sprachsteuerung-ueber-alexa-google-home\\\/#primaryimage\"},\"thumbnailUrl\":\"https:\\\/\\\/easyliferobo.com\\\/de\\\/wp-content\\\/uploads\\\/2026\\\/02\\\/41BDPPhqYoL._SL1001_.jpg\",\"datePublished\":\"2026-02-27T11:07:31+00:00\",\"dateModified\":\"2026-02-27T11:07:42+00:00\",\"description\":\"Entdecken Sie smarte Roboter f\u00fcr Zuhause, Garten, Bildung und Sicherheit. Vergleichen Sie Saugroboter, Rasenm\u00e4hroboter, KI-Begleitroboter und mehr bei EasyLifeRobo.\",\"breadcrumb\":{\"@id\":\"https:\\\/\\\/easyliferobo.com\\\/de\\\/product\\\/moes-tuya-zigbee-und-ble-multi-mode-smart-home-gateway-wifi-mesh-hub-funktioniert-mit-tuya-zigbee-oder-ble-smart-home-produkten-sprachsteuerung-ueber-alexa-google-home\\\/#breadcrumb\"},\"inLanguage\":\"de\",\"potentialAction\":[{\"@type\":\"ReadAction\",\"target\":[\"https:\\\/\\\/easyliferobo.com\\\/de\\\/product\\\/moes-tuya-zigbee-und-ble-multi-mode-smart-home-gateway-wifi-mesh-hub-funktioniert-mit-tuya-zigbee-oder-ble-smart-home-produkten-sprachsteuerung-ueber-alexa-google-home\\\/\"]}]},{\"@type\":\"ImageObject\",\"inLanguage\":\"de\",\"@id\":\"https:\\\/\\\/easyliferobo.com\\\/de\\\/product\\\/moes-tuya-zigbee-und-ble-multi-mode-smart-home-gateway-wifi-mesh-hub-funktioniert-mit-tuya-zigbee-oder-ble-smart-home-produkten-sprachsteuerung-ueber-alexa-google-home\\\/#primaryimage\",\"url\":\"https:\\\/\\\/easyliferobo.com\\\/de\\\/wp-content\\\/uploads\\\/2026\\\/02\\\/41BDPPhqYoL._SL1001_.jpg\",\"contentUrl\":\"https:\\\/\\\/easyliferobo.com\\\/de\\\/wp-content\\\/uploads\\\/2026\\\/02\\\/41BDPPhqYoL._SL1001_.jpg\",\"width\":1001,\"height\":1001},{\"@type\":\"BreadcrumbList\",\"@id\":\"https:\\\/\\\/easyliferobo.com\\\/de\\\/product\\\/moes-tuya-zigbee-und-ble-multi-mode-smart-home-gateway-wifi-mesh-hub-funktioniert-mit-tuya-zigbee-oder-ble-smart-home-produkten-sprachsteuerung-ueber-alexa-google-home\\\/#breadcrumb\",\"itemListElement\":[{\"@type\":\"ListItem\",\"position\":1,\"name\":\"Home\",\"item\":\"https:\\\/\\\/easyliferobo.com\\\/de\\\/\"},{\"@type\":\"ListItem\",\"position\":2,\"name\":\"Shop\",\"item\":\"https:\\\/\\\/easyliferobo.com\\\/de\\\/shop\\\/\"},{\"@type\":\"ListItem\",\"position\":3,\"name\":\"MOES Tuya ZigBee und BLE Multi-Mode...\"}]},{\"@type\":\"WebSite\",\"@id\":\"https:\\\/\\\/easyliferobo.com\\\/de\\\/#website\",\"url\":\"https:\\\/\\\/easyliferobo.com\\\/de\\\/\",\"name\":\"EasyLifeBro\",\"description\":\"Smarte Roboter f\u00fcr Zuhause, Garten &amp; Bildung\",\"publisher\":{\"@id\":\"https:\\\/\\\/easyliferobo.com\\\/de\\\/#organization\"},\"potentialAction\":[{\"@type\":\"SearchAction\",\"target\":{\"@type\":\"EntryPoint\",\"urlTemplate\":\"https:\\\/\\\/easyliferobo.com\\\/de\\\/?s={search_term_string}\"},\"query-input\":{\"@type\":\"PropertyValueSpecification\",\"valueRequired\":true,\"valueName\":\"search_term_string\"}}],\"inLanguage\":\"de\"},{\"@type\":\"Organization\",\"@id\":\"https:\\\/\\\/easyliferobo.com\\\/de\\\/#organization\",\"name\":\"EasyLifeBro\",\"url\":\"https:\\\/\\\/easyliferobo.com\\\/de\\\/\",\"logo\":{\"@type\":\"ImageObject\",\"inLanguage\":\"de\",\"@id\":\"https:\\\/\\\/easyliferobo.com\\\/de\\\/#\\\/schema\\\/logo\\\/image\\\/\",\"url\":\"https:\\\/\\\/easyliferobo.com\\\/de\\\/wp-content\\\/uploads\\\/2026\\\/02\\\/Screenshot-2026-02-22-at-2.25.03-PM.png\",\"contentUrl\":\"https:\\\/\\\/easyliferobo.com\\\/de\\\/wp-content\\\/uploads\\\/2026\\\/02\\\/Screenshot-2026-02-22-at-2.25.03-PM.png\",\"width\":1858,\"height\":430,\"caption\":\"EasyLifeBro\"},\"image\":{\"@id\":\"https:\\\/\\\/easyliferobo.com\\\/de\\\/#\\\/schema\\\/logo\\\/image\\\/\"}}]}<\/script>\n<!-- \/ Yoast SEO plugin. -->","yoast_head_json":{"title":"MOES Tuya ZigBee und BLE Multi-Mode Smart Home Gateway WiFi Mesh Hub, funktioniert mit Tuya ZigBee oder BLE Smart Home Produkten, Sprachsteuerung \u00fcber Alexa Google Home - EasyLifeBro","description":"Entdecken Sie smarte Roboter f\u00fcr Zuhause, Garten, Bildung und Sicherheit. Vergleichen Sie Saugroboter, Rasenm\u00e4hroboter, KI-Begleitroboter und mehr bei EasyLifeRobo.","robots":{"index":"index","follow":"follow","max-snippet":"max-snippet:-1","max-image-preview":"max-image-preview:large","max-video-preview":"max-video-preview:-1"},"canonical":"https:\/\/easyliferobo.com\/de\/product\/moes-tuya-zigbee-und-ble-multi-mode-smart-home-gateway-wifi-mesh-hub-funktioniert-mit-tuya-zigbee-oder-ble-smart-home-produkten-sprachsteuerung-ueber-alexa-google-home\/","og_locale":"de_DE","og_type":"article","og_title":"MOES Tuya ZigBee und BLE Multi-Mode Smart Home Gateway WiFi Mesh Hub, funktioniert mit Tuya ZigBee oder BLE Smart Home Produkten, Sprachsteuerung \u00fcber Alexa Google Home - EasyLifeBro","og_description":"Entdecken Sie smarte Roboter f\u00fcr Zuhause, Garten, Bildung und Sicherheit. Vergleichen Sie Saugroboter, Rasenm\u00e4hroboter, KI-Begleitroboter und mehr bei EasyLifeRobo.","og_url":"https:\/\/easyliferobo.com\/de\/product\/moes-tuya-zigbee-und-ble-multi-mode-smart-home-gateway-wifi-mesh-hub-funktioniert-mit-tuya-zigbee-oder-ble-smart-home-produkten-sprachsteuerung-ueber-alexa-google-home\/","og_site_name":"EasyLifeBro","article_modified_time":"2026-02-27T11:07:42+00:00","og_image":[{"url":"https:\/\/images-na.ssl-images-amazon.com\/images\/G\/01\/x-locale\/common\/grey-pixel.gif","type":"","width":"","height":""}],"twitter_card":"summary_large_image","twitter_misc":{"Gesch\u00e4tzte Lesezeit":"1\u00a0Minute"},"schema":{"@context":"https:\/\/schema.org","@graph":[{"@type":"WebPage","@id":"https:\/\/easyliferobo.com\/de\/product\/moes-tuya-zigbee-und-ble-multi-mode-smart-home-gateway-wifi-mesh-hub-funktioniert-mit-tuya-zigbee-oder-ble-smart-home-produkten-sprachsteuerung-ueber-alexa-google-home\/","url":"https:\/\/easyliferobo.com\/de\/product\/moes-tuya-zigbee-und-ble-multi-mode-smart-home-gateway-wifi-mesh-hub-funktioniert-mit-tuya-zigbee-oder-ble-smart-home-produkten-sprachsteuerung-ueber-alexa-google-home\/","name":"MOES Tuya ZigBee und BLE Multi-Mode Smart Home Gateway WiFi Mesh Hub, funktioniert mit Tuya ZigBee oder BLE Smart Home Produkten, Sprachsteuerung \u00fcber Alexa Google Home - EasyLifeBro","isPartOf":{"@id":"https:\/\/easyliferobo.com\/de\/#website"},"primaryImageOfPage":{"@id":"https:\/\/easyliferobo.com\/de\/product\/moes-tuya-zigbee-und-ble-multi-mode-smart-home-gateway-wifi-mesh-hub-funktioniert-mit-tuya-zigbee-oder-ble-smart-home-produkten-sprachsteuerung-ueber-alexa-google-home\/#primaryimage"},"image":{"@id":"https:\/\/easyliferobo.com\/de\/product\/moes-tuya-zigbee-und-ble-multi-mode-smart-home-gateway-wifi-mesh-hub-funktioniert-mit-tuya-zigbee-oder-ble-smart-home-produkten-sprachsteuerung-ueber-alexa-google-home\/#primaryimage"},"thumbnailUrl":"https:\/\/easyliferobo.com\/de\/wp-content\/uploads\/2026\/02\/41BDPPhqYoL._SL1001_.jpg","datePublished":"2026-02-27T11:07:31+00:00","dateModified":"2026-02-27T11:07:42+00:00","description":"Entdecken Sie smarte Roboter f\u00fcr Zuhause, Garten, Bildung und Sicherheit. Vergleichen Sie Saugroboter, Rasenm\u00e4hroboter, KI-Begleitroboter und mehr bei EasyLifeRobo.","breadcrumb":{"@id":"https:\/\/easyliferobo.com\/de\/product\/moes-tuya-zigbee-und-ble-multi-mode-smart-home-gateway-wifi-mesh-hub-funktioniert-mit-tuya-zigbee-oder-ble-smart-home-produkten-sprachsteuerung-ueber-alexa-google-home\/#breadcrumb"},"inLanguage":"de","potentialAction":[{"@type":"ReadAction","target":["https:\/\/easyliferobo.com\/de\/product\/moes-tuya-zigbee-und-ble-multi-mode-smart-home-gateway-wifi-mesh-hub-funktioniert-mit-tuya-zigbee-oder-ble-smart-home-produkten-sprachsteuerung-ueber-alexa-google-home\/"]}]},{"@type":"ImageObject","inLanguage":"de","@id":"https:\/\/easyliferobo.com\/de\/product\/moes-tuya-zigbee-und-ble-multi-mode-smart-home-gateway-wifi-mesh-hub-funktioniert-mit-tuya-zigbee-oder-ble-smart-home-produkten-sprachsteuerung-ueber-alexa-google-home\/#primaryimage","url":"https:\/\/easyliferobo.com\/de\/wp-content\/uploads\/2026\/02\/41BDPPhqYoL._SL1001_.jpg","contentUrl":"https:\/\/easyliferobo.com\/de\/wp-content\/uploads\/2026\/02\/41BDPPhqYoL._SL1001_.jpg","width":1001,"height":1001},{"@type":"BreadcrumbList","@id":"https:\/\/easyliferobo.com\/de\/product\/moes-tuya-zigbee-und-ble-multi-mode-smart-home-gateway-wifi-mesh-hub-funktioniert-mit-tuya-zigbee-oder-ble-smart-home-produkten-sprachsteuerung-ueber-alexa-google-home\/#breadcrumb","itemListElement":[{"@type":"ListItem","position":1,"name":"Home","item":"https:\/\/easyliferobo.com\/de\/"},{"@type":"ListItem","position":2,"name":"Shop","item":"https:\/\/easyliferobo.com\/de\/shop\/"},{"@type":"ListItem","position":3,"name":"MOES Tuya ZigBee und BLE Multi-Mode..."}]},{"@type":"WebSite","@id":"https:\/\/easyliferobo.com\/de\/#website","url":"https:\/\/easyliferobo.com\/de\/","name":"EasyLifeBro","description":"Smarte Roboter f\u00fcr Zuhause, Garten &amp; Bildung","publisher":{"@id":"https:\/\/easyliferobo.com\/de\/#organization"},"potentialAction":[{"@type":"SearchAction","target":{"@type":"EntryPoint","urlTemplate":"https:\/\/easyliferobo.com\/de\/?s={search_term_string}"},"query-input":{"@type":"PropertyValueSpecification","valueRequired":true,"valueName":"search_term_string"}}],"inLanguage":"de"},{"@type":"Organization","@id":"https:\/\/easyliferobo.com\/de\/#organization","name":"EasyLifeBro","url":"https:\/\/easyliferobo.com\/de\/","logo":{"@type":"ImageObject","inLanguage":"de","@id":"https:\/\/easyliferobo.com\/de\/#\/schema\/logo\/image\/","url":"https:\/\/easyliferobo.com\/de\/wp-content\/uploads\/2026\/02\/Screenshot-2026-02-22-at-2.25.03-PM.png","contentUrl":"https:\/\/easyliferobo.com\/de\/wp-content\/uploads\/2026\/02\/Screenshot-2026-02-22-at-2.25.03-PM.png","width":1858,"height":430,"caption":"EasyLifeBro"},"image":{"@id":"https:\/\/easyliferobo.com\/de\/#\/schema\/logo\/image\/"}}]}},"_links":{"self":[{"href":"https:\/\/easyliferobo.com\/de\/wp-json\/wp\/v2\/product\/4177","targetHints":{"allow":["GET"]}}],"collection":[{"href":"https:\/\/easyliferobo.com\/de\/wp-json\/wp\/v2\/product"}],"about":[{"href":"https:\/\/easyliferobo.com\/de\/wp-json\/wp\/v2\/types\/product"}],"replies":[{"embeddable":true,"href":"https:\/\/easyliferobo.com\/de\/wp-json\/wp\/v2\/comments?post=4177"}],"wp:featuredmedia":[{"embeddable":true,"href":"https:\/\/easyliferobo.com\/de\/wp-json\/wp\/v2\/media\/4178"}],"wp:attachment":[{"href":"https:\/\/easyliferobo.com\/de\/wp-json\/wp\/v2\/media?parent=4177"}],"wp:term":[{"taxonomy":"store","embeddable":true,"href":"https:\/\/easyliferobo.com\/de\/wp-json\/wp\/v2\/store?post=4177"},{"taxonomy":"product_brand","embeddable":true,"href":"https:\/\/easyliferobo.com\/de\/wp-json\/wp\/v2\/product_brand?post=4177"},{"taxonomy":"product_cat","embeddable":true,"href":"https:\/\/easyliferobo.com\/de\/wp-json\/wp\/v2\/product_cat?post=4177"},{"taxonomy":"product_tag","embeddable":true,"href":"https:\/\/easyliferobo.com\/de\/wp-json\/wp\/v2\/product_tag?post=4177"}],"curies":[{"name":"wp","href":"https:\/\/api.w.org\/{rel}","templated":true}]}}