
{"id":4169,"date":"2026-02-27T11:06:07","date_gmt":"2026-02-27T11:06:07","guid":{"rendered":"https:\/\/easyliferobo.com\/de\/product\/drohne-mit-1080p-kamera-und-28-zoll-lcd-bildschirm-hindernisvermeidung-fpv-wifi-quadcopter-optische-flusspositionierung-flugbahn-16-minuten-flugzeit-fuer-erwachsene-kinder-anfaenger\/"},"modified":"2026-02-27T11:06:21","modified_gmt":"2026-02-27T11:06:21","slug":"drohne-mit-1080p-kamera-und-28-zoll-lcd-bildschirm-hindernisvermeidung-fpv-wifi-quadcopter-optische-flusspositionierung-flugbahn-16-minuten-flugzeit-fuer-erwachsene-kinder-anfaenger","status":"publish","type":"product","link":"https:\/\/easyliferobo.com\/de\/product\/drohne-mit-1080p-kamera-und-28-zoll-lcd-bildschirm-hindernisvermeidung-fpv-wifi-quadcopter-optische-flusspositionierung-flugbahn-16-minuten-flugzeit-fuer-erwachsene-kinder-anfaenger\/","title":{"rendered":"Drohne mit 1080P-Kamera und 2,8-Zol..."},"content":{"rendered":"<p>\n                                             Von der Marke   <\/p>\n<p>                                              <img decoding=\"async\" alt=\"\" src=\"https:\/\/images-na.ssl-images-amazon.com\/images\/G\/01\/x-locale\/common\/grey-pixel.gif\" class=\"a-lazy-loaded\" data-src=\"https:\/\/m.media-amazon.com\/images\/S\/aplus-media-library-service-media\/50e49173-0576-4445-a6cd-66018e941427.__CR0,0,1464,625_PT0_SX1464_V1___.jpg\"><img decoding=\"async\" alt=\"\" src=\"https:\/\/m.media-amazon.com\/images\/S\/aplus-media-library-service-media\/50e49173-0576-4445-a6cd-66018e941427.__CR0,0,1464,625_PT0_SX1464_V1___.jpg\">  <\/p>\n<p>                                              <img decoding=\"async\" alt=\"Aplus-Inhaltsbild\" src=\"https:\/\/images-na.ssl-images-amazon.com\/images\/G\/01\/x-locale\/common\/grey-pixel.gif\" class=\"a-lazy-loaded\" data-src=\"https:\/\/m.media-amazon.com\/images\/S\/aplus-media-library-service-media\/8fc36b8b-d261-45d1-9a93-18acdbb2322e.__CR0,0,362,453_PT0_SX362_V1___.jpg\"><img decoding=\"async\" alt=\"Aplus-Inhaltsbild\" src=\"https:\/\/m.media-amazon.com\/images\/S\/aplus-media-library-service-media\/8fc36b8b-d261-45d1-9a93-18acdbb2322e.__CR0,0,362,453_PT0_SX362_V1___.jpg\">  <\/p>\n<h3>  F179 Drohne mit 1080P Kamera <\/h3>\n<h3>  F180 GPS-Drohne mit 4K-Kamera <\/h3>\n<p>                                              <img decoding=\"async\" alt=\"Der Text lautet \u201e24 Stunden online\u201c und \u201epower@gmail.com\u201c. Ein Kundenservice-Vertreter zeigt eine Person, die ein Headset tr\u00e4gt, in einer professionellen Umgebung.\" src=\"https:\/\/images-na.ssl-images-amazon.com\/images\/G\/01\/x-locale\/common\/grey-pixel.gif\" class=\"a-lazy-loaded\" data-src=\"https:\/\/m.media-amazon.com\/images\/S\/aplus-media-library-service-media\/1979cec9-0c79-4896-aab5-b8e4dffec924.__CR0,0,362,453_PT0_SX362_V1___.jpg\"><img decoding=\"async\" alt=\"Der Text lautet \u201e24 Stunden online\u201c und \u201epower@gmail.com\u201c. Ein Kundenservice-Vertreter zeigt eine Person, die ein Headset tr\u00e4gt, in einer professionellen Umgebung.\" src=\"https:\/\/m.media-amazon.com\/images\/S\/aplus-media-library-service-media\/1979cec9-0c79-4896-aab5-b8e4dffec924.__CR0,0,362,453_PT0_SX362_V1___.jpg\">  <\/p>\n<p>2,8-Zoll-LCD-Bildschirm und 1080P-FPV-Kamera: Mit dieser Drohne k\u00f6nnen Sie Echtzeit-Panoramabilder durch die um 90\u00b0 verstellbare 1080P-Kamera genie\u00dfen. Der integrierte 2,8-Zoll-Bildschirm der Drohne erm\u00f6glicht das Fliegen ohne Smartphone. Dank WLAN-Konnektivit\u00e4t und der mitgelieferten 4-GB-SD-Karte ist das Aufnehmen mit der Drohne ganz einfach.<br \/>Effektive Hindernisvermeidung und faltbares Design: Diese Drohne ist mit einem abnehmbaren Hindernisvermeidungssensor ausgestattet, der intelligente Frontalkollisionen erkennt und vermeidet. Die faltbaren Arme und das kompakte Design der Drohne machen sie \u00e4u\u00dferst tragbar. Perfekt f\u00fcr sicheres Fliegen mit Ihrer Drohne \u00fcberall.<br \/>B\u00fcrstenlose Motoren und stabiler Schwebeflug: Angetrieben von effizienten b\u00fcrstenlosen Motoren bietet diese Drohne eine l\u00e4ngere Lebensdauer und Windbest\u00e4ndigkeit. Die optische Flusspositionierung gew\u00e4hrleistet den pr\u00e4zisen und superstabilen Flug Ihrer Drohne, genau wie bei einem professionellen Modell. So fliegt die Drohne auch bei windigen Bedingungen sicher.<br \/>Intelligente Flugmodi und 3D-Flips: Lassen Sie Ihrer Kreativit\u00e4t mit Ihrer Drohne durch Flugbahnflug, Gestensteuerung und Waypoint Fly freien Lauf. Mit dieser Drohne k\u00f6nnen Sie auf Knopfdruck atemberaubende 360\u00b0-Flips und 3D-Rollen ausf\u00fchren. Erleben Sie beeindruckende Lufttricks mit der Drohne.<br \/>Einfach zu fliegen f\u00fcr Anf\u00e4nger: Diese Drohne erm\u00f6glicht Start\/Landung mit nur einem Knopfdruck und den Headless-Modus, sodass jeder sie problemlos steuern kann. Der 1600-mAh-Akku erm\u00f6glicht eine Flugzeit von bis zu 16 Minuten mit Ihrer Drohne.<\/p>\n<p>[ad_2]<\/p>\n","protected":false},"excerpt":{"rendered":"<p>Von der Marke F179 Drohne mit 1080P Kamera F180 GPS-Drohne mit 4K-Kamera 2,8-Zoll-LCD-Bildschirm und 1080P-FPV-Kamera: Mit dieser Drohne k\u00f6nnen Sie Echtzeit-Panoramabilder durch die um 90\u00b0 verstellbare 1080P-Kamera genie\u00dfen. Der integrierte 2,8-Zoll-Bildschirm der Drohne erm\u00f6glicht das Fliegen ohne Smartphone. Dank WLAN-Konnektivit\u00e4t und der mitgelieferten 4-GB-SD-Karte ist das Aufnehmen mit der Drohne ganz einfach.Effektive Hindernisvermeidung und faltbares [&hellip;]<\/p>\n","protected":false},"featured_media":4170,"comment_status":"open","ping_status":"closed","template":"","meta":{"_aipt_faq_data":""},"store":[],"product_brand":[439],"product_cat":[103],"product_tag":[400],"class_list":{"0":"post-4169","1":"product","2":"type-product","3":"status-publish","4":"has-post-thumbnail","6":"product_brand-govogorc","7":"product_cat-kamera-drohnen","8":"product_tag-kamera-drohnen-mit-langer-flugzeit","10":"first","11":"instock","12":"sale","13":"shipping-taxable","14":"product-type-external"},"yoast_head":"<!-- This site is optimized with the Yoast SEO plugin v27.4 - https:\/\/yoast.com\/product\/yoast-seo-wordpress\/ -->\n<title>Drohne mit 1080P-Kamera und 2,8-Zoll-LCD-Bildschirm, Hindernisvermeidung, FPV-WiFi-Quadcopter, optische Flusspositionierung, Flugbahn, 16 Minuten Flugzeit, f\u00fcr Erwachsene\/Kinder\/Anf\u00e4nger - EasyLifeBro<\/title>\n<meta name=\"description\" content=\"Entdecken Sie smarte Roboter f\u00fcr Zuhause, Garten, Bildung und Sicherheit. Vergleichen Sie Saugroboter, Rasenm\u00e4hroboter, KI-Begleitroboter und mehr bei EasyLifeRobo.\" \/>\n<meta name=\"robots\" content=\"index, follow, max-snippet:-1, max-image-preview:large, max-video-preview:-1\" \/>\n<link rel=\"canonical\" href=\"https:\/\/easyliferobo.com\/de\/product\/drohne-mit-1080p-kamera-und-28-zoll-lcd-bildschirm-hindernisvermeidung-fpv-wifi-quadcopter-optische-flusspositionierung-flugbahn-16-minuten-flugzeit-fuer-erwachsene-kinder-anfaenger\/\" \/>\n<meta property=\"og:locale\" content=\"de_DE\" \/>\n<meta property=\"og:type\" content=\"article\" \/>\n<meta property=\"og:title\" content=\"Drohne mit 1080P-Kamera und 2,8-Zoll-LCD-Bildschirm, Hindernisvermeidung, FPV-WiFi-Quadcopter, optische Flusspositionierung, Flugbahn, 16 Minuten Flugzeit, f\u00fcr Erwachsene\/Kinder\/Anf\u00e4nger - EasyLifeBro\" \/>\n<meta property=\"og:description\" content=\"Entdecken Sie smarte Roboter f\u00fcr Zuhause, Garten, Bildung und Sicherheit. Vergleichen Sie Saugroboter, Rasenm\u00e4hroboter, KI-Begleitroboter und mehr bei EasyLifeRobo.\" \/>\n<meta property=\"og:url\" content=\"https:\/\/easyliferobo.com\/de\/product\/drohne-mit-1080p-kamera-und-28-zoll-lcd-bildschirm-hindernisvermeidung-fpv-wifi-quadcopter-optische-flusspositionierung-flugbahn-16-minuten-flugzeit-fuer-erwachsene-kinder-anfaenger\/\" \/>\n<meta property=\"og:site_name\" content=\"EasyLifeBro\" \/>\n<meta property=\"article:modified_time\" content=\"2026-02-27T11:06:21+00:00\" \/>\n<meta property=\"og:image\" content=\"https:\/\/images-na.ssl-images-amazon.com\/images\/G\/01\/x-locale\/common\/grey-pixel.gif\" \/>\n<meta name=\"twitter:card\" content=\"summary_large_image\" \/>\n<meta name=\"twitter:label1\" content=\"Gesch\u00e4tzte Lesezeit\" \/>\n\t<meta name=\"twitter:data1\" content=\"1\u00a0Minute\" \/>\n<script type=\"application\/ld+json\" class=\"yoast-schema-graph\">{\"@context\":\"https:\\\/\\\/schema.org\",\"@graph\":[{\"@type\":\"WebPage\",\"@id\":\"https:\\\/\\\/easyliferobo.com\\\/de\\\/product\\\/drohne-mit-1080p-kamera-und-28-zoll-lcd-bildschirm-hindernisvermeidung-fpv-wifi-quadcopter-optische-flusspositionierung-flugbahn-16-minuten-flugzeit-fuer-erwachsene-kinder-anfaenger\\\/\",\"url\":\"https:\\\/\\\/easyliferobo.com\\\/de\\\/product\\\/drohne-mit-1080p-kamera-und-28-zoll-lcd-bildschirm-hindernisvermeidung-fpv-wifi-quadcopter-optische-flusspositionierung-flugbahn-16-minuten-flugzeit-fuer-erwachsene-kinder-anfaenger\\\/\",\"name\":\"Drohne mit 1080P-Kamera und 2,8-Zoll-LCD-Bildschirm, Hindernisvermeidung, FPV-WiFi-Quadcopter, optische Flusspositionierung, Flugbahn, 16 Minuten Flugzeit, f\u00fcr Erwachsene\\\/Kinder\\\/Anf\u00e4nger - EasyLifeBro\",\"isPartOf\":{\"@id\":\"https:\\\/\\\/easyliferobo.com\\\/de\\\/#website\"},\"primaryImageOfPage\":{\"@id\":\"https:\\\/\\\/easyliferobo.com\\\/de\\\/product\\\/drohne-mit-1080p-kamera-und-28-zoll-lcd-bildschirm-hindernisvermeidung-fpv-wifi-quadcopter-optische-flusspositionierung-flugbahn-16-minuten-flugzeit-fuer-erwachsene-kinder-anfaenger\\\/#primaryimage\"},\"image\":{\"@id\":\"https:\\\/\\\/easyliferobo.com\\\/de\\\/product\\\/drohne-mit-1080p-kamera-und-28-zoll-lcd-bildschirm-hindernisvermeidung-fpv-wifi-quadcopter-optische-flusspositionierung-flugbahn-16-minuten-flugzeit-fuer-erwachsene-kinder-anfaenger\\\/#primaryimage\"},\"thumbnailUrl\":\"https:\\\/\\\/easyliferobo.com\\\/de\\\/wp-content\\\/uploads\\\/2026\\\/02\\\/71dSlmnqSdL._AC_SL1500_.jpg\",\"datePublished\":\"2026-02-27T11:06:07+00:00\",\"dateModified\":\"2026-02-27T11:06:21+00:00\",\"description\":\"Entdecken Sie smarte Roboter f\u00fcr Zuhause, Garten, Bildung und Sicherheit. Vergleichen Sie Saugroboter, Rasenm\u00e4hroboter, KI-Begleitroboter und mehr bei EasyLifeRobo.\",\"breadcrumb\":{\"@id\":\"https:\\\/\\\/easyliferobo.com\\\/de\\\/product\\\/drohne-mit-1080p-kamera-und-28-zoll-lcd-bildschirm-hindernisvermeidung-fpv-wifi-quadcopter-optische-flusspositionierung-flugbahn-16-minuten-flugzeit-fuer-erwachsene-kinder-anfaenger\\\/#breadcrumb\"},\"inLanguage\":\"de\",\"potentialAction\":[{\"@type\":\"ReadAction\",\"target\":[\"https:\\\/\\\/easyliferobo.com\\\/de\\\/product\\\/drohne-mit-1080p-kamera-und-28-zoll-lcd-bildschirm-hindernisvermeidung-fpv-wifi-quadcopter-optische-flusspositionierung-flugbahn-16-minuten-flugzeit-fuer-erwachsene-kinder-anfaenger\\\/\"]}]},{\"@type\":\"ImageObject\",\"inLanguage\":\"de\",\"@id\":\"https:\\\/\\\/easyliferobo.com\\\/de\\\/product\\\/drohne-mit-1080p-kamera-und-28-zoll-lcd-bildschirm-hindernisvermeidung-fpv-wifi-quadcopter-optische-flusspositionierung-flugbahn-16-minuten-flugzeit-fuer-erwachsene-kinder-anfaenger\\\/#primaryimage\",\"url\":\"https:\\\/\\\/easyliferobo.com\\\/de\\\/wp-content\\\/uploads\\\/2026\\\/02\\\/71dSlmnqSdL._AC_SL1500_.jpg\",\"contentUrl\":\"https:\\\/\\\/easyliferobo.com\\\/de\\\/wp-content\\\/uploads\\\/2026\\\/02\\\/71dSlmnqSdL._AC_SL1500_.jpg\",\"width\":1500,\"height\":1489},{\"@type\":\"BreadcrumbList\",\"@id\":\"https:\\\/\\\/easyliferobo.com\\\/de\\\/product\\\/drohne-mit-1080p-kamera-und-28-zoll-lcd-bildschirm-hindernisvermeidung-fpv-wifi-quadcopter-optische-flusspositionierung-flugbahn-16-minuten-flugzeit-fuer-erwachsene-kinder-anfaenger\\\/#breadcrumb\",\"itemListElement\":[{\"@type\":\"ListItem\",\"position\":1,\"name\":\"Home\",\"item\":\"https:\\\/\\\/easyliferobo.com\\\/de\\\/\"},{\"@type\":\"ListItem\",\"position\":2,\"name\":\"Shop\",\"item\":\"https:\\\/\\\/easyliferobo.com\\\/de\\\/shop\\\/\"},{\"@type\":\"ListItem\",\"position\":3,\"name\":\"Drohne mit 1080P-Kamera und 2,8-Zol...\"}]},{\"@type\":\"WebSite\",\"@id\":\"https:\\\/\\\/easyliferobo.com\\\/de\\\/#website\",\"url\":\"https:\\\/\\\/easyliferobo.com\\\/de\\\/\",\"name\":\"EasyLifeBro\",\"description\":\"Smarte Roboter f\u00fcr Zuhause, Garten &amp; Bildung\",\"publisher\":{\"@id\":\"https:\\\/\\\/easyliferobo.com\\\/de\\\/#organization\"},\"potentialAction\":[{\"@type\":\"SearchAction\",\"target\":{\"@type\":\"EntryPoint\",\"urlTemplate\":\"https:\\\/\\\/easyliferobo.com\\\/de\\\/?s={search_term_string}\"},\"query-input\":{\"@type\":\"PropertyValueSpecification\",\"valueRequired\":true,\"valueName\":\"search_term_string\"}}],\"inLanguage\":\"de\"},{\"@type\":\"Organization\",\"@id\":\"https:\\\/\\\/easyliferobo.com\\\/de\\\/#organization\",\"name\":\"EasyLifeBro\",\"url\":\"https:\\\/\\\/easyliferobo.com\\\/de\\\/\",\"logo\":{\"@type\":\"ImageObject\",\"inLanguage\":\"de\",\"@id\":\"https:\\\/\\\/easyliferobo.com\\\/de\\\/#\\\/schema\\\/logo\\\/image\\\/\",\"url\":\"https:\\\/\\\/easyliferobo.com\\\/de\\\/wp-content\\\/uploads\\\/2026\\\/02\\\/Screenshot-2026-02-22-at-2.25.03-PM.png\",\"contentUrl\":\"https:\\\/\\\/easyliferobo.com\\\/de\\\/wp-content\\\/uploads\\\/2026\\\/02\\\/Screenshot-2026-02-22-at-2.25.03-PM.png\",\"width\":1858,\"height\":430,\"caption\":\"EasyLifeBro\"},\"image\":{\"@id\":\"https:\\\/\\\/easyliferobo.com\\\/de\\\/#\\\/schema\\\/logo\\\/image\\\/\"}}]}<\/script>\n<!-- \/ Yoast SEO plugin. -->","yoast_head_json":{"title":"Drohne mit 1080P-Kamera und 2,8-Zoll-LCD-Bildschirm, Hindernisvermeidung, FPV-WiFi-Quadcopter, optische Flusspositionierung, Flugbahn, 16 Minuten Flugzeit, f\u00fcr Erwachsene\/Kinder\/Anf\u00e4nger - EasyLifeBro","description":"Entdecken Sie smarte Roboter f\u00fcr Zuhause, Garten, Bildung und Sicherheit. Vergleichen Sie Saugroboter, Rasenm\u00e4hroboter, KI-Begleitroboter und mehr bei EasyLifeRobo.","robots":{"index":"index","follow":"follow","max-snippet":"max-snippet:-1","max-image-preview":"max-image-preview:large","max-video-preview":"max-video-preview:-1"},"canonical":"https:\/\/easyliferobo.com\/de\/product\/drohne-mit-1080p-kamera-und-28-zoll-lcd-bildschirm-hindernisvermeidung-fpv-wifi-quadcopter-optische-flusspositionierung-flugbahn-16-minuten-flugzeit-fuer-erwachsene-kinder-anfaenger\/","og_locale":"de_DE","og_type":"article","og_title":"Drohne mit 1080P-Kamera und 2,8-Zoll-LCD-Bildschirm, Hindernisvermeidung, FPV-WiFi-Quadcopter, optische Flusspositionierung, Flugbahn, 16 Minuten Flugzeit, f\u00fcr Erwachsene\/Kinder\/Anf\u00e4nger - EasyLifeBro","og_description":"Entdecken Sie smarte Roboter f\u00fcr Zuhause, Garten, Bildung und Sicherheit. Vergleichen Sie Saugroboter, Rasenm\u00e4hroboter, KI-Begleitroboter und mehr bei EasyLifeRobo.","og_url":"https:\/\/easyliferobo.com\/de\/product\/drohne-mit-1080p-kamera-und-28-zoll-lcd-bildschirm-hindernisvermeidung-fpv-wifi-quadcopter-optische-flusspositionierung-flugbahn-16-minuten-flugzeit-fuer-erwachsene-kinder-anfaenger\/","og_site_name":"EasyLifeBro","article_modified_time":"2026-02-27T11:06:21+00:00","og_image":[{"url":"https:\/\/images-na.ssl-images-amazon.com\/images\/G\/01\/x-locale\/common\/grey-pixel.gif","type":"","width":"","height":""}],"twitter_card":"summary_large_image","twitter_misc":{"Gesch\u00e4tzte Lesezeit":"1\u00a0Minute"},"schema":{"@context":"https:\/\/schema.org","@graph":[{"@type":"WebPage","@id":"https:\/\/easyliferobo.com\/de\/product\/drohne-mit-1080p-kamera-und-28-zoll-lcd-bildschirm-hindernisvermeidung-fpv-wifi-quadcopter-optische-flusspositionierung-flugbahn-16-minuten-flugzeit-fuer-erwachsene-kinder-anfaenger\/","url":"https:\/\/easyliferobo.com\/de\/product\/drohne-mit-1080p-kamera-und-28-zoll-lcd-bildschirm-hindernisvermeidung-fpv-wifi-quadcopter-optische-flusspositionierung-flugbahn-16-minuten-flugzeit-fuer-erwachsene-kinder-anfaenger\/","name":"Drohne mit 1080P-Kamera und 2,8-Zoll-LCD-Bildschirm, Hindernisvermeidung, FPV-WiFi-Quadcopter, optische Flusspositionierung, Flugbahn, 16 Minuten Flugzeit, f\u00fcr Erwachsene\/Kinder\/Anf\u00e4nger - EasyLifeBro","isPartOf":{"@id":"https:\/\/easyliferobo.com\/de\/#website"},"primaryImageOfPage":{"@id":"https:\/\/easyliferobo.com\/de\/product\/drohne-mit-1080p-kamera-und-28-zoll-lcd-bildschirm-hindernisvermeidung-fpv-wifi-quadcopter-optische-flusspositionierung-flugbahn-16-minuten-flugzeit-fuer-erwachsene-kinder-anfaenger\/#primaryimage"},"image":{"@id":"https:\/\/easyliferobo.com\/de\/product\/drohne-mit-1080p-kamera-und-28-zoll-lcd-bildschirm-hindernisvermeidung-fpv-wifi-quadcopter-optische-flusspositionierung-flugbahn-16-minuten-flugzeit-fuer-erwachsene-kinder-anfaenger\/#primaryimage"},"thumbnailUrl":"https:\/\/easyliferobo.com\/de\/wp-content\/uploads\/2026\/02\/71dSlmnqSdL._AC_SL1500_.jpg","datePublished":"2026-02-27T11:06:07+00:00","dateModified":"2026-02-27T11:06:21+00:00","description":"Entdecken Sie smarte Roboter f\u00fcr Zuhause, Garten, Bildung und Sicherheit. Vergleichen Sie Saugroboter, Rasenm\u00e4hroboter, KI-Begleitroboter und mehr bei EasyLifeRobo.","breadcrumb":{"@id":"https:\/\/easyliferobo.com\/de\/product\/drohne-mit-1080p-kamera-und-28-zoll-lcd-bildschirm-hindernisvermeidung-fpv-wifi-quadcopter-optische-flusspositionierung-flugbahn-16-minuten-flugzeit-fuer-erwachsene-kinder-anfaenger\/#breadcrumb"},"inLanguage":"de","potentialAction":[{"@type":"ReadAction","target":["https:\/\/easyliferobo.com\/de\/product\/drohne-mit-1080p-kamera-und-28-zoll-lcd-bildschirm-hindernisvermeidung-fpv-wifi-quadcopter-optische-flusspositionierung-flugbahn-16-minuten-flugzeit-fuer-erwachsene-kinder-anfaenger\/"]}]},{"@type":"ImageObject","inLanguage":"de","@id":"https:\/\/easyliferobo.com\/de\/product\/drohne-mit-1080p-kamera-und-28-zoll-lcd-bildschirm-hindernisvermeidung-fpv-wifi-quadcopter-optische-flusspositionierung-flugbahn-16-minuten-flugzeit-fuer-erwachsene-kinder-anfaenger\/#primaryimage","url":"https:\/\/easyliferobo.com\/de\/wp-content\/uploads\/2026\/02\/71dSlmnqSdL._AC_SL1500_.jpg","contentUrl":"https:\/\/easyliferobo.com\/de\/wp-content\/uploads\/2026\/02\/71dSlmnqSdL._AC_SL1500_.jpg","width":1500,"height":1489},{"@type":"BreadcrumbList","@id":"https:\/\/easyliferobo.com\/de\/product\/drohne-mit-1080p-kamera-und-28-zoll-lcd-bildschirm-hindernisvermeidung-fpv-wifi-quadcopter-optische-flusspositionierung-flugbahn-16-minuten-flugzeit-fuer-erwachsene-kinder-anfaenger\/#breadcrumb","itemListElement":[{"@type":"ListItem","position":1,"name":"Home","item":"https:\/\/easyliferobo.com\/de\/"},{"@type":"ListItem","position":2,"name":"Shop","item":"https:\/\/easyliferobo.com\/de\/shop\/"},{"@type":"ListItem","position":3,"name":"Drohne mit 1080P-Kamera und 2,8-Zol..."}]},{"@type":"WebSite","@id":"https:\/\/easyliferobo.com\/de\/#website","url":"https:\/\/easyliferobo.com\/de\/","name":"EasyLifeBro","description":"Smarte Roboter f\u00fcr Zuhause, Garten &amp; Bildung","publisher":{"@id":"https:\/\/easyliferobo.com\/de\/#organization"},"potentialAction":[{"@type":"SearchAction","target":{"@type":"EntryPoint","urlTemplate":"https:\/\/easyliferobo.com\/de\/?s={search_term_string}"},"query-input":{"@type":"PropertyValueSpecification","valueRequired":true,"valueName":"search_term_string"}}],"inLanguage":"de"},{"@type":"Organization","@id":"https:\/\/easyliferobo.com\/de\/#organization","name":"EasyLifeBro","url":"https:\/\/easyliferobo.com\/de\/","logo":{"@type":"ImageObject","inLanguage":"de","@id":"https:\/\/easyliferobo.com\/de\/#\/schema\/logo\/image\/","url":"https:\/\/easyliferobo.com\/de\/wp-content\/uploads\/2026\/02\/Screenshot-2026-02-22-at-2.25.03-PM.png","contentUrl":"https:\/\/easyliferobo.com\/de\/wp-content\/uploads\/2026\/02\/Screenshot-2026-02-22-at-2.25.03-PM.png","width":1858,"height":430,"caption":"EasyLifeBro"},"image":{"@id":"https:\/\/easyliferobo.com\/de\/#\/schema\/logo\/image\/"}}]}},"_links":{"self":[{"href":"https:\/\/easyliferobo.com\/de\/wp-json\/wp\/v2\/product\/4169","targetHints":{"allow":["GET"]}}],"collection":[{"href":"https:\/\/easyliferobo.com\/de\/wp-json\/wp\/v2\/product"}],"about":[{"href":"https:\/\/easyliferobo.com\/de\/wp-json\/wp\/v2\/types\/product"}],"replies":[{"embeddable":true,"href":"https:\/\/easyliferobo.com\/de\/wp-json\/wp\/v2\/comments?post=4169"}],"wp:featuredmedia":[{"embeddable":true,"href":"https:\/\/easyliferobo.com\/de\/wp-json\/wp\/v2\/media\/4170"}],"wp:attachment":[{"href":"https:\/\/easyliferobo.com\/de\/wp-json\/wp\/v2\/media?parent=4169"}],"wp:term":[{"taxonomy":"store","embeddable":true,"href":"https:\/\/easyliferobo.com\/de\/wp-json\/wp\/v2\/store?post=4169"},{"taxonomy":"product_brand","embeddable":true,"href":"https:\/\/easyliferobo.com\/de\/wp-json\/wp\/v2\/product_brand?post=4169"},{"taxonomy":"product_cat","embeddable":true,"href":"https:\/\/easyliferobo.com\/de\/wp-json\/wp\/v2\/product_cat?post=4169"},{"taxonomy":"product_tag","embeddable":true,"href":"https:\/\/easyliferobo.com\/de\/wp-json\/wp\/v2\/product_tag?post=4169"}],"curies":[{"name":"wp","href":"https:\/\/api.w.org\/{rel}","templated":true}]}}