
{"id":4149,"date":"2026-02-27T11:01:13","date_gmt":"2026-02-27T11:01:13","guid":{"rendered":"https:\/\/easyliferobo.com\/de\/product\/autonome-mobile-systeme-2005-19-fachgespraech-stuttgart-8-9-dezember-2005-informatik-aktuell\/"},"modified":"2026-02-27T11:01:15","modified_gmt":"2026-02-27T11:01:15","slug":"autonome-mobile-systeme-2005-19-fachgespraech-stuttgart-8-9-dezember-2005-informatik-aktuell","status":"publish","type":"product","link":"https:\/\/easyliferobo.com\/de\/product\/autonome-mobile-systeme-2005-19-fachgespraech-stuttgart-8-9-dezember-2005-informatik-aktuell\/","title":{"rendered":"Autonome Mobile Systeme 2005: 19. F..."},"content":{"rendered":"<p>  Das 19. Fachgespr\u00e4ch Autonome Mobile Systeme (AMS 2005) ist ein Forum, das Wissenschaftlerinnen und Wissenschaftlern aus Forschung und Industrie, die auf dem Gebiet der autonomen mobilen Systeme arbeiten, eine Basis f\u00fcr den Gedankenaustausch bietet und wissenschaftliche Diskussionen sowie Kooperationen auf diesem Forschungsgebiet f\u00f6rdert bzw. initiiert. Ausgew\u00e4hlte Beitr\u00e4ge zu den Themen Kooperative Systeme, Bildverarbeitung, Lokalisierung und Kartographierung, Outdoor-Systeme, Fahrerassistenzsysteme, Kognitive Sensordatenverarbeitung, Architekturen und Anwendungen sowie Steuerung und Navigation bilden den Inhalt dieses Bandes.    <br \/>ASIN \u200f : \u200e 3540302913       <br \/> Herausgeber \u200f : \u200e Springer       <br \/> Erscheinungsdatum \u200f : \u200e 30. November 2005       <br \/> Auflage \u200f : \u200e 2006       <br \/> Sprache \u200f : \u200e Deutsch   <br \/> Druckl\u00e4nge \u200f : \u200e 344 Seiten       <br \/> ISBN-10 \u200f : \u200e 9783540302919       <br \/> ISBN-13 \u200f : \u200e 978-3540302919       <br \/> Abmessungen \u200f : \u200e 15,49 x 1,98 x 23,5 cm       <br \/>[ad_2]<\/p>\n","protected":false},"excerpt":{"rendered":"<p>Das 19. Fachgespr\u00e4ch Autonome Mobile Systeme (AMS 2005) ist ein Forum, das Wissenschaftlerinnen und Wissenschaftlern aus Forschung und Industrie, die auf dem Gebiet der autonomen mobilen Systeme arbeiten, eine Basis f\u00fcr den Gedankenaustausch bietet und wissenschaftliche Diskussionen sowie Kooperationen auf diesem Forschungsgebiet f\u00f6rdert bzw. initiiert. Ausgew\u00e4hlte Beitr\u00e4ge zu den Themen Kooperative Systeme, Bildverarbeitung, Lokalisierung und [&hellip;]<\/p>\n","protected":false},"featured_media":4150,"comment_status":"open","ping_status":"closed","template":"","meta":{"_aipt_faq_data":""},"store":[],"product_brand":[],"product_cat":[106],"product_tag":[396],"class_list":{"0":"post-4149","1":"product","2":"type-product","3":"status-publish","4":"has-post-thumbnail","6":"product_cat-autonome-mobile-roboter","7":"product_tag-autonome-mobile-roboter-software","9":"first","10":"instock","11":"shipping-taxable","12":"product-type-external"},"yoast_head":"<!-- This site is optimized with the Yoast SEO plugin v27.0 - https:\/\/yoast.com\/product\/yoast-seo-wordpress\/ -->\n<title>Autonome Mobile Systeme 2005: 19. Fachgespr\u00e4ch Stuttgart, 8.\/9. Dezember 2005 (Informatik aktuell) - EasyLifeBro<\/title>\n<meta name=\"description\" content=\"Entdecken Sie smarte Roboter f\u00fcr Zuhause, Garten, Bildung und Sicherheit. Vergleichen Sie Saugroboter, Rasenm\u00e4hroboter, KI-Begleitroboter und mehr bei EasyLifeRobo.\" \/>\n<meta name=\"robots\" content=\"index, follow, max-snippet:-1, max-image-preview:large, max-video-preview:-1\" \/>\n<link rel=\"canonical\" href=\"https:\/\/easyliferobo.com\/de\/product\/autonome-mobile-systeme-2005-19-fachgespraech-stuttgart-8-9-dezember-2005-informatik-aktuell\/\" \/>\n<meta property=\"og:locale\" content=\"de_DE\" \/>\n<meta property=\"og:type\" content=\"article\" \/>\n<meta property=\"og:title\" content=\"Autonome Mobile Systeme 2005: 19. Fachgespr\u00e4ch Stuttgart, 8.\/9. Dezember 2005 (Informatik aktuell) - EasyLifeBro\" \/>\n<meta property=\"og:description\" content=\"Entdecken Sie smarte Roboter f\u00fcr Zuhause, Garten, Bildung und Sicherheit. Vergleichen Sie Saugroboter, Rasenm\u00e4hroboter, KI-Begleitroboter und mehr bei EasyLifeRobo.\" \/>\n<meta property=\"og:url\" content=\"https:\/\/easyliferobo.com\/de\/product\/autonome-mobile-systeme-2005-19-fachgespraech-stuttgart-8-9-dezember-2005-informatik-aktuell\/\" \/>\n<meta property=\"og:site_name\" content=\"EasyLifeBro\" \/>\n<meta property=\"article:modified_time\" content=\"2026-02-27T11:01:15+00:00\" \/>\n<meta name=\"twitter:card\" content=\"summary_large_image\" \/>\n<script type=\"application\/ld+json\" class=\"yoast-schema-graph\">{\"@context\":\"https:\/\/schema.org\",\"@graph\":[{\"@type\":\"WebPage\",\"@id\":\"https:\/\/easyliferobo.com\/de\/product\/autonome-mobile-systeme-2005-19-fachgespraech-stuttgart-8-9-dezember-2005-informatik-aktuell\/\",\"url\":\"https:\/\/easyliferobo.com\/de\/product\/autonome-mobile-systeme-2005-19-fachgespraech-stuttgart-8-9-dezember-2005-informatik-aktuell\/\",\"name\":\"Autonome Mobile Systeme 2005: 19. Fachgespr\u00e4ch Stuttgart, 8.\/9. Dezember 2005 (Informatik aktuell) - EasyLifeBro\",\"isPartOf\":{\"@id\":\"https:\/\/easyliferobo.com\/de\/#website\"},\"primaryImageOfPage\":{\"@id\":\"https:\/\/easyliferobo.com\/de\/product\/autonome-mobile-systeme-2005-19-fachgespraech-stuttgart-8-9-dezember-2005-informatik-aktuell\/#primaryimage\"},\"image\":{\"@id\":\"https:\/\/easyliferobo.com\/de\/product\/autonome-mobile-systeme-2005-19-fachgespraech-stuttgart-8-9-dezember-2005-informatik-aktuell\/#primaryimage\"},\"thumbnailUrl\":\"https:\/\/easyliferobo.com\/de\/wp-content\/uploads\/2026\/02\/516MS1k6RJL._SL1255_.jpg\",\"datePublished\":\"2026-02-27T11:01:13+00:00\",\"dateModified\":\"2026-02-27T11:01:15+00:00\",\"description\":\"Entdecken Sie smarte Roboter f\u00fcr Zuhause, Garten, Bildung und Sicherheit. Vergleichen Sie Saugroboter, Rasenm\u00e4hroboter, KI-Begleitroboter und mehr bei EasyLifeRobo.\",\"breadcrumb\":{\"@id\":\"https:\/\/easyliferobo.com\/de\/product\/autonome-mobile-systeme-2005-19-fachgespraech-stuttgart-8-9-dezember-2005-informatik-aktuell\/#breadcrumb\"},\"inLanguage\":\"de\",\"potentialAction\":[{\"@type\":\"ReadAction\",\"target\":[\"https:\/\/easyliferobo.com\/de\/product\/autonome-mobile-systeme-2005-19-fachgespraech-stuttgart-8-9-dezember-2005-informatik-aktuell\/\"]}]},{\"@type\":\"ImageObject\",\"inLanguage\":\"de\",\"@id\":\"https:\/\/easyliferobo.com\/de\/product\/autonome-mobile-systeme-2005-19-fachgespraech-stuttgart-8-9-dezember-2005-informatik-aktuell\/#primaryimage\",\"url\":\"https:\/\/easyliferobo.com\/de\/wp-content\/uploads\/2026\/02\/516MS1k6RJL._SL1255_.jpg\",\"contentUrl\":\"https:\/\/easyliferobo.com\/de\/wp-content\/uploads\/2026\/02\/516MS1k6RJL._SL1255_.jpg\",\"width\":827,\"height\":1255},{\"@type\":\"BreadcrumbList\",\"@id\":\"https:\/\/easyliferobo.com\/de\/product\/autonome-mobile-systeme-2005-19-fachgespraech-stuttgart-8-9-dezember-2005-informatik-aktuell\/#breadcrumb\",\"itemListElement\":[{\"@type\":\"ListItem\",\"position\":1,\"name\":\"Home\",\"item\":\"https:\/\/easyliferobo.com\/de\/\"},{\"@type\":\"ListItem\",\"position\":2,\"name\":\"Shop\",\"item\":\"https:\/\/easyliferobo.com\/de\/shop\/\"},{\"@type\":\"ListItem\",\"position\":3,\"name\":\"Autonome Mobile Systeme 2005: 19. F...\"}]},{\"@type\":\"WebSite\",\"@id\":\"https:\/\/easyliferobo.com\/de\/#website\",\"url\":\"https:\/\/easyliferobo.com\/de\/\",\"name\":\"EasyLifeBro\",\"description\":\"Smarte Roboter f\u00fcr Zuhause, Garten &amp; Bildung\",\"publisher\":{\"@id\":\"https:\/\/easyliferobo.com\/de\/#organization\"},\"potentialAction\":[{\"@type\":\"SearchAction\",\"target\":{\"@type\":\"EntryPoint\",\"urlTemplate\":\"https:\/\/easyliferobo.com\/de\/?s={search_term_string}\"},\"query-input\":{\"@type\":\"PropertyValueSpecification\",\"valueRequired\":true,\"valueName\":\"search_term_string\"}}],\"inLanguage\":\"de\"},{\"@type\":\"Organization\",\"@id\":\"https:\/\/easyliferobo.com\/de\/#organization\",\"name\":\"EasyLifeBro\",\"url\":\"https:\/\/easyliferobo.com\/de\/\",\"logo\":{\"@type\":\"ImageObject\",\"inLanguage\":\"de\",\"@id\":\"https:\/\/easyliferobo.com\/de\/#\/schema\/logo\/image\/\",\"url\":\"https:\/\/easyliferobo.com\/de\/wp-content\/uploads\/2026\/02\/Screenshot-2026-02-22-at-2.25.03-PM.png\",\"contentUrl\":\"https:\/\/easyliferobo.com\/de\/wp-content\/uploads\/2026\/02\/Screenshot-2026-02-22-at-2.25.03-PM.png\",\"width\":1858,\"height\":430,\"caption\":\"EasyLifeBro\"},\"image\":{\"@id\":\"https:\/\/easyliferobo.com\/de\/#\/schema\/logo\/image\/\"}}]}<\/script>\n<!-- \/ Yoast SEO plugin. -->","yoast_head_json":{"title":"Autonome Mobile Systeme 2005: 19. Fachgespr\u00e4ch Stuttgart, 8.\/9. Dezember 2005 (Informatik aktuell) - EasyLifeBro","description":"Entdecken Sie smarte Roboter f\u00fcr Zuhause, Garten, Bildung und Sicherheit. Vergleichen Sie Saugroboter, Rasenm\u00e4hroboter, KI-Begleitroboter und mehr bei EasyLifeRobo.","robots":{"index":"index","follow":"follow","max-snippet":"max-snippet:-1","max-image-preview":"max-image-preview:large","max-video-preview":"max-video-preview:-1"},"canonical":"https:\/\/easyliferobo.com\/de\/product\/autonome-mobile-systeme-2005-19-fachgespraech-stuttgart-8-9-dezember-2005-informatik-aktuell\/","og_locale":"de_DE","og_type":"article","og_title":"Autonome Mobile Systeme 2005: 19. Fachgespr\u00e4ch Stuttgart, 8.\/9. Dezember 2005 (Informatik aktuell) - EasyLifeBro","og_description":"Entdecken Sie smarte Roboter f\u00fcr Zuhause, Garten, Bildung und Sicherheit. Vergleichen Sie Saugroboter, Rasenm\u00e4hroboter, KI-Begleitroboter und mehr bei EasyLifeRobo.","og_url":"https:\/\/easyliferobo.com\/de\/product\/autonome-mobile-systeme-2005-19-fachgespraech-stuttgart-8-9-dezember-2005-informatik-aktuell\/","og_site_name":"EasyLifeBro","article_modified_time":"2026-02-27T11:01:15+00:00","twitter_card":"summary_large_image","schema":{"@context":"https:\/\/schema.org","@graph":[{"@type":"WebPage","@id":"https:\/\/easyliferobo.com\/de\/product\/autonome-mobile-systeme-2005-19-fachgespraech-stuttgart-8-9-dezember-2005-informatik-aktuell\/","url":"https:\/\/easyliferobo.com\/de\/product\/autonome-mobile-systeme-2005-19-fachgespraech-stuttgart-8-9-dezember-2005-informatik-aktuell\/","name":"Autonome Mobile Systeme 2005: 19. Fachgespr\u00e4ch Stuttgart, 8.\/9. Dezember 2005 (Informatik aktuell) - EasyLifeBro","isPartOf":{"@id":"https:\/\/easyliferobo.com\/de\/#website"},"primaryImageOfPage":{"@id":"https:\/\/easyliferobo.com\/de\/product\/autonome-mobile-systeme-2005-19-fachgespraech-stuttgart-8-9-dezember-2005-informatik-aktuell\/#primaryimage"},"image":{"@id":"https:\/\/easyliferobo.com\/de\/product\/autonome-mobile-systeme-2005-19-fachgespraech-stuttgart-8-9-dezember-2005-informatik-aktuell\/#primaryimage"},"thumbnailUrl":"https:\/\/easyliferobo.com\/de\/wp-content\/uploads\/2026\/02\/516MS1k6RJL._SL1255_.jpg","datePublished":"2026-02-27T11:01:13+00:00","dateModified":"2026-02-27T11:01:15+00:00","description":"Entdecken Sie smarte Roboter f\u00fcr Zuhause, Garten, Bildung und Sicherheit. Vergleichen Sie Saugroboter, Rasenm\u00e4hroboter, KI-Begleitroboter und mehr bei EasyLifeRobo.","breadcrumb":{"@id":"https:\/\/easyliferobo.com\/de\/product\/autonome-mobile-systeme-2005-19-fachgespraech-stuttgart-8-9-dezember-2005-informatik-aktuell\/#breadcrumb"},"inLanguage":"de","potentialAction":[{"@type":"ReadAction","target":["https:\/\/easyliferobo.com\/de\/product\/autonome-mobile-systeme-2005-19-fachgespraech-stuttgart-8-9-dezember-2005-informatik-aktuell\/"]}]},{"@type":"ImageObject","inLanguage":"de","@id":"https:\/\/easyliferobo.com\/de\/product\/autonome-mobile-systeme-2005-19-fachgespraech-stuttgart-8-9-dezember-2005-informatik-aktuell\/#primaryimage","url":"https:\/\/easyliferobo.com\/de\/wp-content\/uploads\/2026\/02\/516MS1k6RJL._SL1255_.jpg","contentUrl":"https:\/\/easyliferobo.com\/de\/wp-content\/uploads\/2026\/02\/516MS1k6RJL._SL1255_.jpg","width":827,"height":1255},{"@type":"BreadcrumbList","@id":"https:\/\/easyliferobo.com\/de\/product\/autonome-mobile-systeme-2005-19-fachgespraech-stuttgart-8-9-dezember-2005-informatik-aktuell\/#breadcrumb","itemListElement":[{"@type":"ListItem","position":1,"name":"Home","item":"https:\/\/easyliferobo.com\/de\/"},{"@type":"ListItem","position":2,"name":"Shop","item":"https:\/\/easyliferobo.com\/de\/shop\/"},{"@type":"ListItem","position":3,"name":"Autonome Mobile Systeme 2005: 19. F..."}]},{"@type":"WebSite","@id":"https:\/\/easyliferobo.com\/de\/#website","url":"https:\/\/easyliferobo.com\/de\/","name":"EasyLifeBro","description":"Smarte Roboter f\u00fcr Zuhause, Garten &amp; Bildung","publisher":{"@id":"https:\/\/easyliferobo.com\/de\/#organization"},"potentialAction":[{"@type":"SearchAction","target":{"@type":"EntryPoint","urlTemplate":"https:\/\/easyliferobo.com\/de\/?s={search_term_string}"},"query-input":{"@type":"PropertyValueSpecification","valueRequired":true,"valueName":"search_term_string"}}],"inLanguage":"de"},{"@type":"Organization","@id":"https:\/\/easyliferobo.com\/de\/#organization","name":"EasyLifeBro","url":"https:\/\/easyliferobo.com\/de\/","logo":{"@type":"ImageObject","inLanguage":"de","@id":"https:\/\/easyliferobo.com\/de\/#\/schema\/logo\/image\/","url":"https:\/\/easyliferobo.com\/de\/wp-content\/uploads\/2026\/02\/Screenshot-2026-02-22-at-2.25.03-PM.png","contentUrl":"https:\/\/easyliferobo.com\/de\/wp-content\/uploads\/2026\/02\/Screenshot-2026-02-22-at-2.25.03-PM.png","width":1858,"height":430,"caption":"EasyLifeBro"},"image":{"@id":"https:\/\/easyliferobo.com\/de\/#\/schema\/logo\/image\/"}}]}},"_links":{"self":[{"href":"https:\/\/easyliferobo.com\/de\/wp-json\/wp\/v2\/product\/4149","targetHints":{"allow":["GET"]}}],"collection":[{"href":"https:\/\/easyliferobo.com\/de\/wp-json\/wp\/v2\/product"}],"about":[{"href":"https:\/\/easyliferobo.com\/de\/wp-json\/wp\/v2\/types\/product"}],"replies":[{"embeddable":true,"href":"https:\/\/easyliferobo.com\/de\/wp-json\/wp\/v2\/comments?post=4149"}],"wp:featuredmedia":[{"embeddable":true,"href":"https:\/\/easyliferobo.com\/de\/wp-json\/wp\/v2\/media\/4150"}],"wp:attachment":[{"href":"https:\/\/easyliferobo.com\/de\/wp-json\/wp\/v2\/media?parent=4149"}],"wp:term":[{"taxonomy":"store","embeddable":true,"href":"https:\/\/easyliferobo.com\/de\/wp-json\/wp\/v2\/store?post=4149"},{"taxonomy":"product_brand","embeddable":true,"href":"https:\/\/easyliferobo.com\/de\/wp-json\/wp\/v2\/product_brand?post=4149"},{"taxonomy":"product_cat","embeddable":true,"href":"https:\/\/easyliferobo.com\/de\/wp-json\/wp\/v2\/product_cat?post=4149"},{"taxonomy":"product_tag","embeddable":true,"href":"https:\/\/easyliferobo.com\/de\/wp-json\/wp\/v2\/product_tag?post=4149"}],"curies":[{"name":"wp","href":"https:\/\/api.w.org\/{rel}","templated":true}]}}