
{"id":4141,"date":"2026-02-27T10:59:44","date_gmt":"2026-02-27T10:59:44","guid":{"rendered":"https:\/\/easyliferobo.com\/de\/product\/hemiplegie-finger-rehabilitationstrainer-hand-rehabilitations-roboterhandschuhe-fuer-schlaganfall-lindert-ermuedungserscheinungen-der-finger\/"},"modified":"2026-02-27T10:59:58","modified_gmt":"2026-02-27T10:59:58","slug":"hemiplegie-finger-rehabilitationstrainer-hand-rehabilitations-roboterhandschuhe-fuer-schlaganfall-lindert-ermuedungserscheinungen-der-finger","status":"publish","type":"product","link":"https:\/\/easyliferobo.com\/de\/product\/hemiplegie-finger-rehabilitationstrainer-hand-rehabilitations-roboterhandschuhe-fuer-schlaganfall-lindert-ermuedungserscheinungen-der-finger\/","title":{"rendered":"Hemiplegie-Finger-Rehabilitationstr..."},"content":{"rendered":"<p>\n                                             Produktbeschreibung   <\/p>\n<p>                                                                             <img decoding=\"async\" alt=\"Das neue Produkt ist f\u00fcr die Herstellung vielf\u00e4ltiger Produkte konzipiert.\" src=\"https:\/\/images-na.ssl-images-amazon.com\/images\/G\/01\/x-locale\/common\/grey-pixel.gif\" class=\"a-spacing-base a-lazy-loaded\" data-src=\"https:\/\/m.media-amazon.com\/images\/S\/aplus-media-library-service-media\/4c8e5350-89e8-469f-9c96-b706215ae4fd.__CR0,0,970,600_PT0_SX970_V1___.jpg\"><img decoding=\"async\" alt=\"Das neue Produkt ist f\u00fcr die Herstellung vielf\u00e4ltiger Produkte konzipiert.\" src=\"https:\/\/m.media-amazon.com\/images\/S\/aplus-media-library-service-media\/4c8e5350-89e8-469f-9c96-b706215ae4fd.__CR0,0,970,600_PT0_SX970_V1___.jpg\">                                                                       <\/p>\n<p>                                                                             <img decoding=\"async\" alt=\"das Produkt des Produkts des Produkts des Produkts des Produkts des Produkts des Produkts des Produkts des Produkts des Produkts des Produkts des Produkts des Produkts\" src=\"https:\/\/images-na.ssl-images-amazon.com\/images\/G\/01\/x-locale\/common\/grey-pixel.gif\" class=\"a-spacing-base a-lazy-loaded\" data-src=\"https:\/\/m.media-amazon.com\/images\/S\/aplus-media-library-service-media\/f11a739b-ace7-467c-8d87-864d8f4f0a0b.__CR0,0,970,600_PT0_SX970_V1___.jpg\"><img decoding=\"async\" alt=\"das Produkt des Produkts des Produkts des Produkts des Produkts des Produkts des Produkts des Produkts des Produkts des Produkts des Produkts des Produkts des Produkts\" src=\"https:\/\/m.media-amazon.com\/images\/S\/aplus-media-library-service-media\/f11a739b-ace7-467c-8d87-864d8f4f0a0b.__CR0,0,970,600_PT0_SX970_V1___.jpg\">                                                                    <\/p>\n<p>                                                                             <img decoding=\"async\" alt=\"ein Bild einer Person, die H\u00e4nde und Finger h\u00e4lt.\" src=\"https:\/\/images-na.ssl-images-amazon.com\/images\/G\/01\/x-locale\/common\/grey-pixel.gif\" class=\"a-spacing-base a-lazy-loaded\" data-src=\"https:\/\/m.media-amazon.com\/images\/S\/aplus-media-library-service-media\/386fa544-3af0-42d5-ad81-83bec42090fb.__CR0,0,970,600_PT0_SX970_V1___.jpg\"><img decoding=\"async\" alt=\"ein Bild einer Person, die H\u00e4nde und Finger h\u00e4lt.\" src=\"https:\/\/m.media-amazon.com\/images\/S\/aplus-media-library-service-media\/386fa544-3af0-42d5-ad81-83bec42090fb.__CR0,0,970,600_PT0_SX970_V1___.jpg\">                                                                    <\/p>\n<p>                                                                             <img decoding=\"async\" alt=\"Die Fingerabdr\u00fccke sollen dem Benutzer helfen, seine Handabdr\u00fccke zu ber\u00fchren.\" src=\"https:\/\/images-na.ssl-images-amazon.com\/images\/G\/01\/x-locale\/common\/grey-pixel.gif\" class=\"a-spacing-base a-lazy-loaded\" data-src=\"https:\/\/m.media-amazon.com\/images\/S\/aplus-media-library-service-media\/d881422a-a52a-42bb-8e84-dd43d12daebe.__CR0,0,970,600_PT0_SX970_V1___.jpg\"><img decoding=\"async\" alt=\"Die Fingerabdr\u00fccke sollen dem Benutzer helfen, seine Handabdr\u00fccke zu ber\u00fchren.\" src=\"https:\/\/m.media-amazon.com\/images\/S\/aplus-media-library-service-media\/d881422a-a52a-42bb-8e84-dd43d12daebe.__CR0,0,970,600_PT0_SX970_V1___.jpg\">                                                                    <\/p>\n<p>                                                                             <img decoding=\"async\" alt=\"der Finger \u2013 Schienensystem f\u00fcr den Finger\" src=\"https:\/\/images-na.ssl-images-amazon.com\/images\/G\/01\/x-locale\/common\/grey-pixel.gif\" class=\"a-spacing-base a-lazy-loaded\" data-src=\"https:\/\/m.media-amazon.com\/images\/S\/aplus-media-library-service-media\/790ab854-46ed-4119-96e2-de018bcec5ea.__CR0,0,970,600_PT0_SX970_V1___.jpg\"><img decoding=\"async\" alt=\"der Finger \u2013 Schienensystem f\u00fcr den Finger\" src=\"https:\/\/m.media-amazon.com\/images\/S\/aplus-media-library-service-media\/790ab854-46ed-4119-96e2-de018bcec5ea.__CR0,0,970,600_PT0_SX970_V1___.jpg\">                                                                    <\/p>\n<p>                                                                             <img decoding=\"async\" alt=\"das Handsteuerger\u00e4t f\u00fcr das Handsteuersystem\" src=\"https:\/\/images-na.ssl-images-amazon.com\/images\/G\/01\/x-locale\/common\/grey-pixel.gif\" class=\"a-spacing-base a-lazy-loaded\" data-src=\"https:\/\/m.media-amazon.com\/images\/S\/aplus-media-library-service-media\/dbcd66c1-4ada-4ae9-8ac9-a6f231453693.__CR0,0,970,600_PT0_SX970_V1___.jpg\"><img decoding=\"async\" alt=\"das Handsteuerger\u00e4t f\u00fcr das Handsteuersystem\" src=\"https:\/\/m.media-amazon.com\/images\/S\/aplus-media-library-service-media\/dbcd66c1-4ada-4ae9-8ac9-a6f231453693.__CR0,0,970,600_PT0_SX970_V1___.jpg\">                                                                    <\/p>\n<p>                                                                             <img decoding=\"async\" alt=\"die neuen Design-Handgesten f\u00fcr Frauen\" src=\"https:\/\/images-na.ssl-images-amazon.com\/images\/G\/01\/x-locale\/common\/grey-pixel.gif\" class=\"a-spacing-base a-lazy-loaded\" data-src=\"https:\/\/m.media-amazon.com\/images\/S\/aplus-media-library-service-media\/d8b695ca-08cd-4fc4-8516-7241321351ee.__CR0,0,970,600_PT0_SX970_V1___.jpg\"><img decoding=\"async\" alt=\"die neuen Design-Handgesten f\u00fcr Frauen\" src=\"https:\/\/m.media-amazon.com\/images\/S\/aplus-media-library-service-media\/d8b695ca-08cd-4fc4-8516-7241321351ee.__CR0,0,970,600_PT0_SX970_V1___.jpg\">                                                                    <\/p>\n<p>Handschuhe f\u00fcr Rehabilitationsroboter: Sie sind f\u00fcr diejenigen geeignet, die H\u00e4nde und Finger trainieren m\u00fcssen. Sie sind ein ausgezeichnetes Produkt zur Familienrehabilitation. Zum Beispiel: Patienten mit Schlaganfall, Hemiplegie, Zerebralparese, Hirninfarkt, Hirnblutung, Nervenverletzung, Rehabilitationshandschuhe sind sehr gute Geschenke f\u00fcr sie.<br \/>Reha-Handschuhe (Upgrade 1, 2): Es ist nicht n\u00f6tig, Ventile zu drehen, um das Training f\u00fcr jeden Finger zu erleichtern. Dehnen und Beugen stellen 8 Intensit\u00e4ten ein und verletzen Ihre Finger nicht mehr.<br \/>Roboterhandschuhe (Upgrade 3): Das Spiegeltraining ist einfacher und bequemer, Sie w\u00e4hlen nicht mehr die falschen Handschuhe.<br \/>Reha-Handschuhe (Upgrade 4, 5, 6, 7): Sie k\u00f6nnen f\u00fcnf Finger trainieren. Die Leistung neuer Produkte ist dreimal so hoch wie die des Originals. Die Kapazit\u00e4t des Akkus wurde erh\u00f6ht und auch die Lebensdauer des Akkus wurde verl\u00e4ngert. Alle Funktionen lassen sich bequem \u00fcber das LED-Display bedienen.<br \/>Roboterhandschuhe (Upgrade 8, 9, 10): Funktion zum Speichern des letzten Trainingsmodus hinzugef\u00fcgt. Funktion zum Wiederherstellen der Werkseinstellungen hinzugef\u00fcgt. Die neu hinzugef\u00fcgte Funktion des Netzteils ist leistungsst\u00e4rker.<\/p>\n<p>[ad_2]<\/p>\n","protected":false},"excerpt":{"rendered":"<p>Produktbeschreibung Handschuhe f\u00fcr Rehabilitationsroboter: Sie sind f\u00fcr diejenigen geeignet, die H\u00e4nde und Finger trainieren m\u00fcssen. Sie sind ein ausgezeichnetes Produkt zur Familienrehabilitation. Zum Beispiel: Patienten mit Schlaganfall, Hemiplegie, Zerebralparese, Hirninfarkt, Hirnblutung, Nervenverletzung, Rehabilitationshandschuhe sind sehr gute Geschenke f\u00fcr sie.Reha-Handschuhe (Upgrade 1, 2): Es ist nicht n\u00f6tig, Ventile zu drehen, um das Training f\u00fcr jeden Finger [&hellip;]<\/p>\n","protected":false},"featured_media":4142,"comment_status":"open","ping_status":"closed","template":"","meta":{"_aipt_faq_data":""},"store":[],"product_brand":[213],"product_cat":[108],"product_tag":[212],"class_list":{"0":"post-4141","1":"product","2":"type-product","3":"status-publish","4":"has-post-thumbnail","6":"product_brand-emfocu","7":"product_cat-rehabilitationsroboter","8":"product_tag-rehabilitationsroboter-handrehabilitation","10":"first","11":"instock","12":"shipping-taxable","13":"product-type-external"},"yoast_head":"<!-- This site is optimized with the Yoast SEO plugin v27.0 - https:\/\/yoast.com\/product\/yoast-seo-wordpress\/ -->\n<title>Hemiplegie-Finger-Rehabilitationstrainer, Hand-Rehabilitations-Roboterhandschuhe f\u00fcr Schlaganfall, lindert Erm\u00fcdungserscheinungen der Finger - EasyLifeBro<\/title>\n<meta name=\"description\" content=\"Entdecken Sie smarte Roboter f\u00fcr Zuhause, Garten, Bildung und Sicherheit. Vergleichen Sie Saugroboter, Rasenm\u00e4hroboter, KI-Begleitroboter und mehr bei EasyLifeRobo.\" \/>\n<meta name=\"robots\" content=\"index, follow, max-snippet:-1, max-image-preview:large, max-video-preview:-1\" \/>\n<link rel=\"canonical\" href=\"https:\/\/easyliferobo.com\/de\/product\/hemiplegie-finger-rehabilitationstrainer-hand-rehabilitations-roboterhandschuhe-fuer-schlaganfall-lindert-ermuedungserscheinungen-der-finger\/\" \/>\n<meta property=\"og:locale\" content=\"de_DE\" \/>\n<meta property=\"og:type\" content=\"article\" \/>\n<meta property=\"og:title\" content=\"Hemiplegie-Finger-Rehabilitationstrainer, Hand-Rehabilitations-Roboterhandschuhe f\u00fcr Schlaganfall, lindert Erm\u00fcdungserscheinungen der Finger - EasyLifeBro\" \/>\n<meta property=\"og:description\" content=\"Entdecken Sie smarte Roboter f\u00fcr Zuhause, Garten, Bildung und Sicherheit. Vergleichen Sie Saugroboter, Rasenm\u00e4hroboter, KI-Begleitroboter und mehr bei EasyLifeRobo.\" \/>\n<meta property=\"og:url\" content=\"https:\/\/easyliferobo.com\/de\/product\/hemiplegie-finger-rehabilitationstrainer-hand-rehabilitations-roboterhandschuhe-fuer-schlaganfall-lindert-ermuedungserscheinungen-der-finger\/\" \/>\n<meta property=\"og:site_name\" content=\"EasyLifeBro\" \/>\n<meta property=\"article:modified_time\" content=\"2026-02-27T10:59:58+00:00\" \/>\n<meta property=\"og:image\" content=\"https:\/\/images-na.ssl-images-amazon.com\/images\/G\/01\/x-locale\/common\/grey-pixel.gif\" \/>\n<meta name=\"twitter:card\" content=\"summary_large_image\" \/>\n<meta name=\"twitter:label1\" content=\"Gesch\u00e4tzte Lesezeit\" \/>\n\t<meta name=\"twitter:data1\" content=\"1\u00a0Minute\" \/>\n<script type=\"application\/ld+json\" class=\"yoast-schema-graph\">{\"@context\":\"https:\/\/schema.org\",\"@graph\":[{\"@type\":\"WebPage\",\"@id\":\"https:\/\/easyliferobo.com\/de\/product\/hemiplegie-finger-rehabilitationstrainer-hand-rehabilitations-roboterhandschuhe-fuer-schlaganfall-lindert-ermuedungserscheinungen-der-finger\/\",\"url\":\"https:\/\/easyliferobo.com\/de\/product\/hemiplegie-finger-rehabilitationstrainer-hand-rehabilitations-roboterhandschuhe-fuer-schlaganfall-lindert-ermuedungserscheinungen-der-finger\/\",\"name\":\"Hemiplegie-Finger-Rehabilitationstrainer, Hand-Rehabilitations-Roboterhandschuhe f\u00fcr Schlaganfall, lindert Erm\u00fcdungserscheinungen der Finger - EasyLifeBro\",\"isPartOf\":{\"@id\":\"https:\/\/easyliferobo.com\/de\/#website\"},\"primaryImageOfPage\":{\"@id\":\"https:\/\/easyliferobo.com\/de\/product\/hemiplegie-finger-rehabilitationstrainer-hand-rehabilitations-roboterhandschuhe-fuer-schlaganfall-lindert-ermuedungserscheinungen-der-finger\/#primaryimage\"},\"image\":{\"@id\":\"https:\/\/easyliferobo.com\/de\/product\/hemiplegie-finger-rehabilitationstrainer-hand-rehabilitations-roboterhandschuhe-fuer-schlaganfall-lindert-ermuedungserscheinungen-der-finger\/#primaryimage\"},\"thumbnailUrl\":\"https:\/\/easyliferobo.com\/de\/wp-content\/uploads\/2026\/02\/71XOG12RoTL._SL1500_.jpg\",\"datePublished\":\"2026-02-27T10:59:44+00:00\",\"dateModified\":\"2026-02-27T10:59:58+00:00\",\"description\":\"Entdecken Sie smarte Roboter f\u00fcr Zuhause, Garten, Bildung und Sicherheit. Vergleichen Sie Saugroboter, Rasenm\u00e4hroboter, KI-Begleitroboter und mehr bei EasyLifeRobo.\",\"breadcrumb\":{\"@id\":\"https:\/\/easyliferobo.com\/de\/product\/hemiplegie-finger-rehabilitationstrainer-hand-rehabilitations-roboterhandschuhe-fuer-schlaganfall-lindert-ermuedungserscheinungen-der-finger\/#breadcrumb\"},\"inLanguage\":\"de\",\"potentialAction\":[{\"@type\":\"ReadAction\",\"target\":[\"https:\/\/easyliferobo.com\/de\/product\/hemiplegie-finger-rehabilitationstrainer-hand-rehabilitations-roboterhandschuhe-fuer-schlaganfall-lindert-ermuedungserscheinungen-der-finger\/\"]}]},{\"@type\":\"ImageObject\",\"inLanguage\":\"de\",\"@id\":\"https:\/\/easyliferobo.com\/de\/product\/hemiplegie-finger-rehabilitationstrainer-hand-rehabilitations-roboterhandschuhe-fuer-schlaganfall-lindert-ermuedungserscheinungen-der-finger\/#primaryimage\",\"url\":\"https:\/\/easyliferobo.com\/de\/wp-content\/uploads\/2026\/02\/71XOG12RoTL._SL1500_.jpg\",\"contentUrl\":\"https:\/\/easyliferobo.com\/de\/wp-content\/uploads\/2026\/02\/71XOG12RoTL._SL1500_.jpg\",\"width\":1500,\"height\":1500},{\"@type\":\"BreadcrumbList\",\"@id\":\"https:\/\/easyliferobo.com\/de\/product\/hemiplegie-finger-rehabilitationstrainer-hand-rehabilitations-roboterhandschuhe-fuer-schlaganfall-lindert-ermuedungserscheinungen-der-finger\/#breadcrumb\",\"itemListElement\":[{\"@type\":\"ListItem\",\"position\":1,\"name\":\"Home\",\"item\":\"https:\/\/easyliferobo.com\/de\/\"},{\"@type\":\"ListItem\",\"position\":2,\"name\":\"Shop\",\"item\":\"https:\/\/easyliferobo.com\/de\/shop\/\"},{\"@type\":\"ListItem\",\"position\":3,\"name\":\"Hemiplegie-Finger-Rehabilitationstr...\"}]},{\"@type\":\"WebSite\",\"@id\":\"https:\/\/easyliferobo.com\/de\/#website\",\"url\":\"https:\/\/easyliferobo.com\/de\/\",\"name\":\"EasyLifeBro\",\"description\":\"Smarte Roboter f\u00fcr Zuhause, Garten &amp; Bildung\",\"publisher\":{\"@id\":\"https:\/\/easyliferobo.com\/de\/#organization\"},\"potentialAction\":[{\"@type\":\"SearchAction\",\"target\":{\"@type\":\"EntryPoint\",\"urlTemplate\":\"https:\/\/easyliferobo.com\/de\/?s={search_term_string}\"},\"query-input\":{\"@type\":\"PropertyValueSpecification\",\"valueRequired\":true,\"valueName\":\"search_term_string\"}}],\"inLanguage\":\"de\"},{\"@type\":\"Organization\",\"@id\":\"https:\/\/easyliferobo.com\/de\/#organization\",\"name\":\"EasyLifeBro\",\"url\":\"https:\/\/easyliferobo.com\/de\/\",\"logo\":{\"@type\":\"ImageObject\",\"inLanguage\":\"de\",\"@id\":\"https:\/\/easyliferobo.com\/de\/#\/schema\/logo\/image\/\",\"url\":\"https:\/\/easyliferobo.com\/de\/wp-content\/uploads\/2026\/02\/Screenshot-2026-02-22-at-2.25.03-PM.png\",\"contentUrl\":\"https:\/\/easyliferobo.com\/de\/wp-content\/uploads\/2026\/02\/Screenshot-2026-02-22-at-2.25.03-PM.png\",\"width\":1858,\"height\":430,\"caption\":\"EasyLifeBro\"},\"image\":{\"@id\":\"https:\/\/easyliferobo.com\/de\/#\/schema\/logo\/image\/\"}}]}<\/script>\n<!-- \/ Yoast SEO plugin. -->","yoast_head_json":{"title":"Hemiplegie-Finger-Rehabilitationstrainer, Hand-Rehabilitations-Roboterhandschuhe f\u00fcr Schlaganfall, lindert Erm\u00fcdungserscheinungen der Finger - EasyLifeBro","description":"Entdecken Sie smarte Roboter f\u00fcr Zuhause, Garten, Bildung und Sicherheit. Vergleichen Sie Saugroboter, Rasenm\u00e4hroboter, KI-Begleitroboter und mehr bei EasyLifeRobo.","robots":{"index":"index","follow":"follow","max-snippet":"max-snippet:-1","max-image-preview":"max-image-preview:large","max-video-preview":"max-video-preview:-1"},"canonical":"https:\/\/easyliferobo.com\/de\/product\/hemiplegie-finger-rehabilitationstrainer-hand-rehabilitations-roboterhandschuhe-fuer-schlaganfall-lindert-ermuedungserscheinungen-der-finger\/","og_locale":"de_DE","og_type":"article","og_title":"Hemiplegie-Finger-Rehabilitationstrainer, Hand-Rehabilitations-Roboterhandschuhe f\u00fcr Schlaganfall, lindert Erm\u00fcdungserscheinungen der Finger - EasyLifeBro","og_description":"Entdecken Sie smarte Roboter f\u00fcr Zuhause, Garten, Bildung und Sicherheit. Vergleichen Sie Saugroboter, Rasenm\u00e4hroboter, KI-Begleitroboter und mehr bei EasyLifeRobo.","og_url":"https:\/\/easyliferobo.com\/de\/product\/hemiplegie-finger-rehabilitationstrainer-hand-rehabilitations-roboterhandschuhe-fuer-schlaganfall-lindert-ermuedungserscheinungen-der-finger\/","og_site_name":"EasyLifeBro","article_modified_time":"2026-02-27T10:59:58+00:00","og_image":[{"url":"https:\/\/images-na.ssl-images-amazon.com\/images\/G\/01\/x-locale\/common\/grey-pixel.gif","type":"","width":"","height":""}],"twitter_card":"summary_large_image","twitter_misc":{"Gesch\u00e4tzte Lesezeit":"1\u00a0Minute"},"schema":{"@context":"https:\/\/schema.org","@graph":[{"@type":"WebPage","@id":"https:\/\/easyliferobo.com\/de\/product\/hemiplegie-finger-rehabilitationstrainer-hand-rehabilitations-roboterhandschuhe-fuer-schlaganfall-lindert-ermuedungserscheinungen-der-finger\/","url":"https:\/\/easyliferobo.com\/de\/product\/hemiplegie-finger-rehabilitationstrainer-hand-rehabilitations-roboterhandschuhe-fuer-schlaganfall-lindert-ermuedungserscheinungen-der-finger\/","name":"Hemiplegie-Finger-Rehabilitationstrainer, Hand-Rehabilitations-Roboterhandschuhe f\u00fcr Schlaganfall, lindert Erm\u00fcdungserscheinungen der Finger - EasyLifeBro","isPartOf":{"@id":"https:\/\/easyliferobo.com\/de\/#website"},"primaryImageOfPage":{"@id":"https:\/\/easyliferobo.com\/de\/product\/hemiplegie-finger-rehabilitationstrainer-hand-rehabilitations-roboterhandschuhe-fuer-schlaganfall-lindert-ermuedungserscheinungen-der-finger\/#primaryimage"},"image":{"@id":"https:\/\/easyliferobo.com\/de\/product\/hemiplegie-finger-rehabilitationstrainer-hand-rehabilitations-roboterhandschuhe-fuer-schlaganfall-lindert-ermuedungserscheinungen-der-finger\/#primaryimage"},"thumbnailUrl":"https:\/\/easyliferobo.com\/de\/wp-content\/uploads\/2026\/02\/71XOG12RoTL._SL1500_.jpg","datePublished":"2026-02-27T10:59:44+00:00","dateModified":"2026-02-27T10:59:58+00:00","description":"Entdecken Sie smarte Roboter f\u00fcr Zuhause, Garten, Bildung und Sicherheit. Vergleichen Sie Saugroboter, Rasenm\u00e4hroboter, KI-Begleitroboter und mehr bei EasyLifeRobo.","breadcrumb":{"@id":"https:\/\/easyliferobo.com\/de\/product\/hemiplegie-finger-rehabilitationstrainer-hand-rehabilitations-roboterhandschuhe-fuer-schlaganfall-lindert-ermuedungserscheinungen-der-finger\/#breadcrumb"},"inLanguage":"de","potentialAction":[{"@type":"ReadAction","target":["https:\/\/easyliferobo.com\/de\/product\/hemiplegie-finger-rehabilitationstrainer-hand-rehabilitations-roboterhandschuhe-fuer-schlaganfall-lindert-ermuedungserscheinungen-der-finger\/"]}]},{"@type":"ImageObject","inLanguage":"de","@id":"https:\/\/easyliferobo.com\/de\/product\/hemiplegie-finger-rehabilitationstrainer-hand-rehabilitations-roboterhandschuhe-fuer-schlaganfall-lindert-ermuedungserscheinungen-der-finger\/#primaryimage","url":"https:\/\/easyliferobo.com\/de\/wp-content\/uploads\/2026\/02\/71XOG12RoTL._SL1500_.jpg","contentUrl":"https:\/\/easyliferobo.com\/de\/wp-content\/uploads\/2026\/02\/71XOG12RoTL._SL1500_.jpg","width":1500,"height":1500},{"@type":"BreadcrumbList","@id":"https:\/\/easyliferobo.com\/de\/product\/hemiplegie-finger-rehabilitationstrainer-hand-rehabilitations-roboterhandschuhe-fuer-schlaganfall-lindert-ermuedungserscheinungen-der-finger\/#breadcrumb","itemListElement":[{"@type":"ListItem","position":1,"name":"Home","item":"https:\/\/easyliferobo.com\/de\/"},{"@type":"ListItem","position":2,"name":"Shop","item":"https:\/\/easyliferobo.com\/de\/shop\/"},{"@type":"ListItem","position":3,"name":"Hemiplegie-Finger-Rehabilitationstr..."}]},{"@type":"WebSite","@id":"https:\/\/easyliferobo.com\/de\/#website","url":"https:\/\/easyliferobo.com\/de\/","name":"EasyLifeBro","description":"Smarte Roboter f\u00fcr Zuhause, Garten &amp; Bildung","publisher":{"@id":"https:\/\/easyliferobo.com\/de\/#organization"},"potentialAction":[{"@type":"SearchAction","target":{"@type":"EntryPoint","urlTemplate":"https:\/\/easyliferobo.com\/de\/?s={search_term_string}"},"query-input":{"@type":"PropertyValueSpecification","valueRequired":true,"valueName":"search_term_string"}}],"inLanguage":"de"},{"@type":"Organization","@id":"https:\/\/easyliferobo.com\/de\/#organization","name":"EasyLifeBro","url":"https:\/\/easyliferobo.com\/de\/","logo":{"@type":"ImageObject","inLanguage":"de","@id":"https:\/\/easyliferobo.com\/de\/#\/schema\/logo\/image\/","url":"https:\/\/easyliferobo.com\/de\/wp-content\/uploads\/2026\/02\/Screenshot-2026-02-22-at-2.25.03-PM.png","contentUrl":"https:\/\/easyliferobo.com\/de\/wp-content\/uploads\/2026\/02\/Screenshot-2026-02-22-at-2.25.03-PM.png","width":1858,"height":430,"caption":"EasyLifeBro"},"image":{"@id":"https:\/\/easyliferobo.com\/de\/#\/schema\/logo\/image\/"}}]}},"_links":{"self":[{"href":"https:\/\/easyliferobo.com\/de\/wp-json\/wp\/v2\/product\/4141","targetHints":{"allow":["GET"]}}],"collection":[{"href":"https:\/\/easyliferobo.com\/de\/wp-json\/wp\/v2\/product"}],"about":[{"href":"https:\/\/easyliferobo.com\/de\/wp-json\/wp\/v2\/types\/product"}],"replies":[{"embeddable":true,"href":"https:\/\/easyliferobo.com\/de\/wp-json\/wp\/v2\/comments?post=4141"}],"wp:featuredmedia":[{"embeddable":true,"href":"https:\/\/easyliferobo.com\/de\/wp-json\/wp\/v2\/media\/4142"}],"wp:attachment":[{"href":"https:\/\/easyliferobo.com\/de\/wp-json\/wp\/v2\/media?parent=4141"}],"wp:term":[{"taxonomy":"store","embeddable":true,"href":"https:\/\/easyliferobo.com\/de\/wp-json\/wp\/v2\/store?post=4141"},{"taxonomy":"product_brand","embeddable":true,"href":"https:\/\/easyliferobo.com\/de\/wp-json\/wp\/v2\/product_brand?post=4141"},{"taxonomy":"product_cat","embeddable":true,"href":"https:\/\/easyliferobo.com\/de\/wp-json\/wp\/v2\/product_cat?post=4141"},{"taxonomy":"product_tag","embeddable":true,"href":"https:\/\/easyliferobo.com\/de\/wp-json\/wp\/v2\/product_tag?post=4141"}],"curies":[{"name":"wp","href":"https:\/\/api.w.org\/{rel}","templated":true}]}}