
{"id":4133,"date":"2026-02-27T10:58:33","date_gmt":"2026-02-27T10:58:33","guid":{"rendered":"https:\/\/easyliferobo.com\/de\/product\/beurer-em-89-digitales-tens-ems-geraet-mit-waermefunktion-4-in-1-funktion-fuer-schmerztherapie-muskelstimulation-massage-und-waermetherapie-4-separat-einstellbare-kanaele-8-elektroden-akku\/"},"modified":"2026-02-27T10:58:48","modified_gmt":"2026-02-27T10:58:48","slug":"beurer-em-89-digitales-tens-ems-geraet-mit-waermefunktion-4-in-1-funktion-fuer-schmerztherapie-muskelstimulation-massage-und-waermetherapie-4-separat-einstellbare-kanaele-8-elektroden-akku","status":"publish","type":"product","link":"https:\/\/easyliferobo.com\/de\/product\/beurer-em-89-digitales-tens-ems-geraet-mit-waermefunktion-4-in-1-funktion-fuer-schmerztherapie-muskelstimulation-massage-und-waermetherapie-4-separat-einstellbare-kanaele-8-elektroden-akku\/","title":{"rendered":"Beurer EM 89 Digitales TENS\/EMS-Ger..."},"content":{"rendered":"<p>    <span>Das Beurer EM 89 Digital TENS\/EMS-Ger\u00e4t ist ein innovatives 4-in-1-Ger\u00e4t, das auf ganzheitliche Weise f\u00fcr Schmerzlinderung und Entspannung sorgt. Es erm\u00f6glicht die gleichzeitige oder getrennte Anwendung von TENS, EMS, Massage und W\u00e4rmetherapie. Das Ger\u00e4t verf\u00fcgt \u00fcber 64 vorprogrammierte und 6 frei programmierbare Einstellungen, die individuell an die Bed\u00fcrfnisse angepasst werden k\u00f6nnen, sei es zur Elektrostimulation oder zur gezielten Schmerzlinderung. Die einfache Bedienung wird durch das hintergrundbeleuchtete Display und die Favoritenprogrammfunktion erleichtert, die eine schnelle und einfache Auswahl von Einstellungen erm\u00f6glicht. Mit seinem wiederaufladbaren Lithium-Ionen-Akku und der praktischen Aufbewahrungstasche ist der EM 89 flexibel und mobil. Dar\u00fcber hinaus sorgt die Sicherheitsabschaltung f\u00fcr hohe Sicherheit und Flexibilit\u00e4t im allt\u00e4glichen Umgang mit dem Ger\u00e4t.<\/span>    <br \/>  Batterien \u200f : \u200e 1 Lithium-Ionen-Batterie erforderlich. (im Lieferumfang enthalten)   <br \/> Produktabmessungen \u200f : \u200e 10,4 x 21,5 x 16,6 cm; 920 g   <br \/> Hersteller \u200f : \u200e Beurer GmbH   <br \/> ASIN \u200f : \u200e B0DD4GQG7D   <br \/> Modellnummer des Artikels \u200f : \u200e EM 89 HEAT   <br \/> Herkunftsland \u200f : \u200e China   <br \/>  Kundenrezensionen: 4,3 4,3 von 5 Sternen (7.917) var dpAcrHasRegisteredArcLinkClickAction; P.when(&#8218;A&#8216;, &#8218;ready&#8216;).execute(function(A) { if (dpAcrHasRegisteredArcLinkClickAction !== true) { dpAcrHasRegisteredArcLinkClickAction = true; A.declarative( &#8218;acrLink-click-metrics&#8216;, &#8218;click&#8216;, { &#8222;allowLinkDefault&#8220;: true }, function (event) { if (window.ue) { ue.count(&#8222;acrLinkClickCount&#8220;, (ue.count(&#8222;acrLinkClickCount&#8220;) || 0) + 1 } } }); P.when(&#8218;A&#8216;, &#8218;cf&#8216;).execute(function(A) { A.declarative(&#8218;acrStarsLink-click-metrics&#8216;, &#8218;click&#8216;, { &#8222;allowLinkDefault&#8220; : true }, function(event){ if(window.ue) { ue.count(&#8222;acrStarsLinkWithPopoverClickCount&#8220;, (ue.count(&#8222;acrStarsLinkWithPopoverClickCount&#8220;) || 0) + 1); } }); });                          <br \/>Schmerzlinderung und Entspannung: Dank der innovativen 4-in-1-Funktion bietet das EM 89 die parallele oder getrennte Nutzung von TENS, EMS, Massage und W\u00e4rmefunktion \u2013 alles in einem Ger\u00e4t f\u00fcr ganzheitliche Schmerzlinderung und Entspannung<br \/>Individuelle Nutzung: Mit 64 vorprogrammierten und 6 frei programmierbaren Einstellungen findet jeder das richtige Programm f\u00fcr seine Bed\u00fcrfnisse, ob Elektrostimulation oder gezielte Schmerzlinderung<br \/>Einfache Bedienung: Dank des hintergrundbeleuchteten, gut lesbaren Displays und der Favoritenprogrammfunktion k\u00f6nnen Sie schnell und einfach Ihre bevorzugten Einstellungen ausw\u00e4hlen<br \/>Flexibel und mobil: Dank des wiederaufladbaren Lithium-Ionen-Akkus und der praktischen Aufbewahrungstasche ist das EM 89-Ger\u00e4t immer und \u00fcberall einsetzbar<br \/>Hohe Sicherheit: Dank der Sicherheitsabschaltung ist das Ger\u00e4t jederzeit sicher und flexibel im Alltag einsetzbar<\/p>\n<p>[ad_2]<\/p>\n","protected":false},"excerpt":{"rendered":"<p>Das Beurer EM 89 Digital TENS\/EMS-Ger\u00e4t ist ein innovatives 4-in-1-Ger\u00e4t, das auf ganzheitliche Weise f\u00fcr Schmerzlinderung und Entspannung sorgt. Es erm\u00f6glicht die gleichzeitige oder getrennte Anwendung von TENS, EMS, Massage und W\u00e4rmetherapie. Das Ger\u00e4t verf\u00fcgt \u00fcber 64 vorprogrammierte und 6 frei programmierbare Einstellungen, die individuell an die Bed\u00fcrfnisse angepasst werden k\u00f6nnen, sei es zur Elektrostimulation [&hellip;]<\/p>\n","protected":false},"featured_media":4134,"comment_status":"open","ping_status":"closed","template":"","meta":{"_aipt_faq_data":""},"store":[],"product_brand":[447],"product_cat":[109],"product_tag":[211],"class_list":{"0":"post-4133","1":"product","2":"type-product","3":"status-publish","4":"has-post-thumbnail","6":"product_brand-beurer","7":"product_cat-therapieroboter","8":"product_tag-therapieroboter-zur-schmerztherapie","10":"first","11":"instock","12":"sale","13":"shipping-taxable","14":"product-type-external"},"yoast_head":"<!-- This site is optimized with the Yoast SEO plugin v27.4 - https:\/\/yoast.com\/product\/yoast-seo-wordpress\/ -->\n<title>Beurer EM 89 Digitales TENS\/EMS-Ger\u00e4t mit W\u00e4rmefunktion, 4-in-1-Funktion f\u00fcr Schmerztherapie, Muskelstimulation, Massage und W\u00e4rmetherapie, 4 separat einstellbare Kan\u00e4le, 8 Elektroden &amp; Akku - EasyLifeBro<\/title>\n<meta name=\"description\" content=\"Entdecken Sie smarte Roboter f\u00fcr Zuhause, Garten, Bildung und Sicherheit. Vergleichen Sie Saugroboter, Rasenm\u00e4hroboter, KI-Begleitroboter und mehr bei EasyLifeRobo.\" \/>\n<meta name=\"robots\" content=\"index, follow, max-snippet:-1, max-image-preview:large, max-video-preview:-1\" \/>\n<link rel=\"canonical\" href=\"https:\/\/easyliferobo.com\/de\/product\/beurer-em-89-digitales-tens-ems-geraet-mit-waermefunktion-4-in-1-funktion-fuer-schmerztherapie-muskelstimulation-massage-und-waermetherapie-4-separat-einstellbare-kanaele-8-elektroden-akku\/\" \/>\n<meta property=\"og:locale\" content=\"de_DE\" \/>\n<meta property=\"og:type\" content=\"article\" \/>\n<meta property=\"og:title\" content=\"Beurer EM 89 Digitales TENS\/EMS-Ger\u00e4t mit W\u00e4rmefunktion, 4-in-1-Funktion f\u00fcr Schmerztherapie, Muskelstimulation, Massage und W\u00e4rmetherapie, 4 separat einstellbare Kan\u00e4le, 8 Elektroden &amp; Akku - EasyLifeBro\" \/>\n<meta property=\"og:description\" content=\"Entdecken Sie smarte Roboter f\u00fcr Zuhause, Garten, Bildung und Sicherheit. Vergleichen Sie Saugroboter, Rasenm\u00e4hroboter, KI-Begleitroboter und mehr bei EasyLifeRobo.\" \/>\n<meta property=\"og:url\" content=\"https:\/\/easyliferobo.com\/de\/product\/beurer-em-89-digitales-tens-ems-geraet-mit-waermefunktion-4-in-1-funktion-fuer-schmerztherapie-muskelstimulation-massage-und-waermetherapie-4-separat-einstellbare-kanaele-8-elektroden-akku\/\" \/>\n<meta property=\"og:site_name\" content=\"EasyLifeBro\" \/>\n<meta property=\"article:modified_time\" content=\"2026-02-27T10:58:48+00:00\" \/>\n<meta name=\"twitter:card\" content=\"summary_large_image\" \/>\n<meta name=\"twitter:label1\" content=\"Gesch\u00e4tzte Lesezeit\" \/>\n\t<meta name=\"twitter:data1\" content=\"2\u00a0Minuten\" \/>\n<script type=\"application\/ld+json\" class=\"yoast-schema-graph\">{\"@context\":\"https:\\\/\\\/schema.org\",\"@graph\":[{\"@type\":\"WebPage\",\"@id\":\"https:\\\/\\\/easyliferobo.com\\\/de\\\/product\\\/beurer-em-89-digitales-tens-ems-geraet-mit-waermefunktion-4-in-1-funktion-fuer-schmerztherapie-muskelstimulation-massage-und-waermetherapie-4-separat-einstellbare-kanaele-8-elektroden-akku\\\/\",\"url\":\"https:\\\/\\\/easyliferobo.com\\\/de\\\/product\\\/beurer-em-89-digitales-tens-ems-geraet-mit-waermefunktion-4-in-1-funktion-fuer-schmerztherapie-muskelstimulation-massage-und-waermetherapie-4-separat-einstellbare-kanaele-8-elektroden-akku\\\/\",\"name\":\"Beurer EM 89 Digitales TENS\\\/EMS-Ger\u00e4t mit W\u00e4rmefunktion, 4-in-1-Funktion f\u00fcr Schmerztherapie, Muskelstimulation, Massage und W\u00e4rmetherapie, 4 separat einstellbare Kan\u00e4le, 8 Elektroden & Akku - EasyLifeBro\",\"isPartOf\":{\"@id\":\"https:\\\/\\\/easyliferobo.com\\\/de\\\/#website\"},\"primaryImageOfPage\":{\"@id\":\"https:\\\/\\\/easyliferobo.com\\\/de\\\/product\\\/beurer-em-89-digitales-tens-ems-geraet-mit-waermefunktion-4-in-1-funktion-fuer-schmerztherapie-muskelstimulation-massage-und-waermetherapie-4-separat-einstellbare-kanaele-8-elektroden-akku\\\/#primaryimage\"},\"image\":{\"@id\":\"https:\\\/\\\/easyliferobo.com\\\/de\\\/product\\\/beurer-em-89-digitales-tens-ems-geraet-mit-waermefunktion-4-in-1-funktion-fuer-schmerztherapie-muskelstimulation-massage-und-waermetherapie-4-separat-einstellbare-kanaele-8-elektroden-akku\\\/#primaryimage\"},\"thumbnailUrl\":\"https:\\\/\\\/easyliferobo.com\\\/de\\\/wp-content\\\/uploads\\\/2026\\\/02\\\/81jKO8iRJ9L._AC_SL1500_.jpg\",\"datePublished\":\"2026-02-27T10:58:33+00:00\",\"dateModified\":\"2026-02-27T10:58:48+00:00\",\"description\":\"Entdecken Sie smarte Roboter f\u00fcr Zuhause, Garten, Bildung und Sicherheit. Vergleichen Sie Saugroboter, Rasenm\u00e4hroboter, KI-Begleitroboter und mehr bei EasyLifeRobo.\",\"breadcrumb\":{\"@id\":\"https:\\\/\\\/easyliferobo.com\\\/de\\\/product\\\/beurer-em-89-digitales-tens-ems-geraet-mit-waermefunktion-4-in-1-funktion-fuer-schmerztherapie-muskelstimulation-massage-und-waermetherapie-4-separat-einstellbare-kanaele-8-elektroden-akku\\\/#breadcrumb\"},\"inLanguage\":\"de\",\"potentialAction\":[{\"@type\":\"ReadAction\",\"target\":[\"https:\\\/\\\/easyliferobo.com\\\/de\\\/product\\\/beurer-em-89-digitales-tens-ems-geraet-mit-waermefunktion-4-in-1-funktion-fuer-schmerztherapie-muskelstimulation-massage-und-waermetherapie-4-separat-einstellbare-kanaele-8-elektroden-akku\\\/\"]}]},{\"@type\":\"ImageObject\",\"inLanguage\":\"de\",\"@id\":\"https:\\\/\\\/easyliferobo.com\\\/de\\\/product\\\/beurer-em-89-digitales-tens-ems-geraet-mit-waermefunktion-4-in-1-funktion-fuer-schmerztherapie-muskelstimulation-massage-und-waermetherapie-4-separat-einstellbare-kanaele-8-elektroden-akku\\\/#primaryimage\",\"url\":\"https:\\\/\\\/easyliferobo.com\\\/de\\\/wp-content\\\/uploads\\\/2026\\\/02\\\/81jKO8iRJ9L._AC_SL1500_.jpg\",\"contentUrl\":\"https:\\\/\\\/easyliferobo.com\\\/de\\\/wp-content\\\/uploads\\\/2026\\\/02\\\/81jKO8iRJ9L._AC_SL1500_.jpg\",\"width\":1500,\"height\":1431},{\"@type\":\"BreadcrumbList\",\"@id\":\"https:\\\/\\\/easyliferobo.com\\\/de\\\/product\\\/beurer-em-89-digitales-tens-ems-geraet-mit-waermefunktion-4-in-1-funktion-fuer-schmerztherapie-muskelstimulation-massage-und-waermetherapie-4-separat-einstellbare-kanaele-8-elektroden-akku\\\/#breadcrumb\",\"itemListElement\":[{\"@type\":\"ListItem\",\"position\":1,\"name\":\"Home\",\"item\":\"https:\\\/\\\/easyliferobo.com\\\/de\\\/\"},{\"@type\":\"ListItem\",\"position\":2,\"name\":\"Shop\",\"item\":\"https:\\\/\\\/easyliferobo.com\\\/de\\\/shop\\\/\"},{\"@type\":\"ListItem\",\"position\":3,\"name\":\"Beurer EM 89 Digitales TENS\\\/EMS-Ger...\"}]},{\"@type\":\"WebSite\",\"@id\":\"https:\\\/\\\/easyliferobo.com\\\/de\\\/#website\",\"url\":\"https:\\\/\\\/easyliferobo.com\\\/de\\\/\",\"name\":\"EasyLifeBro\",\"description\":\"Smarte Roboter f\u00fcr Zuhause, Garten &amp; Bildung\",\"publisher\":{\"@id\":\"https:\\\/\\\/easyliferobo.com\\\/de\\\/#organization\"},\"potentialAction\":[{\"@type\":\"SearchAction\",\"target\":{\"@type\":\"EntryPoint\",\"urlTemplate\":\"https:\\\/\\\/easyliferobo.com\\\/de\\\/?s={search_term_string}\"},\"query-input\":{\"@type\":\"PropertyValueSpecification\",\"valueRequired\":true,\"valueName\":\"search_term_string\"}}],\"inLanguage\":\"de\"},{\"@type\":\"Organization\",\"@id\":\"https:\\\/\\\/easyliferobo.com\\\/de\\\/#organization\",\"name\":\"EasyLifeBro\",\"url\":\"https:\\\/\\\/easyliferobo.com\\\/de\\\/\",\"logo\":{\"@type\":\"ImageObject\",\"inLanguage\":\"de\",\"@id\":\"https:\\\/\\\/easyliferobo.com\\\/de\\\/#\\\/schema\\\/logo\\\/image\\\/\",\"url\":\"https:\\\/\\\/easyliferobo.com\\\/de\\\/wp-content\\\/uploads\\\/2026\\\/02\\\/Screenshot-2026-02-22-at-2.25.03-PM.png\",\"contentUrl\":\"https:\\\/\\\/easyliferobo.com\\\/de\\\/wp-content\\\/uploads\\\/2026\\\/02\\\/Screenshot-2026-02-22-at-2.25.03-PM.png\",\"width\":1858,\"height\":430,\"caption\":\"EasyLifeBro\"},\"image\":{\"@id\":\"https:\\\/\\\/easyliferobo.com\\\/de\\\/#\\\/schema\\\/logo\\\/image\\\/\"}}]}<\/script>\n<!-- \/ Yoast SEO plugin. -->","yoast_head_json":{"title":"Beurer EM 89 Digitales TENS\/EMS-Ger\u00e4t mit W\u00e4rmefunktion, 4-in-1-Funktion f\u00fcr Schmerztherapie, Muskelstimulation, Massage und W\u00e4rmetherapie, 4 separat einstellbare Kan\u00e4le, 8 Elektroden & Akku - EasyLifeBro","description":"Entdecken Sie smarte Roboter f\u00fcr Zuhause, Garten, Bildung und Sicherheit. Vergleichen Sie Saugroboter, Rasenm\u00e4hroboter, KI-Begleitroboter und mehr bei EasyLifeRobo.","robots":{"index":"index","follow":"follow","max-snippet":"max-snippet:-1","max-image-preview":"max-image-preview:large","max-video-preview":"max-video-preview:-1"},"canonical":"https:\/\/easyliferobo.com\/de\/product\/beurer-em-89-digitales-tens-ems-geraet-mit-waermefunktion-4-in-1-funktion-fuer-schmerztherapie-muskelstimulation-massage-und-waermetherapie-4-separat-einstellbare-kanaele-8-elektroden-akku\/","og_locale":"de_DE","og_type":"article","og_title":"Beurer EM 89 Digitales TENS\/EMS-Ger\u00e4t mit W\u00e4rmefunktion, 4-in-1-Funktion f\u00fcr Schmerztherapie, Muskelstimulation, Massage und W\u00e4rmetherapie, 4 separat einstellbare Kan\u00e4le, 8 Elektroden & Akku - EasyLifeBro","og_description":"Entdecken Sie smarte Roboter f\u00fcr Zuhause, Garten, Bildung und Sicherheit. Vergleichen Sie Saugroboter, Rasenm\u00e4hroboter, KI-Begleitroboter und mehr bei EasyLifeRobo.","og_url":"https:\/\/easyliferobo.com\/de\/product\/beurer-em-89-digitales-tens-ems-geraet-mit-waermefunktion-4-in-1-funktion-fuer-schmerztherapie-muskelstimulation-massage-und-waermetherapie-4-separat-einstellbare-kanaele-8-elektroden-akku\/","og_site_name":"EasyLifeBro","article_modified_time":"2026-02-27T10:58:48+00:00","twitter_card":"summary_large_image","twitter_misc":{"Gesch\u00e4tzte Lesezeit":"2\u00a0Minuten"},"schema":{"@context":"https:\/\/schema.org","@graph":[{"@type":"WebPage","@id":"https:\/\/easyliferobo.com\/de\/product\/beurer-em-89-digitales-tens-ems-geraet-mit-waermefunktion-4-in-1-funktion-fuer-schmerztherapie-muskelstimulation-massage-und-waermetherapie-4-separat-einstellbare-kanaele-8-elektroden-akku\/","url":"https:\/\/easyliferobo.com\/de\/product\/beurer-em-89-digitales-tens-ems-geraet-mit-waermefunktion-4-in-1-funktion-fuer-schmerztherapie-muskelstimulation-massage-und-waermetherapie-4-separat-einstellbare-kanaele-8-elektroden-akku\/","name":"Beurer EM 89 Digitales TENS\/EMS-Ger\u00e4t mit W\u00e4rmefunktion, 4-in-1-Funktion f\u00fcr Schmerztherapie, Muskelstimulation, Massage und W\u00e4rmetherapie, 4 separat einstellbare Kan\u00e4le, 8 Elektroden & Akku - EasyLifeBro","isPartOf":{"@id":"https:\/\/easyliferobo.com\/de\/#website"},"primaryImageOfPage":{"@id":"https:\/\/easyliferobo.com\/de\/product\/beurer-em-89-digitales-tens-ems-geraet-mit-waermefunktion-4-in-1-funktion-fuer-schmerztherapie-muskelstimulation-massage-und-waermetherapie-4-separat-einstellbare-kanaele-8-elektroden-akku\/#primaryimage"},"image":{"@id":"https:\/\/easyliferobo.com\/de\/product\/beurer-em-89-digitales-tens-ems-geraet-mit-waermefunktion-4-in-1-funktion-fuer-schmerztherapie-muskelstimulation-massage-und-waermetherapie-4-separat-einstellbare-kanaele-8-elektroden-akku\/#primaryimage"},"thumbnailUrl":"https:\/\/easyliferobo.com\/de\/wp-content\/uploads\/2026\/02\/81jKO8iRJ9L._AC_SL1500_.jpg","datePublished":"2026-02-27T10:58:33+00:00","dateModified":"2026-02-27T10:58:48+00:00","description":"Entdecken Sie smarte Roboter f\u00fcr Zuhause, Garten, Bildung und Sicherheit. Vergleichen Sie Saugroboter, Rasenm\u00e4hroboter, KI-Begleitroboter und mehr bei EasyLifeRobo.","breadcrumb":{"@id":"https:\/\/easyliferobo.com\/de\/product\/beurer-em-89-digitales-tens-ems-geraet-mit-waermefunktion-4-in-1-funktion-fuer-schmerztherapie-muskelstimulation-massage-und-waermetherapie-4-separat-einstellbare-kanaele-8-elektroden-akku\/#breadcrumb"},"inLanguage":"de","potentialAction":[{"@type":"ReadAction","target":["https:\/\/easyliferobo.com\/de\/product\/beurer-em-89-digitales-tens-ems-geraet-mit-waermefunktion-4-in-1-funktion-fuer-schmerztherapie-muskelstimulation-massage-und-waermetherapie-4-separat-einstellbare-kanaele-8-elektroden-akku\/"]}]},{"@type":"ImageObject","inLanguage":"de","@id":"https:\/\/easyliferobo.com\/de\/product\/beurer-em-89-digitales-tens-ems-geraet-mit-waermefunktion-4-in-1-funktion-fuer-schmerztherapie-muskelstimulation-massage-und-waermetherapie-4-separat-einstellbare-kanaele-8-elektroden-akku\/#primaryimage","url":"https:\/\/easyliferobo.com\/de\/wp-content\/uploads\/2026\/02\/81jKO8iRJ9L._AC_SL1500_.jpg","contentUrl":"https:\/\/easyliferobo.com\/de\/wp-content\/uploads\/2026\/02\/81jKO8iRJ9L._AC_SL1500_.jpg","width":1500,"height":1431},{"@type":"BreadcrumbList","@id":"https:\/\/easyliferobo.com\/de\/product\/beurer-em-89-digitales-tens-ems-geraet-mit-waermefunktion-4-in-1-funktion-fuer-schmerztherapie-muskelstimulation-massage-und-waermetherapie-4-separat-einstellbare-kanaele-8-elektroden-akku\/#breadcrumb","itemListElement":[{"@type":"ListItem","position":1,"name":"Home","item":"https:\/\/easyliferobo.com\/de\/"},{"@type":"ListItem","position":2,"name":"Shop","item":"https:\/\/easyliferobo.com\/de\/shop\/"},{"@type":"ListItem","position":3,"name":"Beurer EM 89 Digitales TENS\/EMS-Ger..."}]},{"@type":"WebSite","@id":"https:\/\/easyliferobo.com\/de\/#website","url":"https:\/\/easyliferobo.com\/de\/","name":"EasyLifeBro","description":"Smarte Roboter f\u00fcr Zuhause, Garten &amp; Bildung","publisher":{"@id":"https:\/\/easyliferobo.com\/de\/#organization"},"potentialAction":[{"@type":"SearchAction","target":{"@type":"EntryPoint","urlTemplate":"https:\/\/easyliferobo.com\/de\/?s={search_term_string}"},"query-input":{"@type":"PropertyValueSpecification","valueRequired":true,"valueName":"search_term_string"}}],"inLanguage":"de"},{"@type":"Organization","@id":"https:\/\/easyliferobo.com\/de\/#organization","name":"EasyLifeBro","url":"https:\/\/easyliferobo.com\/de\/","logo":{"@type":"ImageObject","inLanguage":"de","@id":"https:\/\/easyliferobo.com\/de\/#\/schema\/logo\/image\/","url":"https:\/\/easyliferobo.com\/de\/wp-content\/uploads\/2026\/02\/Screenshot-2026-02-22-at-2.25.03-PM.png","contentUrl":"https:\/\/easyliferobo.com\/de\/wp-content\/uploads\/2026\/02\/Screenshot-2026-02-22-at-2.25.03-PM.png","width":1858,"height":430,"caption":"EasyLifeBro"},"image":{"@id":"https:\/\/easyliferobo.com\/de\/#\/schema\/logo\/image\/"}}]}},"_links":{"self":[{"href":"https:\/\/easyliferobo.com\/de\/wp-json\/wp\/v2\/product\/4133","targetHints":{"allow":["GET"]}}],"collection":[{"href":"https:\/\/easyliferobo.com\/de\/wp-json\/wp\/v2\/product"}],"about":[{"href":"https:\/\/easyliferobo.com\/de\/wp-json\/wp\/v2\/types\/product"}],"replies":[{"embeddable":true,"href":"https:\/\/easyliferobo.com\/de\/wp-json\/wp\/v2\/comments?post=4133"}],"wp:featuredmedia":[{"embeddable":true,"href":"https:\/\/easyliferobo.com\/de\/wp-json\/wp\/v2\/media\/4134"}],"wp:attachment":[{"href":"https:\/\/easyliferobo.com\/de\/wp-json\/wp\/v2\/media?parent=4133"}],"wp:term":[{"taxonomy":"store","embeddable":true,"href":"https:\/\/easyliferobo.com\/de\/wp-json\/wp\/v2\/store?post=4133"},{"taxonomy":"product_brand","embeddable":true,"href":"https:\/\/easyliferobo.com\/de\/wp-json\/wp\/v2\/product_brand?post=4133"},{"taxonomy":"product_cat","embeddable":true,"href":"https:\/\/easyliferobo.com\/de\/wp-json\/wp\/v2\/product_cat?post=4133"},{"taxonomy":"product_tag","embeddable":true,"href":"https:\/\/easyliferobo.com\/de\/wp-json\/wp\/v2\/product_tag?post=4133"}],"curies":[{"name":"wp","href":"https:\/\/api.w.org\/{rel}","templated":true}]}}