
{"id":4123,"date":"2026-02-27T10:57:28","date_gmt":"2026-02-27T10:57:28","guid":{"rendered":"https:\/\/easyliferobo.com\/de\/product\/back-bodyguard-haltungskorrektur-innovativer-rueckenaufrichter-fuer-aufrechte-haltung-rueckenstuetze-rueckenstabilisator-schwarz-m\/"},"modified":"2026-02-27T10:57:48","modified_gmt":"2026-02-27T10:57:48","slug":"back-bodyguard-haltungskorrektur-innovativer-rueckenaufrichter-fuer-aufrechte-haltung-rueckenstuetze-rueckenstabilisator-schwarz-m","status":"publish","type":"product","link":"https:\/\/easyliferobo.com\/de\/product\/back-bodyguard-haltungskorrektur-innovativer-rueckenaufrichter-fuer-aufrechte-haltung-rueckenstuetze-rueckenstabilisator-schwarz-m\/","title":{"rendered":"Back Bodyguard Haltungskorrektur ?..."},"content":{"rendered":"<p>\n                                             Von der Marke   <\/p>\n<p>                                              <img decoding=\"async\" alt=\"\" src=\"https:\/\/images-na.ssl-images-amazon.com\/images\/G\/01\/x-locale\/common\/grey-pixel.gif\" class=\"a-lazy-loaded\" data-src=\"https:\/\/m.media-amazon.com\/images\/S\/aplus-media-library-service-media\/7304e2bb-51a6-4a12-9847-cd5e84c616f8.__CR134,1041,5105,2180_PT0_SX1464_V1___.jpg\"><img decoding=\"async\" alt=\"\" src=\"https:\/\/m.media-amazon.com\/images\/S\/aplus-media-library-service-media\/7304e2bb-51a6-4a12-9847-cd5e84c616f8.__CR134,1041,5105,2180_PT0_SX1464_V1___.jpg\">  <\/p>\n<h3>  Vision: St\u00e4rken Sie Ihren R\u00fccken! <\/h3>\n<p>  Wir sind ein junges Familienunternehmen, das sich auf das Thema \u201eR\u00fccken\u201c spezialisiert hat. <\/p>\n<p>                                              <img decoding=\"async\" alt=\"\" src=\"https:\/\/images-na.ssl-images-amazon.com\/images\/G\/01\/x-locale\/common\/grey-pixel.gif\" class=\"a-lazy-loaded\" data-src=\"https:\/\/m.media-amazon.com\/images\/S\/aplus-media-library-service-media\/bc46e9d6-320b-4e20-89d8-cbc8e65efe74.__CR0,562,2083,959_PT0_SX315_V1___.jpg\"><img decoding=\"async\" alt=\"\" src=\"https:\/\/m.media-amazon.com\/images\/S\/aplus-media-library-service-media\/bc46e9d6-320b-4e20-89d8-cbc8e65efe74.__CR0,562,2083,959_PT0_SX315_V1___.jpg\">  <\/p>\n<p>  W\u00e4hrend sich der R\u00fccken fr\u00fcher durch das allt\u00e4gliche Jagen und Sammeln gest\u00e4rkt hat, leidet er heute zunehmend unter allt\u00e4glichen Prozessen, wie zum Beispiel sitzender Arbeit am PC. <\/p>\n<p>  Hier wollen wir Abhilfe schaffen! <\/p>\n<p>  Wir entwickeln st\u00e4ndig neue individuelle Produkte, die Ihren R\u00fccken st\u00e4rken und Ihnen so den Alltag erleichtern sollen. <\/p>\n<p>  Mit anderen Worten: Wir geben Ihnen den Versicherungsschutz zur\u00fcck <\/p>\n<h3>  Wir sind f\u00fcr Sie da! <\/h3>\n<p class=\"apm-brand-story-stores-link\">\n<p>  Verpackungsabmessungen: 27,4 x 21,4 x 2,4 cm; 1 g   <br \/> Hersteller \u200f : \u200e BACK BODYGUARD   <br \/> ASIN \u200f : \u200e B07R56T2JK   <br \/> Modellnummer des Artikels \u200f : \u200e BACK-SM   <br \/> Herkunftsland \u200f : \u200e China   <br \/>  Kundenrezensionen: 3,5 3,5 von 5 Sternen (11.384) var dpAcrHasRegisteredArcLinkClickAction; P.when(&#8218;A&#8216;, &#8218;ready&#8216;).execute(function(A) { if (dpAcrHasRegisteredArcLinkClickAction !== true) { dpAcrHasRegisteredArcLinkClickAction = true; A.declarative( &#8218;acrLink-click-metrics&#8216;, &#8218;click&#8216;, { &#8222;allowLinkDefault&#8220;: true }, function (event) { if (window.ue) { ue.count(&#8222;acrLinkClickCount&#8220;, (ue.count(&#8222;acrLinkClickCount&#8220;) || 0) + 1 } } }); P.when(&#8218;A&#8216;, &#8218;cf&#8216;).execute(function(A) { A.declarative(&#8218;acrStarsLink-click-metrics&#8216;, &#8218;click&#8216;, { &#8222;allowLinkDefault&#8220; : true }, function(event){ if(window.ue) { ue.count(&#8222;acrStarsLinkWithPopoverClickCount&#8220;, (ue.count(&#8222;acrStarsLinkWithPopoverClickCount&#8220;) || 0) + 1); } }); });                          <br \/>Das perfekte Haltungstraining \u2013 mit dem R\u00fcckenstrecker von Back Bodyguard geh\u00f6rt ein ungesundes K\u00f6rperbild endlich der Vergangenheit an. Der Haltungskorrektor zieht Ihre Schultern nach hinten und aktiviert alle wichtigen Muskelgruppen.<br \/>Unauff\u00e4llig unter der Kleidung: Dank des innovativen Designs k\u00f6nnen Sie unseren Haltungstrainer \u00fcberall und ohne Einschr\u00e4nkungen tragen, auch unter der Kleidung. Somit ist der R\u00fcckenstabilisator absolut alltagstauglich und quasi wie f\u00fcr Sie gemacht.<br \/>W\u00e4hlen Sie Ihre Gr\u00f6\u00dfe: Dank 3 verschiedenen Gr\u00f6\u00dfen und 2 Tragevarianten finden Sie mit dem R\u00fcckengurt von Back Bodyguard Ihre pers\u00f6nliche L\u00f6sung. Wenn Sie zwischen zwei Gr\u00f6\u00dfen liegen, empfehlen wir die kleinere Gr\u00f6\u00dfe. Auch bei schmalerem R\u00fccken\/Kreuz empfehlen wir, eine Nummer kleiner zu w\u00e4hlen.<br \/>W\u00e4hlen Sie Ihre Farbe \u2013 elegantes Grau oder klassisches Schwarz? Auch \u00fcber der Kleidung sieht das elegante Grau schick aus, aber auch unsichtbar darunter \u2013 das klassische Schwarz spricht immer f\u00fcr sich \u2013 f\u00fcr Damen und Herren \u2013 Unisex-Farben.<br \/>Absolute Spitzenqualit\u00e4t: Bei Back Bodyguard werden alle Produkte mit Leidenschaft hergestellt. Eine R\u00fcckenbandage der absoluten Spitzenklasse: Hochwertige und atmungsaktive Materialien sowie strenge Kontrollen machen es m\u00f6glich.<\/p>\n<p>[ad_2]<\/p>\n","protected":false},"excerpt":{"rendered":"<p>Von der Marke Vision: St\u00e4rken Sie Ihren R\u00fccken! Wir sind ein junges Familienunternehmen, das sich auf das Thema \u201eR\u00fccken\u201c spezialisiert hat. W\u00e4hrend sich der R\u00fccken fr\u00fcher durch das allt\u00e4gliche Jagen und Sammeln gest\u00e4rkt hat, leidet er heute zunehmend unter allt\u00e4glichen Prozessen, wie zum Beispiel sitzender Arbeit am PC. Hier wollen wir Abhilfe schaffen! Wir entwickeln [&hellip;]<\/p>\n","protected":false},"featured_media":4124,"comment_status":"open","ping_status":"closed","template":"","meta":{"_aipt_faq_data":""},"store":[],"product_brand":[446],"product_cat":[110],"product_tag":[159],"class_list":{"0":"post-4123","1":"product","2":"type-product","3":"status-publish","4":"has-post-thumbnail","6":"product_brand-back-bodyguard","7":"product_cat-exoskelette","8":"product_tag-exoskelette-fuer-rueckenunterstuetzung","10":"first","11":"instock","12":"shipping-taxable","13":"product-type-external"},"yoast_head":"<!-- This site is optimized with the Yoast SEO plugin v27.4 - https:\/\/yoast.com\/product\/yoast-seo-wordpress\/ -->\n<title>Back Bodyguard Haltungskorrektur \u2013 Innovativer R\u00fcckenaufrichter f\u00fcr aufrechte Haltung, R\u00fcckenst\u00fctze, R\u00fcckenstabilisator, Schwarz, M - EasyLifeBro<\/title>\n<meta name=\"description\" content=\"Entdecken Sie smarte Roboter f\u00fcr Zuhause, Garten, Bildung und Sicherheit. Vergleichen Sie Saugroboter, Rasenm\u00e4hroboter, KI-Begleitroboter und mehr bei EasyLifeRobo.\" \/>\n<meta name=\"robots\" content=\"index, follow, max-snippet:-1, max-image-preview:large, max-video-preview:-1\" \/>\n<link rel=\"canonical\" href=\"https:\/\/easyliferobo.com\/de\/product\/back-bodyguard-haltungskorrektur-innovativer-rueckenaufrichter-fuer-aufrechte-haltung-rueckenstuetze-rueckenstabilisator-schwarz-m\/\" \/>\n<meta property=\"og:locale\" content=\"de_DE\" \/>\n<meta property=\"og:type\" content=\"article\" \/>\n<meta property=\"og:title\" content=\"Back Bodyguard Haltungskorrektur \u2013 Innovativer R\u00fcckenaufrichter f\u00fcr aufrechte Haltung, R\u00fcckenst\u00fctze, R\u00fcckenstabilisator, Schwarz, M - EasyLifeBro\" \/>\n<meta property=\"og:description\" content=\"Entdecken Sie smarte Roboter f\u00fcr Zuhause, Garten, Bildung und Sicherheit. Vergleichen Sie Saugroboter, Rasenm\u00e4hroboter, KI-Begleitroboter und mehr bei EasyLifeRobo.\" \/>\n<meta property=\"og:url\" content=\"https:\/\/easyliferobo.com\/de\/product\/back-bodyguard-haltungskorrektur-innovativer-rueckenaufrichter-fuer-aufrechte-haltung-rueckenstuetze-rueckenstabilisator-schwarz-m\/\" \/>\n<meta property=\"og:site_name\" content=\"EasyLifeBro\" \/>\n<meta property=\"article:modified_time\" content=\"2026-02-27T10:57:48+00:00\" \/>\n<meta property=\"og:image\" content=\"https:\/\/easyliferobo.com\/de\/wp-content\/uploads\/2026\/02\/81rLxSd99zL._AC_SL1500_.jpg\" \/>\n\t<meta property=\"og:image:width\" content=\"1476\" \/>\n\t<meta property=\"og:image:height\" content=\"1500\" \/>\n\t<meta property=\"og:image:type\" content=\"image\/jpeg\" \/>\n<meta name=\"twitter:card\" content=\"summary_large_image\" \/>\n<meta name=\"twitter:label1\" content=\"Gesch\u00e4tzte Lesezeit\" \/>\n\t<meta name=\"twitter:data1\" content=\"2\u00a0Minuten\" \/>\n<script type=\"application\/ld+json\" class=\"yoast-schema-graph\">{\"@context\":\"https:\\\/\\\/schema.org\",\"@graph\":[{\"@type\":\"WebPage\",\"@id\":\"https:\\\/\\\/easyliferobo.com\\\/de\\\/product\\\/back-bodyguard-haltungskorrektur-innovativer-rueckenaufrichter-fuer-aufrechte-haltung-rueckenstuetze-rueckenstabilisator-schwarz-m\\\/\",\"url\":\"https:\\\/\\\/easyliferobo.com\\\/de\\\/product\\\/back-bodyguard-haltungskorrektur-innovativer-rueckenaufrichter-fuer-aufrechte-haltung-rueckenstuetze-rueckenstabilisator-schwarz-m\\\/\",\"name\":\"Back Bodyguard Haltungskorrektur \u2013 Innovativer R\u00fcckenaufrichter f\u00fcr aufrechte Haltung, R\u00fcckenst\u00fctze, R\u00fcckenstabilisator, Schwarz, M - EasyLifeBro\",\"isPartOf\":{\"@id\":\"https:\\\/\\\/easyliferobo.com\\\/de\\\/#website\"},\"primaryImageOfPage\":{\"@id\":\"https:\\\/\\\/easyliferobo.com\\\/de\\\/product\\\/back-bodyguard-haltungskorrektur-innovativer-rueckenaufrichter-fuer-aufrechte-haltung-rueckenstuetze-rueckenstabilisator-schwarz-m\\\/#primaryimage\"},\"image\":{\"@id\":\"https:\\\/\\\/easyliferobo.com\\\/de\\\/product\\\/back-bodyguard-haltungskorrektur-innovativer-rueckenaufrichter-fuer-aufrechte-haltung-rueckenstuetze-rueckenstabilisator-schwarz-m\\\/#primaryimage\"},\"thumbnailUrl\":\"https:\\\/\\\/easyliferobo.com\\\/de\\\/wp-content\\\/uploads\\\/2026\\\/02\\\/81rLxSd99zL._AC_SL1500_.jpg\",\"datePublished\":\"2026-02-27T10:57:28+00:00\",\"dateModified\":\"2026-02-27T10:57:48+00:00\",\"description\":\"Entdecken Sie smarte Roboter f\u00fcr Zuhause, Garten, Bildung und Sicherheit. Vergleichen Sie Saugroboter, Rasenm\u00e4hroboter, KI-Begleitroboter und mehr bei EasyLifeRobo.\",\"breadcrumb\":{\"@id\":\"https:\\\/\\\/easyliferobo.com\\\/de\\\/product\\\/back-bodyguard-haltungskorrektur-innovativer-rueckenaufrichter-fuer-aufrechte-haltung-rueckenstuetze-rueckenstabilisator-schwarz-m\\\/#breadcrumb\"},\"inLanguage\":\"de\",\"potentialAction\":[{\"@type\":\"ReadAction\",\"target\":[\"https:\\\/\\\/easyliferobo.com\\\/de\\\/product\\\/back-bodyguard-haltungskorrektur-innovativer-rueckenaufrichter-fuer-aufrechte-haltung-rueckenstuetze-rueckenstabilisator-schwarz-m\\\/\"]}]},{\"@type\":\"ImageObject\",\"inLanguage\":\"de\",\"@id\":\"https:\\\/\\\/easyliferobo.com\\\/de\\\/product\\\/back-bodyguard-haltungskorrektur-innovativer-rueckenaufrichter-fuer-aufrechte-haltung-rueckenstuetze-rueckenstabilisator-schwarz-m\\\/#primaryimage\",\"url\":\"https:\\\/\\\/easyliferobo.com\\\/de\\\/wp-content\\\/uploads\\\/2026\\\/02\\\/81rLxSd99zL._AC_SL1500_.jpg\",\"contentUrl\":\"https:\\\/\\\/easyliferobo.com\\\/de\\\/wp-content\\\/uploads\\\/2026\\\/02\\\/81rLxSd99zL._AC_SL1500_.jpg\",\"width\":1476,\"height\":1500},{\"@type\":\"BreadcrumbList\",\"@id\":\"https:\\\/\\\/easyliferobo.com\\\/de\\\/product\\\/back-bodyguard-haltungskorrektur-innovativer-rueckenaufrichter-fuer-aufrechte-haltung-rueckenstuetze-rueckenstabilisator-schwarz-m\\\/#breadcrumb\",\"itemListElement\":[{\"@type\":\"ListItem\",\"position\":1,\"name\":\"Home\",\"item\":\"https:\\\/\\\/easyliferobo.com\\\/de\\\/\"},{\"@type\":\"ListItem\",\"position\":2,\"name\":\"Shop\",\"item\":\"https:\\\/\\\/easyliferobo.com\\\/de\\\/shop\\\/\"},{\"@type\":\"ListItem\",\"position\":3,\"name\":\"Back Bodyguard Haltungskorrektur \u2013 Innovativer R\u00fcckenaufrichter f\u00fcr aufrechte Haltung, R\u00fcckenst\u00fctze, R\u00fcckenstabilisator, Schwarz, M\"}]},{\"@type\":\"WebSite\",\"@id\":\"https:\\\/\\\/easyliferobo.com\\\/de\\\/#website\",\"url\":\"https:\\\/\\\/easyliferobo.com\\\/de\\\/\",\"name\":\"EasyLifeBro\",\"description\":\"Smarte Roboter f\u00fcr Zuhause, Garten &amp; Bildung\",\"publisher\":{\"@id\":\"https:\\\/\\\/easyliferobo.com\\\/de\\\/#organization\"},\"potentialAction\":[{\"@type\":\"SearchAction\",\"target\":{\"@type\":\"EntryPoint\",\"urlTemplate\":\"https:\\\/\\\/easyliferobo.com\\\/de\\\/?s={search_term_string}\"},\"query-input\":{\"@type\":\"PropertyValueSpecification\",\"valueRequired\":true,\"valueName\":\"search_term_string\"}}],\"inLanguage\":\"de\"},{\"@type\":\"Organization\",\"@id\":\"https:\\\/\\\/easyliferobo.com\\\/de\\\/#organization\",\"name\":\"EasyLifeBro\",\"url\":\"https:\\\/\\\/easyliferobo.com\\\/de\\\/\",\"logo\":{\"@type\":\"ImageObject\",\"inLanguage\":\"de\",\"@id\":\"https:\\\/\\\/easyliferobo.com\\\/de\\\/#\\\/schema\\\/logo\\\/image\\\/\",\"url\":\"https:\\\/\\\/easyliferobo.com\\\/de\\\/wp-content\\\/uploads\\\/2026\\\/02\\\/Screenshot-2026-02-22-at-2.25.03-PM.png\",\"contentUrl\":\"https:\\\/\\\/easyliferobo.com\\\/de\\\/wp-content\\\/uploads\\\/2026\\\/02\\\/Screenshot-2026-02-22-at-2.25.03-PM.png\",\"width\":1858,\"height\":430,\"caption\":\"EasyLifeBro\"},\"image\":{\"@id\":\"https:\\\/\\\/easyliferobo.com\\\/de\\\/#\\\/schema\\\/logo\\\/image\\\/\"}}]}<\/script>\n<!-- \/ Yoast SEO plugin. -->","yoast_head_json":{"title":"Back Bodyguard Haltungskorrektur \u2013 Innovativer R\u00fcckenaufrichter f\u00fcr aufrechte Haltung, R\u00fcckenst\u00fctze, R\u00fcckenstabilisator, Schwarz, M - EasyLifeBro","description":"Entdecken Sie smarte Roboter f\u00fcr Zuhause, Garten, Bildung und Sicherheit. Vergleichen Sie Saugroboter, Rasenm\u00e4hroboter, KI-Begleitroboter und mehr bei EasyLifeRobo.","robots":{"index":"index","follow":"follow","max-snippet":"max-snippet:-1","max-image-preview":"max-image-preview:large","max-video-preview":"max-video-preview:-1"},"canonical":"https:\/\/easyliferobo.com\/de\/product\/back-bodyguard-haltungskorrektur-innovativer-rueckenaufrichter-fuer-aufrechte-haltung-rueckenstuetze-rueckenstabilisator-schwarz-m\/","og_locale":"de_DE","og_type":"article","og_title":"Back Bodyguard Haltungskorrektur \u2013 Innovativer R\u00fcckenaufrichter f\u00fcr aufrechte Haltung, R\u00fcckenst\u00fctze, R\u00fcckenstabilisator, Schwarz, M - EasyLifeBro","og_description":"Entdecken Sie smarte Roboter f\u00fcr Zuhause, Garten, Bildung und Sicherheit. Vergleichen Sie Saugroboter, Rasenm\u00e4hroboter, KI-Begleitroboter und mehr bei EasyLifeRobo.","og_url":"https:\/\/easyliferobo.com\/de\/product\/back-bodyguard-haltungskorrektur-innovativer-rueckenaufrichter-fuer-aufrechte-haltung-rueckenstuetze-rueckenstabilisator-schwarz-m\/","og_site_name":"EasyLifeBro","article_modified_time":"2026-02-27T10:57:48+00:00","og_image":[{"width":1476,"height":1500,"url":"https:\/\/easyliferobo.com\/de\/wp-content\/uploads\/2026\/02\/81rLxSd99zL._AC_SL1500_.jpg","type":"image\/jpeg"}],"twitter_card":"summary_large_image","twitter_misc":{"Gesch\u00e4tzte Lesezeit":"2\u00a0Minuten"},"schema":{"@context":"https:\/\/schema.org","@graph":[{"@type":"WebPage","@id":"https:\/\/easyliferobo.com\/de\/product\/back-bodyguard-haltungskorrektur-innovativer-rueckenaufrichter-fuer-aufrechte-haltung-rueckenstuetze-rueckenstabilisator-schwarz-m\/","url":"https:\/\/easyliferobo.com\/de\/product\/back-bodyguard-haltungskorrektur-innovativer-rueckenaufrichter-fuer-aufrechte-haltung-rueckenstuetze-rueckenstabilisator-schwarz-m\/","name":"Back Bodyguard Haltungskorrektur \u2013 Innovativer R\u00fcckenaufrichter f\u00fcr aufrechte Haltung, R\u00fcckenst\u00fctze, R\u00fcckenstabilisator, Schwarz, M - EasyLifeBro","isPartOf":{"@id":"https:\/\/easyliferobo.com\/de\/#website"},"primaryImageOfPage":{"@id":"https:\/\/easyliferobo.com\/de\/product\/back-bodyguard-haltungskorrektur-innovativer-rueckenaufrichter-fuer-aufrechte-haltung-rueckenstuetze-rueckenstabilisator-schwarz-m\/#primaryimage"},"image":{"@id":"https:\/\/easyliferobo.com\/de\/product\/back-bodyguard-haltungskorrektur-innovativer-rueckenaufrichter-fuer-aufrechte-haltung-rueckenstuetze-rueckenstabilisator-schwarz-m\/#primaryimage"},"thumbnailUrl":"https:\/\/easyliferobo.com\/de\/wp-content\/uploads\/2026\/02\/81rLxSd99zL._AC_SL1500_.jpg","datePublished":"2026-02-27T10:57:28+00:00","dateModified":"2026-02-27T10:57:48+00:00","description":"Entdecken Sie smarte Roboter f\u00fcr Zuhause, Garten, Bildung und Sicherheit. Vergleichen Sie Saugroboter, Rasenm\u00e4hroboter, KI-Begleitroboter und mehr bei EasyLifeRobo.","breadcrumb":{"@id":"https:\/\/easyliferobo.com\/de\/product\/back-bodyguard-haltungskorrektur-innovativer-rueckenaufrichter-fuer-aufrechte-haltung-rueckenstuetze-rueckenstabilisator-schwarz-m\/#breadcrumb"},"inLanguage":"de","potentialAction":[{"@type":"ReadAction","target":["https:\/\/easyliferobo.com\/de\/product\/back-bodyguard-haltungskorrektur-innovativer-rueckenaufrichter-fuer-aufrechte-haltung-rueckenstuetze-rueckenstabilisator-schwarz-m\/"]}]},{"@type":"ImageObject","inLanguage":"de","@id":"https:\/\/easyliferobo.com\/de\/product\/back-bodyguard-haltungskorrektur-innovativer-rueckenaufrichter-fuer-aufrechte-haltung-rueckenstuetze-rueckenstabilisator-schwarz-m\/#primaryimage","url":"https:\/\/easyliferobo.com\/de\/wp-content\/uploads\/2026\/02\/81rLxSd99zL._AC_SL1500_.jpg","contentUrl":"https:\/\/easyliferobo.com\/de\/wp-content\/uploads\/2026\/02\/81rLxSd99zL._AC_SL1500_.jpg","width":1476,"height":1500},{"@type":"BreadcrumbList","@id":"https:\/\/easyliferobo.com\/de\/product\/back-bodyguard-haltungskorrektur-innovativer-rueckenaufrichter-fuer-aufrechte-haltung-rueckenstuetze-rueckenstabilisator-schwarz-m\/#breadcrumb","itemListElement":[{"@type":"ListItem","position":1,"name":"Home","item":"https:\/\/easyliferobo.com\/de\/"},{"@type":"ListItem","position":2,"name":"Shop","item":"https:\/\/easyliferobo.com\/de\/shop\/"},{"@type":"ListItem","position":3,"name":"Back Bodyguard Haltungskorrektur \u2013 Innovativer R\u00fcckenaufrichter f\u00fcr aufrechte Haltung, R\u00fcckenst\u00fctze, R\u00fcckenstabilisator, Schwarz, M"}]},{"@type":"WebSite","@id":"https:\/\/easyliferobo.com\/de\/#website","url":"https:\/\/easyliferobo.com\/de\/","name":"EasyLifeBro","description":"Smarte Roboter f\u00fcr Zuhause, Garten &amp; Bildung","publisher":{"@id":"https:\/\/easyliferobo.com\/de\/#organization"},"potentialAction":[{"@type":"SearchAction","target":{"@type":"EntryPoint","urlTemplate":"https:\/\/easyliferobo.com\/de\/?s={search_term_string}"},"query-input":{"@type":"PropertyValueSpecification","valueRequired":true,"valueName":"search_term_string"}}],"inLanguage":"de"},{"@type":"Organization","@id":"https:\/\/easyliferobo.com\/de\/#organization","name":"EasyLifeBro","url":"https:\/\/easyliferobo.com\/de\/","logo":{"@type":"ImageObject","inLanguage":"de","@id":"https:\/\/easyliferobo.com\/de\/#\/schema\/logo\/image\/","url":"https:\/\/easyliferobo.com\/de\/wp-content\/uploads\/2026\/02\/Screenshot-2026-02-22-at-2.25.03-PM.png","contentUrl":"https:\/\/easyliferobo.com\/de\/wp-content\/uploads\/2026\/02\/Screenshot-2026-02-22-at-2.25.03-PM.png","width":1858,"height":430,"caption":"EasyLifeBro"},"image":{"@id":"https:\/\/easyliferobo.com\/de\/#\/schema\/logo\/image\/"}}]}},"_links":{"self":[{"href":"https:\/\/easyliferobo.com\/de\/wp-json\/wp\/v2\/product\/4123","targetHints":{"allow":["GET"]}}],"collection":[{"href":"https:\/\/easyliferobo.com\/de\/wp-json\/wp\/v2\/product"}],"about":[{"href":"https:\/\/easyliferobo.com\/de\/wp-json\/wp\/v2\/types\/product"}],"replies":[{"embeddable":true,"href":"https:\/\/easyliferobo.com\/de\/wp-json\/wp\/v2\/comments?post=4123"}],"wp:featuredmedia":[{"embeddable":true,"href":"https:\/\/easyliferobo.com\/de\/wp-json\/wp\/v2\/media\/4124"}],"wp:attachment":[{"href":"https:\/\/easyliferobo.com\/de\/wp-json\/wp\/v2\/media?parent=4123"}],"wp:term":[{"taxonomy":"store","embeddable":true,"href":"https:\/\/easyliferobo.com\/de\/wp-json\/wp\/v2\/store?post=4123"},{"taxonomy":"product_brand","embeddable":true,"href":"https:\/\/easyliferobo.com\/de\/wp-json\/wp\/v2\/product_brand?post=4123"},{"taxonomy":"product_cat","embeddable":true,"href":"https:\/\/easyliferobo.com\/de\/wp-json\/wp\/v2\/product_cat?post=4123"},{"taxonomy":"product_tag","embeddable":true,"href":"https:\/\/easyliferobo.com\/de\/wp-json\/wp\/v2\/product_tag?post=4123"}],"curies":[{"name":"wp","href":"https:\/\/api.w.org\/{rel}","templated":true}]}}