
{"id":4121,"date":"2026-02-27T10:56:11","date_gmt":"2026-02-27T10:56:11","guid":{"rendered":"https:\/\/easyliferobo.com\/de\/product\/pflegeassistenz-heute\/"},"modified":"2026-02-27T10:56:13","modified_gmt":"2026-02-27T10:56:13","slug":"pflegeassistenz-heute","status":"publish","type":"product","link":"https:\/\/easyliferobo.com\/de\/product\/pflegeassistenz-heute\/","title":{"rendered":"Pflegeassistenz Heute"},"content":{"rendered":"\n<p>Sie wollen eine Ausbildung in der Pflege erfolgreich absolvieren?<\/p>\n<p>Damit brauchen Sie ein Lehrbuch, das Sie im Lernen gut unterst\u00fctzt. Ob Sie Pflegefachpersonen tatkr\u00e4ftig unterst\u00fctzen oder sich eigenst\u00e4ndig um Bewohner und Patienten in stabilen Pflegesituationen k\u00fcmmern: Mit diesem Buch lernen Sie alle pflegerischen Handlungsfelder kennen, die Ihren Beruf ausmachen. <\/p>\n<p>Egal, ob Sie in der station\u00e4ren Pflege oder im h\u00e4uslichen Bereich arbeiten \u2013 Sie m\u00fcssen mit Pflegebed\u00fcrftigen und Patienten aller Altersgruppen klar kommen. Sie leisten Ihren Beitrag auch in der Rehabilitation und Gesundheitsvorsorge. Um diesen vielf\u00e4ltigen Anspr\u00fcchen gerecht zu werden, ben\u00f6tigen Sie ein modernes Lehrbuch, das sich auf eine fundierte Pflegeassistenzausbildung konzentriert.<\/p>\n<p>Durch das Buch und damit durch Ihre Ausbildung begleitet Sie unsere Protagonistin Pina, eine vorangehende Pflegeassistentin. Ihre Fragen werden mit den Inhalten des Buches bestens beantwortet, denn auf der Seite von Pina wird Ihnen der Stoff Ihrer Ausbildung einfach gemacht und der Bezug zur allt\u00e4glichen Praxis deutlich.<\/p>\n<p>Ideal f\u00fcr eine generalistische Ausbildung: Das Buch ist an Kompetenzbereiche orientiert und mit der bundeseinheitlichen Vorgabe zur Zwischenpr\u00fcfung (nach 2 Jahren) f\u00fcr die generalistische 3-j\u00e4hrige Ausbildung abgeglichen, sowie mit den meisten l\u00e4nderspezifischen Lehrpl\u00e4nen zu Pflegehilfsberufen.<\/p>\n<p>F\u00fcr alle Pflegehilfsberufe geeignet: Das Lehrwerk bereitet Sie bestens auf Ihren Beruf vor! <\/p>\n<p> <\/p>\n<p>                                             Vom Verlag   <\/p>\n<p>                                                  <img decoding=\"async\" alt=\"Pflegeassistenz Heute Musterseite\" src=\"https:\/\/images-na.ssl-images-amazon.com\/images\/G\/01\/x-locale\/common\/grey-pixel.gif\" class=\"a-lazy-loaded\" data-src=\"https:\/\/m.media-amazon.com\/images\/S\/aplus-media-library-service-media\/a555ce23-fc9f-4447-8c13-ed79f3c38dc9.__CR32,32,646,646_PT0_SX300_V1___.png\"><img decoding=\"async\" alt=\"Pflegeassistenz Heute Musterseite\" src=\"https:\/\/m.media-amazon.com\/images\/S\/aplus-media-library-service-media\/a555ce23-fc9f-4447-8c13-ed79f3c38dc9.__CR32,32,646,646_PT0_SX300_V1___.png\">  <\/p>\n<h3 class=\"a-spacing-mini\">  Pina f\u00fchrt durchs Buch <\/h3>\n<p>  Pina stellt sich vor (Auszug aus dem Vorwort): <\/p>\n<p>  Mein Name ist Pina Hofer. Ich bin 17 Jahre alt und habe gerade meine Ausbildung zur Pflegeassistentin abgeschlossen. Mir macht meine Ausbildung richtig viel Spa\u00df! Im Unterricht und w\u00e4hrend meiner Praxiseins\u00e4tze erfahre ich viel \u00fcber die Pflege von Menschen aller Altersstufen, ich lerne verschiedene Krankheitsbilder kennen und setze mich mit dem Berufsbild der Pflege auseinander. <\/p>\n<p>  In diesem Lehrbuch nehme ich Euch mit auf den Weg durch meine Ausbildung: Zu Beginn eines jeden Kapitels findet Ihr ein Foto von mir. Ich stelle das jeweilige Themengebiet vor und berichte Euch, in welcher Abteilung ich aktuell eingesetzt bin, was ich gerade erlebe, denke und f\u00fchle. Auch auf vielen weiteren Abbildungen im Lehrbuch werdet Ihr mich entdecken, und wenn Ihr die Kapitel durcharbeitet, wird Euch mein Name in den Texten immer wieder begegnen. <\/p>\n<p class=\"apm-text-center\">\n                                                      <img decoding=\"async\" alt=\"Pflegeassistenz Heute Musterseite\" src=\"https:\/\/images-na.ssl-images-amazon.com\/images\/G\/01\/x-locale\/common\/grey-pixel.gif\" class=\"a-spacing-mini a-lazy-loaded\" data-src=\"https:\/\/m.media-amazon.com\/images\/S\/aplus-media-library-service-media\/066ef171-0bed-4a8d-a051-e4576622f93c.__CR0,0,910,910_PT0_SX300_V1___.png\"><img decoding=\"async\" alt=\"Pflegeassistenz Heute Musterseite\" src=\"https:\/\/m.media-amazon.com\/images\/S\/aplus-media-library-service-media\/066ef171-0bed-4a8d-a051-e4576622f93c.__CR0,0,910,910_PT0_SX300_V1___.png\">  <\/p>\n<p>  Am Kapitelanfang stehen immer die Lernziele im lila Kasten und bieten den \u00dcberblick \u00fcber den Lernstoff in diesem Kapitel. <\/p>\n<p>  Auch Pina stellt am Kapitelanfang immer das Themengebiet vor. <\/p>\n<p>  Im blauen Seitenrand finden sich immer wieder Hinweise in pinker Schrift, wenn es um Pina geht. Bei \u201ePina im Praxiseinsatz\u201c bzw. \u201ePina in der Schule\u201c kann der Leser nachvollziehen, wie die Ausbildung genau abl\u00e4uft. <\/p>\n<p class=\"apm-text-center\">\n                                                      <img decoding=\"async\" alt=\"Pflegeassistenz Heute Musterseite\" src=\"https:\/\/images-na.ssl-images-amazon.com\/images\/G\/01\/x-locale\/common\/grey-pixel.gif\" class=\"a-spacing-mini a-lazy-loaded\" data-src=\"https:\/\/m.media-amazon.com\/images\/S\/aplus-media-library-service-media\/c738162b-1cf9-4439-93ff-09115fd9e0e2.__CR0,45,770,770_PT0_SX300_V1___.png\"><img decoding=\"async\" alt=\"Pflegeassistenz Heute Musterseite\" src=\"https:\/\/m.media-amazon.com\/images\/S\/aplus-media-library-service-media\/c738162b-1cf9-4439-93ff-09115fd9e0e2.__CR0,45,770,770_PT0_SX300_V1___.png\">  <\/p>\n<p>  Die folgenden K\u00e4sten helfen bei der Orientierung: <\/p>\n<p>  Definition (gelb) <\/p>\n<p>  Was bedeutet das? Erkl\u00e4rung von im Text erw\u00e4hnten Fachbegriffen. <\/p>\n<p>  Wissen anwenden (gr\u00fcn umrandet) <\/p>\n<p>  Was bedeutet das f\u00fcr den Pflegealltag? Praxisnahes Wissen, das in Pflegesituationen angewendet wird. <\/p>\n<p>  Merke (blau) <\/p>\n<p>  Informationen, die im Ged\u00e4chtnis behalten werden sollten. <\/p>\n<p class=\"apm-text-center\">\n                                                      <img decoding=\"async\" alt=\"Pflegeassistenz Heute Musterseite\" src=\"https:\/\/images-na.ssl-images-amazon.com\/images\/G\/01\/x-locale\/common\/grey-pixel.gif\" class=\"a-spacing-mini a-lazy-loaded\" data-src=\"https:\/\/m.media-amazon.com\/images\/S\/aplus-media-library-service-media\/41294d0b-ff14-4649-8fb7-500b0b3a531e.__CR347,28,759,759_PT0_SX300_V1___.png\"><img decoding=\"async\" alt=\"Pflegeassistenz Heute Musterseite\" src=\"https:\/\/m.media-amazon.com\/images\/S\/aplus-media-library-service-media\/41294d0b-ff14-4649-8fb7-500b0b3a531e.__CR347,28,759,759_PT0_SX300_V1___.png\">  <\/p>\n<p>  Mitdenken (gr\u00fcn) <\/p>\n<p>  Das hei\u00dft aber auch, dass \u2026: Praxisbez\u00fcge und\/oder interessante Zusammenh\u00e4nge zwischen einzelnen Informationen. <\/p>\n<p>  Wiederholungsfragen (grau umrandet) <\/p>\n<p>  Was habe ich gelernt? Fragen zu den Inhalten des Kapitels, um gelerntes Wissen zu \u00fcberpr\u00fcfen, zu wiederholen und zu festigen. <\/p>\n<p>  Achtung (rot, oben nicht abgebildet) <\/p>\n<p>  Wichtige Aspekte, die unbedingt beachtet werden m\u00fcssen, um Fehler zu vermeiden. <\/p>\n<p>  Herausgeber \u200f : \u200e Urban &#038; Fischer Verlag\/Elsevier GmbH       <br \/> Erscheinungsdatum \u200f : \u200e 14. Juli 2021       <br \/> Auflage \u200f : \u200e 1       <br \/> Sprache \u200f : \u200e Deutsch   <br \/> Druckl\u00e4nge \u200f : \u200e 616 Seiten       <br \/> ISBN-10 \u200f : \u200e 3437256610       <br \/> ISBN-13 \u200f : \u200e 978-3437256615       <br \/> Abmessungen \u200f : \u200e 21,1 x 29,7 x 2,6 cm       <br \/>       Bestseller-Rang: 34.888 in B\u00fcchern (siehe Top 100 in B\u00fcchern), 13 in h\u00e4uslicher und kommunaler Gesundheitspflege, 46 in Grundlagen und Fertigkeiten der Krankenpflege, 118 in Sozialf\u00fcrsorge und Dienstleistungen      <br \/>  Kundenrezensionen: 4,6 4,6 von 5 Sternen (102) var dpAcrHasRegisteredArcLinkClickAction; P.when(&#8218;A&#8216;, &#8218;ready&#8216;).execute(function(A) { if (dpAcrHasRegisteredArcLinkClickAction !== true) { dpAcrHasRegisteredArcLinkClickAction = true; A.declarative( &#8218;acrLink-click-metrics&#8216;, &#8218;click&#8216;, { &#8222;allowLinkDefault&#8220;: true }, function (event) { if (window.ue) { ue.count(&#8222;acrLinkClickCount&#8220;, (ue.count(&#8222;acrLinkClickCount&#8220;) || 0) + 1 } } }); P.when(&#8218;A&#8216;, &#8218;cf&#8216;).execute(function(A) { A.declarative(&#8218;acrStarsLink-click-metrics&#8216;, &#8218;click&#8216;, { &#8222;allowLinkDefault&#8220; : true }, function(event){ if(window.ue) { ue.count(&#8222;acrStarsLinkWithPopoverClickCount&#8220;, (ue.count(&#8222;acrStarsLinkWithPopoverClickCount&#8220;) || 0) + 1); } }); });                          <br \/>[ad_2]<\/p>\n","protected":false},"excerpt":{"rendered":"<p>Sie wollen eine Ausbildung in der Pflege erfolgreich absolvieren? Damit brauchen Sie ein Lehrbuch, das Sie im Lernen gut unterst\u00fctzt. Ob Sie Pflegefachpersonen tatkr\u00e4ftig unterst\u00fctzen oder sich eigenst\u00e4ndig um Bewohner und Patienten in stabilen Pflegesituationen k\u00fcmmern: Mit diesem Buch lernen Sie alle pflegerischen Handlungsfelder kennen, die Ihren Beruf ausmachen. Egal, ob Sie in der station\u00e4ren [&hellip;]<\/p>\n","protected":false},"featured_media":4122,"comment_status":"open","ping_status":"closed","template":"","meta":{"_aipt_faq_data":""},"store":[],"product_brand":[],"product_cat":[111],"product_tag":[355],"class_list":{"0":"post-4121","1":"product","2":"type-product","3":"status-publish","4":"has-post-thumbnail","6":"product_cat-pflegeassistenz-roboter","7":"product_tag-autonome-pflegeassistenz-roboter","9":"first","10":"instock","11":"sale","12":"shipping-taxable","13":"product-type-external"},"yoast_head":"<!-- This site is optimized with the Yoast SEO plugin v27.0 - https:\/\/yoast.com\/product\/yoast-seo-wordpress\/ -->\n<title>Pflegeassistenz Heute - EasyLifeBro<\/title>\n<meta name=\"description\" content=\"Entdecken Sie smarte Roboter f\u00fcr Zuhause, Garten, Bildung und Sicherheit. Vergleichen Sie Saugroboter, Rasenm\u00e4hroboter, KI-Begleitroboter und mehr bei EasyLifeRobo.\" \/>\n<meta name=\"robots\" content=\"index, follow, max-snippet:-1, max-image-preview:large, max-video-preview:-1\" \/>\n<link rel=\"canonical\" href=\"https:\/\/easyliferobo.com\/de\/product\/pflegeassistenz-heute\/\" \/>\n<meta property=\"og:locale\" content=\"de_DE\" \/>\n<meta property=\"og:type\" content=\"article\" \/>\n<meta property=\"og:title\" content=\"Pflegeassistenz Heute - EasyLifeBro\" \/>\n<meta property=\"og:description\" content=\"Entdecken Sie smarte Roboter f\u00fcr Zuhause, Garten, Bildung und Sicherheit. Vergleichen Sie Saugroboter, Rasenm\u00e4hroboter, KI-Begleitroboter und mehr bei EasyLifeRobo.\" \/>\n<meta property=\"og:url\" content=\"https:\/\/easyliferobo.com\/de\/product\/pflegeassistenz-heute\/\" \/>\n<meta property=\"og:site_name\" content=\"EasyLifeBro\" \/>\n<meta property=\"article:modified_time\" content=\"2026-02-27T10:56:13+00:00\" \/>\n<meta property=\"og:image\" content=\"https:\/\/images-na.ssl-images-amazon.com\/images\/G\/01\/x-locale\/common\/grey-pixel.gif\" \/>\n<meta name=\"twitter:card\" content=\"summary_large_image\" \/>\n<meta name=\"twitter:label1\" content=\"Gesch\u00e4tzte Lesezeit\" \/>\n\t<meta name=\"twitter:data1\" content=\"3\u00a0Minuten\" \/>\n<script type=\"application\/ld+json\" class=\"yoast-schema-graph\">{\"@context\":\"https:\/\/schema.org\",\"@graph\":[{\"@type\":\"WebPage\",\"@id\":\"https:\/\/easyliferobo.com\/de\/product\/pflegeassistenz-heute\/\",\"url\":\"https:\/\/easyliferobo.com\/de\/product\/pflegeassistenz-heute\/\",\"name\":\"Pflegeassistenz Heute - EasyLifeBro\",\"isPartOf\":{\"@id\":\"https:\/\/easyliferobo.com\/de\/#website\"},\"primaryImageOfPage\":{\"@id\":\"https:\/\/easyliferobo.com\/de\/product\/pflegeassistenz-heute\/#primaryimage\"},\"image\":{\"@id\":\"https:\/\/easyliferobo.com\/de\/product\/pflegeassistenz-heute\/#primaryimage\"},\"thumbnailUrl\":\"https:\/\/easyliferobo.com\/de\/wp-content\/uploads\/2026\/02\/51rrVmGRigL.jpg\",\"datePublished\":\"2026-02-27T10:56:11+00:00\",\"dateModified\":\"2026-02-27T10:56:13+00:00\",\"description\":\"Entdecken Sie smarte Roboter f\u00fcr Zuhause, Garten, Bildung und Sicherheit. Vergleichen Sie Saugroboter, Rasenm\u00e4hroboter, KI-Begleitroboter und mehr bei EasyLifeRobo.\",\"breadcrumb\":{\"@id\":\"https:\/\/easyliferobo.com\/de\/product\/pflegeassistenz-heute\/#breadcrumb\"},\"inLanguage\":\"de\",\"potentialAction\":[{\"@type\":\"ReadAction\",\"target\":[\"https:\/\/easyliferobo.com\/de\/product\/pflegeassistenz-heute\/\"]}]},{\"@type\":\"ImageObject\",\"inLanguage\":\"de\",\"@id\":\"https:\/\/easyliferobo.com\/de\/product\/pflegeassistenz-heute\/#primaryimage\",\"url\":\"https:\/\/easyliferobo.com\/de\/wp-content\/uploads\/2026\/02\/51rrVmGRigL.jpg\",\"contentUrl\":\"https:\/\/easyliferobo.com\/de\/wp-content\/uploads\/2026\/02\/51rrVmGRigL.jpg\",\"width\":533,\"height\":750},{\"@type\":\"BreadcrumbList\",\"@id\":\"https:\/\/easyliferobo.com\/de\/product\/pflegeassistenz-heute\/#breadcrumb\",\"itemListElement\":[{\"@type\":\"ListItem\",\"position\":1,\"name\":\"Home\",\"item\":\"https:\/\/easyliferobo.com\/de\/\"},{\"@type\":\"ListItem\",\"position\":2,\"name\":\"Shop\",\"item\":\"https:\/\/easyliferobo.com\/de\/shop\/\"},{\"@type\":\"ListItem\",\"position\":3,\"name\":\"Pflegeassistenz Heute\"}]},{\"@type\":\"WebSite\",\"@id\":\"https:\/\/easyliferobo.com\/de\/#website\",\"url\":\"https:\/\/easyliferobo.com\/de\/\",\"name\":\"EasyLifeBro\",\"description\":\"Smarte Roboter f\u00fcr Zuhause, Garten &amp; Bildung\",\"publisher\":{\"@id\":\"https:\/\/easyliferobo.com\/de\/#organization\"},\"potentialAction\":[{\"@type\":\"SearchAction\",\"target\":{\"@type\":\"EntryPoint\",\"urlTemplate\":\"https:\/\/easyliferobo.com\/de\/?s={search_term_string}\"},\"query-input\":{\"@type\":\"PropertyValueSpecification\",\"valueRequired\":true,\"valueName\":\"search_term_string\"}}],\"inLanguage\":\"de\"},{\"@type\":\"Organization\",\"@id\":\"https:\/\/easyliferobo.com\/de\/#organization\",\"name\":\"EasyLifeBro\",\"url\":\"https:\/\/easyliferobo.com\/de\/\",\"logo\":{\"@type\":\"ImageObject\",\"inLanguage\":\"de\",\"@id\":\"https:\/\/easyliferobo.com\/de\/#\/schema\/logo\/image\/\",\"url\":\"https:\/\/easyliferobo.com\/de\/wp-content\/uploads\/2026\/02\/Screenshot-2026-02-22-at-2.25.03-PM.png\",\"contentUrl\":\"https:\/\/easyliferobo.com\/de\/wp-content\/uploads\/2026\/02\/Screenshot-2026-02-22-at-2.25.03-PM.png\",\"width\":1858,\"height\":430,\"caption\":\"EasyLifeBro\"},\"image\":{\"@id\":\"https:\/\/easyliferobo.com\/de\/#\/schema\/logo\/image\/\"}}]}<\/script>\n<!-- \/ Yoast SEO plugin. -->","yoast_head_json":{"title":"Pflegeassistenz Heute - EasyLifeBro","description":"Entdecken Sie smarte Roboter f\u00fcr Zuhause, Garten, Bildung und Sicherheit. Vergleichen Sie Saugroboter, Rasenm\u00e4hroboter, KI-Begleitroboter und mehr bei EasyLifeRobo.","robots":{"index":"index","follow":"follow","max-snippet":"max-snippet:-1","max-image-preview":"max-image-preview:large","max-video-preview":"max-video-preview:-1"},"canonical":"https:\/\/easyliferobo.com\/de\/product\/pflegeassistenz-heute\/","og_locale":"de_DE","og_type":"article","og_title":"Pflegeassistenz Heute - EasyLifeBro","og_description":"Entdecken Sie smarte Roboter f\u00fcr Zuhause, Garten, Bildung und Sicherheit. Vergleichen Sie Saugroboter, Rasenm\u00e4hroboter, KI-Begleitroboter und mehr bei EasyLifeRobo.","og_url":"https:\/\/easyliferobo.com\/de\/product\/pflegeassistenz-heute\/","og_site_name":"EasyLifeBro","article_modified_time":"2026-02-27T10:56:13+00:00","og_image":[{"url":"https:\/\/images-na.ssl-images-amazon.com\/images\/G\/01\/x-locale\/common\/grey-pixel.gif","type":"","width":"","height":""}],"twitter_card":"summary_large_image","twitter_misc":{"Gesch\u00e4tzte Lesezeit":"3\u00a0Minuten"},"schema":{"@context":"https:\/\/schema.org","@graph":[{"@type":"WebPage","@id":"https:\/\/easyliferobo.com\/de\/product\/pflegeassistenz-heute\/","url":"https:\/\/easyliferobo.com\/de\/product\/pflegeassistenz-heute\/","name":"Pflegeassistenz Heute - EasyLifeBro","isPartOf":{"@id":"https:\/\/easyliferobo.com\/de\/#website"},"primaryImageOfPage":{"@id":"https:\/\/easyliferobo.com\/de\/product\/pflegeassistenz-heute\/#primaryimage"},"image":{"@id":"https:\/\/easyliferobo.com\/de\/product\/pflegeassistenz-heute\/#primaryimage"},"thumbnailUrl":"https:\/\/easyliferobo.com\/de\/wp-content\/uploads\/2026\/02\/51rrVmGRigL.jpg","datePublished":"2026-02-27T10:56:11+00:00","dateModified":"2026-02-27T10:56:13+00:00","description":"Entdecken Sie smarte Roboter f\u00fcr Zuhause, Garten, Bildung und Sicherheit. Vergleichen Sie Saugroboter, Rasenm\u00e4hroboter, KI-Begleitroboter und mehr bei EasyLifeRobo.","breadcrumb":{"@id":"https:\/\/easyliferobo.com\/de\/product\/pflegeassistenz-heute\/#breadcrumb"},"inLanguage":"de","potentialAction":[{"@type":"ReadAction","target":["https:\/\/easyliferobo.com\/de\/product\/pflegeassistenz-heute\/"]}]},{"@type":"ImageObject","inLanguage":"de","@id":"https:\/\/easyliferobo.com\/de\/product\/pflegeassistenz-heute\/#primaryimage","url":"https:\/\/easyliferobo.com\/de\/wp-content\/uploads\/2026\/02\/51rrVmGRigL.jpg","contentUrl":"https:\/\/easyliferobo.com\/de\/wp-content\/uploads\/2026\/02\/51rrVmGRigL.jpg","width":533,"height":750},{"@type":"BreadcrumbList","@id":"https:\/\/easyliferobo.com\/de\/product\/pflegeassistenz-heute\/#breadcrumb","itemListElement":[{"@type":"ListItem","position":1,"name":"Home","item":"https:\/\/easyliferobo.com\/de\/"},{"@type":"ListItem","position":2,"name":"Shop","item":"https:\/\/easyliferobo.com\/de\/shop\/"},{"@type":"ListItem","position":3,"name":"Pflegeassistenz Heute"}]},{"@type":"WebSite","@id":"https:\/\/easyliferobo.com\/de\/#website","url":"https:\/\/easyliferobo.com\/de\/","name":"EasyLifeBro","description":"Smarte Roboter f\u00fcr Zuhause, Garten &amp; Bildung","publisher":{"@id":"https:\/\/easyliferobo.com\/de\/#organization"},"potentialAction":[{"@type":"SearchAction","target":{"@type":"EntryPoint","urlTemplate":"https:\/\/easyliferobo.com\/de\/?s={search_term_string}"},"query-input":{"@type":"PropertyValueSpecification","valueRequired":true,"valueName":"search_term_string"}}],"inLanguage":"de"},{"@type":"Organization","@id":"https:\/\/easyliferobo.com\/de\/#organization","name":"EasyLifeBro","url":"https:\/\/easyliferobo.com\/de\/","logo":{"@type":"ImageObject","inLanguage":"de","@id":"https:\/\/easyliferobo.com\/de\/#\/schema\/logo\/image\/","url":"https:\/\/easyliferobo.com\/de\/wp-content\/uploads\/2026\/02\/Screenshot-2026-02-22-at-2.25.03-PM.png","contentUrl":"https:\/\/easyliferobo.com\/de\/wp-content\/uploads\/2026\/02\/Screenshot-2026-02-22-at-2.25.03-PM.png","width":1858,"height":430,"caption":"EasyLifeBro"},"image":{"@id":"https:\/\/easyliferobo.com\/de\/#\/schema\/logo\/image\/"}}]}},"_links":{"self":[{"href":"https:\/\/easyliferobo.com\/de\/wp-json\/wp\/v2\/product\/4121","targetHints":{"allow":["GET"]}}],"collection":[{"href":"https:\/\/easyliferobo.com\/de\/wp-json\/wp\/v2\/product"}],"about":[{"href":"https:\/\/easyliferobo.com\/de\/wp-json\/wp\/v2\/types\/product"}],"replies":[{"embeddable":true,"href":"https:\/\/easyliferobo.com\/de\/wp-json\/wp\/v2\/comments?post=4121"}],"wp:featuredmedia":[{"embeddable":true,"href":"https:\/\/easyliferobo.com\/de\/wp-json\/wp\/v2\/media\/4122"}],"wp:attachment":[{"href":"https:\/\/easyliferobo.com\/de\/wp-json\/wp\/v2\/media?parent=4121"}],"wp:term":[{"taxonomy":"store","embeddable":true,"href":"https:\/\/easyliferobo.com\/de\/wp-json\/wp\/v2\/store?post=4121"},{"taxonomy":"product_brand","embeddable":true,"href":"https:\/\/easyliferobo.com\/de\/wp-json\/wp\/v2\/product_brand?post=4121"},{"taxonomy":"product_cat","embeddable":true,"href":"https:\/\/easyliferobo.com\/de\/wp-json\/wp\/v2\/product_cat?post=4121"},{"taxonomy":"product_tag","embeddable":true,"href":"https:\/\/easyliferobo.com\/de\/wp-json\/wp\/v2\/product_tag?post=4121"}],"curies":[{"name":"wp","href":"https:\/\/api.w.org\/{rel}","templated":true}]}}