
{"id":4113,"date":"2026-02-27T10:55:01","date_gmt":"2026-02-27T10:55:01","guid":{"rendered":"https:\/\/easyliferobo.com\/de\/product\/galayou-2k-aussenueberwachungskamera-ptz-outdoor-wlan-ip-kamera-aussenueberwachung-wifi-dome-kamera-mit-farbiger-nachtsicht-zwei-wege-audio-y4\/"},"modified":"2026-02-27T10:55:13","modified_gmt":"2026-02-27T10:55:13","slug":"galayou-2k-aussenueberwachungskamera-ptz-outdoor-wlan-ip-kamera-aussenueberwachung-wifi-dome-kamera-mit-farbiger-nachtsicht-zwei-wege-audio-y4","status":"publish","type":"product","link":"https:\/\/easyliferobo.com\/de\/product\/galayou-2k-aussenueberwachungskamera-ptz-outdoor-wlan-ip-kamera-aussenueberwachung-wifi-dome-kamera-mit-farbiger-nachtsicht-zwei-wege-audio-y4\/","title":{"rendered":"GALAYOU 2K Au\u00dfen\u00fcberwachungskamer..."},"content":{"rendered":"<p>\n                                             Von der Marke   <\/p>\n<p>                                              <img decoding=\"async\" alt=\"1\" src=\"https:\/\/images-na.ssl-images-amazon.com\/images\/G\/01\/x-locale\/common\/grey-pixel.gif\" class=\"a-lazy-loaded\" data-src=\"https:\/\/m.media-amazon.com\/images\/S\/aplus-media-library-service-media\/1584b751-cdf0-43b0-9740-c58658a4a875.__CR0,0,1464,625_PT0_SX1464_V1___.png\"><img decoding=\"async\" alt=\"1\" src=\"https:\/\/m.media-amazon.com\/images\/S\/aplus-media-library-service-media\/1584b751-cdf0-43b0-9740-c58658a4a875.__CR0,0,1464,625_PT0_SX1464_V1___.png\">  <\/p>\n<p>                                              <img decoding=\"async\" alt=\"\" src=\"https:\/\/images-na.ssl-images-amazon.com\/images\/G\/01\/x-locale\/common\/grey-pixel.gif\" class=\"a-lazy-loaded\" data-src=\"https:\/\/m.media-amazon.com\/images\/S\/aplus-media-library-service-media\/17c1e308-24a3-422b-9fbb-2b385ac51f2f.__CR23,0,315,145_PT0_SX315_V1___.png\"><img decoding=\"async\" alt=\"\" src=\"https:\/\/m.media-amazon.com\/images\/S\/aplus-media-library-service-media\/17c1e308-24a3-422b-9fbb-2b385ac51f2f.__CR23,0,315,145_PT0_SX315_V1___.png\">  <\/p>\n<p>  Das technische Team von GALAYOU wurde 2002 gegr\u00fcndet. Basierend auf dem Wunsch, die Privatsph\u00e4re zu sch\u00fctzen, ist es unsere Mission, Wi-Fi-Sicherheitskameras mit einem hohen Preis-Leistungs-Verh\u00e4ltnis anzubieten. <\/p>\n<p>  Das professionelle Team bietet hochwertige Produkte und Dienstleistungen, um das zu sch\u00fctzen, was Ihnen am wichtigsten ist, und Ihnen Sicherheit zu geben. <\/p>\n<p>  Galayou leistet zuverl\u00e4ssige Hilfe f\u00fcr Ihre Lebensqualit\u00e4t. <\/p>\n<h3>  GALAYOU \u00dcberwachungskamera <\/h3>\n<p class=\"apm-brand-story-stores-link\">\n<p>                                              <img decoding=\"async\" alt=\"6 US\" src=\"https:\/\/images-na.ssl-images-amazon.com\/images\/G\/01\/x-locale\/common\/grey-pixel.gif\" class=\"a-lazy-loaded\" data-src=\"https:\/\/m.media-amazon.com\/images\/S\/aplus-media-library-service-media\/26023527-4cd7-42d0-95b3-4599ece4a9f4.__CR0,0,362,453_PT0_SX362_V1___.png\"><img decoding=\"async\" alt=\"6 US\" src=\"https:\/\/m.media-amazon.com\/images\/S\/aplus-media-library-service-media\/26023527-4cd7-42d0-95b3-4599ece4a9f4.__CR0,0,362,453_PT0_SX362_V1___.png\">  <\/p>\n<p>                                              <img decoding=\"async\" alt=\"8 US\" src=\"https:\/\/images-na.ssl-images-amazon.com\/images\/G\/01\/x-locale\/common\/grey-pixel.gif\" class=\"a-lazy-loaded\" data-src=\"https:\/\/m.media-amazon.com\/images\/S\/aplus-media-library-service-media\/ddb1331a-e938-4266-8d31-ff0633d74a0b.__CR0,0,362,453_PT0_SX362_V1___.png\"><img decoding=\"async\" alt=\"8 US\" src=\"https:\/\/m.media-amazon.com\/images\/S\/aplus-media-library-service-media\/ddb1331a-e938-4266-8d31-ff0633d74a0b.__CR0,0,362,453_PT0_SX362_V1___.png\">  <\/p>\n<p>                                              <img decoding=\"async\" alt=\"9 US\" src=\"https:\/\/images-na.ssl-images-amazon.com\/images\/G\/01\/x-locale\/common\/grey-pixel.gif\" class=\"a-lazy-loaded\" data-src=\"https:\/\/m.media-amazon.com\/images\/S\/aplus-media-library-service-media\/2838def8-ec91-4040-8a12-369b4d9da8f5.__CR0,0,362,453_PT0_SX362_V1___.png\"><img decoding=\"async\" alt=\"9 US\" src=\"https:\/\/m.media-amazon.com\/images\/S\/aplus-media-library-service-media\/2838def8-ec91-4040-8a12-369b4d9da8f5.__CR0,0,362,453_PT0_SX362_V1___.png\">  <\/p>\n<p>Mit 2K HD-Aufl\u00f6sung und Schwenken\/Neigen\/Zoom: Diese WLAN-\u00dcberwachungskamera f\u00fcr den Au\u00dfenbereich ist mit einer HD-Videoaufl\u00f6sung ausgestattet, um Ihnen Tag und Nacht klarere Bilder und Videos als 1080P zu liefern. Mit 335\u00b0 horizontal und 90\u00b0 vertikal k\u00f6nnen Sie die Kamera\u00fcberwachung im Au\u00dfenbereich fernsteuern, um jeden Blickwinkel und Bereich anzuzeigen. Hinweis: Diese Au\u00dfenkamera unterst\u00fctzt nur 2,4 GHz WLAN. 5 GHz wird nicht unterst\u00fctzt<br \/>Drei Nachtsichtmodi mit Alarmsirene und 2-Wege-Audio: Die Au\u00dfenkamera WiFi unterst\u00fctzt drei Nachtsichtmodi: Infrarot, Vollfarbe und Alarmsirene. Stellen Sie die Alarmsirene und Lichter so ein, dass sie sich automatisch einschalten, wenn eine Bewegung erkannt wird, damit Sie es sofort wissen und unerw\u00fcnschte Personen abschrecken. Mit dem eingebauten Mikrofon und Lautsprecher in der WLAN-Au\u00dfenkamera k\u00f6nnen Sie sowohl die b\u00f6sen Menschen abschrecken als auch nutzen<br \/>Bewegungssensor und kontinuierliche Aufzeichnung rund um die Uhr: Diese WLAN-Au\u00dfenkamera verf\u00fcgt \u00fcber einen Bewegungssensor. Sobald diese \u00dcberwachungskamera WLAN-Bewegungen im Freien erkennt, wird der Alarm ausgel\u00f6st und Sie erhalten Echtzeitbenachrichtigungen, damit Sie keinen Notfall verpassen. Sie k\u00f6nnen eine Micro-SD-Karte in das WLAN der Kamera\u00fcberwachung im Freien einlegen, um \u00fcber die SD-Karte unterbrechungsfreie Aufnahmen zu machen<br \/>SD-Karten-\/Cloud-Speicher und verschl\u00fcsselte Daten: Diese WLAN-Au\u00dfenkamera unterst\u00fctzt SD-Kartenspeicher (bis zu 128 GB) und Cloud-Speicher. Sie k\u00f6nnen eine der Optionen zum Aufzeichnen, Speichern und Abspielen des Videos w\u00e4hlen, damit Sie nichts verpassen. Um Ihre Privatsph\u00e4re durch die Kamera\u00fcberwachung im Au\u00dfenbereich zu sch\u00fctzen, haben wir au\u00dferdem hochwertige Verschl\u00fcsselungstechnologie eingesetzt. Um Ihre Datensicherheit zu sch\u00fctzen, m\u00fcssen Sie sich keine Sorgen machen<br \/>Einfache Installation und gemeinsame Nutzung auf mehreren Ger\u00e4ten: Die \u00dcberwachungskamera f\u00fcr den Au\u00dfenbereich ist einfach zu installieren. Eine gute Wahl f\u00fcr Amateure! (\u00dcberwachungskamera drau\u00dfen an die Stromversorgung anschlie\u00dfen \u2013 QR-Code scannen WLAN). Sie k\u00f6nnen die Kamera im Freien mit drei Benutzern teilen, sodass Sie gleichzeitig Videos in der App ansehen k\u00f6nnen. Die Au\u00dfenkamera unterst\u00fctzt RTSP, sodass Sie das WLAN der Au\u00dfenkamera in Software von Drittanbietern integrieren k\u00f6nnen, um \u00dcberwachungskameras verschiedener Marken zu verwalten<\/p>\n<p>[ad_2]<\/p>\n","protected":false},"excerpt":{"rendered":"<p>Von der Marke Das technische Team von GALAYOU wurde 2002 gegr\u00fcndet. Basierend auf dem Wunsch, die Privatsph\u00e4re zu sch\u00fctzen, ist es unsere Mission, Wi-Fi-Sicherheitskameras mit einem hohen Preis-Leistungs-Verh\u00e4ltnis anzubieten. Das professionelle Team bietet hochwertige Produkte und Dienstleistungen, um das zu sch\u00fctzen, was Ihnen am wichtigsten ist, und Ihnen Sicherheit zu geben. Galayou leistet zuverl\u00e4ssige Hilfe [&hellip;]<\/p>\n","protected":false},"featured_media":4114,"comment_status":"open","ping_status":"closed","template":"","meta":{"_aipt_faq_data":""},"store":[],"product_brand":[395],"product_cat":[113],"product_tag":[394],"class_list":{"0":"post-4113","1":"product","2":"type-product","3":"status-publish","4":"has-post-thumbnail","6":"product_brand-galayou","7":"product_cat-ueberwachungsroboter","8":"product_tag-fernsteuerbare-ueberwachungsroboter-outdoor","10":"first","11":"instock","12":"sale","13":"shipping-taxable","14":"product-type-external"},"yoast_head":"<!-- This site is optimized with the Yoast SEO plugin v27.0 - https:\/\/yoast.com\/product\/yoast-seo-wordpress\/ -->\n<title>GALAYOU 2K Au\u00dfen\u00fcberwachungskamera, PTZ Outdoor WLAN IP Kamera, Au\u00dfen\u00fcberwachung, WiFi Dome Kamera mit farbiger Nachtsicht, Zwei-Wege-Audio Y4 - EasyLifeBro<\/title>\n<meta name=\"description\" content=\"Entdecken Sie smarte Roboter f\u00fcr Zuhause, Garten, Bildung und Sicherheit. Vergleichen Sie Saugroboter, Rasenm\u00e4hroboter, KI-Begleitroboter und mehr bei EasyLifeRobo.\" \/>\n<meta name=\"robots\" content=\"index, follow, max-snippet:-1, max-image-preview:large, max-video-preview:-1\" \/>\n<link rel=\"canonical\" href=\"https:\/\/easyliferobo.com\/de\/product\/galayou-2k-aussenueberwachungskamera-ptz-outdoor-wlan-ip-kamera-aussenueberwachung-wifi-dome-kamera-mit-farbiger-nachtsicht-zwei-wege-audio-y4\/\" \/>\n<meta property=\"og:locale\" content=\"de_DE\" \/>\n<meta property=\"og:type\" content=\"article\" \/>\n<meta property=\"og:title\" content=\"GALAYOU 2K Au\u00dfen\u00fcberwachungskamera, PTZ Outdoor WLAN IP Kamera, Au\u00dfen\u00fcberwachung, WiFi Dome Kamera mit farbiger Nachtsicht, Zwei-Wege-Audio Y4 - EasyLifeBro\" \/>\n<meta property=\"og:description\" content=\"Entdecken Sie smarte Roboter f\u00fcr Zuhause, Garten, Bildung und Sicherheit. Vergleichen Sie Saugroboter, Rasenm\u00e4hroboter, KI-Begleitroboter und mehr bei EasyLifeRobo.\" \/>\n<meta property=\"og:url\" content=\"https:\/\/easyliferobo.com\/de\/product\/galayou-2k-aussenueberwachungskamera-ptz-outdoor-wlan-ip-kamera-aussenueberwachung-wifi-dome-kamera-mit-farbiger-nachtsicht-zwei-wege-audio-y4\/\" \/>\n<meta property=\"og:site_name\" content=\"EasyLifeBro\" \/>\n<meta property=\"article:modified_time\" content=\"2026-02-27T10:55:13+00:00\" \/>\n<meta property=\"og:image\" content=\"https:\/\/images-na.ssl-images-amazon.com\/images\/G\/01\/x-locale\/common\/grey-pixel.gif\" \/>\n<meta name=\"twitter:card\" content=\"summary_large_image\" \/>\n<meta name=\"twitter:label1\" content=\"Gesch\u00e4tzte Lesezeit\" \/>\n\t<meta name=\"twitter:data1\" content=\"2\u00a0Minuten\" \/>\n<script type=\"application\/ld+json\" class=\"yoast-schema-graph\">{\"@context\":\"https:\/\/schema.org\",\"@graph\":[{\"@type\":\"WebPage\",\"@id\":\"https:\/\/easyliferobo.com\/de\/product\/galayou-2k-aussenueberwachungskamera-ptz-outdoor-wlan-ip-kamera-aussenueberwachung-wifi-dome-kamera-mit-farbiger-nachtsicht-zwei-wege-audio-y4\/\",\"url\":\"https:\/\/easyliferobo.com\/de\/product\/galayou-2k-aussenueberwachungskamera-ptz-outdoor-wlan-ip-kamera-aussenueberwachung-wifi-dome-kamera-mit-farbiger-nachtsicht-zwei-wege-audio-y4\/\",\"name\":\"GALAYOU 2K Au\u00dfen\u00fcberwachungskamera, PTZ Outdoor WLAN IP Kamera, Au\u00dfen\u00fcberwachung, WiFi Dome Kamera mit farbiger Nachtsicht, Zwei-Wege-Audio Y4 - EasyLifeBro\",\"isPartOf\":{\"@id\":\"https:\/\/easyliferobo.com\/de\/#website\"},\"primaryImageOfPage\":{\"@id\":\"https:\/\/easyliferobo.com\/de\/product\/galayou-2k-aussenueberwachungskamera-ptz-outdoor-wlan-ip-kamera-aussenueberwachung-wifi-dome-kamera-mit-farbiger-nachtsicht-zwei-wege-audio-y4\/#primaryimage\"},\"image\":{\"@id\":\"https:\/\/easyliferobo.com\/de\/product\/galayou-2k-aussenueberwachungskamera-ptz-outdoor-wlan-ip-kamera-aussenueberwachung-wifi-dome-kamera-mit-farbiger-nachtsicht-zwei-wege-audio-y4\/#primaryimage\"},\"thumbnailUrl\":\"https:\/\/easyliferobo.com\/de\/wp-content\/uploads\/2026\/02\/51GsOgIqA2L._AC_SL1500_.jpg\",\"datePublished\":\"2026-02-27T10:55:01+00:00\",\"dateModified\":\"2026-02-27T10:55:13+00:00\",\"description\":\"Entdecken Sie smarte Roboter f\u00fcr Zuhause, Garten, Bildung und Sicherheit. Vergleichen Sie Saugroboter, Rasenm\u00e4hroboter, KI-Begleitroboter und mehr bei EasyLifeRobo.\",\"breadcrumb\":{\"@id\":\"https:\/\/easyliferobo.com\/de\/product\/galayou-2k-aussenueberwachungskamera-ptz-outdoor-wlan-ip-kamera-aussenueberwachung-wifi-dome-kamera-mit-farbiger-nachtsicht-zwei-wege-audio-y4\/#breadcrumb\"},\"inLanguage\":\"de\",\"potentialAction\":[{\"@type\":\"ReadAction\",\"target\":[\"https:\/\/easyliferobo.com\/de\/product\/galayou-2k-aussenueberwachungskamera-ptz-outdoor-wlan-ip-kamera-aussenueberwachung-wifi-dome-kamera-mit-farbiger-nachtsicht-zwei-wege-audio-y4\/\"]}]},{\"@type\":\"ImageObject\",\"inLanguage\":\"de\",\"@id\":\"https:\/\/easyliferobo.com\/de\/product\/galayou-2k-aussenueberwachungskamera-ptz-outdoor-wlan-ip-kamera-aussenueberwachung-wifi-dome-kamera-mit-farbiger-nachtsicht-zwei-wege-audio-y4\/#primaryimage\",\"url\":\"https:\/\/easyliferobo.com\/de\/wp-content\/uploads\/2026\/02\/51GsOgIqA2L._AC_SL1500_.jpg\",\"contentUrl\":\"https:\/\/easyliferobo.com\/de\/wp-content\/uploads\/2026\/02\/51GsOgIqA2L._AC_SL1500_.jpg\",\"width\":852,\"height\":1500},{\"@type\":\"BreadcrumbList\",\"@id\":\"https:\/\/easyliferobo.com\/de\/product\/galayou-2k-aussenueberwachungskamera-ptz-outdoor-wlan-ip-kamera-aussenueberwachung-wifi-dome-kamera-mit-farbiger-nachtsicht-zwei-wege-audio-y4\/#breadcrumb\",\"itemListElement\":[{\"@type\":\"ListItem\",\"position\":1,\"name\":\"Home\",\"item\":\"https:\/\/easyliferobo.com\/de\/\"},{\"@type\":\"ListItem\",\"position\":2,\"name\":\"Shop\",\"item\":\"https:\/\/easyliferobo.com\/de\/shop\/\"},{\"@type\":\"ListItem\",\"position\":3,\"name\":\"GALAYOU 2K Au\u00dfen\u00fcberwachungskamer...\"}]},{\"@type\":\"WebSite\",\"@id\":\"https:\/\/easyliferobo.com\/de\/#website\",\"url\":\"https:\/\/easyliferobo.com\/de\/\",\"name\":\"EasyLifeBro\",\"description\":\"Smarte Roboter f\u00fcr Zuhause, Garten &amp; Bildung\",\"publisher\":{\"@id\":\"https:\/\/easyliferobo.com\/de\/#organization\"},\"potentialAction\":[{\"@type\":\"SearchAction\",\"target\":{\"@type\":\"EntryPoint\",\"urlTemplate\":\"https:\/\/easyliferobo.com\/de\/?s={search_term_string}\"},\"query-input\":{\"@type\":\"PropertyValueSpecification\",\"valueRequired\":true,\"valueName\":\"search_term_string\"}}],\"inLanguage\":\"de\"},{\"@type\":\"Organization\",\"@id\":\"https:\/\/easyliferobo.com\/de\/#organization\",\"name\":\"EasyLifeBro\",\"url\":\"https:\/\/easyliferobo.com\/de\/\",\"logo\":{\"@type\":\"ImageObject\",\"inLanguage\":\"de\",\"@id\":\"https:\/\/easyliferobo.com\/de\/#\/schema\/logo\/image\/\",\"url\":\"https:\/\/easyliferobo.com\/de\/wp-content\/uploads\/2026\/02\/Screenshot-2026-02-22-at-2.25.03-PM.png\",\"contentUrl\":\"https:\/\/easyliferobo.com\/de\/wp-content\/uploads\/2026\/02\/Screenshot-2026-02-22-at-2.25.03-PM.png\",\"width\":1858,\"height\":430,\"caption\":\"EasyLifeBro\"},\"image\":{\"@id\":\"https:\/\/easyliferobo.com\/de\/#\/schema\/logo\/image\/\"}}]}<\/script>\n<!-- \/ Yoast SEO plugin. -->","yoast_head_json":{"title":"GALAYOU 2K Au\u00dfen\u00fcberwachungskamera, PTZ Outdoor WLAN IP Kamera, Au\u00dfen\u00fcberwachung, WiFi Dome Kamera mit farbiger Nachtsicht, Zwei-Wege-Audio Y4 - EasyLifeBro","description":"Entdecken Sie smarte Roboter f\u00fcr Zuhause, Garten, Bildung und Sicherheit. Vergleichen Sie Saugroboter, Rasenm\u00e4hroboter, KI-Begleitroboter und mehr bei EasyLifeRobo.","robots":{"index":"index","follow":"follow","max-snippet":"max-snippet:-1","max-image-preview":"max-image-preview:large","max-video-preview":"max-video-preview:-1"},"canonical":"https:\/\/easyliferobo.com\/de\/product\/galayou-2k-aussenueberwachungskamera-ptz-outdoor-wlan-ip-kamera-aussenueberwachung-wifi-dome-kamera-mit-farbiger-nachtsicht-zwei-wege-audio-y4\/","og_locale":"de_DE","og_type":"article","og_title":"GALAYOU 2K Au\u00dfen\u00fcberwachungskamera, PTZ Outdoor WLAN IP Kamera, Au\u00dfen\u00fcberwachung, WiFi Dome Kamera mit farbiger Nachtsicht, Zwei-Wege-Audio Y4 - EasyLifeBro","og_description":"Entdecken Sie smarte Roboter f\u00fcr Zuhause, Garten, Bildung und Sicherheit. Vergleichen Sie Saugroboter, Rasenm\u00e4hroboter, KI-Begleitroboter und mehr bei EasyLifeRobo.","og_url":"https:\/\/easyliferobo.com\/de\/product\/galayou-2k-aussenueberwachungskamera-ptz-outdoor-wlan-ip-kamera-aussenueberwachung-wifi-dome-kamera-mit-farbiger-nachtsicht-zwei-wege-audio-y4\/","og_site_name":"EasyLifeBro","article_modified_time":"2026-02-27T10:55:13+00:00","og_image":[{"url":"https:\/\/images-na.ssl-images-amazon.com\/images\/G\/01\/x-locale\/common\/grey-pixel.gif","type":"","width":"","height":""}],"twitter_card":"summary_large_image","twitter_misc":{"Gesch\u00e4tzte Lesezeit":"2\u00a0Minuten"},"schema":{"@context":"https:\/\/schema.org","@graph":[{"@type":"WebPage","@id":"https:\/\/easyliferobo.com\/de\/product\/galayou-2k-aussenueberwachungskamera-ptz-outdoor-wlan-ip-kamera-aussenueberwachung-wifi-dome-kamera-mit-farbiger-nachtsicht-zwei-wege-audio-y4\/","url":"https:\/\/easyliferobo.com\/de\/product\/galayou-2k-aussenueberwachungskamera-ptz-outdoor-wlan-ip-kamera-aussenueberwachung-wifi-dome-kamera-mit-farbiger-nachtsicht-zwei-wege-audio-y4\/","name":"GALAYOU 2K Au\u00dfen\u00fcberwachungskamera, PTZ Outdoor WLAN IP Kamera, Au\u00dfen\u00fcberwachung, WiFi Dome Kamera mit farbiger Nachtsicht, Zwei-Wege-Audio Y4 - EasyLifeBro","isPartOf":{"@id":"https:\/\/easyliferobo.com\/de\/#website"},"primaryImageOfPage":{"@id":"https:\/\/easyliferobo.com\/de\/product\/galayou-2k-aussenueberwachungskamera-ptz-outdoor-wlan-ip-kamera-aussenueberwachung-wifi-dome-kamera-mit-farbiger-nachtsicht-zwei-wege-audio-y4\/#primaryimage"},"image":{"@id":"https:\/\/easyliferobo.com\/de\/product\/galayou-2k-aussenueberwachungskamera-ptz-outdoor-wlan-ip-kamera-aussenueberwachung-wifi-dome-kamera-mit-farbiger-nachtsicht-zwei-wege-audio-y4\/#primaryimage"},"thumbnailUrl":"https:\/\/easyliferobo.com\/de\/wp-content\/uploads\/2026\/02\/51GsOgIqA2L._AC_SL1500_.jpg","datePublished":"2026-02-27T10:55:01+00:00","dateModified":"2026-02-27T10:55:13+00:00","description":"Entdecken Sie smarte Roboter f\u00fcr Zuhause, Garten, Bildung und Sicherheit. Vergleichen Sie Saugroboter, Rasenm\u00e4hroboter, KI-Begleitroboter und mehr bei EasyLifeRobo.","breadcrumb":{"@id":"https:\/\/easyliferobo.com\/de\/product\/galayou-2k-aussenueberwachungskamera-ptz-outdoor-wlan-ip-kamera-aussenueberwachung-wifi-dome-kamera-mit-farbiger-nachtsicht-zwei-wege-audio-y4\/#breadcrumb"},"inLanguage":"de","potentialAction":[{"@type":"ReadAction","target":["https:\/\/easyliferobo.com\/de\/product\/galayou-2k-aussenueberwachungskamera-ptz-outdoor-wlan-ip-kamera-aussenueberwachung-wifi-dome-kamera-mit-farbiger-nachtsicht-zwei-wege-audio-y4\/"]}]},{"@type":"ImageObject","inLanguage":"de","@id":"https:\/\/easyliferobo.com\/de\/product\/galayou-2k-aussenueberwachungskamera-ptz-outdoor-wlan-ip-kamera-aussenueberwachung-wifi-dome-kamera-mit-farbiger-nachtsicht-zwei-wege-audio-y4\/#primaryimage","url":"https:\/\/easyliferobo.com\/de\/wp-content\/uploads\/2026\/02\/51GsOgIqA2L._AC_SL1500_.jpg","contentUrl":"https:\/\/easyliferobo.com\/de\/wp-content\/uploads\/2026\/02\/51GsOgIqA2L._AC_SL1500_.jpg","width":852,"height":1500},{"@type":"BreadcrumbList","@id":"https:\/\/easyliferobo.com\/de\/product\/galayou-2k-aussenueberwachungskamera-ptz-outdoor-wlan-ip-kamera-aussenueberwachung-wifi-dome-kamera-mit-farbiger-nachtsicht-zwei-wege-audio-y4\/#breadcrumb","itemListElement":[{"@type":"ListItem","position":1,"name":"Home","item":"https:\/\/easyliferobo.com\/de\/"},{"@type":"ListItem","position":2,"name":"Shop","item":"https:\/\/easyliferobo.com\/de\/shop\/"},{"@type":"ListItem","position":3,"name":"GALAYOU 2K Au\u00dfen\u00fcberwachungskamer..."}]},{"@type":"WebSite","@id":"https:\/\/easyliferobo.com\/de\/#website","url":"https:\/\/easyliferobo.com\/de\/","name":"EasyLifeBro","description":"Smarte Roboter f\u00fcr Zuhause, Garten &amp; Bildung","publisher":{"@id":"https:\/\/easyliferobo.com\/de\/#organization"},"potentialAction":[{"@type":"SearchAction","target":{"@type":"EntryPoint","urlTemplate":"https:\/\/easyliferobo.com\/de\/?s={search_term_string}"},"query-input":{"@type":"PropertyValueSpecification","valueRequired":true,"valueName":"search_term_string"}}],"inLanguage":"de"},{"@type":"Organization","@id":"https:\/\/easyliferobo.com\/de\/#organization","name":"EasyLifeBro","url":"https:\/\/easyliferobo.com\/de\/","logo":{"@type":"ImageObject","inLanguage":"de","@id":"https:\/\/easyliferobo.com\/de\/#\/schema\/logo\/image\/","url":"https:\/\/easyliferobo.com\/de\/wp-content\/uploads\/2026\/02\/Screenshot-2026-02-22-at-2.25.03-PM.png","contentUrl":"https:\/\/easyliferobo.com\/de\/wp-content\/uploads\/2026\/02\/Screenshot-2026-02-22-at-2.25.03-PM.png","width":1858,"height":430,"caption":"EasyLifeBro"},"image":{"@id":"https:\/\/easyliferobo.com\/de\/#\/schema\/logo\/image\/"}}]}},"_links":{"self":[{"href":"https:\/\/easyliferobo.com\/de\/wp-json\/wp\/v2\/product\/4113","targetHints":{"allow":["GET"]}}],"collection":[{"href":"https:\/\/easyliferobo.com\/de\/wp-json\/wp\/v2\/product"}],"about":[{"href":"https:\/\/easyliferobo.com\/de\/wp-json\/wp\/v2\/types\/product"}],"replies":[{"embeddable":true,"href":"https:\/\/easyliferobo.com\/de\/wp-json\/wp\/v2\/comments?post=4113"}],"wp:featuredmedia":[{"embeddable":true,"href":"https:\/\/easyliferobo.com\/de\/wp-json\/wp\/v2\/media\/4114"}],"wp:attachment":[{"href":"https:\/\/easyliferobo.com\/de\/wp-json\/wp\/v2\/media?parent=4113"}],"wp:term":[{"taxonomy":"store","embeddable":true,"href":"https:\/\/easyliferobo.com\/de\/wp-json\/wp\/v2\/store?post=4113"},{"taxonomy":"product_brand","embeddable":true,"href":"https:\/\/easyliferobo.com\/de\/wp-json\/wp\/v2\/product_brand?post=4113"},{"taxonomy":"product_cat","embeddable":true,"href":"https:\/\/easyliferobo.com\/de\/wp-json\/wp\/v2\/product_cat?post=4113"},{"taxonomy":"product_tag","embeddable":true,"href":"https:\/\/easyliferobo.com\/de\/wp-json\/wp\/v2\/product_tag?post=4113"}],"curies":[{"name":"wp","href":"https:\/\/api.w.org\/{rel}","templated":true}]}}