
{"id":4104,"date":"2026-02-27T10:54:01","date_gmt":"2026-02-27T10:54:01","guid":{"rendered":"https:\/\/easyliferobo.com\/de\/product\/poolpure-2025-poolroboter-100-minuten-reinigungszeit-doppelmotor-led-anzeigen-selbstparkfunktion-ipx8-wasserdicht-kabelloser-poolstaubsauger-gelb\/"},"modified":"2026-02-27T10:54:19","modified_gmt":"2026-02-27T10:54:19","slug":"poolpure-2025-poolroboter-100-minuten-reinigungszeit-doppelmotor-led-anzeigen-selbstparkfunktion-ipx8-wasserdicht-kabelloser-poolstaubsauger-gelb","status":"publish","type":"product","link":"https:\/\/easyliferobo.com\/de\/product\/poolpure-2025-poolroboter-100-minuten-reinigungszeit-doppelmotor-led-anzeigen-selbstparkfunktion-ipx8-wasserdicht-kabelloser-poolstaubsauger-gelb\/","title":{"rendered":"POOLPURE 2025 Poolroboter, 100 Minu..."},"content":{"rendered":"<p>    <span>Hinweis: Unser Poolroboter ist nicht f\u00fcr den Einsatz auf geneigten Poolb\u00f6den geeignet; Verwenden Sie es ausschlie\u00dflich auf ebenen Fl\u00e4chen. Der Poolroboter f\u00fcr Aufstellpools ist nicht f\u00fcr die Beckenw\u00e4nde konzipiert; \u00dcberpr\u00fcfen Sie die Funktionalit\u00e4t sorgf\u00e4ltig, bevor Sie eine Bestellung aufgeben.<\/span>    <br \/>Wenn Sie eine Anleitung in Ihrer Muttersprache ben\u00f6tigen, kontaktieren Sie uns jederzeit. Vielen Dank f\u00fcr Ihr Vertrauen.<br \/>25 Jahre Weiterentwicklung: Die Batterie des Poolroboters wurde mit reduziertem Gewicht und verbesserter Qualit\u00e4tskontrolle neu gestaltet, um das Risiko von Auslaufen zu minimieren.<br \/>Selbstparkfunktion: Poolroboter kabellos mit integrierter Selbstpark-Technologie, der Poolreiniger-Roboter parkt in der N\u00e4he der Poolwand, wenn der Batteriestand unter 5 % f\u00e4llt oder nach Abschluss eines Reinigungsvorgangs, um ihn einfach zu entfernen. Benutzen Sie einfach den mitgelieferten Haken, um ihn aus dem Wasser zu heben.<br \/>Effiziente Reinigung: Schalten Sie den Roboter ein, tauchen Sie ihn in den Pool und er startet automatisch. Poolsauger mit zwei starken Motoren, hochwertigen Abziehern und einer 4-Zoll-Saug\u00f6ffnung entfernt der Reiniger effektiv Schmutz und l\u00e4sst Ihren Pool wie neu aussehen. Kabelloser Poolroboter-Akku, die Abdeckung l\u00e4sst sich leicht \u00f6ffnen und der Filter l\u00e4sst sich problemlos mit Wasser aussp\u00fclen.<br \/>Kabelloses Design: Unser Poolroboter Wireless verf\u00fcgt \u00fcber einen integrierten Lithium-Ionen-Akku mit 5000 mAh und ein eleganteres Design, das es ihm erm\u00f6glicht, sich problemlos selbstst\u00e4ndig auf dem Poolboden zu bewegen. Die kabellose Funktion eliminiert jegliche Gefahr einer elektrischen Entladung, w\u00e4hrend die Schnellladung in nur 2,5 bis 3 Stunden abgeschlossen ist.<br \/>Hinweis: Unser Poolroboter ist nicht f\u00fcr den Einsatz auf geneigten Poolb\u00f6den geeignet; Verwenden Sie es ausschlie\u00dflich auf ebenen Fl\u00e4chen. Der Poolroboter f\u00fcr Aufstellpools ist nicht f\u00fcr die Beckenw\u00e4nde konzipiert; \u00dcberpr\u00fcfen Sie die Funktionalit\u00e4t sorgf\u00e4ltig, bevor Sie eine Bestellung aufgeben.<\/p>\n<p>[ad_2]<\/p>\n","protected":false},"excerpt":{"rendered":"<p>Hinweis: Unser Poolroboter ist nicht f\u00fcr den Einsatz auf geneigten Poolb\u00f6den geeignet; Verwenden Sie es ausschlie\u00dflich auf ebenen Fl\u00e4chen. Der Poolroboter f\u00fcr Aufstellpools ist nicht f\u00fcr die Beckenw\u00e4nde konzipiert; \u00dcberpr\u00fcfen Sie die Funktionalit\u00e4t sorgf\u00e4ltig, bevor Sie eine Bestellung aufgeben. Wenn Sie eine Anleitung in Ihrer Muttersprache ben\u00f6tigen, kontaktieren Sie uns jederzeit. Vielen Dank f\u00fcr Ihr [&hellip;]<\/p>\n","protected":false},"featured_media":4105,"comment_status":"open","ping_status":"closed","template":"","meta":{"_aipt_faq_data":""},"store":[],"product_brand":[445],"product_cat":[114],"product_tag":[444],"class_list":{"0":"post-4104","1":"product","2":"type-product","3":"status-publish","4":"has-post-thumbnail","6":"product_brand-poolpure","7":"product_cat-inspektionsroboter","8":"product_tag-unterwasser-inspektionsroboter","10":"first","11":"instock","12":"sale","13":"shipping-taxable","14":"product-type-external"},"yoast_head":"<!-- This site is optimized with the Yoast SEO plugin v27.4 - https:\/\/yoast.com\/product\/yoast-seo-wordpress\/ -->\n<title>POOLPURE 2025 Poolroboter, 100 Minuten Reinigungszeit, Doppelmotor, LED-Anzeigen, Selbstparkfunktion, IPX8 wasserdicht, kabelloser Poolstaubsauger, Gelb - EasyLifeBro<\/title>\n<meta name=\"description\" content=\"Entdecken Sie smarte Roboter f\u00fcr Zuhause, Garten, Bildung und Sicherheit. Vergleichen Sie Saugroboter, Rasenm\u00e4hroboter, KI-Begleitroboter und mehr bei EasyLifeRobo.\" \/>\n<meta name=\"robots\" content=\"index, follow, max-snippet:-1, max-image-preview:large, max-video-preview:-1\" \/>\n<link rel=\"canonical\" href=\"https:\/\/easyliferobo.com\/de\/product\/poolpure-2025-poolroboter-100-minuten-reinigungszeit-doppelmotor-led-anzeigen-selbstparkfunktion-ipx8-wasserdicht-kabelloser-poolstaubsauger-gelb\/\" \/>\n<meta property=\"og:locale\" content=\"de_DE\" \/>\n<meta property=\"og:type\" content=\"article\" \/>\n<meta property=\"og:title\" content=\"POOLPURE 2025 Poolroboter, 100 Minuten Reinigungszeit, Doppelmotor, LED-Anzeigen, Selbstparkfunktion, IPX8 wasserdicht, kabelloser Poolstaubsauger, Gelb - EasyLifeBro\" \/>\n<meta property=\"og:description\" content=\"Entdecken Sie smarte Roboter f\u00fcr Zuhause, Garten, Bildung und Sicherheit. Vergleichen Sie Saugroboter, Rasenm\u00e4hroboter, KI-Begleitroboter und mehr bei EasyLifeRobo.\" \/>\n<meta property=\"og:url\" content=\"https:\/\/easyliferobo.com\/de\/product\/poolpure-2025-poolroboter-100-minuten-reinigungszeit-doppelmotor-led-anzeigen-selbstparkfunktion-ipx8-wasserdicht-kabelloser-poolstaubsauger-gelb\/\" \/>\n<meta property=\"og:site_name\" content=\"EasyLifeBro\" \/>\n<meta property=\"article:modified_time\" content=\"2026-02-27T10:54:19+00:00\" \/>\n<meta name=\"twitter:card\" content=\"summary_large_image\" \/>\n<meta name=\"twitter:label1\" content=\"Gesch\u00e4tzte Lesezeit\" \/>\n\t<meta name=\"twitter:data1\" content=\"1\u00a0Minute\" \/>\n<script type=\"application\/ld+json\" class=\"yoast-schema-graph\">{\"@context\":\"https:\\\/\\\/schema.org\",\"@graph\":[{\"@type\":\"WebPage\",\"@id\":\"https:\\\/\\\/easyliferobo.com\\\/de\\\/product\\\/poolpure-2025-poolroboter-100-minuten-reinigungszeit-doppelmotor-led-anzeigen-selbstparkfunktion-ipx8-wasserdicht-kabelloser-poolstaubsauger-gelb\\\/\",\"url\":\"https:\\\/\\\/easyliferobo.com\\\/de\\\/product\\\/poolpure-2025-poolroboter-100-minuten-reinigungszeit-doppelmotor-led-anzeigen-selbstparkfunktion-ipx8-wasserdicht-kabelloser-poolstaubsauger-gelb\\\/\",\"name\":\"POOLPURE 2025 Poolroboter, 100 Minuten Reinigungszeit, Doppelmotor, LED-Anzeigen, Selbstparkfunktion, IPX8 wasserdicht, kabelloser Poolstaubsauger, Gelb - EasyLifeBro\",\"isPartOf\":{\"@id\":\"https:\\\/\\\/easyliferobo.com\\\/de\\\/#website\"},\"primaryImageOfPage\":{\"@id\":\"https:\\\/\\\/easyliferobo.com\\\/de\\\/product\\\/poolpure-2025-poolroboter-100-minuten-reinigungszeit-doppelmotor-led-anzeigen-selbstparkfunktion-ipx8-wasserdicht-kabelloser-poolstaubsauger-gelb\\\/#primaryimage\"},\"image\":{\"@id\":\"https:\\\/\\\/easyliferobo.com\\\/de\\\/product\\\/poolpure-2025-poolroboter-100-minuten-reinigungszeit-doppelmotor-led-anzeigen-selbstparkfunktion-ipx8-wasserdicht-kabelloser-poolstaubsauger-gelb\\\/#primaryimage\"},\"thumbnailUrl\":\"https:\\\/\\\/easyliferobo.com\\\/de\\\/wp-content\\\/uploads\\\/2026\\\/02\\\/61F0NRJjBmL._AC_SL1500_.jpg\",\"datePublished\":\"2026-02-27T10:54:01+00:00\",\"dateModified\":\"2026-02-27T10:54:19+00:00\",\"description\":\"Entdecken Sie smarte Roboter f\u00fcr Zuhause, Garten, Bildung und Sicherheit. Vergleichen Sie Saugroboter, Rasenm\u00e4hroboter, KI-Begleitroboter und mehr bei EasyLifeRobo.\",\"breadcrumb\":{\"@id\":\"https:\\\/\\\/easyliferobo.com\\\/de\\\/product\\\/poolpure-2025-poolroboter-100-minuten-reinigungszeit-doppelmotor-led-anzeigen-selbstparkfunktion-ipx8-wasserdicht-kabelloser-poolstaubsauger-gelb\\\/#breadcrumb\"},\"inLanguage\":\"de\",\"potentialAction\":[{\"@type\":\"ReadAction\",\"target\":[\"https:\\\/\\\/easyliferobo.com\\\/de\\\/product\\\/poolpure-2025-poolroboter-100-minuten-reinigungszeit-doppelmotor-led-anzeigen-selbstparkfunktion-ipx8-wasserdicht-kabelloser-poolstaubsauger-gelb\\\/\"]}]},{\"@type\":\"ImageObject\",\"inLanguage\":\"de\",\"@id\":\"https:\\\/\\\/easyliferobo.com\\\/de\\\/product\\\/poolpure-2025-poolroboter-100-minuten-reinigungszeit-doppelmotor-led-anzeigen-selbstparkfunktion-ipx8-wasserdicht-kabelloser-poolstaubsauger-gelb\\\/#primaryimage\",\"url\":\"https:\\\/\\\/easyliferobo.com\\\/de\\\/wp-content\\\/uploads\\\/2026\\\/02\\\/61F0NRJjBmL._AC_SL1500_.jpg\",\"contentUrl\":\"https:\\\/\\\/easyliferobo.com\\\/de\\\/wp-content\\\/uploads\\\/2026\\\/02\\\/61F0NRJjBmL._AC_SL1500_.jpg\",\"width\":1488,\"height\":1362},{\"@type\":\"BreadcrumbList\",\"@id\":\"https:\\\/\\\/easyliferobo.com\\\/de\\\/product\\\/poolpure-2025-poolroboter-100-minuten-reinigungszeit-doppelmotor-led-anzeigen-selbstparkfunktion-ipx8-wasserdicht-kabelloser-poolstaubsauger-gelb\\\/#breadcrumb\",\"itemListElement\":[{\"@type\":\"ListItem\",\"position\":1,\"name\":\"Home\",\"item\":\"https:\\\/\\\/easyliferobo.com\\\/de\\\/\"},{\"@type\":\"ListItem\",\"position\":2,\"name\":\"Shop\",\"item\":\"https:\\\/\\\/easyliferobo.com\\\/de\\\/shop\\\/\"},{\"@type\":\"ListItem\",\"position\":3,\"name\":\"POOLPURE 2025 Poolroboter, 100 Minu...\"}]},{\"@type\":\"WebSite\",\"@id\":\"https:\\\/\\\/easyliferobo.com\\\/de\\\/#website\",\"url\":\"https:\\\/\\\/easyliferobo.com\\\/de\\\/\",\"name\":\"EasyLifeBro\",\"description\":\"Smarte Roboter f\u00fcr Zuhause, Garten &amp; Bildung\",\"publisher\":{\"@id\":\"https:\\\/\\\/easyliferobo.com\\\/de\\\/#organization\"},\"potentialAction\":[{\"@type\":\"SearchAction\",\"target\":{\"@type\":\"EntryPoint\",\"urlTemplate\":\"https:\\\/\\\/easyliferobo.com\\\/de\\\/?s={search_term_string}\"},\"query-input\":{\"@type\":\"PropertyValueSpecification\",\"valueRequired\":true,\"valueName\":\"search_term_string\"}}],\"inLanguage\":\"de\"},{\"@type\":\"Organization\",\"@id\":\"https:\\\/\\\/easyliferobo.com\\\/de\\\/#organization\",\"name\":\"EasyLifeBro\",\"url\":\"https:\\\/\\\/easyliferobo.com\\\/de\\\/\",\"logo\":{\"@type\":\"ImageObject\",\"inLanguage\":\"de\",\"@id\":\"https:\\\/\\\/easyliferobo.com\\\/de\\\/#\\\/schema\\\/logo\\\/image\\\/\",\"url\":\"https:\\\/\\\/easyliferobo.com\\\/de\\\/wp-content\\\/uploads\\\/2026\\\/02\\\/Screenshot-2026-02-22-at-2.25.03-PM.png\",\"contentUrl\":\"https:\\\/\\\/easyliferobo.com\\\/de\\\/wp-content\\\/uploads\\\/2026\\\/02\\\/Screenshot-2026-02-22-at-2.25.03-PM.png\",\"width\":1858,\"height\":430,\"caption\":\"EasyLifeBro\"},\"image\":{\"@id\":\"https:\\\/\\\/easyliferobo.com\\\/de\\\/#\\\/schema\\\/logo\\\/image\\\/\"}}]}<\/script>\n<!-- \/ Yoast SEO plugin. -->","yoast_head_json":{"title":"POOLPURE 2025 Poolroboter, 100 Minuten Reinigungszeit, Doppelmotor, LED-Anzeigen, Selbstparkfunktion, IPX8 wasserdicht, kabelloser Poolstaubsauger, Gelb - EasyLifeBro","description":"Entdecken Sie smarte Roboter f\u00fcr Zuhause, Garten, Bildung und Sicherheit. Vergleichen Sie Saugroboter, Rasenm\u00e4hroboter, KI-Begleitroboter und mehr bei EasyLifeRobo.","robots":{"index":"index","follow":"follow","max-snippet":"max-snippet:-1","max-image-preview":"max-image-preview:large","max-video-preview":"max-video-preview:-1"},"canonical":"https:\/\/easyliferobo.com\/de\/product\/poolpure-2025-poolroboter-100-minuten-reinigungszeit-doppelmotor-led-anzeigen-selbstparkfunktion-ipx8-wasserdicht-kabelloser-poolstaubsauger-gelb\/","og_locale":"de_DE","og_type":"article","og_title":"POOLPURE 2025 Poolroboter, 100 Minuten Reinigungszeit, Doppelmotor, LED-Anzeigen, Selbstparkfunktion, IPX8 wasserdicht, kabelloser Poolstaubsauger, Gelb - EasyLifeBro","og_description":"Entdecken Sie smarte Roboter f\u00fcr Zuhause, Garten, Bildung und Sicherheit. Vergleichen Sie Saugroboter, Rasenm\u00e4hroboter, KI-Begleitroboter und mehr bei EasyLifeRobo.","og_url":"https:\/\/easyliferobo.com\/de\/product\/poolpure-2025-poolroboter-100-minuten-reinigungszeit-doppelmotor-led-anzeigen-selbstparkfunktion-ipx8-wasserdicht-kabelloser-poolstaubsauger-gelb\/","og_site_name":"EasyLifeBro","article_modified_time":"2026-02-27T10:54:19+00:00","twitter_card":"summary_large_image","twitter_misc":{"Gesch\u00e4tzte Lesezeit":"1\u00a0Minute"},"schema":{"@context":"https:\/\/schema.org","@graph":[{"@type":"WebPage","@id":"https:\/\/easyliferobo.com\/de\/product\/poolpure-2025-poolroboter-100-minuten-reinigungszeit-doppelmotor-led-anzeigen-selbstparkfunktion-ipx8-wasserdicht-kabelloser-poolstaubsauger-gelb\/","url":"https:\/\/easyliferobo.com\/de\/product\/poolpure-2025-poolroboter-100-minuten-reinigungszeit-doppelmotor-led-anzeigen-selbstparkfunktion-ipx8-wasserdicht-kabelloser-poolstaubsauger-gelb\/","name":"POOLPURE 2025 Poolroboter, 100 Minuten Reinigungszeit, Doppelmotor, LED-Anzeigen, Selbstparkfunktion, IPX8 wasserdicht, kabelloser Poolstaubsauger, Gelb - EasyLifeBro","isPartOf":{"@id":"https:\/\/easyliferobo.com\/de\/#website"},"primaryImageOfPage":{"@id":"https:\/\/easyliferobo.com\/de\/product\/poolpure-2025-poolroboter-100-minuten-reinigungszeit-doppelmotor-led-anzeigen-selbstparkfunktion-ipx8-wasserdicht-kabelloser-poolstaubsauger-gelb\/#primaryimage"},"image":{"@id":"https:\/\/easyliferobo.com\/de\/product\/poolpure-2025-poolroboter-100-minuten-reinigungszeit-doppelmotor-led-anzeigen-selbstparkfunktion-ipx8-wasserdicht-kabelloser-poolstaubsauger-gelb\/#primaryimage"},"thumbnailUrl":"https:\/\/easyliferobo.com\/de\/wp-content\/uploads\/2026\/02\/61F0NRJjBmL._AC_SL1500_.jpg","datePublished":"2026-02-27T10:54:01+00:00","dateModified":"2026-02-27T10:54:19+00:00","description":"Entdecken Sie smarte Roboter f\u00fcr Zuhause, Garten, Bildung und Sicherheit. Vergleichen Sie Saugroboter, Rasenm\u00e4hroboter, KI-Begleitroboter und mehr bei EasyLifeRobo.","breadcrumb":{"@id":"https:\/\/easyliferobo.com\/de\/product\/poolpure-2025-poolroboter-100-minuten-reinigungszeit-doppelmotor-led-anzeigen-selbstparkfunktion-ipx8-wasserdicht-kabelloser-poolstaubsauger-gelb\/#breadcrumb"},"inLanguage":"de","potentialAction":[{"@type":"ReadAction","target":["https:\/\/easyliferobo.com\/de\/product\/poolpure-2025-poolroboter-100-minuten-reinigungszeit-doppelmotor-led-anzeigen-selbstparkfunktion-ipx8-wasserdicht-kabelloser-poolstaubsauger-gelb\/"]}]},{"@type":"ImageObject","inLanguage":"de","@id":"https:\/\/easyliferobo.com\/de\/product\/poolpure-2025-poolroboter-100-minuten-reinigungszeit-doppelmotor-led-anzeigen-selbstparkfunktion-ipx8-wasserdicht-kabelloser-poolstaubsauger-gelb\/#primaryimage","url":"https:\/\/easyliferobo.com\/de\/wp-content\/uploads\/2026\/02\/61F0NRJjBmL._AC_SL1500_.jpg","contentUrl":"https:\/\/easyliferobo.com\/de\/wp-content\/uploads\/2026\/02\/61F0NRJjBmL._AC_SL1500_.jpg","width":1488,"height":1362},{"@type":"BreadcrumbList","@id":"https:\/\/easyliferobo.com\/de\/product\/poolpure-2025-poolroboter-100-minuten-reinigungszeit-doppelmotor-led-anzeigen-selbstparkfunktion-ipx8-wasserdicht-kabelloser-poolstaubsauger-gelb\/#breadcrumb","itemListElement":[{"@type":"ListItem","position":1,"name":"Home","item":"https:\/\/easyliferobo.com\/de\/"},{"@type":"ListItem","position":2,"name":"Shop","item":"https:\/\/easyliferobo.com\/de\/shop\/"},{"@type":"ListItem","position":3,"name":"POOLPURE 2025 Poolroboter, 100 Minu..."}]},{"@type":"WebSite","@id":"https:\/\/easyliferobo.com\/de\/#website","url":"https:\/\/easyliferobo.com\/de\/","name":"EasyLifeBro","description":"Smarte Roboter f\u00fcr Zuhause, Garten &amp; Bildung","publisher":{"@id":"https:\/\/easyliferobo.com\/de\/#organization"},"potentialAction":[{"@type":"SearchAction","target":{"@type":"EntryPoint","urlTemplate":"https:\/\/easyliferobo.com\/de\/?s={search_term_string}"},"query-input":{"@type":"PropertyValueSpecification","valueRequired":true,"valueName":"search_term_string"}}],"inLanguage":"de"},{"@type":"Organization","@id":"https:\/\/easyliferobo.com\/de\/#organization","name":"EasyLifeBro","url":"https:\/\/easyliferobo.com\/de\/","logo":{"@type":"ImageObject","inLanguage":"de","@id":"https:\/\/easyliferobo.com\/de\/#\/schema\/logo\/image\/","url":"https:\/\/easyliferobo.com\/de\/wp-content\/uploads\/2026\/02\/Screenshot-2026-02-22-at-2.25.03-PM.png","contentUrl":"https:\/\/easyliferobo.com\/de\/wp-content\/uploads\/2026\/02\/Screenshot-2026-02-22-at-2.25.03-PM.png","width":1858,"height":430,"caption":"EasyLifeBro"},"image":{"@id":"https:\/\/easyliferobo.com\/de\/#\/schema\/logo\/image\/"}}]}},"_links":{"self":[{"href":"https:\/\/easyliferobo.com\/de\/wp-json\/wp\/v2\/product\/4104","targetHints":{"allow":["GET"]}}],"collection":[{"href":"https:\/\/easyliferobo.com\/de\/wp-json\/wp\/v2\/product"}],"about":[{"href":"https:\/\/easyliferobo.com\/de\/wp-json\/wp\/v2\/types\/product"}],"replies":[{"embeddable":true,"href":"https:\/\/easyliferobo.com\/de\/wp-json\/wp\/v2\/comments?post=4104"}],"wp:featuredmedia":[{"embeddable":true,"href":"https:\/\/easyliferobo.com\/de\/wp-json\/wp\/v2\/media\/4105"}],"wp:attachment":[{"href":"https:\/\/easyliferobo.com\/de\/wp-json\/wp\/v2\/media?parent=4104"}],"wp:term":[{"taxonomy":"store","embeddable":true,"href":"https:\/\/easyliferobo.com\/de\/wp-json\/wp\/v2\/store?post=4104"},{"taxonomy":"product_brand","embeddable":true,"href":"https:\/\/easyliferobo.com\/de\/wp-json\/wp\/v2\/product_brand?post=4104"},{"taxonomy":"product_cat","embeddable":true,"href":"https:\/\/easyliferobo.com\/de\/wp-json\/wp\/v2\/product_cat?post=4104"},{"taxonomy":"product_tag","embeddable":true,"href":"https:\/\/easyliferobo.com\/de\/wp-json\/wp\/v2\/product_tag?post=4104"}],"curies":[{"name":"wp","href":"https:\/\/api.w.org\/{rel}","templated":true}]}}