
{"id":4084,"date":"2026-02-27T10:51:46","date_gmt":"2026-02-27T10:51:46","guid":{"rendered":"https:\/\/easyliferobo.com\/de\/product\/eufy-e18-maehroboter-ohne-begrenzungskabel-ohne-rtk-und-signalausfaelle-truevision-technologie-gnss-bis-1200-m%c2%b2-praeziser-kantenschnitt-hindernisvermeidung-app-steuerung-tierfreundlich\/"},"modified":"2026-02-27T10:52:06","modified_gmt":"2026-02-27T10:52:06","slug":"eufy-e18-maehroboter-ohne-begrenzungskabel-ohne-rtk-und-signalausfaelle-truevision-technologie-gnss-bis-1200-m%c2%b2-praeziser-kantenschnitt-hindernisvermeidung-app-steuerung-tierfreundlich","status":"publish","type":"product","link":"https:\/\/easyliferobo.com\/de\/product\/eufy-e18-maehroboter-ohne-begrenzungskabel-ohne-rtk-und-signalausfaelle-truevision-technologie-gnss-bis-1200-m%c2%b2-praeziser-kantenschnitt-hindernisvermeidung-app-steuerung-tierfreundlich\/","title":{"rendered":"eufy E18 M\u00e4hroboter ohne Begrenzun..."},"content":{"rendered":"<p>\n                                             Von der Marke   <\/p>\n<p>                                              <img decoding=\"async\" alt=\"T2801\" src=\"https:\/\/images-na.ssl-images-amazon.com\/images\/G\/01\/x-locale\/common\/grey-pixel.gif\" class=\"a-lazy-loaded\" data-src=\"https:\/\/m.media-amazon.com\/images\/S\/aplus-media-library-service-media\/53e5452e-a26f-4d41-a6d8-b619330fe0c5.__CR0,0,1464,625_PT0_SX1464_V1___.jpg\"><img decoding=\"async\" alt=\"T2801\" src=\"https:\/\/m.media-amazon.com\/images\/S\/aplus-media-library-service-media\/53e5452e-a26f-4d41-a6d8-b619330fe0c5.__CR0,0,1464,625_PT0_SX1464_V1___.jpg\">  <\/p>\n<p>                                              <img decoding=\"async\" alt=\"\" src=\"https:\/\/images-na.ssl-images-amazon.com\/images\/G\/01\/x-locale\/common\/grey-pixel.gif\" class=\"a-lazy-loaded\" data-src=\"https:\/\/m.media-amazon.com\/images\/S\/aplus-media-library-service-media\/c6a7ff0d-74d3-4fe0-a8ea-db1478f5bc85.__CR0,0,1260,580_PT0_SX315_V1___.jpg\"><img decoding=\"async\" alt=\"\" src=\"https:\/\/m.media-amazon.com\/images\/S\/aplus-media-library-service-media\/c6a7ff0d-74d3-4fe0-a8ea-db1478f5bc85.__CR0,0,1260,580_PT0_SX315_V1___.jpg\">  <\/p>\n<p>  Wann wird ein Haus zu einem echten Zuhause? Wenn es mit allem gef\u00fcllt ist, was man liebt und sch\u00e4tzt. Der Ort, an dem sich die Familie wohlf\u00fchlt. Seit 2016 steht das Zuhause im Mittelpunkt des eufy-Teams. eufy vereint unsere Expertise in intelligenter Reinigungstechnologie mit unserem Streben nach Exzellenz und setzt sich f\u00fcr den Schutz der Gesundheit und Sauberkeit im Haushalt ein. <\/p>\n<p>  Intelligente Reinigung. Genie\u00dfen Sie das Leben. <\/p>\n<h3>  eufy Roboter-Rasenm\u00e4her E15\/E18 <\/h3>\n<p>                                              <img decoding=\"async\" alt=\"T2801\" src=\"https:\/\/images-na.ssl-images-amazon.com\/images\/G\/01\/x-locale\/common\/grey-pixel.gif\" class=\"a-lazy-loaded\" data-src=\"https:\/\/m.media-amazon.com\/images\/S\/aplus-media-library-service-media\/e24a2be8-ca45-4dc8-9d6f-87f32659aaa0.__CR0,0,362,453_PT0_SX362_V1___.jpg\"><img decoding=\"async\" alt=\"T2801\" src=\"https:\/\/m.media-amazon.com\/images\/S\/aplus-media-library-service-media\/e24a2be8-ca45-4dc8-9d6f-87f32659aaa0.__CR0,0,362,453_PT0_SX362_V1___.jpg\">  <\/p>\n<p>                                              <img decoding=\"async\" alt=\"T2801\" src=\"https:\/\/images-na.ssl-images-amazon.com\/images\/G\/01\/x-locale\/common\/grey-pixel.gif\" class=\"a-lazy-loaded\" data-src=\"https:\/\/m.media-amazon.com\/images\/S\/aplus-media-library-service-media\/d6366f55-eb05-4fe3-be99-4fadc4511635.__CR0,0,362,453_PT0_SX362_V1___.jpg\"><img decoding=\"async\" alt=\"T2801\" src=\"https:\/\/m.media-amazon.com\/images\/S\/aplus-media-library-service-media\/d6366f55-eb05-4fe3-be99-4fadc4511635.__CR0,0,362,453_PT0_SX362_V1___.jpg\">  <\/p>\n<p>                                              <img decoding=\"async\" alt=\"T2801\" src=\"https:\/\/images-na.ssl-images-amazon.com\/images\/G\/01\/x-locale\/common\/grey-pixel.gif\" class=\"a-lazy-loaded\" data-src=\"https:\/\/m.media-amazon.com\/images\/S\/aplus-media-library-service-media\/45db33ca-a806-4562-b061-a82896d2414e.__CR0,0,362,453_PT0_SX362_V1___.jpg\"><img decoding=\"async\" alt=\"T2801\" src=\"https:\/\/m.media-amazon.com\/images\/S\/aplus-media-library-service-media\/45db33ca-a806-4562-b061-a82896d2414e.__CR0,0,362,453_PT0_SX362_V1___.jpg\">  <\/p>\n<p>                                              <img decoding=\"async\" alt=\"T2801\" src=\"https:\/\/images-na.ssl-images-amazon.com\/images\/G\/01\/x-locale\/common\/grey-pixel.gif\" class=\"a-lazy-loaded\" data-src=\"https:\/\/m.media-amazon.com\/images\/S\/aplus-media-library-service-media\/f5e6da5b-91c2-44e5-aede-099508b0f0fd.__CR0,0,362,453_PT0_SX362_V1___.jpg\"><img decoding=\"async\" alt=\"T2801\" src=\"https:\/\/m.media-amazon.com\/images\/S\/aplus-media-library-service-media\/f5e6da5b-91c2-44e5-aede-099508b0f0fd.__CR0,0,362,453_PT0_SX362_V1___.jpg\">  <\/p>\n<p>Keine Begrenzungskabel, kein RTK, kein Signalverlust: Die TrueVision-Technologie des E18 kartiert den Rasen v\u00f6llig autonom \u2013 ohne komplizierte Einrichtung. Pr\u00e4zise Kameras und intelligente Algorithmen erkennen Kanten und Hindernisse f\u00fcr eine zuverl\u00e4ssige Navigation.<br \/>Dank intelligenter automatischer Kartierung in 5 Minuten einsatzbereit: Der E18 beginnt innerhalb von 5 Minuten mit dem M\u00e4hen. Die Rasenfl\u00e4chen werden v\u00f6llig automatisch kartiert \u2013 ohne Kabel oder RTK-Antennen. Ob zusammenh\u00e4ngend oder getrennt, alle Bereiche werden l\u00fcckenlos erfasst und komfortabel verwaltet.<br \/>Pr\u00e4zise Hinderniserkennung: Dank TrueVision erkennt der M\u00e4hroboter E18 zuverl\u00e4ssig nicht nur B\u00e4ume, M\u00f6bel oder Pools, sondern auch Haustiere und Kleintiere wie Igel. So bleibt Ihr Garten sicher, w\u00e4hrend der M\u00e4hvorgang reibungslos verl\u00e4uft.<br \/>Einwandfreies M\u00e4hergebnis: Intelligentes Parallelschneiden und sauberer Kantenschnitt garantieren einen perfekt gepflegten Rasen. Dank intelligenter Fl\u00e4chenerkennung bleibt keine Fl\u00e4che ungem\u00e4ht. In der App k\u00f6nnen Sie die Randschnittabst\u00e4nde individuell anpassen \u2013 f\u00fcr echten Nullabstandsschnitt. Die Schnitth\u00f6he l\u00e4sst sich von 25-75 mm pr\u00e4zise an unterschiedliche Rasenarten anpassen und sorgt so f\u00fcr ein gleichm\u00e4\u00dfiges Ergebnis ohne Nacharbeit.<br \/>MAXIMALER KOMFORT: Haustierfreundlich, diebstahlsicher und mit GPS+4G und Fernkamera ausgestattet, revolutioniert dieser Rasenroboter die Rasenpflege. Inklusive Garage f\u00fcr ganzj\u00e4hrigen Wetterschutz, der einen zuverl\u00e4ssigen Betrieb auch bei wechselnden Bedingungen gew\u00e4hrleistet. Ideal f\u00fcr Technikbegeisterte, die eine einfache L\u00f6sung suchen.<br \/>Intelligentes Zonenmanagement: Verwalten Sie bis zu 20 M\u00e4hzonen bequem per App! Der E18 bew\u00e4ltigt m\u00fchelos komplexes Gel\u00e4nde \u2013 egal wie verwinkelt Ihr Garten ist. Das Multizonenmanagement mit No-Go-Areas und virtuellen Grenzen gew\u00e4hrleistet eine vollst\u00e4ndige Abdeckung.<\/p>\n<p>[ad_2]<\/p>\n","protected":false},"excerpt":{"rendered":"<p>Von der Marke Wann wird ein Haus zu einem echten Zuhause? Wenn es mit allem gef\u00fcllt ist, was man liebt und sch\u00e4tzt. Der Ort, an dem sich die Familie wohlf\u00fchlt. Seit 2016 steht das Zuhause im Mittelpunkt des eufy-Teams. eufy vereint unsere Expertise in intelligenter Reinigungstechnologie mit unserem Streben nach Exzellenz und setzt sich f\u00fcr [&hellip;]<\/p>\n","protected":false},"featured_media":4085,"comment_status":"open","ping_status":"closed","template":"","meta":{"_aipt_faq_data":""},"store":[],"product_brand":[185],"product_cat":[116],"product_tag":[256],"class_list":{"0":"post-4084","1":"product","2":"type-product","3":"status-publish","4":"has-post-thumbnail","6":"product_brand-eufy","7":"product_cat-innen-aussen-sicherheitsroboter","8":"product_tag-batteriebetriebene-innen-aussen-sicherheitsroboter","10":"first","11":"instock","12":"sale","13":"shipping-taxable","14":"product-type-external"},"yoast_head":"<!-- This site is optimized with the Yoast SEO plugin v27.0 - https:\/\/yoast.com\/product\/yoast-seo-wordpress\/ -->\n<title>eufy E18 M\u00e4hroboter ohne Begrenzungskabel, ohne RTK und Signalausf\u00e4lle, TrueVision-Technologie, GNSS bis 1200 m\u00b2, pr\u00e4ziser Kantenschnitt, Hindernisvermeidung, App-Steuerung, tierfreundlich - EasyLifeBro<\/title>\n<meta name=\"description\" content=\"Entdecken Sie smarte Roboter f\u00fcr Zuhause, Garten, Bildung und Sicherheit. Vergleichen Sie Saugroboter, Rasenm\u00e4hroboter, KI-Begleitroboter und mehr bei EasyLifeRobo.\" \/>\n<meta name=\"robots\" content=\"index, follow, max-snippet:-1, max-image-preview:large, max-video-preview:-1\" \/>\n<link rel=\"canonical\" href=\"https:\/\/easyliferobo.com\/de\/product\/eufy-e18-maehroboter-ohne-begrenzungskabel-ohne-rtk-und-signalausfaelle-truevision-technologie-gnss-bis-1200-m\u00b2-praeziser-kantenschnitt-hindernisvermeidung-app-steuerung-tierfreundlich\/\" \/>\n<meta property=\"og:locale\" content=\"de_DE\" \/>\n<meta property=\"og:type\" content=\"article\" \/>\n<meta property=\"og:title\" content=\"eufy E18 M\u00e4hroboter ohne Begrenzungskabel, ohne RTK und Signalausf\u00e4lle, TrueVision-Technologie, GNSS bis 1200 m\u00b2, pr\u00e4ziser Kantenschnitt, Hindernisvermeidung, App-Steuerung, tierfreundlich - EasyLifeBro\" \/>\n<meta property=\"og:description\" content=\"Entdecken Sie smarte Roboter f\u00fcr Zuhause, Garten, Bildung und Sicherheit. Vergleichen Sie Saugroboter, Rasenm\u00e4hroboter, KI-Begleitroboter und mehr bei EasyLifeRobo.\" \/>\n<meta property=\"og:url\" content=\"https:\/\/easyliferobo.com\/de\/product\/eufy-e18-maehroboter-ohne-begrenzungskabel-ohne-rtk-und-signalausfaelle-truevision-technologie-gnss-bis-1200-m\u00b2-praeziser-kantenschnitt-hindernisvermeidung-app-steuerung-tierfreundlich\/\" \/>\n<meta property=\"og:site_name\" content=\"EasyLifeBro\" \/>\n<meta property=\"article:modified_time\" content=\"2026-02-27T10:52:06+00:00\" \/>\n<meta property=\"og:image\" content=\"https:\/\/images-na.ssl-images-amazon.com\/images\/G\/01\/x-locale\/common\/grey-pixel.gif\" \/>\n<meta name=\"twitter:card\" content=\"summary_large_image\" \/>\n<meta name=\"twitter:label1\" content=\"Gesch\u00e4tzte Lesezeit\" \/>\n\t<meta name=\"twitter:data1\" content=\"2\u00a0Minuten\" \/>\n<script type=\"application\/ld+json\" class=\"yoast-schema-graph\">{\"@context\":\"https:\/\/schema.org\",\"@graph\":[{\"@type\":\"WebPage\",\"@id\":\"https:\/\/easyliferobo.com\/de\/product\/eufy-e18-maehroboter-ohne-begrenzungskabel-ohne-rtk-und-signalausfaelle-truevision-technologie-gnss-bis-1200-m%c2%b2-praeziser-kantenschnitt-hindernisvermeidung-app-steuerung-tierfreundlich\/\",\"url\":\"https:\/\/easyliferobo.com\/de\/product\/eufy-e18-maehroboter-ohne-begrenzungskabel-ohne-rtk-und-signalausfaelle-truevision-technologie-gnss-bis-1200-m%c2%b2-praeziser-kantenschnitt-hindernisvermeidung-app-steuerung-tierfreundlich\/\",\"name\":\"eufy E18 M\u00e4hroboter ohne Begrenzungskabel, ohne RTK und Signalausf\u00e4lle, TrueVision-Technologie, GNSS bis 1200 m\u00b2, pr\u00e4ziser Kantenschnitt, Hindernisvermeidung, App-Steuerung, tierfreundlich - EasyLifeBro\",\"isPartOf\":{\"@id\":\"https:\/\/easyliferobo.com\/de\/#website\"},\"primaryImageOfPage\":{\"@id\":\"https:\/\/easyliferobo.com\/de\/product\/eufy-e18-maehroboter-ohne-begrenzungskabel-ohne-rtk-und-signalausfaelle-truevision-technologie-gnss-bis-1200-m%c2%b2-praeziser-kantenschnitt-hindernisvermeidung-app-steuerung-tierfreundlich\/#primaryimage\"},\"image\":{\"@id\":\"https:\/\/easyliferobo.com\/de\/product\/eufy-e18-maehroboter-ohne-begrenzungskabel-ohne-rtk-und-signalausfaelle-truevision-technologie-gnss-bis-1200-m%c2%b2-praeziser-kantenschnitt-hindernisvermeidung-app-steuerung-tierfreundlich\/#primaryimage\"},\"thumbnailUrl\":\"https:\/\/easyliferobo.com\/de\/wp-content\/uploads\/2026\/02\/61QRXuNQEiL._AC_SL1500_.jpg\",\"datePublished\":\"2026-02-27T10:51:46+00:00\",\"dateModified\":\"2026-02-27T10:52:06+00:00\",\"description\":\"Entdecken Sie smarte Roboter f\u00fcr Zuhause, Garten, Bildung und Sicherheit. Vergleichen Sie Saugroboter, Rasenm\u00e4hroboter, KI-Begleitroboter und mehr bei EasyLifeRobo.\",\"breadcrumb\":{\"@id\":\"https:\/\/easyliferobo.com\/de\/product\/eufy-e18-maehroboter-ohne-begrenzungskabel-ohne-rtk-und-signalausfaelle-truevision-technologie-gnss-bis-1200-m%c2%b2-praeziser-kantenschnitt-hindernisvermeidung-app-steuerung-tierfreundlich\/#breadcrumb\"},\"inLanguage\":\"de\",\"potentialAction\":[{\"@type\":\"ReadAction\",\"target\":[\"https:\/\/easyliferobo.com\/de\/product\/eufy-e18-maehroboter-ohne-begrenzungskabel-ohne-rtk-und-signalausfaelle-truevision-technologie-gnss-bis-1200-m%c2%b2-praeziser-kantenschnitt-hindernisvermeidung-app-steuerung-tierfreundlich\/\"]}]},{\"@type\":\"ImageObject\",\"inLanguage\":\"de\",\"@id\":\"https:\/\/easyliferobo.com\/de\/product\/eufy-e18-maehroboter-ohne-begrenzungskabel-ohne-rtk-und-signalausfaelle-truevision-technologie-gnss-bis-1200-m%c2%b2-praeziser-kantenschnitt-hindernisvermeidung-app-steuerung-tierfreundlich\/#primaryimage\",\"url\":\"https:\/\/easyliferobo.com\/de\/wp-content\/uploads\/2026\/02\/61QRXuNQEiL._AC_SL1500_.jpg\",\"contentUrl\":\"https:\/\/easyliferobo.com\/de\/wp-content\/uploads\/2026\/02\/61QRXuNQEiL._AC_SL1500_.jpg\",\"width\":1202,\"height\":1308},{\"@type\":\"BreadcrumbList\",\"@id\":\"https:\/\/easyliferobo.com\/de\/product\/eufy-e18-maehroboter-ohne-begrenzungskabel-ohne-rtk-und-signalausfaelle-truevision-technologie-gnss-bis-1200-m%c2%b2-praeziser-kantenschnitt-hindernisvermeidung-app-steuerung-tierfreundlich\/#breadcrumb\",\"itemListElement\":[{\"@type\":\"ListItem\",\"position\":1,\"name\":\"Home\",\"item\":\"https:\/\/easyliferobo.com\/de\/\"},{\"@type\":\"ListItem\",\"position\":2,\"name\":\"Shop\",\"item\":\"https:\/\/easyliferobo.com\/de\/shop\/\"},{\"@type\":\"ListItem\",\"position\":3,\"name\":\"eufy E18 M\u00e4hroboter ohne Begrenzun...\"}]},{\"@type\":\"WebSite\",\"@id\":\"https:\/\/easyliferobo.com\/de\/#website\",\"url\":\"https:\/\/easyliferobo.com\/de\/\",\"name\":\"EasyLifeBro\",\"description\":\"Smarte Roboter f\u00fcr Zuhause, Garten &amp; Bildung\",\"publisher\":{\"@id\":\"https:\/\/easyliferobo.com\/de\/#organization\"},\"potentialAction\":[{\"@type\":\"SearchAction\",\"target\":{\"@type\":\"EntryPoint\",\"urlTemplate\":\"https:\/\/easyliferobo.com\/de\/?s={search_term_string}\"},\"query-input\":{\"@type\":\"PropertyValueSpecification\",\"valueRequired\":true,\"valueName\":\"search_term_string\"}}],\"inLanguage\":\"de\"},{\"@type\":\"Organization\",\"@id\":\"https:\/\/easyliferobo.com\/de\/#organization\",\"name\":\"EasyLifeBro\",\"url\":\"https:\/\/easyliferobo.com\/de\/\",\"logo\":{\"@type\":\"ImageObject\",\"inLanguage\":\"de\",\"@id\":\"https:\/\/easyliferobo.com\/de\/#\/schema\/logo\/image\/\",\"url\":\"https:\/\/easyliferobo.com\/de\/wp-content\/uploads\/2026\/02\/Screenshot-2026-02-22-at-2.25.03-PM.png\",\"contentUrl\":\"https:\/\/easyliferobo.com\/de\/wp-content\/uploads\/2026\/02\/Screenshot-2026-02-22-at-2.25.03-PM.png\",\"width\":1858,\"height\":430,\"caption\":\"EasyLifeBro\"},\"image\":{\"@id\":\"https:\/\/easyliferobo.com\/de\/#\/schema\/logo\/image\/\"}}]}<\/script>\n<!-- \/ Yoast SEO plugin. -->","yoast_head_json":{"title":"eufy E18 M\u00e4hroboter ohne Begrenzungskabel, ohne RTK und Signalausf\u00e4lle, TrueVision-Technologie, GNSS bis 1200 m\u00b2, pr\u00e4ziser Kantenschnitt, Hindernisvermeidung, App-Steuerung, tierfreundlich - EasyLifeBro","description":"Entdecken Sie smarte Roboter f\u00fcr Zuhause, Garten, Bildung und Sicherheit. Vergleichen Sie Saugroboter, Rasenm\u00e4hroboter, KI-Begleitroboter und mehr bei EasyLifeRobo.","robots":{"index":"index","follow":"follow","max-snippet":"max-snippet:-1","max-image-preview":"max-image-preview:large","max-video-preview":"max-video-preview:-1"},"canonical":"https:\/\/easyliferobo.com\/de\/product\/eufy-e18-maehroboter-ohne-begrenzungskabel-ohne-rtk-und-signalausfaelle-truevision-technologie-gnss-bis-1200-m\u00b2-praeziser-kantenschnitt-hindernisvermeidung-app-steuerung-tierfreundlich\/","og_locale":"de_DE","og_type":"article","og_title":"eufy E18 M\u00e4hroboter ohne Begrenzungskabel, ohne RTK und Signalausf\u00e4lle, TrueVision-Technologie, GNSS bis 1200 m\u00b2, pr\u00e4ziser Kantenschnitt, Hindernisvermeidung, App-Steuerung, tierfreundlich - EasyLifeBro","og_description":"Entdecken Sie smarte Roboter f\u00fcr Zuhause, Garten, Bildung und Sicherheit. Vergleichen Sie Saugroboter, Rasenm\u00e4hroboter, KI-Begleitroboter und mehr bei EasyLifeRobo.","og_url":"https:\/\/easyliferobo.com\/de\/product\/eufy-e18-maehroboter-ohne-begrenzungskabel-ohne-rtk-und-signalausfaelle-truevision-technologie-gnss-bis-1200-m\u00b2-praeziser-kantenschnitt-hindernisvermeidung-app-steuerung-tierfreundlich\/","og_site_name":"EasyLifeBro","article_modified_time":"2026-02-27T10:52:06+00:00","og_image":[{"url":"https:\/\/images-na.ssl-images-amazon.com\/images\/G\/01\/x-locale\/common\/grey-pixel.gif","type":"","width":"","height":""}],"twitter_card":"summary_large_image","twitter_misc":{"Gesch\u00e4tzte Lesezeit":"2\u00a0Minuten"},"schema":{"@context":"https:\/\/schema.org","@graph":[{"@type":"WebPage","@id":"https:\/\/easyliferobo.com\/de\/product\/eufy-e18-maehroboter-ohne-begrenzungskabel-ohne-rtk-und-signalausfaelle-truevision-technologie-gnss-bis-1200-m%c2%b2-praeziser-kantenschnitt-hindernisvermeidung-app-steuerung-tierfreundlich\/","url":"https:\/\/easyliferobo.com\/de\/product\/eufy-e18-maehroboter-ohne-begrenzungskabel-ohne-rtk-und-signalausfaelle-truevision-technologie-gnss-bis-1200-m%c2%b2-praeziser-kantenschnitt-hindernisvermeidung-app-steuerung-tierfreundlich\/","name":"eufy E18 M\u00e4hroboter ohne Begrenzungskabel, ohne RTK und Signalausf\u00e4lle, TrueVision-Technologie, GNSS bis 1200 m\u00b2, pr\u00e4ziser Kantenschnitt, Hindernisvermeidung, App-Steuerung, tierfreundlich - EasyLifeBro","isPartOf":{"@id":"https:\/\/easyliferobo.com\/de\/#website"},"primaryImageOfPage":{"@id":"https:\/\/easyliferobo.com\/de\/product\/eufy-e18-maehroboter-ohne-begrenzungskabel-ohne-rtk-und-signalausfaelle-truevision-technologie-gnss-bis-1200-m%c2%b2-praeziser-kantenschnitt-hindernisvermeidung-app-steuerung-tierfreundlich\/#primaryimage"},"image":{"@id":"https:\/\/easyliferobo.com\/de\/product\/eufy-e18-maehroboter-ohne-begrenzungskabel-ohne-rtk-und-signalausfaelle-truevision-technologie-gnss-bis-1200-m%c2%b2-praeziser-kantenschnitt-hindernisvermeidung-app-steuerung-tierfreundlich\/#primaryimage"},"thumbnailUrl":"https:\/\/easyliferobo.com\/de\/wp-content\/uploads\/2026\/02\/61QRXuNQEiL._AC_SL1500_.jpg","datePublished":"2026-02-27T10:51:46+00:00","dateModified":"2026-02-27T10:52:06+00:00","description":"Entdecken Sie smarte Roboter f\u00fcr Zuhause, Garten, Bildung und Sicherheit. Vergleichen Sie Saugroboter, Rasenm\u00e4hroboter, KI-Begleitroboter und mehr bei EasyLifeRobo.","breadcrumb":{"@id":"https:\/\/easyliferobo.com\/de\/product\/eufy-e18-maehroboter-ohne-begrenzungskabel-ohne-rtk-und-signalausfaelle-truevision-technologie-gnss-bis-1200-m%c2%b2-praeziser-kantenschnitt-hindernisvermeidung-app-steuerung-tierfreundlich\/#breadcrumb"},"inLanguage":"de","potentialAction":[{"@type":"ReadAction","target":["https:\/\/easyliferobo.com\/de\/product\/eufy-e18-maehroboter-ohne-begrenzungskabel-ohne-rtk-und-signalausfaelle-truevision-technologie-gnss-bis-1200-m%c2%b2-praeziser-kantenschnitt-hindernisvermeidung-app-steuerung-tierfreundlich\/"]}]},{"@type":"ImageObject","inLanguage":"de","@id":"https:\/\/easyliferobo.com\/de\/product\/eufy-e18-maehroboter-ohne-begrenzungskabel-ohne-rtk-und-signalausfaelle-truevision-technologie-gnss-bis-1200-m%c2%b2-praeziser-kantenschnitt-hindernisvermeidung-app-steuerung-tierfreundlich\/#primaryimage","url":"https:\/\/easyliferobo.com\/de\/wp-content\/uploads\/2026\/02\/61QRXuNQEiL._AC_SL1500_.jpg","contentUrl":"https:\/\/easyliferobo.com\/de\/wp-content\/uploads\/2026\/02\/61QRXuNQEiL._AC_SL1500_.jpg","width":1202,"height":1308},{"@type":"BreadcrumbList","@id":"https:\/\/easyliferobo.com\/de\/product\/eufy-e18-maehroboter-ohne-begrenzungskabel-ohne-rtk-und-signalausfaelle-truevision-technologie-gnss-bis-1200-m%c2%b2-praeziser-kantenschnitt-hindernisvermeidung-app-steuerung-tierfreundlich\/#breadcrumb","itemListElement":[{"@type":"ListItem","position":1,"name":"Home","item":"https:\/\/easyliferobo.com\/de\/"},{"@type":"ListItem","position":2,"name":"Shop","item":"https:\/\/easyliferobo.com\/de\/shop\/"},{"@type":"ListItem","position":3,"name":"eufy E18 M\u00e4hroboter ohne Begrenzun..."}]},{"@type":"WebSite","@id":"https:\/\/easyliferobo.com\/de\/#website","url":"https:\/\/easyliferobo.com\/de\/","name":"EasyLifeBro","description":"Smarte Roboter f\u00fcr Zuhause, Garten &amp; Bildung","publisher":{"@id":"https:\/\/easyliferobo.com\/de\/#organization"},"potentialAction":[{"@type":"SearchAction","target":{"@type":"EntryPoint","urlTemplate":"https:\/\/easyliferobo.com\/de\/?s={search_term_string}"},"query-input":{"@type":"PropertyValueSpecification","valueRequired":true,"valueName":"search_term_string"}}],"inLanguage":"de"},{"@type":"Organization","@id":"https:\/\/easyliferobo.com\/de\/#organization","name":"EasyLifeBro","url":"https:\/\/easyliferobo.com\/de\/","logo":{"@type":"ImageObject","inLanguage":"de","@id":"https:\/\/easyliferobo.com\/de\/#\/schema\/logo\/image\/","url":"https:\/\/easyliferobo.com\/de\/wp-content\/uploads\/2026\/02\/Screenshot-2026-02-22-at-2.25.03-PM.png","contentUrl":"https:\/\/easyliferobo.com\/de\/wp-content\/uploads\/2026\/02\/Screenshot-2026-02-22-at-2.25.03-PM.png","width":1858,"height":430,"caption":"EasyLifeBro"},"image":{"@id":"https:\/\/easyliferobo.com\/de\/#\/schema\/logo\/image\/"}}]}},"_links":{"self":[{"href":"https:\/\/easyliferobo.com\/de\/wp-json\/wp\/v2\/product\/4084","targetHints":{"allow":["GET"]}}],"collection":[{"href":"https:\/\/easyliferobo.com\/de\/wp-json\/wp\/v2\/product"}],"about":[{"href":"https:\/\/easyliferobo.com\/de\/wp-json\/wp\/v2\/types\/product"}],"replies":[{"embeddable":true,"href":"https:\/\/easyliferobo.com\/de\/wp-json\/wp\/v2\/comments?post=4084"}],"wp:featuredmedia":[{"embeddable":true,"href":"https:\/\/easyliferobo.com\/de\/wp-json\/wp\/v2\/media\/4085"}],"wp:attachment":[{"href":"https:\/\/easyliferobo.com\/de\/wp-json\/wp\/v2\/media?parent=4084"}],"wp:term":[{"taxonomy":"store","embeddable":true,"href":"https:\/\/easyliferobo.com\/de\/wp-json\/wp\/v2\/store?post=4084"},{"taxonomy":"product_brand","embeddable":true,"href":"https:\/\/easyliferobo.com\/de\/wp-json\/wp\/v2\/product_brand?post=4084"},{"taxonomy":"product_cat","embeddable":true,"href":"https:\/\/easyliferobo.com\/de\/wp-json\/wp\/v2\/product_cat?post=4084"},{"taxonomy":"product_tag","embeddable":true,"href":"https:\/\/easyliferobo.com\/de\/wp-json\/wp\/v2\/product_tag?post=4084"}],"curies":[{"name":"wp","href":"https:\/\/api.w.org\/{rel}","templated":true}]}}