
{"id":4070,"date":"2026-02-27T10:50:02","date_gmt":"2026-02-27T10:50:02","guid":{"rendered":"https:\/\/easyliferobo.com\/de\/product\/shark-powerdetect-2-in-1-staubsauger-und-wischroboter-nevertouch-pro-60-tage-selbstentleerung-selbstentleerung-und-reinigung-3d-lidar-navigation-neverstuck-app-steuerung-schwarz-rv2800zeeu\/"},"modified":"2026-02-27T10:50:31","modified_gmt":"2026-02-27T10:50:31","slug":"shark-powerdetect-2-in-1-staubsauger-und-wischroboter-nevertouch-pro-60-tage-selbstentleerung-selbstentleerung-und-reinigung-3d-lidar-navigation-neverstuck-app-steuerung-schwarz-rv2800zeeu","status":"publish","type":"product","link":"https:\/\/easyliferobo.com\/de\/product\/shark-powerdetect-2-in-1-staubsauger-und-wischroboter-nevertouch-pro-60-tage-selbstentleerung-selbstentleerung-und-reinigung-3d-lidar-navigation-neverstuck-app-steuerung-schwarz-rv2800zeeu\/","title":{"rendered":"Shark PowerDetect 2-in-1-Staubsauge..."},"content":{"rendered":"<p>\n                                             Von der Marke   <\/p>\n<p>                                              <img decoding=\"async\" alt=\"Der Text lautet \u201eShark\u201c. und \u201eHAI-REINIGUNG\u201c auf einem hellblauen Hintergrund mit Farbverlauf und minimalistischen Designelementen.\" src=\"https:\/\/images-na.ssl-images-amazon.com\/images\/G\/01\/x-locale\/common\/grey-pixel.gif\" class=\"a-lazy-loaded\" data-src=\"https:\/\/m.media-amazon.com\/images\/S\/aplus-media-library-service-media\/79384281-a6bb-452e-8684-5ccfe1c301bd.__CR0,0,1464,625_PT0_SX1464_V1___.jpeg\"><img decoding=\"async\" alt=\"Der Text lautet \u201eShark\u201c. und \u201eHAI-REINIGUNG\u201c auf einem hellblauen Hintergrund mit Farbverlauf und minimalistischen Designelementen.\" src=\"https:\/\/m.media-amazon.com\/images\/S\/aplus-media-library-service-media\/79384281-a6bb-452e-8684-5ccfe1c301bd.__CR0,0,1464,625_PT0_SX1464_V1___.jpeg\">  <\/p>\n<p>                                              <img decoding=\"async\" alt=\"\" src=\"https:\/\/images-na.ssl-images-amazon.com\/images\/G\/01\/x-locale\/common\/grey-pixel.gif\" class=\"a-lazy-loaded\" data-src=\"https:\/\/m.media-amazon.com\/images\/S\/aplus-media-library-service-media\/f51fdcd9-ee96-4fa8-8775-65305691d904.__CR301,0,2397,3000_PT0_SX362_V1___.jpg\"><img decoding=\"async\" alt=\"\" src=\"https:\/\/m.media-amazon.com\/images\/S\/aplus-media-library-service-media\/f51fdcd9-ee96-4fa8-8775-65305691d904.__CR301,0,2397,3000_PT0_SX362_V1___.jpg\">  <\/p>\n<h3>  Shark Staubsauger- und Wischroboter <\/h3>\n<h3>  Roboterstaubsauger <\/h3>\n<p class=\"apm-brand-story-stores-link\">\n<p>                                              <img decoding=\"async\" alt=\"PowerDetect\" src=\"https:\/\/images-na.ssl-images-amazon.com\/images\/G\/01\/x-locale\/common\/grey-pixel.gif\" class=\"a-lazy-loaded\" data-src=\"https:\/\/m.media-amazon.com\/images\/S\/aplus-media-library-service-media\/b98388ca-b4ee-46c1-a942-562bc786e52d.__CR301,0,2397,3000_PT0_SX362_V1___.jpg\"><img decoding=\"async\" alt=\"PowerDetect\" src=\"https:\/\/m.media-amazon.com\/images\/S\/aplus-media-library-service-media\/b98388ca-b4ee-46c1-a942-562bc786e52d.__CR301,0,2397,3000_PT0_SX362_V1___.jpg\">  <\/p>\n<h3>  KABELLOSER STAUBSAUGER <\/h3>\n<p class=\"apm-brand-story-stores-link\">\n<p>                                              <img decoding=\"async\" alt=\"\" src=\"https:\/\/images-na.ssl-images-amazon.com\/images\/G\/01\/x-locale\/common\/grey-pixel.gif\" class=\"a-lazy-loaded\" data-src=\"https:\/\/m.media-amazon.com\/images\/S\/aplus-media-library-service-media\/3d8ed52b-a774-451b-b6fa-88c3897ee8d2.__CR0,0,362,453_PT0_SX362_V1___.jpeg\"><img decoding=\"async\" alt=\"\" src=\"https:\/\/m.media-amazon.com\/images\/S\/aplus-media-library-service-media\/3d8ed52b-a774-451b-b6fa-88c3897ee8d2.__CR0,0,362,453_PT0_SX362_V1___.jpeg\">  <\/p>\n<h3>  StainStriker Fleckenreiniger <\/h3>\n<h3>  Fleckenreiniger <\/h3>\n<p class=\"apm-brand-story-stores-link\">\n<p>                                              <img decoding=\"async\" alt=\"\" src=\"https:\/\/images-na.ssl-images-amazon.com\/images\/G\/01\/x-locale\/common\/grey-pixel.gif\" class=\"a-lazy-loaded\" data-src=\"https:\/\/m.media-amazon.com\/images\/S\/aplus-media-library-service-media\/edc0b01d-d9fd-40a4-be75-b599777bb1c4.__CR239,547,2500,1998_PT90_SX362_V1___.jpg\"><img decoding=\"async\" alt=\"\" src=\"https:\/\/m.media-amazon.com\/images\/S\/aplus-media-library-service-media\/edc0b01d-d9fd-40a4-be75-b599777bb1c4.__CR239,547,2500,1998_PT90_SX362_V1___.jpg\">  <\/p>\n<h3>  SteamPickUp Dampfreiniger <\/h3>\n<h3>  Hartbodenreiniger <\/h3>\n<p class=\"apm-brand-story-stores-link\">\n<p>                                              <img decoding=\"async\" alt=\"\" src=\"https:\/\/images-na.ssl-images-amazon.com\/images\/G\/01\/x-locale\/common\/grey-pixel.gif\" class=\"a-lazy-loaded\" data-src=\"https:\/\/m.media-amazon.com\/images\/S\/aplus-media-library-service-media\/74ae14bf-cf05-44a2-a224-2035e49d33d4.__CR0,24,381,477_PT0_SX362_V1___.png\"><img decoding=\"async\" alt=\"\" src=\"https:\/\/m.media-amazon.com\/images\/S\/aplus-media-library-service-media\/74ae14bf-cf05-44a2-a224-2035e49d33d4.__CR0,24,381,477_PT0_SX362_V1___.png\">  <\/p>\n<h3>  FlexBreeze-L\u00fcfter <\/h3>\n<h3>  Fans <\/h3>\n<p class=\"apm-brand-story-stores-link\">\n<p>                                              <img decoding=\"async\" alt=\"\" src=\"https:\/\/images-na.ssl-images-amazon.com\/images\/G\/01\/x-locale\/common\/grey-pixel.gif\" class=\"a-lazy-loaded\" data-src=\"https:\/\/m.media-amazon.com\/images\/S\/aplus-media-library-service-media\/2598e098-9298-4923-b8ca-9e543cc4d305.__CR37,89,400,500_PT0_SX362_V1___.jpg\"><img decoding=\"async\" alt=\"\" src=\"https:\/\/m.media-amazon.com\/images\/S\/aplus-media-library-service-media\/2598e098-9298-4923-b8ca-9e543cc4d305.__CR37,89,400,500_PT0_SX362_V1___.jpg\">  <\/p>\n<h3>  Niemals den Luftreiniger wechseln <\/h3>\n<h3>  Luftreiniger <\/h3>\n<p class=\"apm-brand-story-stores-link\">\n<p>Selbstentleerung, Nachf\u00fcllung und Reinigung: Der 2-in-1 Saug- und Wischroboter kehrt zur NeverTouch Station zur\u00fcck, entleert Schmutz, f\u00fcllt Wasser auf und reinigt das Wischpad. Schmutz kann 60 Tage und Frischwasser 30 Tage gelagert werden<br \/>5 Tiefenreinigungstechnologien: PowerDetect reagiert automatisch auf Ihr Zuhause und optimiert jede Reinigung. Erkennt und reagiert auf Schmutz, nasse Stellen, Kanten und Ecken, Bodentypen und mehr<br \/>Pr\u00e4zise Kartenerstellung und App-Steuerung: Die 360\u00b0-Lidar-Ansicht kartiert Ihr Zuhause schnell und erkennt und umgeht Hindernisse. Passen Sie Ihre Reinigung mit der SharkClean-App individuell an. Kompatibel mit Amazon Alexa und Hey Google<br \/>NEVERSTUCK-TECHNOLOGIE: Der Roboter hebt und senkt sich aktiv, um \u00fcber Hindernisse und Schwellen zu man\u00f6vrieren und ein Feststecken zu vermeiden<br \/>Inhalt: 1 Shark PowerDetect Saug- und Wischroboter, 1 NeverTouch-Station, 1 Anti-Geruchs-Kartusche, 3 waschbare Wischpads, 1 Seitenb\u00fcrste, 1 Filter<\/p>\n<p>[ad_2]<\/p>\n","protected":false},"excerpt":{"rendered":"<p>Von der Marke Shark Staubsauger- und Wischroboter Roboterstaubsauger KABELLOSER STAUBSAUGER StainStriker Fleckenreiniger Fleckenreiniger SteamPickUp Dampfreiniger Hartbodenreiniger FlexBreeze-L\u00fcfter Fans Niemals den Luftreiniger wechseln Luftreiniger Selbstentleerung, Nachf\u00fcllung und Reinigung: Der 2-in-1 Saug- und Wischroboter kehrt zur NeverTouch Station zur\u00fcck, entleert Schmutz, f\u00fcllt Wasser auf und reinigt das Wischpad. Schmutz kann 60 Tage und Frischwasser 30 Tage gelagert [&hellip;]<\/p>\n","protected":false},"featured_media":4071,"comment_status":"open","ping_status":"closed","template":"","meta":{"_aipt_faq_data":""},"store":[],"product_brand":[122],"product_cat":[28],"product_tag":[121],"class_list":{"0":"post-4070","1":"product","2":"type-product","3":"status-publish","4":"has-post-thumbnail","6":"product_brand-shark","7":"product_cat-trending","8":"product_tag-roboter-staubsauger-selbstentleerung","10":"first","11":"instock","12":"shipping-taxable","13":"product-type-external"},"yoast_head":"<!-- This site is optimized with the Yoast SEO plugin v27.4 - https:\/\/yoast.com\/product\/yoast-seo-wordpress\/ -->\n<title>Shark PowerDetect 2-in-1-Staubsauger- und Wischroboter, NeverTouch Pro 60-Tage-Selbstentleerung, Selbstentleerung und Reinigung, 3D-\/LiDAR-Navigation, NeverStuck, App-Steuerung, Schwarz RV2800ZEEU - EasyLifeBro<\/title>\n<meta name=\"description\" content=\"Entdecken Sie smarte Roboter f\u00fcr Zuhause, Garten, Bildung und Sicherheit. Vergleichen Sie Saugroboter, Rasenm\u00e4hroboter, KI-Begleitroboter und mehr bei EasyLifeRobo.\" \/>\n<meta name=\"robots\" content=\"index, follow, max-snippet:-1, max-image-preview:large, max-video-preview:-1\" \/>\n<link rel=\"canonical\" href=\"https:\/\/easyliferobo.com\/de\/product\/shark-powerdetect-2-in-1-staubsauger-und-wischroboter-nevertouch-pro-60-tage-selbstentleerung-selbstentleerung-und-reinigung-3d-lidar-navigation-neverstuck-app-steuerung-schwarz-rv2800zeeu\/\" \/>\n<meta property=\"og:locale\" content=\"de_DE\" \/>\n<meta property=\"og:type\" content=\"article\" \/>\n<meta property=\"og:title\" content=\"Shark PowerDetect 2-in-1-Staubsauger- und Wischroboter, NeverTouch Pro 60-Tage-Selbstentleerung, Selbstentleerung und Reinigung, 3D-\/LiDAR-Navigation, NeverStuck, App-Steuerung, Schwarz RV2800ZEEU - EasyLifeBro\" \/>\n<meta property=\"og:description\" content=\"Entdecken Sie smarte Roboter f\u00fcr Zuhause, Garten, Bildung und Sicherheit. Vergleichen Sie Saugroboter, Rasenm\u00e4hroboter, KI-Begleitroboter und mehr bei EasyLifeRobo.\" \/>\n<meta property=\"og:url\" content=\"https:\/\/easyliferobo.com\/de\/product\/shark-powerdetect-2-in-1-staubsauger-und-wischroboter-nevertouch-pro-60-tage-selbstentleerung-selbstentleerung-und-reinigung-3d-lidar-navigation-neverstuck-app-steuerung-schwarz-rv2800zeeu\/\" \/>\n<meta property=\"og:site_name\" content=\"EasyLifeBro\" \/>\n<meta property=\"article:modified_time\" content=\"2026-02-27T10:50:31+00:00\" \/>\n<meta property=\"og:image\" content=\"https:\/\/images-na.ssl-images-amazon.com\/images\/G\/01\/x-locale\/common\/grey-pixel.gif\" \/>\n<meta name=\"twitter:card\" content=\"summary_large_image\" \/>\n<meta name=\"twitter:label1\" content=\"Gesch\u00e4tzte Lesezeit\" \/>\n\t<meta name=\"twitter:data1\" content=\"1\u00a0Minute\" \/>\n<script type=\"application\/ld+json\" class=\"yoast-schema-graph\">{\"@context\":\"https:\\\/\\\/schema.org\",\"@graph\":[{\"@type\":\"WebPage\",\"@id\":\"https:\\\/\\\/easyliferobo.com\\\/de\\\/product\\\/shark-powerdetect-2-in-1-staubsauger-und-wischroboter-nevertouch-pro-60-tage-selbstentleerung-selbstentleerung-und-reinigung-3d-lidar-navigation-neverstuck-app-steuerung-schwarz-rv2800zeeu\\\/\",\"url\":\"https:\\\/\\\/easyliferobo.com\\\/de\\\/product\\\/shark-powerdetect-2-in-1-staubsauger-und-wischroboter-nevertouch-pro-60-tage-selbstentleerung-selbstentleerung-und-reinigung-3d-lidar-navigation-neverstuck-app-steuerung-schwarz-rv2800zeeu\\\/\",\"name\":\"Shark PowerDetect 2-in-1-Staubsauger- und Wischroboter, NeverTouch Pro 60-Tage-Selbstentleerung, Selbstentleerung und Reinigung, 3D-\\\/LiDAR-Navigation, NeverStuck, App-Steuerung, Schwarz RV2800ZEEU - EasyLifeBro\",\"isPartOf\":{\"@id\":\"https:\\\/\\\/easyliferobo.com\\\/de\\\/#website\"},\"primaryImageOfPage\":{\"@id\":\"https:\\\/\\\/easyliferobo.com\\\/de\\\/product\\\/shark-powerdetect-2-in-1-staubsauger-und-wischroboter-nevertouch-pro-60-tage-selbstentleerung-selbstentleerung-und-reinigung-3d-lidar-navigation-neverstuck-app-steuerung-schwarz-rv2800zeeu\\\/#primaryimage\"},\"image\":{\"@id\":\"https:\\\/\\\/easyliferobo.com\\\/de\\\/product\\\/shark-powerdetect-2-in-1-staubsauger-und-wischroboter-nevertouch-pro-60-tage-selbstentleerung-selbstentleerung-und-reinigung-3d-lidar-navigation-neverstuck-app-steuerung-schwarz-rv2800zeeu\\\/#primaryimage\"},\"thumbnailUrl\":\"https:\\\/\\\/easyliferobo.com\\\/de\\\/wp-content\\\/uploads\\\/2026\\\/02\\\/71xJ3ZJcJLL._AC_SL1500_.jpg\",\"datePublished\":\"2026-02-27T10:50:02+00:00\",\"dateModified\":\"2026-02-27T10:50:31+00:00\",\"description\":\"Entdecken Sie smarte Roboter f\u00fcr Zuhause, Garten, Bildung und Sicherheit. Vergleichen Sie Saugroboter, Rasenm\u00e4hroboter, KI-Begleitroboter und mehr bei EasyLifeRobo.\",\"breadcrumb\":{\"@id\":\"https:\\\/\\\/easyliferobo.com\\\/de\\\/product\\\/shark-powerdetect-2-in-1-staubsauger-und-wischroboter-nevertouch-pro-60-tage-selbstentleerung-selbstentleerung-und-reinigung-3d-lidar-navigation-neverstuck-app-steuerung-schwarz-rv2800zeeu\\\/#breadcrumb\"},\"inLanguage\":\"de\",\"potentialAction\":[{\"@type\":\"ReadAction\",\"target\":[\"https:\\\/\\\/easyliferobo.com\\\/de\\\/product\\\/shark-powerdetect-2-in-1-staubsauger-und-wischroboter-nevertouch-pro-60-tage-selbstentleerung-selbstentleerung-und-reinigung-3d-lidar-navigation-neverstuck-app-steuerung-schwarz-rv2800zeeu\\\/\"]}]},{\"@type\":\"ImageObject\",\"inLanguage\":\"de\",\"@id\":\"https:\\\/\\\/easyliferobo.com\\\/de\\\/product\\\/shark-powerdetect-2-in-1-staubsauger-und-wischroboter-nevertouch-pro-60-tage-selbstentleerung-selbstentleerung-und-reinigung-3d-lidar-navigation-neverstuck-app-steuerung-schwarz-rv2800zeeu\\\/#primaryimage\",\"url\":\"https:\\\/\\\/easyliferobo.com\\\/de\\\/wp-content\\\/uploads\\\/2026\\\/02\\\/71xJ3ZJcJLL._AC_SL1500_.jpg\",\"contentUrl\":\"https:\\\/\\\/easyliferobo.com\\\/de\\\/wp-content\\\/uploads\\\/2026\\\/02\\\/71xJ3ZJcJLL._AC_SL1500_.jpg\",\"width\":1500,\"height\":1365},{\"@type\":\"BreadcrumbList\",\"@id\":\"https:\\\/\\\/easyliferobo.com\\\/de\\\/product\\\/shark-powerdetect-2-in-1-staubsauger-und-wischroboter-nevertouch-pro-60-tage-selbstentleerung-selbstentleerung-und-reinigung-3d-lidar-navigation-neverstuck-app-steuerung-schwarz-rv2800zeeu\\\/#breadcrumb\",\"itemListElement\":[{\"@type\":\"ListItem\",\"position\":1,\"name\":\"Home\",\"item\":\"https:\\\/\\\/easyliferobo.com\\\/de\\\/\"},{\"@type\":\"ListItem\",\"position\":2,\"name\":\"Shop\",\"item\":\"https:\\\/\\\/easyliferobo.com\\\/de\\\/shop\\\/\"},{\"@type\":\"ListItem\",\"position\":3,\"name\":\"Shark PowerDetect 2-in-1-Staubsauge...\"}]},{\"@type\":\"WebSite\",\"@id\":\"https:\\\/\\\/easyliferobo.com\\\/de\\\/#website\",\"url\":\"https:\\\/\\\/easyliferobo.com\\\/de\\\/\",\"name\":\"EasyLifeBro\",\"description\":\"Smarte Roboter f\u00fcr Zuhause, Garten &amp; Bildung\",\"publisher\":{\"@id\":\"https:\\\/\\\/easyliferobo.com\\\/de\\\/#organization\"},\"potentialAction\":[{\"@type\":\"SearchAction\",\"target\":{\"@type\":\"EntryPoint\",\"urlTemplate\":\"https:\\\/\\\/easyliferobo.com\\\/de\\\/?s={search_term_string}\"},\"query-input\":{\"@type\":\"PropertyValueSpecification\",\"valueRequired\":true,\"valueName\":\"search_term_string\"}}],\"inLanguage\":\"de\"},{\"@type\":\"Organization\",\"@id\":\"https:\\\/\\\/easyliferobo.com\\\/de\\\/#organization\",\"name\":\"EasyLifeBro\",\"url\":\"https:\\\/\\\/easyliferobo.com\\\/de\\\/\",\"logo\":{\"@type\":\"ImageObject\",\"inLanguage\":\"de\",\"@id\":\"https:\\\/\\\/easyliferobo.com\\\/de\\\/#\\\/schema\\\/logo\\\/image\\\/\",\"url\":\"https:\\\/\\\/easyliferobo.com\\\/de\\\/wp-content\\\/uploads\\\/2026\\\/02\\\/Screenshot-2026-02-22-at-2.25.03-PM.png\",\"contentUrl\":\"https:\\\/\\\/easyliferobo.com\\\/de\\\/wp-content\\\/uploads\\\/2026\\\/02\\\/Screenshot-2026-02-22-at-2.25.03-PM.png\",\"width\":1858,\"height\":430,\"caption\":\"EasyLifeBro\"},\"image\":{\"@id\":\"https:\\\/\\\/easyliferobo.com\\\/de\\\/#\\\/schema\\\/logo\\\/image\\\/\"}}]}<\/script>\n<!-- \/ Yoast SEO plugin. -->","yoast_head_json":{"title":"Shark PowerDetect 2-in-1-Staubsauger- und Wischroboter, NeverTouch Pro 60-Tage-Selbstentleerung, Selbstentleerung und Reinigung, 3D-\/LiDAR-Navigation, NeverStuck, App-Steuerung, Schwarz RV2800ZEEU - EasyLifeBro","description":"Entdecken Sie smarte Roboter f\u00fcr Zuhause, Garten, Bildung und Sicherheit. Vergleichen Sie Saugroboter, Rasenm\u00e4hroboter, KI-Begleitroboter und mehr bei EasyLifeRobo.","robots":{"index":"index","follow":"follow","max-snippet":"max-snippet:-1","max-image-preview":"max-image-preview:large","max-video-preview":"max-video-preview:-1"},"canonical":"https:\/\/easyliferobo.com\/de\/product\/shark-powerdetect-2-in-1-staubsauger-und-wischroboter-nevertouch-pro-60-tage-selbstentleerung-selbstentleerung-und-reinigung-3d-lidar-navigation-neverstuck-app-steuerung-schwarz-rv2800zeeu\/","og_locale":"de_DE","og_type":"article","og_title":"Shark PowerDetect 2-in-1-Staubsauger- und Wischroboter, NeverTouch Pro 60-Tage-Selbstentleerung, Selbstentleerung und Reinigung, 3D-\/LiDAR-Navigation, NeverStuck, App-Steuerung, Schwarz RV2800ZEEU - EasyLifeBro","og_description":"Entdecken Sie smarte Roboter f\u00fcr Zuhause, Garten, Bildung und Sicherheit. Vergleichen Sie Saugroboter, Rasenm\u00e4hroboter, KI-Begleitroboter und mehr bei EasyLifeRobo.","og_url":"https:\/\/easyliferobo.com\/de\/product\/shark-powerdetect-2-in-1-staubsauger-und-wischroboter-nevertouch-pro-60-tage-selbstentleerung-selbstentleerung-und-reinigung-3d-lidar-navigation-neverstuck-app-steuerung-schwarz-rv2800zeeu\/","og_site_name":"EasyLifeBro","article_modified_time":"2026-02-27T10:50:31+00:00","og_image":[{"url":"https:\/\/images-na.ssl-images-amazon.com\/images\/G\/01\/x-locale\/common\/grey-pixel.gif","type":"","width":"","height":""}],"twitter_card":"summary_large_image","twitter_misc":{"Gesch\u00e4tzte Lesezeit":"1\u00a0Minute"},"schema":{"@context":"https:\/\/schema.org","@graph":[{"@type":"WebPage","@id":"https:\/\/easyliferobo.com\/de\/product\/shark-powerdetect-2-in-1-staubsauger-und-wischroboter-nevertouch-pro-60-tage-selbstentleerung-selbstentleerung-und-reinigung-3d-lidar-navigation-neverstuck-app-steuerung-schwarz-rv2800zeeu\/","url":"https:\/\/easyliferobo.com\/de\/product\/shark-powerdetect-2-in-1-staubsauger-und-wischroboter-nevertouch-pro-60-tage-selbstentleerung-selbstentleerung-und-reinigung-3d-lidar-navigation-neverstuck-app-steuerung-schwarz-rv2800zeeu\/","name":"Shark PowerDetect 2-in-1-Staubsauger- und Wischroboter, NeverTouch Pro 60-Tage-Selbstentleerung, Selbstentleerung und Reinigung, 3D-\/LiDAR-Navigation, NeverStuck, App-Steuerung, Schwarz RV2800ZEEU - EasyLifeBro","isPartOf":{"@id":"https:\/\/easyliferobo.com\/de\/#website"},"primaryImageOfPage":{"@id":"https:\/\/easyliferobo.com\/de\/product\/shark-powerdetect-2-in-1-staubsauger-und-wischroboter-nevertouch-pro-60-tage-selbstentleerung-selbstentleerung-und-reinigung-3d-lidar-navigation-neverstuck-app-steuerung-schwarz-rv2800zeeu\/#primaryimage"},"image":{"@id":"https:\/\/easyliferobo.com\/de\/product\/shark-powerdetect-2-in-1-staubsauger-und-wischroboter-nevertouch-pro-60-tage-selbstentleerung-selbstentleerung-und-reinigung-3d-lidar-navigation-neverstuck-app-steuerung-schwarz-rv2800zeeu\/#primaryimage"},"thumbnailUrl":"https:\/\/easyliferobo.com\/de\/wp-content\/uploads\/2026\/02\/71xJ3ZJcJLL._AC_SL1500_.jpg","datePublished":"2026-02-27T10:50:02+00:00","dateModified":"2026-02-27T10:50:31+00:00","description":"Entdecken Sie smarte Roboter f\u00fcr Zuhause, Garten, Bildung und Sicherheit. Vergleichen Sie Saugroboter, Rasenm\u00e4hroboter, KI-Begleitroboter und mehr bei EasyLifeRobo.","breadcrumb":{"@id":"https:\/\/easyliferobo.com\/de\/product\/shark-powerdetect-2-in-1-staubsauger-und-wischroboter-nevertouch-pro-60-tage-selbstentleerung-selbstentleerung-und-reinigung-3d-lidar-navigation-neverstuck-app-steuerung-schwarz-rv2800zeeu\/#breadcrumb"},"inLanguage":"de","potentialAction":[{"@type":"ReadAction","target":["https:\/\/easyliferobo.com\/de\/product\/shark-powerdetect-2-in-1-staubsauger-und-wischroboter-nevertouch-pro-60-tage-selbstentleerung-selbstentleerung-und-reinigung-3d-lidar-navigation-neverstuck-app-steuerung-schwarz-rv2800zeeu\/"]}]},{"@type":"ImageObject","inLanguage":"de","@id":"https:\/\/easyliferobo.com\/de\/product\/shark-powerdetect-2-in-1-staubsauger-und-wischroboter-nevertouch-pro-60-tage-selbstentleerung-selbstentleerung-und-reinigung-3d-lidar-navigation-neverstuck-app-steuerung-schwarz-rv2800zeeu\/#primaryimage","url":"https:\/\/easyliferobo.com\/de\/wp-content\/uploads\/2026\/02\/71xJ3ZJcJLL._AC_SL1500_.jpg","contentUrl":"https:\/\/easyliferobo.com\/de\/wp-content\/uploads\/2026\/02\/71xJ3ZJcJLL._AC_SL1500_.jpg","width":1500,"height":1365},{"@type":"BreadcrumbList","@id":"https:\/\/easyliferobo.com\/de\/product\/shark-powerdetect-2-in-1-staubsauger-und-wischroboter-nevertouch-pro-60-tage-selbstentleerung-selbstentleerung-und-reinigung-3d-lidar-navigation-neverstuck-app-steuerung-schwarz-rv2800zeeu\/#breadcrumb","itemListElement":[{"@type":"ListItem","position":1,"name":"Home","item":"https:\/\/easyliferobo.com\/de\/"},{"@type":"ListItem","position":2,"name":"Shop","item":"https:\/\/easyliferobo.com\/de\/shop\/"},{"@type":"ListItem","position":3,"name":"Shark PowerDetect 2-in-1-Staubsauge..."}]},{"@type":"WebSite","@id":"https:\/\/easyliferobo.com\/de\/#website","url":"https:\/\/easyliferobo.com\/de\/","name":"EasyLifeBro","description":"Smarte Roboter f\u00fcr Zuhause, Garten &amp; Bildung","publisher":{"@id":"https:\/\/easyliferobo.com\/de\/#organization"},"potentialAction":[{"@type":"SearchAction","target":{"@type":"EntryPoint","urlTemplate":"https:\/\/easyliferobo.com\/de\/?s={search_term_string}"},"query-input":{"@type":"PropertyValueSpecification","valueRequired":true,"valueName":"search_term_string"}}],"inLanguage":"de"},{"@type":"Organization","@id":"https:\/\/easyliferobo.com\/de\/#organization","name":"EasyLifeBro","url":"https:\/\/easyliferobo.com\/de\/","logo":{"@type":"ImageObject","inLanguage":"de","@id":"https:\/\/easyliferobo.com\/de\/#\/schema\/logo\/image\/","url":"https:\/\/easyliferobo.com\/de\/wp-content\/uploads\/2026\/02\/Screenshot-2026-02-22-at-2.25.03-PM.png","contentUrl":"https:\/\/easyliferobo.com\/de\/wp-content\/uploads\/2026\/02\/Screenshot-2026-02-22-at-2.25.03-PM.png","width":1858,"height":430,"caption":"EasyLifeBro"},"image":{"@id":"https:\/\/easyliferobo.com\/de\/#\/schema\/logo\/image\/"}}]}},"_links":{"self":[{"href":"https:\/\/easyliferobo.com\/de\/wp-json\/wp\/v2\/product\/4070","targetHints":{"allow":["GET"]}}],"collection":[{"href":"https:\/\/easyliferobo.com\/de\/wp-json\/wp\/v2\/product"}],"about":[{"href":"https:\/\/easyliferobo.com\/de\/wp-json\/wp\/v2\/types\/product"}],"replies":[{"embeddable":true,"href":"https:\/\/easyliferobo.com\/de\/wp-json\/wp\/v2\/comments?post=4070"}],"wp:featuredmedia":[{"embeddable":true,"href":"https:\/\/easyliferobo.com\/de\/wp-json\/wp\/v2\/media\/4071"}],"wp:attachment":[{"href":"https:\/\/easyliferobo.com\/de\/wp-json\/wp\/v2\/media?parent=4070"}],"wp:term":[{"taxonomy":"store","embeddable":true,"href":"https:\/\/easyliferobo.com\/de\/wp-json\/wp\/v2\/store?post=4070"},{"taxonomy":"product_brand","embeddable":true,"href":"https:\/\/easyliferobo.com\/de\/wp-json\/wp\/v2\/product_brand?post=4070"},{"taxonomy":"product_cat","embeddable":true,"href":"https:\/\/easyliferobo.com\/de\/wp-json\/wp\/v2\/product_cat?post=4070"},{"taxonomy":"product_tag","embeddable":true,"href":"https:\/\/easyliferobo.com\/de\/wp-json\/wp\/v2\/product_tag?post=4070"}],"curies":[{"name":"wp","href":"https:\/\/api.w.org\/{rel}","templated":true}]}}