
{"id":4055,"date":"2026-02-27T10:48:46","date_gmt":"2026-02-27T10:48:46","guid":{"rendered":"https:\/\/easyliferobo.com\/de\/product\/shark-powerdetect-roboter-staubsauger-mit-saugstation-selbstreinigend-selbstentleerend-bis-zu-60-tage-fuer-tierhaare-teppiche-und-hartboeden-mit-3d-und-lidar-navigation-145-cm-flach-weiss\/"},"modified":"2026-02-27T10:49:16","modified_gmt":"2026-02-27T10:49:16","slug":"shark-powerdetect-roboter-staubsauger-mit-saugstation-selbstreinigend-selbstentleerend-bis-zu-60-tage-fuer-tierhaare-teppiche-und-hartboeden-mit-3d-und-lidar-navigation-145-cm-flach-weiss","status":"publish","type":"product","link":"https:\/\/easyliferobo.com\/de\/product\/shark-powerdetect-roboter-staubsauger-mit-saugstation-selbstreinigend-selbstentleerend-bis-zu-60-tage-fuer-tierhaare-teppiche-und-hartboeden-mit-3d-und-lidar-navigation-145-cm-flach-weiss\/","title":{"rendered":"Shark PowerDetect Roboter-Staubsaug..."},"content":{"rendered":"<p>\n                                             Von der Marke   <\/p>\n<p>                                              <img decoding=\"async\" alt=\"Der Text lautet \u201eShark\u201c. und \u201eHAI-REINIGUNG\u201c auf einem hellblauen Hintergrund mit Farbverlauf und minimalistischen Designelementen.\" src=\"https:\/\/images-na.ssl-images-amazon.com\/images\/G\/01\/x-locale\/common\/grey-pixel.gif\" class=\"a-lazy-loaded\" data-src=\"https:\/\/m.media-amazon.com\/images\/S\/aplus-media-library-service-media\/79384281-a6bb-452e-8684-5ccfe1c301bd.__CR0,0,1464,625_PT0_SX1464_V1___.jpeg\"><img decoding=\"async\" alt=\"Der Text lautet \u201eShark\u201c. und \u201eHAI-REINIGUNG\u201c auf einem hellblauen Hintergrund mit Farbverlauf und minimalistischen Designelementen.\" src=\"https:\/\/m.media-amazon.com\/images\/S\/aplus-media-library-service-media\/79384281-a6bb-452e-8684-5ccfe1c301bd.__CR0,0,1464,625_PT0_SX1464_V1___.jpeg\">  <\/p>\n<p>                                              <img decoding=\"async\" alt=\"\" src=\"https:\/\/images-na.ssl-images-amazon.com\/images\/G\/01\/x-locale\/common\/grey-pixel.gif\" class=\"a-lazy-loaded\" data-src=\"https:\/\/m.media-amazon.com\/images\/S\/aplus-media-library-service-media\/f51fdcd9-ee96-4fa8-8775-65305691d904.__CR301,0,2397,3000_PT0_SX362_V1___.jpg\"><img decoding=\"async\" alt=\"\" src=\"https:\/\/m.media-amazon.com\/images\/S\/aplus-media-library-service-media\/f51fdcd9-ee96-4fa8-8775-65305691d904.__CR301,0,2397,3000_PT0_SX362_V1___.jpg\">  <\/p>\n<h3>  Shark Staubsauger- und Wischroboter <\/h3>\n<h3>  Roboterstaubsauger <\/h3>\n<p class=\"apm-brand-story-stores-link\">\n<p>                                              <img decoding=\"async\" alt=\"PowerDetect\" src=\"https:\/\/images-na.ssl-images-amazon.com\/images\/G\/01\/x-locale\/common\/grey-pixel.gif\" class=\"a-lazy-loaded\" data-src=\"https:\/\/m.media-amazon.com\/images\/S\/aplus-media-library-service-media\/b98388ca-b4ee-46c1-a942-562bc786e52d.__CR301,0,2397,3000_PT0_SX362_V1___.jpg\"><img decoding=\"async\" alt=\"PowerDetect\" src=\"https:\/\/m.media-amazon.com\/images\/S\/aplus-media-library-service-media\/b98388ca-b4ee-46c1-a942-562bc786e52d.__CR301,0,2397,3000_PT0_SX362_V1___.jpg\">  <\/p>\n<h3>  KABELLOSER STAUBSAUGER <\/h3>\n<p class=\"apm-brand-story-stores-link\">\n<p>                                              <img decoding=\"async\" alt=\"\" src=\"https:\/\/images-na.ssl-images-amazon.com\/images\/G\/01\/x-locale\/common\/grey-pixel.gif\" class=\"a-lazy-loaded\" data-src=\"https:\/\/m.media-amazon.com\/images\/S\/aplus-media-library-service-media\/3d8ed52b-a774-451b-b6fa-88c3897ee8d2.__CR0,0,362,453_PT0_SX362_V1___.jpeg\"><img decoding=\"async\" alt=\"\" src=\"https:\/\/m.media-amazon.com\/images\/S\/aplus-media-library-service-media\/3d8ed52b-a774-451b-b6fa-88c3897ee8d2.__CR0,0,362,453_PT0_SX362_V1___.jpeg\">  <\/p>\n<h3>  StainStriker Fleckenreiniger <\/h3>\n<h3>  Fleckenreiniger <\/h3>\n<p class=\"apm-brand-story-stores-link\">\n<p>                                              <img decoding=\"async\" alt=\"\" src=\"https:\/\/images-na.ssl-images-amazon.com\/images\/G\/01\/x-locale\/common\/grey-pixel.gif\" class=\"a-lazy-loaded\" data-src=\"https:\/\/m.media-amazon.com\/images\/S\/aplus-media-library-service-media\/edc0b01d-d9fd-40a4-be75-b599777bb1c4.__CR239,547,2500,1998_PT90_SX362_V1___.jpg\"><img decoding=\"async\" alt=\"\" src=\"https:\/\/m.media-amazon.com\/images\/S\/aplus-media-library-service-media\/edc0b01d-d9fd-40a4-be75-b599777bb1c4.__CR239,547,2500,1998_PT90_SX362_V1___.jpg\">  <\/p>\n<h3>  SteamPickUp Dampfreiniger <\/h3>\n<h3>  Hartbodenreiniger <\/h3>\n<p class=\"apm-brand-story-stores-link\">\n<p>                                              <img decoding=\"async\" alt=\"\" src=\"https:\/\/images-na.ssl-images-amazon.com\/images\/G\/01\/x-locale\/common\/grey-pixel.gif\" class=\"a-lazy-loaded\" data-src=\"https:\/\/m.media-amazon.com\/images\/S\/aplus-media-library-service-media\/74ae14bf-cf05-44a2-a224-2035e49d33d4.__CR0,24,381,477_PT0_SX362_V1___.png\"><img decoding=\"async\" alt=\"\" src=\"https:\/\/m.media-amazon.com\/images\/S\/aplus-media-library-service-media\/74ae14bf-cf05-44a2-a224-2035e49d33d4.__CR0,24,381,477_PT0_SX362_V1___.png\">  <\/p>\n<h3>  FlexBreeze-L\u00fcfter <\/h3>\n<h3>  Fans <\/h3>\n<p class=\"apm-brand-story-stores-link\">\n<p>                                              <img decoding=\"async\" alt=\"\" src=\"https:\/\/images-na.ssl-images-amazon.com\/images\/G\/01\/x-locale\/common\/grey-pixel.gif\" class=\"a-lazy-loaded\" data-src=\"https:\/\/m.media-amazon.com\/images\/S\/aplus-media-library-service-media\/2598e098-9298-4923-b8ca-9e543cc4d305.__CR37,89,400,500_PT0_SX362_V1___.jpg\"><img decoding=\"async\" alt=\"\" src=\"https:\/\/m.media-amazon.com\/images\/S\/aplus-media-library-service-media\/2598e098-9298-4923-b8ca-9e543cc4d305.__CR37,89,400,500_PT0_SX362_V1___.jpg\">  <\/p>\n<h3>  Niemals den Luftreiniger wechseln <\/h3>\n<h3>  Luftreiniger <\/h3>\n<p class=\"apm-brand-story-stores-link\">\n<p>3 TIEFENREINIGUNGSTECHNOLOGIEN: Automatische Schmutzerkennung, Kantenerkennung und Bodenerkennung. Der Saugroboter steigert die Leistung selbst, indem er Verschmutzungsgrad, Bodenart, Kanten und Ecken erkennt und die Reinigungsleistung automatisch optimiert<br \/>3D- und 360\u00b0-LIDAR-NAVIGATION: 3D- und Lasernavigation kartiert Ihr Zuhause, erkennt und meidet Objekte, auch im Dunkeln. SharkClean-App: Karten bearbeiten, Zielpunkte und Sperrzonen festlegen. Intelligente Steuerung: Amazon Alexa und Google Assistant.<br \/>Niemals blockierte Einw\u00e4nde: Intelligente Technologie hebt und senkt Ihren Roboter aktiv, um Hindernisse zu \u00fcberwinden und T\u00fcrschwellen zu \u00fcberwinden, um mehr von Ihrem Zuhause zu reinigen. (Basierend auf dem internen Blockierungsprotokoll im Vergleich zum Shark RV750.)<br \/>AUTOMATISCHE SELBSTENTLEERUNG: Die beutellose, selbstentleerende Basis h\u00e4lt Schmutz und Abfall bis zu 60 Tage lang auf, mit vollst\u00e4ndiger Anti-Allergen-Versiegelung zum Auffangen von Staub und Anti-Geruchs-Technologie f\u00fcr ein frisch duftendes Zuhause<br \/>Beinhaltet: Shark PowerDetect Roboterstaubsauger, selbstentleerende Basis (EU-Stecker), Anti-Geruchs-Kartusche, 2 Seitenb\u00fcrsten. Roboter B: 34 x H 14,5 cm. Dock B 33,2 cm x T 22,7 cm x H 30 cm. Gewicht: 7,58 kg. Farbe: wei\u00df<\/p>\n<p>[ad_2]<\/p>\n","protected":false},"excerpt":{"rendered":"<p>Von der Marke Shark Staubsauger- und Wischroboter Roboterstaubsauger KABELLOSER STAUBSAUGER StainStriker Fleckenreiniger Fleckenreiniger SteamPickUp Dampfreiniger Hartbodenreiniger FlexBreeze-L\u00fcfter Fans Niemals den Luftreiniger wechseln Luftreiniger 3 TIEFENREINIGUNGSTECHNOLOGIEN: Automatische Schmutzerkennung, Kantenerkennung und Bodenerkennung. Der Saugroboter steigert die Leistung selbst, indem er Verschmutzungsgrad, Bodenart, Kanten und Ecken erkennt und die Reinigungsleistung automatisch optimiert3D- und 360\u00b0-LIDAR-NAVIGATION: 3D- und Lasernavigation kartiert [&hellip;]<\/p>\n","protected":false},"featured_media":4056,"comment_status":"open","ping_status":"closed","template":"","meta":{"_aipt_faq_data":""},"store":[],"product_brand":[122],"product_cat":[72],"product_tag":[393],"class_list":{"0":"post-4055","1":"product","2":"type-product","3":"status-publish","4":"has-post-thumbnail","6":"product_brand-shark","7":"product_cat-saugroboter","8":"product_tag-saugroboter-fuer-tierhaare","10":"first","11":"instock","12":"sale","13":"shipping-taxable","14":"product-type-external"},"yoast_head":"<!-- This site is optimized with the Yoast SEO plugin v27.0 - https:\/\/yoast.com\/product\/yoast-seo-wordpress\/ -->\n<title>Shark PowerDetect Roboter-Staubsauger mit Saugstation, selbstreinigend, selbstentleerend bis zu 60 Tage, f\u00fcr Tierhaare, Teppiche und Hartb\u00f6den, mit 3D- und LiDAR-Navigation, 14,5 cm flach wei\u00df - EasyLifeBro<\/title>\n<meta name=\"description\" content=\"Entdecken Sie smarte Roboter f\u00fcr Zuhause, Garten, Bildung und Sicherheit. Vergleichen Sie Saugroboter, Rasenm\u00e4hroboter, KI-Begleitroboter und mehr bei EasyLifeRobo.\" \/>\n<meta name=\"robots\" content=\"index, follow, max-snippet:-1, max-image-preview:large, max-video-preview:-1\" \/>\n<link rel=\"canonical\" href=\"https:\/\/easyliferobo.com\/de\/product\/shark-powerdetect-roboter-staubsauger-mit-saugstation-selbstreinigend-selbstentleerend-bis-zu-60-tage-fuer-tierhaare-teppiche-und-hartboeden-mit-3d-und-lidar-navigation-145-cm-flach-weiss\/\" \/>\n<meta property=\"og:locale\" content=\"de_DE\" \/>\n<meta property=\"og:type\" content=\"article\" \/>\n<meta property=\"og:title\" content=\"Shark PowerDetect Roboter-Staubsauger mit Saugstation, selbstreinigend, selbstentleerend bis zu 60 Tage, f\u00fcr Tierhaare, Teppiche und Hartb\u00f6den, mit 3D- und LiDAR-Navigation, 14,5 cm flach wei\u00df - EasyLifeBro\" \/>\n<meta property=\"og:description\" content=\"Entdecken Sie smarte Roboter f\u00fcr Zuhause, Garten, Bildung und Sicherheit. Vergleichen Sie Saugroboter, Rasenm\u00e4hroboter, KI-Begleitroboter und mehr bei EasyLifeRobo.\" \/>\n<meta property=\"og:url\" content=\"https:\/\/easyliferobo.com\/de\/product\/shark-powerdetect-roboter-staubsauger-mit-saugstation-selbstreinigend-selbstentleerend-bis-zu-60-tage-fuer-tierhaare-teppiche-und-hartboeden-mit-3d-und-lidar-navigation-145-cm-flach-weiss\/\" \/>\n<meta property=\"og:site_name\" content=\"EasyLifeBro\" \/>\n<meta property=\"article:modified_time\" content=\"2026-02-27T10:49:16+00:00\" \/>\n<meta property=\"og:image\" content=\"https:\/\/images-na.ssl-images-amazon.com\/images\/G\/01\/x-locale\/common\/grey-pixel.gif\" \/>\n<meta name=\"twitter:card\" content=\"summary_large_image\" \/>\n<meta name=\"twitter:label1\" content=\"Gesch\u00e4tzte Lesezeit\" \/>\n\t<meta name=\"twitter:data1\" content=\"1\u00a0Minute\" \/>\n<script type=\"application\/ld+json\" class=\"yoast-schema-graph\">{\"@context\":\"https:\/\/schema.org\",\"@graph\":[{\"@type\":\"WebPage\",\"@id\":\"https:\/\/easyliferobo.com\/de\/product\/shark-powerdetect-roboter-staubsauger-mit-saugstation-selbstreinigend-selbstentleerend-bis-zu-60-tage-fuer-tierhaare-teppiche-und-hartboeden-mit-3d-und-lidar-navigation-145-cm-flach-weiss\/\",\"url\":\"https:\/\/easyliferobo.com\/de\/product\/shark-powerdetect-roboter-staubsauger-mit-saugstation-selbstreinigend-selbstentleerend-bis-zu-60-tage-fuer-tierhaare-teppiche-und-hartboeden-mit-3d-und-lidar-navigation-145-cm-flach-weiss\/\",\"name\":\"Shark PowerDetect Roboter-Staubsauger mit Saugstation, selbstreinigend, selbstentleerend bis zu 60 Tage, f\u00fcr Tierhaare, Teppiche und Hartb\u00f6den, mit 3D- und LiDAR-Navigation, 14,5 cm flach wei\u00df - EasyLifeBro\",\"isPartOf\":{\"@id\":\"https:\/\/easyliferobo.com\/de\/#website\"},\"primaryImageOfPage\":{\"@id\":\"https:\/\/easyliferobo.com\/de\/product\/shark-powerdetect-roboter-staubsauger-mit-saugstation-selbstreinigend-selbstentleerend-bis-zu-60-tage-fuer-tierhaare-teppiche-und-hartboeden-mit-3d-und-lidar-navigation-145-cm-flach-weiss\/#primaryimage\"},\"image\":{\"@id\":\"https:\/\/easyliferobo.com\/de\/product\/shark-powerdetect-roboter-staubsauger-mit-saugstation-selbstreinigend-selbstentleerend-bis-zu-60-tage-fuer-tierhaare-teppiche-und-hartboeden-mit-3d-und-lidar-navigation-145-cm-flach-weiss\/#primaryimage\"},\"thumbnailUrl\":\"https:\/\/easyliferobo.com\/de\/wp-content\/uploads\/2026\/02\/71Xo30En4gL._AC_SL1500_.jpg\",\"datePublished\":\"2026-02-27T10:48:46+00:00\",\"dateModified\":\"2026-02-27T10:49:16+00:00\",\"description\":\"Entdecken Sie smarte Roboter f\u00fcr Zuhause, Garten, Bildung und Sicherheit. Vergleichen Sie Saugroboter, Rasenm\u00e4hroboter, KI-Begleitroboter und mehr bei EasyLifeRobo.\",\"breadcrumb\":{\"@id\":\"https:\/\/easyliferobo.com\/de\/product\/shark-powerdetect-roboter-staubsauger-mit-saugstation-selbstreinigend-selbstentleerend-bis-zu-60-tage-fuer-tierhaare-teppiche-und-hartboeden-mit-3d-und-lidar-navigation-145-cm-flach-weiss\/#breadcrumb\"},\"inLanguage\":\"de\",\"potentialAction\":[{\"@type\":\"ReadAction\",\"target\":[\"https:\/\/easyliferobo.com\/de\/product\/shark-powerdetect-roboter-staubsauger-mit-saugstation-selbstreinigend-selbstentleerend-bis-zu-60-tage-fuer-tierhaare-teppiche-und-hartboeden-mit-3d-und-lidar-navigation-145-cm-flach-weiss\/\"]}]},{\"@type\":\"ImageObject\",\"inLanguage\":\"de\",\"@id\":\"https:\/\/easyliferobo.com\/de\/product\/shark-powerdetect-roboter-staubsauger-mit-saugstation-selbstreinigend-selbstentleerend-bis-zu-60-tage-fuer-tierhaare-teppiche-und-hartboeden-mit-3d-und-lidar-navigation-145-cm-flach-weiss\/#primaryimage\",\"url\":\"https:\/\/easyliferobo.com\/de\/wp-content\/uploads\/2026\/02\/71Xo30En4gL._AC_SL1500_.jpg\",\"contentUrl\":\"https:\/\/easyliferobo.com\/de\/wp-content\/uploads\/2026\/02\/71Xo30En4gL._AC_SL1500_.jpg\",\"width\":1500,\"height\":1331},{\"@type\":\"BreadcrumbList\",\"@id\":\"https:\/\/easyliferobo.com\/de\/product\/shark-powerdetect-roboter-staubsauger-mit-saugstation-selbstreinigend-selbstentleerend-bis-zu-60-tage-fuer-tierhaare-teppiche-und-hartboeden-mit-3d-und-lidar-navigation-145-cm-flach-weiss\/#breadcrumb\",\"itemListElement\":[{\"@type\":\"ListItem\",\"position\":1,\"name\":\"Home\",\"item\":\"https:\/\/easyliferobo.com\/de\/\"},{\"@type\":\"ListItem\",\"position\":2,\"name\":\"Shop\",\"item\":\"https:\/\/easyliferobo.com\/de\/shop\/\"},{\"@type\":\"ListItem\",\"position\":3,\"name\":\"Shark PowerDetect Roboter-Staubsaug...\"}]},{\"@type\":\"WebSite\",\"@id\":\"https:\/\/easyliferobo.com\/de\/#website\",\"url\":\"https:\/\/easyliferobo.com\/de\/\",\"name\":\"EasyLifeBro\",\"description\":\"Smarte Roboter f\u00fcr Zuhause, Garten &amp; Bildung\",\"publisher\":{\"@id\":\"https:\/\/easyliferobo.com\/de\/#organization\"},\"potentialAction\":[{\"@type\":\"SearchAction\",\"target\":{\"@type\":\"EntryPoint\",\"urlTemplate\":\"https:\/\/easyliferobo.com\/de\/?s={search_term_string}\"},\"query-input\":{\"@type\":\"PropertyValueSpecification\",\"valueRequired\":true,\"valueName\":\"search_term_string\"}}],\"inLanguage\":\"de\"},{\"@type\":\"Organization\",\"@id\":\"https:\/\/easyliferobo.com\/de\/#organization\",\"name\":\"EasyLifeBro\",\"url\":\"https:\/\/easyliferobo.com\/de\/\",\"logo\":{\"@type\":\"ImageObject\",\"inLanguage\":\"de\",\"@id\":\"https:\/\/easyliferobo.com\/de\/#\/schema\/logo\/image\/\",\"url\":\"https:\/\/easyliferobo.com\/de\/wp-content\/uploads\/2026\/02\/Screenshot-2026-02-22-at-2.25.03-PM.png\",\"contentUrl\":\"https:\/\/easyliferobo.com\/de\/wp-content\/uploads\/2026\/02\/Screenshot-2026-02-22-at-2.25.03-PM.png\",\"width\":1858,\"height\":430,\"caption\":\"EasyLifeBro\"},\"image\":{\"@id\":\"https:\/\/easyliferobo.com\/de\/#\/schema\/logo\/image\/\"}}]}<\/script>\n<!-- \/ Yoast SEO plugin. -->","yoast_head_json":{"title":"Shark PowerDetect Roboter-Staubsauger mit Saugstation, selbstreinigend, selbstentleerend bis zu 60 Tage, f\u00fcr Tierhaare, Teppiche und Hartb\u00f6den, mit 3D- und LiDAR-Navigation, 14,5 cm flach wei\u00df - EasyLifeBro","description":"Entdecken Sie smarte Roboter f\u00fcr Zuhause, Garten, Bildung und Sicherheit. Vergleichen Sie Saugroboter, Rasenm\u00e4hroboter, KI-Begleitroboter und mehr bei EasyLifeRobo.","robots":{"index":"index","follow":"follow","max-snippet":"max-snippet:-1","max-image-preview":"max-image-preview:large","max-video-preview":"max-video-preview:-1"},"canonical":"https:\/\/easyliferobo.com\/de\/product\/shark-powerdetect-roboter-staubsauger-mit-saugstation-selbstreinigend-selbstentleerend-bis-zu-60-tage-fuer-tierhaare-teppiche-und-hartboeden-mit-3d-und-lidar-navigation-145-cm-flach-weiss\/","og_locale":"de_DE","og_type":"article","og_title":"Shark PowerDetect Roboter-Staubsauger mit Saugstation, selbstreinigend, selbstentleerend bis zu 60 Tage, f\u00fcr Tierhaare, Teppiche und Hartb\u00f6den, mit 3D- und LiDAR-Navigation, 14,5 cm flach wei\u00df - EasyLifeBro","og_description":"Entdecken Sie smarte Roboter f\u00fcr Zuhause, Garten, Bildung und Sicherheit. Vergleichen Sie Saugroboter, Rasenm\u00e4hroboter, KI-Begleitroboter und mehr bei EasyLifeRobo.","og_url":"https:\/\/easyliferobo.com\/de\/product\/shark-powerdetect-roboter-staubsauger-mit-saugstation-selbstreinigend-selbstentleerend-bis-zu-60-tage-fuer-tierhaare-teppiche-und-hartboeden-mit-3d-und-lidar-navigation-145-cm-flach-weiss\/","og_site_name":"EasyLifeBro","article_modified_time":"2026-02-27T10:49:16+00:00","og_image":[{"url":"https:\/\/images-na.ssl-images-amazon.com\/images\/G\/01\/x-locale\/common\/grey-pixel.gif","type":"","width":"","height":""}],"twitter_card":"summary_large_image","twitter_misc":{"Gesch\u00e4tzte Lesezeit":"1\u00a0Minute"},"schema":{"@context":"https:\/\/schema.org","@graph":[{"@type":"WebPage","@id":"https:\/\/easyliferobo.com\/de\/product\/shark-powerdetect-roboter-staubsauger-mit-saugstation-selbstreinigend-selbstentleerend-bis-zu-60-tage-fuer-tierhaare-teppiche-und-hartboeden-mit-3d-und-lidar-navigation-145-cm-flach-weiss\/","url":"https:\/\/easyliferobo.com\/de\/product\/shark-powerdetect-roboter-staubsauger-mit-saugstation-selbstreinigend-selbstentleerend-bis-zu-60-tage-fuer-tierhaare-teppiche-und-hartboeden-mit-3d-und-lidar-navigation-145-cm-flach-weiss\/","name":"Shark PowerDetect Roboter-Staubsauger mit Saugstation, selbstreinigend, selbstentleerend bis zu 60 Tage, f\u00fcr Tierhaare, Teppiche und Hartb\u00f6den, mit 3D- und LiDAR-Navigation, 14,5 cm flach wei\u00df - EasyLifeBro","isPartOf":{"@id":"https:\/\/easyliferobo.com\/de\/#website"},"primaryImageOfPage":{"@id":"https:\/\/easyliferobo.com\/de\/product\/shark-powerdetect-roboter-staubsauger-mit-saugstation-selbstreinigend-selbstentleerend-bis-zu-60-tage-fuer-tierhaare-teppiche-und-hartboeden-mit-3d-und-lidar-navigation-145-cm-flach-weiss\/#primaryimage"},"image":{"@id":"https:\/\/easyliferobo.com\/de\/product\/shark-powerdetect-roboter-staubsauger-mit-saugstation-selbstreinigend-selbstentleerend-bis-zu-60-tage-fuer-tierhaare-teppiche-und-hartboeden-mit-3d-und-lidar-navigation-145-cm-flach-weiss\/#primaryimage"},"thumbnailUrl":"https:\/\/easyliferobo.com\/de\/wp-content\/uploads\/2026\/02\/71Xo30En4gL._AC_SL1500_.jpg","datePublished":"2026-02-27T10:48:46+00:00","dateModified":"2026-02-27T10:49:16+00:00","description":"Entdecken Sie smarte Roboter f\u00fcr Zuhause, Garten, Bildung und Sicherheit. Vergleichen Sie Saugroboter, Rasenm\u00e4hroboter, KI-Begleitroboter und mehr bei EasyLifeRobo.","breadcrumb":{"@id":"https:\/\/easyliferobo.com\/de\/product\/shark-powerdetect-roboter-staubsauger-mit-saugstation-selbstreinigend-selbstentleerend-bis-zu-60-tage-fuer-tierhaare-teppiche-und-hartboeden-mit-3d-und-lidar-navigation-145-cm-flach-weiss\/#breadcrumb"},"inLanguage":"de","potentialAction":[{"@type":"ReadAction","target":["https:\/\/easyliferobo.com\/de\/product\/shark-powerdetect-roboter-staubsauger-mit-saugstation-selbstreinigend-selbstentleerend-bis-zu-60-tage-fuer-tierhaare-teppiche-und-hartboeden-mit-3d-und-lidar-navigation-145-cm-flach-weiss\/"]}]},{"@type":"ImageObject","inLanguage":"de","@id":"https:\/\/easyliferobo.com\/de\/product\/shark-powerdetect-roboter-staubsauger-mit-saugstation-selbstreinigend-selbstentleerend-bis-zu-60-tage-fuer-tierhaare-teppiche-und-hartboeden-mit-3d-und-lidar-navigation-145-cm-flach-weiss\/#primaryimage","url":"https:\/\/easyliferobo.com\/de\/wp-content\/uploads\/2026\/02\/71Xo30En4gL._AC_SL1500_.jpg","contentUrl":"https:\/\/easyliferobo.com\/de\/wp-content\/uploads\/2026\/02\/71Xo30En4gL._AC_SL1500_.jpg","width":1500,"height":1331},{"@type":"BreadcrumbList","@id":"https:\/\/easyliferobo.com\/de\/product\/shark-powerdetect-roboter-staubsauger-mit-saugstation-selbstreinigend-selbstentleerend-bis-zu-60-tage-fuer-tierhaare-teppiche-und-hartboeden-mit-3d-und-lidar-navigation-145-cm-flach-weiss\/#breadcrumb","itemListElement":[{"@type":"ListItem","position":1,"name":"Home","item":"https:\/\/easyliferobo.com\/de\/"},{"@type":"ListItem","position":2,"name":"Shop","item":"https:\/\/easyliferobo.com\/de\/shop\/"},{"@type":"ListItem","position":3,"name":"Shark PowerDetect Roboter-Staubsaug..."}]},{"@type":"WebSite","@id":"https:\/\/easyliferobo.com\/de\/#website","url":"https:\/\/easyliferobo.com\/de\/","name":"EasyLifeBro","description":"Smarte Roboter f\u00fcr Zuhause, Garten &amp; Bildung","publisher":{"@id":"https:\/\/easyliferobo.com\/de\/#organization"},"potentialAction":[{"@type":"SearchAction","target":{"@type":"EntryPoint","urlTemplate":"https:\/\/easyliferobo.com\/de\/?s={search_term_string}"},"query-input":{"@type":"PropertyValueSpecification","valueRequired":true,"valueName":"search_term_string"}}],"inLanguage":"de"},{"@type":"Organization","@id":"https:\/\/easyliferobo.com\/de\/#organization","name":"EasyLifeBro","url":"https:\/\/easyliferobo.com\/de\/","logo":{"@type":"ImageObject","inLanguage":"de","@id":"https:\/\/easyliferobo.com\/de\/#\/schema\/logo\/image\/","url":"https:\/\/easyliferobo.com\/de\/wp-content\/uploads\/2026\/02\/Screenshot-2026-02-22-at-2.25.03-PM.png","contentUrl":"https:\/\/easyliferobo.com\/de\/wp-content\/uploads\/2026\/02\/Screenshot-2026-02-22-at-2.25.03-PM.png","width":1858,"height":430,"caption":"EasyLifeBro"},"image":{"@id":"https:\/\/easyliferobo.com\/de\/#\/schema\/logo\/image\/"}}]}},"_links":{"self":[{"href":"https:\/\/easyliferobo.com\/de\/wp-json\/wp\/v2\/product\/4055","targetHints":{"allow":["GET"]}}],"collection":[{"href":"https:\/\/easyliferobo.com\/de\/wp-json\/wp\/v2\/product"}],"about":[{"href":"https:\/\/easyliferobo.com\/de\/wp-json\/wp\/v2\/types\/product"}],"replies":[{"embeddable":true,"href":"https:\/\/easyliferobo.com\/de\/wp-json\/wp\/v2\/comments?post=4055"}],"wp:featuredmedia":[{"embeddable":true,"href":"https:\/\/easyliferobo.com\/de\/wp-json\/wp\/v2\/media\/4056"}],"wp:attachment":[{"href":"https:\/\/easyliferobo.com\/de\/wp-json\/wp\/v2\/media?parent=4055"}],"wp:term":[{"taxonomy":"store","embeddable":true,"href":"https:\/\/easyliferobo.com\/de\/wp-json\/wp\/v2\/store?post=4055"},{"taxonomy":"product_brand","embeddable":true,"href":"https:\/\/easyliferobo.com\/de\/wp-json\/wp\/v2\/product_brand?post=4055"},{"taxonomy":"product_cat","embeddable":true,"href":"https:\/\/easyliferobo.com\/de\/wp-json\/wp\/v2\/product_cat?post=4055"},{"taxonomy":"product_tag","embeddable":true,"href":"https:\/\/easyliferobo.com\/de\/wp-json\/wp\/v2\/product_tag?post=4055"}],"curies":[{"name":"wp","href":"https:\/\/api.w.org\/{rel}","templated":true}]}}