
{"id":4039,"date":"2026-02-27T10:46:37","date_gmt":"2026-02-27T10:46:37","guid":{"rendered":"https:\/\/easyliferobo.com\/de\/product\/unger-ergotec-ninja-soft-komplett-rakel-45-cm-laenge\/"},"modified":"2026-02-27T10:46:51","modified_gmt":"2026-02-27T10:46:51","slug":"unger-ergotec-ninja-soft-komplett-rakel-45-cm-laenge","status":"publish","type":"product","link":"https:\/\/easyliferobo.com\/de\/product\/unger-ergotec-ninja-soft-komplett-rakel-45-cm-laenge\/","title":{"rendered":"Unger ErgoTec Ninja Soft Komplett-R..."},"content":{"rendered":"<p>\n                                             Vom Hersteller   <\/p>\n<p>                                                  <img decoding=\"async\" alt=\"asdf\" src=\"https:\/\/images-na.ssl-images-amazon.com\/images\/G\/01\/x-locale\/common\/grey-pixel.gif\" class=\"a-lazy-loaded\" data-src=\"https:\/\/m.media-amazon.com\/images\/S\/aplus-media-library-service-media\/df7e8926-ba35-4d21-a491-4804ebfdfeb2.__CR0,1,970,300_PT0_SX970_V1___.jpg\"><img decoding=\"async\" alt=\"asdf\" src=\"https:\/\/m.media-amazon.com\/images\/S\/aplus-media-library-service-media\/df7e8926-ba35-4d21-a491-4804ebfdfeb2.__CR0,1,970,300_PT0_SX970_V1___.jpg\">  <\/p>\n<p>                                                      <img decoding=\"async\" alt=\"Ninja\" src=\"https:\/\/images-na.ssl-images-amazon.com\/images\/G\/01\/x-locale\/common\/grey-pixel.gif\" class=\"a-spacing-mini a-lazy-loaded\" data-src=\"https:\/\/m.media-amazon.com\/images\/S\/aplus-media\/vc\/669f7591-55e3-4370-a993-fab7e421192a.__CR0,0,2000,2000_PT0_SX300_V1___.jpg\"><img decoding=\"async\" alt=\"Ninja\" src=\"https:\/\/m.media-amazon.com\/images\/S\/aplus-media\/vc\/669f7591-55e3-4370-a993-fab7e421192a.__CR0,0,2000,2000_PT0_SX300_V1___.jpg\">  <\/p>\n<h3 class=\"a-spacing-mini\">  Unger ErgoTec NINJA Fensterwischer <\/h3>\n<p>                                           ErgoTec NINJA Fensterwischer \u2013 Der ultimative Hochleistungswischer f\u00fcr die Fensterreinigung                                     <\/p>\n<p class=\"a-spacing-base\">\n<p>Ergonomischer GriffExtrudierte High-Tech-T6-Aluminium SchieneProfessionelles Soft-GummiMit 40\u00b0-Kopfneigung Produktdetails Breite: 45 cm L\u00e4nge: 18,5 cm Kopfneigung: 40\u00b0       <\/p>\n<p class=\"apm-text-center\">\n                                                      <img decoding=\"async\" alt=\"Griff\" src=\"https:\/\/images-na.ssl-images-amazon.com\/images\/G\/01\/x-locale\/common\/grey-pixel.gif\" class=\"a-lazy-loaded\" data-src=\"https:\/\/m.media-amazon.com\/images\/S\/aplus-media\/vc\/2658ce74-a44e-4fc8-b5b7-afd30f1911b6.__CR0,0,2000,2000_PT0_SX220_V1___.jpg\"><img decoding=\"async\" alt=\"Griff\" src=\"https:\/\/m.media-amazon.com\/images\/S\/aplus-media\/vc\/2658ce74-a44e-4fc8-b5b7-afd30f1911b6.__CR0,0,2000,2000_PT0_SX220_V1___.jpg\">  <\/p>\n<p>                                                    Ergonomischer Griff                                     <\/p>\n<p class=\"a-size-small\"> Perfekt auf die menschliche Hand abgestimmt. Hochwertige Anti-Rutsch-Gummi-Beschichtung f\u00fcr besseren Komfort und perfekte Handhabung. Daumenbereich auf der Oberseite, um Druck aus\u00fcben zu k\u00f6nnen. <\/p>\n<p class=\"apm-text-center\">\n                                                      <img decoding=\"async\" alt=\"ggg\" src=\"https:\/\/images-na.ssl-images-amazon.com\/images\/G\/01\/x-locale\/common\/grey-pixel.gif\" class=\"a-lazy-loaded\" data-src=\"https:\/\/m.media-amazon.com\/images\/S\/aplus-media\/vc\/df8fde3b-bcf4-49b0-98f1-9247f1dddb20.__CR0,0,2000,2000_PT0_SX220_V1___.jpg\"><img decoding=\"async\" alt=\"ggg\" src=\"https:\/\/m.media-amazon.com\/images\/S\/aplus-media\/vc\/df8fde3b-bcf4-49b0-98f1-9247f1dddb20.__CR0,0,2000,2000_PT0_SX220_V1___.jpg\">  <\/p>\n<p>                                                    Hochwertige Materialien                                     <\/p>\n<p class=\"a-size-small\"> Die leichte, stabile und extrudierte High-Tech-T6-Aluminiumschiene aus Flugzeugbau-Aluminium verbiegt sich nicht und h\u00e4lt das Wischergummi vollkommen gleichm\u00e4\u00dfig auf der Glasoberfl\u00e4che. Perfekte Druckverteilung bei jeder Schienenl\u00e4nge. <\/p>\n<p class=\"apm-text-center\">\n                                                      <img decoding=\"async\" alt=\"ggg\" src=\"https:\/\/images-na.ssl-images-amazon.com\/images\/G\/01\/x-locale\/common\/grey-pixel.gif\" class=\"a-lazy-loaded\" data-src=\"https:\/\/m.media-amazon.com\/images\/S\/aplus-media\/vc\/ae404767-0e89-42e3-bf3b-210a2d9059e5.__CR0,0,2000,2000_PT0_SX220_V1___.jpg\"><img decoding=\"async\" alt=\"ggg\" src=\"https:\/\/m.media-amazon.com\/images\/S\/aplus-media\/vc\/ae404767-0e89-42e3-bf3b-210a2d9059e5.__CR0,0,2000,2000_PT0_SX220_V1___.jpg\">  <\/p>\n<p>                                                    Flexible Gummiposition                                     <\/p>\n<p class=\"a-size-small\"> Zwei flexibel w\u00e4hlbare Gummipositionen. Untere Position f\u00fcr k\u00fcrzere Schienen, h\u00f6here Position f\u00fcr l\u00e4ngere Schienen \u2013 so stimmen Sie immer Andruck und Kontakt zum Fenster. <\/p>\n<p class=\"apm-text-center\">\n                                                      <img decoding=\"async\" alt=\"schwenken\" src=\"https:\/\/images-na.ssl-images-amazon.com\/images\/G\/01\/x-locale\/common\/grey-pixel.gif\" class=\"a-lazy-loaded\" data-src=\"https:\/\/m.media-amazon.com\/images\/S\/aplus-media\/vc\/7bf94ae6-5684-4117-b60a-f10e80f0a08d.__CR0,0,2000,2000_PT0_SX220_V1___.jpg\"><img decoding=\"async\" alt=\"schwenken\" src=\"https:\/\/m.media-amazon.com\/images\/S\/aplus-media\/vc\/7bf94ae6-5684-4117-b60a-f10e80f0a08d.__CR0,0,2000,2000_PT0_SX220_V1___.jpg\">  <\/p>\n<p>                                                    Mit Schwenkfunktion                                     <\/p>\n<p class=\"a-size-small\"> Perfekt f\u00fcr Arbeiten mit der Stange oder bei schwer zu erreichenden Fl\u00e4chen. Mit der einfach mit einer M\u00fcnze verstellbaren Edelstahlschraube k\u00f6nnen Sie die Spannung erh\u00f6hen oder verringern. Die Mittelposition kann durch Dr\u00fccken der Sperrtaste fixiert werden. <\/p>\n<p>                         Zum Warenkorb hinzuf\u00fcgen Zum Warenkorb hinzuf\u00fcgen Zum Warenkorb hinzuf\u00fcgen Zum Warenkorb hinzuf\u00fcgen Zum Warenkorb hinzuf\u00fcgen Zum Warenkorb hinzuf\u00fcgen Kundenrezensionen 4,6 von 5 Sternen 2.150 4,6 von 5 Sternen 2.150 4,6 von 5 Sternen 2.150 4,6 von 5 Sternen 2.150 4,6 von 5 Sternen 2.150 4,6 von 5 Sternen 2.150 Preis 29,99 \u20ac 29,99 \u20ac 35,51 \u20ac 35,51 \u20ac 37,00 \u20ac 37,00 \u20ac 35,64 \u20ac 35,64 \u20ac 33,99 \u20ac 33,99 \u20ac 35,44 \u20ac 35,44 Breite 30 cm 35 cm 45 cm 30 cm 35 cm 45 cm Kopfneigung 40\u00b0 40\u00b0 40\u00b0 30\u00b0 30\u00b0 30\u00b0        <\/p>\n<p>Der Fensterwischer ErgoTec Ninja bietet zahlreiche Funktionen, die die Effizienz professioneller Glasreiniger deutlich steigern<br \/>Rutschfeste Gummierung f\u00fcr besseren Komfort und perfektes Handling. Daumenbereich oben, um zus\u00e4tzlichen Druck auszu\u00fcben.<br \/>Der TriLoc-Mechanismus verhindert ein versehentliches L\u00f6sen vom Griff. Mit nur wenigen Handgriffen k\u00f6nnen Sie Schienen schnell und sicher wechseln und wieder anbringen<br \/>Die leichte, stabile und extrudierte Hightech-T6-Aluminiumschiene aus Flugzeugaluminium verbiegt sich nicht und h\u00e4lt das Wischergummi absolut gleichm\u00e4\u00dfig auf der Glasoberfl\u00e4che<br \/>Zwei flexible Gummipositionen. Niedrigere Position f\u00fcr k\u00fcrzere Schienen, h\u00f6here Position f\u00fcr l\u00e4ngere Schienen \u2013 also immer den richtigen Druck und Kontakt zum Fenster.<\/p>\n<p>[ad_2]<\/p>\n","protected":false},"excerpt":{"rendered":"<p>Vom Hersteller Unger ErgoTec NINJA Fensterwischer ErgoTec NINJA Fensterwischer \u2013 Der ultimative Hochleistungswischer f\u00fcr die Fensterreinigung Ergonomischer GriffExtrudierte High-Tech-T6-Aluminium SchieneProfessionelles Soft-GummiMit 40\u00b0-Kopfneigung Produktdetails Breite: 45 cm L\u00e4nge: 18,5 cm Kopfneigung: 40\u00b0 Ergonomischer Griff Perfekt auf die menschliche Hand abgestimmt. Hochwertige Anti-Rutsch-Gummi-Beschichtung f\u00fcr besseren Komfort und perfekte Handhabung. Daumenbereich auf der Oberseite, um Druck aus\u00fcben zu [&hellip;]<\/p>\n","protected":false},"featured_media":4040,"comment_status":"open","ping_status":"closed","template":"","meta":{"_aipt_faq_data":""},"store":[],"product_brand":[391],"product_cat":[74],"product_tag":[390],"class_list":{"0":"post-4039","1":"product","2":"type-product","3":"status-publish","4":"has-post-thumbnail","6":"product_brand-unger","7":"product_cat-fensterreinigungsroboter","8":"product_tag-fensterreinigungsroboter-fuer-rahmenlose-fenster","10":"first","11":"instock","12":"shipping-taxable","13":"product-type-external"},"yoast_head":"<!-- This site is optimized with the Yoast SEO plugin v27.4 - https:\/\/yoast.com\/product\/yoast-seo-wordpress\/ -->\n<title>Unger ErgoTec Ninja Soft Komplett-Rakel, 45 cm L\u00e4nge - EasyLifeBro<\/title>\n<meta name=\"description\" content=\"Entdecken Sie smarte Roboter f\u00fcr Zuhause, Garten, Bildung und Sicherheit. Vergleichen Sie Saugroboter, Rasenm\u00e4hroboter, KI-Begleitroboter und mehr bei EasyLifeRobo.\" \/>\n<meta name=\"robots\" content=\"index, follow, max-snippet:-1, max-image-preview:large, max-video-preview:-1\" \/>\n<link rel=\"canonical\" href=\"https:\/\/easyliferobo.com\/de\/product\/unger-ergotec-ninja-soft-komplett-rakel-45-cm-laenge\/\" \/>\n<meta property=\"og:locale\" content=\"de_DE\" \/>\n<meta property=\"og:type\" content=\"article\" \/>\n<meta property=\"og:title\" content=\"Unger ErgoTec Ninja Soft Komplett-Rakel, 45 cm L\u00e4nge - EasyLifeBro\" \/>\n<meta property=\"og:description\" content=\"Entdecken Sie smarte Roboter f\u00fcr Zuhause, Garten, Bildung und Sicherheit. Vergleichen Sie Saugroboter, Rasenm\u00e4hroboter, KI-Begleitroboter und mehr bei EasyLifeRobo.\" \/>\n<meta property=\"og:url\" content=\"https:\/\/easyliferobo.com\/de\/product\/unger-ergotec-ninja-soft-komplett-rakel-45-cm-laenge\/\" \/>\n<meta property=\"og:site_name\" content=\"EasyLifeBro\" \/>\n<meta property=\"article:modified_time\" content=\"2026-02-27T10:46:51+00:00\" \/>\n<meta property=\"og:image\" content=\"https:\/\/images-na.ssl-images-amazon.com\/images\/G\/01\/x-locale\/common\/grey-pixel.gif\" \/>\n<meta name=\"twitter:card\" content=\"summary_large_image\" \/>\n<meta name=\"twitter:label1\" content=\"Gesch\u00e4tzte Lesezeit\" \/>\n\t<meta name=\"twitter:data1\" content=\"2\u00a0Minuten\" \/>\n<script type=\"application\/ld+json\" class=\"yoast-schema-graph\">{\"@context\":\"https:\\\/\\\/schema.org\",\"@graph\":[{\"@type\":\"WebPage\",\"@id\":\"https:\\\/\\\/easyliferobo.com\\\/de\\\/product\\\/unger-ergotec-ninja-soft-komplett-rakel-45-cm-laenge\\\/\",\"url\":\"https:\\\/\\\/easyliferobo.com\\\/de\\\/product\\\/unger-ergotec-ninja-soft-komplett-rakel-45-cm-laenge\\\/\",\"name\":\"Unger ErgoTec Ninja Soft Komplett-Rakel, 45 cm L\u00e4nge - EasyLifeBro\",\"isPartOf\":{\"@id\":\"https:\\\/\\\/easyliferobo.com\\\/de\\\/#website\"},\"primaryImageOfPage\":{\"@id\":\"https:\\\/\\\/easyliferobo.com\\\/de\\\/product\\\/unger-ergotec-ninja-soft-komplett-rakel-45-cm-laenge\\\/#primaryimage\"},\"image\":{\"@id\":\"https:\\\/\\\/easyliferobo.com\\\/de\\\/product\\\/unger-ergotec-ninja-soft-komplett-rakel-45-cm-laenge\\\/#primaryimage\"},\"thumbnailUrl\":\"https:\\\/\\\/easyliferobo.com\\\/de\\\/wp-content\\\/uploads\\\/2026\\\/02\\\/61lxjJeK1JL._AC_SL1500_.jpg\",\"datePublished\":\"2026-02-27T10:46:37+00:00\",\"dateModified\":\"2026-02-27T10:46:51+00:00\",\"description\":\"Entdecken Sie smarte Roboter f\u00fcr Zuhause, Garten, Bildung und Sicherheit. Vergleichen Sie Saugroboter, Rasenm\u00e4hroboter, KI-Begleitroboter und mehr bei EasyLifeRobo.\",\"breadcrumb\":{\"@id\":\"https:\\\/\\\/easyliferobo.com\\\/de\\\/product\\\/unger-ergotec-ninja-soft-komplett-rakel-45-cm-laenge\\\/#breadcrumb\"},\"inLanguage\":\"de\",\"potentialAction\":[{\"@type\":\"ReadAction\",\"target\":[\"https:\\\/\\\/easyliferobo.com\\\/de\\\/product\\\/unger-ergotec-ninja-soft-komplett-rakel-45-cm-laenge\\\/\"]}]},{\"@type\":\"ImageObject\",\"inLanguage\":\"de\",\"@id\":\"https:\\\/\\\/easyliferobo.com\\\/de\\\/product\\\/unger-ergotec-ninja-soft-komplett-rakel-45-cm-laenge\\\/#primaryimage\",\"url\":\"https:\\\/\\\/easyliferobo.com\\\/de\\\/wp-content\\\/uploads\\\/2026\\\/02\\\/61lxjJeK1JL._AC_SL1500_.jpg\",\"contentUrl\":\"https:\\\/\\\/easyliferobo.com\\\/de\\\/wp-content\\\/uploads\\\/2026\\\/02\\\/61lxjJeK1JL._AC_SL1500_.jpg\",\"width\":1500,\"height\":780},{\"@type\":\"BreadcrumbList\",\"@id\":\"https:\\\/\\\/easyliferobo.com\\\/de\\\/product\\\/unger-ergotec-ninja-soft-komplett-rakel-45-cm-laenge\\\/#breadcrumb\",\"itemListElement\":[{\"@type\":\"ListItem\",\"position\":1,\"name\":\"Home\",\"item\":\"https:\\\/\\\/easyliferobo.com\\\/de\\\/\"},{\"@type\":\"ListItem\",\"position\":2,\"name\":\"Shop\",\"item\":\"https:\\\/\\\/easyliferobo.com\\\/de\\\/shop\\\/\"},{\"@type\":\"ListItem\",\"position\":3,\"name\":\"Unger ErgoTec Ninja Soft Komplett-R...\"}]},{\"@type\":\"WebSite\",\"@id\":\"https:\\\/\\\/easyliferobo.com\\\/de\\\/#website\",\"url\":\"https:\\\/\\\/easyliferobo.com\\\/de\\\/\",\"name\":\"EasyLifeBro\",\"description\":\"Smarte Roboter f\u00fcr Zuhause, Garten &amp; Bildung\",\"publisher\":{\"@id\":\"https:\\\/\\\/easyliferobo.com\\\/de\\\/#organization\"},\"potentialAction\":[{\"@type\":\"SearchAction\",\"target\":{\"@type\":\"EntryPoint\",\"urlTemplate\":\"https:\\\/\\\/easyliferobo.com\\\/de\\\/?s={search_term_string}\"},\"query-input\":{\"@type\":\"PropertyValueSpecification\",\"valueRequired\":true,\"valueName\":\"search_term_string\"}}],\"inLanguage\":\"de\"},{\"@type\":\"Organization\",\"@id\":\"https:\\\/\\\/easyliferobo.com\\\/de\\\/#organization\",\"name\":\"EasyLifeBro\",\"url\":\"https:\\\/\\\/easyliferobo.com\\\/de\\\/\",\"logo\":{\"@type\":\"ImageObject\",\"inLanguage\":\"de\",\"@id\":\"https:\\\/\\\/easyliferobo.com\\\/de\\\/#\\\/schema\\\/logo\\\/image\\\/\",\"url\":\"https:\\\/\\\/easyliferobo.com\\\/de\\\/wp-content\\\/uploads\\\/2026\\\/02\\\/Screenshot-2026-02-22-at-2.25.03-PM.png\",\"contentUrl\":\"https:\\\/\\\/easyliferobo.com\\\/de\\\/wp-content\\\/uploads\\\/2026\\\/02\\\/Screenshot-2026-02-22-at-2.25.03-PM.png\",\"width\":1858,\"height\":430,\"caption\":\"EasyLifeBro\"},\"image\":{\"@id\":\"https:\\\/\\\/easyliferobo.com\\\/de\\\/#\\\/schema\\\/logo\\\/image\\\/\"}}]}<\/script>\n<!-- \/ Yoast SEO plugin. -->","yoast_head_json":{"title":"Unger ErgoTec Ninja Soft Komplett-Rakel, 45 cm L\u00e4nge - EasyLifeBro","description":"Entdecken Sie smarte Roboter f\u00fcr Zuhause, Garten, Bildung und Sicherheit. Vergleichen Sie Saugroboter, Rasenm\u00e4hroboter, KI-Begleitroboter und mehr bei EasyLifeRobo.","robots":{"index":"index","follow":"follow","max-snippet":"max-snippet:-1","max-image-preview":"max-image-preview:large","max-video-preview":"max-video-preview:-1"},"canonical":"https:\/\/easyliferobo.com\/de\/product\/unger-ergotec-ninja-soft-komplett-rakel-45-cm-laenge\/","og_locale":"de_DE","og_type":"article","og_title":"Unger ErgoTec Ninja Soft Komplett-Rakel, 45 cm L\u00e4nge - EasyLifeBro","og_description":"Entdecken Sie smarte Roboter f\u00fcr Zuhause, Garten, Bildung und Sicherheit. Vergleichen Sie Saugroboter, Rasenm\u00e4hroboter, KI-Begleitroboter und mehr bei EasyLifeRobo.","og_url":"https:\/\/easyliferobo.com\/de\/product\/unger-ergotec-ninja-soft-komplett-rakel-45-cm-laenge\/","og_site_name":"EasyLifeBro","article_modified_time":"2026-02-27T10:46:51+00:00","og_image":[{"url":"https:\/\/images-na.ssl-images-amazon.com\/images\/G\/01\/x-locale\/common\/grey-pixel.gif","type":"","width":"","height":""}],"twitter_card":"summary_large_image","twitter_misc":{"Gesch\u00e4tzte Lesezeit":"2\u00a0Minuten"},"schema":{"@context":"https:\/\/schema.org","@graph":[{"@type":"WebPage","@id":"https:\/\/easyliferobo.com\/de\/product\/unger-ergotec-ninja-soft-komplett-rakel-45-cm-laenge\/","url":"https:\/\/easyliferobo.com\/de\/product\/unger-ergotec-ninja-soft-komplett-rakel-45-cm-laenge\/","name":"Unger ErgoTec Ninja Soft Komplett-Rakel, 45 cm L\u00e4nge - EasyLifeBro","isPartOf":{"@id":"https:\/\/easyliferobo.com\/de\/#website"},"primaryImageOfPage":{"@id":"https:\/\/easyliferobo.com\/de\/product\/unger-ergotec-ninja-soft-komplett-rakel-45-cm-laenge\/#primaryimage"},"image":{"@id":"https:\/\/easyliferobo.com\/de\/product\/unger-ergotec-ninja-soft-komplett-rakel-45-cm-laenge\/#primaryimage"},"thumbnailUrl":"https:\/\/easyliferobo.com\/de\/wp-content\/uploads\/2026\/02\/61lxjJeK1JL._AC_SL1500_.jpg","datePublished":"2026-02-27T10:46:37+00:00","dateModified":"2026-02-27T10:46:51+00:00","description":"Entdecken Sie smarte Roboter f\u00fcr Zuhause, Garten, Bildung und Sicherheit. Vergleichen Sie Saugroboter, Rasenm\u00e4hroboter, KI-Begleitroboter und mehr bei EasyLifeRobo.","breadcrumb":{"@id":"https:\/\/easyliferobo.com\/de\/product\/unger-ergotec-ninja-soft-komplett-rakel-45-cm-laenge\/#breadcrumb"},"inLanguage":"de","potentialAction":[{"@type":"ReadAction","target":["https:\/\/easyliferobo.com\/de\/product\/unger-ergotec-ninja-soft-komplett-rakel-45-cm-laenge\/"]}]},{"@type":"ImageObject","inLanguage":"de","@id":"https:\/\/easyliferobo.com\/de\/product\/unger-ergotec-ninja-soft-komplett-rakel-45-cm-laenge\/#primaryimage","url":"https:\/\/easyliferobo.com\/de\/wp-content\/uploads\/2026\/02\/61lxjJeK1JL._AC_SL1500_.jpg","contentUrl":"https:\/\/easyliferobo.com\/de\/wp-content\/uploads\/2026\/02\/61lxjJeK1JL._AC_SL1500_.jpg","width":1500,"height":780},{"@type":"BreadcrumbList","@id":"https:\/\/easyliferobo.com\/de\/product\/unger-ergotec-ninja-soft-komplett-rakel-45-cm-laenge\/#breadcrumb","itemListElement":[{"@type":"ListItem","position":1,"name":"Home","item":"https:\/\/easyliferobo.com\/de\/"},{"@type":"ListItem","position":2,"name":"Shop","item":"https:\/\/easyliferobo.com\/de\/shop\/"},{"@type":"ListItem","position":3,"name":"Unger ErgoTec Ninja Soft Komplett-R..."}]},{"@type":"WebSite","@id":"https:\/\/easyliferobo.com\/de\/#website","url":"https:\/\/easyliferobo.com\/de\/","name":"EasyLifeBro","description":"Smarte Roboter f\u00fcr Zuhause, Garten &amp; Bildung","publisher":{"@id":"https:\/\/easyliferobo.com\/de\/#organization"},"potentialAction":[{"@type":"SearchAction","target":{"@type":"EntryPoint","urlTemplate":"https:\/\/easyliferobo.com\/de\/?s={search_term_string}"},"query-input":{"@type":"PropertyValueSpecification","valueRequired":true,"valueName":"search_term_string"}}],"inLanguage":"de"},{"@type":"Organization","@id":"https:\/\/easyliferobo.com\/de\/#organization","name":"EasyLifeBro","url":"https:\/\/easyliferobo.com\/de\/","logo":{"@type":"ImageObject","inLanguage":"de","@id":"https:\/\/easyliferobo.com\/de\/#\/schema\/logo\/image\/","url":"https:\/\/easyliferobo.com\/de\/wp-content\/uploads\/2026\/02\/Screenshot-2026-02-22-at-2.25.03-PM.png","contentUrl":"https:\/\/easyliferobo.com\/de\/wp-content\/uploads\/2026\/02\/Screenshot-2026-02-22-at-2.25.03-PM.png","width":1858,"height":430,"caption":"EasyLifeBro"},"image":{"@id":"https:\/\/easyliferobo.com\/de\/#\/schema\/logo\/image\/"}}]}},"_links":{"self":[{"href":"https:\/\/easyliferobo.com\/de\/wp-json\/wp\/v2\/product\/4039","targetHints":{"allow":["GET"]}}],"collection":[{"href":"https:\/\/easyliferobo.com\/de\/wp-json\/wp\/v2\/product"}],"about":[{"href":"https:\/\/easyliferobo.com\/de\/wp-json\/wp\/v2\/types\/product"}],"replies":[{"embeddable":true,"href":"https:\/\/easyliferobo.com\/de\/wp-json\/wp\/v2\/comments?post=4039"}],"wp:featuredmedia":[{"embeddable":true,"href":"https:\/\/easyliferobo.com\/de\/wp-json\/wp\/v2\/media\/4040"}],"wp:attachment":[{"href":"https:\/\/easyliferobo.com\/de\/wp-json\/wp\/v2\/media?parent=4039"}],"wp:term":[{"taxonomy":"store","embeddable":true,"href":"https:\/\/easyliferobo.com\/de\/wp-json\/wp\/v2\/store?post=4039"},{"taxonomy":"product_brand","embeddable":true,"href":"https:\/\/easyliferobo.com\/de\/wp-json\/wp\/v2\/product_brand?post=4039"},{"taxonomy":"product_cat","embeddable":true,"href":"https:\/\/easyliferobo.com\/de\/wp-json\/wp\/v2\/product_cat?post=4039"},{"taxonomy":"product_tag","embeddable":true,"href":"https:\/\/easyliferobo.com\/de\/wp-json\/wp\/v2\/product_tag?post=4039"}],"curies":[{"name":"wp","href":"https:\/\/api.w.org\/{rel}","templated":true}]}}