
{"id":4020,"date":"2026-02-27T10:44:10","date_gmt":"2026-02-27T10:44:10","guid":{"rendered":"https:\/\/easyliferobo.com\/de\/product\/honiture-saugroboter-mit-wischfunktion-g20-pro-staubsaugerroboter-mit-4500-pa-starker-saugleistung-76-cm-saugroboter-mit-app-steuerung-180-minuten-laufzeit-ideal-fuer-tierhaare\/"},"modified":"2026-02-27T10:44:25","modified_gmt":"2026-02-27T10:44:25","slug":"honiture-saugroboter-mit-wischfunktion-g20-pro-staubsaugerroboter-mit-4500-pa-starker-saugleistung-76-cm-saugroboter-mit-app-steuerung-180-minuten-laufzeit-ideal-fuer-tierhaare","status":"publish","type":"product","link":"https:\/\/easyliferobo.com\/de\/product\/honiture-saugroboter-mit-wischfunktion-g20-pro-staubsaugerroboter-mit-4500-pa-starker-saugleistung-76-cm-saugroboter-mit-app-steuerung-180-minuten-laufzeit-ideal-fuer-tierhaare\/","title":{"rendered":"HONITURE Saugroboter mit Wischfunkt..."},"content":{"rendered":"<p>\n                                             Von der Marke   <\/p>\n<p>                                              <img decoding=\"async\" alt=\"\" src=\"https:\/\/images-na.ssl-images-amazon.com\/images\/G\/01\/x-locale\/common\/grey-pixel.gif\" class=\"a-lazy-loaded\" data-src=\"https:\/\/m.media-amazon.com\/images\/S\/aplus-media-library-service-media\/2b51143e-7747-4cc6-9d42-10308b989b14.__CR0,0,1464,625_PT0_SX1464_V1___.jpg\"><img decoding=\"async\" alt=\"\" src=\"https:\/\/m.media-amazon.com\/images\/S\/aplus-media-library-service-media\/2b51143e-7747-4cc6-9d42-10308b989b14.__CR0,0,1464,625_PT0_SX1464_V1___.jpg\">  <\/p>\n<p>  Wischen Sie nach Links, um mehr zu lesen>> <\/p>\n<p>                                              <img decoding=\"async\" alt=\"\" src=\"https:\/\/images-na.ssl-images-amazon.com\/images\/G\/01\/x-locale\/common\/grey-pixel.gif\" class=\"a-lazy-loaded\" data-src=\"https:\/\/m.media-amazon.com\/images\/S\/aplus-media-library-service-media\/d2d477eb-3b8c-45a5-bb6a-2be6c5044434.__CR0,0,315,145_PT0_SX315_V1___.png\"><img decoding=\"async\" alt=\"\" src=\"https:\/\/m.media-amazon.com\/images\/S\/aplus-media-library-service-media\/d2d477eb-3b8c-45a5-bb6a-2be6c5044434.__CR0,0,315,145_PT0_SX315_V1___.png\">  <\/p>\n<p>  Wir sind eine neue Marke, die sich zum Ziel gesetzt hat, Kunden qualitative und qualitativ hochwertige Produkte anzubieten. <\/p>\n<p>  Die Produkte werden von unserer eigenen Fabrik und anderen Fabriken mit St\u00e4rke und Ruf hergestellt. Die Hauptprodukte sind derzeit Kehrroboter und Haushaltsstaubsauger. <\/p>\n<p>  Wir konzentrieren uns immer auf Kundenzufriedenheit und Produkte und bringen den Kunden effiziente und saubere Produkte. <\/p>\n<h3>  3-in-1 Roboterstaubsauger <\/h3>\n<p>                                              <img decoding=\"async\" alt=\"Roboterstaubsauger auf Hartholzboden mit sichtbaren Kr\u00fcmeln. Das Ger\u00e4t mit schlankem Profil wurde beim Reinigen entlang der Bodenkante gezeigt.\" src=\"https:\/\/images-na.ssl-images-amazon.com\/images\/G\/01\/x-locale\/common\/grey-pixel.gif\" class=\"a-lazy-loaded\" data-src=\"https:\/\/m.media-amazon.com\/images\/S\/aplus-media-library-service-media\/6942eb2c-20fd-4efb-b758-e66320572802.__CR0,0,362,453_PT0_SX362_V1___.jpg\"><img decoding=\"async\" alt=\"Roboterstaubsauger auf Hartholzboden mit sichtbaren Kr\u00fcmeln. Das Ger\u00e4t mit schlankem Profil wurde beim Reinigen entlang der Bodenkante gezeigt.\" src=\"https:\/\/m.media-amazon.com\/images\/S\/aplus-media-library-service-media\/6942eb2c-20fd-4efb-b758-e66320572802.__CR0,0,362,453_PT0_SX362_V1___.jpg\">  <\/p>\n<p>                                              <img decoding=\"async\" alt=\"Runder Roboterstaubsauger auf Holzboden, der verstreute bunte Tr\u00fcmmer entfernt. Dunkelgraues Geh\u00e4use mit blauem Akzent, das seine Reinigungsf\u00e4higkeit auf harten Oberfl\u00e4chen demonstriert\" src=\"https:\/\/images-na.ssl-images-amazon.com\/images\/G\/01\/x-locale\/common\/grey-pixel.gif\" class=\"a-lazy-loaded\" data-src=\"https:\/\/m.media-amazon.com\/images\/S\/aplus-media-library-service-media\/aa19f106-80ec-43a8-8e0c-cdbea902bac6.__CR0,0,362,453_PT0_SX362_V1___.jpg\"><img decoding=\"async\" alt=\"Runder Roboterstaubsauger auf Holzboden, der verstreute bunte Tr\u00fcmmer entfernt. Dunkelgraues Geh\u00e4use mit blauem Akzent, das seine Reinigungsf\u00e4higkeit auf harten Oberfl\u00e4chen demonstriert\" src=\"https:\/\/m.media-amazon.com\/images\/S\/aplus-media-library-service-media\/aa19f106-80ec-43a8-8e0c-cdbea902bac6.__CR0,0,362,453_PT0_SX362_V1___.jpg\">  <\/p>\n<p>                                              <img decoding=\"async\" alt=\"Wei\u00dfer zylindrischer Roboterstaubsauger mit angehobenem Sensor an der Oberseite, der in einer h\u00e4uslichen Umgebung auf einem Holzboden positioniert ist\" src=\"https:\/\/images-na.ssl-images-amazon.com\/images\/G\/01\/x-locale\/common\/grey-pixel.gif\" class=\"a-lazy-loaded\" data-src=\"https:\/\/m.media-amazon.com\/images\/S\/aplus-media-library-service-media\/3670371d-bbd8-41d6-b358-19fdd720c039.__CR0,0,362,453_PT0_SX362_V1___.jpg\"><img decoding=\"async\" alt=\"Wei\u00dfer zylindrischer Roboterstaubsauger mit angehobenem Sensor an der Oberseite, der in einer h\u00e4uslichen Umgebung auf einem Holzboden positioniert ist\" src=\"https:\/\/m.media-amazon.com\/images\/S\/aplus-media-library-service-media\/3670371d-bbd8-41d6-b358-19fdd720c039.__CR0,0,362,453_PT0_SX362_V1___.jpg\">  <\/p>\n<p>                                              <img decoding=\"async\" alt=\"Wei\u00dfer Roboterstaubsauger mit Ladestation neben einem Golden Retriever, der auf einem hellen M\u00f6belst\u00fcck sitzt\" src=\"https:\/\/images-na.ssl-images-amazon.com\/images\/G\/01\/x-locale\/common\/grey-pixel.gif\" class=\"a-lazy-loaded\" data-src=\"https:\/\/m.media-amazon.com\/images\/S\/aplus-media-library-service-media\/4f5f80f0-4d19-41ab-a30c-766582771691.__CR0,0,362,453_PT0_SX362_V1___.jpg\"><img decoding=\"async\" alt=\"Wei\u00dfer Roboterstaubsauger mit Ladestation neben einem Golden Retriever, der auf einem hellen M\u00f6belst\u00fcck sitzt\" src=\"https:\/\/m.media-amazon.com\/images\/S\/aplus-media-library-service-media\/4f5f80f0-4d19-41ab-a30c-766582771691.__CR0,0,362,453_PT0_SX362_V1___.jpg\">  <\/p>\n<p>Revolution\u00e4re Leistungssteigerung: Der Staubsaugerroboter G20 Pro \u00fcberzeugt mit einer starken Saugleistung von 4500 Pa und einem leistungsstarken 3200 mAh Akku f\u00fcr bis zu 180 Minuten Laufzeit, ideal f\u00fcr Fl\u00e4chen bis 200 m\u00b2. Sobald die Reinigung abgeschlossen ist oder der Akkustand niedrig ist, kehrt der Roboter automatisch zur Ladestation zur\u00fcck und ist f\u00fcr den n\u00e4chsten Einsatz bereit. Dieses Ger\u00e4t nutzt die Gyroskop-Navigationstechnologie und kann keine Karten erstellen<br \/>Optimierte Navigation und Hindernisvermeidung: Das intelligente Navigationssystem des G20 Pro Saugroboters plant effiziente Zickzack-Routen, vermeidet Mehrfachreinigungen und erh\u00f6ht die Reinigungsleistung um 50 %. Mit 23 Pr\u00e4zisionssensoren erkennt der Roboter Treppen und Hindernisse pr\u00e4zise und sorgt so f\u00fcr zuverl\u00e4ssigen Schutz vor St\u00fcrzen und Kollisionen sowie eine schonende Handhabung von M\u00f6beln und W\u00e4nden. Beim Reinigen von Teppichen muss der Mopphalter entfernt werden<br \/>Kehren, Staubsaugen &#038; Wischen in einem: Der Saugroboter G20 Pro kann Staubbox und Wassertank gleichzeitig aufnehmen, ohne dass ein Wechsel n\u00f6tig ist. Es unterst\u00fctzt drei Reinigungsmodi: nur Staubsaugen, nur Wischen oder gleichzeitiges Staubsaugen und Wischen. Dadurch wird die Reinigungseffizienz deutlich erh\u00f6ht \u2013 egal ob bei Staub, Kr\u00fcmeln oder Fl\u00fcssigkeiten. Dieses Produkt verf\u00fcgt \u00fcber drei Saugstufen, die an Ihre Bed\u00fcrfnisse angepasst werden k\u00f6nnen<br \/>Kompakt und leistungsstark: Mit einem flachen Design von nur 3 Zoll H\u00f6he gleitet der Saugroboter m\u00fchelos unter niedrige M\u00f6bel wie Betten und Sofas. Der 450-ml-Staubbeh\u00e4lter fasst problemlos gro\u00dfe Mengen Schmutz, unterst\u00fctzt durch ein 3-stufiges HEPA-Filtersystem, das selbst feinste Staubpartikel sicher einf\u00e4ngt. Der elektronisch gesteuerte 250-ml-Wassertank erm\u00f6glicht zudem eine flexible dreistufige Wassermengenregulierung f\u00fcr bedarfsgerechtes Wischen<br \/>APP-STEUERUNG, ALLEXA, FERNBEDIENUNG: Roboterstaubsauger per App in nur 3 Schritten einrichten, unterwegs steuern, Reinigungszeiten planen und verschiedene Modi ausw\u00e4hlen. Das G20 Pro ist mit Alexa und Google Assistant kompatibel und wird mit einer Fernbedienung geliefert. Hinweis: Stellen Sie nur eine Verbindung zu 2,4-GHz-WLAN her (keine 5-GHz-Unterst\u00fctzung).<br \/>Die Wahrheit hinter dem Label \u201eH\u00e4ufig zur\u00fcckgegebene Artikel\u201c: Bei 50 % der R\u00fccksendungen geht es um Passform, Farbe oder kurzen Gebrauch \u2013 nicht um die Produktqualit\u00e4t. 75 % der R\u00fccksendungen sind auf Anwendungsprobleme zur\u00fcckzuf\u00fchren, die mit unserem Tutorial-Video leicht gel\u00f6st werden k\u00f6nnen. Unsere Technologieexperten beantworten rund um die Uhr alle Fragen. Statt zur\u00fcckzuschicken, bieten wir Ihnen bessere L\u00f6sungen. Beschr\u00e4nken Sie sich nicht auf Bilder oder Etiketten \u2013 probieren Sie es zu Hause aus, beispielsweise im Laden! 80 % der Kunden behalten es. Lassen Sie sich nicht vom Etikett t\u00e4uschen \u2013 vielleicht ist dies genau die Reinigungshilfe, die Sie brauchen!<\/p>\n<p>[ad_2]<\/p>\n","protected":false},"excerpt":{"rendered":"<p>Von der Marke Wischen Sie nach Links, um mehr zu lesen>> Wir sind eine neue Marke, die sich zum Ziel gesetzt hat, Kunden qualitative und qualitativ hochwertige Produkte anzubieten. Die Produkte werden von unserer eigenen Fabrik und anderen Fabriken mit St\u00e4rke und Ruf hergestellt. Die Hauptprodukte sind derzeit Kehrroboter und Haushaltsstaubsauger. Wir konzentrieren uns immer [&hellip;]<\/p>\n","protected":false},"featured_media":4021,"comment_status":"open","ping_status":"closed","template":"","meta":{"_aipt_faq_data":""},"store":[],"product_brand":[387],"product_cat":[76],"product_tag":[386],"class_list":{"0":"post-4020","1":"product","2":"type-product","3":"status-publish","4":"has-post-thumbnail","6":"product_brand-honiture","7":"product_cat-staubsauger-roboter-mit-wischfunktion","8":"product_tag-staubsauger-roboter-mit-wischfunktion-saugkraft-stark","10":"first","11":"instock","12":"sale","13":"shipping-taxable","14":"product-type-external"},"yoast_head":"<!-- This site is optimized with the Yoast SEO plugin v27.4 - https:\/\/yoast.com\/product\/yoast-seo-wordpress\/ -->\n<title>HONITURE Saugroboter mit Wischfunktion, G20 Pro Staubsaugerroboter mit 4500 Pa starker Saugleistung, 7,6 cm Saugroboter mit App-Steuerung, 180 Minuten Laufzeit, ideal f\u00fcr Tierhaare - EasyLifeBro<\/title>\n<meta name=\"description\" content=\"Entdecken Sie smarte Roboter f\u00fcr Zuhause, Garten, Bildung und Sicherheit. Vergleichen Sie Saugroboter, Rasenm\u00e4hroboter, KI-Begleitroboter und mehr bei EasyLifeRobo.\" \/>\n<meta name=\"robots\" content=\"index, follow, max-snippet:-1, max-image-preview:large, max-video-preview:-1\" \/>\n<link rel=\"canonical\" href=\"https:\/\/easyliferobo.com\/de\/product\/honiture-saugroboter-mit-wischfunktion-g20-pro-staubsaugerroboter-mit-4500-pa-starker-saugleistung-76-cm-saugroboter-mit-app-steuerung-180-minuten-laufzeit-ideal-fuer-tierhaare\/\" \/>\n<meta property=\"og:locale\" content=\"de_DE\" \/>\n<meta property=\"og:type\" content=\"article\" \/>\n<meta property=\"og:title\" content=\"HONITURE Saugroboter mit Wischfunktion, G20 Pro Staubsaugerroboter mit 4500 Pa starker Saugleistung, 7,6 cm Saugroboter mit App-Steuerung, 180 Minuten Laufzeit, ideal f\u00fcr Tierhaare - EasyLifeBro\" \/>\n<meta property=\"og:description\" content=\"Entdecken Sie smarte Roboter f\u00fcr Zuhause, Garten, Bildung und Sicherheit. Vergleichen Sie Saugroboter, Rasenm\u00e4hroboter, KI-Begleitroboter und mehr bei EasyLifeRobo.\" \/>\n<meta property=\"og:url\" content=\"https:\/\/easyliferobo.com\/de\/product\/honiture-saugroboter-mit-wischfunktion-g20-pro-staubsaugerroboter-mit-4500-pa-starker-saugleistung-76-cm-saugroboter-mit-app-steuerung-180-minuten-laufzeit-ideal-fuer-tierhaare\/\" \/>\n<meta property=\"og:site_name\" content=\"EasyLifeBro\" \/>\n<meta property=\"article:modified_time\" content=\"2026-02-27T10:44:25+00:00\" \/>\n<meta property=\"og:image\" content=\"https:\/\/images-na.ssl-images-amazon.com\/images\/G\/01\/x-locale\/common\/grey-pixel.gif\" \/>\n<meta name=\"twitter:card\" content=\"summary_large_image\" \/>\n<meta name=\"twitter:label1\" content=\"Gesch\u00e4tzte Lesezeit\" \/>\n\t<meta name=\"twitter:data1\" content=\"2\u00a0Minuten\" \/>\n<script type=\"application\/ld+json\" class=\"yoast-schema-graph\">{\"@context\":\"https:\\\/\\\/schema.org\",\"@graph\":[{\"@type\":\"WebPage\",\"@id\":\"https:\\\/\\\/easyliferobo.com\\\/de\\\/product\\\/honiture-saugroboter-mit-wischfunktion-g20-pro-staubsaugerroboter-mit-4500-pa-starker-saugleistung-76-cm-saugroboter-mit-app-steuerung-180-minuten-laufzeit-ideal-fuer-tierhaare\\\/\",\"url\":\"https:\\\/\\\/easyliferobo.com\\\/de\\\/product\\\/honiture-saugroboter-mit-wischfunktion-g20-pro-staubsaugerroboter-mit-4500-pa-starker-saugleistung-76-cm-saugroboter-mit-app-steuerung-180-minuten-laufzeit-ideal-fuer-tierhaare\\\/\",\"name\":\"HONITURE Saugroboter mit Wischfunktion, G20 Pro Staubsaugerroboter mit 4500 Pa starker Saugleistung, 7,6 cm Saugroboter mit App-Steuerung, 180 Minuten Laufzeit, ideal f\u00fcr Tierhaare - EasyLifeBro\",\"isPartOf\":{\"@id\":\"https:\\\/\\\/easyliferobo.com\\\/de\\\/#website\"},\"primaryImageOfPage\":{\"@id\":\"https:\\\/\\\/easyliferobo.com\\\/de\\\/product\\\/honiture-saugroboter-mit-wischfunktion-g20-pro-staubsaugerroboter-mit-4500-pa-starker-saugleistung-76-cm-saugroboter-mit-app-steuerung-180-minuten-laufzeit-ideal-fuer-tierhaare\\\/#primaryimage\"},\"image\":{\"@id\":\"https:\\\/\\\/easyliferobo.com\\\/de\\\/product\\\/honiture-saugroboter-mit-wischfunktion-g20-pro-staubsaugerroboter-mit-4500-pa-starker-saugleistung-76-cm-saugroboter-mit-app-steuerung-180-minuten-laufzeit-ideal-fuer-tierhaare\\\/#primaryimage\"},\"thumbnailUrl\":\"https:\\\/\\\/easyliferobo.com\\\/de\\\/wp-content\\\/uploads\\\/2026\\\/02\\\/81qtsjbc8tL._AC_SL1500_.jpg\",\"datePublished\":\"2026-02-27T10:44:10+00:00\",\"dateModified\":\"2026-02-27T10:44:25+00:00\",\"description\":\"Entdecken Sie smarte Roboter f\u00fcr Zuhause, Garten, Bildung und Sicherheit. Vergleichen Sie Saugroboter, Rasenm\u00e4hroboter, KI-Begleitroboter und mehr bei EasyLifeRobo.\",\"breadcrumb\":{\"@id\":\"https:\\\/\\\/easyliferobo.com\\\/de\\\/product\\\/honiture-saugroboter-mit-wischfunktion-g20-pro-staubsaugerroboter-mit-4500-pa-starker-saugleistung-76-cm-saugroboter-mit-app-steuerung-180-minuten-laufzeit-ideal-fuer-tierhaare\\\/#breadcrumb\"},\"inLanguage\":\"de\",\"potentialAction\":[{\"@type\":\"ReadAction\",\"target\":[\"https:\\\/\\\/easyliferobo.com\\\/de\\\/product\\\/honiture-saugroboter-mit-wischfunktion-g20-pro-staubsaugerroboter-mit-4500-pa-starker-saugleistung-76-cm-saugroboter-mit-app-steuerung-180-minuten-laufzeit-ideal-fuer-tierhaare\\\/\"]}]},{\"@type\":\"ImageObject\",\"inLanguage\":\"de\",\"@id\":\"https:\\\/\\\/easyliferobo.com\\\/de\\\/product\\\/honiture-saugroboter-mit-wischfunktion-g20-pro-staubsaugerroboter-mit-4500-pa-starker-saugleistung-76-cm-saugroboter-mit-app-steuerung-180-minuten-laufzeit-ideal-fuer-tierhaare\\\/#primaryimage\",\"url\":\"https:\\\/\\\/easyliferobo.com\\\/de\\\/wp-content\\\/uploads\\\/2026\\\/02\\\/81qtsjbc8tL._AC_SL1500_.jpg\",\"contentUrl\":\"https:\\\/\\\/easyliferobo.com\\\/de\\\/wp-content\\\/uploads\\\/2026\\\/02\\\/81qtsjbc8tL._AC_SL1500_.jpg\",\"width\":1500,\"height\":1449},{\"@type\":\"BreadcrumbList\",\"@id\":\"https:\\\/\\\/easyliferobo.com\\\/de\\\/product\\\/honiture-saugroboter-mit-wischfunktion-g20-pro-staubsaugerroboter-mit-4500-pa-starker-saugleistung-76-cm-saugroboter-mit-app-steuerung-180-minuten-laufzeit-ideal-fuer-tierhaare\\\/#breadcrumb\",\"itemListElement\":[{\"@type\":\"ListItem\",\"position\":1,\"name\":\"Home\",\"item\":\"https:\\\/\\\/easyliferobo.com\\\/de\\\/\"},{\"@type\":\"ListItem\",\"position\":2,\"name\":\"Shop\",\"item\":\"https:\\\/\\\/easyliferobo.com\\\/de\\\/shop\\\/\"},{\"@type\":\"ListItem\",\"position\":3,\"name\":\"HONITURE Saugroboter mit Wischfunkt...\"}]},{\"@type\":\"WebSite\",\"@id\":\"https:\\\/\\\/easyliferobo.com\\\/de\\\/#website\",\"url\":\"https:\\\/\\\/easyliferobo.com\\\/de\\\/\",\"name\":\"EasyLifeBro\",\"description\":\"Smarte Roboter f\u00fcr Zuhause, Garten &amp; Bildung\",\"publisher\":{\"@id\":\"https:\\\/\\\/easyliferobo.com\\\/de\\\/#organization\"},\"potentialAction\":[{\"@type\":\"SearchAction\",\"target\":{\"@type\":\"EntryPoint\",\"urlTemplate\":\"https:\\\/\\\/easyliferobo.com\\\/de\\\/?s={search_term_string}\"},\"query-input\":{\"@type\":\"PropertyValueSpecification\",\"valueRequired\":true,\"valueName\":\"search_term_string\"}}],\"inLanguage\":\"de\"},{\"@type\":\"Organization\",\"@id\":\"https:\\\/\\\/easyliferobo.com\\\/de\\\/#organization\",\"name\":\"EasyLifeBro\",\"url\":\"https:\\\/\\\/easyliferobo.com\\\/de\\\/\",\"logo\":{\"@type\":\"ImageObject\",\"inLanguage\":\"de\",\"@id\":\"https:\\\/\\\/easyliferobo.com\\\/de\\\/#\\\/schema\\\/logo\\\/image\\\/\",\"url\":\"https:\\\/\\\/easyliferobo.com\\\/de\\\/wp-content\\\/uploads\\\/2026\\\/02\\\/Screenshot-2026-02-22-at-2.25.03-PM.png\",\"contentUrl\":\"https:\\\/\\\/easyliferobo.com\\\/de\\\/wp-content\\\/uploads\\\/2026\\\/02\\\/Screenshot-2026-02-22-at-2.25.03-PM.png\",\"width\":1858,\"height\":430,\"caption\":\"EasyLifeBro\"},\"image\":{\"@id\":\"https:\\\/\\\/easyliferobo.com\\\/de\\\/#\\\/schema\\\/logo\\\/image\\\/\"}}]}<\/script>\n<!-- \/ Yoast SEO plugin. -->","yoast_head_json":{"title":"HONITURE Saugroboter mit Wischfunktion, G20 Pro Staubsaugerroboter mit 4500 Pa starker Saugleistung, 7,6 cm Saugroboter mit App-Steuerung, 180 Minuten Laufzeit, ideal f\u00fcr Tierhaare - EasyLifeBro","description":"Entdecken Sie smarte Roboter f\u00fcr Zuhause, Garten, Bildung und Sicherheit. Vergleichen Sie Saugroboter, Rasenm\u00e4hroboter, KI-Begleitroboter und mehr bei EasyLifeRobo.","robots":{"index":"index","follow":"follow","max-snippet":"max-snippet:-1","max-image-preview":"max-image-preview:large","max-video-preview":"max-video-preview:-1"},"canonical":"https:\/\/easyliferobo.com\/de\/product\/honiture-saugroboter-mit-wischfunktion-g20-pro-staubsaugerroboter-mit-4500-pa-starker-saugleistung-76-cm-saugroboter-mit-app-steuerung-180-minuten-laufzeit-ideal-fuer-tierhaare\/","og_locale":"de_DE","og_type":"article","og_title":"HONITURE Saugroboter mit Wischfunktion, G20 Pro Staubsaugerroboter mit 4500 Pa starker Saugleistung, 7,6 cm Saugroboter mit App-Steuerung, 180 Minuten Laufzeit, ideal f\u00fcr Tierhaare - EasyLifeBro","og_description":"Entdecken Sie smarte Roboter f\u00fcr Zuhause, Garten, Bildung und Sicherheit. Vergleichen Sie Saugroboter, Rasenm\u00e4hroboter, KI-Begleitroboter und mehr bei EasyLifeRobo.","og_url":"https:\/\/easyliferobo.com\/de\/product\/honiture-saugroboter-mit-wischfunktion-g20-pro-staubsaugerroboter-mit-4500-pa-starker-saugleistung-76-cm-saugroboter-mit-app-steuerung-180-minuten-laufzeit-ideal-fuer-tierhaare\/","og_site_name":"EasyLifeBro","article_modified_time":"2026-02-27T10:44:25+00:00","og_image":[{"url":"https:\/\/images-na.ssl-images-amazon.com\/images\/G\/01\/x-locale\/common\/grey-pixel.gif","type":"","width":"","height":""}],"twitter_card":"summary_large_image","twitter_misc":{"Gesch\u00e4tzte Lesezeit":"2\u00a0Minuten"},"schema":{"@context":"https:\/\/schema.org","@graph":[{"@type":"WebPage","@id":"https:\/\/easyliferobo.com\/de\/product\/honiture-saugroboter-mit-wischfunktion-g20-pro-staubsaugerroboter-mit-4500-pa-starker-saugleistung-76-cm-saugroboter-mit-app-steuerung-180-minuten-laufzeit-ideal-fuer-tierhaare\/","url":"https:\/\/easyliferobo.com\/de\/product\/honiture-saugroboter-mit-wischfunktion-g20-pro-staubsaugerroboter-mit-4500-pa-starker-saugleistung-76-cm-saugroboter-mit-app-steuerung-180-minuten-laufzeit-ideal-fuer-tierhaare\/","name":"HONITURE Saugroboter mit Wischfunktion, G20 Pro Staubsaugerroboter mit 4500 Pa starker Saugleistung, 7,6 cm Saugroboter mit App-Steuerung, 180 Minuten Laufzeit, ideal f\u00fcr Tierhaare - EasyLifeBro","isPartOf":{"@id":"https:\/\/easyliferobo.com\/de\/#website"},"primaryImageOfPage":{"@id":"https:\/\/easyliferobo.com\/de\/product\/honiture-saugroboter-mit-wischfunktion-g20-pro-staubsaugerroboter-mit-4500-pa-starker-saugleistung-76-cm-saugroboter-mit-app-steuerung-180-minuten-laufzeit-ideal-fuer-tierhaare\/#primaryimage"},"image":{"@id":"https:\/\/easyliferobo.com\/de\/product\/honiture-saugroboter-mit-wischfunktion-g20-pro-staubsaugerroboter-mit-4500-pa-starker-saugleistung-76-cm-saugroboter-mit-app-steuerung-180-minuten-laufzeit-ideal-fuer-tierhaare\/#primaryimage"},"thumbnailUrl":"https:\/\/easyliferobo.com\/de\/wp-content\/uploads\/2026\/02\/81qtsjbc8tL._AC_SL1500_.jpg","datePublished":"2026-02-27T10:44:10+00:00","dateModified":"2026-02-27T10:44:25+00:00","description":"Entdecken Sie smarte Roboter f\u00fcr Zuhause, Garten, Bildung und Sicherheit. Vergleichen Sie Saugroboter, Rasenm\u00e4hroboter, KI-Begleitroboter und mehr bei EasyLifeRobo.","breadcrumb":{"@id":"https:\/\/easyliferobo.com\/de\/product\/honiture-saugroboter-mit-wischfunktion-g20-pro-staubsaugerroboter-mit-4500-pa-starker-saugleistung-76-cm-saugroboter-mit-app-steuerung-180-minuten-laufzeit-ideal-fuer-tierhaare\/#breadcrumb"},"inLanguage":"de","potentialAction":[{"@type":"ReadAction","target":["https:\/\/easyliferobo.com\/de\/product\/honiture-saugroboter-mit-wischfunktion-g20-pro-staubsaugerroboter-mit-4500-pa-starker-saugleistung-76-cm-saugroboter-mit-app-steuerung-180-minuten-laufzeit-ideal-fuer-tierhaare\/"]}]},{"@type":"ImageObject","inLanguage":"de","@id":"https:\/\/easyliferobo.com\/de\/product\/honiture-saugroboter-mit-wischfunktion-g20-pro-staubsaugerroboter-mit-4500-pa-starker-saugleistung-76-cm-saugroboter-mit-app-steuerung-180-minuten-laufzeit-ideal-fuer-tierhaare\/#primaryimage","url":"https:\/\/easyliferobo.com\/de\/wp-content\/uploads\/2026\/02\/81qtsjbc8tL._AC_SL1500_.jpg","contentUrl":"https:\/\/easyliferobo.com\/de\/wp-content\/uploads\/2026\/02\/81qtsjbc8tL._AC_SL1500_.jpg","width":1500,"height":1449},{"@type":"BreadcrumbList","@id":"https:\/\/easyliferobo.com\/de\/product\/honiture-saugroboter-mit-wischfunktion-g20-pro-staubsaugerroboter-mit-4500-pa-starker-saugleistung-76-cm-saugroboter-mit-app-steuerung-180-minuten-laufzeit-ideal-fuer-tierhaare\/#breadcrumb","itemListElement":[{"@type":"ListItem","position":1,"name":"Home","item":"https:\/\/easyliferobo.com\/de\/"},{"@type":"ListItem","position":2,"name":"Shop","item":"https:\/\/easyliferobo.com\/de\/shop\/"},{"@type":"ListItem","position":3,"name":"HONITURE Saugroboter mit Wischfunkt..."}]},{"@type":"WebSite","@id":"https:\/\/easyliferobo.com\/de\/#website","url":"https:\/\/easyliferobo.com\/de\/","name":"EasyLifeBro","description":"Smarte Roboter f\u00fcr Zuhause, Garten &amp; Bildung","publisher":{"@id":"https:\/\/easyliferobo.com\/de\/#organization"},"potentialAction":[{"@type":"SearchAction","target":{"@type":"EntryPoint","urlTemplate":"https:\/\/easyliferobo.com\/de\/?s={search_term_string}"},"query-input":{"@type":"PropertyValueSpecification","valueRequired":true,"valueName":"search_term_string"}}],"inLanguage":"de"},{"@type":"Organization","@id":"https:\/\/easyliferobo.com\/de\/#organization","name":"EasyLifeBro","url":"https:\/\/easyliferobo.com\/de\/","logo":{"@type":"ImageObject","inLanguage":"de","@id":"https:\/\/easyliferobo.com\/de\/#\/schema\/logo\/image\/","url":"https:\/\/easyliferobo.com\/de\/wp-content\/uploads\/2026\/02\/Screenshot-2026-02-22-at-2.25.03-PM.png","contentUrl":"https:\/\/easyliferobo.com\/de\/wp-content\/uploads\/2026\/02\/Screenshot-2026-02-22-at-2.25.03-PM.png","width":1858,"height":430,"caption":"EasyLifeBro"},"image":{"@id":"https:\/\/easyliferobo.com\/de\/#\/schema\/logo\/image\/"}}]}},"_links":{"self":[{"href":"https:\/\/easyliferobo.com\/de\/wp-json\/wp\/v2\/product\/4020","targetHints":{"allow":["GET"]}}],"collection":[{"href":"https:\/\/easyliferobo.com\/de\/wp-json\/wp\/v2\/product"}],"about":[{"href":"https:\/\/easyliferobo.com\/de\/wp-json\/wp\/v2\/types\/product"}],"replies":[{"embeddable":true,"href":"https:\/\/easyliferobo.com\/de\/wp-json\/wp\/v2\/comments?post=4020"}],"wp:featuredmedia":[{"embeddable":true,"href":"https:\/\/easyliferobo.com\/de\/wp-json\/wp\/v2\/media\/4021"}],"wp:attachment":[{"href":"https:\/\/easyliferobo.com\/de\/wp-json\/wp\/v2\/media?parent=4020"}],"wp:term":[{"taxonomy":"store","embeddable":true,"href":"https:\/\/easyliferobo.com\/de\/wp-json\/wp\/v2\/store?post=4020"},{"taxonomy":"product_brand","embeddable":true,"href":"https:\/\/easyliferobo.com\/de\/wp-json\/wp\/v2\/product_brand?post=4020"},{"taxonomy":"product_cat","embeddable":true,"href":"https:\/\/easyliferobo.com\/de\/wp-json\/wp\/v2\/product_cat?post=4020"},{"taxonomy":"product_tag","embeddable":true,"href":"https:\/\/easyliferobo.com\/de\/wp-json\/wp\/v2\/product_tag?post=4020"}],"curies":[{"name":"wp","href":"https:\/\/api.w.org\/{rel}","templated":true}]}}