
{"id":4010,"date":"2026-02-27T10:43:02","date_gmt":"2026-02-27T10:43:02","guid":{"rendered":"https:\/\/easyliferobo.com\/de\/product\/technik-roboter-fuer-kinder-mit-led-licht-5-in-1-app-und-fernbedienungs-set-rc-roboter-kettenfahrzeug-racer-technic-panzer-autoschlitten-wiederaufladbar-geschenk-fuer-jungen-und-maedchen-von-6\/"},"modified":"2026-02-27T10:43:22","modified_gmt":"2026-02-27T10:43:22","slug":"technik-roboter-fuer-kinder-mit-led-licht-5-in-1-app-und-fernbedienungs-set-rc-roboter-kettenfahrzeug-racer-technic-panzer-autoschlitten-wiederaufladbar-geschenk-fuer-jungen-und-maedchen-von-6","status":"publish","type":"product","link":"https:\/\/easyliferobo.com\/de\/product\/technik-roboter-fuer-kinder-mit-led-licht-5-in-1-app-und-fernbedienungs-set-rc-roboter-kettenfahrzeug-racer-technic-panzer-autoschlitten-wiederaufladbar-geschenk-fuer-jungen-und-maedchen-von-6\/","title":{"rendered":"Technik-Roboter f\u00fcr Kinder mit LED..."},"content":{"rendered":"<p>\n                                             Von der Marke   <\/p>\n<p>                                              <img decoding=\"async\" alt=\"1\" src=\"https:\/\/images-na.ssl-images-amazon.com\/images\/G\/01\/x-locale\/common\/grey-pixel.gif\" class=\"a-lazy-loaded\" data-src=\"https:\/\/m.media-amazon.com\/images\/S\/aplus-media-library-service-media\/6e01382d-3b52-46cf-b52a-4ebcf3cbc09a.__CR0,0,1464,625_PT0_SX1464_V1___.jpg\"><img decoding=\"async\" alt=\"1\" src=\"https:\/\/m.media-amazon.com\/images\/S\/aplus-media-library-service-media\/6e01382d-3b52-46cf-b52a-4ebcf3cbc09a.__CR0,0,1464,625_PT0_SX1464_V1___.jpg\">  <\/p>\n<p>                                              <img decoding=\"async\" alt=\"\" src=\"https:\/\/images-na.ssl-images-amazon.com\/images\/G\/01\/x-locale\/common\/grey-pixel.gif\" class=\"a-lazy-loaded\" data-src=\"https:\/\/m.media-amazon.com\/images\/S\/aplus-media-library-service-media\/47356913-c488-4954-b993-9efbf15a9033.__CR0,22,4013,1847_PT0_SX315_V1___.png\"><img decoding=\"async\" alt=\"\" src=\"https:\/\/m.media-amazon.com\/images\/S\/aplus-media-library-service-media\/47356913-c488-4954-b993-9efbf15a9033.__CR0,22,4013,1847_PT0_SX315_V1___.png\">  <\/p>\n<p>  HiWEEGO ist eine wachsende Spielzeugmarke, die stets bestrebt ist, ihre Produkte basierend auf Kundenbed\u00fcrfnissen und Branchentrends zu erneuern und zu verbessern. <\/p>\n<p>  Unser Ziel ist es, Ihnen hochwertige Bausteinprodukte anzubieten, damit Sie jederzeit und \u00fcberall den Spa\u00df erleben k\u00f6nnen, den Bausteinspielzeug Ihnen bereitet! <\/p>\n<h3>  Bausatz f\u00fcr Jungen <\/h3>\n<h3>  Hei\u00dfe Verk\u00e4ufe <\/h3>\n<h3>  Bausatz f\u00fcr Jungen <\/h3>\n<p>5-in-1-Technologieroboter-Konstruktionsspielzeug \u2013 HiWEEGO-Roboterspielzeug enth\u00e4lt 5 tolle Modelle: darunter einen Technologieroboter, einen Kettenpanzer, ein Stuntfahrzeug, ein Rennfahrzeug oder ein Schlittenauto. . Dieses Bauset regt nicht nur die Fantasie der Kinder an, sondern vermittelt ihnen auch Erfolgserlebnisse beim L\u00f6sen von Problemen. Dadurch wird das Lernen positiv, unterhaltsam und herausfordernd. (Es kann jeweils nur ein Modell gebaut werden.)<br \/>Farbiges LED-Licht und wiederaufladbarer Akku \u2013 Dieser Technik-Baukasten ist mit einem dynamischen LED-Beleuchtungssystem ausgestattet. Wenn sich der Roboter bewegt, wechselt das Licht zu Blau, Gr\u00fcn und Lila, wodurch eine coole Lichtshow entsteht. Der Roboter verf\u00fcgt \u00fcber einen wiederaufladbaren 300-mAh-Lithium-Akku mit einer Laufzeit von bis zu 20 Minuten. Dadurch entf\u00e4llt der h\u00e4ufige Batteriewechsel und Jungen und M\u00e4dchen k\u00f6nnen ungest\u00f6rt kreativ spielen und ein intensives Lichterlebnis genie\u00dfen.<br \/>Exklusiver Hochleistungsmotor und Gel\u00e4ndetauglichkeit \u2013 Im Gegensatz zu herk\u00f6mmlichen Fahrzeugbauspielzeugen wird dieser technisch ferngesteuerte Roboter von einem 7,4-V-Hochgeschwindigkeitsmotor angetrieben, der bis zu 680 U\/min und ein Drehmoment von 2,5 kgf.cm liefert \u2013 fast doppelt so viel Leistung wie ein herk\u00f6mmlicher 3,7-V-Motor. Das rutschfeste Kettensystem sorgt f\u00fcr au\u00dfergew\u00f6hnlichen Halt. Das bedeutet h\u00f6here Geschwindigkeit, mehr Leistung und stabilere Leistung, egal ob beim Rennen auf glatten Oberfl\u00e4chen, beim Galoppieren auf Teppichen oder beim Durchqueren unwegsamen Gel\u00e4ndes.<br \/>Doppelte Kontrolle, abwechslungsreiches Gameplay \u2013 Dieses Fahrzeugtechnik-Set unterst\u00fctzt zwei Steuerungsmodi \u00fcber eine kostenlos herunterladbare App und eine 2,4-GHz-Fernbedienung mit einer effektiven Reichweite von bis zu 50 Metern und ist somit flexibel und bequem zu bedienen. Kinder k\u00f6nnen frei zwischen vier Spa\u00dfmodi wechseln \u2013 Pfadmodus, Kreiselmodus, Fahrmodus und Programmiermodus \u2013 um logisches Denken und Kreativit\u00e4t durch Erkundungen und Herausforderungen zu f\u00f6rdern und gleichzeitig den endlosen Spa\u00df zu genie\u00dfen, den die Technologie mit sich bringt.<br \/>P\u00c4DAGOGISCHES UND UNTERHALTENDES GESCHENK Suchen Sie nach dem perfekten Geschenk f\u00fcr Ihre Kinder? Dieser 5-in-1-Roboterbausatz enth\u00e4lt 604 hochwertige ABS-Bausteine, die in mehreren Modi flexibel kombiniert werden k\u00f6nnen. Dieses RC-Technikspielzeug f\u00f6rdert die Eltern-Kind-Interaktion und Teamarbeit und ist daher ein ideales Geschenk f\u00fcr Jungen und M\u00e4dchen im Alter von 6\u201312 Jahren, perfekt f\u00fcr Geburtstage, Weihnachten, Kindertag, Neujahr und andere festliche Anl\u00e4sse. Auch bei Nichtgebrauch kann es als Dekoration f\u00fcr das Kinderzimmer oder den Schreibtisch dienen.<\/p>\n<p>[ad_2]<\/p>\n","protected":false},"excerpt":{"rendered":"<p>Von der Marke HiWEEGO ist eine wachsende Spielzeugmarke, die stets bestrebt ist, ihre Produkte basierend auf Kundenbed\u00fcrfnissen und Branchentrends zu erneuern und zu verbessern. Unser Ziel ist es, Ihnen hochwertige Bausteinprodukte anzubieten, damit Sie jederzeit und \u00fcberall den Spa\u00df erleben k\u00f6nnen, den Bausteinspielzeug Ihnen bereitet! Bausatz f\u00fcr Jungen Hei\u00dfe Verk\u00e4ufe Bausatz f\u00fcr Jungen 5-in-1-Technologieroboter-Konstruktionsspielzeug \u2013 [&hellip;]<\/p>\n","protected":false},"featured_media":4011,"comment_status":"open","ping_status":"closed","template":"","meta":{"_aipt_faq_data":""},"store":[],"product_brand":[],"product_cat":[78],"product_tag":[385],"class_list":{"0":"post-4010","1":"product","2":"type-product","3":"status-publish","4":"has-post-thumbnail","6":"product_cat-programmierroboter-fuer-kinder","7":"product_tag-programmierroboter-fuer-kinder-mit-led","9":"first","10":"instock","11":"sale","12":"shipping-taxable","13":"product-type-external"},"yoast_head":"<!-- This site is optimized with the Yoast SEO plugin v27.4 - https:\/\/yoast.com\/product\/yoast-seo-wordpress\/ -->\n<title>Technik-Roboter f\u00fcr Kinder mit LED-Licht, 5-in-1-App und Fernbedienungs-Set, RC-Roboter\/Kettenfahrzeug\/Racer\/Technic-Panzer\/Autoschlitten, wiederaufladbar, Geschenk f\u00fcr Jungen und M\u00e4dchen von 6\u201312 Jahren - EasyLifeBro<\/title>\n<meta name=\"description\" content=\"Entdecken Sie smarte Roboter f\u00fcr Zuhause, Garten, Bildung und Sicherheit. Vergleichen Sie Saugroboter, Rasenm\u00e4hroboter, KI-Begleitroboter und mehr bei EasyLifeRobo.\" \/>\n<meta name=\"robots\" content=\"index, follow, max-snippet:-1, max-image-preview:large, max-video-preview:-1\" \/>\n<link rel=\"canonical\" href=\"https:\/\/easyliferobo.com\/de\/product\/technik-roboter-fuer-kinder-mit-led-licht-5-in-1-app-und-fernbedienungs-set-rc-roboter-kettenfahrzeug-racer-technic-panzer-autoschlitten-wiederaufladbar-geschenk-fuer-jungen-und-maedchen-von-6\/\" \/>\n<meta property=\"og:locale\" content=\"de_DE\" \/>\n<meta property=\"og:type\" content=\"article\" \/>\n<meta property=\"og:title\" content=\"Technik-Roboter f\u00fcr Kinder mit LED-Licht, 5-in-1-App und Fernbedienungs-Set, RC-Roboter\/Kettenfahrzeug\/Racer\/Technic-Panzer\/Autoschlitten, wiederaufladbar, Geschenk f\u00fcr Jungen und M\u00e4dchen von 6\u201312 Jahren - EasyLifeBro\" \/>\n<meta property=\"og:description\" content=\"Entdecken Sie smarte Roboter f\u00fcr Zuhause, Garten, Bildung und Sicherheit. Vergleichen Sie Saugroboter, Rasenm\u00e4hroboter, KI-Begleitroboter und mehr bei EasyLifeRobo.\" \/>\n<meta property=\"og:url\" content=\"https:\/\/easyliferobo.com\/de\/product\/technik-roboter-fuer-kinder-mit-led-licht-5-in-1-app-und-fernbedienungs-set-rc-roboter-kettenfahrzeug-racer-technic-panzer-autoschlitten-wiederaufladbar-geschenk-fuer-jungen-und-maedchen-von-6\/\" \/>\n<meta property=\"og:site_name\" content=\"EasyLifeBro\" \/>\n<meta property=\"article:modified_time\" content=\"2026-02-27T10:43:22+00:00\" \/>\n<meta property=\"og:image\" content=\"https:\/\/images-na.ssl-images-amazon.com\/images\/G\/01\/x-locale\/common\/grey-pixel.gif\" \/>\n<meta name=\"twitter:card\" content=\"summary_large_image\" \/>\n<meta name=\"twitter:label1\" content=\"Gesch\u00e4tzte Lesezeit\" \/>\n\t<meta name=\"twitter:data1\" content=\"2\u00a0Minuten\" \/>\n<script type=\"application\/ld+json\" class=\"yoast-schema-graph\">{\"@context\":\"https:\\\/\\\/schema.org\",\"@graph\":[{\"@type\":\"WebPage\",\"@id\":\"https:\\\/\\\/easyliferobo.com\\\/de\\\/product\\\/technik-roboter-fuer-kinder-mit-led-licht-5-in-1-app-und-fernbedienungs-set-rc-roboter-kettenfahrzeug-racer-technic-panzer-autoschlitten-wiederaufladbar-geschenk-fuer-jungen-und-maedchen-von-6\\\/\",\"url\":\"https:\\\/\\\/easyliferobo.com\\\/de\\\/product\\\/technik-roboter-fuer-kinder-mit-led-licht-5-in-1-app-und-fernbedienungs-set-rc-roboter-kettenfahrzeug-racer-technic-panzer-autoschlitten-wiederaufladbar-geschenk-fuer-jungen-und-maedchen-von-6\\\/\",\"name\":\"Technik-Roboter f\u00fcr Kinder mit LED-Licht, 5-in-1-App und Fernbedienungs-Set, RC-Roboter\\\/Kettenfahrzeug\\\/Racer\\\/Technic-Panzer\\\/Autoschlitten, wiederaufladbar, Geschenk f\u00fcr Jungen und M\u00e4dchen von 6\u201312 Jahren - EasyLifeBro\",\"isPartOf\":{\"@id\":\"https:\\\/\\\/easyliferobo.com\\\/de\\\/#website\"},\"primaryImageOfPage\":{\"@id\":\"https:\\\/\\\/easyliferobo.com\\\/de\\\/product\\\/technik-roboter-fuer-kinder-mit-led-licht-5-in-1-app-und-fernbedienungs-set-rc-roboter-kettenfahrzeug-racer-technic-panzer-autoschlitten-wiederaufladbar-geschenk-fuer-jungen-und-maedchen-von-6\\\/#primaryimage\"},\"image\":{\"@id\":\"https:\\\/\\\/easyliferobo.com\\\/de\\\/product\\\/technik-roboter-fuer-kinder-mit-led-licht-5-in-1-app-und-fernbedienungs-set-rc-roboter-kettenfahrzeug-racer-technic-panzer-autoschlitten-wiederaufladbar-geschenk-fuer-jungen-und-maedchen-von-6\\\/#primaryimage\"},\"thumbnailUrl\":\"https:\\\/\\\/easyliferobo.com\\\/de\\\/wp-content\\\/uploads\\\/2026\\\/02\\\/81UTs8tT1VL._AC_SL1300_.jpg\",\"datePublished\":\"2026-02-27T10:43:02+00:00\",\"dateModified\":\"2026-02-27T10:43:22+00:00\",\"description\":\"Entdecken Sie smarte Roboter f\u00fcr Zuhause, Garten, Bildung und Sicherheit. Vergleichen Sie Saugroboter, Rasenm\u00e4hroboter, KI-Begleitroboter und mehr bei EasyLifeRobo.\",\"breadcrumb\":{\"@id\":\"https:\\\/\\\/easyliferobo.com\\\/de\\\/product\\\/technik-roboter-fuer-kinder-mit-led-licht-5-in-1-app-und-fernbedienungs-set-rc-roboter-kettenfahrzeug-racer-technic-panzer-autoschlitten-wiederaufladbar-geschenk-fuer-jungen-und-maedchen-von-6\\\/#breadcrumb\"},\"inLanguage\":\"de\",\"potentialAction\":[{\"@type\":\"ReadAction\",\"target\":[\"https:\\\/\\\/easyliferobo.com\\\/de\\\/product\\\/technik-roboter-fuer-kinder-mit-led-licht-5-in-1-app-und-fernbedienungs-set-rc-roboter-kettenfahrzeug-racer-technic-panzer-autoschlitten-wiederaufladbar-geschenk-fuer-jungen-und-maedchen-von-6\\\/\"]}]},{\"@type\":\"ImageObject\",\"inLanguage\":\"de\",\"@id\":\"https:\\\/\\\/easyliferobo.com\\\/de\\\/product\\\/technik-roboter-fuer-kinder-mit-led-licht-5-in-1-app-und-fernbedienungs-set-rc-roboter-kettenfahrzeug-racer-technic-panzer-autoschlitten-wiederaufladbar-geschenk-fuer-jungen-und-maedchen-von-6\\\/#primaryimage\",\"url\":\"https:\\\/\\\/easyliferobo.com\\\/de\\\/wp-content\\\/uploads\\\/2026\\\/02\\\/81UTs8tT1VL._AC_SL1300_.jpg\",\"contentUrl\":\"https:\\\/\\\/easyliferobo.com\\\/de\\\/wp-content\\\/uploads\\\/2026\\\/02\\\/81UTs8tT1VL._AC_SL1300_.jpg\",\"width\":1287,\"height\":1291},{\"@type\":\"BreadcrumbList\",\"@id\":\"https:\\\/\\\/easyliferobo.com\\\/de\\\/product\\\/technik-roboter-fuer-kinder-mit-led-licht-5-in-1-app-und-fernbedienungs-set-rc-roboter-kettenfahrzeug-racer-technic-panzer-autoschlitten-wiederaufladbar-geschenk-fuer-jungen-und-maedchen-von-6\\\/#breadcrumb\",\"itemListElement\":[{\"@type\":\"ListItem\",\"position\":1,\"name\":\"Home\",\"item\":\"https:\\\/\\\/easyliferobo.com\\\/de\\\/\"},{\"@type\":\"ListItem\",\"position\":2,\"name\":\"Shop\",\"item\":\"https:\\\/\\\/easyliferobo.com\\\/de\\\/shop\\\/\"},{\"@type\":\"ListItem\",\"position\":3,\"name\":\"Technik-Roboter f\u00fcr Kinder mit LED...\"}]},{\"@type\":\"WebSite\",\"@id\":\"https:\\\/\\\/easyliferobo.com\\\/de\\\/#website\",\"url\":\"https:\\\/\\\/easyliferobo.com\\\/de\\\/\",\"name\":\"EasyLifeBro\",\"description\":\"Smarte Roboter f\u00fcr Zuhause, Garten &amp; Bildung\",\"publisher\":{\"@id\":\"https:\\\/\\\/easyliferobo.com\\\/de\\\/#organization\"},\"potentialAction\":[{\"@type\":\"SearchAction\",\"target\":{\"@type\":\"EntryPoint\",\"urlTemplate\":\"https:\\\/\\\/easyliferobo.com\\\/de\\\/?s={search_term_string}\"},\"query-input\":{\"@type\":\"PropertyValueSpecification\",\"valueRequired\":true,\"valueName\":\"search_term_string\"}}],\"inLanguage\":\"de\"},{\"@type\":\"Organization\",\"@id\":\"https:\\\/\\\/easyliferobo.com\\\/de\\\/#organization\",\"name\":\"EasyLifeBro\",\"url\":\"https:\\\/\\\/easyliferobo.com\\\/de\\\/\",\"logo\":{\"@type\":\"ImageObject\",\"inLanguage\":\"de\",\"@id\":\"https:\\\/\\\/easyliferobo.com\\\/de\\\/#\\\/schema\\\/logo\\\/image\\\/\",\"url\":\"https:\\\/\\\/easyliferobo.com\\\/de\\\/wp-content\\\/uploads\\\/2026\\\/02\\\/Screenshot-2026-02-22-at-2.25.03-PM.png\",\"contentUrl\":\"https:\\\/\\\/easyliferobo.com\\\/de\\\/wp-content\\\/uploads\\\/2026\\\/02\\\/Screenshot-2026-02-22-at-2.25.03-PM.png\",\"width\":1858,\"height\":430,\"caption\":\"EasyLifeBro\"},\"image\":{\"@id\":\"https:\\\/\\\/easyliferobo.com\\\/de\\\/#\\\/schema\\\/logo\\\/image\\\/\"}}]}<\/script>\n<!-- \/ Yoast SEO plugin. -->","yoast_head_json":{"title":"Technik-Roboter f\u00fcr Kinder mit LED-Licht, 5-in-1-App und Fernbedienungs-Set, RC-Roboter\/Kettenfahrzeug\/Racer\/Technic-Panzer\/Autoschlitten, wiederaufladbar, Geschenk f\u00fcr Jungen und M\u00e4dchen von 6\u201312 Jahren - EasyLifeBro","description":"Entdecken Sie smarte Roboter f\u00fcr Zuhause, Garten, Bildung und Sicherheit. Vergleichen Sie Saugroboter, Rasenm\u00e4hroboter, KI-Begleitroboter und mehr bei EasyLifeRobo.","robots":{"index":"index","follow":"follow","max-snippet":"max-snippet:-1","max-image-preview":"max-image-preview:large","max-video-preview":"max-video-preview:-1"},"canonical":"https:\/\/easyliferobo.com\/de\/product\/technik-roboter-fuer-kinder-mit-led-licht-5-in-1-app-und-fernbedienungs-set-rc-roboter-kettenfahrzeug-racer-technic-panzer-autoschlitten-wiederaufladbar-geschenk-fuer-jungen-und-maedchen-von-6\/","og_locale":"de_DE","og_type":"article","og_title":"Technik-Roboter f\u00fcr Kinder mit LED-Licht, 5-in-1-App und Fernbedienungs-Set, RC-Roboter\/Kettenfahrzeug\/Racer\/Technic-Panzer\/Autoschlitten, wiederaufladbar, Geschenk f\u00fcr Jungen und M\u00e4dchen von 6\u201312 Jahren - EasyLifeBro","og_description":"Entdecken Sie smarte Roboter f\u00fcr Zuhause, Garten, Bildung und Sicherheit. Vergleichen Sie Saugroboter, Rasenm\u00e4hroboter, KI-Begleitroboter und mehr bei EasyLifeRobo.","og_url":"https:\/\/easyliferobo.com\/de\/product\/technik-roboter-fuer-kinder-mit-led-licht-5-in-1-app-und-fernbedienungs-set-rc-roboter-kettenfahrzeug-racer-technic-panzer-autoschlitten-wiederaufladbar-geschenk-fuer-jungen-und-maedchen-von-6\/","og_site_name":"EasyLifeBro","article_modified_time":"2026-02-27T10:43:22+00:00","og_image":[{"url":"https:\/\/images-na.ssl-images-amazon.com\/images\/G\/01\/x-locale\/common\/grey-pixel.gif","type":"","width":"","height":""}],"twitter_card":"summary_large_image","twitter_misc":{"Gesch\u00e4tzte Lesezeit":"2\u00a0Minuten"},"schema":{"@context":"https:\/\/schema.org","@graph":[{"@type":"WebPage","@id":"https:\/\/easyliferobo.com\/de\/product\/technik-roboter-fuer-kinder-mit-led-licht-5-in-1-app-und-fernbedienungs-set-rc-roboter-kettenfahrzeug-racer-technic-panzer-autoschlitten-wiederaufladbar-geschenk-fuer-jungen-und-maedchen-von-6\/","url":"https:\/\/easyliferobo.com\/de\/product\/technik-roboter-fuer-kinder-mit-led-licht-5-in-1-app-und-fernbedienungs-set-rc-roboter-kettenfahrzeug-racer-technic-panzer-autoschlitten-wiederaufladbar-geschenk-fuer-jungen-und-maedchen-von-6\/","name":"Technik-Roboter f\u00fcr Kinder mit LED-Licht, 5-in-1-App und Fernbedienungs-Set, RC-Roboter\/Kettenfahrzeug\/Racer\/Technic-Panzer\/Autoschlitten, wiederaufladbar, Geschenk f\u00fcr Jungen und M\u00e4dchen von 6\u201312 Jahren - EasyLifeBro","isPartOf":{"@id":"https:\/\/easyliferobo.com\/de\/#website"},"primaryImageOfPage":{"@id":"https:\/\/easyliferobo.com\/de\/product\/technik-roboter-fuer-kinder-mit-led-licht-5-in-1-app-und-fernbedienungs-set-rc-roboter-kettenfahrzeug-racer-technic-panzer-autoschlitten-wiederaufladbar-geschenk-fuer-jungen-und-maedchen-von-6\/#primaryimage"},"image":{"@id":"https:\/\/easyliferobo.com\/de\/product\/technik-roboter-fuer-kinder-mit-led-licht-5-in-1-app-und-fernbedienungs-set-rc-roboter-kettenfahrzeug-racer-technic-panzer-autoschlitten-wiederaufladbar-geschenk-fuer-jungen-und-maedchen-von-6\/#primaryimage"},"thumbnailUrl":"https:\/\/easyliferobo.com\/de\/wp-content\/uploads\/2026\/02\/81UTs8tT1VL._AC_SL1300_.jpg","datePublished":"2026-02-27T10:43:02+00:00","dateModified":"2026-02-27T10:43:22+00:00","description":"Entdecken Sie smarte Roboter f\u00fcr Zuhause, Garten, Bildung und Sicherheit. Vergleichen Sie Saugroboter, Rasenm\u00e4hroboter, KI-Begleitroboter und mehr bei EasyLifeRobo.","breadcrumb":{"@id":"https:\/\/easyliferobo.com\/de\/product\/technik-roboter-fuer-kinder-mit-led-licht-5-in-1-app-und-fernbedienungs-set-rc-roboter-kettenfahrzeug-racer-technic-panzer-autoschlitten-wiederaufladbar-geschenk-fuer-jungen-und-maedchen-von-6\/#breadcrumb"},"inLanguage":"de","potentialAction":[{"@type":"ReadAction","target":["https:\/\/easyliferobo.com\/de\/product\/technik-roboter-fuer-kinder-mit-led-licht-5-in-1-app-und-fernbedienungs-set-rc-roboter-kettenfahrzeug-racer-technic-panzer-autoschlitten-wiederaufladbar-geschenk-fuer-jungen-und-maedchen-von-6\/"]}]},{"@type":"ImageObject","inLanguage":"de","@id":"https:\/\/easyliferobo.com\/de\/product\/technik-roboter-fuer-kinder-mit-led-licht-5-in-1-app-und-fernbedienungs-set-rc-roboter-kettenfahrzeug-racer-technic-panzer-autoschlitten-wiederaufladbar-geschenk-fuer-jungen-und-maedchen-von-6\/#primaryimage","url":"https:\/\/easyliferobo.com\/de\/wp-content\/uploads\/2026\/02\/81UTs8tT1VL._AC_SL1300_.jpg","contentUrl":"https:\/\/easyliferobo.com\/de\/wp-content\/uploads\/2026\/02\/81UTs8tT1VL._AC_SL1300_.jpg","width":1287,"height":1291},{"@type":"BreadcrumbList","@id":"https:\/\/easyliferobo.com\/de\/product\/technik-roboter-fuer-kinder-mit-led-licht-5-in-1-app-und-fernbedienungs-set-rc-roboter-kettenfahrzeug-racer-technic-panzer-autoschlitten-wiederaufladbar-geschenk-fuer-jungen-und-maedchen-von-6\/#breadcrumb","itemListElement":[{"@type":"ListItem","position":1,"name":"Home","item":"https:\/\/easyliferobo.com\/de\/"},{"@type":"ListItem","position":2,"name":"Shop","item":"https:\/\/easyliferobo.com\/de\/shop\/"},{"@type":"ListItem","position":3,"name":"Technik-Roboter f\u00fcr Kinder mit LED..."}]},{"@type":"WebSite","@id":"https:\/\/easyliferobo.com\/de\/#website","url":"https:\/\/easyliferobo.com\/de\/","name":"EasyLifeBro","description":"Smarte Roboter f\u00fcr Zuhause, Garten &amp; Bildung","publisher":{"@id":"https:\/\/easyliferobo.com\/de\/#organization"},"potentialAction":[{"@type":"SearchAction","target":{"@type":"EntryPoint","urlTemplate":"https:\/\/easyliferobo.com\/de\/?s={search_term_string}"},"query-input":{"@type":"PropertyValueSpecification","valueRequired":true,"valueName":"search_term_string"}}],"inLanguage":"de"},{"@type":"Organization","@id":"https:\/\/easyliferobo.com\/de\/#organization","name":"EasyLifeBro","url":"https:\/\/easyliferobo.com\/de\/","logo":{"@type":"ImageObject","inLanguage":"de","@id":"https:\/\/easyliferobo.com\/de\/#\/schema\/logo\/image\/","url":"https:\/\/easyliferobo.com\/de\/wp-content\/uploads\/2026\/02\/Screenshot-2026-02-22-at-2.25.03-PM.png","contentUrl":"https:\/\/easyliferobo.com\/de\/wp-content\/uploads\/2026\/02\/Screenshot-2026-02-22-at-2.25.03-PM.png","width":1858,"height":430,"caption":"EasyLifeBro"},"image":{"@id":"https:\/\/easyliferobo.com\/de\/#\/schema\/logo\/image\/"}}]}},"_links":{"self":[{"href":"https:\/\/easyliferobo.com\/de\/wp-json\/wp\/v2\/product\/4010","targetHints":{"allow":["GET"]}}],"collection":[{"href":"https:\/\/easyliferobo.com\/de\/wp-json\/wp\/v2\/product"}],"about":[{"href":"https:\/\/easyliferobo.com\/de\/wp-json\/wp\/v2\/types\/product"}],"replies":[{"embeddable":true,"href":"https:\/\/easyliferobo.com\/de\/wp-json\/wp\/v2\/comments?post=4010"}],"wp:featuredmedia":[{"embeddable":true,"href":"https:\/\/easyliferobo.com\/de\/wp-json\/wp\/v2\/media\/4011"}],"wp:attachment":[{"href":"https:\/\/easyliferobo.com\/de\/wp-json\/wp\/v2\/media?parent=4010"}],"wp:term":[{"taxonomy":"store","embeddable":true,"href":"https:\/\/easyliferobo.com\/de\/wp-json\/wp\/v2\/store?post=4010"},{"taxonomy":"product_brand","embeddable":true,"href":"https:\/\/easyliferobo.com\/de\/wp-json\/wp\/v2\/product_brand?post=4010"},{"taxonomy":"product_cat","embeddable":true,"href":"https:\/\/easyliferobo.com\/de\/wp-json\/wp\/v2\/product_cat?post=4010"},{"taxonomy":"product_tag","embeddable":true,"href":"https:\/\/easyliferobo.com\/de\/wp-json\/wp\/v2\/product_tag?post=4010"}],"curies":[{"name":"wp","href":"https:\/\/api.w.org\/{rel}","templated":true}]}}