
{"id":3980,"date":"2026-02-27T10:39:29","date_gmt":"2026-02-27T10:39:29","guid":{"rendered":"https:\/\/easyliferobo.com\/de\/product\/miuzei-basic-starter-kit-fuer-arduino-projekte-mit-steckbrett-netzteilmodul-ueberbrueckungskabel-widerstaenden-led-elektronik-steckbrett-set-kompatibel-mit-raspberry-pi\/"},"modified":"2026-02-27T10:39:48","modified_gmt":"2026-02-27T10:39:48","slug":"miuzei-basic-starter-kit-fuer-arduino-projekte-mit-steckbrett-netzteilmodul-ueberbrueckungskabel-widerstaenden-led-elektronik-steckbrett-set-kompatibel-mit-raspberry-pi","status":"publish","type":"product","link":"https:\/\/easyliferobo.com\/de\/product\/miuzei-basic-starter-kit-fuer-arduino-projekte-mit-steckbrett-netzteilmodul-ueberbrueckungskabel-widerstaenden-led-elektronik-steckbrett-set-kompatibel-mit-raspberry-pi\/","title":{"rendered":"Miuzei Basic Starter Kit f\u00fcr Ardui..."},"content":{"rendered":"<p>\n                                             Von der Marke   <\/p>\n<p>                                              <img decoding=\"async\" alt=\"\" src=\"https:\/\/images-na.ssl-images-amazon.com\/images\/G\/01\/x-locale\/common\/grey-pixel.gif\" class=\"a-lazy-loaded\" data-src=\"https:\/\/m.media-amazon.com\/images\/S\/aplus-media-library-service-media\/ef6b57ea-8030-4db7-bf1f-910f1bc013eb.__CR0,0,1820,777_PT0_SX1464_V1___.jpg\"><img decoding=\"async\" alt=\"\" src=\"https:\/\/m.media-amazon.com\/images\/S\/aplus-media-library-service-media\/ef6b57ea-8030-4db7-bf1f-910f1bc013eb.__CR0,0,1820,777_PT0_SX1464_V1___.jpg\">  <\/p>\n<p>                                              <img decoding=\"async\" alt=\"\" src=\"https:\/\/images-na.ssl-images-amazon.com\/images\/G\/01\/x-locale\/common\/grey-pixel.gif\" class=\"a-lazy-loaded\" data-src=\"https:\/\/m.media-amazon.com\/images\/S\/aplus-media-library-service-media\/cc07ed0a-ddb1-4ac9-8a0d-426cf5fcfde5.__CR0,0,2520,1160_PT0_SX315_V1___.jpg\"><img decoding=\"async\" alt=\"\" src=\"https:\/\/m.media-amazon.com\/images\/S\/aplus-media-library-service-media\/cc07ed0a-ddb1-4ac9-8a0d-426cf5fcfde5.__CR0,0,2520,1160_PT0_SX315_V1___.jpg\">  <\/p>\n<p>  Miuzei ist in Deutschland registriert und ein f\u00fchrender Hersteller elektronischer Komponenten. Wir sind auf die Entwicklung und Herstellung hochwertiger elektronischer Komponenten f\u00fcr Raspberry PI und Arduino-Kits spezialisiert. Miuzeis Werke sind voller Seele, Geist, Emotionen und Kreativit\u00e4t und werden von den Kunden sehr geliebt und ihnen vertraut. W\u00e4hlen Sie uns und gestalten Sie mit Spa\u00df eine unendliche Zukunft. <\/p>\n<h3>  Miuzei-Starterkit <\/h3>\n<h3>  Teile <\/h3>\n<h3>  Andere <\/h3>\n<p>\u25b6 Miuzei Basic Starter Kit mit 322 Verbrauchsmaterialien (ohne Mikrocontroller-Board), die h\u00e4ufig verwendet werden, kompatibel mit Arduino IDE, f\u00fcr Raspberry Pi.<br \/>Steckbrett und Stromversorgungsmodul \u2013 Enth\u00e4lt verschiedene LEDs, Widerst\u00e4nde, Tasten, Potentiometer, Kondensatoren, Transistoren, Dioden usw.<br \/>Mit Stiftleiste, \u00dcberbr\u00fcckungskabel und FM-DuPont-Kabel zur Anpassung an Ihre Projekterweiterung.<br \/>Das MA49-Elektronikset enth\u00e4lt 15 Lektionen zum Erlernen der Verwendung: http:\/\/geekdiywiki.com\/ miuzei<br \/>\u25b6 Hochwertige Box mit elektrostatischen Beuteln \u2013 Was nicht ben\u00f6tigt wird, ist gut aufger\u00e4umt.<\/p>\n<p>[ad_2]<\/p>\n","protected":false},"excerpt":{"rendered":"<p>Von der Marke Miuzei ist in Deutschland registriert und ein f\u00fchrender Hersteller elektronischer Komponenten. Wir sind auf die Entwicklung und Herstellung hochwertiger elektronischer Komponenten f\u00fcr Raspberry PI und Arduino-Kits spezialisiert. Miuzeis Werke sind voller Seele, Geist, Emotionen und Kreativit\u00e4t und werden von den Kunden sehr geliebt und ihnen vertraut. W\u00e4hlen Sie uns und gestalten Sie [&hellip;]<\/p>\n","protected":false},"featured_media":3981,"comment_status":"open","ping_status":"closed","template":"","meta":{"_aipt_faq_data":""},"store":[],"product_brand":[435],"product_cat":[81],"product_tag":[381],"class_list":{"0":"post-3980","1":"product","2":"type-product","3":"status-publish","4":"has-post-thumbnail","6":"product_brand-miuzei","7":"product_cat-arduino-raspberry-pi-kits","8":"product_tag-arduino-raspberry-pi-kits-programming-kits","10":"first","11":"instock","12":"shipping-taxable","13":"product-type-external"},"yoast_head":"<!-- This site is optimized with the Yoast SEO plugin v27.4 - https:\/\/yoast.com\/product\/yoast-seo-wordpress\/ -->\n<title>Miuzei Basic Starter Kit f\u00fcr Arduino-Projekte mit Steckbrett, Netzteilmodul, \u00dcberbr\u00fcckungskabel, Widerst\u00e4nden, LED, Elektronik-Steckbrett-Set, kompatibel mit Raspberry Pi - EasyLifeBro<\/title>\n<meta name=\"description\" content=\"Entdecken Sie smarte Roboter f\u00fcr Zuhause, Garten, Bildung und Sicherheit. Vergleichen Sie Saugroboter, Rasenm\u00e4hroboter, KI-Begleitroboter und mehr bei EasyLifeRobo.\" \/>\n<meta name=\"robots\" content=\"index, follow, max-snippet:-1, max-image-preview:large, max-video-preview:-1\" \/>\n<link rel=\"canonical\" href=\"https:\/\/easyliferobo.com\/de\/product\/miuzei-basic-starter-kit-fuer-arduino-projekte-mit-steckbrett-netzteilmodul-ueberbrueckungskabel-widerstaenden-led-elektronik-steckbrett-set-kompatibel-mit-raspberry-pi\/\" \/>\n<meta property=\"og:locale\" content=\"de_DE\" \/>\n<meta property=\"og:type\" content=\"article\" \/>\n<meta property=\"og:title\" content=\"Miuzei Basic Starter Kit f\u00fcr Arduino-Projekte mit Steckbrett, Netzteilmodul, \u00dcberbr\u00fcckungskabel, Widerst\u00e4nden, LED, Elektronik-Steckbrett-Set, kompatibel mit Raspberry Pi - EasyLifeBro\" \/>\n<meta property=\"og:description\" content=\"Entdecken Sie smarte Roboter f\u00fcr Zuhause, Garten, Bildung und Sicherheit. Vergleichen Sie Saugroboter, Rasenm\u00e4hroboter, KI-Begleitroboter und mehr bei EasyLifeRobo.\" \/>\n<meta property=\"og:url\" content=\"https:\/\/easyliferobo.com\/de\/product\/miuzei-basic-starter-kit-fuer-arduino-projekte-mit-steckbrett-netzteilmodul-ueberbrueckungskabel-widerstaenden-led-elektronik-steckbrett-set-kompatibel-mit-raspberry-pi\/\" \/>\n<meta property=\"og:site_name\" content=\"EasyLifeBro\" \/>\n<meta property=\"article:modified_time\" content=\"2026-02-27T10:39:48+00:00\" \/>\n<meta property=\"og:image\" content=\"https:\/\/images-na.ssl-images-amazon.com\/images\/G\/01\/x-locale\/common\/grey-pixel.gif\" \/>\n<meta name=\"twitter:card\" content=\"summary_large_image\" \/>\n<meta name=\"twitter:label1\" content=\"Gesch\u00e4tzte Lesezeit\" \/>\n\t<meta name=\"twitter:data1\" content=\"1\u00a0Minute\" \/>\n<script type=\"application\/ld+json\" class=\"yoast-schema-graph\">{\"@context\":\"https:\\\/\\\/schema.org\",\"@graph\":[{\"@type\":\"WebPage\",\"@id\":\"https:\\\/\\\/easyliferobo.com\\\/de\\\/product\\\/miuzei-basic-starter-kit-fuer-arduino-projekte-mit-steckbrett-netzteilmodul-ueberbrueckungskabel-widerstaenden-led-elektronik-steckbrett-set-kompatibel-mit-raspberry-pi\\\/\",\"url\":\"https:\\\/\\\/easyliferobo.com\\\/de\\\/product\\\/miuzei-basic-starter-kit-fuer-arduino-projekte-mit-steckbrett-netzteilmodul-ueberbrueckungskabel-widerstaenden-led-elektronik-steckbrett-set-kompatibel-mit-raspberry-pi\\\/\",\"name\":\"Miuzei Basic Starter Kit f\u00fcr Arduino-Projekte mit Steckbrett, Netzteilmodul, \u00dcberbr\u00fcckungskabel, Widerst\u00e4nden, LED, Elektronik-Steckbrett-Set, kompatibel mit Raspberry Pi - EasyLifeBro\",\"isPartOf\":{\"@id\":\"https:\\\/\\\/easyliferobo.com\\\/de\\\/#website\"},\"primaryImageOfPage\":{\"@id\":\"https:\\\/\\\/easyliferobo.com\\\/de\\\/product\\\/miuzei-basic-starter-kit-fuer-arduino-projekte-mit-steckbrett-netzteilmodul-ueberbrueckungskabel-widerstaenden-led-elektronik-steckbrett-set-kompatibel-mit-raspberry-pi\\\/#primaryimage\"},\"image\":{\"@id\":\"https:\\\/\\\/easyliferobo.com\\\/de\\\/product\\\/miuzei-basic-starter-kit-fuer-arduino-projekte-mit-steckbrett-netzteilmodul-ueberbrueckungskabel-widerstaenden-led-elektronik-steckbrett-set-kompatibel-mit-raspberry-pi\\\/#primaryimage\"},\"thumbnailUrl\":\"https:\\\/\\\/easyliferobo.com\\\/de\\\/wp-content\\\/uploads\\\/2026\\\/02\\\/91uHwSj0GVL._AC_SL1500_.jpg\",\"datePublished\":\"2026-02-27T10:39:29+00:00\",\"dateModified\":\"2026-02-27T10:39:48+00:00\",\"description\":\"Entdecken Sie smarte Roboter f\u00fcr Zuhause, Garten, Bildung und Sicherheit. Vergleichen Sie Saugroboter, Rasenm\u00e4hroboter, KI-Begleitroboter und mehr bei EasyLifeRobo.\",\"breadcrumb\":{\"@id\":\"https:\\\/\\\/easyliferobo.com\\\/de\\\/product\\\/miuzei-basic-starter-kit-fuer-arduino-projekte-mit-steckbrett-netzteilmodul-ueberbrueckungskabel-widerstaenden-led-elektronik-steckbrett-set-kompatibel-mit-raspberry-pi\\\/#breadcrumb\"},\"inLanguage\":\"de\",\"potentialAction\":[{\"@type\":\"ReadAction\",\"target\":[\"https:\\\/\\\/easyliferobo.com\\\/de\\\/product\\\/miuzei-basic-starter-kit-fuer-arduino-projekte-mit-steckbrett-netzteilmodul-ueberbrueckungskabel-widerstaenden-led-elektronik-steckbrett-set-kompatibel-mit-raspberry-pi\\\/\"]}]},{\"@type\":\"ImageObject\",\"inLanguage\":\"de\",\"@id\":\"https:\\\/\\\/easyliferobo.com\\\/de\\\/product\\\/miuzei-basic-starter-kit-fuer-arduino-projekte-mit-steckbrett-netzteilmodul-ueberbrueckungskabel-widerstaenden-led-elektronik-steckbrett-set-kompatibel-mit-raspberry-pi\\\/#primaryimage\",\"url\":\"https:\\\/\\\/easyliferobo.com\\\/de\\\/wp-content\\\/uploads\\\/2026\\\/02\\\/91uHwSj0GVL._AC_SL1500_.jpg\",\"contentUrl\":\"https:\\\/\\\/easyliferobo.com\\\/de\\\/wp-content\\\/uploads\\\/2026\\\/02\\\/91uHwSj0GVL._AC_SL1500_.jpg\",\"width\":1498,\"height\":1500},{\"@type\":\"BreadcrumbList\",\"@id\":\"https:\\\/\\\/easyliferobo.com\\\/de\\\/product\\\/miuzei-basic-starter-kit-fuer-arduino-projekte-mit-steckbrett-netzteilmodul-ueberbrueckungskabel-widerstaenden-led-elektronik-steckbrett-set-kompatibel-mit-raspberry-pi\\\/#breadcrumb\",\"itemListElement\":[{\"@type\":\"ListItem\",\"position\":1,\"name\":\"Home\",\"item\":\"https:\\\/\\\/easyliferobo.com\\\/de\\\/\"},{\"@type\":\"ListItem\",\"position\":2,\"name\":\"Shop\",\"item\":\"https:\\\/\\\/easyliferobo.com\\\/de\\\/shop\\\/\"},{\"@type\":\"ListItem\",\"position\":3,\"name\":\"Miuzei Basic Starter Kit f\u00fcr Ardui...\"}]},{\"@type\":\"WebSite\",\"@id\":\"https:\\\/\\\/easyliferobo.com\\\/de\\\/#website\",\"url\":\"https:\\\/\\\/easyliferobo.com\\\/de\\\/\",\"name\":\"EasyLifeBro\",\"description\":\"Smarte Roboter f\u00fcr Zuhause, Garten &amp; Bildung\",\"publisher\":{\"@id\":\"https:\\\/\\\/easyliferobo.com\\\/de\\\/#organization\"},\"potentialAction\":[{\"@type\":\"SearchAction\",\"target\":{\"@type\":\"EntryPoint\",\"urlTemplate\":\"https:\\\/\\\/easyliferobo.com\\\/de\\\/?s={search_term_string}\"},\"query-input\":{\"@type\":\"PropertyValueSpecification\",\"valueRequired\":true,\"valueName\":\"search_term_string\"}}],\"inLanguage\":\"de\"},{\"@type\":\"Organization\",\"@id\":\"https:\\\/\\\/easyliferobo.com\\\/de\\\/#organization\",\"name\":\"EasyLifeBro\",\"url\":\"https:\\\/\\\/easyliferobo.com\\\/de\\\/\",\"logo\":{\"@type\":\"ImageObject\",\"inLanguage\":\"de\",\"@id\":\"https:\\\/\\\/easyliferobo.com\\\/de\\\/#\\\/schema\\\/logo\\\/image\\\/\",\"url\":\"https:\\\/\\\/easyliferobo.com\\\/de\\\/wp-content\\\/uploads\\\/2026\\\/02\\\/Screenshot-2026-02-22-at-2.25.03-PM.png\",\"contentUrl\":\"https:\\\/\\\/easyliferobo.com\\\/de\\\/wp-content\\\/uploads\\\/2026\\\/02\\\/Screenshot-2026-02-22-at-2.25.03-PM.png\",\"width\":1858,\"height\":430,\"caption\":\"EasyLifeBro\"},\"image\":{\"@id\":\"https:\\\/\\\/easyliferobo.com\\\/de\\\/#\\\/schema\\\/logo\\\/image\\\/\"}}]}<\/script>\n<!-- \/ Yoast SEO plugin. -->","yoast_head_json":{"title":"Miuzei Basic Starter Kit f\u00fcr Arduino-Projekte mit Steckbrett, Netzteilmodul, \u00dcberbr\u00fcckungskabel, Widerst\u00e4nden, LED, Elektronik-Steckbrett-Set, kompatibel mit Raspberry Pi - EasyLifeBro","description":"Entdecken Sie smarte Roboter f\u00fcr Zuhause, Garten, Bildung und Sicherheit. Vergleichen Sie Saugroboter, Rasenm\u00e4hroboter, KI-Begleitroboter und mehr bei EasyLifeRobo.","robots":{"index":"index","follow":"follow","max-snippet":"max-snippet:-1","max-image-preview":"max-image-preview:large","max-video-preview":"max-video-preview:-1"},"canonical":"https:\/\/easyliferobo.com\/de\/product\/miuzei-basic-starter-kit-fuer-arduino-projekte-mit-steckbrett-netzteilmodul-ueberbrueckungskabel-widerstaenden-led-elektronik-steckbrett-set-kompatibel-mit-raspberry-pi\/","og_locale":"de_DE","og_type":"article","og_title":"Miuzei Basic Starter Kit f\u00fcr Arduino-Projekte mit Steckbrett, Netzteilmodul, \u00dcberbr\u00fcckungskabel, Widerst\u00e4nden, LED, Elektronik-Steckbrett-Set, kompatibel mit Raspberry Pi - EasyLifeBro","og_description":"Entdecken Sie smarte Roboter f\u00fcr Zuhause, Garten, Bildung und Sicherheit. Vergleichen Sie Saugroboter, Rasenm\u00e4hroboter, KI-Begleitroboter und mehr bei EasyLifeRobo.","og_url":"https:\/\/easyliferobo.com\/de\/product\/miuzei-basic-starter-kit-fuer-arduino-projekte-mit-steckbrett-netzteilmodul-ueberbrueckungskabel-widerstaenden-led-elektronik-steckbrett-set-kompatibel-mit-raspberry-pi\/","og_site_name":"EasyLifeBro","article_modified_time":"2026-02-27T10:39:48+00:00","og_image":[{"url":"https:\/\/images-na.ssl-images-amazon.com\/images\/G\/01\/x-locale\/common\/grey-pixel.gif","type":"","width":"","height":""}],"twitter_card":"summary_large_image","twitter_misc":{"Gesch\u00e4tzte Lesezeit":"1\u00a0Minute"},"schema":{"@context":"https:\/\/schema.org","@graph":[{"@type":"WebPage","@id":"https:\/\/easyliferobo.com\/de\/product\/miuzei-basic-starter-kit-fuer-arduino-projekte-mit-steckbrett-netzteilmodul-ueberbrueckungskabel-widerstaenden-led-elektronik-steckbrett-set-kompatibel-mit-raspberry-pi\/","url":"https:\/\/easyliferobo.com\/de\/product\/miuzei-basic-starter-kit-fuer-arduino-projekte-mit-steckbrett-netzteilmodul-ueberbrueckungskabel-widerstaenden-led-elektronik-steckbrett-set-kompatibel-mit-raspberry-pi\/","name":"Miuzei Basic Starter Kit f\u00fcr Arduino-Projekte mit Steckbrett, Netzteilmodul, \u00dcberbr\u00fcckungskabel, Widerst\u00e4nden, LED, Elektronik-Steckbrett-Set, kompatibel mit Raspberry Pi - EasyLifeBro","isPartOf":{"@id":"https:\/\/easyliferobo.com\/de\/#website"},"primaryImageOfPage":{"@id":"https:\/\/easyliferobo.com\/de\/product\/miuzei-basic-starter-kit-fuer-arduino-projekte-mit-steckbrett-netzteilmodul-ueberbrueckungskabel-widerstaenden-led-elektronik-steckbrett-set-kompatibel-mit-raspberry-pi\/#primaryimage"},"image":{"@id":"https:\/\/easyliferobo.com\/de\/product\/miuzei-basic-starter-kit-fuer-arduino-projekte-mit-steckbrett-netzteilmodul-ueberbrueckungskabel-widerstaenden-led-elektronik-steckbrett-set-kompatibel-mit-raspberry-pi\/#primaryimage"},"thumbnailUrl":"https:\/\/easyliferobo.com\/de\/wp-content\/uploads\/2026\/02\/91uHwSj0GVL._AC_SL1500_.jpg","datePublished":"2026-02-27T10:39:29+00:00","dateModified":"2026-02-27T10:39:48+00:00","description":"Entdecken Sie smarte Roboter f\u00fcr Zuhause, Garten, Bildung und Sicherheit. Vergleichen Sie Saugroboter, Rasenm\u00e4hroboter, KI-Begleitroboter und mehr bei EasyLifeRobo.","breadcrumb":{"@id":"https:\/\/easyliferobo.com\/de\/product\/miuzei-basic-starter-kit-fuer-arduino-projekte-mit-steckbrett-netzteilmodul-ueberbrueckungskabel-widerstaenden-led-elektronik-steckbrett-set-kompatibel-mit-raspberry-pi\/#breadcrumb"},"inLanguage":"de","potentialAction":[{"@type":"ReadAction","target":["https:\/\/easyliferobo.com\/de\/product\/miuzei-basic-starter-kit-fuer-arduino-projekte-mit-steckbrett-netzteilmodul-ueberbrueckungskabel-widerstaenden-led-elektronik-steckbrett-set-kompatibel-mit-raspberry-pi\/"]}]},{"@type":"ImageObject","inLanguage":"de","@id":"https:\/\/easyliferobo.com\/de\/product\/miuzei-basic-starter-kit-fuer-arduino-projekte-mit-steckbrett-netzteilmodul-ueberbrueckungskabel-widerstaenden-led-elektronik-steckbrett-set-kompatibel-mit-raspberry-pi\/#primaryimage","url":"https:\/\/easyliferobo.com\/de\/wp-content\/uploads\/2026\/02\/91uHwSj0GVL._AC_SL1500_.jpg","contentUrl":"https:\/\/easyliferobo.com\/de\/wp-content\/uploads\/2026\/02\/91uHwSj0GVL._AC_SL1500_.jpg","width":1498,"height":1500},{"@type":"BreadcrumbList","@id":"https:\/\/easyliferobo.com\/de\/product\/miuzei-basic-starter-kit-fuer-arduino-projekte-mit-steckbrett-netzteilmodul-ueberbrueckungskabel-widerstaenden-led-elektronik-steckbrett-set-kompatibel-mit-raspberry-pi\/#breadcrumb","itemListElement":[{"@type":"ListItem","position":1,"name":"Home","item":"https:\/\/easyliferobo.com\/de\/"},{"@type":"ListItem","position":2,"name":"Shop","item":"https:\/\/easyliferobo.com\/de\/shop\/"},{"@type":"ListItem","position":3,"name":"Miuzei Basic Starter Kit f\u00fcr Ardui..."}]},{"@type":"WebSite","@id":"https:\/\/easyliferobo.com\/de\/#website","url":"https:\/\/easyliferobo.com\/de\/","name":"EasyLifeBro","description":"Smarte Roboter f\u00fcr Zuhause, Garten &amp; Bildung","publisher":{"@id":"https:\/\/easyliferobo.com\/de\/#organization"},"potentialAction":[{"@type":"SearchAction","target":{"@type":"EntryPoint","urlTemplate":"https:\/\/easyliferobo.com\/de\/?s={search_term_string}"},"query-input":{"@type":"PropertyValueSpecification","valueRequired":true,"valueName":"search_term_string"}}],"inLanguage":"de"},{"@type":"Organization","@id":"https:\/\/easyliferobo.com\/de\/#organization","name":"EasyLifeBro","url":"https:\/\/easyliferobo.com\/de\/","logo":{"@type":"ImageObject","inLanguage":"de","@id":"https:\/\/easyliferobo.com\/de\/#\/schema\/logo\/image\/","url":"https:\/\/easyliferobo.com\/de\/wp-content\/uploads\/2026\/02\/Screenshot-2026-02-22-at-2.25.03-PM.png","contentUrl":"https:\/\/easyliferobo.com\/de\/wp-content\/uploads\/2026\/02\/Screenshot-2026-02-22-at-2.25.03-PM.png","width":1858,"height":430,"caption":"EasyLifeBro"},"image":{"@id":"https:\/\/easyliferobo.com\/de\/#\/schema\/logo\/image\/"}}]}},"_links":{"self":[{"href":"https:\/\/easyliferobo.com\/de\/wp-json\/wp\/v2\/product\/3980","targetHints":{"allow":["GET"]}}],"collection":[{"href":"https:\/\/easyliferobo.com\/de\/wp-json\/wp\/v2\/product"}],"about":[{"href":"https:\/\/easyliferobo.com\/de\/wp-json\/wp\/v2\/types\/product"}],"replies":[{"embeddable":true,"href":"https:\/\/easyliferobo.com\/de\/wp-json\/wp\/v2\/comments?post=3980"}],"wp:featuredmedia":[{"embeddable":true,"href":"https:\/\/easyliferobo.com\/de\/wp-json\/wp\/v2\/media\/3981"}],"wp:attachment":[{"href":"https:\/\/easyliferobo.com\/de\/wp-json\/wp\/v2\/media?parent=3980"}],"wp:term":[{"taxonomy":"store","embeddable":true,"href":"https:\/\/easyliferobo.com\/de\/wp-json\/wp\/v2\/store?post=3980"},{"taxonomy":"product_brand","embeddable":true,"href":"https:\/\/easyliferobo.com\/de\/wp-json\/wp\/v2\/product_brand?post=3980"},{"taxonomy":"product_cat","embeddable":true,"href":"https:\/\/easyliferobo.com\/de\/wp-json\/wp\/v2\/product_cat?post=3980"},{"taxonomy":"product_tag","embeddable":true,"href":"https:\/\/easyliferobo.com\/de\/wp-json\/wp\/v2\/product_tag?post=3980"}],"curies":[{"name":"wp","href":"https:\/\/api.w.org\/{rel}","templated":true}]}}