
{"id":3971,"date":"2026-02-27T10:37:55","date_gmt":"2026-02-27T10:37:55","guid":{"rendered":"https:\/\/easyliferobo.com\/de\/product\/scheppach-black-edition-roboter-rasenmaeher-rrma300-buerstenlose-rasenflaeche-300-m%c2%b2-schnittbreite-160-mm-schnitthoehe-20-50-mm-steigungen-bis-zu-25-geringe-geraeuschentwicklung\/"},"modified":"2026-02-27T10:38:16","modified_gmt":"2026-02-27T10:38:16","slug":"scheppach-black-edition-roboter-rasenmaeher-rrma300-buerstenlose-rasenflaeche-300-m%c2%b2-schnittbreite-160-mm-schnitthoehe-20-50-mm-steigungen-bis-zu-25-geringe-geraeuschentwicklung","status":"publish","type":"product","link":"https:\/\/easyliferobo.com\/de\/product\/scheppach-black-edition-roboter-rasenmaeher-rrma300-buerstenlose-rasenflaeche-300-m%c2%b2-schnittbreite-160-mm-schnitthoehe-20-50-mm-steigungen-bis-zu-25-geringe-geraeuschentwicklung\/","title":{"rendered":"Scheppach Black Edition Roboter-Ras..."},"content":{"rendered":"<p>\n                                             Produktbeschreibung   <\/p>\n<p>                                                  <img decoding=\"async\" alt=\"scheppach-Logo\" src=\"https:\/\/images-na.ssl-images-amazon.com\/images\/G\/01\/x-locale\/common\/grey-pixel.gif\" class=\"a-lazy-loaded\" data-src=\"https:\/\/m.media-amazon.com\/images\/S\/aplus-media-library-service-media\/e05c6a8e-8410-49b2-a7e5-a79bd5ad7c4d.__CR0,0,970,300_PT0_SX970_V1___.jpg\"><img decoding=\"async\" alt=\"scheppach-Logo\" src=\"https:\/\/m.media-amazon.com\/images\/S\/aplus-media-library-service-media\/e05c6a8e-8410-49b2-a7e5-a79bd5ad7c4d.__CR0,0,970,300_PT0_SX970_V1___.jpg\">  <\/p>\n<p>                                                                             <img decoding=\"async\" alt=\"Aplus-Inhaltsbild\" src=\"https:\/\/images-na.ssl-images-amazon.com\/images\/G\/01\/x-locale\/common\/grey-pixel.gif\" class=\"a-spacing-base a-lazy-loaded\" data-src=\"https:\/\/m.media-amazon.com\/images\/S\/aplus-media-library-service-media\/c3f70046-d0af-4c1e-97ea-5ec5100aa275.__CR0,0,970,600_PT0_SX970_V1___.jpg\"><img decoding=\"async\" alt=\"Aplus-Inhaltsbild\" src=\"https:\/\/m.media-amazon.com\/images\/S\/aplus-media-library-service-media\/c3f70046-d0af-4c1e-97ea-5ec5100aa275.__CR0,0,970,600_PT0_SX970_V1___.jpg\">                                                                    <\/p>\n<p>                                                      <img decoding=\"async\" alt=\"Aplus-Inhaltsbild\" src=\"https:\/\/images-na.ssl-images-amazon.com\/images\/G\/01\/x-locale\/common\/grey-pixel.gif\" class=\"a-spacing-mini a-lazy-loaded\" data-src=\"https:\/\/m.media-amazon.com\/images\/S\/aplus-media-library-service-media\/ba361349-d7d9-4424-ae88-40d3f25f3d88.__CR0,0,1600,1600_PT0_SX300_V1___.jpg\"><img decoding=\"async\" alt=\"Aplus-Inhaltsbild\" src=\"https:\/\/m.media-amazon.com\/images\/S\/aplus-media-library-service-media\/ba361349-d7d9-4424-ae88-40d3f25f3d88.__CR0,0,1600,1600_PT0_SX300_V1___.jpg\">  <\/p>\n<h3 class=\"a-spacing-mini\">  Produktspezifikationen <\/h3>\n<p class=\"a-spacing-base\">  Automatisches Rasenm\u00e4hen \u2013 kein Problem mit dem Scheppach Rasenm\u00e4hroboter RRMA300. Der M\u00e4hroboter eignet sich f\u00fcr G\u00e4rten mit einer Rasenfl\u00e4che von bis zu 300 m2. Die Steuerung erfolgt manuell \u00fcber ein intuitiv bedienbares Digitaldisplay. Die Schnitth\u00f6he kann stufenlos von 20 bis 50 mm eingestellt werden. \u00dcber Rasenkanten auf Rasenniveau m\u00e4ht der Roboter sicher hinweg, sodass diese nicht zus\u00e4tzlich getrimmt werden m\u00fcssen. Selbst enge Passagen, Hindernisse, schwieriges Gel\u00e4nde und Steigungen bis 25 % meistert der M\u00e4her problemlos. <\/p>\n<p>                                                         Highlights Rasenm\u00e4hroboter f\u00fcr G\u00e4rten mit bis zu 300 m\u00b2 Rasenfl\u00e4che Schnittbreite 160 mm Schnitth\u00f6he von 20 \u2013 50 mm stufenlos einstellbar Wartungsfreier, b\u00fcrstenloser Motor (Brushless Motor) Mit praktischer Kantenm\u00e4hfunktion Regensensor sorgt sicher f\u00fcr eine R\u00fcckkehr zur Ladestation bei Regen Automatische R\u00fcckkehr zur Ladestation Floating Cut System f\u00fcr einen besonders gleichm\u00e4\u00dfigen Schnitt       <\/p>\n<p class=\"apm-text-center\">\n                                                      <img decoding=\"async\" alt=\"Aplus-Inhaltsbild\" src=\"https:\/\/images-na.ssl-images-amazon.com\/images\/G\/01\/x-locale\/common\/grey-pixel.gif\" class=\"a-spacing-mini a-lazy-loaded\" data-src=\"https:\/\/m.media-amazon.com\/images\/S\/aplus-media-library-service-media\/4206df4d-5b5f-45bd-9c79-b46fddfbcf9b.__CR0,0,1600,1600_PT0_SX300_V1___.jpg\"><img decoding=\"async\" alt=\"Aplus-Inhaltsbild\" src=\"https:\/\/m.media-amazon.com\/images\/S\/aplus-media-library-service-media\/4206df4d-5b5f-45bd-9c79-b46fddfbcf9b.__CR0,0,1600,1600_PT0_SX300_V1___.jpg\">  <\/p>\n<p>  Rasenpflege leicht gemacht \u2013 und zwar mit dem Scheppach Rasenm\u00e4hroboter RRMA300. Mit einer Schnittbreite von 160 mm ist der Roboter f\u00fcr G\u00e4rten mit einer Rasenfl\u00e4che von bis zu 300 m2 geeignet. Der wartungsfreie und leistungsstarke b\u00fcrstenlose Motor erm\u00f6glicht au\u00dferdem eine l\u00e4ngere Laufzeit, eine hohe Lebensdauer und einen geringeren Verschlei\u00df. <\/p>\n<p class=\"apm-text-center\">\n                                                      <img decoding=\"async\" alt=\"Aplus-Inhaltsbild\" src=\"https:\/\/images-na.ssl-images-amazon.com\/images\/G\/01\/x-locale\/common\/grey-pixel.gif\" class=\"a-spacing-mini a-lazy-loaded\" data-src=\"https:\/\/m.media-amazon.com\/images\/S\/aplus-media-library-service-media\/3a44c61b-23ba-4bed-b8be-98e5d0c39db6.__CR0,0,1600,1600_PT0_SX300_V1___.jpg\"><img decoding=\"async\" alt=\"Aplus-Inhaltsbild\" src=\"https:\/\/m.media-amazon.com\/images\/S\/aplus-media-library-service-media\/3a44c61b-23ba-4bed-b8be-98e5d0c39db6.__CR0,0,1600,1600_PT0_SX300_V1___.jpg\">  <\/p>\n<p>  Die Schnitth\u00f6he kann dabei stufenlos von 20 bis 50 mm eingestellt werden. Auch sicher \u00fcber Rasenkanten auf Rasenniveau m\u00e4ht der Roboter dar\u00fcber hinweg, sodass diese nicht zus\u00e4tzlich getrimmt werden m\u00fcssen. Das Floating Cut System sorgt au\u00dferdem zuverl\u00e4ssig f\u00fcr einen gleichm\u00e4\u00dfigen Schnitt und gleiche Bodenunebenheiten. <\/p>\n<p>  Die Steuerung erfolgt manuell \u00fcber ein intuitiv bedienbares Tastenfeld. Der M\u00e4hroboter verf\u00fcgt au\u00dferdem \u00fcber ein praktisches Digitaldisplay inklusive Diebstahlschutz sowie eine Multizonenfunktion. <\/p>\n<p class=\"apm-text-center\">\n                                                      <img decoding=\"async\" alt=\"Aplus-Inhaltsbild\" src=\"https:\/\/images-na.ssl-images-amazon.com\/images\/G\/01\/x-locale\/common\/grey-pixel.gif\" class=\"a-spacing-mini a-lazy-loaded\" data-src=\"https:\/\/m.media-amazon.com\/images\/S\/aplus-media-library-service-media\/8c6c7233-9281-4fb8-8811-1e49374e3ffe.__CR0,0,1600,1600_PT0_SX300_V1___.jpg\"><img decoding=\"async\" alt=\"Aplus-Inhaltsbild\" src=\"https:\/\/m.media-amazon.com\/images\/S\/aplus-media-library-service-media\/8c6c7233-9281-4fb8-8811-1e49374e3ffe.__CR0,0,1600,1600_PT0_SX300_V1___.jpg\">  <\/p>\n<p>  Der integrierte Regensensor erkennt Niederschlag und sorgt daf\u00fcr, dass der RRMA300 zur\u00fcck in seine Station f\u00e4hrt und den M\u00e4hvorgang zu einem sp\u00e4teren Zeitpunkt automatisch fortf\u00fchrt. Hebe-, Kipp- und Sto\u00dfsensoren sorgen au\u00dferdem f\u00fcr maximale Sicherheit w\u00e4hrend des Betriebs. Auch Steigungen bis 25 % meistert der RRMA300 m\u00fchelos. <\/p>\n<h3 class=\"a-size-extra-large a-spacing-base a-text-center\">  Technische Daten <\/h3>\n<p>                                                        Rasenfl\u00e4che bis zu 300qm\u00b2 Schnittbreite 160 mm Schnitth\u00f6he 20 &#8211; 50 mm Motor B\u00fcrstenlos Lautst\u00e4rke 61 dB(A) Steigung bis zu 25\u00b0                  <\/p>\n<p>Roboter-Rasenm\u00e4her f\u00fcr G\u00e4rten mit bis zu 300 m\u00b2 Rasenfl\u00e4che<br \/>Schnittbreite 160 mm, Schnitth\u00f6he von 20 &#8211; 50 mm stufenlos verstellbar<br \/>Mit praktischer Kantenm\u00e4hfunktion. Regensensor sorgt bei Regen f\u00fcr eine zuverl\u00e4ssige R\u00fcckkehr zur Ladestation. Automatische R\u00fcckkehr zur Ladestation<br \/>Wartungsfreier b\u00fcrstenloser Motor<br \/>Floating-Cut-System f\u00fcr einen besonders gleichm\u00e4\u00dfigen Schnitt<br \/>Ger\u00e4uscharm \u2013 61 dB(A)<br \/>Steigungen bis 25 % m\u00f6glich<br \/>Kollisionserkennung sowie Neigungs- und Hebesensoren sorgen f\u00fcr Sicherheit<br \/>Integrierter Diebstahlschutz per PIN. Digitalanzeige mit intuitiver Tastatur<br \/>0,6 A Ladestation inklusive Netzteil mit 6,3 m Anschlusskabel. Inklusive 100 m F\u00fchrungskabel, 130 Montagehalterungen und 3 M\u00e4hmessern (vormontiert)<\/p>\n<p>[ad_2]<\/p>\n","protected":false},"excerpt":{"rendered":"<p>Produktbeschreibung Produktspezifikationen Automatisches Rasenm\u00e4hen \u2013 kein Problem mit dem Scheppach Rasenm\u00e4hroboter RRMA300. Der M\u00e4hroboter eignet sich f\u00fcr G\u00e4rten mit einer Rasenfl\u00e4che von bis zu 300 m2. Die Steuerung erfolgt manuell \u00fcber ein intuitiv bedienbares Digitaldisplay. Die Schnitth\u00f6he kann stufenlos von 20 bis 50 mm eingestellt werden. \u00dcber Rasenkanten auf Rasenniveau m\u00e4ht der Roboter sicher hinweg, [&hellip;]<\/p>\n","protected":false},"featured_media":3972,"comment_status":"open","ping_status":"closed","template":"","meta":{"_aipt_faq_data":""},"store":[],"product_brand":[441],"product_cat":[83],"product_tag":[380],"class_list":{"0":"post-3971","1":"product","2":"type-product","3":"status-publish","4":"has-post-thumbnail","6":"product_brand-scheppach","7":"product_cat-rasenroboter-fuer-kleine-gaerten","8":"product_tag-rasenroboter-fuer-kleine-gaerten-einfache-installation","10":"first","11":"instock","12":"shipping-taxable","13":"product-type-external"},"yoast_head":"<!-- This site is optimized with the Yoast SEO plugin v27.4 - https:\/\/yoast.com\/product\/yoast-seo-wordpress\/ -->\n<title>Scheppach Black Edition Roboter-Rasenm\u00e4her RRMA300, b\u00fcrstenlose Rasenfl\u00e4che, 300 m\u00b2, Schnittbreite 160 mm, Schnitth\u00f6he 20 \u2013 50 mm, Steigungen bis zu 25 %, geringe Ger\u00e4uschentwicklung, inklusive Zubeh\u00f6r - EasyLifeBro<\/title>\n<meta name=\"description\" content=\"Entdecken Sie smarte Roboter f\u00fcr Zuhause, Garten, Bildung und Sicherheit. Vergleichen Sie Saugroboter, Rasenm\u00e4hroboter, KI-Begleitroboter und mehr bei EasyLifeRobo.\" \/>\n<meta name=\"robots\" content=\"index, follow, max-snippet:-1, max-image-preview:large, max-video-preview:-1\" \/>\n<link rel=\"canonical\" href=\"https:\/\/easyliferobo.com\/de\/product\/scheppach-black-edition-roboter-rasenmaeher-rrma300-buerstenlose-rasenflaeche-300-m\u00b2-schnittbreite-160-mm-schnitthoehe-20-50-mm-steigungen-bis-zu-25-geringe-geraeuschentwicklung\/\" \/>\n<meta property=\"og:locale\" content=\"de_DE\" \/>\n<meta property=\"og:type\" content=\"article\" \/>\n<meta property=\"og:title\" content=\"Scheppach Black Edition Roboter-Rasenm\u00e4her RRMA300, b\u00fcrstenlose Rasenfl\u00e4che, 300 m\u00b2, Schnittbreite 160 mm, Schnitth\u00f6he 20 \u2013 50 mm, Steigungen bis zu 25 %, geringe Ger\u00e4uschentwicklung, inklusive Zubeh\u00f6r - EasyLifeBro\" \/>\n<meta property=\"og:description\" content=\"Entdecken Sie smarte Roboter f\u00fcr Zuhause, Garten, Bildung und Sicherheit. Vergleichen Sie Saugroboter, Rasenm\u00e4hroboter, KI-Begleitroboter und mehr bei EasyLifeRobo.\" \/>\n<meta property=\"og:url\" content=\"https:\/\/easyliferobo.com\/de\/product\/scheppach-black-edition-roboter-rasenmaeher-rrma300-buerstenlose-rasenflaeche-300-m\u00b2-schnittbreite-160-mm-schnitthoehe-20-50-mm-steigungen-bis-zu-25-geringe-geraeuschentwicklung\/\" \/>\n<meta property=\"og:site_name\" content=\"EasyLifeBro\" \/>\n<meta property=\"article:modified_time\" content=\"2026-02-27T10:38:16+00:00\" \/>\n<meta property=\"og:image\" content=\"https:\/\/images-na.ssl-images-amazon.com\/images\/G\/01\/x-locale\/common\/grey-pixel.gif\" \/>\n<meta name=\"twitter:card\" content=\"summary_large_image\" \/>\n<meta name=\"twitter:label1\" content=\"Gesch\u00e4tzte Lesezeit\" \/>\n\t<meta name=\"twitter:data1\" content=\"2\u00a0Minuten\" \/>\n<script type=\"application\/ld+json\" class=\"yoast-schema-graph\">{\"@context\":\"https:\\\/\\\/schema.org\",\"@graph\":[{\"@type\":\"WebPage\",\"@id\":\"https:\\\/\\\/easyliferobo.com\\\/de\\\/product\\\/scheppach-black-edition-roboter-rasenmaeher-rrma300-buerstenlose-rasenflaeche-300-m%c2%b2-schnittbreite-160-mm-schnitthoehe-20-50-mm-steigungen-bis-zu-25-geringe-geraeuschentwicklung\\\/\",\"url\":\"https:\\\/\\\/easyliferobo.com\\\/de\\\/product\\\/scheppach-black-edition-roboter-rasenmaeher-rrma300-buerstenlose-rasenflaeche-300-m%c2%b2-schnittbreite-160-mm-schnitthoehe-20-50-mm-steigungen-bis-zu-25-geringe-geraeuschentwicklung\\\/\",\"name\":\"Scheppach Black Edition Roboter-Rasenm\u00e4her RRMA300, b\u00fcrstenlose Rasenfl\u00e4che, 300 m\u00b2, Schnittbreite 160 mm, Schnitth\u00f6he 20 \u2013 50 mm, Steigungen bis zu 25 %, geringe Ger\u00e4uschentwicklung, inklusive Zubeh\u00f6r - EasyLifeBro\",\"isPartOf\":{\"@id\":\"https:\\\/\\\/easyliferobo.com\\\/de\\\/#website\"},\"primaryImageOfPage\":{\"@id\":\"https:\\\/\\\/easyliferobo.com\\\/de\\\/product\\\/scheppach-black-edition-roboter-rasenmaeher-rrma300-buerstenlose-rasenflaeche-300-m%c2%b2-schnittbreite-160-mm-schnitthoehe-20-50-mm-steigungen-bis-zu-25-geringe-geraeuschentwicklung\\\/#primaryimage\"},\"image\":{\"@id\":\"https:\\\/\\\/easyliferobo.com\\\/de\\\/product\\\/scheppach-black-edition-roboter-rasenmaeher-rrma300-buerstenlose-rasenflaeche-300-m%c2%b2-schnittbreite-160-mm-schnitthoehe-20-50-mm-steigungen-bis-zu-25-geringe-geraeuschentwicklung\\\/#primaryimage\"},\"thumbnailUrl\":\"https:\\\/\\\/easyliferobo.com\\\/de\\\/wp-content\\\/uploads\\\/2026\\\/02\\\/61webravBfL._AC_SL1500_.jpg\",\"datePublished\":\"2026-02-27T10:37:55+00:00\",\"dateModified\":\"2026-02-27T10:38:16+00:00\",\"description\":\"Entdecken Sie smarte Roboter f\u00fcr Zuhause, Garten, Bildung und Sicherheit. Vergleichen Sie Saugroboter, Rasenm\u00e4hroboter, KI-Begleitroboter und mehr bei EasyLifeRobo.\",\"breadcrumb\":{\"@id\":\"https:\\\/\\\/easyliferobo.com\\\/de\\\/product\\\/scheppach-black-edition-roboter-rasenmaeher-rrma300-buerstenlose-rasenflaeche-300-m%c2%b2-schnittbreite-160-mm-schnitthoehe-20-50-mm-steigungen-bis-zu-25-geringe-geraeuschentwicklung\\\/#breadcrumb\"},\"inLanguage\":\"de\",\"potentialAction\":[{\"@type\":\"ReadAction\",\"target\":[\"https:\\\/\\\/easyliferobo.com\\\/de\\\/product\\\/scheppach-black-edition-roboter-rasenmaeher-rrma300-buerstenlose-rasenflaeche-300-m%c2%b2-schnittbreite-160-mm-schnitthoehe-20-50-mm-steigungen-bis-zu-25-geringe-geraeuschentwicklung\\\/\"]}]},{\"@type\":\"ImageObject\",\"inLanguage\":\"de\",\"@id\":\"https:\\\/\\\/easyliferobo.com\\\/de\\\/product\\\/scheppach-black-edition-roboter-rasenmaeher-rrma300-buerstenlose-rasenflaeche-300-m%c2%b2-schnittbreite-160-mm-schnitthoehe-20-50-mm-steigungen-bis-zu-25-geringe-geraeuschentwicklung\\\/#primaryimage\",\"url\":\"https:\\\/\\\/easyliferobo.com\\\/de\\\/wp-content\\\/uploads\\\/2026\\\/02\\\/61webravBfL._AC_SL1500_.jpg\",\"contentUrl\":\"https:\\\/\\\/easyliferobo.com\\\/de\\\/wp-content\\\/uploads\\\/2026\\\/02\\\/61webravBfL._AC_SL1500_.jpg\",\"width\":1500,\"height\":1378},{\"@type\":\"BreadcrumbList\",\"@id\":\"https:\\\/\\\/easyliferobo.com\\\/de\\\/product\\\/scheppach-black-edition-roboter-rasenmaeher-rrma300-buerstenlose-rasenflaeche-300-m%c2%b2-schnittbreite-160-mm-schnitthoehe-20-50-mm-steigungen-bis-zu-25-geringe-geraeuschentwicklung\\\/#breadcrumb\",\"itemListElement\":[{\"@type\":\"ListItem\",\"position\":1,\"name\":\"Home\",\"item\":\"https:\\\/\\\/easyliferobo.com\\\/de\\\/\"},{\"@type\":\"ListItem\",\"position\":2,\"name\":\"Shop\",\"item\":\"https:\\\/\\\/easyliferobo.com\\\/de\\\/shop\\\/\"},{\"@type\":\"ListItem\",\"position\":3,\"name\":\"Scheppach Black Edition Roboter-Ras...\"}]},{\"@type\":\"WebSite\",\"@id\":\"https:\\\/\\\/easyliferobo.com\\\/de\\\/#website\",\"url\":\"https:\\\/\\\/easyliferobo.com\\\/de\\\/\",\"name\":\"EasyLifeBro\",\"description\":\"Smarte Roboter f\u00fcr Zuhause, Garten &amp; Bildung\",\"publisher\":{\"@id\":\"https:\\\/\\\/easyliferobo.com\\\/de\\\/#organization\"},\"potentialAction\":[{\"@type\":\"SearchAction\",\"target\":{\"@type\":\"EntryPoint\",\"urlTemplate\":\"https:\\\/\\\/easyliferobo.com\\\/de\\\/?s={search_term_string}\"},\"query-input\":{\"@type\":\"PropertyValueSpecification\",\"valueRequired\":true,\"valueName\":\"search_term_string\"}}],\"inLanguage\":\"de\"},{\"@type\":\"Organization\",\"@id\":\"https:\\\/\\\/easyliferobo.com\\\/de\\\/#organization\",\"name\":\"EasyLifeBro\",\"url\":\"https:\\\/\\\/easyliferobo.com\\\/de\\\/\",\"logo\":{\"@type\":\"ImageObject\",\"inLanguage\":\"de\",\"@id\":\"https:\\\/\\\/easyliferobo.com\\\/de\\\/#\\\/schema\\\/logo\\\/image\\\/\",\"url\":\"https:\\\/\\\/easyliferobo.com\\\/de\\\/wp-content\\\/uploads\\\/2026\\\/02\\\/Screenshot-2026-02-22-at-2.25.03-PM.png\",\"contentUrl\":\"https:\\\/\\\/easyliferobo.com\\\/de\\\/wp-content\\\/uploads\\\/2026\\\/02\\\/Screenshot-2026-02-22-at-2.25.03-PM.png\",\"width\":1858,\"height\":430,\"caption\":\"EasyLifeBro\"},\"image\":{\"@id\":\"https:\\\/\\\/easyliferobo.com\\\/de\\\/#\\\/schema\\\/logo\\\/image\\\/\"}}]}<\/script>\n<!-- \/ Yoast SEO plugin. -->","yoast_head_json":{"title":"Scheppach Black Edition Roboter-Rasenm\u00e4her RRMA300, b\u00fcrstenlose Rasenfl\u00e4che, 300 m\u00b2, Schnittbreite 160 mm, Schnitth\u00f6he 20 \u2013 50 mm, Steigungen bis zu 25 %, geringe Ger\u00e4uschentwicklung, inklusive Zubeh\u00f6r - EasyLifeBro","description":"Entdecken Sie smarte Roboter f\u00fcr Zuhause, Garten, Bildung und Sicherheit. Vergleichen Sie Saugroboter, Rasenm\u00e4hroboter, KI-Begleitroboter und mehr bei EasyLifeRobo.","robots":{"index":"index","follow":"follow","max-snippet":"max-snippet:-1","max-image-preview":"max-image-preview:large","max-video-preview":"max-video-preview:-1"},"canonical":"https:\/\/easyliferobo.com\/de\/product\/scheppach-black-edition-roboter-rasenmaeher-rrma300-buerstenlose-rasenflaeche-300-m\u00b2-schnittbreite-160-mm-schnitthoehe-20-50-mm-steigungen-bis-zu-25-geringe-geraeuschentwicklung\/","og_locale":"de_DE","og_type":"article","og_title":"Scheppach Black Edition Roboter-Rasenm\u00e4her RRMA300, b\u00fcrstenlose Rasenfl\u00e4che, 300 m\u00b2, Schnittbreite 160 mm, Schnitth\u00f6he 20 \u2013 50 mm, Steigungen bis zu 25 %, geringe Ger\u00e4uschentwicklung, inklusive Zubeh\u00f6r - EasyLifeBro","og_description":"Entdecken Sie smarte Roboter f\u00fcr Zuhause, Garten, Bildung und Sicherheit. Vergleichen Sie Saugroboter, Rasenm\u00e4hroboter, KI-Begleitroboter und mehr bei EasyLifeRobo.","og_url":"https:\/\/easyliferobo.com\/de\/product\/scheppach-black-edition-roboter-rasenmaeher-rrma300-buerstenlose-rasenflaeche-300-m\u00b2-schnittbreite-160-mm-schnitthoehe-20-50-mm-steigungen-bis-zu-25-geringe-geraeuschentwicklung\/","og_site_name":"EasyLifeBro","article_modified_time":"2026-02-27T10:38:16+00:00","og_image":[{"url":"https:\/\/images-na.ssl-images-amazon.com\/images\/G\/01\/x-locale\/common\/grey-pixel.gif","type":"","width":"","height":""}],"twitter_card":"summary_large_image","twitter_misc":{"Gesch\u00e4tzte Lesezeit":"2\u00a0Minuten"},"schema":{"@context":"https:\/\/schema.org","@graph":[{"@type":"WebPage","@id":"https:\/\/easyliferobo.com\/de\/product\/scheppach-black-edition-roboter-rasenmaeher-rrma300-buerstenlose-rasenflaeche-300-m%c2%b2-schnittbreite-160-mm-schnitthoehe-20-50-mm-steigungen-bis-zu-25-geringe-geraeuschentwicklung\/","url":"https:\/\/easyliferobo.com\/de\/product\/scheppach-black-edition-roboter-rasenmaeher-rrma300-buerstenlose-rasenflaeche-300-m%c2%b2-schnittbreite-160-mm-schnitthoehe-20-50-mm-steigungen-bis-zu-25-geringe-geraeuschentwicklung\/","name":"Scheppach Black Edition Roboter-Rasenm\u00e4her RRMA300, b\u00fcrstenlose Rasenfl\u00e4che, 300 m\u00b2, Schnittbreite 160 mm, Schnitth\u00f6he 20 \u2013 50 mm, Steigungen bis zu 25 %, geringe Ger\u00e4uschentwicklung, inklusive Zubeh\u00f6r - EasyLifeBro","isPartOf":{"@id":"https:\/\/easyliferobo.com\/de\/#website"},"primaryImageOfPage":{"@id":"https:\/\/easyliferobo.com\/de\/product\/scheppach-black-edition-roboter-rasenmaeher-rrma300-buerstenlose-rasenflaeche-300-m%c2%b2-schnittbreite-160-mm-schnitthoehe-20-50-mm-steigungen-bis-zu-25-geringe-geraeuschentwicklung\/#primaryimage"},"image":{"@id":"https:\/\/easyliferobo.com\/de\/product\/scheppach-black-edition-roboter-rasenmaeher-rrma300-buerstenlose-rasenflaeche-300-m%c2%b2-schnittbreite-160-mm-schnitthoehe-20-50-mm-steigungen-bis-zu-25-geringe-geraeuschentwicklung\/#primaryimage"},"thumbnailUrl":"https:\/\/easyliferobo.com\/de\/wp-content\/uploads\/2026\/02\/61webravBfL._AC_SL1500_.jpg","datePublished":"2026-02-27T10:37:55+00:00","dateModified":"2026-02-27T10:38:16+00:00","description":"Entdecken Sie smarte Roboter f\u00fcr Zuhause, Garten, Bildung und Sicherheit. Vergleichen Sie Saugroboter, Rasenm\u00e4hroboter, KI-Begleitroboter und mehr bei EasyLifeRobo.","breadcrumb":{"@id":"https:\/\/easyliferobo.com\/de\/product\/scheppach-black-edition-roboter-rasenmaeher-rrma300-buerstenlose-rasenflaeche-300-m%c2%b2-schnittbreite-160-mm-schnitthoehe-20-50-mm-steigungen-bis-zu-25-geringe-geraeuschentwicklung\/#breadcrumb"},"inLanguage":"de","potentialAction":[{"@type":"ReadAction","target":["https:\/\/easyliferobo.com\/de\/product\/scheppach-black-edition-roboter-rasenmaeher-rrma300-buerstenlose-rasenflaeche-300-m%c2%b2-schnittbreite-160-mm-schnitthoehe-20-50-mm-steigungen-bis-zu-25-geringe-geraeuschentwicklung\/"]}]},{"@type":"ImageObject","inLanguage":"de","@id":"https:\/\/easyliferobo.com\/de\/product\/scheppach-black-edition-roboter-rasenmaeher-rrma300-buerstenlose-rasenflaeche-300-m%c2%b2-schnittbreite-160-mm-schnitthoehe-20-50-mm-steigungen-bis-zu-25-geringe-geraeuschentwicklung\/#primaryimage","url":"https:\/\/easyliferobo.com\/de\/wp-content\/uploads\/2026\/02\/61webravBfL._AC_SL1500_.jpg","contentUrl":"https:\/\/easyliferobo.com\/de\/wp-content\/uploads\/2026\/02\/61webravBfL._AC_SL1500_.jpg","width":1500,"height":1378},{"@type":"BreadcrumbList","@id":"https:\/\/easyliferobo.com\/de\/product\/scheppach-black-edition-roboter-rasenmaeher-rrma300-buerstenlose-rasenflaeche-300-m%c2%b2-schnittbreite-160-mm-schnitthoehe-20-50-mm-steigungen-bis-zu-25-geringe-geraeuschentwicklung\/#breadcrumb","itemListElement":[{"@type":"ListItem","position":1,"name":"Home","item":"https:\/\/easyliferobo.com\/de\/"},{"@type":"ListItem","position":2,"name":"Shop","item":"https:\/\/easyliferobo.com\/de\/shop\/"},{"@type":"ListItem","position":3,"name":"Scheppach Black Edition Roboter-Ras..."}]},{"@type":"WebSite","@id":"https:\/\/easyliferobo.com\/de\/#website","url":"https:\/\/easyliferobo.com\/de\/","name":"EasyLifeBro","description":"Smarte Roboter f\u00fcr Zuhause, Garten &amp; Bildung","publisher":{"@id":"https:\/\/easyliferobo.com\/de\/#organization"},"potentialAction":[{"@type":"SearchAction","target":{"@type":"EntryPoint","urlTemplate":"https:\/\/easyliferobo.com\/de\/?s={search_term_string}"},"query-input":{"@type":"PropertyValueSpecification","valueRequired":true,"valueName":"search_term_string"}}],"inLanguage":"de"},{"@type":"Organization","@id":"https:\/\/easyliferobo.com\/de\/#organization","name":"EasyLifeBro","url":"https:\/\/easyliferobo.com\/de\/","logo":{"@type":"ImageObject","inLanguage":"de","@id":"https:\/\/easyliferobo.com\/de\/#\/schema\/logo\/image\/","url":"https:\/\/easyliferobo.com\/de\/wp-content\/uploads\/2026\/02\/Screenshot-2026-02-22-at-2.25.03-PM.png","contentUrl":"https:\/\/easyliferobo.com\/de\/wp-content\/uploads\/2026\/02\/Screenshot-2026-02-22-at-2.25.03-PM.png","width":1858,"height":430,"caption":"EasyLifeBro"},"image":{"@id":"https:\/\/easyliferobo.com\/de\/#\/schema\/logo\/image\/"}}]}},"_links":{"self":[{"href":"https:\/\/easyliferobo.com\/de\/wp-json\/wp\/v2\/product\/3971","targetHints":{"allow":["GET"]}}],"collection":[{"href":"https:\/\/easyliferobo.com\/de\/wp-json\/wp\/v2\/product"}],"about":[{"href":"https:\/\/easyliferobo.com\/de\/wp-json\/wp\/v2\/types\/product"}],"replies":[{"embeddable":true,"href":"https:\/\/easyliferobo.com\/de\/wp-json\/wp\/v2\/comments?post=3971"}],"wp:featuredmedia":[{"embeddable":true,"href":"https:\/\/easyliferobo.com\/de\/wp-json\/wp\/v2\/media\/3972"}],"wp:attachment":[{"href":"https:\/\/easyliferobo.com\/de\/wp-json\/wp\/v2\/media?parent=3971"}],"wp:term":[{"taxonomy":"store","embeddable":true,"href":"https:\/\/easyliferobo.com\/de\/wp-json\/wp\/v2\/store?post=3971"},{"taxonomy":"product_brand","embeddable":true,"href":"https:\/\/easyliferobo.com\/de\/wp-json\/wp\/v2\/product_brand?post=3971"},{"taxonomy":"product_cat","embeddable":true,"href":"https:\/\/easyliferobo.com\/de\/wp-json\/wp\/v2\/product_cat?post=3971"},{"taxonomy":"product_tag","embeddable":true,"href":"https:\/\/easyliferobo.com\/de\/wp-json\/wp\/v2\/product_tag?post=3971"}],"curies":[{"name":"wp","href":"https:\/\/api.w.org\/{rel}","templated":true}]}}