
{"id":3963,"date":"2026-02-27T10:36:33","date_gmt":"2026-02-27T10:36:33","guid":{"rendered":"https:\/\/easyliferobo.com\/de\/product\/vbrm16-ocumow-kabelloser-rasenmaeher-fuer-bis-zu-150-%e3%8e%a1-selbstfahrender-rasenmaeher-roboter-hindernisvermeidung-laermarm-roboter-rasenmaeher-ohne-begrenzungskabel\/"},"modified":"2026-02-27T10:36:48","modified_gmt":"2026-02-27T10:36:48","slug":"vbrm16-ocumow-kabelloser-rasenmaeher-fuer-bis-zu-150-%e3%8e%a1-selbstfahrender-rasenmaeher-roboter-hindernisvermeidung-laermarm-roboter-rasenmaeher-ohne-begrenzungskabel","status":"publish","type":"product","link":"https:\/\/easyliferobo.com\/de\/product\/vbrm16-ocumow-kabelloser-rasenmaeher-fuer-bis-zu-150-%e3%8e%a1-selbstfahrender-rasenmaeher-roboter-hindernisvermeidung-laermarm-roboter-rasenmaeher-ohne-begrenzungskabel\/","title":{"rendered":"VBRM16 OcuMow Kabelloser Rasenm\u00e4he..."},"content":{"rendered":"<p>\n                                             Von der Marke   <\/p>\n<p>                                              <img decoding=\"async\" alt=\"Roboter-Rasenm\u00e4her \" src=\"https:\/\/images-na.ssl-images-amazon.com\/images\/G\/01\/x-locale\/common\/grey-pixel.gif\" class=\"a-lazy-loaded\" data-src=\"https:\/\/m.media-amazon.com\/images\/S\/aplus-media-library-service-media\/a63f8b5b-e28f-4e04-a2d4-5aa9c7003ade.__CR0,0,1464,625_PT0_SX1464_V1___.jpg\"><img decoding=\"async\" alt=\"Roboter-Rasenm\u00e4her \" src=\"https:\/\/m.media-amazon.com\/images\/S\/aplus-media-library-service-media\/a63f8b5b-e28f-4e04-a2d4-5aa9c7003ade.__CR0,0,1464,625_PT0_SX1464_V1___.jpg\">  <\/p>\n<p>                                              <img decoding=\"async\" alt=\"Aplus-Inhaltsbild\" src=\"https:\/\/images-na.ssl-images-amazon.com\/images\/G\/01\/x-locale\/common\/grey-pixel.gif\" class=\"a-lazy-loaded\" data-src=\"https:\/\/m.media-amazon.com\/images\/S\/aplus-media-library-service-media\/ce29e6e1-d74b-4f23-9b3b-4cb63ecf65dc.__CR0,0,362,453_PT0_SX362_V1___.jpg\"><img decoding=\"async\" alt=\"Aplus-Inhaltsbild\" src=\"https:\/\/m.media-amazon.com\/images\/S\/aplus-media-library-service-media\/ce29e6e1-d74b-4f23-9b3b-4cb63ecf65dc.__CR0,0,362,453_PT0_SX362_V1___.jpg\">  <\/p>\n<p>                                              <img decoding=\"async\" alt=\"Aplus-Inhaltsbild\" src=\"https:\/\/images-na.ssl-images-amazon.com\/images\/G\/01\/x-locale\/common\/grey-pixel.gif\" class=\"a-lazy-loaded\" data-src=\"https:\/\/m.media-amazon.com\/images\/S\/aplus-media-library-service-media\/481c8fd7-778b-47ce-a063-16c0b71b1219.__CR0,0,362,453_PT0_SX362_V1___.jpg\"><img decoding=\"async\" alt=\"Aplus-Inhaltsbild\" src=\"https:\/\/m.media-amazon.com\/images\/S\/aplus-media-library-service-media\/481c8fd7-778b-47ce-a063-16c0b71b1219.__CR0,0,362,453_PT0_SX362_V1___.jpg\">  <\/p>\n<p>                                              <img decoding=\"async\" alt=\"Aplus-Inhaltsbild\" src=\"https:\/\/images-na.ssl-images-amazon.com\/images\/G\/01\/x-locale\/common\/grey-pixel.gif\" class=\"a-lazy-loaded\" data-src=\"https:\/\/m.media-amazon.com\/images\/S\/aplus-media-library-service-media\/602dd465-94ff-4c66-9b59-7216505471f7.__CR0,0,362,453_PT0_SX362_V1___.jpg\"><img decoding=\"async\" alt=\"Aplus-Inhaltsbild\" src=\"https:\/\/m.media-amazon.com\/images\/S\/aplus-media-library-service-media\/602dd465-94ff-4c66-9b59-7216505471f7.__CR0,0,362,453_PT0_SX362_V1___.jpg\">  <\/p>\n<h3>  Roboter-Rasenm\u00e4her-Serie <\/h3>\n<p class=\"apm-brand-story-stores-link\">\n<p>                                              <img decoding=\"async\" alt=\"Aplus-Inhaltsbild\" src=\"https:\/\/images-na.ssl-images-amazon.com\/images\/G\/01\/x-locale\/common\/grey-pixel.gif\" class=\"a-lazy-loaded\" data-src=\"https:\/\/m.media-amazon.com\/images\/S\/aplus-media-library-service-media\/1ecbafdc-20c3-4254-9423-04115aa976b0.__CR0,0,362,453_PT0_SX362_V1___.jpg\"><img decoding=\"async\" alt=\"Aplus-Inhaltsbild\" src=\"https:\/\/m.media-amazon.com\/images\/S\/aplus-media-library-service-media\/1ecbafdc-20c3-4254-9423-04115aa976b0.__CR0,0,362,453_PT0_SX362_V1___.jpg\">  <\/p>\n<p>                                              <img decoding=\"async\" alt=\"Aplus-Inhaltsbild\" src=\"https:\/\/images-na.ssl-images-amazon.com\/images\/G\/01\/x-locale\/common\/grey-pixel.gif\" class=\"a-lazy-loaded\" data-src=\"https:\/\/m.media-amazon.com\/images\/S\/aplus-media-library-service-media\/a3253034-783a-42bf-ad9e-3ac57654d1c2.__CR0,0,362,453_PT0_SX362_V1___.jpg\"><img decoding=\"async\" alt=\"Aplus-Inhaltsbild\" src=\"https:\/\/m.media-amazon.com\/images\/S\/aplus-media-library-service-media\/a3253034-783a-42bf-ad9e-3ac57654d1c2.__CR0,0,362,453_PT0_SX362_V1___.jpg\">  <\/p>\n<h3>  Rasenm\u00e4her-Serie <\/h3>\n<p class=\"apm-brand-story-stores-link\">\n<h3>  Rasenm\u00e4herzubeh\u00f6r <\/h3>\n<p class=\"apm-brand-story-stores-link\">\n<p>HERUNTERLASSEN UND M\u00c4HEN: Sie ben\u00f6tigen keine Steckdose im Freien. Laden Sie einfach den herausnehmbaren Lithium-Ionen-Akku im mitgelieferten Schnellladeger\u00e4t auf und stellen Sie den M\u00e4her bei trockenem Wetter ein- bis zweimal pro Woche tags\u00fcber auf den Rasen. Er m\u00e4ht bis zu 4 Stunden* in einem zuf\u00e4lligen Muster und wirft kleine St\u00fccke auf den Rasen, um das Gras zu f\u00fcttern.<br \/>Spot-Cut-Funktion: F\u00fcr ein sauberes Ergebnis k\u00f6nnen Sie bei ungeschnittenem Gras zus\u00e4tzlich die Spiral-Spot-Cut-Funktion nutzen.<br \/>Einstellbare Schnitth\u00f6he: W\u00e4hlen Sie eine Schnitth\u00f6he zwischen 20 mm und 60 mm f\u00fcr einen gepflegten Rasen. Um die beste Leistung zu erzielen und ein gesundes Rasenwachstum zu f\u00f6rdern, verwenden Sie 60 mm f\u00fcr l\u00e4ngeres Gras und reduzieren Sie die Schnitth\u00f6he nach dem regelm\u00e4\u00dfigen M\u00e4hen schrittweise auf die gew\u00fcnschte L\u00e4nge.<br \/>Sicherheit: Mithilfe der Kamera und Ultraschallsensoren erkennt der M\u00e4her Hindernisse wie Gartenm\u00f6bel und weicht diesen aus. Eine Kindersicherung verhindert unbefugte Nutzung und Sensoren stoppen das Messer, wenn der M\u00e4her angehoben wird.<br \/>LAWNMASTER von Cleva \u2013 Wir nutzen modernste Verfahren und h\u00f6chste technische Standards, um leistungsstarke Produkte zu entwickeln, die sich an Ihren Bed\u00fcrfnissen orientieren \u2013 zu Hause oder am Arbeitsplatz. Das Ergebnis ist eine breite Palette von Produkten mit au\u00dfergew\u00f6hnlicher Leistung und Haltbarkeit<\/p>\n<p>[ad_2]<\/p>\n","protected":false},"excerpt":{"rendered":"<p>Von der Marke Roboter-Rasenm\u00e4her-Serie Rasenm\u00e4her-Serie Rasenm\u00e4herzubeh\u00f6r HERUNTERLASSEN UND M\u00c4HEN: Sie ben\u00f6tigen keine Steckdose im Freien. Laden Sie einfach den herausnehmbaren Lithium-Ionen-Akku im mitgelieferten Schnellladeger\u00e4t auf und stellen Sie den M\u00e4her bei trockenem Wetter ein- bis zweimal pro Woche tags\u00fcber auf den Rasen. Er m\u00e4ht bis zu 4 Stunden* in einem zuf\u00e4lligen Muster und wirft kleine [&hellip;]<\/p>\n","protected":false},"featured_media":3964,"comment_status":"open","ping_status":"closed","template":"","meta":{"_aipt_faq_data":""},"store":[],"product_brand":[215],"product_cat":[84],"product_tag":[378],"class_list":{"0":"post-3963","1":"product","2":"type-product","3":"status-publish","4":"has-post-thumbnail","6":"product_brand-lawnmaster","7":"product_cat-rasenroboter-fuer-grosse-flaechen","8":"product_tag-rasenroboter-fuer-grosse-flaechen-leise-betrieb","10":"first","11":"instock","12":"sale","13":"shipping-taxable","14":"product-type-external"},"yoast_head":"<!-- This site is optimized with the Yoast SEO plugin v27.4 - https:\/\/yoast.com\/product\/yoast-seo-wordpress\/ -->\n<title>VBRM16 OcuMow Kabelloser Rasenm\u00e4her f\u00fcr bis zu 150 \u33a1, selbstfahrender Rasenm\u00e4her-Roboter, Hindernisvermeidung, L\u00e4rmarm, Roboter-Rasenm\u00e4her ohne Begrenzungskabel - EasyLifeBro<\/title>\n<meta name=\"description\" content=\"Entdecken Sie smarte Roboter f\u00fcr Zuhause, Garten, Bildung und Sicherheit. Vergleichen Sie Saugroboter, Rasenm\u00e4hroboter, KI-Begleitroboter und mehr bei EasyLifeRobo.\" \/>\n<meta name=\"robots\" content=\"index, follow, max-snippet:-1, max-image-preview:large, max-video-preview:-1\" \/>\n<link rel=\"canonical\" href=\"https:\/\/easyliferobo.com\/de\/product\/vbrm16-ocumow-kabelloser-rasenmaeher-fuer-bis-zu-150-\u33a1-selbstfahrender-rasenmaeher-roboter-hindernisvermeidung-laermarm-roboter-rasenmaeher-ohne-begrenzungskabel\/\" \/>\n<meta property=\"og:locale\" content=\"de_DE\" \/>\n<meta property=\"og:type\" content=\"article\" \/>\n<meta property=\"og:title\" content=\"VBRM16 OcuMow Kabelloser Rasenm\u00e4her f\u00fcr bis zu 150 \u33a1, selbstfahrender Rasenm\u00e4her-Roboter, Hindernisvermeidung, L\u00e4rmarm, Roboter-Rasenm\u00e4her ohne Begrenzungskabel - EasyLifeBro\" \/>\n<meta property=\"og:description\" content=\"Entdecken Sie smarte Roboter f\u00fcr Zuhause, Garten, Bildung und Sicherheit. Vergleichen Sie Saugroboter, Rasenm\u00e4hroboter, KI-Begleitroboter und mehr bei EasyLifeRobo.\" \/>\n<meta property=\"og:url\" content=\"https:\/\/easyliferobo.com\/de\/product\/vbrm16-ocumow-kabelloser-rasenmaeher-fuer-bis-zu-150-\u33a1-selbstfahrender-rasenmaeher-roboter-hindernisvermeidung-laermarm-roboter-rasenmaeher-ohne-begrenzungskabel\/\" \/>\n<meta property=\"og:site_name\" content=\"EasyLifeBro\" \/>\n<meta property=\"article:modified_time\" content=\"2026-02-27T10:36:48+00:00\" \/>\n<meta property=\"og:image\" content=\"https:\/\/images-na.ssl-images-amazon.com\/images\/G\/01\/x-locale\/common\/grey-pixel.gif\" \/>\n<meta name=\"twitter:card\" content=\"summary_large_image\" \/>\n<meta name=\"twitter:label1\" content=\"Gesch\u00e4tzte Lesezeit\" \/>\n\t<meta name=\"twitter:data1\" content=\"1\u00a0Minute\" \/>\n<script type=\"application\/ld+json\" class=\"yoast-schema-graph\">{\"@context\":\"https:\\\/\\\/schema.org\",\"@graph\":[{\"@type\":\"WebPage\",\"@id\":\"https:\\\/\\\/easyliferobo.com\\\/de\\\/product\\\/vbrm16-ocumow-kabelloser-rasenmaeher-fuer-bis-zu-150-%e3%8e%a1-selbstfahrender-rasenmaeher-roboter-hindernisvermeidung-laermarm-roboter-rasenmaeher-ohne-begrenzungskabel\\\/\",\"url\":\"https:\\\/\\\/easyliferobo.com\\\/de\\\/product\\\/vbrm16-ocumow-kabelloser-rasenmaeher-fuer-bis-zu-150-%e3%8e%a1-selbstfahrender-rasenmaeher-roboter-hindernisvermeidung-laermarm-roboter-rasenmaeher-ohne-begrenzungskabel\\\/\",\"name\":\"VBRM16 OcuMow Kabelloser Rasenm\u00e4her f\u00fcr bis zu 150 \u33a1, selbstfahrender Rasenm\u00e4her-Roboter, Hindernisvermeidung, L\u00e4rmarm, Roboter-Rasenm\u00e4her ohne Begrenzungskabel - EasyLifeBro\",\"isPartOf\":{\"@id\":\"https:\\\/\\\/easyliferobo.com\\\/de\\\/#website\"},\"primaryImageOfPage\":{\"@id\":\"https:\\\/\\\/easyliferobo.com\\\/de\\\/product\\\/vbrm16-ocumow-kabelloser-rasenmaeher-fuer-bis-zu-150-%e3%8e%a1-selbstfahrender-rasenmaeher-roboter-hindernisvermeidung-laermarm-roboter-rasenmaeher-ohne-begrenzungskabel\\\/#primaryimage\"},\"image\":{\"@id\":\"https:\\\/\\\/easyliferobo.com\\\/de\\\/product\\\/vbrm16-ocumow-kabelloser-rasenmaeher-fuer-bis-zu-150-%e3%8e%a1-selbstfahrender-rasenmaeher-roboter-hindernisvermeidung-laermarm-roboter-rasenmaeher-ohne-begrenzungskabel\\\/#primaryimage\"},\"thumbnailUrl\":\"https:\\\/\\\/easyliferobo.com\\\/de\\\/wp-content\\\/uploads\\\/2026\\\/02\\\/71iyIoiITvL._AC_SL1500_.jpg\",\"datePublished\":\"2026-02-27T10:36:33+00:00\",\"dateModified\":\"2026-02-27T10:36:48+00:00\",\"description\":\"Entdecken Sie smarte Roboter f\u00fcr Zuhause, Garten, Bildung und Sicherheit. Vergleichen Sie Saugroboter, Rasenm\u00e4hroboter, KI-Begleitroboter und mehr bei EasyLifeRobo.\",\"breadcrumb\":{\"@id\":\"https:\\\/\\\/easyliferobo.com\\\/de\\\/product\\\/vbrm16-ocumow-kabelloser-rasenmaeher-fuer-bis-zu-150-%e3%8e%a1-selbstfahrender-rasenmaeher-roboter-hindernisvermeidung-laermarm-roboter-rasenmaeher-ohne-begrenzungskabel\\\/#breadcrumb\"},\"inLanguage\":\"de\",\"potentialAction\":[{\"@type\":\"ReadAction\",\"target\":[\"https:\\\/\\\/easyliferobo.com\\\/de\\\/product\\\/vbrm16-ocumow-kabelloser-rasenmaeher-fuer-bis-zu-150-%e3%8e%a1-selbstfahrender-rasenmaeher-roboter-hindernisvermeidung-laermarm-roboter-rasenmaeher-ohne-begrenzungskabel\\\/\"]}]},{\"@type\":\"ImageObject\",\"inLanguage\":\"de\",\"@id\":\"https:\\\/\\\/easyliferobo.com\\\/de\\\/product\\\/vbrm16-ocumow-kabelloser-rasenmaeher-fuer-bis-zu-150-%e3%8e%a1-selbstfahrender-rasenmaeher-roboter-hindernisvermeidung-laermarm-roboter-rasenmaeher-ohne-begrenzungskabel\\\/#primaryimage\",\"url\":\"https:\\\/\\\/easyliferobo.com\\\/de\\\/wp-content\\\/uploads\\\/2026\\\/02\\\/71iyIoiITvL._AC_SL1500_.jpg\",\"contentUrl\":\"https:\\\/\\\/easyliferobo.com\\\/de\\\/wp-content\\\/uploads\\\/2026\\\/02\\\/71iyIoiITvL._AC_SL1500_.jpg\",\"width\":1500,\"height\":1163},{\"@type\":\"BreadcrumbList\",\"@id\":\"https:\\\/\\\/easyliferobo.com\\\/de\\\/product\\\/vbrm16-ocumow-kabelloser-rasenmaeher-fuer-bis-zu-150-%e3%8e%a1-selbstfahrender-rasenmaeher-roboter-hindernisvermeidung-laermarm-roboter-rasenmaeher-ohne-begrenzungskabel\\\/#breadcrumb\",\"itemListElement\":[{\"@type\":\"ListItem\",\"position\":1,\"name\":\"Home\",\"item\":\"https:\\\/\\\/easyliferobo.com\\\/de\\\/\"},{\"@type\":\"ListItem\",\"position\":2,\"name\":\"Shop\",\"item\":\"https:\\\/\\\/easyliferobo.com\\\/de\\\/shop\\\/\"},{\"@type\":\"ListItem\",\"position\":3,\"name\":\"VBRM16 OcuMow Kabelloser Rasenm\u00e4he...\"}]},{\"@type\":\"WebSite\",\"@id\":\"https:\\\/\\\/easyliferobo.com\\\/de\\\/#website\",\"url\":\"https:\\\/\\\/easyliferobo.com\\\/de\\\/\",\"name\":\"EasyLifeBro\",\"description\":\"Smarte Roboter f\u00fcr Zuhause, Garten &amp; Bildung\",\"publisher\":{\"@id\":\"https:\\\/\\\/easyliferobo.com\\\/de\\\/#organization\"},\"potentialAction\":[{\"@type\":\"SearchAction\",\"target\":{\"@type\":\"EntryPoint\",\"urlTemplate\":\"https:\\\/\\\/easyliferobo.com\\\/de\\\/?s={search_term_string}\"},\"query-input\":{\"@type\":\"PropertyValueSpecification\",\"valueRequired\":true,\"valueName\":\"search_term_string\"}}],\"inLanguage\":\"de\"},{\"@type\":\"Organization\",\"@id\":\"https:\\\/\\\/easyliferobo.com\\\/de\\\/#organization\",\"name\":\"EasyLifeBro\",\"url\":\"https:\\\/\\\/easyliferobo.com\\\/de\\\/\",\"logo\":{\"@type\":\"ImageObject\",\"inLanguage\":\"de\",\"@id\":\"https:\\\/\\\/easyliferobo.com\\\/de\\\/#\\\/schema\\\/logo\\\/image\\\/\",\"url\":\"https:\\\/\\\/easyliferobo.com\\\/de\\\/wp-content\\\/uploads\\\/2026\\\/02\\\/Screenshot-2026-02-22-at-2.25.03-PM.png\",\"contentUrl\":\"https:\\\/\\\/easyliferobo.com\\\/de\\\/wp-content\\\/uploads\\\/2026\\\/02\\\/Screenshot-2026-02-22-at-2.25.03-PM.png\",\"width\":1858,\"height\":430,\"caption\":\"EasyLifeBro\"},\"image\":{\"@id\":\"https:\\\/\\\/easyliferobo.com\\\/de\\\/#\\\/schema\\\/logo\\\/image\\\/\"}}]}<\/script>\n<!-- \/ Yoast SEO plugin. -->","yoast_head_json":{"title":"VBRM16 OcuMow Kabelloser Rasenm\u00e4her f\u00fcr bis zu 150 \u33a1, selbstfahrender Rasenm\u00e4her-Roboter, Hindernisvermeidung, L\u00e4rmarm, Roboter-Rasenm\u00e4her ohne Begrenzungskabel - EasyLifeBro","description":"Entdecken Sie smarte Roboter f\u00fcr Zuhause, Garten, Bildung und Sicherheit. Vergleichen Sie Saugroboter, Rasenm\u00e4hroboter, KI-Begleitroboter und mehr bei EasyLifeRobo.","robots":{"index":"index","follow":"follow","max-snippet":"max-snippet:-1","max-image-preview":"max-image-preview:large","max-video-preview":"max-video-preview:-1"},"canonical":"https:\/\/easyliferobo.com\/de\/product\/vbrm16-ocumow-kabelloser-rasenmaeher-fuer-bis-zu-150-\u33a1-selbstfahrender-rasenmaeher-roboter-hindernisvermeidung-laermarm-roboter-rasenmaeher-ohne-begrenzungskabel\/","og_locale":"de_DE","og_type":"article","og_title":"VBRM16 OcuMow Kabelloser Rasenm\u00e4her f\u00fcr bis zu 150 \u33a1, selbstfahrender Rasenm\u00e4her-Roboter, Hindernisvermeidung, L\u00e4rmarm, Roboter-Rasenm\u00e4her ohne Begrenzungskabel - EasyLifeBro","og_description":"Entdecken Sie smarte Roboter f\u00fcr Zuhause, Garten, Bildung und Sicherheit. Vergleichen Sie Saugroboter, Rasenm\u00e4hroboter, KI-Begleitroboter und mehr bei EasyLifeRobo.","og_url":"https:\/\/easyliferobo.com\/de\/product\/vbrm16-ocumow-kabelloser-rasenmaeher-fuer-bis-zu-150-\u33a1-selbstfahrender-rasenmaeher-roboter-hindernisvermeidung-laermarm-roboter-rasenmaeher-ohne-begrenzungskabel\/","og_site_name":"EasyLifeBro","article_modified_time":"2026-02-27T10:36:48+00:00","og_image":[{"url":"https:\/\/images-na.ssl-images-amazon.com\/images\/G\/01\/x-locale\/common\/grey-pixel.gif","type":"","width":"","height":""}],"twitter_card":"summary_large_image","twitter_misc":{"Gesch\u00e4tzte Lesezeit":"1\u00a0Minute"},"schema":{"@context":"https:\/\/schema.org","@graph":[{"@type":"WebPage","@id":"https:\/\/easyliferobo.com\/de\/product\/vbrm16-ocumow-kabelloser-rasenmaeher-fuer-bis-zu-150-%e3%8e%a1-selbstfahrender-rasenmaeher-roboter-hindernisvermeidung-laermarm-roboter-rasenmaeher-ohne-begrenzungskabel\/","url":"https:\/\/easyliferobo.com\/de\/product\/vbrm16-ocumow-kabelloser-rasenmaeher-fuer-bis-zu-150-%e3%8e%a1-selbstfahrender-rasenmaeher-roboter-hindernisvermeidung-laermarm-roboter-rasenmaeher-ohne-begrenzungskabel\/","name":"VBRM16 OcuMow Kabelloser Rasenm\u00e4her f\u00fcr bis zu 150 \u33a1, selbstfahrender Rasenm\u00e4her-Roboter, Hindernisvermeidung, L\u00e4rmarm, Roboter-Rasenm\u00e4her ohne Begrenzungskabel - EasyLifeBro","isPartOf":{"@id":"https:\/\/easyliferobo.com\/de\/#website"},"primaryImageOfPage":{"@id":"https:\/\/easyliferobo.com\/de\/product\/vbrm16-ocumow-kabelloser-rasenmaeher-fuer-bis-zu-150-%e3%8e%a1-selbstfahrender-rasenmaeher-roboter-hindernisvermeidung-laermarm-roboter-rasenmaeher-ohne-begrenzungskabel\/#primaryimage"},"image":{"@id":"https:\/\/easyliferobo.com\/de\/product\/vbrm16-ocumow-kabelloser-rasenmaeher-fuer-bis-zu-150-%e3%8e%a1-selbstfahrender-rasenmaeher-roboter-hindernisvermeidung-laermarm-roboter-rasenmaeher-ohne-begrenzungskabel\/#primaryimage"},"thumbnailUrl":"https:\/\/easyliferobo.com\/de\/wp-content\/uploads\/2026\/02\/71iyIoiITvL._AC_SL1500_.jpg","datePublished":"2026-02-27T10:36:33+00:00","dateModified":"2026-02-27T10:36:48+00:00","description":"Entdecken Sie smarte Roboter f\u00fcr Zuhause, Garten, Bildung und Sicherheit. Vergleichen Sie Saugroboter, Rasenm\u00e4hroboter, KI-Begleitroboter und mehr bei EasyLifeRobo.","breadcrumb":{"@id":"https:\/\/easyliferobo.com\/de\/product\/vbrm16-ocumow-kabelloser-rasenmaeher-fuer-bis-zu-150-%e3%8e%a1-selbstfahrender-rasenmaeher-roboter-hindernisvermeidung-laermarm-roboter-rasenmaeher-ohne-begrenzungskabel\/#breadcrumb"},"inLanguage":"de","potentialAction":[{"@type":"ReadAction","target":["https:\/\/easyliferobo.com\/de\/product\/vbrm16-ocumow-kabelloser-rasenmaeher-fuer-bis-zu-150-%e3%8e%a1-selbstfahrender-rasenmaeher-roboter-hindernisvermeidung-laermarm-roboter-rasenmaeher-ohne-begrenzungskabel\/"]}]},{"@type":"ImageObject","inLanguage":"de","@id":"https:\/\/easyliferobo.com\/de\/product\/vbrm16-ocumow-kabelloser-rasenmaeher-fuer-bis-zu-150-%e3%8e%a1-selbstfahrender-rasenmaeher-roboter-hindernisvermeidung-laermarm-roboter-rasenmaeher-ohne-begrenzungskabel\/#primaryimage","url":"https:\/\/easyliferobo.com\/de\/wp-content\/uploads\/2026\/02\/71iyIoiITvL._AC_SL1500_.jpg","contentUrl":"https:\/\/easyliferobo.com\/de\/wp-content\/uploads\/2026\/02\/71iyIoiITvL._AC_SL1500_.jpg","width":1500,"height":1163},{"@type":"BreadcrumbList","@id":"https:\/\/easyliferobo.com\/de\/product\/vbrm16-ocumow-kabelloser-rasenmaeher-fuer-bis-zu-150-%e3%8e%a1-selbstfahrender-rasenmaeher-roboter-hindernisvermeidung-laermarm-roboter-rasenmaeher-ohne-begrenzungskabel\/#breadcrumb","itemListElement":[{"@type":"ListItem","position":1,"name":"Home","item":"https:\/\/easyliferobo.com\/de\/"},{"@type":"ListItem","position":2,"name":"Shop","item":"https:\/\/easyliferobo.com\/de\/shop\/"},{"@type":"ListItem","position":3,"name":"VBRM16 OcuMow Kabelloser Rasenm\u00e4he..."}]},{"@type":"WebSite","@id":"https:\/\/easyliferobo.com\/de\/#website","url":"https:\/\/easyliferobo.com\/de\/","name":"EasyLifeBro","description":"Smarte Roboter f\u00fcr Zuhause, Garten &amp; Bildung","publisher":{"@id":"https:\/\/easyliferobo.com\/de\/#organization"},"potentialAction":[{"@type":"SearchAction","target":{"@type":"EntryPoint","urlTemplate":"https:\/\/easyliferobo.com\/de\/?s={search_term_string}"},"query-input":{"@type":"PropertyValueSpecification","valueRequired":true,"valueName":"search_term_string"}}],"inLanguage":"de"},{"@type":"Organization","@id":"https:\/\/easyliferobo.com\/de\/#organization","name":"EasyLifeBro","url":"https:\/\/easyliferobo.com\/de\/","logo":{"@type":"ImageObject","inLanguage":"de","@id":"https:\/\/easyliferobo.com\/de\/#\/schema\/logo\/image\/","url":"https:\/\/easyliferobo.com\/de\/wp-content\/uploads\/2026\/02\/Screenshot-2026-02-22-at-2.25.03-PM.png","contentUrl":"https:\/\/easyliferobo.com\/de\/wp-content\/uploads\/2026\/02\/Screenshot-2026-02-22-at-2.25.03-PM.png","width":1858,"height":430,"caption":"EasyLifeBro"},"image":{"@id":"https:\/\/easyliferobo.com\/de\/#\/schema\/logo\/image\/"}}]}},"_links":{"self":[{"href":"https:\/\/easyliferobo.com\/de\/wp-json\/wp\/v2\/product\/3963","targetHints":{"allow":["GET"]}}],"collection":[{"href":"https:\/\/easyliferobo.com\/de\/wp-json\/wp\/v2\/product"}],"about":[{"href":"https:\/\/easyliferobo.com\/de\/wp-json\/wp\/v2\/types\/product"}],"replies":[{"embeddable":true,"href":"https:\/\/easyliferobo.com\/de\/wp-json\/wp\/v2\/comments?post=3963"}],"wp:featuredmedia":[{"embeddable":true,"href":"https:\/\/easyliferobo.com\/de\/wp-json\/wp\/v2\/media\/3964"}],"wp:attachment":[{"href":"https:\/\/easyliferobo.com\/de\/wp-json\/wp\/v2\/media?parent=3963"}],"wp:term":[{"taxonomy":"store","embeddable":true,"href":"https:\/\/easyliferobo.com\/de\/wp-json\/wp\/v2\/store?post=3963"},{"taxonomy":"product_brand","embeddable":true,"href":"https:\/\/easyliferobo.com\/de\/wp-json\/wp\/v2\/product_brand?post=3963"},{"taxonomy":"product_cat","embeddable":true,"href":"https:\/\/easyliferobo.com\/de\/wp-json\/wp\/v2\/product_cat?post=3963"},{"taxonomy":"product_tag","embeddable":true,"href":"https:\/\/easyliferobo.com\/de\/wp-json\/wp\/v2\/product_tag?post=3963"}],"curies":[{"name":"wp","href":"https:\/\/api.w.org\/{rel}","templated":true}]}}