
{"id":3948,"date":"2026-02-27T10:34:11","date_gmt":"2026-02-27T10:34:11","guid":{"rendered":"https:\/\/easyliferobo.com\/de\/product\/genisys-haken-erdspiesse-fuer-maehroboter-zubehoer-set-befestigung-fuer-gebundenes-distanzkabel-suchkabelhalter-gardena-bosch-husqvarn-worx-honda-robomow-imow\/"},"modified":"2026-02-27T10:34:18","modified_gmt":"2026-02-27T10:34:18","slug":"genisys-haken-erdspiesse-fuer-maehroboter-zubehoer-set-befestigung-fuer-gebundenes-distanzkabel-suchkabelhalter-gardena-bosch-husqvarn-worx-honda-robomow-imow","status":"publish","type":"product","link":"https:\/\/easyliferobo.com\/de\/product\/genisys-haken-erdspiesse-fuer-maehroboter-zubehoer-set-befestigung-fuer-gebundenes-distanzkabel-suchkabelhalter-gardena-bosch-husqvarn-worx-honda-robomow-imow\/","title":{"rendered":"Genisys\u00ae Haken-Erdspie\u00dfe f\u00fcr M\u00e4..."},"content":{"rendered":"<p>    <span>Sehr stabile Haken von Genisys, \u201emade in Germany\u201c passend f\u00fcr alle Roboter.<\/span>    <br \/>Sehr stabile Haken von Genisys, hergestellt in Deutschland.<br \/>Extra stabiler Kopf (zus\u00e4tzlicher Amboss), stabiler als Gardena\/Husqvarna-Haken. usw.<br \/>9,5 cm lang (1 cm l\u00e4nger als Gardena\/Husqvarna-Haken und die meisten Konkurrenten<\/p>\n<p>[ad_2]<\/p>\n","protected":false},"excerpt":{"rendered":"<p>Sehr stabile Haken von Genisys, \u201emade in Germany\u201c passend f\u00fcr alle Roboter. Sehr stabile Haken von Genisys, hergestellt in Deutschland.Extra stabiler Kopf (zus\u00e4tzlicher Amboss), stabiler als Gardena\/Husqvarna-Haken. usw.9,5 cm lang (1 cm l\u00e4nger als Gardena\/Husqvarna-Haken und die meisten Konkurrenten [ad_2]<\/p>\n","protected":false},"featured_media":3949,"comment_status":"open","ping_status":"closed","template":"","meta":{"_aipt_faq_data":""},"store":[],"product_brand":[440],"product_cat":[86],"product_tag":[376],"class_list":{"0":"post-3948","1":"product","2":"type-product","3":"status-publish","4":"has-post-thumbnail","6":"product_brand-genisys","7":"product_cat-zubehoer-fuer-rasenmaehroboter","8":"product_tag-zubehoer-fuer-rasenmaehroboter-installationsset","10":"first","11":"instock","12":"shipping-taxable","13":"product-type-external"},"yoast_head":"<!-- This site is optimized with the Yoast SEO plugin v27.0 - https:\/\/yoast.com\/product\/yoast-seo-wordpress\/ -->\n<title>Genisys\u00ae Haken-Erdspie\u00dfe f\u00fcr M\u00e4hroboter, Zubeh\u00f6r-Set, Befestigung f\u00fcr gebundenes Distanzkabel, Suchkabelhalter, Gardena, Bosch, Husqvarn, Worx, Honda, Robomow iMow - EasyLifeBro<\/title>\n<meta name=\"description\" content=\"Entdecken Sie smarte Roboter f\u00fcr Zuhause, Garten, Bildung und Sicherheit. Vergleichen Sie Saugroboter, Rasenm\u00e4hroboter, KI-Begleitroboter und mehr bei EasyLifeRobo.\" \/>\n<meta name=\"robots\" content=\"index, follow, max-snippet:-1, max-image-preview:large, max-video-preview:-1\" \/>\n<link rel=\"canonical\" href=\"https:\/\/easyliferobo.com\/de\/product\/genisys-haken-erdspiesse-fuer-maehroboter-zubehoer-set-befestigung-fuer-gebundenes-distanzkabel-suchkabelhalter-gardena-bosch-husqvarn-worx-honda-robomow-imow\/\" \/>\n<meta property=\"og:locale\" content=\"de_DE\" \/>\n<meta property=\"og:type\" content=\"article\" \/>\n<meta property=\"og:title\" content=\"Genisys\u00ae Haken-Erdspie\u00dfe f\u00fcr M\u00e4hroboter, Zubeh\u00f6r-Set, Befestigung f\u00fcr gebundenes Distanzkabel, Suchkabelhalter, Gardena, Bosch, Husqvarn, Worx, Honda, Robomow iMow - EasyLifeBro\" \/>\n<meta property=\"og:description\" content=\"Entdecken Sie smarte Roboter f\u00fcr Zuhause, Garten, Bildung und Sicherheit. Vergleichen Sie Saugroboter, Rasenm\u00e4hroboter, KI-Begleitroboter und mehr bei EasyLifeRobo.\" \/>\n<meta property=\"og:url\" content=\"https:\/\/easyliferobo.com\/de\/product\/genisys-haken-erdspiesse-fuer-maehroboter-zubehoer-set-befestigung-fuer-gebundenes-distanzkabel-suchkabelhalter-gardena-bosch-husqvarn-worx-honda-robomow-imow\/\" \/>\n<meta property=\"og:site_name\" content=\"EasyLifeBro\" \/>\n<meta property=\"article:modified_time\" content=\"2026-02-27T10:34:18+00:00\" \/>\n<meta name=\"twitter:card\" content=\"summary_large_image\" \/>\n<script type=\"application\/ld+json\" class=\"yoast-schema-graph\">{\"@context\":\"https:\/\/schema.org\",\"@graph\":[{\"@type\":\"WebPage\",\"@id\":\"https:\/\/easyliferobo.com\/de\/product\/genisys-haken-erdspiesse-fuer-maehroboter-zubehoer-set-befestigung-fuer-gebundenes-distanzkabel-suchkabelhalter-gardena-bosch-husqvarn-worx-honda-robomow-imow\/\",\"url\":\"https:\/\/easyliferobo.com\/de\/product\/genisys-haken-erdspiesse-fuer-maehroboter-zubehoer-set-befestigung-fuer-gebundenes-distanzkabel-suchkabelhalter-gardena-bosch-husqvarn-worx-honda-robomow-imow\/\",\"name\":\"Genisys\u00ae Haken-Erdspie\u00dfe f\u00fcr M\u00e4hroboter, Zubeh\u00f6r-Set, Befestigung f\u00fcr gebundenes Distanzkabel, Suchkabelhalter, Gardena, Bosch, Husqvarn, Worx, Honda, Robomow iMow - EasyLifeBro\",\"isPartOf\":{\"@id\":\"https:\/\/easyliferobo.com\/de\/#website\"},\"primaryImageOfPage\":{\"@id\":\"https:\/\/easyliferobo.com\/de\/product\/genisys-haken-erdspiesse-fuer-maehroboter-zubehoer-set-befestigung-fuer-gebundenes-distanzkabel-suchkabelhalter-gardena-bosch-husqvarn-worx-honda-robomow-imow\/#primaryimage\"},\"image\":{\"@id\":\"https:\/\/easyliferobo.com\/de\/product\/genisys-haken-erdspiesse-fuer-maehroboter-zubehoer-set-befestigung-fuer-gebundenes-distanzkabel-suchkabelhalter-gardena-bosch-husqvarn-worx-honda-robomow-imow\/#primaryimage\"},\"thumbnailUrl\":\"https:\/\/easyliferobo.com\/de\/wp-content\/uploads\/2026\/02\/61-7idmXAlL._AC_SL1500_.jpg\",\"datePublished\":\"2026-02-27T10:34:11+00:00\",\"dateModified\":\"2026-02-27T10:34:18+00:00\",\"description\":\"Entdecken Sie smarte Roboter f\u00fcr Zuhause, Garten, Bildung und Sicherheit. Vergleichen Sie Saugroboter, Rasenm\u00e4hroboter, KI-Begleitroboter und mehr bei EasyLifeRobo.\",\"breadcrumb\":{\"@id\":\"https:\/\/easyliferobo.com\/de\/product\/genisys-haken-erdspiesse-fuer-maehroboter-zubehoer-set-befestigung-fuer-gebundenes-distanzkabel-suchkabelhalter-gardena-bosch-husqvarn-worx-honda-robomow-imow\/#breadcrumb\"},\"inLanguage\":\"de\",\"potentialAction\":[{\"@type\":\"ReadAction\",\"target\":[\"https:\/\/easyliferobo.com\/de\/product\/genisys-haken-erdspiesse-fuer-maehroboter-zubehoer-set-befestigung-fuer-gebundenes-distanzkabel-suchkabelhalter-gardena-bosch-husqvarn-worx-honda-robomow-imow\/\"]}]},{\"@type\":\"ImageObject\",\"inLanguage\":\"de\",\"@id\":\"https:\/\/easyliferobo.com\/de\/product\/genisys-haken-erdspiesse-fuer-maehroboter-zubehoer-set-befestigung-fuer-gebundenes-distanzkabel-suchkabelhalter-gardena-bosch-husqvarn-worx-honda-robomow-imow\/#primaryimage\",\"url\":\"https:\/\/easyliferobo.com\/de\/wp-content\/uploads\/2026\/02\/61-7idmXAlL._AC_SL1500_.jpg\",\"contentUrl\":\"https:\/\/easyliferobo.com\/de\/wp-content\/uploads\/2026\/02\/61-7idmXAlL._AC_SL1500_.jpg\",\"width\":1460,\"height\":684},{\"@type\":\"BreadcrumbList\",\"@id\":\"https:\/\/easyliferobo.com\/de\/product\/genisys-haken-erdspiesse-fuer-maehroboter-zubehoer-set-befestigung-fuer-gebundenes-distanzkabel-suchkabelhalter-gardena-bosch-husqvarn-worx-honda-robomow-imow\/#breadcrumb\",\"itemListElement\":[{\"@type\":\"ListItem\",\"position\":1,\"name\":\"Home\",\"item\":\"https:\/\/easyliferobo.com\/de\/\"},{\"@type\":\"ListItem\",\"position\":2,\"name\":\"Shop\",\"item\":\"https:\/\/easyliferobo.com\/de\/shop\/\"},{\"@type\":\"ListItem\",\"position\":3,\"name\":\"Genisys\u00ae Haken-Erdspie\u00dfe f\u00fcr M\u00e4...\"}]},{\"@type\":\"WebSite\",\"@id\":\"https:\/\/easyliferobo.com\/de\/#website\",\"url\":\"https:\/\/easyliferobo.com\/de\/\",\"name\":\"EasyLifeBro\",\"description\":\"Smarte Roboter f\u00fcr Zuhause, Garten &amp; Bildung\",\"publisher\":{\"@id\":\"https:\/\/easyliferobo.com\/de\/#organization\"},\"potentialAction\":[{\"@type\":\"SearchAction\",\"target\":{\"@type\":\"EntryPoint\",\"urlTemplate\":\"https:\/\/easyliferobo.com\/de\/?s={search_term_string}\"},\"query-input\":{\"@type\":\"PropertyValueSpecification\",\"valueRequired\":true,\"valueName\":\"search_term_string\"}}],\"inLanguage\":\"de\"},{\"@type\":\"Organization\",\"@id\":\"https:\/\/easyliferobo.com\/de\/#organization\",\"name\":\"EasyLifeBro\",\"url\":\"https:\/\/easyliferobo.com\/de\/\",\"logo\":{\"@type\":\"ImageObject\",\"inLanguage\":\"de\",\"@id\":\"https:\/\/easyliferobo.com\/de\/#\/schema\/logo\/image\/\",\"url\":\"https:\/\/easyliferobo.com\/de\/wp-content\/uploads\/2026\/02\/Screenshot-2026-02-22-at-2.25.03-PM.png\",\"contentUrl\":\"https:\/\/easyliferobo.com\/de\/wp-content\/uploads\/2026\/02\/Screenshot-2026-02-22-at-2.25.03-PM.png\",\"width\":1858,\"height\":430,\"caption\":\"EasyLifeBro\"},\"image\":{\"@id\":\"https:\/\/easyliferobo.com\/de\/#\/schema\/logo\/image\/\"}}]}<\/script>\n<!-- \/ Yoast SEO plugin. -->","yoast_head_json":{"title":"Genisys\u00ae Haken-Erdspie\u00dfe f\u00fcr M\u00e4hroboter, Zubeh\u00f6r-Set, Befestigung f\u00fcr gebundenes Distanzkabel, Suchkabelhalter, Gardena, Bosch, Husqvarn, Worx, Honda, Robomow iMow - EasyLifeBro","description":"Entdecken Sie smarte Roboter f\u00fcr Zuhause, Garten, Bildung und Sicherheit. Vergleichen Sie Saugroboter, Rasenm\u00e4hroboter, KI-Begleitroboter und mehr bei EasyLifeRobo.","robots":{"index":"index","follow":"follow","max-snippet":"max-snippet:-1","max-image-preview":"max-image-preview:large","max-video-preview":"max-video-preview:-1"},"canonical":"https:\/\/easyliferobo.com\/de\/product\/genisys-haken-erdspiesse-fuer-maehroboter-zubehoer-set-befestigung-fuer-gebundenes-distanzkabel-suchkabelhalter-gardena-bosch-husqvarn-worx-honda-robomow-imow\/","og_locale":"de_DE","og_type":"article","og_title":"Genisys\u00ae Haken-Erdspie\u00dfe f\u00fcr M\u00e4hroboter, Zubeh\u00f6r-Set, Befestigung f\u00fcr gebundenes Distanzkabel, Suchkabelhalter, Gardena, Bosch, Husqvarn, Worx, Honda, Robomow iMow - EasyLifeBro","og_description":"Entdecken Sie smarte Roboter f\u00fcr Zuhause, Garten, Bildung und Sicherheit. Vergleichen Sie Saugroboter, Rasenm\u00e4hroboter, KI-Begleitroboter und mehr bei EasyLifeRobo.","og_url":"https:\/\/easyliferobo.com\/de\/product\/genisys-haken-erdspiesse-fuer-maehroboter-zubehoer-set-befestigung-fuer-gebundenes-distanzkabel-suchkabelhalter-gardena-bosch-husqvarn-worx-honda-robomow-imow\/","og_site_name":"EasyLifeBro","article_modified_time":"2026-02-27T10:34:18+00:00","twitter_card":"summary_large_image","schema":{"@context":"https:\/\/schema.org","@graph":[{"@type":"WebPage","@id":"https:\/\/easyliferobo.com\/de\/product\/genisys-haken-erdspiesse-fuer-maehroboter-zubehoer-set-befestigung-fuer-gebundenes-distanzkabel-suchkabelhalter-gardena-bosch-husqvarn-worx-honda-robomow-imow\/","url":"https:\/\/easyliferobo.com\/de\/product\/genisys-haken-erdspiesse-fuer-maehroboter-zubehoer-set-befestigung-fuer-gebundenes-distanzkabel-suchkabelhalter-gardena-bosch-husqvarn-worx-honda-robomow-imow\/","name":"Genisys\u00ae Haken-Erdspie\u00dfe f\u00fcr M\u00e4hroboter, Zubeh\u00f6r-Set, Befestigung f\u00fcr gebundenes Distanzkabel, Suchkabelhalter, Gardena, Bosch, Husqvarn, Worx, Honda, Robomow iMow - EasyLifeBro","isPartOf":{"@id":"https:\/\/easyliferobo.com\/de\/#website"},"primaryImageOfPage":{"@id":"https:\/\/easyliferobo.com\/de\/product\/genisys-haken-erdspiesse-fuer-maehroboter-zubehoer-set-befestigung-fuer-gebundenes-distanzkabel-suchkabelhalter-gardena-bosch-husqvarn-worx-honda-robomow-imow\/#primaryimage"},"image":{"@id":"https:\/\/easyliferobo.com\/de\/product\/genisys-haken-erdspiesse-fuer-maehroboter-zubehoer-set-befestigung-fuer-gebundenes-distanzkabel-suchkabelhalter-gardena-bosch-husqvarn-worx-honda-robomow-imow\/#primaryimage"},"thumbnailUrl":"https:\/\/easyliferobo.com\/de\/wp-content\/uploads\/2026\/02\/61-7idmXAlL._AC_SL1500_.jpg","datePublished":"2026-02-27T10:34:11+00:00","dateModified":"2026-02-27T10:34:18+00:00","description":"Entdecken Sie smarte Roboter f\u00fcr Zuhause, Garten, Bildung und Sicherheit. Vergleichen Sie Saugroboter, Rasenm\u00e4hroboter, KI-Begleitroboter und mehr bei EasyLifeRobo.","breadcrumb":{"@id":"https:\/\/easyliferobo.com\/de\/product\/genisys-haken-erdspiesse-fuer-maehroboter-zubehoer-set-befestigung-fuer-gebundenes-distanzkabel-suchkabelhalter-gardena-bosch-husqvarn-worx-honda-robomow-imow\/#breadcrumb"},"inLanguage":"de","potentialAction":[{"@type":"ReadAction","target":["https:\/\/easyliferobo.com\/de\/product\/genisys-haken-erdspiesse-fuer-maehroboter-zubehoer-set-befestigung-fuer-gebundenes-distanzkabel-suchkabelhalter-gardena-bosch-husqvarn-worx-honda-robomow-imow\/"]}]},{"@type":"ImageObject","inLanguage":"de","@id":"https:\/\/easyliferobo.com\/de\/product\/genisys-haken-erdspiesse-fuer-maehroboter-zubehoer-set-befestigung-fuer-gebundenes-distanzkabel-suchkabelhalter-gardena-bosch-husqvarn-worx-honda-robomow-imow\/#primaryimage","url":"https:\/\/easyliferobo.com\/de\/wp-content\/uploads\/2026\/02\/61-7idmXAlL._AC_SL1500_.jpg","contentUrl":"https:\/\/easyliferobo.com\/de\/wp-content\/uploads\/2026\/02\/61-7idmXAlL._AC_SL1500_.jpg","width":1460,"height":684},{"@type":"BreadcrumbList","@id":"https:\/\/easyliferobo.com\/de\/product\/genisys-haken-erdspiesse-fuer-maehroboter-zubehoer-set-befestigung-fuer-gebundenes-distanzkabel-suchkabelhalter-gardena-bosch-husqvarn-worx-honda-robomow-imow\/#breadcrumb","itemListElement":[{"@type":"ListItem","position":1,"name":"Home","item":"https:\/\/easyliferobo.com\/de\/"},{"@type":"ListItem","position":2,"name":"Shop","item":"https:\/\/easyliferobo.com\/de\/shop\/"},{"@type":"ListItem","position":3,"name":"Genisys\u00ae Haken-Erdspie\u00dfe f\u00fcr M\u00e4..."}]},{"@type":"WebSite","@id":"https:\/\/easyliferobo.com\/de\/#website","url":"https:\/\/easyliferobo.com\/de\/","name":"EasyLifeBro","description":"Smarte Roboter f\u00fcr Zuhause, Garten &amp; Bildung","publisher":{"@id":"https:\/\/easyliferobo.com\/de\/#organization"},"potentialAction":[{"@type":"SearchAction","target":{"@type":"EntryPoint","urlTemplate":"https:\/\/easyliferobo.com\/de\/?s={search_term_string}"},"query-input":{"@type":"PropertyValueSpecification","valueRequired":true,"valueName":"search_term_string"}}],"inLanguage":"de"},{"@type":"Organization","@id":"https:\/\/easyliferobo.com\/de\/#organization","name":"EasyLifeBro","url":"https:\/\/easyliferobo.com\/de\/","logo":{"@type":"ImageObject","inLanguage":"de","@id":"https:\/\/easyliferobo.com\/de\/#\/schema\/logo\/image\/","url":"https:\/\/easyliferobo.com\/de\/wp-content\/uploads\/2026\/02\/Screenshot-2026-02-22-at-2.25.03-PM.png","contentUrl":"https:\/\/easyliferobo.com\/de\/wp-content\/uploads\/2026\/02\/Screenshot-2026-02-22-at-2.25.03-PM.png","width":1858,"height":430,"caption":"EasyLifeBro"},"image":{"@id":"https:\/\/easyliferobo.com\/de\/#\/schema\/logo\/image\/"}}]}},"_links":{"self":[{"href":"https:\/\/easyliferobo.com\/de\/wp-json\/wp\/v2\/product\/3948","targetHints":{"allow":["GET"]}}],"collection":[{"href":"https:\/\/easyliferobo.com\/de\/wp-json\/wp\/v2\/product"}],"about":[{"href":"https:\/\/easyliferobo.com\/de\/wp-json\/wp\/v2\/types\/product"}],"replies":[{"embeddable":true,"href":"https:\/\/easyliferobo.com\/de\/wp-json\/wp\/v2\/comments?post=3948"}],"wp:featuredmedia":[{"embeddable":true,"href":"https:\/\/easyliferobo.com\/de\/wp-json\/wp\/v2\/media\/3949"}],"wp:attachment":[{"href":"https:\/\/easyliferobo.com\/de\/wp-json\/wp\/v2\/media?parent=3948"}],"wp:term":[{"taxonomy":"store","embeddable":true,"href":"https:\/\/easyliferobo.com\/de\/wp-json\/wp\/v2\/store?post=3948"},{"taxonomy":"product_brand","embeddable":true,"href":"https:\/\/easyliferobo.com\/de\/wp-json\/wp\/v2\/product_brand?post=3948"},{"taxonomy":"product_cat","embeddable":true,"href":"https:\/\/easyliferobo.com\/de\/wp-json\/wp\/v2\/product_cat?post=3948"},{"taxonomy":"product_tag","embeddable":true,"href":"https:\/\/easyliferobo.com\/de\/wp-json\/wp\/v2\/product_tag?post=3948"}],"curies":[{"name":"wp","href":"https:\/\/api.w.org\/{rel}","templated":true}]}}