
{"id":3941,"date":"2026-02-27T10:32:44","date_gmt":"2026-02-27T10:32:44","guid":{"rendered":"https:\/\/easyliferobo.com\/de\/product\/kosmos-621247-solar-bots-8-solarmodelle-bauen-bausatz-fuer-solarroboter-mit-solarenergieantrieb-solarzelle-mit-motor-experimentierkasten-fuer-kinder-von-8-12-jahren\/"},"modified":"2026-02-27T10:32:58","modified_gmt":"2026-02-27T10:32:58","slug":"kosmos-621247-solar-bots-8-solarmodelle-bauen-bausatz-fuer-solarroboter-mit-solarenergieantrieb-solarzelle-mit-motor-experimentierkasten-fuer-kinder-von-8-12-jahren","status":"publish","type":"product","link":"https:\/\/easyliferobo.com\/de\/product\/kosmos-621247-solar-bots-8-solarmodelle-bauen-bausatz-fuer-solarroboter-mit-solarenergieantrieb-solarzelle-mit-motor-experimentierkasten-fuer-kinder-von-8-12-jahren\/","title":{"rendered":"KOSMOS 621247 Solar Bots, 8 Solarmo..."},"content":{"rendered":"<p>\n                                             Vom Hersteller   <\/p>\n<p>                                                  <img decoding=\"async\" alt=\"B0CST95Q8G Solar Bots\" src=\"https:\/\/images-na.ssl-images-amazon.com\/images\/G\/01\/x-locale\/common\/grey-pixel.gif\" class=\"a-lazy-loaded\" data-src=\"https:\/\/m.media-amazon.com\/images\/S\/aplus-media-library-service-media\/ecb0424f-ef14-4d54-8780-b4f26ac1359c.__CR0,0,4042,1250_PT0_SX970_V1___.jpg\"><img decoding=\"async\" alt=\"B0CST95Q8G Solar Bots\" src=\"https:\/\/m.media-amazon.com\/images\/S\/aplus-media-library-service-media\/ecb0424f-ef14-4d54-8780-b4f26ac1359c.__CR0,0,4042,1250_PT0_SX970_V1___.jpg\">  <\/p>\n<p>                                                      <img decoding=\"async\" alt=\"B0CST95Q8G Solar Bots\" src=\"https:\/\/images-na.ssl-images-amazon.com\/images\/G\/01\/x-locale\/common\/grey-pixel.gif\" class=\"a-spacing-mini a-lazy-loaded\" data-src=\"https:\/\/m.media-amazon.com\/images\/S\/aplus-media-library-service-media\/f0a245e5-df98-4af3-aa19-ef0a663724ee.__CR0,0,300,300_PT0_SX300_V1___.jpg\"><img decoding=\"async\" alt=\"B0CST95Q8G Solar Bots\" src=\"https:\/\/m.media-amazon.com\/images\/S\/aplus-media-library-service-media\/f0a245e5-df98-4af3-aa19-ef0a663724ee.__CR0,0,300,300_PT0_SX300_V1___.jpg\">  <\/p>\n<h3 class=\"a-spacing-mini\">  Coole Action mit der Kraft der Sonne! <\/h3>\n<p class=\"a-spacing-base\">  Rollen, krabbeln, fahren, rennen \u2013 Der Solarbot ist nicht zu stoppen! Dieses kleine Energieb\u00fcndel bewegt sich nur durch Sonnenenergie voran, ohne Batterien. Dank des einfachen Stecksystems k\u00f6nnen Kinder ab 8 Jahren selbstst\u00e4ndig zwischen den vier Sockeln des Solarbots wechseln. Dar\u00fcber hinaus erfahren sie Spannendes \u00fcber Robotik und Solarenergie. Schlechtes Wetter? Kein Problem! Mit Hilfe einer Halogenlampe oder Gl\u00fchbirne f\u00e4hrt der Roboter auch durch das Kinderzimmer. <\/p>\n<p>                                                                                       Solarbetriebener Verwandlungsk\u00fcnstler inklusive vier Basen. Angetrieben durch ein Solarpanel und ein Getriebe \u2013 ohne Batterien. Schlechtes Wetter? Dann hilft der Einsatz einer Halogenlampe oder Gl\u00fchbirne. Gro\u00dfer Spa\u00df und spannende Informationen rund um Solarzellen und erneuerbare Energien. Ein Kosmos-Experimentierkasten f\u00fcr Kinder ab 8 Jahren       <\/p>\n<p class=\"apm-text-center\">\n                                                      <img decoding=\"async\" alt=\"B0CST95Q8G Solar Bots\" src=\"https:\/\/images-na.ssl-images-amazon.com\/images\/G\/01\/x-locale\/common\/grey-pixel.gif\" class=\"a-spacing-mini a-lazy-loaded\" data-src=\"https:\/\/m.media-amazon.com\/images\/S\/aplus-media-library-service-media\/1c72aec4-9267-44a7-9eb0-a3f5001455fd.__CR0,0,1250,1250_PT0_SX300_V1___.jpg\"><img decoding=\"async\" alt=\"B0CST95Q8G Solar Bots\" src=\"https:\/\/m.media-amazon.com\/images\/S\/aplus-media-library-service-media\/1c72aec4-9267-44a7-9eb0-a3f5001455fd.__CR0,0,1250,1250_PT0_SX300_V1___.jpg\">  <\/p>\n<p>                                                    Zusammenbauen, Sonne tanken und los geht\u2019s!                                        <\/p>\n<p> Jede der vier Untertassen bietet eine andere Funktion \u2013 einfach auf den Bot klicken und ausprobieren. L\u00e4uft er auf zwei zwei? Oder den \u201eSpeeder\u201c mit mehr Geschwindigkeit auf drei R\u00e4dern fahren? Richtig lustig wird es, wenn man den Roboter auf den sogenannten \u201eK\u00e4fer\u201c stellt, denn nun sorgen sechs Beine f\u00fcr Bewegung <\/p>\n<p>  Wenn der Robo eine Pause braucht, ist die Orbit-Plattform mit dem rotierenden Energiering super. Damit wird der Solarbot zum Hingucker auf jeder Fensterbank. <\/p>\n<p class=\"apm-text-center\">\n                                                      <img decoding=\"async\" alt=\"B0CST95Q8G Solar Bots\" src=\"https:\/\/images-na.ssl-images-amazon.com\/images\/G\/01\/x-locale\/common\/grey-pixel.gif\" class=\"a-spacing-mini a-lazy-loaded\" data-src=\"https:\/\/m.media-amazon.com\/images\/S\/aplus-media-library-service-media\/e1b8bd4a-3605-45a6-aa9d-f828ba98b779.__CR0,0,1250,1250_PT0_SX300_V1___.jpg\"><img decoding=\"async\" alt=\"B0CST95Q8G Solar Bots\" src=\"https:\/\/m.media-amazon.com\/images\/S\/aplus-media-library-service-media\/e1b8bd4a-3605-45a6-aa9d-f828ba98b779.__CR0,0,1250,1250_PT0_SX300_V1___.jpg\">  <\/p>\n<p>                                                    Solarenergie einfach erkl\u00e4rt                                       <\/p>\n<p> Wie funktioniert ein Solarpanel? Und was sind erneuerbare Energien? Diese und viele weitere spannende Hintergrundinformationen finden Sie im Bereich \u201eNachfolgehaken\u201c in der abwechslungsreich bebilderten Schritt-f\u00fcr-Schritt-Anleitung. So erfahren Kinder zun\u00e4chst Spannendes \u00fcber Solarenergie und erleben, wie sie die Kraft der Sonne in Bewegung umwandeln. Eine tolle Kombination aus Physikwissen und tollem Bau- und Spielspa\u00df! <\/p>\n<p class=\"apm-text-center\">\n                                                      <img decoding=\"async\" alt=\"K:\\Abteilungen\\Marketing\\Inhalt\\1_Experimentboxen\\02_Released\\Neuheiten 2024\\621070_EcoHaus\" src=\"https:\/\/images-na.ssl-images-amazon.com\/images\/G\/01\/x-locale\/common\/grey-pixel.gif\" class=\"a-spacing-mini a-lazy-loaded\" data-src=\"https:\/\/m.media-amazon.com\/images\/S\/aplus-media-library-service-media\/88f8bdbe-f363-45f7-a649-5616cf4699f2.__CR0,0,625,625_PT0_SX300_V1___.jpg\"><img decoding=\"async\" alt=\"K:\\Abteilungen\\Marketing\\Inhalt\\1_Experimentboxen\\02_Released\\Neuheiten 2024\\621070_EcoHaus\" src=\"https:\/\/m.media-amazon.com\/images\/S\/aplus-media-library-service-media\/88f8bdbe-f363-45f7-a649-5616cf4699f2.__CR0,0,625,625_PT0_SX300_V1___.jpg\">  <\/p>\n<p>                                                    KOSMOS Verlag                                       <\/p>\n<p> KOSMOS bietet hochwertige Produkte, die \u00fcber einen langen Zeitraum neue Erkenntnisse liefern, Kreativit\u00e4t f\u00f6rdern und f\u00fcr intelligente Unterhaltung stehen. <\/p>\n<p>  Der KOSMOS-Kundensupport hilft Ihnen im Zweifelsfall gerne weiter und versorgt Sie mit Ersatzteilen. <\/p>\n<p>Dieser coole Verwandlungsk\u00fcnstler zeigt mit seiner Solarzelle und den vier einzelnen Sockeln, wie viel Kraft in unserer Sonne steckt!<br \/>Dank des einfachen Stecksystems lassen sich die Standf\u00fc\u00dfe ganz einfach austauschen und der Solarbot rollt, kriecht, f\u00e4hrt oder l\u00e4uft nach Belieben.<br \/>Doch wie funktioniert eigentlich ein Solarpanel? Und was sind erneuerbare Energien? Diese und weitere spannende Informationen finden Sie in der bebilderten Schritt-f\u00fcr-Schritt-Anleitung.<br \/>Tipp: Wenn Sie eine Halogenlampe oder Gl\u00fchbirne zur Hand haben, k\u00f6nnen Sie Ihren Roboter bei schlechtem Wetter sogar im Kinderzimmer ausprobieren<br \/>Dieser Experimentierkasten von Kosmos ist ein pfiffiges Geschenk f\u00fcr Kinder von acht bis zw\u00f6lf Jahren mit langanhaltendem Spa\u00df und ersten Kenntnissen in Physik und Technik.<\/p>\n<p>[ad_2]<\/p>\n","protected":false},"excerpt":{"rendered":"<p>Vom Hersteller Coole Action mit der Kraft der Sonne! Rollen, krabbeln, fahren, rennen \u2013 Der Solarbot ist nicht zu stoppen! Dieses kleine Energieb\u00fcndel bewegt sich nur durch Sonnenenergie voran, ohne Batterien. Dank des einfachen Stecksystems k\u00f6nnen Kinder ab 8 Jahren selbstst\u00e4ndig zwischen den vier Sockeln des Solarbots wechseln. Dar\u00fcber hinaus erfahren sie Spannendes \u00fcber Robotik [&hellip;]<\/p>\n","protected":false},"featured_media":3942,"comment_status":"open","ping_status":"closed","template":"","meta":{"_aipt_faq_data":""},"store":[],"product_brand":[294],"product_cat":[88],"product_tag":[375],"class_list":{"0":"post-3941","1":"product","2":"type-product","3":"status-publish","4":"has-post-thumbnail","6":"product_brand-kosmos","7":"product_cat-interaktive-spielzeugroboter","8":"product_tag-interaktive-spielzeugroboter-ferngesteuert","10":"first","11":"instock","12":"sale","13":"shipping-taxable","14":"product-type-external"},"yoast_head":"<!-- This site is optimized with the Yoast SEO plugin v27.4 - https:\/\/yoast.com\/product\/yoast-seo-wordpress\/ -->\n<title>KOSMOS 621247 Solar Bots, 8 Solarmodelle bauen, Bausatz f\u00fcr Solarroboter mit Solarenergieantrieb, Solarzelle mit Motor, Experimentierkasten f\u00fcr Kinder von 8-12 Jahren - EasyLifeBro<\/title>\n<meta name=\"description\" content=\"Entdecken Sie smarte Roboter f\u00fcr Zuhause, Garten, Bildung und Sicherheit. Vergleichen Sie Saugroboter, Rasenm\u00e4hroboter, KI-Begleitroboter und mehr bei EasyLifeRobo.\" \/>\n<meta name=\"robots\" content=\"index, follow, max-snippet:-1, max-image-preview:large, max-video-preview:-1\" \/>\n<link rel=\"canonical\" href=\"https:\/\/easyliferobo.com\/de\/product\/kosmos-621247-solar-bots-8-solarmodelle-bauen-bausatz-fuer-solarroboter-mit-solarenergieantrieb-solarzelle-mit-motor-experimentierkasten-fuer-kinder-von-8-12-jahren\/\" \/>\n<meta property=\"og:locale\" content=\"de_DE\" \/>\n<meta property=\"og:type\" content=\"article\" \/>\n<meta property=\"og:title\" content=\"KOSMOS 621247 Solar Bots, 8 Solarmodelle bauen, Bausatz f\u00fcr Solarroboter mit Solarenergieantrieb, Solarzelle mit Motor, Experimentierkasten f\u00fcr Kinder von 8-12 Jahren - EasyLifeBro\" \/>\n<meta property=\"og:description\" content=\"Entdecken Sie smarte Roboter f\u00fcr Zuhause, Garten, Bildung und Sicherheit. Vergleichen Sie Saugroboter, Rasenm\u00e4hroboter, KI-Begleitroboter und mehr bei EasyLifeRobo.\" \/>\n<meta property=\"og:url\" content=\"https:\/\/easyliferobo.com\/de\/product\/kosmos-621247-solar-bots-8-solarmodelle-bauen-bausatz-fuer-solarroboter-mit-solarenergieantrieb-solarzelle-mit-motor-experimentierkasten-fuer-kinder-von-8-12-jahren\/\" \/>\n<meta property=\"og:site_name\" content=\"EasyLifeBro\" \/>\n<meta property=\"article:modified_time\" content=\"2026-02-27T10:32:58+00:00\" \/>\n<meta property=\"og:image\" content=\"https:\/\/images-na.ssl-images-amazon.com\/images\/G\/01\/x-locale\/common\/grey-pixel.gif\" \/>\n<meta name=\"twitter:card\" content=\"summary_large_image\" \/>\n<meta name=\"twitter:label1\" content=\"Gesch\u00e4tzte Lesezeit\" \/>\n\t<meta name=\"twitter:data1\" content=\"2\u00a0Minuten\" \/>\n<script type=\"application\/ld+json\" class=\"yoast-schema-graph\">{\"@context\":\"https:\\\/\\\/schema.org\",\"@graph\":[{\"@type\":\"WebPage\",\"@id\":\"https:\\\/\\\/easyliferobo.com\\\/de\\\/product\\\/kosmos-621247-solar-bots-8-solarmodelle-bauen-bausatz-fuer-solarroboter-mit-solarenergieantrieb-solarzelle-mit-motor-experimentierkasten-fuer-kinder-von-8-12-jahren\\\/\",\"url\":\"https:\\\/\\\/easyliferobo.com\\\/de\\\/product\\\/kosmos-621247-solar-bots-8-solarmodelle-bauen-bausatz-fuer-solarroboter-mit-solarenergieantrieb-solarzelle-mit-motor-experimentierkasten-fuer-kinder-von-8-12-jahren\\\/\",\"name\":\"KOSMOS 621247 Solar Bots, 8 Solarmodelle bauen, Bausatz f\u00fcr Solarroboter mit Solarenergieantrieb, Solarzelle mit Motor, Experimentierkasten f\u00fcr Kinder von 8-12 Jahren - EasyLifeBro\",\"isPartOf\":{\"@id\":\"https:\\\/\\\/easyliferobo.com\\\/de\\\/#website\"},\"primaryImageOfPage\":{\"@id\":\"https:\\\/\\\/easyliferobo.com\\\/de\\\/product\\\/kosmos-621247-solar-bots-8-solarmodelle-bauen-bausatz-fuer-solarroboter-mit-solarenergieantrieb-solarzelle-mit-motor-experimentierkasten-fuer-kinder-von-8-12-jahren\\\/#primaryimage\"},\"image\":{\"@id\":\"https:\\\/\\\/easyliferobo.com\\\/de\\\/product\\\/kosmos-621247-solar-bots-8-solarmodelle-bauen-bausatz-fuer-solarroboter-mit-solarenergieantrieb-solarzelle-mit-motor-experimentierkasten-fuer-kinder-von-8-12-jahren\\\/#primaryimage\"},\"thumbnailUrl\":\"https:\\\/\\\/easyliferobo.com\\\/de\\\/wp-content\\\/uploads\\\/2026\\\/02\\\/81Jzum8sL._AC_SL1500_.jpg\",\"datePublished\":\"2026-02-27T10:32:44+00:00\",\"dateModified\":\"2026-02-27T10:32:58+00:00\",\"description\":\"Entdecken Sie smarte Roboter f\u00fcr Zuhause, Garten, Bildung und Sicherheit. Vergleichen Sie Saugroboter, Rasenm\u00e4hroboter, KI-Begleitroboter und mehr bei EasyLifeRobo.\",\"breadcrumb\":{\"@id\":\"https:\\\/\\\/easyliferobo.com\\\/de\\\/product\\\/kosmos-621247-solar-bots-8-solarmodelle-bauen-bausatz-fuer-solarroboter-mit-solarenergieantrieb-solarzelle-mit-motor-experimentierkasten-fuer-kinder-von-8-12-jahren\\\/#breadcrumb\"},\"inLanguage\":\"de\",\"potentialAction\":[{\"@type\":\"ReadAction\",\"target\":[\"https:\\\/\\\/easyliferobo.com\\\/de\\\/product\\\/kosmos-621247-solar-bots-8-solarmodelle-bauen-bausatz-fuer-solarroboter-mit-solarenergieantrieb-solarzelle-mit-motor-experimentierkasten-fuer-kinder-von-8-12-jahren\\\/\"]}]},{\"@type\":\"ImageObject\",\"inLanguage\":\"de\",\"@id\":\"https:\\\/\\\/easyliferobo.com\\\/de\\\/product\\\/kosmos-621247-solar-bots-8-solarmodelle-bauen-bausatz-fuer-solarroboter-mit-solarenergieantrieb-solarzelle-mit-motor-experimentierkasten-fuer-kinder-von-8-12-jahren\\\/#primaryimage\",\"url\":\"https:\\\/\\\/easyliferobo.com\\\/de\\\/wp-content\\\/uploads\\\/2026\\\/02\\\/81Jzum8sL._AC_SL1500_.jpg\",\"contentUrl\":\"https:\\\/\\\/easyliferobo.com\\\/de\\\/wp-content\\\/uploads\\\/2026\\\/02\\\/81Jzum8sL._AC_SL1500_.jpg\",\"width\":1327,\"height\":1500},{\"@type\":\"BreadcrumbList\",\"@id\":\"https:\\\/\\\/easyliferobo.com\\\/de\\\/product\\\/kosmos-621247-solar-bots-8-solarmodelle-bauen-bausatz-fuer-solarroboter-mit-solarenergieantrieb-solarzelle-mit-motor-experimentierkasten-fuer-kinder-von-8-12-jahren\\\/#breadcrumb\",\"itemListElement\":[{\"@type\":\"ListItem\",\"position\":1,\"name\":\"Home\",\"item\":\"https:\\\/\\\/easyliferobo.com\\\/de\\\/\"},{\"@type\":\"ListItem\",\"position\":2,\"name\":\"Shop\",\"item\":\"https:\\\/\\\/easyliferobo.com\\\/de\\\/shop\\\/\"},{\"@type\":\"ListItem\",\"position\":3,\"name\":\"KOSMOS 621247 Solar Bots, 8 Solarmo...\"}]},{\"@type\":\"WebSite\",\"@id\":\"https:\\\/\\\/easyliferobo.com\\\/de\\\/#website\",\"url\":\"https:\\\/\\\/easyliferobo.com\\\/de\\\/\",\"name\":\"EasyLifeBro\",\"description\":\"Smarte Roboter f\u00fcr Zuhause, Garten &amp; Bildung\",\"publisher\":{\"@id\":\"https:\\\/\\\/easyliferobo.com\\\/de\\\/#organization\"},\"potentialAction\":[{\"@type\":\"SearchAction\",\"target\":{\"@type\":\"EntryPoint\",\"urlTemplate\":\"https:\\\/\\\/easyliferobo.com\\\/de\\\/?s={search_term_string}\"},\"query-input\":{\"@type\":\"PropertyValueSpecification\",\"valueRequired\":true,\"valueName\":\"search_term_string\"}}],\"inLanguage\":\"de\"},{\"@type\":\"Organization\",\"@id\":\"https:\\\/\\\/easyliferobo.com\\\/de\\\/#organization\",\"name\":\"EasyLifeBro\",\"url\":\"https:\\\/\\\/easyliferobo.com\\\/de\\\/\",\"logo\":{\"@type\":\"ImageObject\",\"inLanguage\":\"de\",\"@id\":\"https:\\\/\\\/easyliferobo.com\\\/de\\\/#\\\/schema\\\/logo\\\/image\\\/\",\"url\":\"https:\\\/\\\/easyliferobo.com\\\/de\\\/wp-content\\\/uploads\\\/2026\\\/02\\\/Screenshot-2026-02-22-at-2.25.03-PM.png\",\"contentUrl\":\"https:\\\/\\\/easyliferobo.com\\\/de\\\/wp-content\\\/uploads\\\/2026\\\/02\\\/Screenshot-2026-02-22-at-2.25.03-PM.png\",\"width\":1858,\"height\":430,\"caption\":\"EasyLifeBro\"},\"image\":{\"@id\":\"https:\\\/\\\/easyliferobo.com\\\/de\\\/#\\\/schema\\\/logo\\\/image\\\/\"}}]}<\/script>\n<!-- \/ Yoast SEO plugin. -->","yoast_head_json":{"title":"KOSMOS 621247 Solar Bots, 8 Solarmodelle bauen, Bausatz f\u00fcr Solarroboter mit Solarenergieantrieb, Solarzelle mit Motor, Experimentierkasten f\u00fcr Kinder von 8-12 Jahren - EasyLifeBro","description":"Entdecken Sie smarte Roboter f\u00fcr Zuhause, Garten, Bildung und Sicherheit. Vergleichen Sie Saugroboter, Rasenm\u00e4hroboter, KI-Begleitroboter und mehr bei EasyLifeRobo.","robots":{"index":"index","follow":"follow","max-snippet":"max-snippet:-1","max-image-preview":"max-image-preview:large","max-video-preview":"max-video-preview:-1"},"canonical":"https:\/\/easyliferobo.com\/de\/product\/kosmos-621247-solar-bots-8-solarmodelle-bauen-bausatz-fuer-solarroboter-mit-solarenergieantrieb-solarzelle-mit-motor-experimentierkasten-fuer-kinder-von-8-12-jahren\/","og_locale":"de_DE","og_type":"article","og_title":"KOSMOS 621247 Solar Bots, 8 Solarmodelle bauen, Bausatz f\u00fcr Solarroboter mit Solarenergieantrieb, Solarzelle mit Motor, Experimentierkasten f\u00fcr Kinder von 8-12 Jahren - EasyLifeBro","og_description":"Entdecken Sie smarte Roboter f\u00fcr Zuhause, Garten, Bildung und Sicherheit. Vergleichen Sie Saugroboter, Rasenm\u00e4hroboter, KI-Begleitroboter und mehr bei EasyLifeRobo.","og_url":"https:\/\/easyliferobo.com\/de\/product\/kosmos-621247-solar-bots-8-solarmodelle-bauen-bausatz-fuer-solarroboter-mit-solarenergieantrieb-solarzelle-mit-motor-experimentierkasten-fuer-kinder-von-8-12-jahren\/","og_site_name":"EasyLifeBro","article_modified_time":"2026-02-27T10:32:58+00:00","og_image":[{"url":"https:\/\/images-na.ssl-images-amazon.com\/images\/G\/01\/x-locale\/common\/grey-pixel.gif","type":"","width":"","height":""}],"twitter_card":"summary_large_image","twitter_misc":{"Gesch\u00e4tzte Lesezeit":"2\u00a0Minuten"},"schema":{"@context":"https:\/\/schema.org","@graph":[{"@type":"WebPage","@id":"https:\/\/easyliferobo.com\/de\/product\/kosmos-621247-solar-bots-8-solarmodelle-bauen-bausatz-fuer-solarroboter-mit-solarenergieantrieb-solarzelle-mit-motor-experimentierkasten-fuer-kinder-von-8-12-jahren\/","url":"https:\/\/easyliferobo.com\/de\/product\/kosmos-621247-solar-bots-8-solarmodelle-bauen-bausatz-fuer-solarroboter-mit-solarenergieantrieb-solarzelle-mit-motor-experimentierkasten-fuer-kinder-von-8-12-jahren\/","name":"KOSMOS 621247 Solar Bots, 8 Solarmodelle bauen, Bausatz f\u00fcr Solarroboter mit Solarenergieantrieb, Solarzelle mit Motor, Experimentierkasten f\u00fcr Kinder von 8-12 Jahren - EasyLifeBro","isPartOf":{"@id":"https:\/\/easyliferobo.com\/de\/#website"},"primaryImageOfPage":{"@id":"https:\/\/easyliferobo.com\/de\/product\/kosmos-621247-solar-bots-8-solarmodelle-bauen-bausatz-fuer-solarroboter-mit-solarenergieantrieb-solarzelle-mit-motor-experimentierkasten-fuer-kinder-von-8-12-jahren\/#primaryimage"},"image":{"@id":"https:\/\/easyliferobo.com\/de\/product\/kosmos-621247-solar-bots-8-solarmodelle-bauen-bausatz-fuer-solarroboter-mit-solarenergieantrieb-solarzelle-mit-motor-experimentierkasten-fuer-kinder-von-8-12-jahren\/#primaryimage"},"thumbnailUrl":"https:\/\/easyliferobo.com\/de\/wp-content\/uploads\/2026\/02\/81Jzum8sL._AC_SL1500_.jpg","datePublished":"2026-02-27T10:32:44+00:00","dateModified":"2026-02-27T10:32:58+00:00","description":"Entdecken Sie smarte Roboter f\u00fcr Zuhause, Garten, Bildung und Sicherheit. Vergleichen Sie Saugroboter, Rasenm\u00e4hroboter, KI-Begleitroboter und mehr bei EasyLifeRobo.","breadcrumb":{"@id":"https:\/\/easyliferobo.com\/de\/product\/kosmos-621247-solar-bots-8-solarmodelle-bauen-bausatz-fuer-solarroboter-mit-solarenergieantrieb-solarzelle-mit-motor-experimentierkasten-fuer-kinder-von-8-12-jahren\/#breadcrumb"},"inLanguage":"de","potentialAction":[{"@type":"ReadAction","target":["https:\/\/easyliferobo.com\/de\/product\/kosmos-621247-solar-bots-8-solarmodelle-bauen-bausatz-fuer-solarroboter-mit-solarenergieantrieb-solarzelle-mit-motor-experimentierkasten-fuer-kinder-von-8-12-jahren\/"]}]},{"@type":"ImageObject","inLanguage":"de","@id":"https:\/\/easyliferobo.com\/de\/product\/kosmos-621247-solar-bots-8-solarmodelle-bauen-bausatz-fuer-solarroboter-mit-solarenergieantrieb-solarzelle-mit-motor-experimentierkasten-fuer-kinder-von-8-12-jahren\/#primaryimage","url":"https:\/\/easyliferobo.com\/de\/wp-content\/uploads\/2026\/02\/81Jzum8sL._AC_SL1500_.jpg","contentUrl":"https:\/\/easyliferobo.com\/de\/wp-content\/uploads\/2026\/02\/81Jzum8sL._AC_SL1500_.jpg","width":1327,"height":1500},{"@type":"BreadcrumbList","@id":"https:\/\/easyliferobo.com\/de\/product\/kosmos-621247-solar-bots-8-solarmodelle-bauen-bausatz-fuer-solarroboter-mit-solarenergieantrieb-solarzelle-mit-motor-experimentierkasten-fuer-kinder-von-8-12-jahren\/#breadcrumb","itemListElement":[{"@type":"ListItem","position":1,"name":"Home","item":"https:\/\/easyliferobo.com\/de\/"},{"@type":"ListItem","position":2,"name":"Shop","item":"https:\/\/easyliferobo.com\/de\/shop\/"},{"@type":"ListItem","position":3,"name":"KOSMOS 621247 Solar Bots, 8 Solarmo..."}]},{"@type":"WebSite","@id":"https:\/\/easyliferobo.com\/de\/#website","url":"https:\/\/easyliferobo.com\/de\/","name":"EasyLifeBro","description":"Smarte Roboter f\u00fcr Zuhause, Garten &amp; Bildung","publisher":{"@id":"https:\/\/easyliferobo.com\/de\/#organization"},"potentialAction":[{"@type":"SearchAction","target":{"@type":"EntryPoint","urlTemplate":"https:\/\/easyliferobo.com\/de\/?s={search_term_string}"},"query-input":{"@type":"PropertyValueSpecification","valueRequired":true,"valueName":"search_term_string"}}],"inLanguage":"de"},{"@type":"Organization","@id":"https:\/\/easyliferobo.com\/de\/#organization","name":"EasyLifeBro","url":"https:\/\/easyliferobo.com\/de\/","logo":{"@type":"ImageObject","inLanguage":"de","@id":"https:\/\/easyliferobo.com\/de\/#\/schema\/logo\/image\/","url":"https:\/\/easyliferobo.com\/de\/wp-content\/uploads\/2026\/02\/Screenshot-2026-02-22-at-2.25.03-PM.png","contentUrl":"https:\/\/easyliferobo.com\/de\/wp-content\/uploads\/2026\/02\/Screenshot-2026-02-22-at-2.25.03-PM.png","width":1858,"height":430,"caption":"EasyLifeBro"},"image":{"@id":"https:\/\/easyliferobo.com\/de\/#\/schema\/logo\/image\/"}}]}},"_links":{"self":[{"href":"https:\/\/easyliferobo.com\/de\/wp-json\/wp\/v2\/product\/3941","targetHints":{"allow":["GET"]}}],"collection":[{"href":"https:\/\/easyliferobo.com\/de\/wp-json\/wp\/v2\/product"}],"about":[{"href":"https:\/\/easyliferobo.com\/de\/wp-json\/wp\/v2\/types\/product"}],"replies":[{"embeddable":true,"href":"https:\/\/easyliferobo.com\/de\/wp-json\/wp\/v2\/comments?post=3941"}],"wp:featuredmedia":[{"embeddable":true,"href":"https:\/\/easyliferobo.com\/de\/wp-json\/wp\/v2\/media\/3942"}],"wp:attachment":[{"href":"https:\/\/easyliferobo.com\/de\/wp-json\/wp\/v2\/media?parent=3941"}],"wp:term":[{"taxonomy":"store","embeddable":true,"href":"https:\/\/easyliferobo.com\/de\/wp-json\/wp\/v2\/store?post=3941"},{"taxonomy":"product_brand","embeddable":true,"href":"https:\/\/easyliferobo.com\/de\/wp-json\/wp\/v2\/product_brand?post=3941"},{"taxonomy":"product_cat","embeddable":true,"href":"https:\/\/easyliferobo.com\/de\/wp-json\/wp\/v2\/product_cat?post=3941"},{"taxonomy":"product_tag","embeddable":true,"href":"https:\/\/easyliferobo.com\/de\/wp-json\/wp\/v2\/product_tag?post=3941"}],"curies":[{"name":"wp","href":"https:\/\/api.w.org\/{rel}","templated":true}]}}