
{"id":3933,"date":"2026-02-27T10:31:18","date_gmt":"2026-02-27T10:31:18","guid":{"rendered":"https:\/\/easyliferobo.com\/de\/product\/sillbird-roboterbausatz-fuer-kinder-3-in-1-ferngesteuerter-roboter-mit-app-programmierbar-stem-roboterspielzeug-fuer-kinder-wandroboter-mech-dinosaurier-panzer-ab-8-jahren-jungen\/"},"modified":"2026-02-27T10:31:34","modified_gmt":"2026-02-27T10:31:34","slug":"sillbird-roboterbausatz-fuer-kinder-3-in-1-ferngesteuerter-roboter-mit-app-programmierbar-stem-roboterspielzeug-fuer-kinder-wandroboter-mech-dinosaurier-panzer-ab-8-jahren-jungen","status":"publish","type":"product","link":"https:\/\/easyliferobo.com\/de\/product\/sillbird-roboterbausatz-fuer-kinder-3-in-1-ferngesteuerter-roboter-mit-app-programmierbar-stem-roboterspielzeug-fuer-kinder-wandroboter-mech-dinosaurier-panzer-ab-8-jahren-jungen\/","title":{"rendered":"Sillbird Roboterbausatz f\u00fcr Kinder..."},"content":{"rendered":"<p>\n                                             Von der Marke   <\/p>\n<p>                                              <img decoding=\"async\" alt=\"\" src=\"https:\/\/images-na.ssl-images-amazon.com\/images\/G\/01\/x-locale\/common\/grey-pixel.gif\" class=\"a-lazy-loaded\" data-src=\"https:\/\/m.media-amazon.com\/images\/S\/aplus-media-library-service-media\/6dc125b6-ce83-4482-96b5-d709bfafa478.__CR0,0,1464,625_PT0_SX1464_V1___.jpg\"><img decoding=\"async\" alt=\"\" src=\"https:\/\/m.media-amazon.com\/images\/S\/aplus-media-library-service-media\/6dc125b6-ce83-4482-96b5-d709bfafa478.__CR0,0,1464,625_PT0_SX1464_V1___.jpg\">  <\/p>\n<h3>  WILLKOMMEN IM SILLBIRD STORE <\/h3>\n<p>  Sillbird war stets bestrebt, die besten Produkte und Dienstleistungen anzubieten. <\/p>\n<h3>  HEIBE-PRODUKT <\/h3>\n<h3>  NEUE ANK\u00dcNFTE <\/h3>\n<h3>  Lernspielzeug: <\/h3>\n<p>Geschenk f\u00fcr Jungen-Technik-Fans: Dieses coole Roboterspielzeug begeistert Kinder mit flexiblem Design, Fernbedienungsfunktionen und spannendem Spielerlebnis. Der Sillbird 3-in-1-Roboterbausatz ist das ideale Geschenk zum Geburtstag, zu Weihnachten oder als \u00dcberraschung f\u00fcr Jungen im Alter von 8\u201312 Jahren. Kinder k\u00f6nnen stundenlang Spa\u00df daran haben, den Roboter zu bedienen.<br \/>3-in-1-Technologieroboter: Mit dem Sillbird-Roboterspielzeug k\u00f6nnen Kinder 3 aufregende Modelle bauen und spielen: Wandroboter, einen technischen Panzer, einen Mech-Dinosaurier. F\u00f6rdert technisches Verst\u00e4ndnis, r\u00e4umliches Denken und motorische F\u00e4higkeiten bei der Montage<br \/>Hochgradig interaktiv: Kopf, Arme und H\u00e4nde des Roboterbausatzes k\u00f6nnen flexibel angepasst werden. Programmieren Sie Routen, steuern Sie die 360\u00b0 beweglichen Arme und lassen Sie die LED-Augen in verschiedenen Farben blinken. Das rutschfeste Kettendesign sorgt f\u00fcr sanftes, stabiles Fahren sowohl auf polierten B\u00f6den als auch in unebenem Gel\u00e4nde und bietet Kindern eine spannende Herausforderung in jeder Umgebung<br \/>Fernsteuerungs- und Programmierabenteuer: Der Roboter erm\u00f6glicht einfaches Codieren f\u00fcr Kinder ab 8 Jahren. Kinder k\u00f6nnen den Roboter mit der Fernbedienung oder Bluetooth steuern. Mit mehreren Steuermodi \u2013 Pfadmodus, Kreiselmodus, einh\u00e4ndige oder zweih\u00e4ndige Steuerung und Programmiermodus. Entweder \u00fcber die 2,4-GHz-Fernbedienung (30\u201350 m Reichweite). Verschiedene Modi (Sprache\/Programmierung\/Pfad) regen zu fantasievollen Programmierabenteuern an.<br \/>Wiederaufladbar: Ausgestattet mit integriertem Akku f\u00fcr l\u00e4ngeren Spielspa\u00df ohne st\u00e4ndigen Batteriewechsel. Der langlebige Akku (40 Minuten Spielzeit!) sorgt f\u00fcr reibungslose Action. Die leistungsstarken Motoren erm\u00f6glichen sanfte Bewegungen wie 360\u00b0. (Roboterbatterie im Lieferumfang enthalten; Fernbedienung ben\u00f6tigt 2 AA-Batterien, nicht im Lieferumfang enthalten.)<br \/>Klar verst\u00e4ndliche Anleitung zum selbstst\u00e4ndigen Bauen: Die bebilderte Schritt-f\u00fcr-Schritt-Anleitung erkl\u00e4rt jedes Detail leicht \u2013 von der Grundmontage bis zur Programmierung. Farbige Diagramme und Symbolhilfen erm\u00f6glichen es auch Jungen ab 8 Jahren, den Roboter ohne Hilfe zu bauen. Gemeinsam bauen Sie die Sillbird-Technologie auf, um ferngesteuerte Roboter zum Leben zu erwecken.<\/p>\n<p>[ad_2]<\/p>\n","protected":false},"excerpt":{"rendered":"<p>Von der Marke WILLKOMMEN IM SILLBIRD STORE Sillbird war stets bestrebt, die besten Produkte und Dienstleistungen anzubieten. HEIBE-PRODUKT NEUE ANK\u00dcNFTE Lernspielzeug: Geschenk f\u00fcr Jungen-Technik-Fans: Dieses coole Roboterspielzeug begeistert Kinder mit flexiblem Design, Fernbedienungsfunktionen und spannendem Spielerlebnis. Der Sillbird 3-in-1-Roboterbausatz ist das ideale Geschenk zum Geburtstag, zu Weihnachten oder als \u00dcberraschung f\u00fcr Jungen im Alter von [&hellip;]<\/p>\n","protected":false},"featured_media":3934,"comment_status":"open","ping_status":"closed","template":"","meta":{"_aipt_faq_data":""},"store":[],"product_brand":[],"product_cat":[89],"product_tag":[374],"class_list":{"0":"post-3933","1":"product","2":"type-product","3":"status-publish","4":"has-post-thumbnail","6":"product_cat-roboter-mit-fernbedienung","7":"product_tag-roboter-mit-fernbedienung-bluetooth","9":"first","10":"instock","11":"sale","12":"shipping-taxable","13":"product-type-external"},"yoast_head":"<!-- This site is optimized with the Yoast SEO plugin v27.4 - https:\/\/yoast.com\/product\/yoast-seo-wordpress\/ -->\n<title>Sillbird Roboterbausatz f\u00fcr Kinder, 3-in-1 ferngesteuerter Roboter mit App programmierbar, STEM-Roboterspielzeug f\u00fcr Kinder, Wandroboter\/Mech-Dinosaurier\/Panzer ab 8+ Jahren Jungen - EasyLifeBro<\/title>\n<meta name=\"description\" content=\"Entdecken Sie smarte Roboter f\u00fcr Zuhause, Garten, Bildung und Sicherheit. Vergleichen Sie Saugroboter, Rasenm\u00e4hroboter, KI-Begleitroboter und mehr bei EasyLifeRobo.\" \/>\n<meta name=\"robots\" content=\"index, follow, max-snippet:-1, max-image-preview:large, max-video-preview:-1\" \/>\n<link rel=\"canonical\" href=\"https:\/\/easyliferobo.com\/de\/product\/sillbird-roboterbausatz-fuer-kinder-3-in-1-ferngesteuerter-roboter-mit-app-programmierbar-stem-roboterspielzeug-fuer-kinder-wandroboter-mech-dinosaurier-panzer-ab-8-jahren-jungen\/\" \/>\n<meta property=\"og:locale\" content=\"de_DE\" \/>\n<meta property=\"og:type\" content=\"article\" \/>\n<meta property=\"og:title\" content=\"Sillbird Roboterbausatz f\u00fcr Kinder, 3-in-1 ferngesteuerter Roboter mit App programmierbar, STEM-Roboterspielzeug f\u00fcr Kinder, Wandroboter\/Mech-Dinosaurier\/Panzer ab 8+ Jahren Jungen - EasyLifeBro\" \/>\n<meta property=\"og:description\" content=\"Entdecken Sie smarte Roboter f\u00fcr Zuhause, Garten, Bildung und Sicherheit. Vergleichen Sie Saugroboter, Rasenm\u00e4hroboter, KI-Begleitroboter und mehr bei EasyLifeRobo.\" \/>\n<meta property=\"og:url\" content=\"https:\/\/easyliferobo.com\/de\/product\/sillbird-roboterbausatz-fuer-kinder-3-in-1-ferngesteuerter-roboter-mit-app-programmierbar-stem-roboterspielzeug-fuer-kinder-wandroboter-mech-dinosaurier-panzer-ab-8-jahren-jungen\/\" \/>\n<meta property=\"og:site_name\" content=\"EasyLifeBro\" \/>\n<meta property=\"article:modified_time\" content=\"2026-02-27T10:31:34+00:00\" \/>\n<meta property=\"og:image\" content=\"https:\/\/images-na.ssl-images-amazon.com\/images\/G\/01\/x-locale\/common\/grey-pixel.gif\" \/>\n<meta name=\"twitter:card\" content=\"summary_large_image\" \/>\n<meta name=\"twitter:label1\" content=\"Gesch\u00e4tzte Lesezeit\" \/>\n\t<meta name=\"twitter:data1\" content=\"2\u00a0Minuten\" \/>\n<script type=\"application\/ld+json\" class=\"yoast-schema-graph\">{\"@context\":\"https:\\\/\\\/schema.org\",\"@graph\":[{\"@type\":\"WebPage\",\"@id\":\"https:\\\/\\\/easyliferobo.com\\\/de\\\/product\\\/sillbird-roboterbausatz-fuer-kinder-3-in-1-ferngesteuerter-roboter-mit-app-programmierbar-stem-roboterspielzeug-fuer-kinder-wandroboter-mech-dinosaurier-panzer-ab-8-jahren-jungen\\\/\",\"url\":\"https:\\\/\\\/easyliferobo.com\\\/de\\\/product\\\/sillbird-roboterbausatz-fuer-kinder-3-in-1-ferngesteuerter-roboter-mit-app-programmierbar-stem-roboterspielzeug-fuer-kinder-wandroboter-mech-dinosaurier-panzer-ab-8-jahren-jungen\\\/\",\"name\":\"Sillbird Roboterbausatz f\u00fcr Kinder, 3-in-1 ferngesteuerter Roboter mit App programmierbar, STEM-Roboterspielzeug f\u00fcr Kinder, Wandroboter\\\/Mech-Dinosaurier\\\/Panzer ab 8+ Jahren Jungen - EasyLifeBro\",\"isPartOf\":{\"@id\":\"https:\\\/\\\/easyliferobo.com\\\/de\\\/#website\"},\"primaryImageOfPage\":{\"@id\":\"https:\\\/\\\/easyliferobo.com\\\/de\\\/product\\\/sillbird-roboterbausatz-fuer-kinder-3-in-1-ferngesteuerter-roboter-mit-app-programmierbar-stem-roboterspielzeug-fuer-kinder-wandroboter-mech-dinosaurier-panzer-ab-8-jahren-jungen\\\/#primaryimage\"},\"image\":{\"@id\":\"https:\\\/\\\/easyliferobo.com\\\/de\\\/product\\\/sillbird-roboterbausatz-fuer-kinder-3-in-1-ferngesteuerter-roboter-mit-app-programmierbar-stem-roboterspielzeug-fuer-kinder-wandroboter-mech-dinosaurier-panzer-ab-8-jahren-jungen\\\/#primaryimage\"},\"thumbnailUrl\":\"https:\\\/\\\/easyliferobo.com\\\/de\\\/wp-content\\\/uploads\\\/2026\\\/02\\\/915gvOaM4aL._AC_SL1500_.jpg\",\"datePublished\":\"2026-02-27T10:31:18+00:00\",\"dateModified\":\"2026-02-27T10:31:34+00:00\",\"description\":\"Entdecken Sie smarte Roboter f\u00fcr Zuhause, Garten, Bildung und Sicherheit. Vergleichen Sie Saugroboter, Rasenm\u00e4hroboter, KI-Begleitroboter und mehr bei EasyLifeRobo.\",\"breadcrumb\":{\"@id\":\"https:\\\/\\\/easyliferobo.com\\\/de\\\/product\\\/sillbird-roboterbausatz-fuer-kinder-3-in-1-ferngesteuerter-roboter-mit-app-programmierbar-stem-roboterspielzeug-fuer-kinder-wandroboter-mech-dinosaurier-panzer-ab-8-jahren-jungen\\\/#breadcrumb\"},\"inLanguage\":\"de\",\"potentialAction\":[{\"@type\":\"ReadAction\",\"target\":[\"https:\\\/\\\/easyliferobo.com\\\/de\\\/product\\\/sillbird-roboterbausatz-fuer-kinder-3-in-1-ferngesteuerter-roboter-mit-app-programmierbar-stem-roboterspielzeug-fuer-kinder-wandroboter-mech-dinosaurier-panzer-ab-8-jahren-jungen\\\/\"]}]},{\"@type\":\"ImageObject\",\"inLanguage\":\"de\",\"@id\":\"https:\\\/\\\/easyliferobo.com\\\/de\\\/product\\\/sillbird-roboterbausatz-fuer-kinder-3-in-1-ferngesteuerter-roboter-mit-app-programmierbar-stem-roboterspielzeug-fuer-kinder-wandroboter-mech-dinosaurier-panzer-ab-8-jahren-jungen\\\/#primaryimage\",\"url\":\"https:\\\/\\\/easyliferobo.com\\\/de\\\/wp-content\\\/uploads\\\/2026\\\/02\\\/915gvOaM4aL._AC_SL1500_.jpg\",\"contentUrl\":\"https:\\\/\\\/easyliferobo.com\\\/de\\\/wp-content\\\/uploads\\\/2026\\\/02\\\/915gvOaM4aL._AC_SL1500_.jpg\",\"width\":1453,\"height\":1500},{\"@type\":\"BreadcrumbList\",\"@id\":\"https:\\\/\\\/easyliferobo.com\\\/de\\\/product\\\/sillbird-roboterbausatz-fuer-kinder-3-in-1-ferngesteuerter-roboter-mit-app-programmierbar-stem-roboterspielzeug-fuer-kinder-wandroboter-mech-dinosaurier-panzer-ab-8-jahren-jungen\\\/#breadcrumb\",\"itemListElement\":[{\"@type\":\"ListItem\",\"position\":1,\"name\":\"Home\",\"item\":\"https:\\\/\\\/easyliferobo.com\\\/de\\\/\"},{\"@type\":\"ListItem\",\"position\":2,\"name\":\"Shop\",\"item\":\"https:\\\/\\\/easyliferobo.com\\\/de\\\/shop\\\/\"},{\"@type\":\"ListItem\",\"position\":3,\"name\":\"Sillbird Roboterbausatz f\u00fcr Kinder...\"}]},{\"@type\":\"WebSite\",\"@id\":\"https:\\\/\\\/easyliferobo.com\\\/de\\\/#website\",\"url\":\"https:\\\/\\\/easyliferobo.com\\\/de\\\/\",\"name\":\"EasyLifeBro\",\"description\":\"Smarte Roboter f\u00fcr Zuhause, Garten &amp; Bildung\",\"publisher\":{\"@id\":\"https:\\\/\\\/easyliferobo.com\\\/de\\\/#organization\"},\"potentialAction\":[{\"@type\":\"SearchAction\",\"target\":{\"@type\":\"EntryPoint\",\"urlTemplate\":\"https:\\\/\\\/easyliferobo.com\\\/de\\\/?s={search_term_string}\"},\"query-input\":{\"@type\":\"PropertyValueSpecification\",\"valueRequired\":true,\"valueName\":\"search_term_string\"}}],\"inLanguage\":\"de\"},{\"@type\":\"Organization\",\"@id\":\"https:\\\/\\\/easyliferobo.com\\\/de\\\/#organization\",\"name\":\"EasyLifeBro\",\"url\":\"https:\\\/\\\/easyliferobo.com\\\/de\\\/\",\"logo\":{\"@type\":\"ImageObject\",\"inLanguage\":\"de\",\"@id\":\"https:\\\/\\\/easyliferobo.com\\\/de\\\/#\\\/schema\\\/logo\\\/image\\\/\",\"url\":\"https:\\\/\\\/easyliferobo.com\\\/de\\\/wp-content\\\/uploads\\\/2026\\\/02\\\/Screenshot-2026-02-22-at-2.25.03-PM.png\",\"contentUrl\":\"https:\\\/\\\/easyliferobo.com\\\/de\\\/wp-content\\\/uploads\\\/2026\\\/02\\\/Screenshot-2026-02-22-at-2.25.03-PM.png\",\"width\":1858,\"height\":430,\"caption\":\"EasyLifeBro\"},\"image\":{\"@id\":\"https:\\\/\\\/easyliferobo.com\\\/de\\\/#\\\/schema\\\/logo\\\/image\\\/\"}}]}<\/script>\n<!-- \/ Yoast SEO plugin. -->","yoast_head_json":{"title":"Sillbird Roboterbausatz f\u00fcr Kinder, 3-in-1 ferngesteuerter Roboter mit App programmierbar, STEM-Roboterspielzeug f\u00fcr Kinder, Wandroboter\/Mech-Dinosaurier\/Panzer ab 8+ Jahren Jungen - EasyLifeBro","description":"Entdecken Sie smarte Roboter f\u00fcr Zuhause, Garten, Bildung und Sicherheit. Vergleichen Sie Saugroboter, Rasenm\u00e4hroboter, KI-Begleitroboter und mehr bei EasyLifeRobo.","robots":{"index":"index","follow":"follow","max-snippet":"max-snippet:-1","max-image-preview":"max-image-preview:large","max-video-preview":"max-video-preview:-1"},"canonical":"https:\/\/easyliferobo.com\/de\/product\/sillbird-roboterbausatz-fuer-kinder-3-in-1-ferngesteuerter-roboter-mit-app-programmierbar-stem-roboterspielzeug-fuer-kinder-wandroboter-mech-dinosaurier-panzer-ab-8-jahren-jungen\/","og_locale":"de_DE","og_type":"article","og_title":"Sillbird Roboterbausatz f\u00fcr Kinder, 3-in-1 ferngesteuerter Roboter mit App programmierbar, STEM-Roboterspielzeug f\u00fcr Kinder, Wandroboter\/Mech-Dinosaurier\/Panzer ab 8+ Jahren Jungen - EasyLifeBro","og_description":"Entdecken Sie smarte Roboter f\u00fcr Zuhause, Garten, Bildung und Sicherheit. Vergleichen Sie Saugroboter, Rasenm\u00e4hroboter, KI-Begleitroboter und mehr bei EasyLifeRobo.","og_url":"https:\/\/easyliferobo.com\/de\/product\/sillbird-roboterbausatz-fuer-kinder-3-in-1-ferngesteuerter-roboter-mit-app-programmierbar-stem-roboterspielzeug-fuer-kinder-wandroboter-mech-dinosaurier-panzer-ab-8-jahren-jungen\/","og_site_name":"EasyLifeBro","article_modified_time":"2026-02-27T10:31:34+00:00","og_image":[{"url":"https:\/\/images-na.ssl-images-amazon.com\/images\/G\/01\/x-locale\/common\/grey-pixel.gif","type":"","width":"","height":""}],"twitter_card":"summary_large_image","twitter_misc":{"Gesch\u00e4tzte Lesezeit":"2\u00a0Minuten"},"schema":{"@context":"https:\/\/schema.org","@graph":[{"@type":"WebPage","@id":"https:\/\/easyliferobo.com\/de\/product\/sillbird-roboterbausatz-fuer-kinder-3-in-1-ferngesteuerter-roboter-mit-app-programmierbar-stem-roboterspielzeug-fuer-kinder-wandroboter-mech-dinosaurier-panzer-ab-8-jahren-jungen\/","url":"https:\/\/easyliferobo.com\/de\/product\/sillbird-roboterbausatz-fuer-kinder-3-in-1-ferngesteuerter-roboter-mit-app-programmierbar-stem-roboterspielzeug-fuer-kinder-wandroboter-mech-dinosaurier-panzer-ab-8-jahren-jungen\/","name":"Sillbird Roboterbausatz f\u00fcr Kinder, 3-in-1 ferngesteuerter Roboter mit App programmierbar, STEM-Roboterspielzeug f\u00fcr Kinder, Wandroboter\/Mech-Dinosaurier\/Panzer ab 8+ Jahren Jungen - EasyLifeBro","isPartOf":{"@id":"https:\/\/easyliferobo.com\/de\/#website"},"primaryImageOfPage":{"@id":"https:\/\/easyliferobo.com\/de\/product\/sillbird-roboterbausatz-fuer-kinder-3-in-1-ferngesteuerter-roboter-mit-app-programmierbar-stem-roboterspielzeug-fuer-kinder-wandroboter-mech-dinosaurier-panzer-ab-8-jahren-jungen\/#primaryimage"},"image":{"@id":"https:\/\/easyliferobo.com\/de\/product\/sillbird-roboterbausatz-fuer-kinder-3-in-1-ferngesteuerter-roboter-mit-app-programmierbar-stem-roboterspielzeug-fuer-kinder-wandroboter-mech-dinosaurier-panzer-ab-8-jahren-jungen\/#primaryimage"},"thumbnailUrl":"https:\/\/easyliferobo.com\/de\/wp-content\/uploads\/2026\/02\/915gvOaM4aL._AC_SL1500_.jpg","datePublished":"2026-02-27T10:31:18+00:00","dateModified":"2026-02-27T10:31:34+00:00","description":"Entdecken Sie smarte Roboter f\u00fcr Zuhause, Garten, Bildung und Sicherheit. Vergleichen Sie Saugroboter, Rasenm\u00e4hroboter, KI-Begleitroboter und mehr bei EasyLifeRobo.","breadcrumb":{"@id":"https:\/\/easyliferobo.com\/de\/product\/sillbird-roboterbausatz-fuer-kinder-3-in-1-ferngesteuerter-roboter-mit-app-programmierbar-stem-roboterspielzeug-fuer-kinder-wandroboter-mech-dinosaurier-panzer-ab-8-jahren-jungen\/#breadcrumb"},"inLanguage":"de","potentialAction":[{"@type":"ReadAction","target":["https:\/\/easyliferobo.com\/de\/product\/sillbird-roboterbausatz-fuer-kinder-3-in-1-ferngesteuerter-roboter-mit-app-programmierbar-stem-roboterspielzeug-fuer-kinder-wandroboter-mech-dinosaurier-panzer-ab-8-jahren-jungen\/"]}]},{"@type":"ImageObject","inLanguage":"de","@id":"https:\/\/easyliferobo.com\/de\/product\/sillbird-roboterbausatz-fuer-kinder-3-in-1-ferngesteuerter-roboter-mit-app-programmierbar-stem-roboterspielzeug-fuer-kinder-wandroboter-mech-dinosaurier-panzer-ab-8-jahren-jungen\/#primaryimage","url":"https:\/\/easyliferobo.com\/de\/wp-content\/uploads\/2026\/02\/915gvOaM4aL._AC_SL1500_.jpg","contentUrl":"https:\/\/easyliferobo.com\/de\/wp-content\/uploads\/2026\/02\/915gvOaM4aL._AC_SL1500_.jpg","width":1453,"height":1500},{"@type":"BreadcrumbList","@id":"https:\/\/easyliferobo.com\/de\/product\/sillbird-roboterbausatz-fuer-kinder-3-in-1-ferngesteuerter-roboter-mit-app-programmierbar-stem-roboterspielzeug-fuer-kinder-wandroboter-mech-dinosaurier-panzer-ab-8-jahren-jungen\/#breadcrumb","itemListElement":[{"@type":"ListItem","position":1,"name":"Home","item":"https:\/\/easyliferobo.com\/de\/"},{"@type":"ListItem","position":2,"name":"Shop","item":"https:\/\/easyliferobo.com\/de\/shop\/"},{"@type":"ListItem","position":3,"name":"Sillbird Roboterbausatz f\u00fcr Kinder..."}]},{"@type":"WebSite","@id":"https:\/\/easyliferobo.com\/de\/#website","url":"https:\/\/easyliferobo.com\/de\/","name":"EasyLifeBro","description":"Smarte Roboter f\u00fcr Zuhause, Garten &amp; Bildung","publisher":{"@id":"https:\/\/easyliferobo.com\/de\/#organization"},"potentialAction":[{"@type":"SearchAction","target":{"@type":"EntryPoint","urlTemplate":"https:\/\/easyliferobo.com\/de\/?s={search_term_string}"},"query-input":{"@type":"PropertyValueSpecification","valueRequired":true,"valueName":"search_term_string"}}],"inLanguage":"de"},{"@type":"Organization","@id":"https:\/\/easyliferobo.com\/de\/#organization","name":"EasyLifeBro","url":"https:\/\/easyliferobo.com\/de\/","logo":{"@type":"ImageObject","inLanguage":"de","@id":"https:\/\/easyliferobo.com\/de\/#\/schema\/logo\/image\/","url":"https:\/\/easyliferobo.com\/de\/wp-content\/uploads\/2026\/02\/Screenshot-2026-02-22-at-2.25.03-PM.png","contentUrl":"https:\/\/easyliferobo.com\/de\/wp-content\/uploads\/2026\/02\/Screenshot-2026-02-22-at-2.25.03-PM.png","width":1858,"height":430,"caption":"EasyLifeBro"},"image":{"@id":"https:\/\/easyliferobo.com\/de\/#\/schema\/logo\/image\/"}}]}},"_links":{"self":[{"href":"https:\/\/easyliferobo.com\/de\/wp-json\/wp\/v2\/product\/3933","targetHints":{"allow":["GET"]}}],"collection":[{"href":"https:\/\/easyliferobo.com\/de\/wp-json\/wp\/v2\/product"}],"about":[{"href":"https:\/\/easyliferobo.com\/de\/wp-json\/wp\/v2\/types\/product"}],"replies":[{"embeddable":true,"href":"https:\/\/easyliferobo.com\/de\/wp-json\/wp\/v2\/comments?post=3933"}],"wp:featuredmedia":[{"embeddable":true,"href":"https:\/\/easyliferobo.com\/de\/wp-json\/wp\/v2\/media\/3934"}],"wp:attachment":[{"href":"https:\/\/easyliferobo.com\/de\/wp-json\/wp\/v2\/media?parent=3933"}],"wp:term":[{"taxonomy":"store","embeddable":true,"href":"https:\/\/easyliferobo.com\/de\/wp-json\/wp\/v2\/store?post=3933"},{"taxonomy":"product_brand","embeddable":true,"href":"https:\/\/easyliferobo.com\/de\/wp-json\/wp\/v2\/product_brand?post=3933"},{"taxonomy":"product_cat","embeddable":true,"href":"https:\/\/easyliferobo.com\/de\/wp-json\/wp\/v2\/product_cat?post=3933"},{"taxonomy":"product_tag","embeddable":true,"href":"https:\/\/easyliferobo.com\/de\/wp-json\/wp\/v2\/product_tag?post=3933"}],"curies":[{"name":"wp","href":"https:\/\/api.w.org\/{rel}","templated":true}]}}