
{"id":392,"date":"2026-02-22T09:34:58","date_gmt":"2026-02-22T09:34:58","guid":{"rendered":"https:\/\/easyliferobo.com\/de\/product\/robot-j-programmierbarer-roboterbausatz-fuer-kinder-6-in-1-stem-lernspielzeug-mit-app-steuerung-jungen-maedchen-ab-7-jahren-480-teile\/"},"modified":"2026-02-22T23:35:39","modified_gmt":"2026-02-22T23:35:39","slug":"robot-j-programmierbarer-roboterbausatz-fuer-kinder-6-in-1-stem-lernspielzeug-mit-app-steuerung-jungen-maedchen-ab-7-jahren-480-teile","status":"publish","type":"product","link":"https:\/\/easyliferobo.com\/de\/product\/robot-j-programmierbarer-roboterbausatz-fuer-kinder-6-in-1-stem-lernspielzeug-mit-app-steuerung-jungen-maedchen-ab-7-jahren-480-teile\/","title":{"rendered":"Robot J \u2013 Programmierbarer Robote..."},"content":{"rendered":"<p>\n                                             Von der Marke   <\/p>\n<p>                                              <img decoding=\"async\" alt=\"\" src=\"https:\/\/images-na.ssl-images-amazon.com\/images\/G\/01\/x-locale\/common\/grey-pixel.gif\" class=\"a-lazy-loaded\" data-src=\"https:\/\/m.media-amazon.com\/images\/S\/aplus-media-library-service-media\/5a188551-2933-47da-826c-7a0ea56dc68f.__CR0,0,2928,1250_PT0_SX1464_V1___.jpg\"><img decoding=\"async\" alt=\"\" src=\"https:\/\/m.media-amazon.com\/images\/S\/aplus-media-library-service-media\/5a188551-2933-47da-826c-7a0ea56dc68f.__CR0,0,2928,1250_PT0_SX1464_V1___.jpg\">  <\/p>\n<h3>  WILLKOMMEN BEI APITOR <\/h3>\n<p>  Bauen, spielen, programmieren und mehr entdecken! <\/p>\n<p>                                              <img decoding=\"async\" alt=\"\" src=\"https:\/\/images-na.ssl-images-amazon.com\/images\/G\/01\/x-locale\/common\/grey-pixel.gif\" class=\"a-lazy-loaded\" data-src=\"https:\/\/m.media-amazon.com\/images\/S\/aplus-media-library-service-media\/bcc74c5d-55bc-4c61-bd20-3d398961e93e.__CR0,0,315,145_PT0_SX315_V1___.png\"><img decoding=\"async\" alt=\"\" src=\"https:\/\/m.media-amazon.com\/images\/S\/aplus-media-library-service-media\/bcc74c5d-55bc-4c61-bd20-3d398961e93e.__CR0,0,315,145_PT0_SX315_V1___.png\">  <\/p>\n<p>  \u00dcber Apitor <\/p>\n<p>  Apitor ist auf die Entwicklung von Roboterbaus\u00e4tzen mit App-gesteuerten Bausteinen f\u00fcr Lernende jeden Alters spezialisiert. Diese Produkte f\u00f6rdern das praktische Lernen und legen Wert auf die MINT-Integration. <\/p>\n<p>  Anerkennung von MINT. ORG <\/p>\n<p>  Mit dieser Auszeichnung geh\u00f6rt Apitor zu den 5 % der besten Lernger\u00e4te, die f\u00fcr ihre herausragenden Leistungen im MINT-Bereich ausgezeichnet werden, und demonstriert ihren erheblichen Einfluss auf den MINTToy-Markt. <\/p>\n<h3>  Programmierspielzeug f\u00fcr Anf\u00e4nger <\/h3>\n<h3>  Fortgeschrittene Programmierung <\/h3>\n<h3>  Elektrisches MINT-Bauspielzeug <\/h3>\n<p>                                              <img decoding=\"async\" alt=\"\" src=\"https:\/\/images-na.ssl-images-amazon.com\/images\/G\/01\/x-locale\/common\/grey-pixel.gif\" class=\"a-lazy-loaded\" data-src=\"https:\/\/m.media-amazon.com\/images\/S\/aplus-media-library-service-media\/50144a22-f92f-40f7-9976-f9c919e24d32.__CR0,0,362,453_PT0_SX362_V1___.jpg\"><img decoding=\"async\" alt=\"\" src=\"https:\/\/m.media-amazon.com\/images\/S\/aplus-media-library-service-media\/50144a22-f92f-40f7-9976-f9c919e24d32.__CR0,0,362,453_PT0_SX362_V1___.jpg\">  <\/p>\n<h3>  GESCHENKE F\u00dcR JUNGE M\u00c4DCHEN <\/h3>\n<p>6-in-1-Roboterbausatz: Enth\u00e4lt 480 Bausteine, 1 Steuermodul (mit 2 Hochgeschwindigkeitsmotoren), 2 mehrfarbige LED-Leuchten, Bauanleitungen und eine Sortierschale. KEINE SCHRAUBEN ODER SCHRAUBENDREHER ERFORDERLICH \u2013 Kinder k\u00f6nnen die Bausteine \u200b\u200beinfach zusammenstecken, um 6 verschiedene Roboter- und Panzermodelle zu bauen. Bauen, Lernen und Programmieren hat noch nie so viel Spa\u00df gemacht!<br \/>LERNEN SIE KOMMEN DURCH SPIELEN Mit der intuitiven, symbolbasierten Programmieroberfl\u00e4che und einer umfangreichen Auswahl an spannenden Aktivit\u00e4ten f\u00fcr jedes Modell k\u00f6nnen Kinder etwas \u00fcber Schleifen und Variablen lernen, ihre MINT-F\u00e4higkeiten entwickeln (Mathematik, Informatik, Naturwissenschaften, Ingenieurwesen) und Probleme in endlosen Spielm\u00f6glichkeiten kreativ l\u00f6sen!<br \/>BAUEN, CODE, SPIELEN Dieses Roboterspielzeug bewegt sich in alle Richtungen \u2013 nach links, rechts, vorw\u00e4rts, r\u00fcckw\u00e4rts \u2013 und kann sogar 360-Grad-Stunts ausf\u00fchren. Mit leuchtenden Augen und beweglichen Handgelenken f\u00f6rdert es die Kreativit\u00e4t und Fantasie der Kinder und verbessert ihre Feinmotorik. Die Aktivit\u00e4ten zur Verbesserung der Intelligenz sind endlos!<br \/>Ferngesteuerter Roboter Der intelligente Roboter kann per APP auf dem Smartphone \u00fcber Bluetooth gesteuert werden. Es bietet 4 benutzerfreundliche Fernbedienungsmodi: Doppelmotor, Einzelmotor, Gyroskop und Pfadmodus. Kinder k\u00f6nnen die kostenlose Apitor Kit-App herunterladen und mit der Schritt-f\u00fcr-Schritt-Anleitung lernen, wie man Roboter programmiert \u2013 ganz alleine!<br \/>IDEALES GESCHENK F\u00dcR KINDER Dieser RC-Roboter ist robust, kreativ und unterhaltsam. Es ist eine ausgezeichnete Wahl als Weihnachtsgeschenk oder Geburtstagsgeschenk f\u00fcr Ihre Kinder. Das beliebteste und beliebteste Robotikspielzeug f\u00fcr Jungen und M\u00e4dchen im Alter von 7 bis 12 Jahren, die gerne basteln und sich f\u00fcr Wissenschaft interessieren. Ben\u00f6tigt 3 AA-Batterien (nicht im Lieferumfang enthalten).<\/p>\n<p>[ad_2]<\/p>\n","protected":false},"excerpt":{"rendered":"<p>Von der Marke WILLKOMMEN BEI APITOR Bauen, spielen, programmieren und mehr entdecken! \u00dcber Apitor Apitor ist auf die Entwicklung von Roboterbaus\u00e4tzen mit App-gesteuerten Bausteinen f\u00fcr Lernende jeden Alters spezialisiert. Diese Produkte f\u00f6rdern das praktische Lernen und legen Wert auf die MINT-Integration. Anerkennung von MINT. ORG Mit dieser Auszeichnung geh\u00f6rt Apitor zu den 5 % der [&hellip;]<\/p>\n","protected":false},"featured_media":393,"comment_status":"open","ping_status":"closed","template":"","meta":{"_aipt_faq_data":""},"store":[],"product_brand":[],"product_cat":[79],"product_tag":[143],"class_list":{"0":"post-392","1":"product","2":"type-product","3":"status-publish","4":"has-post-thumbnail","6":"product_cat-stem-roboter","7":"product_tag-stem-roboter-bausatz-fuer-kinder","9":"first","10":"instock","11":"sale","12":"shipping-taxable","13":"product-type-external"},"yoast_head":"<!-- This site is optimized with the Yoast SEO plugin v27.4 - https:\/\/yoast.com\/product\/yoast-seo-wordpress\/ -->\n<title>Robot J \u2013 Programmierbarer Roboterbausatz f\u00fcr Kinder, 6-in-1 STEM-Lernspielzeug mit App-Steuerung, Jungen &amp; M\u00e4dchen ab 7 Jahren (480 Teile) - EasyLifeBro<\/title>\n<meta name=\"description\" content=\"Entdecken Sie smarte Roboter f\u00fcr Zuhause, Garten, Bildung und Sicherheit. Vergleichen Sie Saugroboter, Rasenm\u00e4hroboter, KI-Begleitroboter und mehr bei EasyLifeRobo.\" \/>\n<meta name=\"robots\" content=\"index, follow, max-snippet:-1, max-image-preview:large, max-video-preview:-1\" \/>\n<link rel=\"canonical\" href=\"https:\/\/easyliferobo.com\/de\/product\/robot-j-programmierbarer-roboterbausatz-fuer-kinder-6-in-1-stem-lernspielzeug-mit-app-steuerung-jungen-maedchen-ab-7-jahren-480-teile\/\" \/>\n<meta property=\"og:locale\" content=\"de_DE\" \/>\n<meta property=\"og:type\" content=\"article\" \/>\n<meta property=\"og:title\" content=\"Robot J \u2013 Programmierbarer Roboterbausatz f\u00fcr Kinder, 6-in-1 STEM-Lernspielzeug mit App-Steuerung, Jungen &amp; M\u00e4dchen ab 7 Jahren (480 Teile) - EasyLifeBro\" \/>\n<meta property=\"og:description\" content=\"Entdecken Sie smarte Roboter f\u00fcr Zuhause, Garten, Bildung und Sicherheit. Vergleichen Sie Saugroboter, Rasenm\u00e4hroboter, KI-Begleitroboter und mehr bei EasyLifeRobo.\" \/>\n<meta property=\"og:url\" content=\"https:\/\/easyliferobo.com\/de\/product\/robot-j-programmierbarer-roboterbausatz-fuer-kinder-6-in-1-stem-lernspielzeug-mit-app-steuerung-jungen-maedchen-ab-7-jahren-480-teile\/\" \/>\n<meta property=\"og:site_name\" content=\"EasyLifeBro\" \/>\n<meta property=\"article:modified_time\" content=\"2026-02-22T23:35:39+00:00\" \/>\n<meta property=\"og:image\" content=\"https:\/\/easyliferobo.com\/de\/wp-content\/uploads\/2026\/02\/71QZ6rXB4LL._AC_SL1500_.jpg\" \/>\n\t<meta property=\"og:image:width\" content=\"1500\" \/>\n\t<meta property=\"og:image:height\" content=\"1500\" \/>\n\t<meta property=\"og:image:type\" content=\"image\/jpeg\" \/>\n<meta name=\"twitter:card\" content=\"summary_large_image\" \/>\n<meta name=\"twitter:label1\" content=\"Gesch\u00e4tzte Lesezeit\" \/>\n\t<meta name=\"twitter:data1\" content=\"2\u00a0Minuten\" \/>\n<script type=\"application\/ld+json\" class=\"yoast-schema-graph\">{\"@context\":\"https:\\\/\\\/schema.org\",\"@graph\":[{\"@type\":\"WebPage\",\"@id\":\"https:\\\/\\\/easyliferobo.com\\\/de\\\/product\\\/robot-j-programmierbarer-roboterbausatz-fuer-kinder-6-in-1-stem-lernspielzeug-mit-app-steuerung-jungen-maedchen-ab-7-jahren-480-teile\\\/\",\"url\":\"https:\\\/\\\/easyliferobo.com\\\/de\\\/product\\\/robot-j-programmierbarer-roboterbausatz-fuer-kinder-6-in-1-stem-lernspielzeug-mit-app-steuerung-jungen-maedchen-ab-7-jahren-480-teile\\\/\",\"name\":\"Robot J \u2013 Programmierbarer Roboterbausatz f\u00fcr Kinder, 6-in-1 STEM-Lernspielzeug mit App-Steuerung, Jungen & M\u00e4dchen ab 7 Jahren (480 Teile) - EasyLifeBro\",\"isPartOf\":{\"@id\":\"https:\\\/\\\/easyliferobo.com\\\/de\\\/#website\"},\"primaryImageOfPage\":{\"@id\":\"https:\\\/\\\/easyliferobo.com\\\/de\\\/product\\\/robot-j-programmierbarer-roboterbausatz-fuer-kinder-6-in-1-stem-lernspielzeug-mit-app-steuerung-jungen-maedchen-ab-7-jahren-480-teile\\\/#primaryimage\"},\"image\":{\"@id\":\"https:\\\/\\\/easyliferobo.com\\\/de\\\/product\\\/robot-j-programmierbarer-roboterbausatz-fuer-kinder-6-in-1-stem-lernspielzeug-mit-app-steuerung-jungen-maedchen-ab-7-jahren-480-teile\\\/#primaryimage\"},\"thumbnailUrl\":\"https:\\\/\\\/easyliferobo.com\\\/de\\\/wp-content\\\/uploads\\\/2026\\\/02\\\/71QZ6rXB4LL._AC_SL1500_.jpg\",\"datePublished\":\"2026-02-22T09:34:58+00:00\",\"dateModified\":\"2026-02-22T23:35:39+00:00\",\"description\":\"Entdecken Sie smarte Roboter f\u00fcr Zuhause, Garten, Bildung und Sicherheit. Vergleichen Sie Saugroboter, Rasenm\u00e4hroboter, KI-Begleitroboter und mehr bei EasyLifeRobo.\",\"breadcrumb\":{\"@id\":\"https:\\\/\\\/easyliferobo.com\\\/de\\\/product\\\/robot-j-programmierbarer-roboterbausatz-fuer-kinder-6-in-1-stem-lernspielzeug-mit-app-steuerung-jungen-maedchen-ab-7-jahren-480-teile\\\/#breadcrumb\"},\"inLanguage\":\"de\",\"potentialAction\":[{\"@type\":\"ReadAction\",\"target\":[\"https:\\\/\\\/easyliferobo.com\\\/de\\\/product\\\/robot-j-programmierbarer-roboterbausatz-fuer-kinder-6-in-1-stem-lernspielzeug-mit-app-steuerung-jungen-maedchen-ab-7-jahren-480-teile\\\/\"]}]},{\"@type\":\"ImageObject\",\"inLanguage\":\"de\",\"@id\":\"https:\\\/\\\/easyliferobo.com\\\/de\\\/product\\\/robot-j-programmierbarer-roboterbausatz-fuer-kinder-6-in-1-stem-lernspielzeug-mit-app-steuerung-jungen-maedchen-ab-7-jahren-480-teile\\\/#primaryimage\",\"url\":\"https:\\\/\\\/easyliferobo.com\\\/de\\\/wp-content\\\/uploads\\\/2026\\\/02\\\/71QZ6rXB4LL._AC_SL1500_.jpg\",\"contentUrl\":\"https:\\\/\\\/easyliferobo.com\\\/de\\\/wp-content\\\/uploads\\\/2026\\\/02\\\/71QZ6rXB4LL._AC_SL1500_.jpg\",\"width\":1500,\"height\":1500},{\"@type\":\"BreadcrumbList\",\"@id\":\"https:\\\/\\\/easyliferobo.com\\\/de\\\/product\\\/robot-j-programmierbarer-roboterbausatz-fuer-kinder-6-in-1-stem-lernspielzeug-mit-app-steuerung-jungen-maedchen-ab-7-jahren-480-teile\\\/#breadcrumb\",\"itemListElement\":[{\"@type\":\"ListItem\",\"position\":1,\"name\":\"Home\",\"item\":\"https:\\\/\\\/easyliferobo.com\\\/de\\\/\"},{\"@type\":\"ListItem\",\"position\":2,\"name\":\"Shop\",\"item\":\"https:\\\/\\\/easyliferobo.com\\\/de\\\/shop\\\/\"},{\"@type\":\"ListItem\",\"position\":3,\"name\":\"Robot J \u2013 Programmierbarer Robote...\"}]},{\"@type\":\"WebSite\",\"@id\":\"https:\\\/\\\/easyliferobo.com\\\/de\\\/#website\",\"url\":\"https:\\\/\\\/easyliferobo.com\\\/de\\\/\",\"name\":\"EasyLifeBro\",\"description\":\"Smarte Roboter f\u00fcr Zuhause, Garten &amp; Bildung\",\"publisher\":{\"@id\":\"https:\\\/\\\/easyliferobo.com\\\/de\\\/#organization\"},\"potentialAction\":[{\"@type\":\"SearchAction\",\"target\":{\"@type\":\"EntryPoint\",\"urlTemplate\":\"https:\\\/\\\/easyliferobo.com\\\/de\\\/?s={search_term_string}\"},\"query-input\":{\"@type\":\"PropertyValueSpecification\",\"valueRequired\":true,\"valueName\":\"search_term_string\"}}],\"inLanguage\":\"de\"},{\"@type\":\"Organization\",\"@id\":\"https:\\\/\\\/easyliferobo.com\\\/de\\\/#organization\",\"name\":\"EasyLifeBro\",\"url\":\"https:\\\/\\\/easyliferobo.com\\\/de\\\/\",\"logo\":{\"@type\":\"ImageObject\",\"inLanguage\":\"de\",\"@id\":\"https:\\\/\\\/easyliferobo.com\\\/de\\\/#\\\/schema\\\/logo\\\/image\\\/\",\"url\":\"https:\\\/\\\/easyliferobo.com\\\/de\\\/wp-content\\\/uploads\\\/2026\\\/02\\\/Screenshot-2026-02-22-at-2.25.03-PM.png\",\"contentUrl\":\"https:\\\/\\\/easyliferobo.com\\\/de\\\/wp-content\\\/uploads\\\/2026\\\/02\\\/Screenshot-2026-02-22-at-2.25.03-PM.png\",\"width\":1858,\"height\":430,\"caption\":\"EasyLifeBro\"},\"image\":{\"@id\":\"https:\\\/\\\/easyliferobo.com\\\/de\\\/#\\\/schema\\\/logo\\\/image\\\/\"}}]}<\/script>\n<!-- \/ Yoast SEO plugin. -->","yoast_head_json":{"title":"Robot J \u2013 Programmierbarer Roboterbausatz f\u00fcr Kinder, 6-in-1 STEM-Lernspielzeug mit App-Steuerung, Jungen & M\u00e4dchen ab 7 Jahren (480 Teile) - EasyLifeBro","description":"Entdecken Sie smarte Roboter f\u00fcr Zuhause, Garten, Bildung und Sicherheit. Vergleichen Sie Saugroboter, Rasenm\u00e4hroboter, KI-Begleitroboter und mehr bei EasyLifeRobo.","robots":{"index":"index","follow":"follow","max-snippet":"max-snippet:-1","max-image-preview":"max-image-preview:large","max-video-preview":"max-video-preview:-1"},"canonical":"https:\/\/easyliferobo.com\/de\/product\/robot-j-programmierbarer-roboterbausatz-fuer-kinder-6-in-1-stem-lernspielzeug-mit-app-steuerung-jungen-maedchen-ab-7-jahren-480-teile\/","og_locale":"de_DE","og_type":"article","og_title":"Robot J \u2013 Programmierbarer Roboterbausatz f\u00fcr Kinder, 6-in-1 STEM-Lernspielzeug mit App-Steuerung, Jungen & M\u00e4dchen ab 7 Jahren (480 Teile) - EasyLifeBro","og_description":"Entdecken Sie smarte Roboter f\u00fcr Zuhause, Garten, Bildung und Sicherheit. Vergleichen Sie Saugroboter, Rasenm\u00e4hroboter, KI-Begleitroboter und mehr bei EasyLifeRobo.","og_url":"https:\/\/easyliferobo.com\/de\/product\/robot-j-programmierbarer-roboterbausatz-fuer-kinder-6-in-1-stem-lernspielzeug-mit-app-steuerung-jungen-maedchen-ab-7-jahren-480-teile\/","og_site_name":"EasyLifeBro","article_modified_time":"2026-02-22T23:35:39+00:00","og_image":[{"width":1500,"height":1500,"url":"https:\/\/easyliferobo.com\/de\/wp-content\/uploads\/2026\/02\/71QZ6rXB4LL._AC_SL1500_.jpg","type":"image\/jpeg"}],"twitter_card":"summary_large_image","twitter_misc":{"Gesch\u00e4tzte Lesezeit":"2\u00a0Minuten"},"schema":{"@context":"https:\/\/schema.org","@graph":[{"@type":"WebPage","@id":"https:\/\/easyliferobo.com\/de\/product\/robot-j-programmierbarer-roboterbausatz-fuer-kinder-6-in-1-stem-lernspielzeug-mit-app-steuerung-jungen-maedchen-ab-7-jahren-480-teile\/","url":"https:\/\/easyliferobo.com\/de\/product\/robot-j-programmierbarer-roboterbausatz-fuer-kinder-6-in-1-stem-lernspielzeug-mit-app-steuerung-jungen-maedchen-ab-7-jahren-480-teile\/","name":"Robot J \u2013 Programmierbarer Roboterbausatz f\u00fcr Kinder, 6-in-1 STEM-Lernspielzeug mit App-Steuerung, Jungen & M\u00e4dchen ab 7 Jahren (480 Teile) - EasyLifeBro","isPartOf":{"@id":"https:\/\/easyliferobo.com\/de\/#website"},"primaryImageOfPage":{"@id":"https:\/\/easyliferobo.com\/de\/product\/robot-j-programmierbarer-roboterbausatz-fuer-kinder-6-in-1-stem-lernspielzeug-mit-app-steuerung-jungen-maedchen-ab-7-jahren-480-teile\/#primaryimage"},"image":{"@id":"https:\/\/easyliferobo.com\/de\/product\/robot-j-programmierbarer-roboterbausatz-fuer-kinder-6-in-1-stem-lernspielzeug-mit-app-steuerung-jungen-maedchen-ab-7-jahren-480-teile\/#primaryimage"},"thumbnailUrl":"https:\/\/easyliferobo.com\/de\/wp-content\/uploads\/2026\/02\/71QZ6rXB4LL._AC_SL1500_.jpg","datePublished":"2026-02-22T09:34:58+00:00","dateModified":"2026-02-22T23:35:39+00:00","description":"Entdecken Sie smarte Roboter f\u00fcr Zuhause, Garten, Bildung und Sicherheit. Vergleichen Sie Saugroboter, Rasenm\u00e4hroboter, KI-Begleitroboter und mehr bei EasyLifeRobo.","breadcrumb":{"@id":"https:\/\/easyliferobo.com\/de\/product\/robot-j-programmierbarer-roboterbausatz-fuer-kinder-6-in-1-stem-lernspielzeug-mit-app-steuerung-jungen-maedchen-ab-7-jahren-480-teile\/#breadcrumb"},"inLanguage":"de","potentialAction":[{"@type":"ReadAction","target":["https:\/\/easyliferobo.com\/de\/product\/robot-j-programmierbarer-roboterbausatz-fuer-kinder-6-in-1-stem-lernspielzeug-mit-app-steuerung-jungen-maedchen-ab-7-jahren-480-teile\/"]}]},{"@type":"ImageObject","inLanguage":"de","@id":"https:\/\/easyliferobo.com\/de\/product\/robot-j-programmierbarer-roboterbausatz-fuer-kinder-6-in-1-stem-lernspielzeug-mit-app-steuerung-jungen-maedchen-ab-7-jahren-480-teile\/#primaryimage","url":"https:\/\/easyliferobo.com\/de\/wp-content\/uploads\/2026\/02\/71QZ6rXB4LL._AC_SL1500_.jpg","contentUrl":"https:\/\/easyliferobo.com\/de\/wp-content\/uploads\/2026\/02\/71QZ6rXB4LL._AC_SL1500_.jpg","width":1500,"height":1500},{"@type":"BreadcrumbList","@id":"https:\/\/easyliferobo.com\/de\/product\/robot-j-programmierbarer-roboterbausatz-fuer-kinder-6-in-1-stem-lernspielzeug-mit-app-steuerung-jungen-maedchen-ab-7-jahren-480-teile\/#breadcrumb","itemListElement":[{"@type":"ListItem","position":1,"name":"Home","item":"https:\/\/easyliferobo.com\/de\/"},{"@type":"ListItem","position":2,"name":"Shop","item":"https:\/\/easyliferobo.com\/de\/shop\/"},{"@type":"ListItem","position":3,"name":"Robot J \u2013 Programmierbarer Robote..."}]},{"@type":"WebSite","@id":"https:\/\/easyliferobo.com\/de\/#website","url":"https:\/\/easyliferobo.com\/de\/","name":"EasyLifeBro","description":"Smarte Roboter f\u00fcr Zuhause, Garten &amp; Bildung","publisher":{"@id":"https:\/\/easyliferobo.com\/de\/#organization"},"potentialAction":[{"@type":"SearchAction","target":{"@type":"EntryPoint","urlTemplate":"https:\/\/easyliferobo.com\/de\/?s={search_term_string}"},"query-input":{"@type":"PropertyValueSpecification","valueRequired":true,"valueName":"search_term_string"}}],"inLanguage":"de"},{"@type":"Organization","@id":"https:\/\/easyliferobo.com\/de\/#organization","name":"EasyLifeBro","url":"https:\/\/easyliferobo.com\/de\/","logo":{"@type":"ImageObject","inLanguage":"de","@id":"https:\/\/easyliferobo.com\/de\/#\/schema\/logo\/image\/","url":"https:\/\/easyliferobo.com\/de\/wp-content\/uploads\/2026\/02\/Screenshot-2026-02-22-at-2.25.03-PM.png","contentUrl":"https:\/\/easyliferobo.com\/de\/wp-content\/uploads\/2026\/02\/Screenshot-2026-02-22-at-2.25.03-PM.png","width":1858,"height":430,"caption":"EasyLifeBro"},"image":{"@id":"https:\/\/easyliferobo.com\/de\/#\/schema\/logo\/image\/"}}]}},"_links":{"self":[{"href":"https:\/\/easyliferobo.com\/de\/wp-json\/wp\/v2\/product\/392","targetHints":{"allow":["GET"]}}],"collection":[{"href":"https:\/\/easyliferobo.com\/de\/wp-json\/wp\/v2\/product"}],"about":[{"href":"https:\/\/easyliferobo.com\/de\/wp-json\/wp\/v2\/types\/product"}],"replies":[{"embeddable":true,"href":"https:\/\/easyliferobo.com\/de\/wp-json\/wp\/v2\/comments?post=392"}],"wp:featuredmedia":[{"embeddable":true,"href":"https:\/\/easyliferobo.com\/de\/wp-json\/wp\/v2\/media\/393"}],"wp:attachment":[{"href":"https:\/\/easyliferobo.com\/de\/wp-json\/wp\/v2\/media?parent=392"}],"wp:term":[{"taxonomy":"store","embeddable":true,"href":"https:\/\/easyliferobo.com\/de\/wp-json\/wp\/v2\/store?post=392"},{"taxonomy":"product_brand","embeddable":true,"href":"https:\/\/easyliferobo.com\/de\/wp-json\/wp\/v2\/product_brand?post=392"},{"taxonomy":"product_cat","embeddable":true,"href":"https:\/\/easyliferobo.com\/de\/wp-json\/wp\/v2\/product_cat?post=392"},{"taxonomy":"product_tag","embeddable":true,"href":"https:\/\/easyliferobo.com\/de\/wp-json\/wp\/v2\/product_tag?post=392"}],"curies":[{"name":"wp","href":"https:\/\/api.w.org\/{rel}","templated":true}]}}