
{"id":3913,"date":"2026-02-27T10:27:57","date_gmt":"2026-02-27T10:27:57","guid":{"rendered":"https:\/\/easyliferobo.com\/de\/product\/makeblock-mbot-roboterauto-stem-spielzeug-programmierbares-roboterset-mit-dongle-roboter-programmierbar-mit-scratch-arduino-geschenke-fuer-kinder-programmieren-lernen-mit-app-steuerung\/"},"modified":"2026-02-27T10:28:16","modified_gmt":"2026-02-27T10:28:16","slug":"makeblock-mbot-roboterauto-stem-spielzeug-programmierbares-roboterset-mit-dongle-roboter-programmierbar-mit-scratch-arduino-geschenke-fuer-kinder-programmieren-lernen-mit-app-steuerung","status":"publish","type":"product","link":"https:\/\/easyliferobo.com\/de\/product\/makeblock-mbot-roboterauto-stem-spielzeug-programmierbares-roboterset-mit-dongle-roboter-programmierbar-mit-scratch-arduino-geschenke-fuer-kinder-programmieren-lernen-mit-app-steuerung\/","title":{"rendered":"Makeblock mBot Roboterauto, STEM-Sp..."},"content":{"rendered":"<p>\n                                             Von der Marke   <\/p>\n<p>                                              <img decoding=\"async\" alt=\"Makeblcok-Markengeschichte\" src=\"https:\/\/images-na.ssl-images-amazon.com\/images\/G\/01\/x-locale\/common\/grey-pixel.gif\" class=\"a-lazy-loaded\" data-src=\"https:\/\/m.media-amazon.com\/images\/S\/aplus-media-library-service-media\/4faf8972-7ef0-4260-bd06-acf82ed3ad23.__CR0,0,1464,625_PT0_SX1464_V1___.jpg\"><img decoding=\"async\" alt=\"Makeblcok-Markengeschichte\" src=\"https:\/\/m.media-amazon.com\/images\/S\/aplus-media-library-service-media\/4faf8972-7ef0-4260-bd06-acf82ed3ad23.__CR0,0,1464,625_PT0_SX1464_V1___.jpg\">  <\/p>\n<p>                                              <img decoding=\"async\" alt=\"Makeblock-Geschichte der Marke\" src=\"https:\/\/images-na.ssl-images-amazon.com\/images\/G\/01\/x-locale\/common\/grey-pixel.gif\" class=\"a-lazy-loaded\" data-src=\"https:\/\/m.media-amazon.com\/images\/S\/aplus-media-library-service-media\/dc1539e0-1bb6-44c4-aa81-12721abc9539.__CR0,0,362,453_PT0_SX362_V1___.jpg\"><img decoding=\"async\" alt=\"Makeblock-Geschichte der Marke\" src=\"https:\/\/m.media-amazon.com\/images\/S\/aplus-media-library-service-media\/dc1539e0-1bb6-44c4-aa81-12721abc9539.__CR0,0,362,453_PT0_SX362_V1___.jpg\">  <\/p>\n<p>                                              <img decoding=\"async\" alt=\"Makeblock-Markengeschichte\" src=\"https:\/\/images-na.ssl-images-amazon.com\/images\/G\/01\/x-locale\/common\/grey-pixel.gif\" class=\"a-lazy-loaded\" data-src=\"https:\/\/m.media-amazon.com\/images\/S\/aplus-media-library-service-media\/ec8a1e57-8b03-49ba-a190-f0d249844255.__CR0,0,362,453_PT0_SX362_V1___.jpg\"><img decoding=\"async\" alt=\"Makeblock-Markengeschichte\" src=\"https:\/\/m.media-amazon.com\/images\/S\/aplus-media-library-service-media\/ec8a1e57-8b03-49ba-a190-f0d249844255.__CR0,0,362,453_PT0_SX362_V1___.jpg\">  <\/p>\n<p>                                              <img decoding=\"async\" alt=\"Makeblock-Markengeschichte\" src=\"https:\/\/images-na.ssl-images-amazon.com\/images\/G\/01\/x-locale\/common\/grey-pixel.gif\" class=\"a-lazy-loaded\" data-src=\"https:\/\/m.media-amazon.com\/images\/S\/aplus-media-library-service-media\/9104e942-18dd-469e-9c22-27037a60bc0f.__CR0,0,362,453_PT0_SX362_V1___.jpg\"><img decoding=\"async\" alt=\"Makeblock-Markengeschichte\" src=\"https:\/\/m.media-amazon.com\/images\/S\/aplus-media-library-service-media\/9104e942-18dd-469e-9c22-27037a60bc0f.__CR0,0,362,453_PT0_SX362_V1___.jpg\">  <\/p>\n<h3>  Geeignet f\u00fcr Kinder ab 4 Jahren <\/h3>\n<p class=\"apm-brand-story-stores-link\">\n<h3>  Geeignet f\u00fcr Kinder ab 6 Jahren <\/h3>\n<p class=\"apm-brand-story-stores-link\">\n<h3>  Geeignet f\u00fcr Kinder ab 8 Jahren <\/h3>\n<p class=\"apm-brand-story-stores-link\">\n<h3>  Ab 12 Jahren <\/h3>\n<p class=\"apm-brand-story-stores-link\">\n<p>Grundlegende Programmierung: Das Makeblock-Roboterauto-Kit wurde entwickelt, um Kinder auf einfache und unterhaltsame Weise an die Roboterprogrammierung heranzuf\u00fchren. Dieser programmierbare Roboter ist ein toller Einstieg f\u00fcr Kinder, die Technik, Robotik und Programmierung erlernen m\u00f6chten. Vom Bauen bis zum Spielen mit diesem Roboter f\u00f6rdert er die Hand-Auge-Koordination, Konzentration, das logische Denken und die Kreativit\u00e4t von Kindern.<br \/>Makeblock mBot: Es ist in \u201eBl\u00f6cken\u201c f\u00fcr Anf\u00e4nger programmierbar, Robotik und Programmierung ist einfach und macht Spa\u00df. mBot ist ein tolles p\u00e4dagogisches Roboterspielzeug. Von Grund auf bis zum Arduino hilft es Kindern, das Programmieren Schritt f\u00fcr Schritt durch interaktive Software und Lernressourcen zu erlernen.<br \/>Multifunktional: Hindernisse erkennen, einer Linie folgen, T\u00f6ne und Lichtsignale ausgeben, Befehle von einer Fernbedienung empfangen, \u00fcber Infrarot mit einem anderen Roboter kommunizieren. Mit diesen grundlegenden mBot-Funktionen zum Lernen von Robotern k\u00f6nnen Sie mit Ihrer Fantasie verschiedene Arten unterhaltsamer Apps erstellen. Dank des Bluetooth-Moduls k\u00f6nnen Sie es per Fernbedienung oder \u00fcber Smartphones und Tablets mit Android- und iOS-System usw. steuern.<br \/>Einfach zu bauen: Der mBot-Roboterauto-Bausatz kann mit nur einer Schraube in 15 Minuten einfach aufgebaut werden. Durch das Bauen lernen Kinder etwas \u00fcber Elektronik, Maschinen und Roboterkomponenten. Alle Komponenten bestehen aus Aluminiummetall, das sehr stabil und sturzfest ist und eine lange Lebensdauer hat.<br \/>\u3010Stabileres Signal\u3011USB-Schnittstelle, direkt einstecken, um eine Verbindung zu Bluetooth herzustellen. Dieser Dongle bietet Ihnen mehr Komfort aufgrund der hohen Effizienz der Daten\u00fcbertragung mit geringer Latenz, kein Kabel erforderlich, einfach zu transportieren und zu verwenden. Bitte beachten Sie, dass der programmierbare Roboter mit anderen Farben identisch ist.<\/p>\n<p>[ad_2]<\/p>\n","protected":false},"excerpt":{"rendered":"<p>Von der Marke Geeignet f\u00fcr Kinder ab 4 Jahren Geeignet f\u00fcr Kinder ab 6 Jahren Geeignet f\u00fcr Kinder ab 8 Jahren Ab 12 Jahren Grundlegende Programmierung: Das Makeblock-Roboterauto-Kit wurde entwickelt, um Kinder auf einfache und unterhaltsame Weise an die Roboterprogrammierung heranzuf\u00fchren. Dieser programmierbare Roboter ist ein toller Einstieg f\u00fcr Kinder, die Technik, Robotik und Programmierung [&hellip;]<\/p>\n","protected":false},"featured_media":3914,"comment_status":"open","ping_status":"closed","template":"","meta":{"_aipt_faq_data":""},"store":[],"product_brand":[126],"product_cat":[91],"product_tag":[372],"class_list":{"0":"post-3913","1":"product","2":"type-product","3":"status-publish","4":"has-post-thumbnail","6":"product_brand-makeblock","7":"product_cat-programmierbares-spielzeug","8":"product_tag-programmierbares-spielzeug-programmieren-lernen","10":"first","11":"instock","12":"shipping-taxable","13":"product-type-external"},"yoast_head":"<!-- This site is optimized with the Yoast SEO plugin v27.0 - https:\/\/yoast.com\/product\/yoast-seo-wordpress\/ -->\n<title>Makeblock mBot Roboterauto, STEM-Spielzeug, programmierbares Roboterset mit Dongle, Roboter programmierbar mit Scratch\/Arduino, Geschenke f\u00fcr Kinder, Programmieren lernen mit App-Steuerung - EasyLifeBro<\/title>\n<meta name=\"description\" content=\"Entdecken Sie smarte Roboter f\u00fcr Zuhause, Garten, Bildung und Sicherheit. Vergleichen Sie Saugroboter, Rasenm\u00e4hroboter, KI-Begleitroboter und mehr bei EasyLifeRobo.\" \/>\n<meta name=\"robots\" content=\"index, follow, max-snippet:-1, max-image-preview:large, max-video-preview:-1\" \/>\n<link rel=\"canonical\" href=\"https:\/\/easyliferobo.com\/de\/product\/makeblock-mbot-roboterauto-stem-spielzeug-programmierbares-roboterset-mit-dongle-roboter-programmierbar-mit-scratch-arduino-geschenke-fuer-kinder-programmieren-lernen-mit-app-steuerung\/\" \/>\n<meta property=\"og:locale\" content=\"de_DE\" \/>\n<meta property=\"og:type\" content=\"article\" \/>\n<meta property=\"og:title\" content=\"Makeblock mBot Roboterauto, STEM-Spielzeug, programmierbares Roboterset mit Dongle, Roboter programmierbar mit Scratch\/Arduino, Geschenke f\u00fcr Kinder, Programmieren lernen mit App-Steuerung - EasyLifeBro\" \/>\n<meta property=\"og:description\" content=\"Entdecken Sie smarte Roboter f\u00fcr Zuhause, Garten, Bildung und Sicherheit. Vergleichen Sie Saugroboter, Rasenm\u00e4hroboter, KI-Begleitroboter und mehr bei EasyLifeRobo.\" \/>\n<meta property=\"og:url\" content=\"https:\/\/easyliferobo.com\/de\/product\/makeblock-mbot-roboterauto-stem-spielzeug-programmierbares-roboterset-mit-dongle-roboter-programmierbar-mit-scratch-arduino-geschenke-fuer-kinder-programmieren-lernen-mit-app-steuerung\/\" \/>\n<meta property=\"og:site_name\" content=\"EasyLifeBro\" \/>\n<meta property=\"article:modified_time\" content=\"2026-02-27T10:28:16+00:00\" \/>\n<meta property=\"og:image\" content=\"https:\/\/images-na.ssl-images-amazon.com\/images\/G\/01\/x-locale\/common\/grey-pixel.gif\" \/>\n<meta name=\"twitter:card\" content=\"summary_large_image\" \/>\n<meta name=\"twitter:label1\" content=\"Gesch\u00e4tzte Lesezeit\" \/>\n\t<meta name=\"twitter:data1\" content=\"1\u00a0Minute\" \/>\n<script type=\"application\/ld+json\" class=\"yoast-schema-graph\">{\"@context\":\"https:\/\/schema.org\",\"@graph\":[{\"@type\":\"WebPage\",\"@id\":\"https:\/\/easyliferobo.com\/de\/product\/makeblock-mbot-roboterauto-stem-spielzeug-programmierbares-roboterset-mit-dongle-roboter-programmierbar-mit-scratch-arduino-geschenke-fuer-kinder-programmieren-lernen-mit-app-steuerung\/\",\"url\":\"https:\/\/easyliferobo.com\/de\/product\/makeblock-mbot-roboterauto-stem-spielzeug-programmierbares-roboterset-mit-dongle-roboter-programmierbar-mit-scratch-arduino-geschenke-fuer-kinder-programmieren-lernen-mit-app-steuerung\/\",\"name\":\"Makeblock mBot Roboterauto, STEM-Spielzeug, programmierbares Roboterset mit Dongle, Roboter programmierbar mit Scratch\/Arduino, Geschenke f\u00fcr Kinder, Programmieren lernen mit App-Steuerung - EasyLifeBro\",\"isPartOf\":{\"@id\":\"https:\/\/easyliferobo.com\/de\/#website\"},\"primaryImageOfPage\":{\"@id\":\"https:\/\/easyliferobo.com\/de\/product\/makeblock-mbot-roboterauto-stem-spielzeug-programmierbares-roboterset-mit-dongle-roboter-programmierbar-mit-scratch-arduino-geschenke-fuer-kinder-programmieren-lernen-mit-app-steuerung\/#primaryimage\"},\"image\":{\"@id\":\"https:\/\/easyliferobo.com\/de\/product\/makeblock-mbot-roboterauto-stem-spielzeug-programmierbares-roboterset-mit-dongle-roboter-programmierbar-mit-scratch-arduino-geschenke-fuer-kinder-programmieren-lernen-mit-app-steuerung\/#primaryimage\"},\"thumbnailUrl\":\"https:\/\/easyliferobo.com\/de\/wp-content\/uploads\/2026\/02\/71fCEjXLdL._AC_SL1500_.jpg\",\"datePublished\":\"2026-02-27T10:27:57+00:00\",\"dateModified\":\"2026-02-27T10:28:16+00:00\",\"description\":\"Entdecken Sie smarte Roboter f\u00fcr Zuhause, Garten, Bildung und Sicherheit. Vergleichen Sie Saugroboter, Rasenm\u00e4hroboter, KI-Begleitroboter und mehr bei EasyLifeRobo.\",\"breadcrumb\":{\"@id\":\"https:\/\/easyliferobo.com\/de\/product\/makeblock-mbot-roboterauto-stem-spielzeug-programmierbares-roboterset-mit-dongle-roboter-programmierbar-mit-scratch-arduino-geschenke-fuer-kinder-programmieren-lernen-mit-app-steuerung\/#breadcrumb\"},\"inLanguage\":\"de\",\"potentialAction\":[{\"@type\":\"ReadAction\",\"target\":[\"https:\/\/easyliferobo.com\/de\/product\/makeblock-mbot-roboterauto-stem-spielzeug-programmierbares-roboterset-mit-dongle-roboter-programmierbar-mit-scratch-arduino-geschenke-fuer-kinder-programmieren-lernen-mit-app-steuerung\/\"]}]},{\"@type\":\"ImageObject\",\"inLanguage\":\"de\",\"@id\":\"https:\/\/easyliferobo.com\/de\/product\/makeblock-mbot-roboterauto-stem-spielzeug-programmierbares-roboterset-mit-dongle-roboter-programmierbar-mit-scratch-arduino-geschenke-fuer-kinder-programmieren-lernen-mit-app-steuerung\/#primaryimage\",\"url\":\"https:\/\/easyliferobo.com\/de\/wp-content\/uploads\/2026\/02\/71fCEjXLdL._AC_SL1500_.jpg\",\"contentUrl\":\"https:\/\/easyliferobo.com\/de\/wp-content\/uploads\/2026\/02\/71fCEjXLdL._AC_SL1500_.jpg\",\"width\":1500,\"height\":1423},{\"@type\":\"BreadcrumbList\",\"@id\":\"https:\/\/easyliferobo.com\/de\/product\/makeblock-mbot-roboterauto-stem-spielzeug-programmierbares-roboterset-mit-dongle-roboter-programmierbar-mit-scratch-arduino-geschenke-fuer-kinder-programmieren-lernen-mit-app-steuerung\/#breadcrumb\",\"itemListElement\":[{\"@type\":\"ListItem\",\"position\":1,\"name\":\"Home\",\"item\":\"https:\/\/easyliferobo.com\/de\/\"},{\"@type\":\"ListItem\",\"position\":2,\"name\":\"Shop\",\"item\":\"https:\/\/easyliferobo.com\/de\/shop\/\"},{\"@type\":\"ListItem\",\"position\":3,\"name\":\"Makeblock mBot Roboterauto, STEM-Sp...\"}]},{\"@type\":\"WebSite\",\"@id\":\"https:\/\/easyliferobo.com\/de\/#website\",\"url\":\"https:\/\/easyliferobo.com\/de\/\",\"name\":\"EasyLifeBro\",\"description\":\"Smarte Roboter f\u00fcr Zuhause, Garten &amp; Bildung\",\"publisher\":{\"@id\":\"https:\/\/easyliferobo.com\/de\/#organization\"},\"potentialAction\":[{\"@type\":\"SearchAction\",\"target\":{\"@type\":\"EntryPoint\",\"urlTemplate\":\"https:\/\/easyliferobo.com\/de\/?s={search_term_string}\"},\"query-input\":{\"@type\":\"PropertyValueSpecification\",\"valueRequired\":true,\"valueName\":\"search_term_string\"}}],\"inLanguage\":\"de\"},{\"@type\":\"Organization\",\"@id\":\"https:\/\/easyliferobo.com\/de\/#organization\",\"name\":\"EasyLifeBro\",\"url\":\"https:\/\/easyliferobo.com\/de\/\",\"logo\":{\"@type\":\"ImageObject\",\"inLanguage\":\"de\",\"@id\":\"https:\/\/easyliferobo.com\/de\/#\/schema\/logo\/image\/\",\"url\":\"https:\/\/easyliferobo.com\/de\/wp-content\/uploads\/2026\/02\/Screenshot-2026-02-22-at-2.25.03-PM.png\",\"contentUrl\":\"https:\/\/easyliferobo.com\/de\/wp-content\/uploads\/2026\/02\/Screenshot-2026-02-22-at-2.25.03-PM.png\",\"width\":1858,\"height\":430,\"caption\":\"EasyLifeBro\"},\"image\":{\"@id\":\"https:\/\/easyliferobo.com\/de\/#\/schema\/logo\/image\/\"}}]}<\/script>\n<!-- \/ Yoast SEO plugin. -->","yoast_head_json":{"title":"Makeblock mBot Roboterauto, STEM-Spielzeug, programmierbares Roboterset mit Dongle, Roboter programmierbar mit Scratch\/Arduino, Geschenke f\u00fcr Kinder, Programmieren lernen mit App-Steuerung - EasyLifeBro","description":"Entdecken Sie smarte Roboter f\u00fcr Zuhause, Garten, Bildung und Sicherheit. Vergleichen Sie Saugroboter, Rasenm\u00e4hroboter, KI-Begleitroboter und mehr bei EasyLifeRobo.","robots":{"index":"index","follow":"follow","max-snippet":"max-snippet:-1","max-image-preview":"max-image-preview:large","max-video-preview":"max-video-preview:-1"},"canonical":"https:\/\/easyliferobo.com\/de\/product\/makeblock-mbot-roboterauto-stem-spielzeug-programmierbares-roboterset-mit-dongle-roboter-programmierbar-mit-scratch-arduino-geschenke-fuer-kinder-programmieren-lernen-mit-app-steuerung\/","og_locale":"de_DE","og_type":"article","og_title":"Makeblock mBot Roboterauto, STEM-Spielzeug, programmierbares Roboterset mit Dongle, Roboter programmierbar mit Scratch\/Arduino, Geschenke f\u00fcr Kinder, Programmieren lernen mit App-Steuerung - EasyLifeBro","og_description":"Entdecken Sie smarte Roboter f\u00fcr Zuhause, Garten, Bildung und Sicherheit. Vergleichen Sie Saugroboter, Rasenm\u00e4hroboter, KI-Begleitroboter und mehr bei EasyLifeRobo.","og_url":"https:\/\/easyliferobo.com\/de\/product\/makeblock-mbot-roboterauto-stem-spielzeug-programmierbares-roboterset-mit-dongle-roboter-programmierbar-mit-scratch-arduino-geschenke-fuer-kinder-programmieren-lernen-mit-app-steuerung\/","og_site_name":"EasyLifeBro","article_modified_time":"2026-02-27T10:28:16+00:00","og_image":[{"url":"https:\/\/images-na.ssl-images-amazon.com\/images\/G\/01\/x-locale\/common\/grey-pixel.gif","type":"","width":"","height":""}],"twitter_card":"summary_large_image","twitter_misc":{"Gesch\u00e4tzte Lesezeit":"1\u00a0Minute"},"schema":{"@context":"https:\/\/schema.org","@graph":[{"@type":"WebPage","@id":"https:\/\/easyliferobo.com\/de\/product\/makeblock-mbot-roboterauto-stem-spielzeug-programmierbares-roboterset-mit-dongle-roboter-programmierbar-mit-scratch-arduino-geschenke-fuer-kinder-programmieren-lernen-mit-app-steuerung\/","url":"https:\/\/easyliferobo.com\/de\/product\/makeblock-mbot-roboterauto-stem-spielzeug-programmierbares-roboterset-mit-dongle-roboter-programmierbar-mit-scratch-arduino-geschenke-fuer-kinder-programmieren-lernen-mit-app-steuerung\/","name":"Makeblock mBot Roboterauto, STEM-Spielzeug, programmierbares Roboterset mit Dongle, Roboter programmierbar mit Scratch\/Arduino, Geschenke f\u00fcr Kinder, Programmieren lernen mit App-Steuerung - EasyLifeBro","isPartOf":{"@id":"https:\/\/easyliferobo.com\/de\/#website"},"primaryImageOfPage":{"@id":"https:\/\/easyliferobo.com\/de\/product\/makeblock-mbot-roboterauto-stem-spielzeug-programmierbares-roboterset-mit-dongle-roboter-programmierbar-mit-scratch-arduino-geschenke-fuer-kinder-programmieren-lernen-mit-app-steuerung\/#primaryimage"},"image":{"@id":"https:\/\/easyliferobo.com\/de\/product\/makeblock-mbot-roboterauto-stem-spielzeug-programmierbares-roboterset-mit-dongle-roboter-programmierbar-mit-scratch-arduino-geschenke-fuer-kinder-programmieren-lernen-mit-app-steuerung\/#primaryimage"},"thumbnailUrl":"https:\/\/easyliferobo.com\/de\/wp-content\/uploads\/2026\/02\/71fCEjXLdL._AC_SL1500_.jpg","datePublished":"2026-02-27T10:27:57+00:00","dateModified":"2026-02-27T10:28:16+00:00","description":"Entdecken Sie smarte Roboter f\u00fcr Zuhause, Garten, Bildung und Sicherheit. Vergleichen Sie Saugroboter, Rasenm\u00e4hroboter, KI-Begleitroboter und mehr bei EasyLifeRobo.","breadcrumb":{"@id":"https:\/\/easyliferobo.com\/de\/product\/makeblock-mbot-roboterauto-stem-spielzeug-programmierbares-roboterset-mit-dongle-roboter-programmierbar-mit-scratch-arduino-geschenke-fuer-kinder-programmieren-lernen-mit-app-steuerung\/#breadcrumb"},"inLanguage":"de","potentialAction":[{"@type":"ReadAction","target":["https:\/\/easyliferobo.com\/de\/product\/makeblock-mbot-roboterauto-stem-spielzeug-programmierbares-roboterset-mit-dongle-roboter-programmierbar-mit-scratch-arduino-geschenke-fuer-kinder-programmieren-lernen-mit-app-steuerung\/"]}]},{"@type":"ImageObject","inLanguage":"de","@id":"https:\/\/easyliferobo.com\/de\/product\/makeblock-mbot-roboterauto-stem-spielzeug-programmierbares-roboterset-mit-dongle-roboter-programmierbar-mit-scratch-arduino-geschenke-fuer-kinder-programmieren-lernen-mit-app-steuerung\/#primaryimage","url":"https:\/\/easyliferobo.com\/de\/wp-content\/uploads\/2026\/02\/71fCEjXLdL._AC_SL1500_.jpg","contentUrl":"https:\/\/easyliferobo.com\/de\/wp-content\/uploads\/2026\/02\/71fCEjXLdL._AC_SL1500_.jpg","width":1500,"height":1423},{"@type":"BreadcrumbList","@id":"https:\/\/easyliferobo.com\/de\/product\/makeblock-mbot-roboterauto-stem-spielzeug-programmierbares-roboterset-mit-dongle-roboter-programmierbar-mit-scratch-arduino-geschenke-fuer-kinder-programmieren-lernen-mit-app-steuerung\/#breadcrumb","itemListElement":[{"@type":"ListItem","position":1,"name":"Home","item":"https:\/\/easyliferobo.com\/de\/"},{"@type":"ListItem","position":2,"name":"Shop","item":"https:\/\/easyliferobo.com\/de\/shop\/"},{"@type":"ListItem","position":3,"name":"Makeblock mBot Roboterauto, STEM-Sp..."}]},{"@type":"WebSite","@id":"https:\/\/easyliferobo.com\/de\/#website","url":"https:\/\/easyliferobo.com\/de\/","name":"EasyLifeBro","description":"Smarte Roboter f\u00fcr Zuhause, Garten &amp; Bildung","publisher":{"@id":"https:\/\/easyliferobo.com\/de\/#organization"},"potentialAction":[{"@type":"SearchAction","target":{"@type":"EntryPoint","urlTemplate":"https:\/\/easyliferobo.com\/de\/?s={search_term_string}"},"query-input":{"@type":"PropertyValueSpecification","valueRequired":true,"valueName":"search_term_string"}}],"inLanguage":"de"},{"@type":"Organization","@id":"https:\/\/easyliferobo.com\/de\/#organization","name":"EasyLifeBro","url":"https:\/\/easyliferobo.com\/de\/","logo":{"@type":"ImageObject","inLanguage":"de","@id":"https:\/\/easyliferobo.com\/de\/#\/schema\/logo\/image\/","url":"https:\/\/easyliferobo.com\/de\/wp-content\/uploads\/2026\/02\/Screenshot-2026-02-22-at-2.25.03-PM.png","contentUrl":"https:\/\/easyliferobo.com\/de\/wp-content\/uploads\/2026\/02\/Screenshot-2026-02-22-at-2.25.03-PM.png","width":1858,"height":430,"caption":"EasyLifeBro"},"image":{"@id":"https:\/\/easyliferobo.com\/de\/#\/schema\/logo\/image\/"}}]}},"_links":{"self":[{"href":"https:\/\/easyliferobo.com\/de\/wp-json\/wp\/v2\/product\/3913","targetHints":{"allow":["GET"]}}],"collection":[{"href":"https:\/\/easyliferobo.com\/de\/wp-json\/wp\/v2\/product"}],"about":[{"href":"https:\/\/easyliferobo.com\/de\/wp-json\/wp\/v2\/types\/product"}],"replies":[{"embeddable":true,"href":"https:\/\/easyliferobo.com\/de\/wp-json\/wp\/v2\/comments?post=3913"}],"wp:featuredmedia":[{"embeddable":true,"href":"https:\/\/easyliferobo.com\/de\/wp-json\/wp\/v2\/media\/3914"}],"wp:attachment":[{"href":"https:\/\/easyliferobo.com\/de\/wp-json\/wp\/v2\/media?parent=3913"}],"wp:term":[{"taxonomy":"store","embeddable":true,"href":"https:\/\/easyliferobo.com\/de\/wp-json\/wp\/v2\/store?post=3913"},{"taxonomy":"product_brand","embeddable":true,"href":"https:\/\/easyliferobo.com\/de\/wp-json\/wp\/v2\/product_brand?post=3913"},{"taxonomy":"product_cat","embeddable":true,"href":"https:\/\/easyliferobo.com\/de\/wp-json\/wp\/v2\/product_cat?post=3913"},{"taxonomy":"product_tag","embeddable":true,"href":"https:\/\/easyliferobo.com\/de\/wp-json\/wp\/v2\/product_tag?post=3913"}],"curies":[{"name":"wp","href":"https:\/\/api.w.org\/{rel}","templated":true}]}}