
{"id":3894,"date":"2026-02-27T10:25:06","date_gmt":"2026-02-27T10:25:06","guid":{"rendered":"https:\/\/easyliferobo.com\/de\/product\/simulierter-roboter-haustier-realistischer-welpen-roboter-mein-realistischer-roboter-welpe-niedlich-bequem-beruehrungsempfindlich-kreatives-tier-plueschspielzeug-zum-gehen-und-bellen-k\/"},"modified":"2026-02-27T10:25:27","modified_gmt":"2026-02-27T10:25:27","slug":"simulierter-roboter-haustier-realistischer-welpen-roboter-mein-realistischer-roboter-welpe-niedlich-bequem-beruehrungsempfindlich-kreatives-tier-plueschspielzeug-zum-gehen-und-bellen-k","status":"publish","type":"product","link":"https:\/\/easyliferobo.com\/de\/product\/simulierter-roboter-haustier-realistischer-welpen-roboter-mein-realistischer-roboter-welpe-niedlich-bequem-beruehrungsempfindlich-kreatives-tier-plueschspielzeug-zum-gehen-und-bellen-k\/","title":{"rendered":"Simulierter Roboter \u2013 Haustier-re..."},"content":{"rendered":"<p>\n                                             Produktbeschreibung   <\/p>\n<p>                                                  <img decoding=\"async\" alt=\"Intuitiv reaktionsschneller Roboter\" src=\"https:\/\/images-na.ssl-images-amazon.com\/images\/G\/01\/x-locale\/common\/grey-pixel.gif\" class=\"a-lazy-loaded\" data-src=\"https:\/\/m.media-amazon.com\/images\/S\/aplus-media-library-service-media\/e370fec0-38fd-42f7-81f3-b352215f6013.__CR0,0,1600,1600_PT0_SX300_V1___.jpg\"><img decoding=\"async\" alt=\"Intuitiv reaktionsschneller Roboter\" src=\"https:\/\/m.media-amazon.com\/images\/S\/aplus-media-library-service-media\/e370fec0-38fd-42f7-81f3-b352215f6013.__CR0,0,1600,1600_PT0_SX300_V1___.jpg\">  <\/p>\n<h3 class=\"a-spacing-mini\">  Intuitiv reaktionsschneller Roboter <\/h3>\n<p>  Roboterhunde f\u00fcr Erwachsene realistische mimische authentische Welpengesten mit lebendigem Gehen und Bellen f\u00fcr ein interaktives und entz\u00fcckendes Haustiererlebnis <\/p>\n<p>                                                  <img decoding=\"async\" alt=\"Intuitiv reaktionsschneller Roboter\" src=\"https:\/\/images-na.ssl-images-amazon.com\/images\/G\/01\/x-locale\/common\/grey-pixel.gif\" class=\"a-spacing-mini a-lazy-loaded\" data-src=\"https:\/\/m.media-amazon.com\/images\/S\/aplus-media-library-service-media\/e370fec0-38fd-42f7-81f3-b352215f6013.__CR0,0,1600,1600_PT0_SX300_V1___.jpg\"><img decoding=\"async\" alt=\"Intuitiv reaktionsschneller Roboter\" src=\"https:\/\/m.media-amazon.com\/images\/S\/aplus-media-library-service-media\/e370fec0-38fd-42f7-81f3-b352215f6013.__CR0,0,1600,1600_PT0_SX300_V1___.jpg\">  <\/p>\n<p>  Es ist aus weichem Pl\u00fcschmaterial hergestellt und ist leicht zu reinigen und \u00fcberall zum Spielen zu spielen. <\/p>\n<p>  Produktname: Realistischer Welpenroboter <\/p>\n<p>  Produktmaterial: Pl\u00fcsch <\/p>\n<p>  Hinweis: <\/p>\n<p>  Aufgrund unterschiedlicher Beleuchtungs- und Bildschirmeinstellungen kann sich die Elementfarbe leicht vom Bild unterscheiden. <\/p>\n<p>  Aufgrund unterschiedlicher manueller Messungen kann es zu Abweichungen von 1-2 cm kommen. <\/p>\n<p>  Produktliste: <\/p>\n<p>  realistischer Welpenroboter*1 St\u00fcck <\/p>\n<p class=\"apm-text-center\">\n                                                      <img decoding=\"async\" alt=\"Interaktiver Hundefreund\" src=\"https:\/\/images-na.ssl-images-amazon.com\/images\/G\/01\/x-locale\/common\/grey-pixel.gif\" class=\"a-spacing-mini a-lazy-loaded\" data-src=\"https:\/\/m.media-amazon.com\/images\/S\/aplus-media-library-service-media\/e370fec0-38fd-42f7-81f3-b352215f6013.__CR0,0,1600,1600_PT0_SX300_V1___.jpg\"><img decoding=\"async\" alt=\"Interaktiver Hundefreund\" src=\"https:\/\/m.media-amazon.com\/images\/S\/aplus-media-library-service-media\/e370fec0-38fd-42f7-81f3-b352215f6013.__CR0,0,1600,1600_PT0_SX300_V1___.jpg\">  <\/p>\n<p class=\"apm-text-center\">\n                                                      <img decoding=\"async\" alt=\"Nonstop Entertainment versichert\" src=\"https:\/\/images-na.ssl-images-amazon.com\/images\/G\/01\/x-locale\/common\/grey-pixel.gif\" class=\"a-spacing-mini a-lazy-loaded\" data-src=\"https:\/\/m.media-amazon.com\/images\/S\/aplus-media-library-service-media\/6b8021e4-0c05-49d6-b575-6e08e27b2b3b.__CR0,0,1600,1600_PT0_SX300_V1___.jpg\"><img decoding=\"async\" alt=\"Nonstop Entertainment versichert\" src=\"https:\/\/m.media-amazon.com\/images\/S\/aplus-media-library-service-media\/6b8021e4-0c05-49d6-b575-6e08e27b2b3b.__CR0,0,1600,1600_PT0_SX300_V1___.jpg\">  <\/p>\n<p class=\"apm-text-center\">\n                                                      <img decoding=\"async\" alt=\"Einladungsweichheit\" src=\"https:\/\/images-na.ssl-images-amazon.com\/images\/G\/01\/x-locale\/common\/grey-pixel.gif\" class=\"a-spacing-mini a-lazy-loaded\" data-src=\"https:\/\/m.media-amazon.com\/images\/S\/aplus-media-library-service-media\/1e7b5f4d-fe11-4211-b9a2-6df7f7e1e737.__CR0,0,1600,1600_PT0_SX300_V1___.jpg\"><img decoding=\"async\" alt=\"Einladungsweichheit\" src=\"https:\/\/m.media-amazon.com\/images\/S\/aplus-media-library-service-media\/1e7b5f4d-fe11-4211-b9a2-6df7f7e1e737.__CR0,0,1600,1600_PT0_SX300_V1___.jpg\">  <\/p>\n<p>INTERAKTIVER HUNDEFREUND Reagiert wie ein echter Welpe mit bezaubernden, lebensechten Bewegungen. Roboterhunde f\u00fcr Erwachsene machen jede Interaktion authentisch und engagiert<br \/>INTERAKTIVE SPIELZEIT Verbessern Sie die interaktive Spielzeit durch die nahtlose Interaktion dieser Roboterpuppe<br \/>Unwiderstehliche Niedlichkeit: Dieser lebendige Welpenroboter ist in weiches, pl\u00fcschiges und hochdichtes Material geh\u00fcllt und sorgt f\u00fcr eine gem\u00fctliche und komfortable Haptik, die Ihr Spielerlebnis steigert<br \/>Undosfeste Hygienesicherung: Halten Sie Ihre Roboter Puppen m\u00fchelos sauber und keimsicher, Roboter Hunde f\u00fcr Erwachsene realistisch versicheren, eine hygienische und problemr\u00e4gersichere Interaktion<br \/>IDEALER REISEBEGLEITER Dieser realistische Welpenroboter ist leicht und kompakt und bietet viel Spa\u00df. Angenehm zu tragen und sorgt f\u00fcr ununterbrochenes Spielen, egal wohin Sie gehen<\/p>\n<p>[ad_2]<\/p>\n","protected":false},"excerpt":{"rendered":"<p>Produktbeschreibung Intuitiv reaktionsschneller Roboter Roboterhunde f\u00fcr Erwachsene realistische mimische authentische Welpengesten mit lebendigem Gehen und Bellen f\u00fcr ein interaktives und entz\u00fcckendes Haustiererlebnis Es ist aus weichem Pl\u00fcschmaterial hergestellt und ist leicht zu reinigen und \u00fcberall zum Spielen zu spielen. Produktname: Realistischer Welpenroboter Produktmaterial: Pl\u00fcsch Hinweis: Aufgrund unterschiedlicher Beleuchtungs- und Bildschirmeinstellungen kann sich die Elementfarbe leicht [&hellip;]<\/p>\n","protected":false},"featured_media":3895,"comment_status":"open","ping_status":"closed","template":"","meta":{"_aipt_faq_data":""},"store":[],"product_brand":[],"product_cat":[94],"product_tag":[370],"class_list":{"0":"post-3894","1":"product","2":"type-product","3":"status-publish","4":"has-post-thumbnail","6":"product_cat-roboter-haustiere","7":"product_tag-lernfaehige-roboter-haustiere-kaufen","9":"first","10":"instock","11":"sale","12":"shipping-taxable","13":"product-type-external"},"yoast_head":"<!-- This site is optimized with the Yoast SEO plugin v27.4 - https:\/\/yoast.com\/product\/yoast-seo-wordpress\/ -->\n<title>Simulierter Roboter \u2013 Haustier-realistischer Welpen-Roboter. Mein realistischer Roboter-Welpe, niedlich, bequem, ber\u00fchrungsempfindlich, kreatives Tier-Pl\u00fcschspielzeug zum Gehen und Bellen, kann f\u00fcr Erwachsene und Kinder verwendet werden - EasyLifeBro<\/title>\n<meta name=\"description\" content=\"Entdecken Sie smarte Roboter f\u00fcr Zuhause, Garten, Bildung und Sicherheit. Vergleichen Sie Saugroboter, Rasenm\u00e4hroboter, KI-Begleitroboter und mehr bei EasyLifeRobo.\" \/>\n<meta name=\"robots\" content=\"index, follow, max-snippet:-1, max-image-preview:large, max-video-preview:-1\" \/>\n<link rel=\"canonical\" href=\"https:\/\/easyliferobo.com\/de\/product\/simulierter-roboter-haustier-realistischer-welpen-roboter-mein-realistischer-roboter-welpe-niedlich-bequem-beruehrungsempfindlich-kreatives-tier-plueschspielzeug-zum-gehen-und-bellen-k\/\" \/>\n<meta property=\"og:locale\" content=\"de_DE\" \/>\n<meta property=\"og:type\" content=\"article\" \/>\n<meta property=\"og:title\" content=\"Simulierter Roboter \u2013 Haustier-realistischer Welpen-Roboter. Mein realistischer Roboter-Welpe, niedlich, bequem, ber\u00fchrungsempfindlich, kreatives Tier-Pl\u00fcschspielzeug zum Gehen und Bellen, kann f\u00fcr Erwachsene und Kinder verwendet werden - EasyLifeBro\" \/>\n<meta property=\"og:description\" content=\"Entdecken Sie smarte Roboter f\u00fcr Zuhause, Garten, Bildung und Sicherheit. Vergleichen Sie Saugroboter, Rasenm\u00e4hroboter, KI-Begleitroboter und mehr bei EasyLifeRobo.\" \/>\n<meta property=\"og:url\" content=\"https:\/\/easyliferobo.com\/de\/product\/simulierter-roboter-haustier-realistischer-welpen-roboter-mein-realistischer-roboter-welpe-niedlich-bequem-beruehrungsempfindlich-kreatives-tier-plueschspielzeug-zum-gehen-und-bellen-k\/\" \/>\n<meta property=\"og:site_name\" content=\"EasyLifeBro\" \/>\n<meta property=\"article:modified_time\" content=\"2026-02-27T10:25:27+00:00\" \/>\n<meta property=\"og:image\" content=\"https:\/\/images-na.ssl-images-amazon.com\/images\/G\/01\/x-locale\/common\/grey-pixel.gif\" \/>\n<meta name=\"twitter:card\" content=\"summary_large_image\" \/>\n<meta name=\"twitter:label1\" content=\"Gesch\u00e4tzte Lesezeit\" \/>\n\t<meta name=\"twitter:data1\" content=\"1\u00a0Minute\" \/>\n<script type=\"application\/ld+json\" class=\"yoast-schema-graph\">{\"@context\":\"https:\\\/\\\/schema.org\",\"@graph\":[{\"@type\":\"WebPage\",\"@id\":\"https:\\\/\\\/easyliferobo.com\\\/de\\\/product\\\/simulierter-roboter-haustier-realistischer-welpen-roboter-mein-realistischer-roboter-welpe-niedlich-bequem-beruehrungsempfindlich-kreatives-tier-plueschspielzeug-zum-gehen-und-bellen-k\\\/\",\"url\":\"https:\\\/\\\/easyliferobo.com\\\/de\\\/product\\\/simulierter-roboter-haustier-realistischer-welpen-roboter-mein-realistischer-roboter-welpe-niedlich-bequem-beruehrungsempfindlich-kreatives-tier-plueschspielzeug-zum-gehen-und-bellen-k\\\/\",\"name\":\"Simulierter Roboter \u2013 Haustier-realistischer Welpen-Roboter. Mein realistischer Roboter-Welpe, niedlich, bequem, ber\u00fchrungsempfindlich, kreatives Tier-Pl\u00fcschspielzeug zum Gehen und Bellen, kann f\u00fcr Erwachsene und Kinder verwendet werden - EasyLifeBro\",\"isPartOf\":{\"@id\":\"https:\\\/\\\/easyliferobo.com\\\/de\\\/#website\"},\"primaryImageOfPage\":{\"@id\":\"https:\\\/\\\/easyliferobo.com\\\/de\\\/product\\\/simulierter-roboter-haustier-realistischer-welpen-roboter-mein-realistischer-roboter-welpe-niedlich-bequem-beruehrungsempfindlich-kreatives-tier-plueschspielzeug-zum-gehen-und-bellen-k\\\/#primaryimage\"},\"image\":{\"@id\":\"https:\\\/\\\/easyliferobo.com\\\/de\\\/product\\\/simulierter-roboter-haustier-realistischer-welpen-roboter-mein-realistischer-roboter-welpe-niedlich-bequem-beruehrungsempfindlich-kreatives-tier-plueschspielzeug-zum-gehen-und-bellen-k\\\/#primaryimage\"},\"thumbnailUrl\":\"https:\\\/\\\/easyliferobo.com\\\/de\\\/wp-content\\\/uploads\\\/2026\\\/02\\\/61i6UfXYKL._AC_SL1500_.jpg\",\"datePublished\":\"2026-02-27T10:25:06+00:00\",\"dateModified\":\"2026-02-27T10:25:27+00:00\",\"description\":\"Entdecken Sie smarte Roboter f\u00fcr Zuhause, Garten, Bildung und Sicherheit. Vergleichen Sie Saugroboter, Rasenm\u00e4hroboter, KI-Begleitroboter und mehr bei EasyLifeRobo.\",\"breadcrumb\":{\"@id\":\"https:\\\/\\\/easyliferobo.com\\\/de\\\/product\\\/simulierter-roboter-haustier-realistischer-welpen-roboter-mein-realistischer-roboter-welpe-niedlich-bequem-beruehrungsempfindlich-kreatives-tier-plueschspielzeug-zum-gehen-und-bellen-k\\\/#breadcrumb\"},\"inLanguage\":\"de\",\"potentialAction\":[{\"@type\":\"ReadAction\",\"target\":[\"https:\\\/\\\/easyliferobo.com\\\/de\\\/product\\\/simulierter-roboter-haustier-realistischer-welpen-roboter-mein-realistischer-roboter-welpe-niedlich-bequem-beruehrungsempfindlich-kreatives-tier-plueschspielzeug-zum-gehen-und-bellen-k\\\/\"]}]},{\"@type\":\"ImageObject\",\"inLanguage\":\"de\",\"@id\":\"https:\\\/\\\/easyliferobo.com\\\/de\\\/product\\\/simulierter-roboter-haustier-realistischer-welpen-roboter-mein-realistischer-roboter-welpe-niedlich-bequem-beruehrungsempfindlich-kreatives-tier-plueschspielzeug-zum-gehen-und-bellen-k\\\/#primaryimage\",\"url\":\"https:\\\/\\\/easyliferobo.com\\\/de\\\/wp-content\\\/uploads\\\/2026\\\/02\\\/61i6UfXYKL._AC_SL1500_.jpg\",\"contentUrl\":\"https:\\\/\\\/easyliferobo.com\\\/de\\\/wp-content\\\/uploads\\\/2026\\\/02\\\/61i6UfXYKL._AC_SL1500_.jpg\",\"width\":1500,\"height\":1481},{\"@type\":\"BreadcrumbList\",\"@id\":\"https:\\\/\\\/easyliferobo.com\\\/de\\\/product\\\/simulierter-roboter-haustier-realistischer-welpen-roboter-mein-realistischer-roboter-welpe-niedlich-bequem-beruehrungsempfindlich-kreatives-tier-plueschspielzeug-zum-gehen-und-bellen-k\\\/#breadcrumb\",\"itemListElement\":[{\"@type\":\"ListItem\",\"position\":1,\"name\":\"Home\",\"item\":\"https:\\\/\\\/easyliferobo.com\\\/de\\\/\"},{\"@type\":\"ListItem\",\"position\":2,\"name\":\"Shop\",\"item\":\"https:\\\/\\\/easyliferobo.com\\\/de\\\/shop\\\/\"},{\"@type\":\"ListItem\",\"position\":3,\"name\":\"Simulierter Roboter \u2013 Haustier-re...\"}]},{\"@type\":\"WebSite\",\"@id\":\"https:\\\/\\\/easyliferobo.com\\\/de\\\/#website\",\"url\":\"https:\\\/\\\/easyliferobo.com\\\/de\\\/\",\"name\":\"EasyLifeBro\",\"description\":\"Smarte Roboter f\u00fcr Zuhause, Garten &amp; Bildung\",\"publisher\":{\"@id\":\"https:\\\/\\\/easyliferobo.com\\\/de\\\/#organization\"},\"potentialAction\":[{\"@type\":\"SearchAction\",\"target\":{\"@type\":\"EntryPoint\",\"urlTemplate\":\"https:\\\/\\\/easyliferobo.com\\\/de\\\/?s={search_term_string}\"},\"query-input\":{\"@type\":\"PropertyValueSpecification\",\"valueRequired\":true,\"valueName\":\"search_term_string\"}}],\"inLanguage\":\"de\"},{\"@type\":\"Organization\",\"@id\":\"https:\\\/\\\/easyliferobo.com\\\/de\\\/#organization\",\"name\":\"EasyLifeBro\",\"url\":\"https:\\\/\\\/easyliferobo.com\\\/de\\\/\",\"logo\":{\"@type\":\"ImageObject\",\"inLanguage\":\"de\",\"@id\":\"https:\\\/\\\/easyliferobo.com\\\/de\\\/#\\\/schema\\\/logo\\\/image\\\/\",\"url\":\"https:\\\/\\\/easyliferobo.com\\\/de\\\/wp-content\\\/uploads\\\/2026\\\/02\\\/Screenshot-2026-02-22-at-2.25.03-PM.png\",\"contentUrl\":\"https:\\\/\\\/easyliferobo.com\\\/de\\\/wp-content\\\/uploads\\\/2026\\\/02\\\/Screenshot-2026-02-22-at-2.25.03-PM.png\",\"width\":1858,\"height\":430,\"caption\":\"EasyLifeBro\"},\"image\":{\"@id\":\"https:\\\/\\\/easyliferobo.com\\\/de\\\/#\\\/schema\\\/logo\\\/image\\\/\"}}]}<\/script>\n<!-- \/ Yoast SEO plugin. -->","yoast_head_json":{"title":"Simulierter Roboter \u2013 Haustier-realistischer Welpen-Roboter. Mein realistischer Roboter-Welpe, niedlich, bequem, ber\u00fchrungsempfindlich, kreatives Tier-Pl\u00fcschspielzeug zum Gehen und Bellen, kann f\u00fcr Erwachsene und Kinder verwendet werden - EasyLifeBro","description":"Entdecken Sie smarte Roboter f\u00fcr Zuhause, Garten, Bildung und Sicherheit. Vergleichen Sie Saugroboter, Rasenm\u00e4hroboter, KI-Begleitroboter und mehr bei EasyLifeRobo.","robots":{"index":"index","follow":"follow","max-snippet":"max-snippet:-1","max-image-preview":"max-image-preview:large","max-video-preview":"max-video-preview:-1"},"canonical":"https:\/\/easyliferobo.com\/de\/product\/simulierter-roboter-haustier-realistischer-welpen-roboter-mein-realistischer-roboter-welpe-niedlich-bequem-beruehrungsempfindlich-kreatives-tier-plueschspielzeug-zum-gehen-und-bellen-k\/","og_locale":"de_DE","og_type":"article","og_title":"Simulierter Roboter \u2013 Haustier-realistischer Welpen-Roboter. Mein realistischer Roboter-Welpe, niedlich, bequem, ber\u00fchrungsempfindlich, kreatives Tier-Pl\u00fcschspielzeug zum Gehen und Bellen, kann f\u00fcr Erwachsene und Kinder verwendet werden - EasyLifeBro","og_description":"Entdecken Sie smarte Roboter f\u00fcr Zuhause, Garten, Bildung und Sicherheit. Vergleichen Sie Saugroboter, Rasenm\u00e4hroboter, KI-Begleitroboter und mehr bei EasyLifeRobo.","og_url":"https:\/\/easyliferobo.com\/de\/product\/simulierter-roboter-haustier-realistischer-welpen-roboter-mein-realistischer-roboter-welpe-niedlich-bequem-beruehrungsempfindlich-kreatives-tier-plueschspielzeug-zum-gehen-und-bellen-k\/","og_site_name":"EasyLifeBro","article_modified_time":"2026-02-27T10:25:27+00:00","og_image":[{"url":"https:\/\/images-na.ssl-images-amazon.com\/images\/G\/01\/x-locale\/common\/grey-pixel.gif","type":"","width":"","height":""}],"twitter_card":"summary_large_image","twitter_misc":{"Gesch\u00e4tzte Lesezeit":"1\u00a0Minute"},"schema":{"@context":"https:\/\/schema.org","@graph":[{"@type":"WebPage","@id":"https:\/\/easyliferobo.com\/de\/product\/simulierter-roboter-haustier-realistischer-welpen-roboter-mein-realistischer-roboter-welpe-niedlich-bequem-beruehrungsempfindlich-kreatives-tier-plueschspielzeug-zum-gehen-und-bellen-k\/","url":"https:\/\/easyliferobo.com\/de\/product\/simulierter-roboter-haustier-realistischer-welpen-roboter-mein-realistischer-roboter-welpe-niedlich-bequem-beruehrungsempfindlich-kreatives-tier-plueschspielzeug-zum-gehen-und-bellen-k\/","name":"Simulierter Roboter \u2013 Haustier-realistischer Welpen-Roboter. Mein realistischer Roboter-Welpe, niedlich, bequem, ber\u00fchrungsempfindlich, kreatives Tier-Pl\u00fcschspielzeug zum Gehen und Bellen, kann f\u00fcr Erwachsene und Kinder verwendet werden - EasyLifeBro","isPartOf":{"@id":"https:\/\/easyliferobo.com\/de\/#website"},"primaryImageOfPage":{"@id":"https:\/\/easyliferobo.com\/de\/product\/simulierter-roboter-haustier-realistischer-welpen-roboter-mein-realistischer-roboter-welpe-niedlich-bequem-beruehrungsempfindlich-kreatives-tier-plueschspielzeug-zum-gehen-und-bellen-k\/#primaryimage"},"image":{"@id":"https:\/\/easyliferobo.com\/de\/product\/simulierter-roboter-haustier-realistischer-welpen-roboter-mein-realistischer-roboter-welpe-niedlich-bequem-beruehrungsempfindlich-kreatives-tier-plueschspielzeug-zum-gehen-und-bellen-k\/#primaryimage"},"thumbnailUrl":"https:\/\/easyliferobo.com\/de\/wp-content\/uploads\/2026\/02\/61i6UfXYKL._AC_SL1500_.jpg","datePublished":"2026-02-27T10:25:06+00:00","dateModified":"2026-02-27T10:25:27+00:00","description":"Entdecken Sie smarte Roboter f\u00fcr Zuhause, Garten, Bildung und Sicherheit. Vergleichen Sie Saugroboter, Rasenm\u00e4hroboter, KI-Begleitroboter und mehr bei EasyLifeRobo.","breadcrumb":{"@id":"https:\/\/easyliferobo.com\/de\/product\/simulierter-roboter-haustier-realistischer-welpen-roboter-mein-realistischer-roboter-welpe-niedlich-bequem-beruehrungsempfindlich-kreatives-tier-plueschspielzeug-zum-gehen-und-bellen-k\/#breadcrumb"},"inLanguage":"de","potentialAction":[{"@type":"ReadAction","target":["https:\/\/easyliferobo.com\/de\/product\/simulierter-roboter-haustier-realistischer-welpen-roboter-mein-realistischer-roboter-welpe-niedlich-bequem-beruehrungsempfindlich-kreatives-tier-plueschspielzeug-zum-gehen-und-bellen-k\/"]}]},{"@type":"ImageObject","inLanguage":"de","@id":"https:\/\/easyliferobo.com\/de\/product\/simulierter-roboter-haustier-realistischer-welpen-roboter-mein-realistischer-roboter-welpe-niedlich-bequem-beruehrungsempfindlich-kreatives-tier-plueschspielzeug-zum-gehen-und-bellen-k\/#primaryimage","url":"https:\/\/easyliferobo.com\/de\/wp-content\/uploads\/2026\/02\/61i6UfXYKL._AC_SL1500_.jpg","contentUrl":"https:\/\/easyliferobo.com\/de\/wp-content\/uploads\/2026\/02\/61i6UfXYKL._AC_SL1500_.jpg","width":1500,"height":1481},{"@type":"BreadcrumbList","@id":"https:\/\/easyliferobo.com\/de\/product\/simulierter-roboter-haustier-realistischer-welpen-roboter-mein-realistischer-roboter-welpe-niedlich-bequem-beruehrungsempfindlich-kreatives-tier-plueschspielzeug-zum-gehen-und-bellen-k\/#breadcrumb","itemListElement":[{"@type":"ListItem","position":1,"name":"Home","item":"https:\/\/easyliferobo.com\/de\/"},{"@type":"ListItem","position":2,"name":"Shop","item":"https:\/\/easyliferobo.com\/de\/shop\/"},{"@type":"ListItem","position":3,"name":"Simulierter Roboter \u2013 Haustier-re..."}]},{"@type":"WebSite","@id":"https:\/\/easyliferobo.com\/de\/#website","url":"https:\/\/easyliferobo.com\/de\/","name":"EasyLifeBro","description":"Smarte Roboter f\u00fcr Zuhause, Garten &amp; Bildung","publisher":{"@id":"https:\/\/easyliferobo.com\/de\/#organization"},"potentialAction":[{"@type":"SearchAction","target":{"@type":"EntryPoint","urlTemplate":"https:\/\/easyliferobo.com\/de\/?s={search_term_string}"},"query-input":{"@type":"PropertyValueSpecification","valueRequired":true,"valueName":"search_term_string"}}],"inLanguage":"de"},{"@type":"Organization","@id":"https:\/\/easyliferobo.com\/de\/#organization","name":"EasyLifeBro","url":"https:\/\/easyliferobo.com\/de\/","logo":{"@type":"ImageObject","inLanguage":"de","@id":"https:\/\/easyliferobo.com\/de\/#\/schema\/logo\/image\/","url":"https:\/\/easyliferobo.com\/de\/wp-content\/uploads\/2026\/02\/Screenshot-2026-02-22-at-2.25.03-PM.png","contentUrl":"https:\/\/easyliferobo.com\/de\/wp-content\/uploads\/2026\/02\/Screenshot-2026-02-22-at-2.25.03-PM.png","width":1858,"height":430,"caption":"EasyLifeBro"},"image":{"@id":"https:\/\/easyliferobo.com\/de\/#\/schema\/logo\/image\/"}}]}},"_links":{"self":[{"href":"https:\/\/easyliferobo.com\/de\/wp-json\/wp\/v2\/product\/3894","targetHints":{"allow":["GET"]}}],"collection":[{"href":"https:\/\/easyliferobo.com\/de\/wp-json\/wp\/v2\/product"}],"about":[{"href":"https:\/\/easyliferobo.com\/de\/wp-json\/wp\/v2\/types\/product"}],"replies":[{"embeddable":true,"href":"https:\/\/easyliferobo.com\/de\/wp-json\/wp\/v2\/comments?post=3894"}],"wp:featuredmedia":[{"embeddable":true,"href":"https:\/\/easyliferobo.com\/de\/wp-json\/wp\/v2\/media\/3895"}],"wp:attachment":[{"href":"https:\/\/easyliferobo.com\/de\/wp-json\/wp\/v2\/media?parent=3894"}],"wp:term":[{"taxonomy":"store","embeddable":true,"href":"https:\/\/easyliferobo.com\/de\/wp-json\/wp\/v2\/store?post=3894"},{"taxonomy":"product_brand","embeddable":true,"href":"https:\/\/easyliferobo.com\/de\/wp-json\/wp\/v2\/product_brand?post=3894"},{"taxonomy":"product_cat","embeddable":true,"href":"https:\/\/easyliferobo.com\/de\/wp-json\/wp\/v2\/product_cat?post=3894"},{"taxonomy":"product_tag","embeddable":true,"href":"https:\/\/easyliferobo.com\/de\/wp-json\/wp\/v2\/product_tag?post=3894"}],"curies":[{"name":"wp","href":"https:\/\/api.w.org\/{rel}","templated":true}]}}