
{"id":3884,"date":"2026-02-27T10:23:39","date_gmt":"2026-02-27T10:23:39","guid":{"rendered":"https:\/\/easyliferobo.com\/de\/product\/ferngesteuertes-sprachgesteuertes-intelligentes-interaktives-tanzendes-singendes-roboter-hundespielzeug-fuer-kinder-rc-elektronisch-programmierbare-roboter-haustieraktionen-gehen-sitzen\/"},"modified":"2026-02-27T10:23:57","modified_gmt":"2026-02-27T10:23:57","slug":"ferngesteuertes-sprachgesteuertes-intelligentes-interaktives-tanzendes-singendes-roboter-hundespielzeug-fuer-kinder-rc-elektronisch-programmierbare-roboter-haustieraktionen-gehen-sitzen","status":"publish","type":"product","link":"https:\/\/easyliferobo.com\/de\/product\/ferngesteuertes-sprachgesteuertes-intelligentes-interaktives-tanzendes-singendes-roboter-hundespielzeug-fuer-kinder-rc-elektronisch-programmierbare-roboter-haustieraktionen-gehen-sitzen\/","title":{"rendered":"Ferngesteuertes, sprachgesteuertes,..."},"content":{"rendered":"<p>    <span>Spezifikationen: Artikelgewicht: 1,7 kg. Spielzeit: 30 Minuten. Ladezeit: 4 Stunden. Kontrollentfernung: 2 m. Paketliste: 1 x Roboterhund. 1 * Controller 1 x 3,7 V 600 mAh Batterie (eingebauter Roboter). 1 x USB-Ladekabel. 1 x Bedienungsanleitung (evtl. nicht in deutscher Sprache).<\/span>    <br \/>Intelligenter Roboterhund: Sprachsteuerung mit 7 Befehlen: Vorw\u00e4rts gehen, Demo, Handstand, Liegest\u00fctze, Hinsetzen, Hocken, Wut. Alle Aktionen k\u00f6nnen auch per Fernbedienung gesteuert werden.<br \/>Interaktionsfunktion: Ber\u00fchren Sie das Kinn des Hundes, er macht niedliche Bewegungen, Ger\u00e4usche und interagiert mit Ihnen.<br \/>Programmierfunktion: Sie k\u00f6nnen die Aktionen beliebig programmieren, dann wiederholt der Hund, was Sie programmiert haben.<br \/>SINGEN UND TANZEN Der Hund hat 3 Tanzmusikst\u00fccke, Kinder k\u00f6nnen gemeinsam mit dem Hund tanzen, was noch mehr Spa\u00df macht. ENERGIESPAREN: Wenn 100 Sekunden lang keine Anweisungen gegeben werden, schaltet sich das Ger\u00e4t automatisch aus, um Energie zu sparen.<br \/>Hochwertige Materialien: Der Hund besteht aus hochwertigem Kunststoff mit glatter Oberfl\u00e4che, er verletzt Kinderh\u00e4nde beim Spielen nicht. Eingebaute 3,7-V-Batterie (im Lieferumfang enthalten), die Fernbedienung ben\u00f6tigt 2 x 1,5-V-AAA-Batterien (nicht im Lieferumfang enthalten).<\/p>\n<p>[ad_2]<\/p>\n","protected":false},"excerpt":{"rendered":"<p>Spezifikationen: Artikelgewicht: 1,7 kg. Spielzeit: 30 Minuten. Ladezeit: 4 Stunden. Kontrollentfernung: 2 m. Paketliste: 1 x Roboterhund. 1 * Controller 1 x 3,7 V 600 mAh Batterie (eingebauter Roboter). 1 x USB-Ladekabel. 1 x Bedienungsanleitung (evtl. nicht in deutscher Sprache). Intelligenter Roboterhund: Sprachsteuerung mit 7 Befehlen: Vorw\u00e4rts gehen, Demo, Handstand, Liegest\u00fctze, Hinsetzen, Hocken, Wut. Alle [&hellip;]<\/p>\n","protected":false},"featured_media":3885,"comment_status":"open","ping_status":"closed","template":"","meta":{"_aipt_faq_data":""},"store":[],"product_brand":[],"product_cat":[95],"product_tag":[369],"class_list":{"0":"post-3884","1":"product","2":"type-product","3":"status-publish","4":"has-post-thumbnail","6":"product_cat-sprachgesteuerte-roboter","7":"product_tag-sprachgesteuerte-roboter-interaktiv","9":"first","10":"instock","11":"shipping-taxable","12":"product-type-external"},"yoast_head":"<!-- This site is optimized with the Yoast SEO plugin v27.4 - https:\/\/yoast.com\/product\/yoast-seo-wordpress\/ -->\n<title>Ferngesteuertes, sprachgesteuertes, intelligentes, interaktives, tanzendes, singendes Roboter-Hundespielzeug f\u00fcr Kinder, RC-elektronisch programmierbare Roboter-Haustieraktionen, Gehen, Sitzen - EasyLifeBro<\/title>\n<meta name=\"description\" content=\"Entdecken Sie smarte Roboter f\u00fcr Zuhause, Garten, Bildung und Sicherheit. Vergleichen Sie Saugroboter, Rasenm\u00e4hroboter, KI-Begleitroboter und mehr bei EasyLifeRobo.\" \/>\n<meta name=\"robots\" content=\"index, follow, max-snippet:-1, max-image-preview:large, max-video-preview:-1\" \/>\n<link rel=\"canonical\" href=\"https:\/\/easyliferobo.com\/de\/product\/ferngesteuertes-sprachgesteuertes-intelligentes-interaktives-tanzendes-singendes-roboter-hundespielzeug-fuer-kinder-rc-elektronisch-programmierbare-roboter-haustieraktionen-gehen-sitzen\/\" \/>\n<meta property=\"og:locale\" content=\"de_DE\" \/>\n<meta property=\"og:type\" content=\"article\" \/>\n<meta property=\"og:title\" content=\"Ferngesteuertes, sprachgesteuertes, intelligentes, interaktives, tanzendes, singendes Roboter-Hundespielzeug f\u00fcr Kinder, RC-elektronisch programmierbare Roboter-Haustieraktionen, Gehen, Sitzen - EasyLifeBro\" \/>\n<meta property=\"og:description\" content=\"Entdecken Sie smarte Roboter f\u00fcr Zuhause, Garten, Bildung und Sicherheit. Vergleichen Sie Saugroboter, Rasenm\u00e4hroboter, KI-Begleitroboter und mehr bei EasyLifeRobo.\" \/>\n<meta property=\"og:url\" content=\"https:\/\/easyliferobo.com\/de\/product\/ferngesteuertes-sprachgesteuertes-intelligentes-interaktives-tanzendes-singendes-roboter-hundespielzeug-fuer-kinder-rc-elektronisch-programmierbare-roboter-haustieraktionen-gehen-sitzen\/\" \/>\n<meta property=\"og:site_name\" content=\"EasyLifeBro\" \/>\n<meta property=\"article:modified_time\" content=\"2026-02-27T10:23:57+00:00\" \/>\n<meta name=\"twitter:card\" content=\"summary_large_image\" \/>\n<meta name=\"twitter:label1\" content=\"Gesch\u00e4tzte Lesezeit\" \/>\n\t<meta name=\"twitter:data1\" content=\"1\u00a0Minute\" \/>\n<script type=\"application\/ld+json\" class=\"yoast-schema-graph\">{\"@context\":\"https:\\\/\\\/schema.org\",\"@graph\":[{\"@type\":\"WebPage\",\"@id\":\"https:\\\/\\\/easyliferobo.com\\\/de\\\/product\\\/ferngesteuertes-sprachgesteuertes-intelligentes-interaktives-tanzendes-singendes-roboter-hundespielzeug-fuer-kinder-rc-elektronisch-programmierbare-roboter-haustieraktionen-gehen-sitzen\\\/\",\"url\":\"https:\\\/\\\/easyliferobo.com\\\/de\\\/product\\\/ferngesteuertes-sprachgesteuertes-intelligentes-interaktives-tanzendes-singendes-roboter-hundespielzeug-fuer-kinder-rc-elektronisch-programmierbare-roboter-haustieraktionen-gehen-sitzen\\\/\",\"name\":\"Ferngesteuertes, sprachgesteuertes, intelligentes, interaktives, tanzendes, singendes Roboter-Hundespielzeug f\u00fcr Kinder, RC-elektronisch programmierbare Roboter-Haustieraktionen, Gehen, Sitzen - EasyLifeBro\",\"isPartOf\":{\"@id\":\"https:\\\/\\\/easyliferobo.com\\\/de\\\/#website\"},\"primaryImageOfPage\":{\"@id\":\"https:\\\/\\\/easyliferobo.com\\\/de\\\/product\\\/ferngesteuertes-sprachgesteuertes-intelligentes-interaktives-tanzendes-singendes-roboter-hundespielzeug-fuer-kinder-rc-elektronisch-programmierbare-roboter-haustieraktionen-gehen-sitzen\\\/#primaryimage\"},\"image\":{\"@id\":\"https:\\\/\\\/easyliferobo.com\\\/de\\\/product\\\/ferngesteuertes-sprachgesteuertes-intelligentes-interaktives-tanzendes-singendes-roboter-hundespielzeug-fuer-kinder-rc-elektronisch-programmierbare-roboter-haustieraktionen-gehen-sitzen\\\/#primaryimage\"},\"thumbnailUrl\":\"https:\\\/\\\/easyliferobo.com\\\/de\\\/wp-content\\\/uploads\\\/2026\\\/02\\\/51aLKlm87hL._AC_SL1086_.jpg\",\"datePublished\":\"2026-02-27T10:23:39+00:00\",\"dateModified\":\"2026-02-27T10:23:57+00:00\",\"description\":\"Entdecken Sie smarte Roboter f\u00fcr Zuhause, Garten, Bildung und Sicherheit. Vergleichen Sie Saugroboter, Rasenm\u00e4hroboter, KI-Begleitroboter und mehr bei EasyLifeRobo.\",\"breadcrumb\":{\"@id\":\"https:\\\/\\\/easyliferobo.com\\\/de\\\/product\\\/ferngesteuertes-sprachgesteuertes-intelligentes-interaktives-tanzendes-singendes-roboter-hundespielzeug-fuer-kinder-rc-elektronisch-programmierbare-roboter-haustieraktionen-gehen-sitzen\\\/#breadcrumb\"},\"inLanguage\":\"de\",\"potentialAction\":[{\"@type\":\"ReadAction\",\"target\":[\"https:\\\/\\\/easyliferobo.com\\\/de\\\/product\\\/ferngesteuertes-sprachgesteuertes-intelligentes-interaktives-tanzendes-singendes-roboter-hundespielzeug-fuer-kinder-rc-elektronisch-programmierbare-roboter-haustieraktionen-gehen-sitzen\\\/\"]}]},{\"@type\":\"ImageObject\",\"inLanguage\":\"de\",\"@id\":\"https:\\\/\\\/easyliferobo.com\\\/de\\\/product\\\/ferngesteuertes-sprachgesteuertes-intelligentes-interaktives-tanzendes-singendes-roboter-hundespielzeug-fuer-kinder-rc-elektronisch-programmierbare-roboter-haustieraktionen-gehen-sitzen\\\/#primaryimage\",\"url\":\"https:\\\/\\\/easyliferobo.com\\\/de\\\/wp-content\\\/uploads\\\/2026\\\/02\\\/51aLKlm87hL._AC_SL1086_.jpg\",\"contentUrl\":\"https:\\\/\\\/easyliferobo.com\\\/de\\\/wp-content\\\/uploads\\\/2026\\\/02\\\/51aLKlm87hL._AC_SL1086_.jpg\",\"width\":984,\"height\":1084},{\"@type\":\"BreadcrumbList\",\"@id\":\"https:\\\/\\\/easyliferobo.com\\\/de\\\/product\\\/ferngesteuertes-sprachgesteuertes-intelligentes-interaktives-tanzendes-singendes-roboter-hundespielzeug-fuer-kinder-rc-elektronisch-programmierbare-roboter-haustieraktionen-gehen-sitzen\\\/#breadcrumb\",\"itemListElement\":[{\"@type\":\"ListItem\",\"position\":1,\"name\":\"Home\",\"item\":\"https:\\\/\\\/easyliferobo.com\\\/de\\\/\"},{\"@type\":\"ListItem\",\"position\":2,\"name\":\"Shop\",\"item\":\"https:\\\/\\\/easyliferobo.com\\\/de\\\/shop\\\/\"},{\"@type\":\"ListItem\",\"position\":3,\"name\":\"Ferngesteuertes, sprachgesteuertes,...\"}]},{\"@type\":\"WebSite\",\"@id\":\"https:\\\/\\\/easyliferobo.com\\\/de\\\/#website\",\"url\":\"https:\\\/\\\/easyliferobo.com\\\/de\\\/\",\"name\":\"EasyLifeBro\",\"description\":\"Smarte Roboter f\u00fcr Zuhause, Garten &amp; Bildung\",\"publisher\":{\"@id\":\"https:\\\/\\\/easyliferobo.com\\\/de\\\/#organization\"},\"potentialAction\":[{\"@type\":\"SearchAction\",\"target\":{\"@type\":\"EntryPoint\",\"urlTemplate\":\"https:\\\/\\\/easyliferobo.com\\\/de\\\/?s={search_term_string}\"},\"query-input\":{\"@type\":\"PropertyValueSpecification\",\"valueRequired\":true,\"valueName\":\"search_term_string\"}}],\"inLanguage\":\"de\"},{\"@type\":\"Organization\",\"@id\":\"https:\\\/\\\/easyliferobo.com\\\/de\\\/#organization\",\"name\":\"EasyLifeBro\",\"url\":\"https:\\\/\\\/easyliferobo.com\\\/de\\\/\",\"logo\":{\"@type\":\"ImageObject\",\"inLanguage\":\"de\",\"@id\":\"https:\\\/\\\/easyliferobo.com\\\/de\\\/#\\\/schema\\\/logo\\\/image\\\/\",\"url\":\"https:\\\/\\\/easyliferobo.com\\\/de\\\/wp-content\\\/uploads\\\/2026\\\/02\\\/Screenshot-2026-02-22-at-2.25.03-PM.png\",\"contentUrl\":\"https:\\\/\\\/easyliferobo.com\\\/de\\\/wp-content\\\/uploads\\\/2026\\\/02\\\/Screenshot-2026-02-22-at-2.25.03-PM.png\",\"width\":1858,\"height\":430,\"caption\":\"EasyLifeBro\"},\"image\":{\"@id\":\"https:\\\/\\\/easyliferobo.com\\\/de\\\/#\\\/schema\\\/logo\\\/image\\\/\"}}]}<\/script>\n<!-- \/ Yoast SEO plugin. -->","yoast_head_json":{"title":"Ferngesteuertes, sprachgesteuertes, intelligentes, interaktives, tanzendes, singendes Roboter-Hundespielzeug f\u00fcr Kinder, RC-elektronisch programmierbare Roboter-Haustieraktionen, Gehen, Sitzen - EasyLifeBro","description":"Entdecken Sie smarte Roboter f\u00fcr Zuhause, Garten, Bildung und Sicherheit. Vergleichen Sie Saugroboter, Rasenm\u00e4hroboter, KI-Begleitroboter und mehr bei EasyLifeRobo.","robots":{"index":"index","follow":"follow","max-snippet":"max-snippet:-1","max-image-preview":"max-image-preview:large","max-video-preview":"max-video-preview:-1"},"canonical":"https:\/\/easyliferobo.com\/de\/product\/ferngesteuertes-sprachgesteuertes-intelligentes-interaktives-tanzendes-singendes-roboter-hundespielzeug-fuer-kinder-rc-elektronisch-programmierbare-roboter-haustieraktionen-gehen-sitzen\/","og_locale":"de_DE","og_type":"article","og_title":"Ferngesteuertes, sprachgesteuertes, intelligentes, interaktives, tanzendes, singendes Roboter-Hundespielzeug f\u00fcr Kinder, RC-elektronisch programmierbare Roboter-Haustieraktionen, Gehen, Sitzen - EasyLifeBro","og_description":"Entdecken Sie smarte Roboter f\u00fcr Zuhause, Garten, Bildung und Sicherheit. Vergleichen Sie Saugroboter, Rasenm\u00e4hroboter, KI-Begleitroboter und mehr bei EasyLifeRobo.","og_url":"https:\/\/easyliferobo.com\/de\/product\/ferngesteuertes-sprachgesteuertes-intelligentes-interaktives-tanzendes-singendes-roboter-hundespielzeug-fuer-kinder-rc-elektronisch-programmierbare-roboter-haustieraktionen-gehen-sitzen\/","og_site_name":"EasyLifeBro","article_modified_time":"2026-02-27T10:23:57+00:00","twitter_card":"summary_large_image","twitter_misc":{"Gesch\u00e4tzte Lesezeit":"1\u00a0Minute"},"schema":{"@context":"https:\/\/schema.org","@graph":[{"@type":"WebPage","@id":"https:\/\/easyliferobo.com\/de\/product\/ferngesteuertes-sprachgesteuertes-intelligentes-interaktives-tanzendes-singendes-roboter-hundespielzeug-fuer-kinder-rc-elektronisch-programmierbare-roboter-haustieraktionen-gehen-sitzen\/","url":"https:\/\/easyliferobo.com\/de\/product\/ferngesteuertes-sprachgesteuertes-intelligentes-interaktives-tanzendes-singendes-roboter-hundespielzeug-fuer-kinder-rc-elektronisch-programmierbare-roboter-haustieraktionen-gehen-sitzen\/","name":"Ferngesteuertes, sprachgesteuertes, intelligentes, interaktives, tanzendes, singendes Roboter-Hundespielzeug f\u00fcr Kinder, RC-elektronisch programmierbare Roboter-Haustieraktionen, Gehen, Sitzen - EasyLifeBro","isPartOf":{"@id":"https:\/\/easyliferobo.com\/de\/#website"},"primaryImageOfPage":{"@id":"https:\/\/easyliferobo.com\/de\/product\/ferngesteuertes-sprachgesteuertes-intelligentes-interaktives-tanzendes-singendes-roboter-hundespielzeug-fuer-kinder-rc-elektronisch-programmierbare-roboter-haustieraktionen-gehen-sitzen\/#primaryimage"},"image":{"@id":"https:\/\/easyliferobo.com\/de\/product\/ferngesteuertes-sprachgesteuertes-intelligentes-interaktives-tanzendes-singendes-roboter-hundespielzeug-fuer-kinder-rc-elektronisch-programmierbare-roboter-haustieraktionen-gehen-sitzen\/#primaryimage"},"thumbnailUrl":"https:\/\/easyliferobo.com\/de\/wp-content\/uploads\/2026\/02\/51aLKlm87hL._AC_SL1086_.jpg","datePublished":"2026-02-27T10:23:39+00:00","dateModified":"2026-02-27T10:23:57+00:00","description":"Entdecken Sie smarte Roboter f\u00fcr Zuhause, Garten, Bildung und Sicherheit. Vergleichen Sie Saugroboter, Rasenm\u00e4hroboter, KI-Begleitroboter und mehr bei EasyLifeRobo.","breadcrumb":{"@id":"https:\/\/easyliferobo.com\/de\/product\/ferngesteuertes-sprachgesteuertes-intelligentes-interaktives-tanzendes-singendes-roboter-hundespielzeug-fuer-kinder-rc-elektronisch-programmierbare-roboter-haustieraktionen-gehen-sitzen\/#breadcrumb"},"inLanguage":"de","potentialAction":[{"@type":"ReadAction","target":["https:\/\/easyliferobo.com\/de\/product\/ferngesteuertes-sprachgesteuertes-intelligentes-interaktives-tanzendes-singendes-roboter-hundespielzeug-fuer-kinder-rc-elektronisch-programmierbare-roboter-haustieraktionen-gehen-sitzen\/"]}]},{"@type":"ImageObject","inLanguage":"de","@id":"https:\/\/easyliferobo.com\/de\/product\/ferngesteuertes-sprachgesteuertes-intelligentes-interaktives-tanzendes-singendes-roboter-hundespielzeug-fuer-kinder-rc-elektronisch-programmierbare-roboter-haustieraktionen-gehen-sitzen\/#primaryimage","url":"https:\/\/easyliferobo.com\/de\/wp-content\/uploads\/2026\/02\/51aLKlm87hL._AC_SL1086_.jpg","contentUrl":"https:\/\/easyliferobo.com\/de\/wp-content\/uploads\/2026\/02\/51aLKlm87hL._AC_SL1086_.jpg","width":984,"height":1084},{"@type":"BreadcrumbList","@id":"https:\/\/easyliferobo.com\/de\/product\/ferngesteuertes-sprachgesteuertes-intelligentes-interaktives-tanzendes-singendes-roboter-hundespielzeug-fuer-kinder-rc-elektronisch-programmierbare-roboter-haustieraktionen-gehen-sitzen\/#breadcrumb","itemListElement":[{"@type":"ListItem","position":1,"name":"Home","item":"https:\/\/easyliferobo.com\/de\/"},{"@type":"ListItem","position":2,"name":"Shop","item":"https:\/\/easyliferobo.com\/de\/shop\/"},{"@type":"ListItem","position":3,"name":"Ferngesteuertes, sprachgesteuertes,..."}]},{"@type":"WebSite","@id":"https:\/\/easyliferobo.com\/de\/#website","url":"https:\/\/easyliferobo.com\/de\/","name":"EasyLifeBro","description":"Smarte Roboter f\u00fcr Zuhause, Garten &amp; Bildung","publisher":{"@id":"https:\/\/easyliferobo.com\/de\/#organization"},"potentialAction":[{"@type":"SearchAction","target":{"@type":"EntryPoint","urlTemplate":"https:\/\/easyliferobo.com\/de\/?s={search_term_string}"},"query-input":{"@type":"PropertyValueSpecification","valueRequired":true,"valueName":"search_term_string"}}],"inLanguage":"de"},{"@type":"Organization","@id":"https:\/\/easyliferobo.com\/de\/#organization","name":"EasyLifeBro","url":"https:\/\/easyliferobo.com\/de\/","logo":{"@type":"ImageObject","inLanguage":"de","@id":"https:\/\/easyliferobo.com\/de\/#\/schema\/logo\/image\/","url":"https:\/\/easyliferobo.com\/de\/wp-content\/uploads\/2026\/02\/Screenshot-2026-02-22-at-2.25.03-PM.png","contentUrl":"https:\/\/easyliferobo.com\/de\/wp-content\/uploads\/2026\/02\/Screenshot-2026-02-22-at-2.25.03-PM.png","width":1858,"height":430,"caption":"EasyLifeBro"},"image":{"@id":"https:\/\/easyliferobo.com\/de\/#\/schema\/logo\/image\/"}}]}},"_links":{"self":[{"href":"https:\/\/easyliferobo.com\/de\/wp-json\/wp\/v2\/product\/3884","targetHints":{"allow":["GET"]}}],"collection":[{"href":"https:\/\/easyliferobo.com\/de\/wp-json\/wp\/v2\/product"}],"about":[{"href":"https:\/\/easyliferobo.com\/de\/wp-json\/wp\/v2\/types\/product"}],"replies":[{"embeddable":true,"href":"https:\/\/easyliferobo.com\/de\/wp-json\/wp\/v2\/comments?post=3884"}],"wp:featuredmedia":[{"embeddable":true,"href":"https:\/\/easyliferobo.com\/de\/wp-json\/wp\/v2\/media\/3885"}],"wp:attachment":[{"href":"https:\/\/easyliferobo.com\/de\/wp-json\/wp\/v2\/media?parent=3884"}],"wp:term":[{"taxonomy":"store","embeddable":true,"href":"https:\/\/easyliferobo.com\/de\/wp-json\/wp\/v2\/store?post=3884"},{"taxonomy":"product_brand","embeddable":true,"href":"https:\/\/easyliferobo.com\/de\/wp-json\/wp\/v2\/product_brand?post=3884"},{"taxonomy":"product_cat","embeddable":true,"href":"https:\/\/easyliferobo.com\/de\/wp-json\/wp\/v2\/product_cat?post=3884"},{"taxonomy":"product_tag","embeddable":true,"href":"https:\/\/easyliferobo.com\/de\/wp-json\/wp\/v2\/product_tag?post=3884"}],"curies":[{"name":"wp","href":"https:\/\/api.w.org\/{rel}","templated":true}]}}