
{"id":3864,"date":"2026-02-27T10:21:17","date_gmt":"2026-02-27T10:21:17","guid":{"rendered":"https:\/\/easyliferobo.com\/de\/product\/lefant-saugroboter-super-slim-staubsauger-roboter-2200-pa-saugleistung-120-minuten-laufzeit-wlan-optimiert-fuer-teppiche-tierhaare-hartboeden-saugroboter-mit-ladestation\/"},"modified":"2026-02-27T10:21:38","modified_gmt":"2026-02-27T10:21:38","slug":"lefant-saugroboter-super-slim-staubsauger-roboter-2200-pa-saugleistung-120-minuten-laufzeit-wlan-optimiert-fuer-teppiche-tierhaare-hartboeden-saugroboter-mit-ladestation","status":"publish","type":"product","link":"https:\/\/easyliferobo.com\/de\/product\/lefant-saugroboter-super-slim-staubsauger-roboter-2200-pa-saugleistung-120-minuten-laufzeit-wlan-optimiert-fuer-teppiche-tierhaare-hartboeden-saugroboter-mit-ladestation\/","title":{"rendered":"LEFANT Saugroboter, Super Slim Stau..."},"content":{"rendered":"<p>\n                                             Von der Marke   <\/p>\n<p>                                              <img decoding=\"async\" alt=\"\" src=\"https:\/\/images-na.ssl-images-amazon.com\/images\/G\/01\/x-locale\/common\/grey-pixel.gif\" class=\"a-lazy-loaded\" data-src=\"https:\/\/m.media-amazon.com\/images\/S\/aplus-media-library-service-media\/8abfeacb-7711-4253-8f59-a8357b3993dc.__CR0,0,1464,625_PT0_SX1464_V1___.jpg\"><img decoding=\"async\" alt=\"\" src=\"https:\/\/m.media-amazon.com\/images\/S\/aplus-media-library-service-media\/8abfeacb-7711-4253-8f59-a8357b3993dc.__CR0,0,1464,625_PT0_SX1464_V1___.jpg\">  <\/p>\n<p>                                              <img decoding=\"async\" alt=\"\" src=\"https:\/\/images-na.ssl-images-amazon.com\/images\/G\/01\/x-locale\/common\/grey-pixel.gif\" class=\"a-lazy-loaded\" data-src=\"https:\/\/m.media-amazon.com\/images\/S\/aplus-media-library-service-media\/1cdbeb12-4f6d-465d-82e1-35a2deef0090.__CR0,0,315,145_PT0_SX315_V1___.jpg\"><img decoding=\"async\" alt=\"\" src=\"https:\/\/m.media-amazon.com\/images\/S\/aplus-media-library-service-media\/1cdbeb12-4f6d-465d-82e1-35a2deef0090.__CR0,0,315,145_PT0_SX315_V1___.jpg\">  <\/p>\n<p>  Lefant ist eine innovative Marke. Wir sind bestrebt, Roboterstaubsaugerprodukte zu entwickeln, die durch einen freundlichen und reaktionsschnellen Service unterst\u00fctzt werden, um unsere Kunden auf der ganzen Welt zu begeistern. <\/p>\n<p>  Unser Konzept ist es, jedem den Komfort der Technologie zu bieten. W\u00e4hlen Sie den Lefant-Staubsaugerroboter, um Ihre H\u00e4nde zu befreien und das Leben besser zu machen! <\/p>\n<p>                                              <img decoding=\"async\" alt=\"Der Text lautet \u201e4.500.000\u201c. mit mehreren Landesflaggensymbolen unten. Weltkartengrafik im Hintergrund sichtbar.\" src=\"https:\/\/images-na.ssl-images-amazon.com\/images\/G\/01\/x-locale\/common\/grey-pixel.gif\" class=\"a-lazy-loaded\" data-src=\"https:\/\/m.media-amazon.com\/images\/S\/aplus-media-library-service-media\/ef6052e1-6b40-4fd4-9a33-9eae0cf4952f.__CR0,0,362,453_PT0_SX362_V1___.jpg\"><img decoding=\"async\" alt=\"Der Text lautet \u201e4.500.000\u201c. mit mehreren Landesflaggensymbolen unten. Weltkartengrafik im Hintergrund sichtbar.\" src=\"https:\/\/m.media-amazon.com\/images\/S\/aplus-media-library-service-media\/ef6052e1-6b40-4fd4-9a33-9eae0cf4952f.__CR0,0,362,453_PT0_SX362_V1___.jpg\">  <\/p>\n<p>                                              <img decoding=\"async\" alt=\"\" src=\"https:\/\/images-na.ssl-images-amazon.com\/images\/G\/01\/x-locale\/common\/grey-pixel.gif\" class=\"a-lazy-loaded\" data-src=\"https:\/\/m.media-amazon.com\/images\/S\/aplus-media-library-service-media\/15ffc5d8-0133-43a0-856f-a5fdd527e0df.__CR0,0,362,453_PT0_SX362_V1___.jpg\"><img decoding=\"async\" alt=\"\" src=\"https:\/\/m.media-amazon.com\/images\/S\/aplus-media-library-service-media\/15ffc5d8-0133-43a0-856f-a5fdd527e0df.__CR0,0,362,453_PT0_SX362_V1___.jpg\">  <\/p>\n<h3>  Lefant FreeMove-Technologie <\/h3>\n<h3>  LEFANT M2 Pro Roboterstaubsauger <\/h3>\n<p class=\"apm-brand-story-stores-link\">\n<h3>  LEFANT M3 Roboterstaubsauger  <\/h3>\n<p class=\"apm-brand-story-stores-link\">\n<h3>  LEFANT M330 Pro Roboterstaubsauger <\/h3>\n<p class=\"apm-brand-story-stores-link\">\n<h3>  Lefant M320 Roboterstaubsauger <\/h3>\n<p class=\"apm-brand-story-stores-link\">\n<h3>  Lefant M210P Roboterstaubsauger <\/h3>\n<p class=\"apm-brand-story-stores-link\">\n<h3>  Lefant M1 Roboterstaubsauger <\/h3>\n<p class=\"apm-brand-story-stores-link\">\n<h3>  LEFANT M310 Roboterstaubsauger  <\/h3>\n<p class=\"apm-brand-story-stores-link\">\n<p>Was Sie bekommen: Sie erhalten den Roboterstaubsauger M210P, eine Ladestation, ein Netzteil, einen HEPA-Filter und vier Seitenb\u00fcrsten. F\u00fcr das Produkt gilt eine Garantie von 36 Monaten. Wir bieten einen 24\/7-Kundenservice. Bitte beachten Sie, dass wir Lithium-Ionen-Batterien und keine AA-Batterien verwenden.<br \/>Geeignet f\u00fcr Haustierbesitzer: M210P hat eine starke Saugleistung von 2200 Pa. Zwei Seitenb\u00fcrsten sammeln Staub, Tierhaare und M\u00fcll, bevor der b\u00fcrstenlose Saugmund, der speziell f\u00fcr Haustierfamilien entwickelt wurde, seine Arbeit aufnimmt. Sie m\u00fcssen sich nicht mehr die H\u00e4nde schmutzig machen, um verfilzte Haare mit herk\u00f6mmlichen Walzenb\u00fcrsten zu entfernen.<br \/>Mehrere Reinigungsmodi: Der intelligente Roboterstaubsauger unterst\u00fctzt verschiedene Reinigungsmodi, darunter geordnete Reinigung (Zick-Zack-Route), zuf\u00e4llige Reinigung, punktuelle Reinigung, Wandreinigung, geplante Reinigung und manuelle Steuerungsrichtung. W\u00e4hlen Sie je nach Bedarf \u00fcber die App zwischen verschiedenen Modi und Saugstufen. Reinigen war noch nie so einfach.<br \/>Verbesserte Freemove-Technologie 3.0: Die Freemove-Technologie ist die integrierte Ganzk\u00f6rpererkennungstechnologie des Lefan-Roboterstaubsaugers. Die eingebauten Infrarotsensoren erkennen Hindernisse, auf die der gesamte K\u00f6rper trifft, und ziehen sich zur\u00fcck, um ein Herunterfallen der Treppe oder ein H\u00e4ngenbleiben zu vermeiden.<br \/>Intelligente App und einfache Steuerung: Mit der LEFANT-App oder der Fernbedienung k\u00f6nnen Sie ganz einfach Reinigungspl\u00e4ne einrichten, die Reinigungsmodi \u00e4ndern sowie die Saugst\u00e4rke und Reinigungsrichtung steuern. Sie k\u00f6nnen den Staubsaugerroboter auch \u00fcber Google Assistant oder Alexa steuern. Hinweis: Es wird nur 2,4-GHz-WLAN unterst\u00fctzt. (Fernbedienung muss erworben werden: B0D8JBK74V)<br \/>Lange Laufzeit &#038; automatisches Laden: Mit bis zu 120 Minuten Betriebszeit pro Ladung im Leisemodus ist der Saugroboter besonders effizient und kann gro\u00dfe Fl\u00e4chen reinigen, ohne kaputt zu gehen. Sobald die Reinigung abgeschlossen ist oder die Stromversorgung nachl\u00e4sst, navigiert der Saugroboter automatisch zur\u00fcck zur Ladestation und ist f\u00fcr den n\u00e4chsten Einsatz bereit.<br \/>Teppichverst\u00e4rkung und leise Reinigung: Der Roboterstaubsauger M210P ist optimiert und erkennt Teppiche auf intelligente Weise, um die Saugleistung f\u00fcr eine optimale Reinigungsleistung zu maximieren. Der Roboterstaubsauger arbeitet mit einem leisen wei\u00dfen Ton, der Ihre Babys und Haustiere nicht st\u00f6rt.<\/p>\n<p>[ad_2]<\/p>\n","protected":false},"excerpt":{"rendered":"<p>Von der Marke Lefant ist eine innovative Marke. Wir sind bestrebt, Roboterstaubsaugerprodukte zu entwickeln, die durch einen freundlichen und reaktionsschnellen Service unterst\u00fctzt werden, um unsere Kunden auf der ganzen Welt zu begeistern. Unser Konzept ist es, jedem den Komfort der Technologie zu bieten. W\u00e4hlen Sie den Lefant-Staubsaugerroboter, um Ihre H\u00e4nde zu befreien und das Leben [&hellip;]<\/p>\n","protected":false},"featured_media":3865,"comment_status":"open","ping_status":"closed","template":"","meta":{"_aipt_faq_data":""},"store":[],"product_brand":[173],"product_cat":[98],"product_tag":[172],"class_list":{"0":"post-3864","1":"product","2":"type-product","3":"status-publish","4":"has-post-thumbnail","6":"product_brand-lefant","7":"product_cat-industrieroboter","8":"product_tag-industrieroboter-fuer-automobilindustrie","10":"first","11":"instock","12":"shipping-taxable","13":"product-type-external"},"yoast_head":"<!-- This site is optimized with the Yoast SEO plugin v27.0 - https:\/\/yoast.com\/product\/yoast-seo-wordpress\/ -->\n<title>LEFANT Saugroboter, Super Slim Staubsauger Roboter, 2200 Pa Saugleistung, 120 Minuten Laufzeit, WLAN optimiert f\u00fcr Teppiche, Tierhaare, Hartb\u00f6den, Saugroboter mit Ladestation - EasyLifeBro<\/title>\n<meta name=\"description\" content=\"Entdecken Sie smarte Roboter f\u00fcr Zuhause, Garten, Bildung und Sicherheit. Vergleichen Sie Saugroboter, Rasenm\u00e4hroboter, KI-Begleitroboter und mehr bei EasyLifeRobo.\" \/>\n<meta name=\"robots\" content=\"index, follow, max-snippet:-1, max-image-preview:large, max-video-preview:-1\" \/>\n<link rel=\"canonical\" href=\"https:\/\/easyliferobo.com\/de\/product\/lefant-saugroboter-super-slim-staubsauger-roboter-2200-pa-saugleistung-120-minuten-laufzeit-wlan-optimiert-fuer-teppiche-tierhaare-hartboeden-saugroboter-mit-ladestation\/\" \/>\n<meta property=\"og:locale\" content=\"de_DE\" \/>\n<meta property=\"og:type\" content=\"article\" \/>\n<meta property=\"og:title\" content=\"LEFANT Saugroboter, Super Slim Staubsauger Roboter, 2200 Pa Saugleistung, 120 Minuten Laufzeit, WLAN optimiert f\u00fcr Teppiche, Tierhaare, Hartb\u00f6den, Saugroboter mit Ladestation - EasyLifeBro\" \/>\n<meta property=\"og:description\" content=\"Entdecken Sie smarte Roboter f\u00fcr Zuhause, Garten, Bildung und Sicherheit. Vergleichen Sie Saugroboter, Rasenm\u00e4hroboter, KI-Begleitroboter und mehr bei EasyLifeRobo.\" \/>\n<meta property=\"og:url\" content=\"https:\/\/easyliferobo.com\/de\/product\/lefant-saugroboter-super-slim-staubsauger-roboter-2200-pa-saugleistung-120-minuten-laufzeit-wlan-optimiert-fuer-teppiche-tierhaare-hartboeden-saugroboter-mit-ladestation\/\" \/>\n<meta property=\"og:site_name\" content=\"EasyLifeBro\" \/>\n<meta property=\"article:modified_time\" content=\"2026-02-27T10:21:38+00:00\" \/>\n<meta property=\"og:image\" content=\"https:\/\/images-na.ssl-images-amazon.com\/images\/G\/01\/x-locale\/common\/grey-pixel.gif\" \/>\n<meta name=\"twitter:card\" content=\"summary_large_image\" \/>\n<meta name=\"twitter:label1\" content=\"Gesch\u00e4tzte Lesezeit\" \/>\n\t<meta name=\"twitter:data1\" content=\"2\u00a0Minuten\" \/>\n<script type=\"application\/ld+json\" class=\"yoast-schema-graph\">{\"@context\":\"https:\/\/schema.org\",\"@graph\":[{\"@type\":\"WebPage\",\"@id\":\"https:\/\/easyliferobo.com\/de\/product\/lefant-saugroboter-super-slim-staubsauger-roboter-2200-pa-saugleistung-120-minuten-laufzeit-wlan-optimiert-fuer-teppiche-tierhaare-hartboeden-saugroboter-mit-ladestation\/\",\"url\":\"https:\/\/easyliferobo.com\/de\/product\/lefant-saugroboter-super-slim-staubsauger-roboter-2200-pa-saugleistung-120-minuten-laufzeit-wlan-optimiert-fuer-teppiche-tierhaare-hartboeden-saugroboter-mit-ladestation\/\",\"name\":\"LEFANT Saugroboter, Super Slim Staubsauger Roboter, 2200 Pa Saugleistung, 120 Minuten Laufzeit, WLAN optimiert f\u00fcr Teppiche, Tierhaare, Hartb\u00f6den, Saugroboter mit Ladestation - EasyLifeBro\",\"isPartOf\":{\"@id\":\"https:\/\/easyliferobo.com\/de\/#website\"},\"primaryImageOfPage\":{\"@id\":\"https:\/\/easyliferobo.com\/de\/product\/lefant-saugroboter-super-slim-staubsauger-roboter-2200-pa-saugleistung-120-minuten-laufzeit-wlan-optimiert-fuer-teppiche-tierhaare-hartboeden-saugroboter-mit-ladestation\/#primaryimage\"},\"image\":{\"@id\":\"https:\/\/easyliferobo.com\/de\/product\/lefant-saugroboter-super-slim-staubsauger-roboter-2200-pa-saugleistung-120-minuten-laufzeit-wlan-optimiert-fuer-teppiche-tierhaare-hartboeden-saugroboter-mit-ladestation\/#primaryimage\"},\"thumbnailUrl\":\"https:\/\/easyliferobo.com\/de\/wp-content\/uploads\/2026\/02\/616rVE0UCbL._AC_SL1500_.jpg\",\"datePublished\":\"2026-02-27T10:21:17+00:00\",\"dateModified\":\"2026-02-27T10:21:38+00:00\",\"description\":\"Entdecken Sie smarte Roboter f\u00fcr Zuhause, Garten, Bildung und Sicherheit. Vergleichen Sie Saugroboter, Rasenm\u00e4hroboter, KI-Begleitroboter und mehr bei EasyLifeRobo.\",\"breadcrumb\":{\"@id\":\"https:\/\/easyliferobo.com\/de\/product\/lefant-saugroboter-super-slim-staubsauger-roboter-2200-pa-saugleistung-120-minuten-laufzeit-wlan-optimiert-fuer-teppiche-tierhaare-hartboeden-saugroboter-mit-ladestation\/#breadcrumb\"},\"inLanguage\":\"de\",\"potentialAction\":[{\"@type\":\"ReadAction\",\"target\":[\"https:\/\/easyliferobo.com\/de\/product\/lefant-saugroboter-super-slim-staubsauger-roboter-2200-pa-saugleistung-120-minuten-laufzeit-wlan-optimiert-fuer-teppiche-tierhaare-hartboeden-saugroboter-mit-ladestation\/\"]}]},{\"@type\":\"ImageObject\",\"inLanguage\":\"de\",\"@id\":\"https:\/\/easyliferobo.com\/de\/product\/lefant-saugroboter-super-slim-staubsauger-roboter-2200-pa-saugleistung-120-minuten-laufzeit-wlan-optimiert-fuer-teppiche-tierhaare-hartboeden-saugroboter-mit-ladestation\/#primaryimage\",\"url\":\"https:\/\/easyliferobo.com\/de\/wp-content\/uploads\/2026\/02\/616rVE0UCbL._AC_SL1500_.jpg\",\"contentUrl\":\"https:\/\/easyliferobo.com\/de\/wp-content\/uploads\/2026\/02\/616rVE0UCbL._AC_SL1500_.jpg\",\"width\":1422,\"height\":1310},{\"@type\":\"BreadcrumbList\",\"@id\":\"https:\/\/easyliferobo.com\/de\/product\/lefant-saugroboter-super-slim-staubsauger-roboter-2200-pa-saugleistung-120-minuten-laufzeit-wlan-optimiert-fuer-teppiche-tierhaare-hartboeden-saugroboter-mit-ladestation\/#breadcrumb\",\"itemListElement\":[{\"@type\":\"ListItem\",\"position\":1,\"name\":\"Home\",\"item\":\"https:\/\/easyliferobo.com\/de\/\"},{\"@type\":\"ListItem\",\"position\":2,\"name\":\"Shop\",\"item\":\"https:\/\/easyliferobo.com\/de\/shop\/\"},{\"@type\":\"ListItem\",\"position\":3,\"name\":\"LEFANT Saugroboter, Super Slim Stau...\"}]},{\"@type\":\"WebSite\",\"@id\":\"https:\/\/easyliferobo.com\/de\/#website\",\"url\":\"https:\/\/easyliferobo.com\/de\/\",\"name\":\"EasyLifeBro\",\"description\":\"Smarte Roboter f\u00fcr Zuhause, Garten &amp; Bildung\",\"publisher\":{\"@id\":\"https:\/\/easyliferobo.com\/de\/#organization\"},\"potentialAction\":[{\"@type\":\"SearchAction\",\"target\":{\"@type\":\"EntryPoint\",\"urlTemplate\":\"https:\/\/easyliferobo.com\/de\/?s={search_term_string}\"},\"query-input\":{\"@type\":\"PropertyValueSpecification\",\"valueRequired\":true,\"valueName\":\"search_term_string\"}}],\"inLanguage\":\"de\"},{\"@type\":\"Organization\",\"@id\":\"https:\/\/easyliferobo.com\/de\/#organization\",\"name\":\"EasyLifeBro\",\"url\":\"https:\/\/easyliferobo.com\/de\/\",\"logo\":{\"@type\":\"ImageObject\",\"inLanguage\":\"de\",\"@id\":\"https:\/\/easyliferobo.com\/de\/#\/schema\/logo\/image\/\",\"url\":\"https:\/\/easyliferobo.com\/de\/wp-content\/uploads\/2026\/02\/Screenshot-2026-02-22-at-2.25.03-PM.png\",\"contentUrl\":\"https:\/\/easyliferobo.com\/de\/wp-content\/uploads\/2026\/02\/Screenshot-2026-02-22-at-2.25.03-PM.png\",\"width\":1858,\"height\":430,\"caption\":\"EasyLifeBro\"},\"image\":{\"@id\":\"https:\/\/easyliferobo.com\/de\/#\/schema\/logo\/image\/\"}}]}<\/script>\n<!-- \/ Yoast SEO plugin. -->","yoast_head_json":{"title":"LEFANT Saugroboter, Super Slim Staubsauger Roboter, 2200 Pa Saugleistung, 120 Minuten Laufzeit, WLAN optimiert f\u00fcr Teppiche, Tierhaare, Hartb\u00f6den, Saugroboter mit Ladestation - EasyLifeBro","description":"Entdecken Sie smarte Roboter f\u00fcr Zuhause, Garten, Bildung und Sicherheit. Vergleichen Sie Saugroboter, Rasenm\u00e4hroboter, KI-Begleitroboter und mehr bei EasyLifeRobo.","robots":{"index":"index","follow":"follow","max-snippet":"max-snippet:-1","max-image-preview":"max-image-preview:large","max-video-preview":"max-video-preview:-1"},"canonical":"https:\/\/easyliferobo.com\/de\/product\/lefant-saugroboter-super-slim-staubsauger-roboter-2200-pa-saugleistung-120-minuten-laufzeit-wlan-optimiert-fuer-teppiche-tierhaare-hartboeden-saugroboter-mit-ladestation\/","og_locale":"de_DE","og_type":"article","og_title":"LEFANT Saugroboter, Super Slim Staubsauger Roboter, 2200 Pa Saugleistung, 120 Minuten Laufzeit, WLAN optimiert f\u00fcr Teppiche, Tierhaare, Hartb\u00f6den, Saugroboter mit Ladestation - EasyLifeBro","og_description":"Entdecken Sie smarte Roboter f\u00fcr Zuhause, Garten, Bildung und Sicherheit. Vergleichen Sie Saugroboter, Rasenm\u00e4hroboter, KI-Begleitroboter und mehr bei EasyLifeRobo.","og_url":"https:\/\/easyliferobo.com\/de\/product\/lefant-saugroboter-super-slim-staubsauger-roboter-2200-pa-saugleistung-120-minuten-laufzeit-wlan-optimiert-fuer-teppiche-tierhaare-hartboeden-saugroboter-mit-ladestation\/","og_site_name":"EasyLifeBro","article_modified_time":"2026-02-27T10:21:38+00:00","og_image":[{"url":"https:\/\/images-na.ssl-images-amazon.com\/images\/G\/01\/x-locale\/common\/grey-pixel.gif","type":"","width":"","height":""}],"twitter_card":"summary_large_image","twitter_misc":{"Gesch\u00e4tzte Lesezeit":"2\u00a0Minuten"},"schema":{"@context":"https:\/\/schema.org","@graph":[{"@type":"WebPage","@id":"https:\/\/easyliferobo.com\/de\/product\/lefant-saugroboter-super-slim-staubsauger-roboter-2200-pa-saugleistung-120-minuten-laufzeit-wlan-optimiert-fuer-teppiche-tierhaare-hartboeden-saugroboter-mit-ladestation\/","url":"https:\/\/easyliferobo.com\/de\/product\/lefant-saugroboter-super-slim-staubsauger-roboter-2200-pa-saugleistung-120-minuten-laufzeit-wlan-optimiert-fuer-teppiche-tierhaare-hartboeden-saugroboter-mit-ladestation\/","name":"LEFANT Saugroboter, Super Slim Staubsauger Roboter, 2200 Pa Saugleistung, 120 Minuten Laufzeit, WLAN optimiert f\u00fcr Teppiche, Tierhaare, Hartb\u00f6den, Saugroboter mit Ladestation - EasyLifeBro","isPartOf":{"@id":"https:\/\/easyliferobo.com\/de\/#website"},"primaryImageOfPage":{"@id":"https:\/\/easyliferobo.com\/de\/product\/lefant-saugroboter-super-slim-staubsauger-roboter-2200-pa-saugleistung-120-minuten-laufzeit-wlan-optimiert-fuer-teppiche-tierhaare-hartboeden-saugroboter-mit-ladestation\/#primaryimage"},"image":{"@id":"https:\/\/easyliferobo.com\/de\/product\/lefant-saugroboter-super-slim-staubsauger-roboter-2200-pa-saugleistung-120-minuten-laufzeit-wlan-optimiert-fuer-teppiche-tierhaare-hartboeden-saugroboter-mit-ladestation\/#primaryimage"},"thumbnailUrl":"https:\/\/easyliferobo.com\/de\/wp-content\/uploads\/2026\/02\/616rVE0UCbL._AC_SL1500_.jpg","datePublished":"2026-02-27T10:21:17+00:00","dateModified":"2026-02-27T10:21:38+00:00","description":"Entdecken Sie smarte Roboter f\u00fcr Zuhause, Garten, Bildung und Sicherheit. Vergleichen Sie Saugroboter, Rasenm\u00e4hroboter, KI-Begleitroboter und mehr bei EasyLifeRobo.","breadcrumb":{"@id":"https:\/\/easyliferobo.com\/de\/product\/lefant-saugroboter-super-slim-staubsauger-roboter-2200-pa-saugleistung-120-minuten-laufzeit-wlan-optimiert-fuer-teppiche-tierhaare-hartboeden-saugroboter-mit-ladestation\/#breadcrumb"},"inLanguage":"de","potentialAction":[{"@type":"ReadAction","target":["https:\/\/easyliferobo.com\/de\/product\/lefant-saugroboter-super-slim-staubsauger-roboter-2200-pa-saugleistung-120-minuten-laufzeit-wlan-optimiert-fuer-teppiche-tierhaare-hartboeden-saugroboter-mit-ladestation\/"]}]},{"@type":"ImageObject","inLanguage":"de","@id":"https:\/\/easyliferobo.com\/de\/product\/lefant-saugroboter-super-slim-staubsauger-roboter-2200-pa-saugleistung-120-minuten-laufzeit-wlan-optimiert-fuer-teppiche-tierhaare-hartboeden-saugroboter-mit-ladestation\/#primaryimage","url":"https:\/\/easyliferobo.com\/de\/wp-content\/uploads\/2026\/02\/616rVE0UCbL._AC_SL1500_.jpg","contentUrl":"https:\/\/easyliferobo.com\/de\/wp-content\/uploads\/2026\/02\/616rVE0UCbL._AC_SL1500_.jpg","width":1422,"height":1310},{"@type":"BreadcrumbList","@id":"https:\/\/easyliferobo.com\/de\/product\/lefant-saugroboter-super-slim-staubsauger-roboter-2200-pa-saugleistung-120-minuten-laufzeit-wlan-optimiert-fuer-teppiche-tierhaare-hartboeden-saugroboter-mit-ladestation\/#breadcrumb","itemListElement":[{"@type":"ListItem","position":1,"name":"Home","item":"https:\/\/easyliferobo.com\/de\/"},{"@type":"ListItem","position":2,"name":"Shop","item":"https:\/\/easyliferobo.com\/de\/shop\/"},{"@type":"ListItem","position":3,"name":"LEFANT Saugroboter, Super Slim Stau..."}]},{"@type":"WebSite","@id":"https:\/\/easyliferobo.com\/de\/#website","url":"https:\/\/easyliferobo.com\/de\/","name":"EasyLifeBro","description":"Smarte Roboter f\u00fcr Zuhause, Garten &amp; Bildung","publisher":{"@id":"https:\/\/easyliferobo.com\/de\/#organization"},"potentialAction":[{"@type":"SearchAction","target":{"@type":"EntryPoint","urlTemplate":"https:\/\/easyliferobo.com\/de\/?s={search_term_string}"},"query-input":{"@type":"PropertyValueSpecification","valueRequired":true,"valueName":"search_term_string"}}],"inLanguage":"de"},{"@type":"Organization","@id":"https:\/\/easyliferobo.com\/de\/#organization","name":"EasyLifeBro","url":"https:\/\/easyliferobo.com\/de\/","logo":{"@type":"ImageObject","inLanguage":"de","@id":"https:\/\/easyliferobo.com\/de\/#\/schema\/logo\/image\/","url":"https:\/\/easyliferobo.com\/de\/wp-content\/uploads\/2026\/02\/Screenshot-2026-02-22-at-2.25.03-PM.png","contentUrl":"https:\/\/easyliferobo.com\/de\/wp-content\/uploads\/2026\/02\/Screenshot-2026-02-22-at-2.25.03-PM.png","width":1858,"height":430,"caption":"EasyLifeBro"},"image":{"@id":"https:\/\/easyliferobo.com\/de\/#\/schema\/logo\/image\/"}}]}},"_links":{"self":[{"href":"https:\/\/easyliferobo.com\/de\/wp-json\/wp\/v2\/product\/3864","targetHints":{"allow":["GET"]}}],"collection":[{"href":"https:\/\/easyliferobo.com\/de\/wp-json\/wp\/v2\/product"}],"about":[{"href":"https:\/\/easyliferobo.com\/de\/wp-json\/wp\/v2\/types\/product"}],"replies":[{"embeddable":true,"href":"https:\/\/easyliferobo.com\/de\/wp-json\/wp\/v2\/comments?post=3864"}],"wp:featuredmedia":[{"embeddable":true,"href":"https:\/\/easyliferobo.com\/de\/wp-json\/wp\/v2\/media\/3865"}],"wp:attachment":[{"href":"https:\/\/easyliferobo.com\/de\/wp-json\/wp\/v2\/media?parent=3864"}],"wp:term":[{"taxonomy":"store","embeddable":true,"href":"https:\/\/easyliferobo.com\/de\/wp-json\/wp\/v2\/store?post=3864"},{"taxonomy":"product_brand","embeddable":true,"href":"https:\/\/easyliferobo.com\/de\/wp-json\/wp\/v2\/product_brand?post=3864"},{"taxonomy":"product_cat","embeddable":true,"href":"https:\/\/easyliferobo.com\/de\/wp-json\/wp\/v2\/product_cat?post=3864"},{"taxonomy":"product_tag","embeddable":true,"href":"https:\/\/easyliferobo.com\/de\/wp-json\/wp\/v2\/product_tag?post=3864"}],"curies":[{"name":"wp","href":"https:\/\/api.w.org\/{rel}","templated":true}]}}