
{"id":3854,"date":"2026-02-27T10:19:56","date_gmt":"2026-02-27T10:19:56","guid":{"rendered":"https:\/\/easyliferobo.com\/de\/product\/mark-adler-junior-4-6-ergonomischer-kinder-schreibtischstuhl-drehstuhl-hoehenverstellbare-rueckenlehne-verstellbare-360-drehung-klappbare-armlehnen-schwerkraftraeder-fussstuetze-blau\/"},"modified":"2026-02-27T10:20:22","modified_gmt":"2026-02-27T10:20:22","slug":"mark-adler-junior-4-6-ergonomischer-kinder-schreibtischstuhl-drehstuhl-hoehenverstellbare-rueckenlehne-verstellbare-360-drehung-klappbare-armlehnen-schwerkraftraeder-fussstuetze-blau","status":"publish","type":"product","link":"https:\/\/easyliferobo.com\/de\/product\/mark-adler-junior-4-6-ergonomischer-kinder-schreibtischstuhl-drehstuhl-hoehenverstellbare-rueckenlehne-verstellbare-360-drehung-klappbare-armlehnen-schwerkraftraeder-fussstuetze-blau\/","title":{"rendered":"MARK ADLER Junior 4.6 Ergonomischer..."},"content":{"rendered":"<p>\n                                             Von der Marke   <\/p>\n<p>                                              <img decoding=\"async\" alt=\"Mark Adler ist ein Hersteller von B\u00fcrost\u00fchlen, Schreibtischen und Zubeh\u00f6r. \" src=\"https:\/\/images-na.ssl-images-amazon.com\/images\/G\/01\/x-locale\/common\/grey-pixel.gif\" class=\"a-lazy-loaded\" data-src=\"https:\/\/m.media-amazon.com\/images\/S\/aplus-media-library-service-media\/255c7891-3ce2-445d-bd0d-2f20a1255e07.__CR0,0,2500,1067_PT0_SX1464_V1___.png\"><img decoding=\"async\" alt=\"Mark Adler ist ein Hersteller von B\u00fcrost\u00fchlen, Schreibtischen und Zubeh\u00f6r. \" src=\"https:\/\/m.media-amazon.com\/images\/S\/aplus-media-library-service-media\/255c7891-3ce2-445d-bd0d-2f20a1255e07.__CR0,0,2500,1067_PT0_SX1464_V1___.png\">  <\/p>\n<p>                                              <img decoding=\"async\" alt=\"Wir sind eine polnische Marke f\u00fcr B\u00fcrost\u00fchle, Schreibtische und Wohnaccessoires. \" src=\"https:\/\/images-na.ssl-images-amazon.com\/images\/G\/01\/x-locale\/common\/grey-pixel.gif\" class=\"a-lazy-loaded\" data-src=\"https:\/\/m.media-amazon.com\/images\/S\/aplus-media-library-service-media\/dd2ce7e7-ec06-42f5-8344-2f7b6c50a168.__CR0,39,800,1001_PT0_SX362_V1___.png\"><img decoding=\"async\" alt=\"Wir sind eine polnische Marke f\u00fcr B\u00fcrost\u00fchle, Schreibtische und Wohnaccessoires. \" src=\"https:\/\/m.media-amazon.com\/images\/S\/aplus-media-library-service-media\/dd2ce7e7-ec06-42f5-8344-2f7b6c50a168.__CR0,39,800,1001_PT0_SX362_V1___.png\">  <\/p>\n<p>                                              <img decoding=\"async\" alt=\"Ihre Wahl f\u00fcr Komfort und Eleganz.\" src=\"https:\/\/images-na.ssl-images-amazon.com\/images\/G\/01\/x-locale\/common\/grey-pixel.gif\" class=\"a-lazy-loaded\" data-src=\"https:\/\/m.media-amazon.com\/images\/S\/aplus-media-library-service-media\/d9a7eb23-6330-4aa3-8f5c-375d9aa18e3d.__CR0,39,800,1001_PT0_SX362_V1___.png\"><img decoding=\"async\" alt=\"Ihre Wahl f\u00fcr Komfort und Eleganz.\" src=\"https:\/\/m.media-amazon.com\/images\/S\/aplus-media-library-service-media\/d9a7eb23-6330-4aa3-8f5c-375d9aa18e3d.__CR0,39,800,1001_PT0_SX362_V1___.png\">  <\/p>\n<h3>  B\u00fcrost\u00fchle <\/h3>\n<p>                                              <img decoding=\"async\" alt=\"\" src=\"https:\/\/images-na.ssl-images-amazon.com\/images\/G\/01\/x-locale\/common\/grey-pixel.gif\" class=\"a-lazy-loaded\" data-src=\"https:\/\/m.media-amazon.com\/images\/S\/aplus-media-library-service-media\/8de560fc-098b-40c5-8088-051d10c54c38.__CR783,0,1053,1318_PT0_SX362_V1___.png\"><img decoding=\"async\" alt=\"\" src=\"https:\/\/m.media-amazon.com\/images\/S\/aplus-media-library-service-media\/8de560fc-098b-40c5-8088-051d10c54c38.__CR783,0,1053,1318_PT0_SX362_V1___.png\">  <\/p>\n<h3>  H\u00f6henverstellbare Tische <\/h3>\n<h3>  Schreibtische  <\/h3>\n<h3>  Drehst\u00fchle und Esszimmerst\u00fchle <\/h3>\n<p>                                              <img decoding=\"async\" alt=\"\" src=\"https:\/\/images-na.ssl-images-amazon.com\/images\/G\/01\/x-locale\/common\/grey-pixel.gif\" class=\"a-lazy-loaded\" data-src=\"https:\/\/m.media-amazon.com\/images\/S\/aplus-media-library-service-media\/df69be5b-c009-4cf0-bf0d-e3962239d488.__CR200,100,799,1000_PT0_SX362_V1___.jpg\"><img decoding=\"async\" alt=\"\" src=\"https:\/\/m.media-amazon.com\/images\/S\/aplus-media-library-service-media\/df69be5b-c009-4cf0-bf0d-e3962239d488.__CR200,100,799,1000_PT0_SX362_V1___.jpg\">  <\/p>\n<h3>  Heim- und B\u00fcrobedarf <\/h3>\n<p>Ergonomischer Drehstuhl f\u00fcr Kinder: Der Schreibtischstuhl bietet vielf\u00e4ltige Einstellm\u00f6glichkeiten f\u00fcr Sitzh\u00f6he, R\u00fcckenlehne und Fu\u00dfring \u2013 ideal f\u00fcr heranwachsende Kinder.<br \/>Gesunde Sitzhaltung dank flexibler R\u00fcckenlehne: Die zweifache Verstellung der R\u00fcckenlehne (H\u00f6he und Tiefe) sorgt f\u00fcr eine optimale Unterst\u00fctzung des R\u00fcckens und f\u00f6rdert eine gesunde Haltung.<br \/>H\u00f6henverstellbarer Sitz mit Fu\u00dfring: Der um 10 cm h\u00f6henverstellbare Sitz sorgt in Kombination mit dem verstellbaren Fu\u00dfring f\u00fcr ergonomisches Sitzen \u2013 auch f\u00fcr kleinere Kinder.<br \/>Klappbare Armlehnen und 360\u00b0-Drehung: Die platzsparenden klappbaren Armlehnen und die freie Drehbarkeit des Stuhls garantieren Bewegungsfreiheit und Komfort im Kinderzimmer oder Arbeitsbereich.<br \/>Sicheres Sitzen dank Schwerkraftr\u00e4dern: Die automatische Rollensperre beim Sitzen verhindert ungewolltes Wegrollen \u2013 f\u00fcr mehr Sicherheit und Konzentration beim Lernen.<\/p>\n<p>[ad_2]<\/p>\n","protected":false},"excerpt":{"rendered":"<p>Von der Marke B\u00fcrost\u00fchle H\u00f6henverstellbare Tische Schreibtische Drehst\u00fchle und Esszimmerst\u00fchle Heim- und B\u00fcrobedarf Ergonomischer Drehstuhl f\u00fcr Kinder: Der Schreibtischstuhl bietet vielf\u00e4ltige Einstellm\u00f6glichkeiten f\u00fcr Sitzh\u00f6he, R\u00fcckenlehne und Fu\u00dfring \u2013 ideal f\u00fcr heranwachsende Kinder.Gesunde Sitzhaltung dank flexibler R\u00fcckenlehne: Die zweifache Verstellung der R\u00fcckenlehne (H\u00f6he und Tiefe) sorgt f\u00fcr eine optimale Unterst\u00fctzung des R\u00fcckens und f\u00f6rdert eine gesunde [&hellip;]<\/p>\n","protected":false},"featured_media":3855,"comment_status":"open","ping_status":"closed","template":"","meta":{"_aipt_faq_data":""},"store":[],"product_brand":[404],"product_cat":[99],"product_tag":[403],"class_list":{"0":"post-3854","1":"product","2":"type-product","3":"status-publish","4":"has-post-thumbnail","6":"product_brand-mark-adler","7":"product_cat-tisch-roboterarme","8":"product_tag-tisch-roboterarme-schreibtischmodelle","10":"first","11":"instock","12":"sale","13":"shipping-taxable","14":"product-type-external"},"yoast_head":"<!-- This site is optimized with the Yoast SEO plugin v27.4 - https:\/\/yoast.com\/product\/yoast-seo-wordpress\/ -->\n<title>MARK ADLER Junior 4.6 Ergonomischer Kinder-Schreibtischstuhl, Drehstuhl, h\u00f6henverstellbare R\u00fcckenlehne, verstellbare 360\u00b0-Drehung, klappbare Armlehnen, Schwerkraftr\u00e4der, Fu\u00dfst\u00fctze, blau - EasyLifeBro<\/title>\n<meta name=\"description\" content=\"Entdecken Sie smarte Roboter f\u00fcr Zuhause, Garten, Bildung und Sicherheit. Vergleichen Sie Saugroboter, Rasenm\u00e4hroboter, KI-Begleitroboter und mehr bei EasyLifeRobo.\" \/>\n<meta name=\"robots\" content=\"index, follow, max-snippet:-1, max-image-preview:large, max-video-preview:-1\" \/>\n<link rel=\"canonical\" href=\"https:\/\/easyliferobo.com\/de\/product\/mark-adler-junior-4-6-ergonomischer-kinder-schreibtischstuhl-drehstuhl-hoehenverstellbare-rueckenlehne-verstellbare-360-drehung-klappbare-armlehnen-schwerkraftraeder-fussstuetze-blau\/\" \/>\n<meta property=\"og:locale\" content=\"de_DE\" \/>\n<meta property=\"og:type\" content=\"article\" \/>\n<meta property=\"og:title\" content=\"MARK ADLER Junior 4.6 Ergonomischer Kinder-Schreibtischstuhl, Drehstuhl, h\u00f6henverstellbare R\u00fcckenlehne, verstellbare 360\u00b0-Drehung, klappbare Armlehnen, Schwerkraftr\u00e4der, Fu\u00dfst\u00fctze, blau - EasyLifeBro\" \/>\n<meta property=\"og:description\" content=\"Entdecken Sie smarte Roboter f\u00fcr Zuhause, Garten, Bildung und Sicherheit. Vergleichen Sie Saugroboter, Rasenm\u00e4hroboter, KI-Begleitroboter und mehr bei EasyLifeRobo.\" \/>\n<meta property=\"og:url\" content=\"https:\/\/easyliferobo.com\/de\/product\/mark-adler-junior-4-6-ergonomischer-kinder-schreibtischstuhl-drehstuhl-hoehenverstellbare-rueckenlehne-verstellbare-360-drehung-klappbare-armlehnen-schwerkraftraeder-fussstuetze-blau\/\" \/>\n<meta property=\"og:site_name\" content=\"EasyLifeBro\" \/>\n<meta property=\"article:modified_time\" content=\"2026-02-27T10:20:22+00:00\" \/>\n<meta property=\"og:image\" content=\"https:\/\/images-na.ssl-images-amazon.com\/images\/G\/01\/x-locale\/common\/grey-pixel.gif\" \/>\n<meta name=\"twitter:card\" content=\"summary_large_image\" \/>\n<meta name=\"twitter:label1\" content=\"Gesch\u00e4tzte Lesezeit\" \/>\n\t<meta name=\"twitter:data1\" content=\"1\u00a0Minute\" \/>\n<script type=\"application\/ld+json\" class=\"yoast-schema-graph\">{\"@context\":\"https:\\\/\\\/schema.org\",\"@graph\":[{\"@type\":\"WebPage\",\"@id\":\"https:\\\/\\\/easyliferobo.com\\\/de\\\/product\\\/mark-adler-junior-4-6-ergonomischer-kinder-schreibtischstuhl-drehstuhl-hoehenverstellbare-rueckenlehne-verstellbare-360-drehung-klappbare-armlehnen-schwerkraftraeder-fussstuetze-blau\\\/\",\"url\":\"https:\\\/\\\/easyliferobo.com\\\/de\\\/product\\\/mark-adler-junior-4-6-ergonomischer-kinder-schreibtischstuhl-drehstuhl-hoehenverstellbare-rueckenlehne-verstellbare-360-drehung-klappbare-armlehnen-schwerkraftraeder-fussstuetze-blau\\\/\",\"name\":\"MARK ADLER Junior 4.6 Ergonomischer Kinder-Schreibtischstuhl, Drehstuhl, h\u00f6henverstellbare R\u00fcckenlehne, verstellbare 360\u00b0-Drehung, klappbare Armlehnen, Schwerkraftr\u00e4der, Fu\u00dfst\u00fctze, blau - EasyLifeBro\",\"isPartOf\":{\"@id\":\"https:\\\/\\\/easyliferobo.com\\\/de\\\/#website\"},\"primaryImageOfPage\":{\"@id\":\"https:\\\/\\\/easyliferobo.com\\\/de\\\/product\\\/mark-adler-junior-4-6-ergonomischer-kinder-schreibtischstuhl-drehstuhl-hoehenverstellbare-rueckenlehne-verstellbare-360-drehung-klappbare-armlehnen-schwerkraftraeder-fussstuetze-blau\\\/#primaryimage\"},\"image\":{\"@id\":\"https:\\\/\\\/easyliferobo.com\\\/de\\\/product\\\/mark-adler-junior-4-6-ergonomischer-kinder-schreibtischstuhl-drehstuhl-hoehenverstellbare-rueckenlehne-verstellbare-360-drehung-klappbare-armlehnen-schwerkraftraeder-fussstuetze-blau\\\/#primaryimage\"},\"thumbnailUrl\":\"https:\\\/\\\/easyliferobo.com\\\/de\\\/wp-content\\\/uploads\\\/2026\\\/02\\\/71-859Ad42L._AC_SL1500_.jpg\",\"datePublished\":\"2026-02-27T10:19:56+00:00\",\"dateModified\":\"2026-02-27T10:20:22+00:00\",\"description\":\"Entdecken Sie smarte Roboter f\u00fcr Zuhause, Garten, Bildung und Sicherheit. Vergleichen Sie Saugroboter, Rasenm\u00e4hroboter, KI-Begleitroboter und mehr bei EasyLifeRobo.\",\"breadcrumb\":{\"@id\":\"https:\\\/\\\/easyliferobo.com\\\/de\\\/product\\\/mark-adler-junior-4-6-ergonomischer-kinder-schreibtischstuhl-drehstuhl-hoehenverstellbare-rueckenlehne-verstellbare-360-drehung-klappbare-armlehnen-schwerkraftraeder-fussstuetze-blau\\\/#breadcrumb\"},\"inLanguage\":\"de\",\"potentialAction\":[{\"@type\":\"ReadAction\",\"target\":[\"https:\\\/\\\/easyliferobo.com\\\/de\\\/product\\\/mark-adler-junior-4-6-ergonomischer-kinder-schreibtischstuhl-drehstuhl-hoehenverstellbare-rueckenlehne-verstellbare-360-drehung-klappbare-armlehnen-schwerkraftraeder-fussstuetze-blau\\\/\"]}]},{\"@type\":\"ImageObject\",\"inLanguage\":\"de\",\"@id\":\"https:\\\/\\\/easyliferobo.com\\\/de\\\/product\\\/mark-adler-junior-4-6-ergonomischer-kinder-schreibtischstuhl-drehstuhl-hoehenverstellbare-rueckenlehne-verstellbare-360-drehung-klappbare-armlehnen-schwerkraftraeder-fussstuetze-blau\\\/#primaryimage\",\"url\":\"https:\\\/\\\/easyliferobo.com\\\/de\\\/wp-content\\\/uploads\\\/2026\\\/02\\\/71-859Ad42L._AC_SL1500_.jpg\",\"contentUrl\":\"https:\\\/\\\/easyliferobo.com\\\/de\\\/wp-content\\\/uploads\\\/2026\\\/02\\\/71-859Ad42L._AC_SL1500_.jpg\",\"width\":1500,\"height\":1471},{\"@type\":\"BreadcrumbList\",\"@id\":\"https:\\\/\\\/easyliferobo.com\\\/de\\\/product\\\/mark-adler-junior-4-6-ergonomischer-kinder-schreibtischstuhl-drehstuhl-hoehenverstellbare-rueckenlehne-verstellbare-360-drehung-klappbare-armlehnen-schwerkraftraeder-fussstuetze-blau\\\/#breadcrumb\",\"itemListElement\":[{\"@type\":\"ListItem\",\"position\":1,\"name\":\"Home\",\"item\":\"https:\\\/\\\/easyliferobo.com\\\/de\\\/\"},{\"@type\":\"ListItem\",\"position\":2,\"name\":\"Shop\",\"item\":\"https:\\\/\\\/easyliferobo.com\\\/de\\\/shop\\\/\"},{\"@type\":\"ListItem\",\"position\":3,\"name\":\"MARK ADLER Junior 4.6 Ergonomischer...\"}]},{\"@type\":\"WebSite\",\"@id\":\"https:\\\/\\\/easyliferobo.com\\\/de\\\/#website\",\"url\":\"https:\\\/\\\/easyliferobo.com\\\/de\\\/\",\"name\":\"EasyLifeBro\",\"description\":\"Smarte Roboter f\u00fcr Zuhause, Garten &amp; Bildung\",\"publisher\":{\"@id\":\"https:\\\/\\\/easyliferobo.com\\\/de\\\/#organization\"},\"potentialAction\":[{\"@type\":\"SearchAction\",\"target\":{\"@type\":\"EntryPoint\",\"urlTemplate\":\"https:\\\/\\\/easyliferobo.com\\\/de\\\/?s={search_term_string}\"},\"query-input\":{\"@type\":\"PropertyValueSpecification\",\"valueRequired\":true,\"valueName\":\"search_term_string\"}}],\"inLanguage\":\"de\"},{\"@type\":\"Organization\",\"@id\":\"https:\\\/\\\/easyliferobo.com\\\/de\\\/#organization\",\"name\":\"EasyLifeBro\",\"url\":\"https:\\\/\\\/easyliferobo.com\\\/de\\\/\",\"logo\":{\"@type\":\"ImageObject\",\"inLanguage\":\"de\",\"@id\":\"https:\\\/\\\/easyliferobo.com\\\/de\\\/#\\\/schema\\\/logo\\\/image\\\/\",\"url\":\"https:\\\/\\\/easyliferobo.com\\\/de\\\/wp-content\\\/uploads\\\/2026\\\/02\\\/Screenshot-2026-02-22-at-2.25.03-PM.png\",\"contentUrl\":\"https:\\\/\\\/easyliferobo.com\\\/de\\\/wp-content\\\/uploads\\\/2026\\\/02\\\/Screenshot-2026-02-22-at-2.25.03-PM.png\",\"width\":1858,\"height\":430,\"caption\":\"EasyLifeBro\"},\"image\":{\"@id\":\"https:\\\/\\\/easyliferobo.com\\\/de\\\/#\\\/schema\\\/logo\\\/image\\\/\"}}]}<\/script>\n<!-- \/ Yoast SEO plugin. -->","yoast_head_json":{"title":"MARK ADLER Junior 4.6 Ergonomischer Kinder-Schreibtischstuhl, Drehstuhl, h\u00f6henverstellbare R\u00fcckenlehne, verstellbare 360\u00b0-Drehung, klappbare Armlehnen, Schwerkraftr\u00e4der, Fu\u00dfst\u00fctze, blau - EasyLifeBro","description":"Entdecken Sie smarte Roboter f\u00fcr Zuhause, Garten, Bildung und Sicherheit. Vergleichen Sie Saugroboter, Rasenm\u00e4hroboter, KI-Begleitroboter und mehr bei EasyLifeRobo.","robots":{"index":"index","follow":"follow","max-snippet":"max-snippet:-1","max-image-preview":"max-image-preview:large","max-video-preview":"max-video-preview:-1"},"canonical":"https:\/\/easyliferobo.com\/de\/product\/mark-adler-junior-4-6-ergonomischer-kinder-schreibtischstuhl-drehstuhl-hoehenverstellbare-rueckenlehne-verstellbare-360-drehung-klappbare-armlehnen-schwerkraftraeder-fussstuetze-blau\/","og_locale":"de_DE","og_type":"article","og_title":"MARK ADLER Junior 4.6 Ergonomischer Kinder-Schreibtischstuhl, Drehstuhl, h\u00f6henverstellbare R\u00fcckenlehne, verstellbare 360\u00b0-Drehung, klappbare Armlehnen, Schwerkraftr\u00e4der, Fu\u00dfst\u00fctze, blau - EasyLifeBro","og_description":"Entdecken Sie smarte Roboter f\u00fcr Zuhause, Garten, Bildung und Sicherheit. Vergleichen Sie Saugroboter, Rasenm\u00e4hroboter, KI-Begleitroboter und mehr bei EasyLifeRobo.","og_url":"https:\/\/easyliferobo.com\/de\/product\/mark-adler-junior-4-6-ergonomischer-kinder-schreibtischstuhl-drehstuhl-hoehenverstellbare-rueckenlehne-verstellbare-360-drehung-klappbare-armlehnen-schwerkraftraeder-fussstuetze-blau\/","og_site_name":"EasyLifeBro","article_modified_time":"2026-02-27T10:20:22+00:00","og_image":[{"url":"https:\/\/images-na.ssl-images-amazon.com\/images\/G\/01\/x-locale\/common\/grey-pixel.gif","type":"","width":"","height":""}],"twitter_card":"summary_large_image","twitter_misc":{"Gesch\u00e4tzte Lesezeit":"1\u00a0Minute"},"schema":{"@context":"https:\/\/schema.org","@graph":[{"@type":"WebPage","@id":"https:\/\/easyliferobo.com\/de\/product\/mark-adler-junior-4-6-ergonomischer-kinder-schreibtischstuhl-drehstuhl-hoehenverstellbare-rueckenlehne-verstellbare-360-drehung-klappbare-armlehnen-schwerkraftraeder-fussstuetze-blau\/","url":"https:\/\/easyliferobo.com\/de\/product\/mark-adler-junior-4-6-ergonomischer-kinder-schreibtischstuhl-drehstuhl-hoehenverstellbare-rueckenlehne-verstellbare-360-drehung-klappbare-armlehnen-schwerkraftraeder-fussstuetze-blau\/","name":"MARK ADLER Junior 4.6 Ergonomischer Kinder-Schreibtischstuhl, Drehstuhl, h\u00f6henverstellbare R\u00fcckenlehne, verstellbare 360\u00b0-Drehung, klappbare Armlehnen, Schwerkraftr\u00e4der, Fu\u00dfst\u00fctze, blau - EasyLifeBro","isPartOf":{"@id":"https:\/\/easyliferobo.com\/de\/#website"},"primaryImageOfPage":{"@id":"https:\/\/easyliferobo.com\/de\/product\/mark-adler-junior-4-6-ergonomischer-kinder-schreibtischstuhl-drehstuhl-hoehenverstellbare-rueckenlehne-verstellbare-360-drehung-klappbare-armlehnen-schwerkraftraeder-fussstuetze-blau\/#primaryimage"},"image":{"@id":"https:\/\/easyliferobo.com\/de\/product\/mark-adler-junior-4-6-ergonomischer-kinder-schreibtischstuhl-drehstuhl-hoehenverstellbare-rueckenlehne-verstellbare-360-drehung-klappbare-armlehnen-schwerkraftraeder-fussstuetze-blau\/#primaryimage"},"thumbnailUrl":"https:\/\/easyliferobo.com\/de\/wp-content\/uploads\/2026\/02\/71-859Ad42L._AC_SL1500_.jpg","datePublished":"2026-02-27T10:19:56+00:00","dateModified":"2026-02-27T10:20:22+00:00","description":"Entdecken Sie smarte Roboter f\u00fcr Zuhause, Garten, Bildung und Sicherheit. Vergleichen Sie Saugroboter, Rasenm\u00e4hroboter, KI-Begleitroboter und mehr bei EasyLifeRobo.","breadcrumb":{"@id":"https:\/\/easyliferobo.com\/de\/product\/mark-adler-junior-4-6-ergonomischer-kinder-schreibtischstuhl-drehstuhl-hoehenverstellbare-rueckenlehne-verstellbare-360-drehung-klappbare-armlehnen-schwerkraftraeder-fussstuetze-blau\/#breadcrumb"},"inLanguage":"de","potentialAction":[{"@type":"ReadAction","target":["https:\/\/easyliferobo.com\/de\/product\/mark-adler-junior-4-6-ergonomischer-kinder-schreibtischstuhl-drehstuhl-hoehenverstellbare-rueckenlehne-verstellbare-360-drehung-klappbare-armlehnen-schwerkraftraeder-fussstuetze-blau\/"]}]},{"@type":"ImageObject","inLanguage":"de","@id":"https:\/\/easyliferobo.com\/de\/product\/mark-adler-junior-4-6-ergonomischer-kinder-schreibtischstuhl-drehstuhl-hoehenverstellbare-rueckenlehne-verstellbare-360-drehung-klappbare-armlehnen-schwerkraftraeder-fussstuetze-blau\/#primaryimage","url":"https:\/\/easyliferobo.com\/de\/wp-content\/uploads\/2026\/02\/71-859Ad42L._AC_SL1500_.jpg","contentUrl":"https:\/\/easyliferobo.com\/de\/wp-content\/uploads\/2026\/02\/71-859Ad42L._AC_SL1500_.jpg","width":1500,"height":1471},{"@type":"BreadcrumbList","@id":"https:\/\/easyliferobo.com\/de\/product\/mark-adler-junior-4-6-ergonomischer-kinder-schreibtischstuhl-drehstuhl-hoehenverstellbare-rueckenlehne-verstellbare-360-drehung-klappbare-armlehnen-schwerkraftraeder-fussstuetze-blau\/#breadcrumb","itemListElement":[{"@type":"ListItem","position":1,"name":"Home","item":"https:\/\/easyliferobo.com\/de\/"},{"@type":"ListItem","position":2,"name":"Shop","item":"https:\/\/easyliferobo.com\/de\/shop\/"},{"@type":"ListItem","position":3,"name":"MARK ADLER Junior 4.6 Ergonomischer..."}]},{"@type":"WebSite","@id":"https:\/\/easyliferobo.com\/de\/#website","url":"https:\/\/easyliferobo.com\/de\/","name":"EasyLifeBro","description":"Smarte Roboter f\u00fcr Zuhause, Garten &amp; Bildung","publisher":{"@id":"https:\/\/easyliferobo.com\/de\/#organization"},"potentialAction":[{"@type":"SearchAction","target":{"@type":"EntryPoint","urlTemplate":"https:\/\/easyliferobo.com\/de\/?s={search_term_string}"},"query-input":{"@type":"PropertyValueSpecification","valueRequired":true,"valueName":"search_term_string"}}],"inLanguage":"de"},{"@type":"Organization","@id":"https:\/\/easyliferobo.com\/de\/#organization","name":"EasyLifeBro","url":"https:\/\/easyliferobo.com\/de\/","logo":{"@type":"ImageObject","inLanguage":"de","@id":"https:\/\/easyliferobo.com\/de\/#\/schema\/logo\/image\/","url":"https:\/\/easyliferobo.com\/de\/wp-content\/uploads\/2026\/02\/Screenshot-2026-02-22-at-2.25.03-PM.png","contentUrl":"https:\/\/easyliferobo.com\/de\/wp-content\/uploads\/2026\/02\/Screenshot-2026-02-22-at-2.25.03-PM.png","width":1858,"height":430,"caption":"EasyLifeBro"},"image":{"@id":"https:\/\/easyliferobo.com\/de\/#\/schema\/logo\/image\/"}}]}},"_links":{"self":[{"href":"https:\/\/easyliferobo.com\/de\/wp-json\/wp\/v2\/product\/3854","targetHints":{"allow":["GET"]}}],"collection":[{"href":"https:\/\/easyliferobo.com\/de\/wp-json\/wp\/v2\/product"}],"about":[{"href":"https:\/\/easyliferobo.com\/de\/wp-json\/wp\/v2\/types\/product"}],"replies":[{"embeddable":true,"href":"https:\/\/easyliferobo.com\/de\/wp-json\/wp\/v2\/comments?post=3854"}],"wp:featuredmedia":[{"embeddable":true,"href":"https:\/\/easyliferobo.com\/de\/wp-json\/wp\/v2\/media\/3855"}],"wp:attachment":[{"href":"https:\/\/easyliferobo.com\/de\/wp-json\/wp\/v2\/media?parent=3854"}],"wp:term":[{"taxonomy":"store","embeddable":true,"href":"https:\/\/easyliferobo.com\/de\/wp-json\/wp\/v2\/store?post=3854"},{"taxonomy":"product_brand","embeddable":true,"href":"https:\/\/easyliferobo.com\/de\/wp-json\/wp\/v2\/product_brand?post=3854"},{"taxonomy":"product_cat","embeddable":true,"href":"https:\/\/easyliferobo.com\/de\/wp-json\/wp\/v2\/product_cat?post=3854"},{"taxonomy":"product_tag","embeddable":true,"href":"https:\/\/easyliferobo.com\/de\/wp-json\/wp\/v2\/product_tag?post=3854"}],"curies":[{"name":"wp","href":"https:\/\/api.w.org\/{rel}","templated":true}]}}