
{"id":3844,"date":"2026-02-27T10:18:36","date_gmt":"2026-02-27T10:18:36","guid":{"rendered":"https:\/\/easyliferobo.com\/de\/product\/g6-diy-metallroboter-mechanischer-standard-klauengreifer-fuer-arduino\/"},"modified":"2026-02-27T10:18:50","modified_gmt":"2026-02-27T10:18:50","slug":"g6-diy-metallroboter-mechanischer-standard-klauengreifer-fuer-arduino","status":"publish","type":"product","link":"https:\/\/easyliferobo.com\/de\/product\/g6-diy-metallroboter-mechanischer-standard-klauengreifer-fuer-arduino\/","title":{"rendered":"G6 Diy Metallroboter Mechanischer S..."},"content":{"rendered":"<p>    <span>Beschreibung: <\/span><br \/><span>&#8211; Mechanischer Greifer \/ Greiferbausatz f\u00fcr Roboter des G6-Roboters aus Metall. <br \/>&#8211; Hergestellt aus einer harten Aluminiumlegierung f\u00fcr hohe Qualit\u00e4t und dauerhafte Leistung <br \/>&#8211; Komplettes Zubeh\u00f6r, einfach zu installieren und flexibel einsetzbar. <br \/>&#8211; Maximaler \u00d6ffnungswinkel: 86 mm. <br \/>&#8211; Gesamtl\u00e4nge (geschlossen): 83 mm\/3,26 Zoll; Gesamtbreite (offen): 150 mm\/5,90 Zoll; Gesamtbreite (geschlossen): 55 mm; Gesamtdicke: 54 mm <\/span><br \/><span>Das Paket beinhaltet: <\/span><br \/><span>1 * Robotergreifer <\/span><br \/><span>Notiz: <\/span><br \/><span>1. Bedienungsanleitung: http:\/\/.doit\/forum.php?mod=viewthread;tid=360;extra=page%3D1 <br \/>2. Das Produkt ist Massenlieferung. <br \/>3. Das Produkt ist nicht im Lieferumfang enthalten. <br \/><\/span><br \/>Hergestellt aus einer harten Aluminiumlegierung f\u00fcr hohe Qualit\u00e4t und dauerhafte Leistung<br \/>Mechanischer Greifersatz f\u00fcr G6 Robot Metal<br \/>Maximaler \u00d6ffnungswinkel: 86 mm<br \/>Gesamtl\u00e4nge (geschlossen): 83 mm \/ 3,26 Zoll; Gesamtbreite (offen): 150 mm \/ 5,90 Zoll; Gesamtbreite (geschlossen): 55 mm; Gesamtdicke: 54 mm<br \/>Komplettes Zubeh\u00f6r, einfach zu installieren und flexibel einsetzbar.<\/p>\n<p>[ad_2]<\/p>\n","protected":false},"excerpt":{"rendered":"<p>Beschreibung: &#8211; Mechanischer Greifer \/ Greiferbausatz f\u00fcr Roboter des G6-Roboters aus Metall. &#8211; Hergestellt aus einer harten Aluminiumlegierung f\u00fcr hohe Qualit\u00e4t und dauerhafte Leistung &#8211; Komplettes Zubeh\u00f6r, einfach zu installieren und flexibel einsetzbar. &#8211; Maximaler \u00d6ffnungswinkel: 86 mm. &#8211; Gesamtl\u00e4nge (geschlossen): 83 mm\/3,26 Zoll; Gesamtbreite (offen): 150 mm\/5,90 Zoll; Gesamtbreite (geschlossen): 55 mm; Gesamtdicke: 54 [&hellip;]<\/p>\n","protected":false},"featured_media":3845,"comment_status":"open","ping_status":"closed","template":"","meta":{"_aipt_faq_data":""},"store":[],"product_brand":[],"product_cat":[100],"product_tag":[366],"class_list":{"0":"post-3844","1":"product","2":"type-product","3":"status-publish","4":"has-post-thumbnail","6":"product_cat-greifer-zubehoer","7":"product_tag-greifer-zubehoer-robotik","9":"first","10":"instock","11":"shipping-taxable","12":"product-type-external"},"yoast_head":"<!-- This site is optimized with the Yoast SEO plugin v27.0 - https:\/\/yoast.com\/product\/yoast-seo-wordpress\/ -->\n<title>G6 Diy Metallroboter Mechanischer Standard-Klauengreifer f\u00fcr Arduino - EasyLifeBro<\/title>\n<meta name=\"description\" content=\"Entdecken Sie smarte Roboter f\u00fcr Zuhause, Garten, Bildung und Sicherheit. Vergleichen Sie Saugroboter, Rasenm\u00e4hroboter, KI-Begleitroboter und mehr bei EasyLifeRobo.\" \/>\n<meta name=\"robots\" content=\"index, follow, max-snippet:-1, max-image-preview:large, max-video-preview:-1\" \/>\n<link rel=\"canonical\" href=\"https:\/\/easyliferobo.com\/de\/product\/g6-diy-metallroboter-mechanischer-standard-klauengreifer-fuer-arduino\/\" \/>\n<meta property=\"og:locale\" content=\"de_DE\" \/>\n<meta property=\"og:type\" content=\"article\" \/>\n<meta property=\"og:title\" content=\"G6 Diy Metallroboter Mechanischer Standard-Klauengreifer f\u00fcr Arduino - EasyLifeBro\" \/>\n<meta property=\"og:description\" content=\"Entdecken Sie smarte Roboter f\u00fcr Zuhause, Garten, Bildung und Sicherheit. Vergleichen Sie Saugroboter, Rasenm\u00e4hroboter, KI-Begleitroboter und mehr bei EasyLifeRobo.\" \/>\n<meta property=\"og:url\" content=\"https:\/\/easyliferobo.com\/de\/product\/g6-diy-metallroboter-mechanischer-standard-klauengreifer-fuer-arduino\/\" \/>\n<meta property=\"og:site_name\" content=\"EasyLifeBro\" \/>\n<meta property=\"article:modified_time\" content=\"2026-02-27T10:18:50+00:00\" \/>\n<meta name=\"twitter:card\" content=\"summary_large_image\" \/>\n<meta name=\"twitter:label1\" content=\"Gesch\u00e4tzte Lesezeit\" \/>\n\t<meta name=\"twitter:data1\" content=\"1\u00a0Minute\" \/>\n<script type=\"application\/ld+json\" class=\"yoast-schema-graph\">{\"@context\":\"https:\/\/schema.org\",\"@graph\":[{\"@type\":\"WebPage\",\"@id\":\"https:\/\/easyliferobo.com\/de\/product\/g6-diy-metallroboter-mechanischer-standard-klauengreifer-fuer-arduino\/\",\"url\":\"https:\/\/easyliferobo.com\/de\/product\/g6-diy-metallroboter-mechanischer-standard-klauengreifer-fuer-arduino\/\",\"name\":\"G6 Diy Metallroboter Mechanischer Standard-Klauengreifer f\u00fcr Arduino - EasyLifeBro\",\"isPartOf\":{\"@id\":\"https:\/\/easyliferobo.com\/de\/#website\"},\"primaryImageOfPage\":{\"@id\":\"https:\/\/easyliferobo.com\/de\/product\/g6-diy-metallroboter-mechanischer-standard-klauengreifer-fuer-arduino\/#primaryimage\"},\"image\":{\"@id\":\"https:\/\/easyliferobo.com\/de\/product\/g6-diy-metallroboter-mechanischer-standard-klauengreifer-fuer-arduino\/#primaryimage\"},\"thumbnailUrl\":\"https:\/\/easyliferobo.com\/de\/wp-content\/uploads\/2026\/02\/51ZqddPOivL._SL1024_.jpg\",\"datePublished\":\"2026-02-27T10:18:36+00:00\",\"dateModified\":\"2026-02-27T10:18:50+00:00\",\"description\":\"Entdecken Sie smarte Roboter f\u00fcr Zuhause, Garten, Bildung und Sicherheit. Vergleichen Sie Saugroboter, Rasenm\u00e4hroboter, KI-Begleitroboter und mehr bei EasyLifeRobo.\",\"breadcrumb\":{\"@id\":\"https:\/\/easyliferobo.com\/de\/product\/g6-diy-metallroboter-mechanischer-standard-klauengreifer-fuer-arduino\/#breadcrumb\"},\"inLanguage\":\"de\",\"potentialAction\":[{\"@type\":\"ReadAction\",\"target\":[\"https:\/\/easyliferobo.com\/de\/product\/g6-diy-metallroboter-mechanischer-standard-klauengreifer-fuer-arduino\/\"]}]},{\"@type\":\"ImageObject\",\"inLanguage\":\"de\",\"@id\":\"https:\/\/easyliferobo.com\/de\/product\/g6-diy-metallroboter-mechanischer-standard-klauengreifer-fuer-arduino\/#primaryimage\",\"url\":\"https:\/\/easyliferobo.com\/de\/wp-content\/uploads\/2026\/02\/51ZqddPOivL._SL1024_.jpg\",\"contentUrl\":\"https:\/\/easyliferobo.com\/de\/wp-content\/uploads\/2026\/02\/51ZqddPOivL._SL1024_.jpg\",\"width\":1024,\"height\":1024},{\"@type\":\"BreadcrumbList\",\"@id\":\"https:\/\/easyliferobo.com\/de\/product\/g6-diy-metallroboter-mechanischer-standard-klauengreifer-fuer-arduino\/#breadcrumb\",\"itemListElement\":[{\"@type\":\"ListItem\",\"position\":1,\"name\":\"Home\",\"item\":\"https:\/\/easyliferobo.com\/de\/\"},{\"@type\":\"ListItem\",\"position\":2,\"name\":\"Shop\",\"item\":\"https:\/\/easyliferobo.com\/de\/shop\/\"},{\"@type\":\"ListItem\",\"position\":3,\"name\":\"G6 Diy Metallroboter Mechanischer S...\"}]},{\"@type\":\"WebSite\",\"@id\":\"https:\/\/easyliferobo.com\/de\/#website\",\"url\":\"https:\/\/easyliferobo.com\/de\/\",\"name\":\"EasyLifeBro\",\"description\":\"Smarte Roboter f\u00fcr Zuhause, Garten &amp; Bildung\",\"publisher\":{\"@id\":\"https:\/\/easyliferobo.com\/de\/#organization\"},\"potentialAction\":[{\"@type\":\"SearchAction\",\"target\":{\"@type\":\"EntryPoint\",\"urlTemplate\":\"https:\/\/easyliferobo.com\/de\/?s={search_term_string}\"},\"query-input\":{\"@type\":\"PropertyValueSpecification\",\"valueRequired\":true,\"valueName\":\"search_term_string\"}}],\"inLanguage\":\"de\"},{\"@type\":\"Organization\",\"@id\":\"https:\/\/easyliferobo.com\/de\/#organization\",\"name\":\"EasyLifeBro\",\"url\":\"https:\/\/easyliferobo.com\/de\/\",\"logo\":{\"@type\":\"ImageObject\",\"inLanguage\":\"de\",\"@id\":\"https:\/\/easyliferobo.com\/de\/#\/schema\/logo\/image\/\",\"url\":\"https:\/\/easyliferobo.com\/de\/wp-content\/uploads\/2026\/02\/Screenshot-2026-02-22-at-2.25.03-PM.png\",\"contentUrl\":\"https:\/\/easyliferobo.com\/de\/wp-content\/uploads\/2026\/02\/Screenshot-2026-02-22-at-2.25.03-PM.png\",\"width\":1858,\"height\":430,\"caption\":\"EasyLifeBro\"},\"image\":{\"@id\":\"https:\/\/easyliferobo.com\/de\/#\/schema\/logo\/image\/\"}}]}<\/script>\n<!-- \/ Yoast SEO plugin. -->","yoast_head_json":{"title":"G6 Diy Metallroboter Mechanischer Standard-Klauengreifer f\u00fcr Arduino - EasyLifeBro","description":"Entdecken Sie smarte Roboter f\u00fcr Zuhause, Garten, Bildung und Sicherheit. Vergleichen Sie Saugroboter, Rasenm\u00e4hroboter, KI-Begleitroboter und mehr bei EasyLifeRobo.","robots":{"index":"index","follow":"follow","max-snippet":"max-snippet:-1","max-image-preview":"max-image-preview:large","max-video-preview":"max-video-preview:-1"},"canonical":"https:\/\/easyliferobo.com\/de\/product\/g6-diy-metallroboter-mechanischer-standard-klauengreifer-fuer-arduino\/","og_locale":"de_DE","og_type":"article","og_title":"G6 Diy Metallroboter Mechanischer Standard-Klauengreifer f\u00fcr Arduino - EasyLifeBro","og_description":"Entdecken Sie smarte Roboter f\u00fcr Zuhause, Garten, Bildung und Sicherheit. Vergleichen Sie Saugroboter, Rasenm\u00e4hroboter, KI-Begleitroboter und mehr bei EasyLifeRobo.","og_url":"https:\/\/easyliferobo.com\/de\/product\/g6-diy-metallroboter-mechanischer-standard-klauengreifer-fuer-arduino\/","og_site_name":"EasyLifeBro","article_modified_time":"2026-02-27T10:18:50+00:00","twitter_card":"summary_large_image","twitter_misc":{"Gesch\u00e4tzte Lesezeit":"1\u00a0Minute"},"schema":{"@context":"https:\/\/schema.org","@graph":[{"@type":"WebPage","@id":"https:\/\/easyliferobo.com\/de\/product\/g6-diy-metallroboter-mechanischer-standard-klauengreifer-fuer-arduino\/","url":"https:\/\/easyliferobo.com\/de\/product\/g6-diy-metallroboter-mechanischer-standard-klauengreifer-fuer-arduino\/","name":"G6 Diy Metallroboter Mechanischer Standard-Klauengreifer f\u00fcr Arduino - EasyLifeBro","isPartOf":{"@id":"https:\/\/easyliferobo.com\/de\/#website"},"primaryImageOfPage":{"@id":"https:\/\/easyliferobo.com\/de\/product\/g6-diy-metallroboter-mechanischer-standard-klauengreifer-fuer-arduino\/#primaryimage"},"image":{"@id":"https:\/\/easyliferobo.com\/de\/product\/g6-diy-metallroboter-mechanischer-standard-klauengreifer-fuer-arduino\/#primaryimage"},"thumbnailUrl":"https:\/\/easyliferobo.com\/de\/wp-content\/uploads\/2026\/02\/51ZqddPOivL._SL1024_.jpg","datePublished":"2026-02-27T10:18:36+00:00","dateModified":"2026-02-27T10:18:50+00:00","description":"Entdecken Sie smarte Roboter f\u00fcr Zuhause, Garten, Bildung und Sicherheit. Vergleichen Sie Saugroboter, Rasenm\u00e4hroboter, KI-Begleitroboter und mehr bei EasyLifeRobo.","breadcrumb":{"@id":"https:\/\/easyliferobo.com\/de\/product\/g6-diy-metallroboter-mechanischer-standard-klauengreifer-fuer-arduino\/#breadcrumb"},"inLanguage":"de","potentialAction":[{"@type":"ReadAction","target":["https:\/\/easyliferobo.com\/de\/product\/g6-diy-metallroboter-mechanischer-standard-klauengreifer-fuer-arduino\/"]}]},{"@type":"ImageObject","inLanguage":"de","@id":"https:\/\/easyliferobo.com\/de\/product\/g6-diy-metallroboter-mechanischer-standard-klauengreifer-fuer-arduino\/#primaryimage","url":"https:\/\/easyliferobo.com\/de\/wp-content\/uploads\/2026\/02\/51ZqddPOivL._SL1024_.jpg","contentUrl":"https:\/\/easyliferobo.com\/de\/wp-content\/uploads\/2026\/02\/51ZqddPOivL._SL1024_.jpg","width":1024,"height":1024},{"@type":"BreadcrumbList","@id":"https:\/\/easyliferobo.com\/de\/product\/g6-diy-metallroboter-mechanischer-standard-klauengreifer-fuer-arduino\/#breadcrumb","itemListElement":[{"@type":"ListItem","position":1,"name":"Home","item":"https:\/\/easyliferobo.com\/de\/"},{"@type":"ListItem","position":2,"name":"Shop","item":"https:\/\/easyliferobo.com\/de\/shop\/"},{"@type":"ListItem","position":3,"name":"G6 Diy Metallroboter Mechanischer S..."}]},{"@type":"WebSite","@id":"https:\/\/easyliferobo.com\/de\/#website","url":"https:\/\/easyliferobo.com\/de\/","name":"EasyLifeBro","description":"Smarte Roboter f\u00fcr Zuhause, Garten &amp; Bildung","publisher":{"@id":"https:\/\/easyliferobo.com\/de\/#organization"},"potentialAction":[{"@type":"SearchAction","target":{"@type":"EntryPoint","urlTemplate":"https:\/\/easyliferobo.com\/de\/?s={search_term_string}"},"query-input":{"@type":"PropertyValueSpecification","valueRequired":true,"valueName":"search_term_string"}}],"inLanguage":"de"},{"@type":"Organization","@id":"https:\/\/easyliferobo.com\/de\/#organization","name":"EasyLifeBro","url":"https:\/\/easyliferobo.com\/de\/","logo":{"@type":"ImageObject","inLanguage":"de","@id":"https:\/\/easyliferobo.com\/de\/#\/schema\/logo\/image\/","url":"https:\/\/easyliferobo.com\/de\/wp-content\/uploads\/2026\/02\/Screenshot-2026-02-22-at-2.25.03-PM.png","contentUrl":"https:\/\/easyliferobo.com\/de\/wp-content\/uploads\/2026\/02\/Screenshot-2026-02-22-at-2.25.03-PM.png","width":1858,"height":430,"caption":"EasyLifeBro"},"image":{"@id":"https:\/\/easyliferobo.com\/de\/#\/schema\/logo\/image\/"}}]}},"_links":{"self":[{"href":"https:\/\/easyliferobo.com\/de\/wp-json\/wp\/v2\/product\/3844","targetHints":{"allow":["GET"]}}],"collection":[{"href":"https:\/\/easyliferobo.com\/de\/wp-json\/wp\/v2\/product"}],"about":[{"href":"https:\/\/easyliferobo.com\/de\/wp-json\/wp\/v2\/types\/product"}],"replies":[{"embeddable":true,"href":"https:\/\/easyliferobo.com\/de\/wp-json\/wp\/v2\/comments?post=3844"}],"wp:featuredmedia":[{"embeddable":true,"href":"https:\/\/easyliferobo.com\/de\/wp-json\/wp\/v2\/media\/3845"}],"wp:attachment":[{"href":"https:\/\/easyliferobo.com\/de\/wp-json\/wp\/v2\/media?parent=3844"}],"wp:term":[{"taxonomy":"store","embeddable":true,"href":"https:\/\/easyliferobo.com\/de\/wp-json\/wp\/v2\/store?post=3844"},{"taxonomy":"product_brand","embeddable":true,"href":"https:\/\/easyliferobo.com\/de\/wp-json\/wp\/v2\/product_brand?post=3844"},{"taxonomy":"product_cat","embeddable":true,"href":"https:\/\/easyliferobo.com\/de\/wp-json\/wp\/v2\/product_cat?post=3844"},{"taxonomy":"product_tag","embeddable":true,"href":"https:\/\/easyliferobo.com\/de\/wp-json\/wp\/v2\/product_tag?post=3844"}],"curies":[{"name":"wp","href":"https:\/\/api.w.org\/{rel}","templated":true}]}}