
{"id":3834,"date":"2026-02-27T10:17:34","date_gmt":"2026-02-27T10:17:34","guid":{"rendered":"https:\/\/easyliferobo.com\/de\/product\/dollatek-smart-motor-roboter-auto-batterie-box-chassis-kit-geschwindigkeit-encoder-fuer-arduino-vier-reifen\/"},"modified":"2026-02-27T10:17:52","modified_gmt":"2026-02-27T10:17:52","slug":"dollatek-smart-motor-roboter-auto-batterie-box-chassis-kit-geschwindigkeit-encoder-fuer-arduino-vier-reifen","status":"publish","type":"product","link":"https:\/\/easyliferobo.com\/de\/product\/dollatek-smart-motor-roboter-auto-batterie-box-chassis-kit-geschwindigkeit-encoder-fuer-arduino-vier-reifen\/","title":{"rendered":"DollaTek Smart Motor Roboter Auto B..."},"content":{"rendered":"<p>    <span>Beschreibung: <br \/>Verfolgung des intelligenten Auto-Roboter-Auto-Chassis mit Code-Disc <br \/>Ideal zum Basteln. <br \/>Der mechanische Aufbau ist einfach und leicht zu installieren. <br \/>Dieses Auto ist der Tacho-Encoder <br \/>Mit 4 AA-Batteriefach und Netzschalter. (Batterien nicht im Lieferumfang enthalten) <br \/>Kann zur Entfernungs- und Geschwindigkeitsmessung verwendet werden. <br \/>Kann mit anderen Ger\u00e4ten verwendet werden, um die Tracking-Funktion, Hindernisvermeidung, Distanzpr\u00fcfung, Geschwindigkeitspr\u00fcfung und drahtlose Fernbedienung zu realisieren. <br \/>Bitte beachten Sie: Der Rahmen des Autos ist transparent, Sie m\u00fcssen das Schutzpapier abrei\u00dfen. <br \/>Das Paket beinhaltet: <br \/>2 x Trolley (Acryl) <br \/>4 x DC-Getriebemotor (stark magnetisch bei EMV-Test) <br \/>4 x gelbe R\u00e4der <br \/>4 x 20 Geschwindigkeitsregler (sechs Threads und zehn Threads nicht Standard). <br \/>8 x Clips <br \/>1 x 3D-Montagezeichnung (chinesische Version) <br \/>Schraubenmutter Kupfers\u00e4ule<\/span>    <br \/>Intelligentes Auto-Chassis, das Auto-Roboter-Auto-Chassis mit Code-Disc verfolgt<br \/>Der mechanische Aufbau ist einfach, die Installation ist einfach.<br \/>Mit 4 AA-Batteriekasten und Netzschalter. (Batterien nicht im Lieferumfang enthalten). Kann zur Entfernungsmessung, Geschwindigkeit verwendet werden.<br \/>Kann mit anderen Ger\u00e4ten verwendet werden, um die Funktion Tracking, Hindernisvermeidung, Distanzpr\u00fcfung, Geschwindigkeitspr\u00fcfung und drahtlose Fernbedienung zu realisieren.<br \/>Bitte beachten Sie: Das Autochassis ist transparent, Sie m\u00fcssen das Schutzpapier herausrei\u00dfen<\/p>\n<p>[ad_2]<\/p>\n","protected":false},"excerpt":{"rendered":"<p>Beschreibung: Verfolgung des intelligenten Auto-Roboter-Auto-Chassis mit Code-Disc Ideal zum Basteln. Der mechanische Aufbau ist einfach und leicht zu installieren. Dieses Auto ist der Tacho-Encoder Mit 4 AA-Batteriefach und Netzschalter. (Batterien nicht im Lieferumfang enthalten) Kann zur Entfernungs- und Geschwindigkeitsmessung verwendet werden. Kann mit anderen Ger\u00e4ten verwendet werden, um die Tracking-Funktion, Hindernisvermeidung, Distanzpr\u00fcfung, Geschwindigkeitspr\u00fcfung und drahtlose [&hellip;]<\/p>\n","protected":false},"featured_media":3835,"comment_status":"open","ping_status":"closed","template":"","meta":{"_aipt_faq_data":""},"store":[],"product_brand":[],"product_cat":[101],"product_tag":[365],"class_list":{"0":"post-3834","1":"product","2":"type-product","3":"status-publish","4":"has-post-thumbnail","6":"product_cat-diy-automatisierungskits","7":"product_tag-diy-automatisierungskits-fuer-arduino","9":"first","10":"instock","11":"sale","12":"shipping-taxable","13":"product-type-external"},"yoast_head":"<!-- This site is optimized with the Yoast SEO plugin v27.4 - https:\/\/yoast.com\/product\/yoast-seo-wordpress\/ -->\n<title>DollaTek Smart Motor Roboter Auto Batterie Box Chassis Kit Geschwindigkeit Encoder f\u00fcr Arduino \u2013 Vier Reifen - EasyLifeBro<\/title>\n<meta name=\"description\" content=\"Entdecken Sie smarte Roboter f\u00fcr Zuhause, Garten, Bildung und Sicherheit. Vergleichen Sie Saugroboter, Rasenm\u00e4hroboter, KI-Begleitroboter und mehr bei EasyLifeRobo.\" \/>\n<meta name=\"robots\" content=\"index, follow, max-snippet:-1, max-image-preview:large, max-video-preview:-1\" \/>\n<link rel=\"canonical\" href=\"https:\/\/easyliferobo.com\/de\/product\/dollatek-smart-motor-roboter-auto-batterie-box-chassis-kit-geschwindigkeit-encoder-fuer-arduino-vier-reifen\/\" \/>\n<meta property=\"og:locale\" content=\"de_DE\" \/>\n<meta property=\"og:type\" content=\"article\" \/>\n<meta property=\"og:title\" content=\"DollaTek Smart Motor Roboter Auto Batterie Box Chassis Kit Geschwindigkeit Encoder f\u00fcr Arduino \u2013 Vier Reifen - EasyLifeBro\" \/>\n<meta property=\"og:description\" content=\"Entdecken Sie smarte Roboter f\u00fcr Zuhause, Garten, Bildung und Sicherheit. Vergleichen Sie Saugroboter, Rasenm\u00e4hroboter, KI-Begleitroboter und mehr bei EasyLifeRobo.\" \/>\n<meta property=\"og:url\" content=\"https:\/\/easyliferobo.com\/de\/product\/dollatek-smart-motor-roboter-auto-batterie-box-chassis-kit-geschwindigkeit-encoder-fuer-arduino-vier-reifen\/\" \/>\n<meta property=\"og:site_name\" content=\"EasyLifeBro\" \/>\n<meta property=\"article:modified_time\" content=\"2026-02-27T10:17:52+00:00\" \/>\n<meta name=\"twitter:card\" content=\"summary_large_image\" \/>\n<meta name=\"twitter:label1\" content=\"Gesch\u00e4tzte Lesezeit\" \/>\n\t<meta name=\"twitter:data1\" content=\"1\u00a0Minute\" \/>\n<script type=\"application\/ld+json\" class=\"yoast-schema-graph\">{\"@context\":\"https:\\\/\\\/schema.org\",\"@graph\":[{\"@type\":\"WebPage\",\"@id\":\"https:\\\/\\\/easyliferobo.com\\\/de\\\/product\\\/dollatek-smart-motor-roboter-auto-batterie-box-chassis-kit-geschwindigkeit-encoder-fuer-arduino-vier-reifen\\\/\",\"url\":\"https:\\\/\\\/easyliferobo.com\\\/de\\\/product\\\/dollatek-smart-motor-roboter-auto-batterie-box-chassis-kit-geschwindigkeit-encoder-fuer-arduino-vier-reifen\\\/\",\"name\":\"DollaTek Smart Motor Roboter Auto Batterie Box Chassis Kit Geschwindigkeit Encoder f\u00fcr Arduino \u2013 Vier Reifen - EasyLifeBro\",\"isPartOf\":{\"@id\":\"https:\\\/\\\/easyliferobo.com\\\/de\\\/#website\"},\"primaryImageOfPage\":{\"@id\":\"https:\\\/\\\/easyliferobo.com\\\/de\\\/product\\\/dollatek-smart-motor-roboter-auto-batterie-box-chassis-kit-geschwindigkeit-encoder-fuer-arduino-vier-reifen\\\/#primaryimage\"},\"image\":{\"@id\":\"https:\\\/\\\/easyliferobo.com\\\/de\\\/product\\\/dollatek-smart-motor-roboter-auto-batterie-box-chassis-kit-geschwindigkeit-encoder-fuer-arduino-vier-reifen\\\/#primaryimage\"},\"thumbnailUrl\":\"https:\\\/\\\/easyliferobo.com\\\/de\\\/wp-content\\\/uploads\\\/2026\\\/02\\\/61klg0KdxdL._AC_SL1000_.jpg\",\"datePublished\":\"2026-02-27T10:17:34+00:00\",\"dateModified\":\"2026-02-27T10:17:52+00:00\",\"description\":\"Entdecken Sie smarte Roboter f\u00fcr Zuhause, Garten, Bildung und Sicherheit. Vergleichen Sie Saugroboter, Rasenm\u00e4hroboter, KI-Begleitroboter und mehr bei EasyLifeRobo.\",\"breadcrumb\":{\"@id\":\"https:\\\/\\\/easyliferobo.com\\\/de\\\/product\\\/dollatek-smart-motor-roboter-auto-batterie-box-chassis-kit-geschwindigkeit-encoder-fuer-arduino-vier-reifen\\\/#breadcrumb\"},\"inLanguage\":\"de\",\"potentialAction\":[{\"@type\":\"ReadAction\",\"target\":[\"https:\\\/\\\/easyliferobo.com\\\/de\\\/product\\\/dollatek-smart-motor-roboter-auto-batterie-box-chassis-kit-geschwindigkeit-encoder-fuer-arduino-vier-reifen\\\/\"]}]},{\"@type\":\"ImageObject\",\"inLanguage\":\"de\",\"@id\":\"https:\\\/\\\/easyliferobo.com\\\/de\\\/product\\\/dollatek-smart-motor-roboter-auto-batterie-box-chassis-kit-geschwindigkeit-encoder-fuer-arduino-vier-reifen\\\/#primaryimage\",\"url\":\"https:\\\/\\\/easyliferobo.com\\\/de\\\/wp-content\\\/uploads\\\/2026\\\/02\\\/61klg0KdxdL._AC_SL1000_.jpg\",\"contentUrl\":\"https:\\\/\\\/easyliferobo.com\\\/de\\\/wp-content\\\/uploads\\\/2026\\\/02\\\/61klg0KdxdL._AC_SL1000_.jpg\",\"width\":969,\"height\":696},{\"@type\":\"BreadcrumbList\",\"@id\":\"https:\\\/\\\/easyliferobo.com\\\/de\\\/product\\\/dollatek-smart-motor-roboter-auto-batterie-box-chassis-kit-geschwindigkeit-encoder-fuer-arduino-vier-reifen\\\/#breadcrumb\",\"itemListElement\":[{\"@type\":\"ListItem\",\"position\":1,\"name\":\"Home\",\"item\":\"https:\\\/\\\/easyliferobo.com\\\/de\\\/\"},{\"@type\":\"ListItem\",\"position\":2,\"name\":\"Shop\",\"item\":\"https:\\\/\\\/easyliferobo.com\\\/de\\\/shop\\\/\"},{\"@type\":\"ListItem\",\"position\":3,\"name\":\"DollaTek Smart Motor Roboter Auto B...\"}]},{\"@type\":\"WebSite\",\"@id\":\"https:\\\/\\\/easyliferobo.com\\\/de\\\/#website\",\"url\":\"https:\\\/\\\/easyliferobo.com\\\/de\\\/\",\"name\":\"EasyLifeBro\",\"description\":\"Smarte Roboter f\u00fcr Zuhause, Garten &amp; Bildung\",\"publisher\":{\"@id\":\"https:\\\/\\\/easyliferobo.com\\\/de\\\/#organization\"},\"potentialAction\":[{\"@type\":\"SearchAction\",\"target\":{\"@type\":\"EntryPoint\",\"urlTemplate\":\"https:\\\/\\\/easyliferobo.com\\\/de\\\/?s={search_term_string}\"},\"query-input\":{\"@type\":\"PropertyValueSpecification\",\"valueRequired\":true,\"valueName\":\"search_term_string\"}}],\"inLanguage\":\"de\"},{\"@type\":\"Organization\",\"@id\":\"https:\\\/\\\/easyliferobo.com\\\/de\\\/#organization\",\"name\":\"EasyLifeBro\",\"url\":\"https:\\\/\\\/easyliferobo.com\\\/de\\\/\",\"logo\":{\"@type\":\"ImageObject\",\"inLanguage\":\"de\",\"@id\":\"https:\\\/\\\/easyliferobo.com\\\/de\\\/#\\\/schema\\\/logo\\\/image\\\/\",\"url\":\"https:\\\/\\\/easyliferobo.com\\\/de\\\/wp-content\\\/uploads\\\/2026\\\/02\\\/Screenshot-2026-02-22-at-2.25.03-PM.png\",\"contentUrl\":\"https:\\\/\\\/easyliferobo.com\\\/de\\\/wp-content\\\/uploads\\\/2026\\\/02\\\/Screenshot-2026-02-22-at-2.25.03-PM.png\",\"width\":1858,\"height\":430,\"caption\":\"EasyLifeBro\"},\"image\":{\"@id\":\"https:\\\/\\\/easyliferobo.com\\\/de\\\/#\\\/schema\\\/logo\\\/image\\\/\"}}]}<\/script>\n<!-- \/ Yoast SEO plugin. -->","yoast_head_json":{"title":"DollaTek Smart Motor Roboter Auto Batterie Box Chassis Kit Geschwindigkeit Encoder f\u00fcr Arduino \u2013 Vier Reifen - EasyLifeBro","description":"Entdecken Sie smarte Roboter f\u00fcr Zuhause, Garten, Bildung und Sicherheit. Vergleichen Sie Saugroboter, Rasenm\u00e4hroboter, KI-Begleitroboter und mehr bei EasyLifeRobo.","robots":{"index":"index","follow":"follow","max-snippet":"max-snippet:-1","max-image-preview":"max-image-preview:large","max-video-preview":"max-video-preview:-1"},"canonical":"https:\/\/easyliferobo.com\/de\/product\/dollatek-smart-motor-roboter-auto-batterie-box-chassis-kit-geschwindigkeit-encoder-fuer-arduino-vier-reifen\/","og_locale":"de_DE","og_type":"article","og_title":"DollaTek Smart Motor Roboter Auto Batterie Box Chassis Kit Geschwindigkeit Encoder f\u00fcr Arduino \u2013 Vier Reifen - EasyLifeBro","og_description":"Entdecken Sie smarte Roboter f\u00fcr Zuhause, Garten, Bildung und Sicherheit. Vergleichen Sie Saugroboter, Rasenm\u00e4hroboter, KI-Begleitroboter und mehr bei EasyLifeRobo.","og_url":"https:\/\/easyliferobo.com\/de\/product\/dollatek-smart-motor-roboter-auto-batterie-box-chassis-kit-geschwindigkeit-encoder-fuer-arduino-vier-reifen\/","og_site_name":"EasyLifeBro","article_modified_time":"2026-02-27T10:17:52+00:00","twitter_card":"summary_large_image","twitter_misc":{"Gesch\u00e4tzte Lesezeit":"1\u00a0Minute"},"schema":{"@context":"https:\/\/schema.org","@graph":[{"@type":"WebPage","@id":"https:\/\/easyliferobo.com\/de\/product\/dollatek-smart-motor-roboter-auto-batterie-box-chassis-kit-geschwindigkeit-encoder-fuer-arduino-vier-reifen\/","url":"https:\/\/easyliferobo.com\/de\/product\/dollatek-smart-motor-roboter-auto-batterie-box-chassis-kit-geschwindigkeit-encoder-fuer-arduino-vier-reifen\/","name":"DollaTek Smart Motor Roboter Auto Batterie Box Chassis Kit Geschwindigkeit Encoder f\u00fcr Arduino \u2013 Vier Reifen - EasyLifeBro","isPartOf":{"@id":"https:\/\/easyliferobo.com\/de\/#website"},"primaryImageOfPage":{"@id":"https:\/\/easyliferobo.com\/de\/product\/dollatek-smart-motor-roboter-auto-batterie-box-chassis-kit-geschwindigkeit-encoder-fuer-arduino-vier-reifen\/#primaryimage"},"image":{"@id":"https:\/\/easyliferobo.com\/de\/product\/dollatek-smart-motor-roboter-auto-batterie-box-chassis-kit-geschwindigkeit-encoder-fuer-arduino-vier-reifen\/#primaryimage"},"thumbnailUrl":"https:\/\/easyliferobo.com\/de\/wp-content\/uploads\/2026\/02\/61klg0KdxdL._AC_SL1000_.jpg","datePublished":"2026-02-27T10:17:34+00:00","dateModified":"2026-02-27T10:17:52+00:00","description":"Entdecken Sie smarte Roboter f\u00fcr Zuhause, Garten, Bildung und Sicherheit. Vergleichen Sie Saugroboter, Rasenm\u00e4hroboter, KI-Begleitroboter und mehr bei EasyLifeRobo.","breadcrumb":{"@id":"https:\/\/easyliferobo.com\/de\/product\/dollatek-smart-motor-roboter-auto-batterie-box-chassis-kit-geschwindigkeit-encoder-fuer-arduino-vier-reifen\/#breadcrumb"},"inLanguage":"de","potentialAction":[{"@type":"ReadAction","target":["https:\/\/easyliferobo.com\/de\/product\/dollatek-smart-motor-roboter-auto-batterie-box-chassis-kit-geschwindigkeit-encoder-fuer-arduino-vier-reifen\/"]}]},{"@type":"ImageObject","inLanguage":"de","@id":"https:\/\/easyliferobo.com\/de\/product\/dollatek-smart-motor-roboter-auto-batterie-box-chassis-kit-geschwindigkeit-encoder-fuer-arduino-vier-reifen\/#primaryimage","url":"https:\/\/easyliferobo.com\/de\/wp-content\/uploads\/2026\/02\/61klg0KdxdL._AC_SL1000_.jpg","contentUrl":"https:\/\/easyliferobo.com\/de\/wp-content\/uploads\/2026\/02\/61klg0KdxdL._AC_SL1000_.jpg","width":969,"height":696},{"@type":"BreadcrumbList","@id":"https:\/\/easyliferobo.com\/de\/product\/dollatek-smart-motor-roboter-auto-batterie-box-chassis-kit-geschwindigkeit-encoder-fuer-arduino-vier-reifen\/#breadcrumb","itemListElement":[{"@type":"ListItem","position":1,"name":"Home","item":"https:\/\/easyliferobo.com\/de\/"},{"@type":"ListItem","position":2,"name":"Shop","item":"https:\/\/easyliferobo.com\/de\/shop\/"},{"@type":"ListItem","position":3,"name":"DollaTek Smart Motor Roboter Auto B..."}]},{"@type":"WebSite","@id":"https:\/\/easyliferobo.com\/de\/#website","url":"https:\/\/easyliferobo.com\/de\/","name":"EasyLifeBro","description":"Smarte Roboter f\u00fcr Zuhause, Garten &amp; Bildung","publisher":{"@id":"https:\/\/easyliferobo.com\/de\/#organization"},"potentialAction":[{"@type":"SearchAction","target":{"@type":"EntryPoint","urlTemplate":"https:\/\/easyliferobo.com\/de\/?s={search_term_string}"},"query-input":{"@type":"PropertyValueSpecification","valueRequired":true,"valueName":"search_term_string"}}],"inLanguage":"de"},{"@type":"Organization","@id":"https:\/\/easyliferobo.com\/de\/#organization","name":"EasyLifeBro","url":"https:\/\/easyliferobo.com\/de\/","logo":{"@type":"ImageObject","inLanguage":"de","@id":"https:\/\/easyliferobo.com\/de\/#\/schema\/logo\/image\/","url":"https:\/\/easyliferobo.com\/de\/wp-content\/uploads\/2026\/02\/Screenshot-2026-02-22-at-2.25.03-PM.png","contentUrl":"https:\/\/easyliferobo.com\/de\/wp-content\/uploads\/2026\/02\/Screenshot-2026-02-22-at-2.25.03-PM.png","width":1858,"height":430,"caption":"EasyLifeBro"},"image":{"@id":"https:\/\/easyliferobo.com\/de\/#\/schema\/logo\/image\/"}}]}},"_links":{"self":[{"href":"https:\/\/easyliferobo.com\/de\/wp-json\/wp\/v2\/product\/3834","targetHints":{"allow":["GET"]}}],"collection":[{"href":"https:\/\/easyliferobo.com\/de\/wp-json\/wp\/v2\/product"}],"about":[{"href":"https:\/\/easyliferobo.com\/de\/wp-json\/wp\/v2\/types\/product"}],"replies":[{"embeddable":true,"href":"https:\/\/easyliferobo.com\/de\/wp-json\/wp\/v2\/comments?post=3834"}],"wp:featuredmedia":[{"embeddable":true,"href":"https:\/\/easyliferobo.com\/de\/wp-json\/wp\/v2\/media\/3835"}],"wp:attachment":[{"href":"https:\/\/easyliferobo.com\/de\/wp-json\/wp\/v2\/media?parent=3834"}],"wp:term":[{"taxonomy":"store","embeddable":true,"href":"https:\/\/easyliferobo.com\/de\/wp-json\/wp\/v2\/store?post=3834"},{"taxonomy":"product_brand","embeddable":true,"href":"https:\/\/easyliferobo.com\/de\/wp-json\/wp\/v2\/product_brand?post=3834"},{"taxonomy":"product_cat","embeddable":true,"href":"https:\/\/easyliferobo.com\/de\/wp-json\/wp\/v2\/product_cat?post=3834"},{"taxonomy":"product_tag","embeddable":true,"href":"https:\/\/easyliferobo.com\/de\/wp-json\/wp\/v2\/product_tag?post=3834"}],"curies":[{"name":"wp","href":"https:\/\/api.w.org\/{rel}","templated":true}]}}