
{"id":3826,"date":"2026-02-27T10:16:04","date_gmt":"2026-02-27T10:16:04","guid":{"rendered":"https:\/\/easyliferobo.com\/de\/product\/drohne-mit-1080p-hd-kamera-90-verstellbarem-objektiv-faltbare-drohne-mit-buerstenlosem-motor-gestensteuerung-3d-flips-headless-modus-17-minuten-flugzeit-perfekt-fuer-anfaenger-und-erwachs\/"},"modified":"2026-02-27T10:16:18","modified_gmt":"2026-02-27T10:16:18","slug":"drohne-mit-1080p-hd-kamera-90-verstellbarem-objektiv-faltbare-drohne-mit-buerstenlosem-motor-gestensteuerung-3d-flips-headless-modus-17-minuten-flugzeit-perfekt-fuer-anfaenger-und-erwachs","status":"publish","type":"product","link":"https:\/\/easyliferobo.com\/de\/product\/drohne-mit-1080p-hd-kamera-90-verstellbarem-objektiv-faltbare-drohne-mit-buerstenlosem-motor-gestensteuerung-3d-flips-headless-modus-17-minuten-flugzeit-perfekt-fuer-anfaenger-und-erwachs\/","title":{"rendered":"Drohne mit 1080P HD-Kamera, 90\u00b0 ve..."},"content":{"rendered":"<p>\n                                             Produktbeschreibung   <\/p>\n<p>                                                                                                       <img decoding=\"async\" alt=\"Der Text lautet \u201eK417\u201c. Die malerische Berglandschaft mit schneebedeckten Gipfeln vor bew\u00f6lktem Himmel wirkt wie ein Werbe- oder Werbebild.\" src=\"https:\/\/images-na.ssl-images-amazon.com\/images\/G\/01\/x-locale\/common\/grey-pixel.gif\" class=\"a-lazy-loaded\" data-src=\"https:\/\/m.media-amazon.com\/images\/S\/aplus-media-library-service-media\/a03d9dab-9170-46b6-8fa5-0d70d14a59a4.__CR0,0,1464,600_PT0_SX1464_V1___.jpg\"><img decoding=\"async\" alt=\"Der Text lautet \u201eK417\u201c. Die malerische Berglandschaft mit schneebedeckten Gipfeln vor bew\u00f6lktem Himmel wirkt wie ein Werbe- oder Werbebild.\" src=\"https:\/\/m.media-amazon.com\/images\/S\/aplus-media-library-service-media\/a03d9dab-9170-46b6-8fa5-0d70d14a59a4.__CR0,0,1464,600_PT0_SX1464_V1___.jpg\">                                               <\/p>\n<p>                                                                                                       <img decoding=\"async\" alt=\"Aplus-Inhaltsbild\" src=\"https:\/\/images-na.ssl-images-amazon.com\/images\/G\/01\/x-locale\/common\/grey-pixel.gif\" class=\"a-lazy-loaded\" data-src=\"https:\/\/m.media-amazon.com\/images\/S\/aplus-media-library-service-media\/ec0a58ca-fbe7-48b9-9193-8c263b5f4072.__CR0,0,1464,600_PT0_SX1464_V1___.jpg\"><img decoding=\"async\" alt=\"Aplus-Inhaltsbild\" src=\"https:\/\/m.media-amazon.com\/images\/S\/aplus-media-library-service-media\/ec0a58ca-fbe7-48b9-9193-8c263b5f4072.__CR0,0,1464,600_PT0_SX1464_V1___.jpg\">                                               <\/p>\n<p>                                                                                                       <img decoding=\"async\" alt=\"Aplus-Inhaltsbild\" src=\"https:\/\/images-na.ssl-images-amazon.com\/images\/G\/01\/x-locale\/common\/grey-pixel.gif\" class=\"a-lazy-loaded\" data-src=\"https:\/\/m.media-amazon.com\/images\/S\/aplus-media-library-service-media\/44c491f7-82e7-4962-81c3-bf9139c7448f.__CR0,0,1464,600_PT0_SX1464_V1___.jpg\"><img decoding=\"async\" alt=\"Aplus-Inhaltsbild\" src=\"https:\/\/m.media-amazon.com\/images\/S\/aplus-media-library-service-media\/44c491f7-82e7-4962-81c3-bf9139c7448f.__CR0,0,1464,600_PT0_SX1464_V1___.jpg\">                                               <\/p>\n<p>                                                                                                       <img decoding=\"async\" alt=\"Aplus-Inhaltsbild\" src=\"https:\/\/images-na.ssl-images-amazon.com\/images\/G\/01\/x-locale\/common\/grey-pixel.gif\" class=\"a-lazy-loaded\" data-src=\"https:\/\/m.media-amazon.com\/images\/S\/aplus-media-library-service-media\/17f4eb83-6140-4f92-8be7-e17821aa9cb7.__CR0,0,1464,600_PT0_SX1464_V1___.jpg\"><img decoding=\"async\" alt=\"Aplus-Inhaltsbild\" src=\"https:\/\/m.media-amazon.com\/images\/S\/aplus-media-library-service-media\/17f4eb83-6140-4f92-8be7-e17821aa9cb7.__CR0,0,1464,600_PT0_SX1464_V1___.jpg\">                                               <\/p>\n<p>                                                                                                                  <img decoding=\"async\" alt=\"Aplus-Inhaltsbild\" src=\"https:\/\/m.media-amazon.com\/images\/S\/aplus-media-library-service-media\/f731dde6-eb76-49ad-ba55-3096415ad580.__CR0,0,1464,600_PT0_SX1464_V1___.jpg\">                                                    <img decoding=\"async\" alt=\"Aplus-Inhaltsbild\" src=\"https:\/\/m.media-amazon.com\/images\/S\/aplus-media-library-service-media\/67d53afb-58c6-452c-a182-8fe91df2cb2c.__CR0,0,1464,600_PT0_SX1464_V1___.jpg\">                                                    <img decoding=\"async\" alt=\"Aplus-Inhaltsbild\" src=\"https:\/\/m.media-amazon.com\/images\/S\/aplus-media-library-service-media\/cb14a2b0-8e9c-4b4e-9d7f-57bf88bb5ce2.__CR0,0,1464,600_PT0_SX1464_V1___.jpg\">                                                    <img decoding=\"async\" alt=\"Aplus-Inhaltsbild\" src=\"https:\/\/m.media-amazon.com\/images\/S\/aplus-media-library-service-media\/10fbbf6b-d88e-4103-9bd2-3fb0884c69ff.__CR0,0,1464,600_PT0_SX1464_V1___.jpg\"><br \/>\n                            1 3D Flip 2 Windwiderstand 3 Tap Fly 4 Gestensteuerung <\/p>\n<p>                                                                                                       <img decoding=\"async\" alt=\"Aplus-Inhaltsbild\" src=\"https:\/\/images-na.ssl-images-amazon.com\/images\/G\/01\/x-locale\/common\/grey-pixel.gif\" class=\"a-lazy-loaded\" data-src=\"https:\/\/m.media-amazon.com\/images\/S\/aplus-media-library-service-media\/3fc1341d-fdb9-449f-9a7a-0c2cb6f81e59.__CR0,0,1464,600_PT0_SX1464_V1___.jpg\"><img decoding=\"async\" alt=\"Aplus-Inhaltsbild\" src=\"https:\/\/m.media-amazon.com\/images\/S\/aplus-media-library-service-media\/3fc1341d-fdb9-449f-9a7a-0c2cb6f81e59.__CR0,0,1464,600_PT0_SX1464_V1___.jpg\">                                               <\/p>\n<p>1080P-HD-Kamera und Echtzeit-FPV: Verf\u00fcgt \u00fcber eine 1080P-HD-Kamera mit einem um 90\u00b0 verstellbaren Objektiv, um klare Fotos und Videos aus verschiedenen Winkeln aufzunehmen. Genie\u00dfen Sie Live-\u00dcbertragungen per WiFi FPV direkt auf Ihr Smartphone.<br \/>Einfach zu fliegen: Mit nur einem Knopfdruck automatisch starten und landen. Der Headless-Modus und die H\u00f6henhaltung erm\u00f6glichen eine intuitive Steuerung. F\u00fchren Sie aufregende 360\u00b0-Flips aus oder steuern Sie die Drohne mit einfachen Handgesten \u2013 f\u00fcr unterhaltsame, freih\u00e4ndige Bedienung.<br \/>Kraftvoller und stabiler Flug: Ausgestattet mit einem b\u00fcrstenlosen Motor f\u00fcr kraftvolle, leise und lang anhaltende Leistung. Die optische Flusspositionierung sorgt f\u00fcr stabiles Schweben und einen reibungslosen Flug \u2013 auch in Innenr\u00e4umen oder f\u00fcr Anf\u00e4nger.<br \/>Zusammenklappbares und tragbares Design. Die faltbaren Arme machen diese Drohne kompakt und sehr tragbar. Packen Sie es einfach in Ihre Tasche f\u00fcr Reisen, Wanderungen oder andere Outdoor-Abenteuer \u2013 immer in wenigen Augenblicken einsatzbereit.<br \/>Lange Flugzeit &#038; Komplettpaket: Genie\u00dfen Sie bis zu 17 Minuten Flugzeit mit einer Ladung. Das Paket enth\u00e4lt alles, was Sie f\u00fcr den sofortigen Start ben\u00f6tigen \u2013 das perfekte Geschenk f\u00fcr Einsteiger und Erwachsene.<\/p>\n<p>[ad_2]<\/p>\n","protected":false},"excerpt":{"rendered":"<p>Produktbeschreibung 1 3D Flip 2 Windwiderstand 3 Tap Fly 4 Gestensteuerung 1080P-HD-Kamera und Echtzeit-FPV: Verf\u00fcgt \u00fcber eine 1080P-HD-Kamera mit einem um 90\u00b0 verstellbaren Objektiv, um klare Fotos und Videos aus verschiedenen Winkeln aufzunehmen. Genie\u00dfen Sie Live-\u00dcbertragungen per WiFi FPV direkt auf Ihr Smartphone.Einfach zu fliegen: Mit nur einem Knopfdruck automatisch starten und landen. Der Headless-Modus [&hellip;]<\/p>\n","protected":false},"featured_media":3827,"comment_status":"open","ping_status":"closed","template":"","meta":{"_aipt_faq_data":""},"store":[],"product_brand":[439],"product_cat":[103],"product_tag":[363],"class_list":{"0":"post-3826","1":"product","2":"type-product","3":"status-publish","4":"has-post-thumbnail","6":"product_brand-govogorc","7":"product_cat-kamera-drohnen","8":"product_tag-faltbare-kamera-drohnen-mit-hd","10":"first","11":"instock","12":"sale","13":"shipping-taxable","14":"product-type-external"},"yoast_head":"<!-- This site is optimized with the Yoast SEO plugin v27.0 - https:\/\/yoast.com\/product\/yoast-seo-wordpress\/ -->\n<title>Drohne mit 1080P HD-Kamera, 90\u00b0 verstellbarem Objektiv, faltbare Drohne mit b\u00fcrstenlosem Motor, Gestensteuerung, 3D-Flips, Headless-Modus, 17 Minuten Flugzeit, perfekt f\u00fcr Anf\u00e4nger und Erwachsene - EasyLifeBro<\/title>\n<meta name=\"description\" content=\"Entdecken Sie smarte Roboter f\u00fcr Zuhause, Garten, Bildung und Sicherheit. Vergleichen Sie Saugroboter, Rasenm\u00e4hroboter, KI-Begleitroboter und mehr bei EasyLifeRobo.\" \/>\n<meta name=\"robots\" content=\"index, follow, max-snippet:-1, max-image-preview:large, max-video-preview:-1\" \/>\n<link rel=\"canonical\" href=\"https:\/\/easyliferobo.com\/de\/product\/drohne-mit-1080p-hd-kamera-90-verstellbarem-objektiv-faltbare-drohne-mit-buerstenlosem-motor-gestensteuerung-3d-flips-headless-modus-17-minuten-flugzeit-perfekt-fuer-anfaenger-und-erwachs\/\" \/>\n<meta property=\"og:locale\" content=\"de_DE\" \/>\n<meta property=\"og:type\" content=\"article\" \/>\n<meta property=\"og:title\" content=\"Drohne mit 1080P HD-Kamera, 90\u00b0 verstellbarem Objektiv, faltbare Drohne mit b\u00fcrstenlosem Motor, Gestensteuerung, 3D-Flips, Headless-Modus, 17 Minuten Flugzeit, perfekt f\u00fcr Anf\u00e4nger und Erwachsene - EasyLifeBro\" \/>\n<meta property=\"og:description\" content=\"Entdecken Sie smarte Roboter f\u00fcr Zuhause, Garten, Bildung und Sicherheit. Vergleichen Sie Saugroboter, Rasenm\u00e4hroboter, KI-Begleitroboter und mehr bei EasyLifeRobo.\" \/>\n<meta property=\"og:url\" content=\"https:\/\/easyliferobo.com\/de\/product\/drohne-mit-1080p-hd-kamera-90-verstellbarem-objektiv-faltbare-drohne-mit-buerstenlosem-motor-gestensteuerung-3d-flips-headless-modus-17-minuten-flugzeit-perfekt-fuer-anfaenger-und-erwachs\/\" \/>\n<meta property=\"og:site_name\" content=\"EasyLifeBro\" \/>\n<meta property=\"article:modified_time\" content=\"2026-02-27T10:16:18+00:00\" \/>\n<meta property=\"og:image\" content=\"https:\/\/images-na.ssl-images-amazon.com\/images\/G\/01\/x-locale\/common\/grey-pixel.gif\" \/>\n<meta name=\"twitter:card\" content=\"summary_large_image\" \/>\n<meta name=\"twitter:label1\" content=\"Gesch\u00e4tzte Lesezeit\" \/>\n\t<meta name=\"twitter:data1\" content=\"1\u00a0Minute\" \/>\n<script type=\"application\/ld+json\" class=\"yoast-schema-graph\">{\"@context\":\"https:\/\/schema.org\",\"@graph\":[{\"@type\":\"WebPage\",\"@id\":\"https:\/\/easyliferobo.com\/de\/product\/drohne-mit-1080p-hd-kamera-90-verstellbarem-objektiv-faltbare-drohne-mit-buerstenlosem-motor-gestensteuerung-3d-flips-headless-modus-17-minuten-flugzeit-perfekt-fuer-anfaenger-und-erwachs\/\",\"url\":\"https:\/\/easyliferobo.com\/de\/product\/drohne-mit-1080p-hd-kamera-90-verstellbarem-objektiv-faltbare-drohne-mit-buerstenlosem-motor-gestensteuerung-3d-flips-headless-modus-17-minuten-flugzeit-perfekt-fuer-anfaenger-und-erwachs\/\",\"name\":\"Drohne mit 1080P HD-Kamera, 90\u00b0 verstellbarem Objektiv, faltbare Drohne mit b\u00fcrstenlosem Motor, Gestensteuerung, 3D-Flips, Headless-Modus, 17 Minuten Flugzeit, perfekt f\u00fcr Anf\u00e4nger und Erwachsene - EasyLifeBro\",\"isPartOf\":{\"@id\":\"https:\/\/easyliferobo.com\/de\/#website\"},\"primaryImageOfPage\":{\"@id\":\"https:\/\/easyliferobo.com\/de\/product\/drohne-mit-1080p-hd-kamera-90-verstellbarem-objektiv-faltbare-drohne-mit-buerstenlosem-motor-gestensteuerung-3d-flips-headless-modus-17-minuten-flugzeit-perfekt-fuer-anfaenger-und-erwachs\/#primaryimage\"},\"image\":{\"@id\":\"https:\/\/easyliferobo.com\/de\/product\/drohne-mit-1080p-hd-kamera-90-verstellbarem-objektiv-faltbare-drohne-mit-buerstenlosem-motor-gestensteuerung-3d-flips-headless-modus-17-minuten-flugzeit-perfekt-fuer-anfaenger-und-erwachs\/#primaryimage\"},\"thumbnailUrl\":\"https:\/\/easyliferobo.com\/de\/wp-content\/uploads\/2026\/02\/71nLJJJhxsL._AC_SL1500_.jpg\",\"datePublished\":\"2026-02-27T10:16:04+00:00\",\"dateModified\":\"2026-02-27T10:16:18+00:00\",\"description\":\"Entdecken Sie smarte Roboter f\u00fcr Zuhause, Garten, Bildung und Sicherheit. Vergleichen Sie Saugroboter, Rasenm\u00e4hroboter, KI-Begleitroboter und mehr bei EasyLifeRobo.\",\"breadcrumb\":{\"@id\":\"https:\/\/easyliferobo.com\/de\/product\/drohne-mit-1080p-hd-kamera-90-verstellbarem-objektiv-faltbare-drohne-mit-buerstenlosem-motor-gestensteuerung-3d-flips-headless-modus-17-minuten-flugzeit-perfekt-fuer-anfaenger-und-erwachs\/#breadcrumb\"},\"inLanguage\":\"de\",\"potentialAction\":[{\"@type\":\"ReadAction\",\"target\":[\"https:\/\/easyliferobo.com\/de\/product\/drohne-mit-1080p-hd-kamera-90-verstellbarem-objektiv-faltbare-drohne-mit-buerstenlosem-motor-gestensteuerung-3d-flips-headless-modus-17-minuten-flugzeit-perfekt-fuer-anfaenger-und-erwachs\/\"]}]},{\"@type\":\"ImageObject\",\"inLanguage\":\"de\",\"@id\":\"https:\/\/easyliferobo.com\/de\/product\/drohne-mit-1080p-hd-kamera-90-verstellbarem-objektiv-faltbare-drohne-mit-buerstenlosem-motor-gestensteuerung-3d-flips-headless-modus-17-minuten-flugzeit-perfekt-fuer-anfaenger-und-erwachs\/#primaryimage\",\"url\":\"https:\/\/easyliferobo.com\/de\/wp-content\/uploads\/2026\/02\/71nLJJJhxsL._AC_SL1500_.jpg\",\"contentUrl\":\"https:\/\/easyliferobo.com\/de\/wp-content\/uploads\/2026\/02\/71nLJJJhxsL._AC_SL1500_.jpg\",\"width\":1500,\"height\":1385},{\"@type\":\"BreadcrumbList\",\"@id\":\"https:\/\/easyliferobo.com\/de\/product\/drohne-mit-1080p-hd-kamera-90-verstellbarem-objektiv-faltbare-drohne-mit-buerstenlosem-motor-gestensteuerung-3d-flips-headless-modus-17-minuten-flugzeit-perfekt-fuer-anfaenger-und-erwachs\/#breadcrumb\",\"itemListElement\":[{\"@type\":\"ListItem\",\"position\":1,\"name\":\"Home\",\"item\":\"https:\/\/easyliferobo.com\/de\/\"},{\"@type\":\"ListItem\",\"position\":2,\"name\":\"Shop\",\"item\":\"https:\/\/easyliferobo.com\/de\/shop\/\"},{\"@type\":\"ListItem\",\"position\":3,\"name\":\"Drohne mit 1080P HD-Kamera, 90\u00b0 ve...\"}]},{\"@type\":\"WebSite\",\"@id\":\"https:\/\/easyliferobo.com\/de\/#website\",\"url\":\"https:\/\/easyliferobo.com\/de\/\",\"name\":\"EasyLifeBro\",\"description\":\"Smarte Roboter f\u00fcr Zuhause, Garten &amp; Bildung\",\"publisher\":{\"@id\":\"https:\/\/easyliferobo.com\/de\/#organization\"},\"potentialAction\":[{\"@type\":\"SearchAction\",\"target\":{\"@type\":\"EntryPoint\",\"urlTemplate\":\"https:\/\/easyliferobo.com\/de\/?s={search_term_string}\"},\"query-input\":{\"@type\":\"PropertyValueSpecification\",\"valueRequired\":true,\"valueName\":\"search_term_string\"}}],\"inLanguage\":\"de\"},{\"@type\":\"Organization\",\"@id\":\"https:\/\/easyliferobo.com\/de\/#organization\",\"name\":\"EasyLifeBro\",\"url\":\"https:\/\/easyliferobo.com\/de\/\",\"logo\":{\"@type\":\"ImageObject\",\"inLanguage\":\"de\",\"@id\":\"https:\/\/easyliferobo.com\/de\/#\/schema\/logo\/image\/\",\"url\":\"https:\/\/easyliferobo.com\/de\/wp-content\/uploads\/2026\/02\/Screenshot-2026-02-22-at-2.25.03-PM.png\",\"contentUrl\":\"https:\/\/easyliferobo.com\/de\/wp-content\/uploads\/2026\/02\/Screenshot-2026-02-22-at-2.25.03-PM.png\",\"width\":1858,\"height\":430,\"caption\":\"EasyLifeBro\"},\"image\":{\"@id\":\"https:\/\/easyliferobo.com\/de\/#\/schema\/logo\/image\/\"}}]}<\/script>\n<!-- \/ Yoast SEO plugin. -->","yoast_head_json":{"title":"Drohne mit 1080P HD-Kamera, 90\u00b0 verstellbarem Objektiv, faltbare Drohne mit b\u00fcrstenlosem Motor, Gestensteuerung, 3D-Flips, Headless-Modus, 17 Minuten Flugzeit, perfekt f\u00fcr Anf\u00e4nger und Erwachsene - EasyLifeBro","description":"Entdecken Sie smarte Roboter f\u00fcr Zuhause, Garten, Bildung und Sicherheit. Vergleichen Sie Saugroboter, Rasenm\u00e4hroboter, KI-Begleitroboter und mehr bei EasyLifeRobo.","robots":{"index":"index","follow":"follow","max-snippet":"max-snippet:-1","max-image-preview":"max-image-preview:large","max-video-preview":"max-video-preview:-1"},"canonical":"https:\/\/easyliferobo.com\/de\/product\/drohne-mit-1080p-hd-kamera-90-verstellbarem-objektiv-faltbare-drohne-mit-buerstenlosem-motor-gestensteuerung-3d-flips-headless-modus-17-minuten-flugzeit-perfekt-fuer-anfaenger-und-erwachs\/","og_locale":"de_DE","og_type":"article","og_title":"Drohne mit 1080P HD-Kamera, 90\u00b0 verstellbarem Objektiv, faltbare Drohne mit b\u00fcrstenlosem Motor, Gestensteuerung, 3D-Flips, Headless-Modus, 17 Minuten Flugzeit, perfekt f\u00fcr Anf\u00e4nger und Erwachsene - EasyLifeBro","og_description":"Entdecken Sie smarte Roboter f\u00fcr Zuhause, Garten, Bildung und Sicherheit. Vergleichen Sie Saugroboter, Rasenm\u00e4hroboter, KI-Begleitroboter und mehr bei EasyLifeRobo.","og_url":"https:\/\/easyliferobo.com\/de\/product\/drohne-mit-1080p-hd-kamera-90-verstellbarem-objektiv-faltbare-drohne-mit-buerstenlosem-motor-gestensteuerung-3d-flips-headless-modus-17-minuten-flugzeit-perfekt-fuer-anfaenger-und-erwachs\/","og_site_name":"EasyLifeBro","article_modified_time":"2026-02-27T10:16:18+00:00","og_image":[{"url":"https:\/\/images-na.ssl-images-amazon.com\/images\/G\/01\/x-locale\/common\/grey-pixel.gif","type":"","width":"","height":""}],"twitter_card":"summary_large_image","twitter_misc":{"Gesch\u00e4tzte Lesezeit":"1\u00a0Minute"},"schema":{"@context":"https:\/\/schema.org","@graph":[{"@type":"WebPage","@id":"https:\/\/easyliferobo.com\/de\/product\/drohne-mit-1080p-hd-kamera-90-verstellbarem-objektiv-faltbare-drohne-mit-buerstenlosem-motor-gestensteuerung-3d-flips-headless-modus-17-minuten-flugzeit-perfekt-fuer-anfaenger-und-erwachs\/","url":"https:\/\/easyliferobo.com\/de\/product\/drohne-mit-1080p-hd-kamera-90-verstellbarem-objektiv-faltbare-drohne-mit-buerstenlosem-motor-gestensteuerung-3d-flips-headless-modus-17-minuten-flugzeit-perfekt-fuer-anfaenger-und-erwachs\/","name":"Drohne mit 1080P HD-Kamera, 90\u00b0 verstellbarem Objektiv, faltbare Drohne mit b\u00fcrstenlosem Motor, Gestensteuerung, 3D-Flips, Headless-Modus, 17 Minuten Flugzeit, perfekt f\u00fcr Anf\u00e4nger und Erwachsene - EasyLifeBro","isPartOf":{"@id":"https:\/\/easyliferobo.com\/de\/#website"},"primaryImageOfPage":{"@id":"https:\/\/easyliferobo.com\/de\/product\/drohne-mit-1080p-hd-kamera-90-verstellbarem-objektiv-faltbare-drohne-mit-buerstenlosem-motor-gestensteuerung-3d-flips-headless-modus-17-minuten-flugzeit-perfekt-fuer-anfaenger-und-erwachs\/#primaryimage"},"image":{"@id":"https:\/\/easyliferobo.com\/de\/product\/drohne-mit-1080p-hd-kamera-90-verstellbarem-objektiv-faltbare-drohne-mit-buerstenlosem-motor-gestensteuerung-3d-flips-headless-modus-17-minuten-flugzeit-perfekt-fuer-anfaenger-und-erwachs\/#primaryimage"},"thumbnailUrl":"https:\/\/easyliferobo.com\/de\/wp-content\/uploads\/2026\/02\/71nLJJJhxsL._AC_SL1500_.jpg","datePublished":"2026-02-27T10:16:04+00:00","dateModified":"2026-02-27T10:16:18+00:00","description":"Entdecken Sie smarte Roboter f\u00fcr Zuhause, Garten, Bildung und Sicherheit. Vergleichen Sie Saugroboter, Rasenm\u00e4hroboter, KI-Begleitroboter und mehr bei EasyLifeRobo.","breadcrumb":{"@id":"https:\/\/easyliferobo.com\/de\/product\/drohne-mit-1080p-hd-kamera-90-verstellbarem-objektiv-faltbare-drohne-mit-buerstenlosem-motor-gestensteuerung-3d-flips-headless-modus-17-minuten-flugzeit-perfekt-fuer-anfaenger-und-erwachs\/#breadcrumb"},"inLanguage":"de","potentialAction":[{"@type":"ReadAction","target":["https:\/\/easyliferobo.com\/de\/product\/drohne-mit-1080p-hd-kamera-90-verstellbarem-objektiv-faltbare-drohne-mit-buerstenlosem-motor-gestensteuerung-3d-flips-headless-modus-17-minuten-flugzeit-perfekt-fuer-anfaenger-und-erwachs\/"]}]},{"@type":"ImageObject","inLanguage":"de","@id":"https:\/\/easyliferobo.com\/de\/product\/drohne-mit-1080p-hd-kamera-90-verstellbarem-objektiv-faltbare-drohne-mit-buerstenlosem-motor-gestensteuerung-3d-flips-headless-modus-17-minuten-flugzeit-perfekt-fuer-anfaenger-und-erwachs\/#primaryimage","url":"https:\/\/easyliferobo.com\/de\/wp-content\/uploads\/2026\/02\/71nLJJJhxsL._AC_SL1500_.jpg","contentUrl":"https:\/\/easyliferobo.com\/de\/wp-content\/uploads\/2026\/02\/71nLJJJhxsL._AC_SL1500_.jpg","width":1500,"height":1385},{"@type":"BreadcrumbList","@id":"https:\/\/easyliferobo.com\/de\/product\/drohne-mit-1080p-hd-kamera-90-verstellbarem-objektiv-faltbare-drohne-mit-buerstenlosem-motor-gestensteuerung-3d-flips-headless-modus-17-minuten-flugzeit-perfekt-fuer-anfaenger-und-erwachs\/#breadcrumb","itemListElement":[{"@type":"ListItem","position":1,"name":"Home","item":"https:\/\/easyliferobo.com\/de\/"},{"@type":"ListItem","position":2,"name":"Shop","item":"https:\/\/easyliferobo.com\/de\/shop\/"},{"@type":"ListItem","position":3,"name":"Drohne mit 1080P HD-Kamera, 90\u00b0 ve..."}]},{"@type":"WebSite","@id":"https:\/\/easyliferobo.com\/de\/#website","url":"https:\/\/easyliferobo.com\/de\/","name":"EasyLifeBro","description":"Smarte Roboter f\u00fcr Zuhause, Garten &amp; Bildung","publisher":{"@id":"https:\/\/easyliferobo.com\/de\/#organization"},"potentialAction":[{"@type":"SearchAction","target":{"@type":"EntryPoint","urlTemplate":"https:\/\/easyliferobo.com\/de\/?s={search_term_string}"},"query-input":{"@type":"PropertyValueSpecification","valueRequired":true,"valueName":"search_term_string"}}],"inLanguage":"de"},{"@type":"Organization","@id":"https:\/\/easyliferobo.com\/de\/#organization","name":"EasyLifeBro","url":"https:\/\/easyliferobo.com\/de\/","logo":{"@type":"ImageObject","inLanguage":"de","@id":"https:\/\/easyliferobo.com\/de\/#\/schema\/logo\/image\/","url":"https:\/\/easyliferobo.com\/de\/wp-content\/uploads\/2026\/02\/Screenshot-2026-02-22-at-2.25.03-PM.png","contentUrl":"https:\/\/easyliferobo.com\/de\/wp-content\/uploads\/2026\/02\/Screenshot-2026-02-22-at-2.25.03-PM.png","width":1858,"height":430,"caption":"EasyLifeBro"},"image":{"@id":"https:\/\/easyliferobo.com\/de\/#\/schema\/logo\/image\/"}}]}},"_links":{"self":[{"href":"https:\/\/easyliferobo.com\/de\/wp-json\/wp\/v2\/product\/3826","targetHints":{"allow":["GET"]}}],"collection":[{"href":"https:\/\/easyliferobo.com\/de\/wp-json\/wp\/v2\/product"}],"about":[{"href":"https:\/\/easyliferobo.com\/de\/wp-json\/wp\/v2\/types\/product"}],"replies":[{"embeddable":true,"href":"https:\/\/easyliferobo.com\/de\/wp-json\/wp\/v2\/comments?post=3826"}],"wp:featuredmedia":[{"embeddable":true,"href":"https:\/\/easyliferobo.com\/de\/wp-json\/wp\/v2\/media\/3827"}],"wp:attachment":[{"href":"https:\/\/easyliferobo.com\/de\/wp-json\/wp\/v2\/media?parent=3826"}],"wp:term":[{"taxonomy":"store","embeddable":true,"href":"https:\/\/easyliferobo.com\/de\/wp-json\/wp\/v2\/store?post=3826"},{"taxonomy":"product_brand","embeddable":true,"href":"https:\/\/easyliferobo.com\/de\/wp-json\/wp\/v2\/product_brand?post=3826"},{"taxonomy":"product_cat","embeddable":true,"href":"https:\/\/easyliferobo.com\/de\/wp-json\/wp\/v2\/product_cat?post=3826"},{"taxonomy":"product_tag","embeddable":true,"href":"https:\/\/easyliferobo.com\/de\/wp-json\/wp\/v2\/product_tag?post=3826"}],"curies":[{"name":"wp","href":"https:\/\/api.w.org\/{rel}","templated":true}]}}