
{"id":3818,"date":"2026-02-27T10:14:45","date_gmt":"2026-02-27T10:14:45","guid":{"rendered":"https:\/\/easyliferobo.com\/de\/product\/58-ghz-fpv-brille-arris-vr-009-video-headset-58-g-40-ch-hd-3-zoll-lcd-display-mini-fpv-brille-fuer-fpv-quadcopter-drohnen-rc-teile-und-zubehoer\/"},"modified":"2026-02-27T10:14:57","modified_gmt":"2026-02-27T10:14:57","slug":"58-ghz-fpv-brille-arris-vr-009-video-headset-58-g-40-ch-hd-3-zoll-lcd-display-mini-fpv-brille-fuer-fpv-quadcopter-drohnen-rc-teile-und-zubehoer","status":"publish","type":"product","link":"https:\/\/easyliferobo.com\/de\/product\/58-ghz-fpv-brille-arris-vr-009-video-headset-58-g-40-ch-hd-3-zoll-lcd-display-mini-fpv-brille-fuer-fpv-quadcopter-drohnen-rc-teile-und-zubehoer\/","title":{"rendered":"5,8 GHz FPV-Brille, Arris VR-009 Vi..."},"content":{"rendered":"<p>\n                                             Produktbeschreibung   <\/p>\n<p>                                                         <img decoding=\"async\" alt=\"das Logo der Firma Zoya\" src=\"https:\/\/images-na.ssl-images-amazon.com\/images\/G\/01\/x-locale\/common\/grey-pixel.gif\" class=\"a-lazy-loaded\" data-src=\"https:\/\/m.media-amazon.com\/images\/S\/aplus-media-library-service-media\/fd6958e4-5212-4c88-87fe-823c6b5244a0.__CR0,0,600,180_PT0_SX600_V1___.jpg\"><img decoding=\"async\" alt=\"das Logo der Firma Zoya\" src=\"https:\/\/m.media-amazon.com\/images\/S\/aplus-media-library-service-media\/fd6958e4-5212-4c88-87fe-823c6b5244a0.__CR0,0,600,180_PT0_SX600_V1___.jpg\">      <\/p>\n<h3 class=\"a-spacing-mini\">  Flugerlebnis, eine neue immersive Perspektive! <\/h3>\n<p>                                          <img decoding=\"async\" alt=\"die neue PVC-Brille f\u00fcr 2 Stunden\" src=\"https:\/\/images-na.ssl-images-amazon.com\/images\/G\/01\/x-locale\/common\/grey-pixel.gif\" class=\"a-spacing-base a-lazy-loaded\" data-src=\"https:\/\/m.media-amazon.com\/images\/S\/aplus-media-library-service-media\/09bea21b-cdf7-4043-8492-bb4742800bc0.__CR0,0,970,600_PT0_SX970_V1___.jpg\"><img decoding=\"async\" alt=\"die neue PVC-Brille f\u00fcr 2 Stunden\" src=\"https:\/\/m.media-amazon.com\/images\/S\/aplus-media-library-service-media\/09bea21b-cdf7-4043-8492-bb4742800bc0.__CR0,0,970,600_PT0_SX970_V1___.jpg\">                                         <\/p>\n<h3 class=\"a-spacing-mini\">  Spezifikation: <\/h3>\n<p class=\"a-spacing-base\">  Farbe: Schwarz. Gr\u00f6\u00dfe: ca. 13,5 x 13,2 x 6,5 cm \/ 5,3 x 5,2 x 2,6 Zoll. Gewicht: 413 gTyp: RC-Teile und Zubeh\u00f6rBildschirmgr\u00f6\u00dfe: 3 Zoll. Aufl\u00f6sung: 480 x 320. Verh\u00e4ltnis: 16: 9Helligkeit: 350 cd\/m\u00b2, LED-HintergrundbeleuchtungVideoverz\u00f6gerung: Weniger als 20 msLinse: Fresnel-LinseTransparenzrate: 92 % <\/p>\n<p>                                                                             <img decoding=\"async\" alt=\"Doppelantenne f\u00fcr alle Router\" src=\"https:\/\/images-na.ssl-images-amazon.com\/images\/G\/01\/x-locale\/common\/grey-pixel.gif\" class=\"a-spacing-base a-lazy-loaded\" data-src=\"https:\/\/m.media-amazon.com\/images\/S\/aplus-media-library-service-media\/73fe29ee-da92-49de-b93f-fac14b05972f.__CR0,0,970,600_PT0_SX970_V1___.jpg\"><img decoding=\"async\" alt=\"Doppelantenne f\u00fcr alle Router\" src=\"https:\/\/m.media-amazon.com\/images\/S\/aplus-media-library-service-media\/73fe29ee-da92-49de-b93f-fac14b05972f.__CR0,0,970,600_PT0_SX970_V1___.jpg\">                                         <\/p>\n<h3 class=\"a-spacing-mini\">  Doppelantennen sorgen f\u00fcr ein stabiles Signal. <\/h3>\n<p class=\"a-spacing-base\">  Antenne: 2 x RP-SMA-AntenneUSB-Schnittstelle: Aufladen des Akkus AV-Schnittstelle: Externer Videosignaleingang oder interner AV-SignalausgangSprache: Englisch und ChinesischStromversorgung: DC 5V \/ 1ABatterie: 3,7V \/ 1200mAhVoll aufgeladen: 2,5 StundenArbeitsstrom: 300 &#8211; 330 mA. Spannung: 3,7\u20134,2 V. Maximaler Ladestrom: 500 mA <\/p>\n<p>                                                                             <img decoding=\"async\" alt=\"die neue Car-Audio-Brille\" src=\"https:\/\/images-na.ssl-images-amazon.com\/images\/G\/01\/x-locale\/common\/grey-pixel.gif\" class=\"a-spacing-base a-lazy-loaded\" data-src=\"https:\/\/m.media-amazon.com\/images\/S\/aplus-media-library-service-media\/969acd22-beac-4a09-a0a4-ef24662e93ec.__CR0,0,970,600_PT0_SX970_V1___.jpg\"><img decoding=\"async\" alt=\"die neue Car-Audio-Brille\" src=\"https:\/\/m.media-amazon.com\/images\/S\/aplus-media-library-service-media\/969acd22-beac-4a09-a0a4-ef24662e93ec.__CR0,0,970,600_PT0_SX970_V1___.jpg\">                                         <\/p>\n<h3 class=\"a-spacing-mini\">  Die automatische Suche mit nur einer Taste erm\u00f6glicht eine schnelle und genaue Suche zwischen 40 Kan\u00e4len. <\/h3>\n<p>                                                                             <img decoding=\"async\" alt=\"Der beste WLAN-Router f\u00fcr kabellose Kopfh\u00f6rer\" src=\"https:\/\/images-na.ssl-images-amazon.com\/images\/G\/01\/x-locale\/common\/grey-pixel.gif\" class=\"a-spacing-base a-lazy-loaded\" data-src=\"https:\/\/m.media-amazon.com\/images\/S\/aplus-media-library-service-media\/2289d271-8347-40c5-9afa-e0cb45376645.__CR0,0,970,600_PT0_SX970_V1___.jpg\"><img decoding=\"async\" alt=\"Der beste WLAN-Router f\u00fcr kabellose Kopfh\u00f6rer\" src=\"https:\/\/m.media-amazon.com\/images\/S\/aplus-media-library-service-media\/2289d271-8347-40c5-9afa-e0cb45376645.__CR0,0,970,600_PT0_SX970_V1___.jpg\">                                                                     <\/p>\n<p class=\"a-spacing-base\">  Es verf\u00fcgt \u00fcber einen empfindlichen 5,8-GHz-40-Kanal-Empf\u00e4nger, der f\u00fcr RaceBand geeignet ist. Der eingebaute Lithium-Ionen-Polymer-Akku mit hoher Kapazit\u00e4t von 3,7 V\/1200 mAh ist langlebig. USB-Schnittstelle f\u00fcr schnelles und bequemes Laden. Es unterst\u00fctzt die V.-Ideenr\u00fcckgabe in Echtzeit mit kurzer Verz\u00f6gerung. Es unterst\u00fctzt auch den externen Audio-Video-Signaleingang und den AV-Signalausgang (Anschluss an einen externen DVR). <\/p>\n<p>HD-LCD-Bildschirm und zwei Antennen: FPV-Brille ausgestattet mit einem 3-Zoll-LCD-Bildschirm mit 480 x 320 hoher Helligkeit. Zwei Antennen sorgen f\u00fcr ein stabiles Signal.<br \/>\u3010Automatische Ein-Knopf-Suche\u3011 Die 5,8-G-FPV-Brille verf\u00fcgt \u00fcber einen empfindlichen 5,8-GHz-40-Kanal-Empf\u00e4nger, der f\u00fcr RaceBand geeignet ist. Die automatische Ein-Knopf-Suche erm\u00f6glicht eine schnelle und genaue Suche zwischen 40 Kan\u00e4len.<br \/>Wiederaufladbar: Der in die FPV-Drohnenbrille integrierte Lithium-Ionen-Polymer-Akku mit hoher Kapazit\u00e4t von 3,7 V \/ 1200 mAh ist langlebig. USB-Schnittstelle f\u00fcr schnelles und bequemes Laden.<br \/>Signaleingang und -ausgang: FPV-RC-Drohnenbrillen unterst\u00fctzen Echtzeit-Videor\u00fcckgabe mit kurzer Verz\u00f6gerung. Es unterst\u00fctzt auch den externen Audio-Video-Signaleingang und den AV-Signalausgang (Anschluss an einen externen DVR).<br \/>Leicht und tragbar: Die RC FPV-Brille ist leicht und tragbar. Die geringe Verlustleistung sorgt f\u00fcr eine l\u00e4ngere Betriebszeit.<\/p>\n<p>[ad_2]<\/p>\n","protected":false},"excerpt":{"rendered":"<p>Produktbeschreibung Flugerlebnis, eine neue immersive Perspektive! Spezifikation: Farbe: Schwarz. Gr\u00f6\u00dfe: ca. 13,5 x 13,2 x 6,5 cm \/ 5,3 x 5,2 x 2,6 Zoll. Gewicht: 413 gTyp: RC-Teile und Zubeh\u00f6rBildschirmgr\u00f6\u00dfe: 3 Zoll. Aufl\u00f6sung: 480 x 320. Verh\u00e4ltnis: 16: 9Helligkeit: 350 cd\/m\u00b2, LED-HintergrundbeleuchtungVideoverz\u00f6gerung: Weniger als 20 msLinse: Fresnel-LinseTransparenzrate: 92 % Doppelantennen sorgen f\u00fcr ein stabiles Signal. [&hellip;]<\/p>\n","protected":false},"featured_media":3819,"comment_status":"open","ping_status":"closed","template":"","meta":{"_aipt_faq_data":""},"store":[],"product_brand":[438],"product_cat":[104],"product_tag":[362],"class_list":{"0":"post-3818","1":"product","2":"type-product","3":"status-publish","4":"has-post-thumbnail","6":"product_brand-zunate","7":"product_cat-fpv-drohnen","8":"product_tag-fpv-drohnen-fpv-brille","10":"first","11":"instock","12":"shipping-taxable","13":"product-type-external"},"yoast_head":"<!-- This site is optimized with the Yoast SEO plugin v27.4 - https:\/\/yoast.com\/product\/yoast-seo-wordpress\/ -->\n<title>5,8 GHz FPV-Brille, Arris VR-009 Video-Headset 5,8 G 40 CH HD 3 Zoll LCD-Display Mini-FPV-Brille f\u00fcr FPV-Quadcopter-Drohnen \u2013 RC-Teile und Zubeh\u00f6r - EasyLifeBro<\/title>\n<meta name=\"description\" content=\"Entdecken Sie smarte Roboter f\u00fcr Zuhause, Garten, Bildung und Sicherheit. Vergleichen Sie Saugroboter, Rasenm\u00e4hroboter, KI-Begleitroboter und mehr bei EasyLifeRobo.\" \/>\n<meta name=\"robots\" content=\"index, follow, max-snippet:-1, max-image-preview:large, max-video-preview:-1\" \/>\n<link rel=\"canonical\" href=\"https:\/\/easyliferobo.com\/de\/product\/58-ghz-fpv-brille-arris-vr-009-video-headset-58-g-40-ch-hd-3-zoll-lcd-display-mini-fpv-brille-fuer-fpv-quadcopter-drohnen-rc-teile-und-zubehoer\/\" \/>\n<meta property=\"og:locale\" content=\"de_DE\" \/>\n<meta property=\"og:type\" content=\"article\" \/>\n<meta property=\"og:title\" content=\"5,8 GHz FPV-Brille, Arris VR-009 Video-Headset 5,8 G 40 CH HD 3 Zoll LCD-Display Mini-FPV-Brille f\u00fcr FPV-Quadcopter-Drohnen \u2013 RC-Teile und Zubeh\u00f6r - EasyLifeBro\" \/>\n<meta property=\"og:description\" content=\"Entdecken Sie smarte Roboter f\u00fcr Zuhause, Garten, Bildung und Sicherheit. Vergleichen Sie Saugroboter, Rasenm\u00e4hroboter, KI-Begleitroboter und mehr bei EasyLifeRobo.\" \/>\n<meta property=\"og:url\" content=\"https:\/\/easyliferobo.com\/de\/product\/58-ghz-fpv-brille-arris-vr-009-video-headset-58-g-40-ch-hd-3-zoll-lcd-display-mini-fpv-brille-fuer-fpv-quadcopter-drohnen-rc-teile-und-zubehoer\/\" \/>\n<meta property=\"og:site_name\" content=\"EasyLifeBro\" \/>\n<meta property=\"article:modified_time\" content=\"2026-02-27T10:14:57+00:00\" \/>\n<meta property=\"og:image\" content=\"https:\/\/images-na.ssl-images-amazon.com\/images\/G\/01\/x-locale\/common\/grey-pixel.gif\" \/>\n<meta name=\"twitter:card\" content=\"summary_large_image\" \/>\n<meta name=\"twitter:label1\" content=\"Gesch\u00e4tzte Lesezeit\" \/>\n\t<meta name=\"twitter:data1\" content=\"1\u00a0Minute\" \/>\n<script type=\"application\/ld+json\" class=\"yoast-schema-graph\">{\"@context\":\"https:\\\/\\\/schema.org\",\"@graph\":[{\"@type\":\"WebPage\",\"@id\":\"https:\\\/\\\/easyliferobo.com\\\/de\\\/product\\\/58-ghz-fpv-brille-arris-vr-009-video-headset-58-g-40-ch-hd-3-zoll-lcd-display-mini-fpv-brille-fuer-fpv-quadcopter-drohnen-rc-teile-und-zubehoer\\\/\",\"url\":\"https:\\\/\\\/easyliferobo.com\\\/de\\\/product\\\/58-ghz-fpv-brille-arris-vr-009-video-headset-58-g-40-ch-hd-3-zoll-lcd-display-mini-fpv-brille-fuer-fpv-quadcopter-drohnen-rc-teile-und-zubehoer\\\/\",\"name\":\"5,8 GHz FPV-Brille, Arris VR-009 Video-Headset 5,8 G 40 CH HD 3 Zoll LCD-Display Mini-FPV-Brille f\u00fcr FPV-Quadcopter-Drohnen \u2013 RC-Teile und Zubeh\u00f6r - EasyLifeBro\",\"isPartOf\":{\"@id\":\"https:\\\/\\\/easyliferobo.com\\\/de\\\/#website\"},\"primaryImageOfPage\":{\"@id\":\"https:\\\/\\\/easyliferobo.com\\\/de\\\/product\\\/58-ghz-fpv-brille-arris-vr-009-video-headset-58-g-40-ch-hd-3-zoll-lcd-display-mini-fpv-brille-fuer-fpv-quadcopter-drohnen-rc-teile-und-zubehoer\\\/#primaryimage\"},\"image\":{\"@id\":\"https:\\\/\\\/easyliferobo.com\\\/de\\\/product\\\/58-ghz-fpv-brille-arris-vr-009-video-headset-58-g-40-ch-hd-3-zoll-lcd-display-mini-fpv-brille-fuer-fpv-quadcopter-drohnen-rc-teile-und-zubehoer\\\/#primaryimage\"},\"thumbnailUrl\":\"https:\\\/\\\/easyliferobo.com\\\/de\\\/wp-content\\\/uploads\\\/2026\\\/02\\\/61F6hm39W4L._AC_SL1500_.jpg\",\"datePublished\":\"2026-02-27T10:14:45+00:00\",\"dateModified\":\"2026-02-27T10:14:57+00:00\",\"description\":\"Entdecken Sie smarte Roboter f\u00fcr Zuhause, Garten, Bildung und Sicherheit. Vergleichen Sie Saugroboter, Rasenm\u00e4hroboter, KI-Begleitroboter und mehr bei EasyLifeRobo.\",\"breadcrumb\":{\"@id\":\"https:\\\/\\\/easyliferobo.com\\\/de\\\/product\\\/58-ghz-fpv-brille-arris-vr-009-video-headset-58-g-40-ch-hd-3-zoll-lcd-display-mini-fpv-brille-fuer-fpv-quadcopter-drohnen-rc-teile-und-zubehoer\\\/#breadcrumb\"},\"inLanguage\":\"de\",\"potentialAction\":[{\"@type\":\"ReadAction\",\"target\":[\"https:\\\/\\\/easyliferobo.com\\\/de\\\/product\\\/58-ghz-fpv-brille-arris-vr-009-video-headset-58-g-40-ch-hd-3-zoll-lcd-display-mini-fpv-brille-fuer-fpv-quadcopter-drohnen-rc-teile-und-zubehoer\\\/\"]}]},{\"@type\":\"ImageObject\",\"inLanguage\":\"de\",\"@id\":\"https:\\\/\\\/easyliferobo.com\\\/de\\\/product\\\/58-ghz-fpv-brille-arris-vr-009-video-headset-58-g-40-ch-hd-3-zoll-lcd-display-mini-fpv-brille-fuer-fpv-quadcopter-drohnen-rc-teile-und-zubehoer\\\/#primaryimage\",\"url\":\"https:\\\/\\\/easyliferobo.com\\\/de\\\/wp-content\\\/uploads\\\/2026\\\/02\\\/61F6hm39W4L._AC_SL1500_.jpg\",\"contentUrl\":\"https:\\\/\\\/easyliferobo.com\\\/de\\\/wp-content\\\/uploads\\\/2026\\\/02\\\/61F6hm39W4L._AC_SL1500_.jpg\",\"width\":1417,\"height\":1145},{\"@type\":\"BreadcrumbList\",\"@id\":\"https:\\\/\\\/easyliferobo.com\\\/de\\\/product\\\/58-ghz-fpv-brille-arris-vr-009-video-headset-58-g-40-ch-hd-3-zoll-lcd-display-mini-fpv-brille-fuer-fpv-quadcopter-drohnen-rc-teile-und-zubehoer\\\/#breadcrumb\",\"itemListElement\":[{\"@type\":\"ListItem\",\"position\":1,\"name\":\"Home\",\"item\":\"https:\\\/\\\/easyliferobo.com\\\/de\\\/\"},{\"@type\":\"ListItem\",\"position\":2,\"name\":\"Shop\",\"item\":\"https:\\\/\\\/easyliferobo.com\\\/de\\\/shop\\\/\"},{\"@type\":\"ListItem\",\"position\":3,\"name\":\"5,8 GHz FPV-Brille, Arris VR-009 Vi...\"}]},{\"@type\":\"WebSite\",\"@id\":\"https:\\\/\\\/easyliferobo.com\\\/de\\\/#website\",\"url\":\"https:\\\/\\\/easyliferobo.com\\\/de\\\/\",\"name\":\"EasyLifeBro\",\"description\":\"Smarte Roboter f\u00fcr Zuhause, Garten &amp; Bildung\",\"publisher\":{\"@id\":\"https:\\\/\\\/easyliferobo.com\\\/de\\\/#organization\"},\"potentialAction\":[{\"@type\":\"SearchAction\",\"target\":{\"@type\":\"EntryPoint\",\"urlTemplate\":\"https:\\\/\\\/easyliferobo.com\\\/de\\\/?s={search_term_string}\"},\"query-input\":{\"@type\":\"PropertyValueSpecification\",\"valueRequired\":true,\"valueName\":\"search_term_string\"}}],\"inLanguage\":\"de\"},{\"@type\":\"Organization\",\"@id\":\"https:\\\/\\\/easyliferobo.com\\\/de\\\/#organization\",\"name\":\"EasyLifeBro\",\"url\":\"https:\\\/\\\/easyliferobo.com\\\/de\\\/\",\"logo\":{\"@type\":\"ImageObject\",\"inLanguage\":\"de\",\"@id\":\"https:\\\/\\\/easyliferobo.com\\\/de\\\/#\\\/schema\\\/logo\\\/image\\\/\",\"url\":\"https:\\\/\\\/easyliferobo.com\\\/de\\\/wp-content\\\/uploads\\\/2026\\\/02\\\/Screenshot-2026-02-22-at-2.25.03-PM.png\",\"contentUrl\":\"https:\\\/\\\/easyliferobo.com\\\/de\\\/wp-content\\\/uploads\\\/2026\\\/02\\\/Screenshot-2026-02-22-at-2.25.03-PM.png\",\"width\":1858,\"height\":430,\"caption\":\"EasyLifeBro\"},\"image\":{\"@id\":\"https:\\\/\\\/easyliferobo.com\\\/de\\\/#\\\/schema\\\/logo\\\/image\\\/\"}}]}<\/script>\n<!-- \/ Yoast SEO plugin. -->","yoast_head_json":{"title":"5,8 GHz FPV-Brille, Arris VR-009 Video-Headset 5,8 G 40 CH HD 3 Zoll LCD-Display Mini-FPV-Brille f\u00fcr FPV-Quadcopter-Drohnen \u2013 RC-Teile und Zubeh\u00f6r - EasyLifeBro","description":"Entdecken Sie smarte Roboter f\u00fcr Zuhause, Garten, Bildung und Sicherheit. Vergleichen Sie Saugroboter, Rasenm\u00e4hroboter, KI-Begleitroboter und mehr bei EasyLifeRobo.","robots":{"index":"index","follow":"follow","max-snippet":"max-snippet:-1","max-image-preview":"max-image-preview:large","max-video-preview":"max-video-preview:-1"},"canonical":"https:\/\/easyliferobo.com\/de\/product\/58-ghz-fpv-brille-arris-vr-009-video-headset-58-g-40-ch-hd-3-zoll-lcd-display-mini-fpv-brille-fuer-fpv-quadcopter-drohnen-rc-teile-und-zubehoer\/","og_locale":"de_DE","og_type":"article","og_title":"5,8 GHz FPV-Brille, Arris VR-009 Video-Headset 5,8 G 40 CH HD 3 Zoll LCD-Display Mini-FPV-Brille f\u00fcr FPV-Quadcopter-Drohnen \u2013 RC-Teile und Zubeh\u00f6r - EasyLifeBro","og_description":"Entdecken Sie smarte Roboter f\u00fcr Zuhause, Garten, Bildung und Sicherheit. Vergleichen Sie Saugroboter, Rasenm\u00e4hroboter, KI-Begleitroboter und mehr bei EasyLifeRobo.","og_url":"https:\/\/easyliferobo.com\/de\/product\/58-ghz-fpv-brille-arris-vr-009-video-headset-58-g-40-ch-hd-3-zoll-lcd-display-mini-fpv-brille-fuer-fpv-quadcopter-drohnen-rc-teile-und-zubehoer\/","og_site_name":"EasyLifeBro","article_modified_time":"2026-02-27T10:14:57+00:00","og_image":[{"url":"https:\/\/images-na.ssl-images-amazon.com\/images\/G\/01\/x-locale\/common\/grey-pixel.gif","type":"","width":"","height":""}],"twitter_card":"summary_large_image","twitter_misc":{"Gesch\u00e4tzte Lesezeit":"1\u00a0Minute"},"schema":{"@context":"https:\/\/schema.org","@graph":[{"@type":"WebPage","@id":"https:\/\/easyliferobo.com\/de\/product\/58-ghz-fpv-brille-arris-vr-009-video-headset-58-g-40-ch-hd-3-zoll-lcd-display-mini-fpv-brille-fuer-fpv-quadcopter-drohnen-rc-teile-und-zubehoer\/","url":"https:\/\/easyliferobo.com\/de\/product\/58-ghz-fpv-brille-arris-vr-009-video-headset-58-g-40-ch-hd-3-zoll-lcd-display-mini-fpv-brille-fuer-fpv-quadcopter-drohnen-rc-teile-und-zubehoer\/","name":"5,8 GHz FPV-Brille, Arris VR-009 Video-Headset 5,8 G 40 CH HD 3 Zoll LCD-Display Mini-FPV-Brille f\u00fcr FPV-Quadcopter-Drohnen \u2013 RC-Teile und Zubeh\u00f6r - EasyLifeBro","isPartOf":{"@id":"https:\/\/easyliferobo.com\/de\/#website"},"primaryImageOfPage":{"@id":"https:\/\/easyliferobo.com\/de\/product\/58-ghz-fpv-brille-arris-vr-009-video-headset-58-g-40-ch-hd-3-zoll-lcd-display-mini-fpv-brille-fuer-fpv-quadcopter-drohnen-rc-teile-und-zubehoer\/#primaryimage"},"image":{"@id":"https:\/\/easyliferobo.com\/de\/product\/58-ghz-fpv-brille-arris-vr-009-video-headset-58-g-40-ch-hd-3-zoll-lcd-display-mini-fpv-brille-fuer-fpv-quadcopter-drohnen-rc-teile-und-zubehoer\/#primaryimage"},"thumbnailUrl":"https:\/\/easyliferobo.com\/de\/wp-content\/uploads\/2026\/02\/61F6hm39W4L._AC_SL1500_.jpg","datePublished":"2026-02-27T10:14:45+00:00","dateModified":"2026-02-27T10:14:57+00:00","description":"Entdecken Sie smarte Roboter f\u00fcr Zuhause, Garten, Bildung und Sicherheit. Vergleichen Sie Saugroboter, Rasenm\u00e4hroboter, KI-Begleitroboter und mehr bei EasyLifeRobo.","breadcrumb":{"@id":"https:\/\/easyliferobo.com\/de\/product\/58-ghz-fpv-brille-arris-vr-009-video-headset-58-g-40-ch-hd-3-zoll-lcd-display-mini-fpv-brille-fuer-fpv-quadcopter-drohnen-rc-teile-und-zubehoer\/#breadcrumb"},"inLanguage":"de","potentialAction":[{"@type":"ReadAction","target":["https:\/\/easyliferobo.com\/de\/product\/58-ghz-fpv-brille-arris-vr-009-video-headset-58-g-40-ch-hd-3-zoll-lcd-display-mini-fpv-brille-fuer-fpv-quadcopter-drohnen-rc-teile-und-zubehoer\/"]}]},{"@type":"ImageObject","inLanguage":"de","@id":"https:\/\/easyliferobo.com\/de\/product\/58-ghz-fpv-brille-arris-vr-009-video-headset-58-g-40-ch-hd-3-zoll-lcd-display-mini-fpv-brille-fuer-fpv-quadcopter-drohnen-rc-teile-und-zubehoer\/#primaryimage","url":"https:\/\/easyliferobo.com\/de\/wp-content\/uploads\/2026\/02\/61F6hm39W4L._AC_SL1500_.jpg","contentUrl":"https:\/\/easyliferobo.com\/de\/wp-content\/uploads\/2026\/02\/61F6hm39W4L._AC_SL1500_.jpg","width":1417,"height":1145},{"@type":"BreadcrumbList","@id":"https:\/\/easyliferobo.com\/de\/product\/58-ghz-fpv-brille-arris-vr-009-video-headset-58-g-40-ch-hd-3-zoll-lcd-display-mini-fpv-brille-fuer-fpv-quadcopter-drohnen-rc-teile-und-zubehoer\/#breadcrumb","itemListElement":[{"@type":"ListItem","position":1,"name":"Home","item":"https:\/\/easyliferobo.com\/de\/"},{"@type":"ListItem","position":2,"name":"Shop","item":"https:\/\/easyliferobo.com\/de\/shop\/"},{"@type":"ListItem","position":3,"name":"5,8 GHz FPV-Brille, Arris VR-009 Vi..."}]},{"@type":"WebSite","@id":"https:\/\/easyliferobo.com\/de\/#website","url":"https:\/\/easyliferobo.com\/de\/","name":"EasyLifeBro","description":"Smarte Roboter f\u00fcr Zuhause, Garten &amp; Bildung","publisher":{"@id":"https:\/\/easyliferobo.com\/de\/#organization"},"potentialAction":[{"@type":"SearchAction","target":{"@type":"EntryPoint","urlTemplate":"https:\/\/easyliferobo.com\/de\/?s={search_term_string}"},"query-input":{"@type":"PropertyValueSpecification","valueRequired":true,"valueName":"search_term_string"}}],"inLanguage":"de"},{"@type":"Organization","@id":"https:\/\/easyliferobo.com\/de\/#organization","name":"EasyLifeBro","url":"https:\/\/easyliferobo.com\/de\/","logo":{"@type":"ImageObject","inLanguage":"de","@id":"https:\/\/easyliferobo.com\/de\/#\/schema\/logo\/image\/","url":"https:\/\/easyliferobo.com\/de\/wp-content\/uploads\/2026\/02\/Screenshot-2026-02-22-at-2.25.03-PM.png","contentUrl":"https:\/\/easyliferobo.com\/de\/wp-content\/uploads\/2026\/02\/Screenshot-2026-02-22-at-2.25.03-PM.png","width":1858,"height":430,"caption":"EasyLifeBro"},"image":{"@id":"https:\/\/easyliferobo.com\/de\/#\/schema\/logo\/image\/"}}]}},"_links":{"self":[{"href":"https:\/\/easyliferobo.com\/de\/wp-json\/wp\/v2\/product\/3818","targetHints":{"allow":["GET"]}}],"collection":[{"href":"https:\/\/easyliferobo.com\/de\/wp-json\/wp\/v2\/product"}],"about":[{"href":"https:\/\/easyliferobo.com\/de\/wp-json\/wp\/v2\/types\/product"}],"replies":[{"embeddable":true,"href":"https:\/\/easyliferobo.com\/de\/wp-json\/wp\/v2\/comments?post=3818"}],"wp:featuredmedia":[{"embeddable":true,"href":"https:\/\/easyliferobo.com\/de\/wp-json\/wp\/v2\/media\/3819"}],"wp:attachment":[{"href":"https:\/\/easyliferobo.com\/de\/wp-json\/wp\/v2\/media?parent=3818"}],"wp:term":[{"taxonomy":"store","embeddable":true,"href":"https:\/\/easyliferobo.com\/de\/wp-json\/wp\/v2\/store?post=3818"},{"taxonomy":"product_brand","embeddable":true,"href":"https:\/\/easyliferobo.com\/de\/wp-json\/wp\/v2\/product_brand?post=3818"},{"taxonomy":"product_cat","embeddable":true,"href":"https:\/\/easyliferobo.com\/de\/wp-json\/wp\/v2\/product_cat?post=3818"},{"taxonomy":"product_tag","embeddable":true,"href":"https:\/\/easyliferobo.com\/de\/wp-json\/wp\/v2\/product_tag?post=3818"}],"curies":[{"name":"wp","href":"https:\/\/api.w.org\/{rel}","templated":true}]}}