
{"id":3803,"date":"2026-02-27T10:12:18","date_gmt":"2026-02-27T10:12:18","guid":{"rendered":"https:\/\/easyliferobo.com\/de\/product\/autonomes-fahren-robotertechnik-fuer-selbstfahrende-autos\/"},"modified":"2026-02-27T10:12:31","modified_gmt":"2026-02-27T10:12:31","slug":"autonomes-fahren-robotertechnik-fuer-selbstfahrende-autos","status":"publish","type":"product","link":"https:\/\/easyliferobo.com\/de\/product\/autonomes-fahren-robotertechnik-fuer-selbstfahrende-autos\/","title":{"rendered":"Autonomes Fahren: Robotertechnik f?..."},"content":{"rendered":"<p>  Autonome Fahrzeuge und Roboter liegen stark im Fokus von Industrie und Forschung. Das vorliegende Buch f\u00fchrt Leserinnen und Leser in die gesamte Wirkkette moderner autonomer Fahrzeuge und automatisierter Robotikl\u00f6sungen ein.<br \/>Im ersten Teil des Buches erfolgt eine ausf\u00fchrliche Darstellung der Grundlagen der Robotik, automatisierter Fahrzeugf\u00fchrung sowie einer Beleuchtung moderner Entwicklungsmethoden autonomer Systeme. Aufbauend darauf werden im Teil die theoretischen Grundlagen f\u00fcr die Entwicklung zweiter Systeme vermittelt. Dabei liegt ein starker Fokus auf der Darstellung systemtheoretischer, industriemathematischer und regelungstechnischer Werkzeuge sowie auf einer Einf\u00fchrung in die Modellbildung mechatronischer Systeme. Im dritten Teil des Buches kommen die zuvor erl\u00e4uterten Grundlagen und Werkzeuge konkret zum Einsatz. So wird mit Bezug auf den neuesten Stand der Technik beschrieben, mittels welcher konkreter Algorithmen und Verfahren autonome Systeme in die Lage versetzt werden:<br \/>&#8211; ihr Umfeld wahrzunehmen und zu interpretieren,<br \/>&#8211; ihre Bewegungen zu planen und intelligente Entscheidungen zu treffen sowie <br \/>&#8211; Die zuvor geplanten Aktionen mittels regelungstechnischer Ans\u00e4tze umzusetzen.<br \/>Die konkrete Funktionsweise der jeweiligen Algorithmen und deren Verbund werden durch Simulationen und praxisnahe Realfahrtdaten veranschaulicht. Durch zahlreiche Beispiele, \u00dcbersichten und ausf\u00fchrliche \u00dcbungen werden die Inhalte praxisnah und anwendungsorientiert vermittelt. So dient das Buch sowohl als Grundlagenwerk f\u00fcr Studierende als auch als Nachschlagewerk f\u00fcr Praktiker:innen.    <br \/> <br \/>\n                                             Von der Marke   <\/p>\n<p>                                              <img decoding=\"async\" alt=\"Brandstory Elektrotechnik\" src=\"https:\/\/images-na.ssl-images-amazon.com\/images\/G\/01\/x-locale\/common\/grey-pixel.gif\" class=\"a-lazy-loaded\" data-src=\"https:\/\/m.media-amazon.com\/images\/S\/aplus-media-library-service-media\/50c51218-9341-45a7-bc59-b20c9cf4c474.__CR0,0,1464,625_PT0_SX1464_V1___.png\"><img decoding=\"async\" alt=\"Brandstory Elektrotechnik\" src=\"https:\/\/m.media-amazon.com\/images\/S\/aplus-media-library-service-media\/50c51218-9341-45a7-bc59-b20c9cf4c474.__CR0,0,1464,625_PT0_SX1464_V1___.png\">  <\/p>\n<p>                                              <img decoding=\"async\" alt=\"\" src=\"https:\/\/images-na.ssl-images-amazon.com\/images\/G\/01\/x-locale\/common\/grey-pixel.gif\" class=\"a-lazy-loaded\" data-src=\"https:\/\/m.media-amazon.com\/images\/S\/aplus-media-library-service-media\/403cb66f-25f2-43ab-8523-6bb91c023b76.__CR53,0,1358,625_PT0_SX315_V1___.png\"><img decoding=\"async\" alt=\"\" src=\"https:\/\/m.media-amazon.com\/images\/S\/aplus-media-library-service-media\/403cb66f-25f2-43ab-8523-6bb91c023b76.__CR53,0,1358,625_PT0_SX315_V1___.png\">  <\/p>\n<p>  Beim Hanser Fachbuchverlag finden Sie die besten und wichtigsten B\u00fccher im Bereich Elektrotechnik. Sowohl Studierende der E-Technik als auch erfahrene Elektroingenieur*innen finden mit Hanser Fachb\u00fcchern die passende Fachliteratur. Von CAD \u00fcber Elektronik und Digitaltechnik bis hin zur Kommunikations- und Energietechnik werden E-Techniker*innen hier bestens bedient. <\/p>\n<h3>  Hanser Fachbuch &#8211; Shop <\/h3>\n<p class=\"apm-brand-story-stores-link\">\n<p>                                              <img decoding=\"async\" alt=\"\" src=\"https:\/\/images-na.ssl-images-amazon.com\/images\/G\/01\/x-locale\/common\/grey-pixel.gif\" class=\"a-lazy-loaded\" data-src=\"https:\/\/m.media-amazon.com\/images\/S\/aplus-media-library-service-media\/29fdcdc5-83ad-46ca-84ce-377b158ecf62.__CR0,162,600,276_PT0_SX315_V1___.jpg\"><img decoding=\"async\" alt=\"\" src=\"https:\/\/m.media-amazon.com\/images\/S\/aplus-media-library-service-media\/29fdcdc5-83ad-46ca-84ce-377b158ecf62.__CR0,162,600,276_PT0_SX315_V1___.jpg\">  <\/p>\n<p>  Sie wollen mehr Wissen? <\/p>\n<p>  Auf plus.hanser-fachbuch.de finden Sie zus\u00e4tzliche digitale Inhalte, Beispiele und Aufgaben zu Ihrem Fachbuch! <\/p>\n<p>  Geben Sie einfach den Code aus Ihrem gekauften Buch ein und los geht&#8217;s! <\/p>\n<p>  Herausgeber \u200f : \u200e Carl Hanser Verlag GmbH &#038; Co. KG       <br \/> Erscheinungsdatum \u200f : \u200e 11. April 2025       <br \/> Auflage \u200f : \u200e 1       <br \/> Sprache \u200f : \u200e Deutsch   <br \/> Druckl\u00e4nge \u200f : \u200e 450 Seiten       <br \/> ISBN-10 \u200f : \u200e 3446469680       <br \/> ISBN-13 \u200f : \u200e 978-3446469686       <br \/> Abmessungen \u200f : \u200e 17 x 2,3 x 24 cm       <br \/>       Bestseller-Rang: 1.125.000 in B\u00fcchern (siehe Top 100 in B\u00fcchern), 69 in Schalter (B\u00fccher), 315 in Regelungstechnik (B\u00fccher), 348 in elektrischen Schaltkreisen      <br \/>[ad_2]<\/p>\n","protected":false},"excerpt":{"rendered":"<p>Autonome Fahrzeuge und Roboter liegen stark im Fokus von Industrie und Forschung. Das vorliegende Buch f\u00fchrt Leserinnen und Leser in die gesamte Wirkkette moderner autonomer Fahrzeuge und automatisierter Robotikl\u00f6sungen ein.Im ersten Teil des Buches erfolgt eine ausf\u00fchrliche Darstellung der Grundlagen der Robotik, automatisierter Fahrzeugf\u00fchrung sowie einer Beleuchtung moderner Entwicklungsmethoden autonomer Systeme. Aufbauend darauf werden im [&hellip;]<\/p>\n","protected":false},"featured_media":3804,"comment_status":"open","ping_status":"closed","template":"","meta":{"_aipt_faq_data":""},"store":[],"product_brand":[],"product_cat":[106],"product_tag":[359],"class_list":{"0":"post-3803","1":"product","2":"type-product","3":"status-publish","4":"has-post-thumbnail","6":"product_cat-autonome-mobile-roboter","7":"product_tag-autonome-mobile-roboter-wartung","9":"first","10":"instock","11":"shipping-taxable","12":"product-type-external"},"yoast_head":"<!-- This site is optimized with the Yoast SEO plugin v27.4 - https:\/\/yoast.com\/product\/yoast-seo-wordpress\/ -->\n<title>Autonomes Fahren: Robotertechnik f\u00fcr selbstfahrende Autos - EasyLifeBro<\/title>\n<meta name=\"description\" content=\"Entdecken Sie smarte Roboter f\u00fcr Zuhause, Garten, Bildung und Sicherheit. Vergleichen Sie Saugroboter, Rasenm\u00e4hroboter, KI-Begleitroboter und mehr bei EasyLifeRobo.\" \/>\n<meta name=\"robots\" content=\"index, follow, max-snippet:-1, max-image-preview:large, max-video-preview:-1\" \/>\n<link rel=\"canonical\" href=\"https:\/\/easyliferobo.com\/de\/product\/autonomes-fahren-robotertechnik-fuer-selbstfahrende-autos\/\" \/>\n<meta property=\"og:locale\" content=\"de_DE\" \/>\n<meta property=\"og:type\" content=\"article\" \/>\n<meta property=\"og:title\" content=\"Autonomes Fahren: Robotertechnik f\u00fcr selbstfahrende Autos - EasyLifeBro\" \/>\n<meta property=\"og:description\" content=\"Entdecken Sie smarte Roboter f\u00fcr Zuhause, Garten, Bildung und Sicherheit. Vergleichen Sie Saugroboter, Rasenm\u00e4hroboter, KI-Begleitroboter und mehr bei EasyLifeRobo.\" \/>\n<meta property=\"og:url\" content=\"https:\/\/easyliferobo.com\/de\/product\/autonomes-fahren-robotertechnik-fuer-selbstfahrende-autos\/\" \/>\n<meta property=\"og:site_name\" content=\"EasyLifeBro\" \/>\n<meta property=\"article:modified_time\" content=\"2026-02-27T10:12:31+00:00\" \/>\n<meta property=\"og:image\" content=\"https:\/\/easyliferobo.com\/de\/wp-content\/uploads\/2026\/02\/81R5ADWv4L._SL1500_.jpg\" \/>\n\t<meta property=\"og:image:width\" content=\"1015\" \/>\n\t<meta property=\"og:image:height\" content=\"1500\" \/>\n\t<meta property=\"og:image:type\" content=\"image\/jpeg\" \/>\n<meta name=\"twitter:card\" content=\"summary_large_image\" \/>\n<meta name=\"twitter:label1\" content=\"Gesch\u00e4tzte Lesezeit\" \/>\n\t<meta name=\"twitter:data1\" content=\"2\u00a0Minuten\" \/>\n<script type=\"application\/ld+json\" class=\"yoast-schema-graph\">{\"@context\":\"https:\\\/\\\/schema.org\",\"@graph\":[{\"@type\":\"WebPage\",\"@id\":\"https:\\\/\\\/easyliferobo.com\\\/de\\\/product\\\/autonomes-fahren-robotertechnik-fuer-selbstfahrende-autos\\\/\",\"url\":\"https:\\\/\\\/easyliferobo.com\\\/de\\\/product\\\/autonomes-fahren-robotertechnik-fuer-selbstfahrende-autos\\\/\",\"name\":\"Autonomes Fahren: Robotertechnik f\u00fcr selbstfahrende Autos - EasyLifeBro\",\"isPartOf\":{\"@id\":\"https:\\\/\\\/easyliferobo.com\\\/de\\\/#website\"},\"primaryImageOfPage\":{\"@id\":\"https:\\\/\\\/easyliferobo.com\\\/de\\\/product\\\/autonomes-fahren-robotertechnik-fuer-selbstfahrende-autos\\\/#primaryimage\"},\"image\":{\"@id\":\"https:\\\/\\\/easyliferobo.com\\\/de\\\/product\\\/autonomes-fahren-robotertechnik-fuer-selbstfahrende-autos\\\/#primaryimage\"},\"thumbnailUrl\":\"https:\\\/\\\/easyliferobo.com\\\/de\\\/wp-content\\\/uploads\\\/2026\\\/02\\\/81R5ADWv4L._SL1500_.jpg\",\"datePublished\":\"2026-02-27T10:12:18+00:00\",\"dateModified\":\"2026-02-27T10:12:31+00:00\",\"description\":\"Entdecken Sie smarte Roboter f\u00fcr Zuhause, Garten, Bildung und Sicherheit. Vergleichen Sie Saugroboter, Rasenm\u00e4hroboter, KI-Begleitroboter und mehr bei EasyLifeRobo.\",\"breadcrumb\":{\"@id\":\"https:\\\/\\\/easyliferobo.com\\\/de\\\/product\\\/autonomes-fahren-robotertechnik-fuer-selbstfahrende-autos\\\/#breadcrumb\"},\"inLanguage\":\"de\",\"potentialAction\":[{\"@type\":\"ReadAction\",\"target\":[\"https:\\\/\\\/easyliferobo.com\\\/de\\\/product\\\/autonomes-fahren-robotertechnik-fuer-selbstfahrende-autos\\\/\"]}]},{\"@type\":\"ImageObject\",\"inLanguage\":\"de\",\"@id\":\"https:\\\/\\\/easyliferobo.com\\\/de\\\/product\\\/autonomes-fahren-robotertechnik-fuer-selbstfahrende-autos\\\/#primaryimage\",\"url\":\"https:\\\/\\\/easyliferobo.com\\\/de\\\/wp-content\\\/uploads\\\/2026\\\/02\\\/81R5ADWv4L._SL1500_.jpg\",\"contentUrl\":\"https:\\\/\\\/easyliferobo.com\\\/de\\\/wp-content\\\/uploads\\\/2026\\\/02\\\/81R5ADWv4L._SL1500_.jpg\",\"width\":1015,\"height\":1500},{\"@type\":\"BreadcrumbList\",\"@id\":\"https:\\\/\\\/easyliferobo.com\\\/de\\\/product\\\/autonomes-fahren-robotertechnik-fuer-selbstfahrende-autos\\\/#breadcrumb\",\"itemListElement\":[{\"@type\":\"ListItem\",\"position\":1,\"name\":\"Home\",\"item\":\"https:\\\/\\\/easyliferobo.com\\\/de\\\/\"},{\"@type\":\"ListItem\",\"position\":2,\"name\":\"Shop\",\"item\":\"https:\\\/\\\/easyliferobo.com\\\/de\\\/shop\\\/\"},{\"@type\":\"ListItem\",\"position\":3,\"name\":\"Autonomes Fahren: Robotertechnik f\u00fcr selbstfahrende Autos\"}]},{\"@type\":\"WebSite\",\"@id\":\"https:\\\/\\\/easyliferobo.com\\\/de\\\/#website\",\"url\":\"https:\\\/\\\/easyliferobo.com\\\/de\\\/\",\"name\":\"EasyLifeBro\",\"description\":\"Smarte Roboter f\u00fcr Zuhause, Garten &amp; Bildung\",\"publisher\":{\"@id\":\"https:\\\/\\\/easyliferobo.com\\\/de\\\/#organization\"},\"potentialAction\":[{\"@type\":\"SearchAction\",\"target\":{\"@type\":\"EntryPoint\",\"urlTemplate\":\"https:\\\/\\\/easyliferobo.com\\\/de\\\/?s={search_term_string}\"},\"query-input\":{\"@type\":\"PropertyValueSpecification\",\"valueRequired\":true,\"valueName\":\"search_term_string\"}}],\"inLanguage\":\"de\"},{\"@type\":\"Organization\",\"@id\":\"https:\\\/\\\/easyliferobo.com\\\/de\\\/#organization\",\"name\":\"EasyLifeBro\",\"url\":\"https:\\\/\\\/easyliferobo.com\\\/de\\\/\",\"logo\":{\"@type\":\"ImageObject\",\"inLanguage\":\"de\",\"@id\":\"https:\\\/\\\/easyliferobo.com\\\/de\\\/#\\\/schema\\\/logo\\\/image\\\/\",\"url\":\"https:\\\/\\\/easyliferobo.com\\\/de\\\/wp-content\\\/uploads\\\/2026\\\/02\\\/Screenshot-2026-02-22-at-2.25.03-PM.png\",\"contentUrl\":\"https:\\\/\\\/easyliferobo.com\\\/de\\\/wp-content\\\/uploads\\\/2026\\\/02\\\/Screenshot-2026-02-22-at-2.25.03-PM.png\",\"width\":1858,\"height\":430,\"caption\":\"EasyLifeBro\"},\"image\":{\"@id\":\"https:\\\/\\\/easyliferobo.com\\\/de\\\/#\\\/schema\\\/logo\\\/image\\\/\"}}]}<\/script>\n<!-- \/ Yoast SEO plugin. -->","yoast_head_json":{"title":"Autonomes Fahren: Robotertechnik f\u00fcr selbstfahrende Autos - EasyLifeBro","description":"Entdecken Sie smarte Roboter f\u00fcr Zuhause, Garten, Bildung und Sicherheit. Vergleichen Sie Saugroboter, Rasenm\u00e4hroboter, KI-Begleitroboter und mehr bei EasyLifeRobo.","robots":{"index":"index","follow":"follow","max-snippet":"max-snippet:-1","max-image-preview":"max-image-preview:large","max-video-preview":"max-video-preview:-1"},"canonical":"https:\/\/easyliferobo.com\/de\/product\/autonomes-fahren-robotertechnik-fuer-selbstfahrende-autos\/","og_locale":"de_DE","og_type":"article","og_title":"Autonomes Fahren: Robotertechnik f\u00fcr selbstfahrende Autos - EasyLifeBro","og_description":"Entdecken Sie smarte Roboter f\u00fcr Zuhause, Garten, Bildung und Sicherheit. Vergleichen Sie Saugroboter, Rasenm\u00e4hroboter, KI-Begleitroboter und mehr bei EasyLifeRobo.","og_url":"https:\/\/easyliferobo.com\/de\/product\/autonomes-fahren-robotertechnik-fuer-selbstfahrende-autos\/","og_site_name":"EasyLifeBro","article_modified_time":"2026-02-27T10:12:31+00:00","og_image":[{"width":1015,"height":1500,"url":"https:\/\/easyliferobo.com\/de\/wp-content\/uploads\/2026\/02\/81R5ADWv4L._SL1500_.jpg","type":"image\/jpeg"}],"twitter_card":"summary_large_image","twitter_misc":{"Gesch\u00e4tzte Lesezeit":"2\u00a0Minuten"},"schema":{"@context":"https:\/\/schema.org","@graph":[{"@type":"WebPage","@id":"https:\/\/easyliferobo.com\/de\/product\/autonomes-fahren-robotertechnik-fuer-selbstfahrende-autos\/","url":"https:\/\/easyliferobo.com\/de\/product\/autonomes-fahren-robotertechnik-fuer-selbstfahrende-autos\/","name":"Autonomes Fahren: Robotertechnik f\u00fcr selbstfahrende Autos - EasyLifeBro","isPartOf":{"@id":"https:\/\/easyliferobo.com\/de\/#website"},"primaryImageOfPage":{"@id":"https:\/\/easyliferobo.com\/de\/product\/autonomes-fahren-robotertechnik-fuer-selbstfahrende-autos\/#primaryimage"},"image":{"@id":"https:\/\/easyliferobo.com\/de\/product\/autonomes-fahren-robotertechnik-fuer-selbstfahrende-autos\/#primaryimage"},"thumbnailUrl":"https:\/\/easyliferobo.com\/de\/wp-content\/uploads\/2026\/02\/81R5ADWv4L._SL1500_.jpg","datePublished":"2026-02-27T10:12:18+00:00","dateModified":"2026-02-27T10:12:31+00:00","description":"Entdecken Sie smarte Roboter f\u00fcr Zuhause, Garten, Bildung und Sicherheit. Vergleichen Sie Saugroboter, Rasenm\u00e4hroboter, KI-Begleitroboter und mehr bei EasyLifeRobo.","breadcrumb":{"@id":"https:\/\/easyliferobo.com\/de\/product\/autonomes-fahren-robotertechnik-fuer-selbstfahrende-autos\/#breadcrumb"},"inLanguage":"de","potentialAction":[{"@type":"ReadAction","target":["https:\/\/easyliferobo.com\/de\/product\/autonomes-fahren-robotertechnik-fuer-selbstfahrende-autos\/"]}]},{"@type":"ImageObject","inLanguage":"de","@id":"https:\/\/easyliferobo.com\/de\/product\/autonomes-fahren-robotertechnik-fuer-selbstfahrende-autos\/#primaryimage","url":"https:\/\/easyliferobo.com\/de\/wp-content\/uploads\/2026\/02\/81R5ADWv4L._SL1500_.jpg","contentUrl":"https:\/\/easyliferobo.com\/de\/wp-content\/uploads\/2026\/02\/81R5ADWv4L._SL1500_.jpg","width":1015,"height":1500},{"@type":"BreadcrumbList","@id":"https:\/\/easyliferobo.com\/de\/product\/autonomes-fahren-robotertechnik-fuer-selbstfahrende-autos\/#breadcrumb","itemListElement":[{"@type":"ListItem","position":1,"name":"Home","item":"https:\/\/easyliferobo.com\/de\/"},{"@type":"ListItem","position":2,"name":"Shop","item":"https:\/\/easyliferobo.com\/de\/shop\/"},{"@type":"ListItem","position":3,"name":"Autonomes Fahren: Robotertechnik f\u00fcr selbstfahrende Autos"}]},{"@type":"WebSite","@id":"https:\/\/easyliferobo.com\/de\/#website","url":"https:\/\/easyliferobo.com\/de\/","name":"EasyLifeBro","description":"Smarte Roboter f\u00fcr Zuhause, Garten &amp; Bildung","publisher":{"@id":"https:\/\/easyliferobo.com\/de\/#organization"},"potentialAction":[{"@type":"SearchAction","target":{"@type":"EntryPoint","urlTemplate":"https:\/\/easyliferobo.com\/de\/?s={search_term_string}"},"query-input":{"@type":"PropertyValueSpecification","valueRequired":true,"valueName":"search_term_string"}}],"inLanguage":"de"},{"@type":"Organization","@id":"https:\/\/easyliferobo.com\/de\/#organization","name":"EasyLifeBro","url":"https:\/\/easyliferobo.com\/de\/","logo":{"@type":"ImageObject","inLanguage":"de","@id":"https:\/\/easyliferobo.com\/de\/#\/schema\/logo\/image\/","url":"https:\/\/easyliferobo.com\/de\/wp-content\/uploads\/2026\/02\/Screenshot-2026-02-22-at-2.25.03-PM.png","contentUrl":"https:\/\/easyliferobo.com\/de\/wp-content\/uploads\/2026\/02\/Screenshot-2026-02-22-at-2.25.03-PM.png","width":1858,"height":430,"caption":"EasyLifeBro"},"image":{"@id":"https:\/\/easyliferobo.com\/de\/#\/schema\/logo\/image\/"}}]}},"_links":{"self":[{"href":"https:\/\/easyliferobo.com\/de\/wp-json\/wp\/v2\/product\/3803","targetHints":{"allow":["GET"]}}],"collection":[{"href":"https:\/\/easyliferobo.com\/de\/wp-json\/wp\/v2\/product"}],"about":[{"href":"https:\/\/easyliferobo.com\/de\/wp-json\/wp\/v2\/types\/product"}],"replies":[{"embeddable":true,"href":"https:\/\/easyliferobo.com\/de\/wp-json\/wp\/v2\/comments?post=3803"}],"wp:featuredmedia":[{"embeddable":true,"href":"https:\/\/easyliferobo.com\/de\/wp-json\/wp\/v2\/media\/3804"}],"wp:attachment":[{"href":"https:\/\/easyliferobo.com\/de\/wp-json\/wp\/v2\/media?parent=3803"}],"wp:term":[{"taxonomy":"store","embeddable":true,"href":"https:\/\/easyliferobo.com\/de\/wp-json\/wp\/v2\/store?post=3803"},{"taxonomy":"product_brand","embeddable":true,"href":"https:\/\/easyliferobo.com\/de\/wp-json\/wp\/v2\/product_brand?post=3803"},{"taxonomy":"product_cat","embeddable":true,"href":"https:\/\/easyliferobo.com\/de\/wp-json\/wp\/v2\/product_cat?post=3803"},{"taxonomy":"product_tag","embeddable":true,"href":"https:\/\/easyliferobo.com\/de\/wp-json\/wp\/v2\/product_tag?post=3803"}],"curies":[{"name":"wp","href":"https:\/\/api.w.org\/{rel}","templated":true}]}}