
{"id":380,"date":"2026-02-22T09:33:58","date_gmt":"2026-02-22T09:33:58","guid":{"rendered":"https:\/\/easyliferobo.com\/de\/product\/technik-roboter-konstruktionsspielzeug-bausatz-535-teile-5-in-1-rc-roboter-und-auto-ferngesteuerter-und-app-roboter-baukasten-fuer-kinder-rc-programmierbares-teenager-spielzeug-geschenk-von-8\/"},"modified":"2026-02-22T09:34:20","modified_gmt":"2026-02-22T09:34:20","slug":"technik-roboter-konstruktionsspielzeug-bausatz-535-teile-5-in-1-rc-roboter-und-auto-ferngesteuerter-und-app-roboter-baukasten-fuer-kinder-rc-programmierbares-teenager-spielzeug-geschenk-von-8","status":"publish","type":"product","link":"https:\/\/easyliferobo.com\/de\/product\/technik-roboter-konstruktionsspielzeug-bausatz-535-teile-5-in-1-rc-roboter-und-auto-ferngesteuerter-und-app-roboter-baukasten-fuer-kinder-rc-programmierbares-teenager-spielzeug-geschenk-von-8\/","title":{"rendered":"Technik-Roboter-Konstruktionsspielz..."},"content":{"rendered":"<p>\n                                             Von der Marke   <\/p>\n<p>                                              <img decoding=\"async\" alt=\"\" src=\"https:\/\/images-na.ssl-images-amazon.com\/images\/G\/01\/x-locale\/common\/grey-pixel.gif\" class=\"a-lazy-loaded\" data-src=\"https:\/\/m.media-amazon.com\/images\/S\/aplus-media-library-service-media\/a05bcb68-0fae-4061-8742-ed5fdf2b767c.__CR0,0,1464,625_PT0_SX1464_V1___.jpg\"><img decoding=\"async\" alt=\"\" src=\"https:\/\/m.media-amazon.com\/images\/S\/aplus-media-library-service-media\/a05bcb68-0fae-4061-8742-ed5fdf2b767c.__CR0,0,1464,625_PT0_SX1464_V1___.jpg\">  <\/p>\n<h3>  Warum Ayiquty w\u00e4hlen? <\/h3>\n<p>  AYIQUTY hofft, dass Kinder durch Spielzeug gl\u00fccklich werden und sich entwickeln k\u00f6nnen. <\/p>\n<h3>  Fernbedienungsspielzeug <\/h3>\n<h3>  Fernbedienungsspielzeug <\/h3>\n<h3>  Fernbedienungsspielzeug <\/h3>\n<p>\u30105-in-1-Technik-Kit\u3011: Es besteht aus f\u00fcnf Modellen: Roboter\/Planierraupe\/Bagger\/Stra\u00dfenwalze\/Krantransporter. Die f\u00fcnf Modelle verf\u00fcgen \u00fcber viele bewegliche Teile, wodurch die Bausteinspielzeuge cool funktionieren und die Fantasie der Kinder trainieren sowie das kreative Denken und die praktischen F\u00e4higkeiten der Kinder f\u00f6rdern<br \/>\u3010Technischer ferngesteuerter Roboter\u3011: Er verf\u00fcgt \u00fcber zwei Steuerungsmethoden: Fernbedienung und App. Sie k\u00f6nnen \u00fcber die App zwischen verschiedenen Fahrmodi wechseln (Fernbedienungsmodus\/Kreiselmodus\/Wegmodus\/Programmierung) und sowohl drinnen als auch drau\u00dfen fahren, wie Sie m\u00f6chten<br \/>Sie erhalten: 535 Bausteine, 1 x Fernbedienung (ohne 2 x AAA-Batterien), 1 x Strommodul, 1 x USB-Ladekabel, 1 x Bedienungsanleitung, 1 x Aufkleber, 1 x Hilfswerkzeug, 1 x Aufbewahrungstasche, 1 x Tasche<br \/>Sorgf\u00e4ltig gestaltet: Alle Teile bestehen aus sicheren und ungiftigen Materialien, sind langlebig und glatt. Das Leistungsmodul verf\u00fcgt \u00fcber ein Ladedesign, das die Demontage und Installation des Akkus \u00fcberfl\u00fcssig macht und das Laden komfortabler macht<br \/>\u3010Tolles Geschenk f\u00fcr Kinder\u3011Dieser 5-in-1-Technologiebausatz kann die Kreativit\u00e4t von Kindern anregen und sie stundenlang besch\u00e4ftigen. Es eignet sich perfekt als Geburtstags- und Weihnachtsgeschenk f\u00fcr Kinder im Alter von 8-12 13 14 15+ Jahren<\/p>\n<p>[ad_2]<\/p>\n","protected":false},"excerpt":{"rendered":"<p>Von der Marke Warum Ayiquty w\u00e4hlen? AYIQUTY hofft, dass Kinder durch Spielzeug gl\u00fccklich werden und sich entwickeln k\u00f6nnen. Fernbedienungsspielzeug Fernbedienungsspielzeug Fernbedienungsspielzeug \u30105-in-1-Technik-Kit\u3011: Es besteht aus f\u00fcnf Modellen: Roboter\/Planierraupe\/Bagger\/Stra\u00dfenwalze\/Krantransporter. Die f\u00fcnf Modelle verf\u00fcgen \u00fcber viele bewegliche Teile, wodurch die Bausteinspielzeuge cool funktionieren und die Fantasie der Kinder trainieren sowie das kreative Denken und die praktischen F\u00e4higkeiten [&hellip;]<\/p>\n","protected":false},"featured_media":381,"comment_status":"open","ping_status":"closed","template":"","meta":{"_aipt_faq_data":""},"store":[],"product_brand":[],"product_cat":[80],"product_tag":[142],"class_list":{"0":"post-380","1":"product","2":"type-product","3":"status-publish","4":"has-post-thumbnail","6":"product_cat-robotik-bausaetze","7":"product_tag-robotik-bausaetze-fuer-kinder","9":"first","10":"instock","11":"sale","12":"shipping-taxable","13":"product-type-external"},"yoast_head":"<!-- This site is optimized with the Yoast SEO plugin v27.4 - https:\/\/yoast.com\/product\/yoast-seo-wordpress\/ -->\n<title>Technik-Roboter-Konstruktionsspielzeug-Bausatz, 535 Teile, 5-in-1-RC-Roboter und Auto, ferngesteuerter und App-Roboter-Baukasten f\u00fcr Kinder, RC programmierbares Teenager-Spielzeug, Geschenk von 8\u201312 13 14 15 Jahren Jungen - EasyLifeBro<\/title>\n<meta name=\"description\" content=\"Entdecken Sie smarte Roboter f\u00fcr Zuhause, Garten, Bildung und Sicherheit. Vergleichen Sie Saugroboter, Rasenm\u00e4hroboter, KI-Begleitroboter und mehr bei EasyLifeRobo.\" \/>\n<meta name=\"robots\" content=\"index, follow, max-snippet:-1, max-image-preview:large, max-video-preview:-1\" \/>\n<link rel=\"canonical\" href=\"https:\/\/easyliferobo.com\/de\/product\/technik-roboter-konstruktionsspielzeug-bausatz-535-teile-5-in-1-rc-roboter-und-auto-ferngesteuerter-und-app-roboter-baukasten-fuer-kinder-rc-programmierbares-teenager-spielzeug-geschenk-von-8\/\" \/>\n<meta property=\"og:locale\" content=\"de_DE\" \/>\n<meta property=\"og:type\" content=\"article\" \/>\n<meta property=\"og:title\" content=\"Technik-Roboter-Konstruktionsspielzeug-Bausatz, 535 Teile, 5-in-1-RC-Roboter und Auto, ferngesteuerter und App-Roboter-Baukasten f\u00fcr Kinder, RC programmierbares Teenager-Spielzeug, Geschenk von 8\u201312 13 14 15 Jahren Jungen - EasyLifeBro\" \/>\n<meta property=\"og:description\" content=\"Entdecken Sie smarte Roboter f\u00fcr Zuhause, Garten, Bildung und Sicherheit. Vergleichen Sie Saugroboter, Rasenm\u00e4hroboter, KI-Begleitroboter und mehr bei EasyLifeRobo.\" \/>\n<meta property=\"og:url\" content=\"https:\/\/easyliferobo.com\/de\/product\/technik-roboter-konstruktionsspielzeug-bausatz-535-teile-5-in-1-rc-roboter-und-auto-ferngesteuerter-und-app-roboter-baukasten-fuer-kinder-rc-programmierbares-teenager-spielzeug-geschenk-von-8\/\" \/>\n<meta property=\"og:site_name\" content=\"EasyLifeBro\" \/>\n<meta property=\"article:modified_time\" content=\"2026-02-22T09:34:20+00:00\" \/>\n<meta property=\"og:image\" content=\"https:\/\/easyliferobo.com\/de\/wp-content\/uploads\/2026\/02\/81eHg1PiXsL._AC_SL1500_.jpg\" \/>\n\t<meta property=\"og:image:width\" content=\"1500\" \/>\n\t<meta property=\"og:image:height\" content=\"1493\" \/>\n\t<meta property=\"og:image:type\" content=\"image\/jpeg\" \/>\n<meta name=\"twitter:card\" content=\"summary_large_image\" \/>\n<meta name=\"twitter:label1\" content=\"Gesch\u00e4tzte Lesezeit\" \/>\n\t<meta name=\"twitter:data1\" content=\"1\u00a0Minute\" \/>\n<script type=\"application\/ld+json\" class=\"yoast-schema-graph\">{\"@context\":\"https:\\\/\\\/schema.org\",\"@graph\":[{\"@type\":\"WebPage\",\"@id\":\"https:\\\/\\\/easyliferobo.com\\\/de\\\/product\\\/technik-roboter-konstruktionsspielzeug-bausatz-535-teile-5-in-1-rc-roboter-und-auto-ferngesteuerter-und-app-roboter-baukasten-fuer-kinder-rc-programmierbares-teenager-spielzeug-geschenk-von-8\\\/\",\"url\":\"https:\\\/\\\/easyliferobo.com\\\/de\\\/product\\\/technik-roboter-konstruktionsspielzeug-bausatz-535-teile-5-in-1-rc-roboter-und-auto-ferngesteuerter-und-app-roboter-baukasten-fuer-kinder-rc-programmierbares-teenager-spielzeug-geschenk-von-8\\\/\",\"name\":\"Technik-Roboter-Konstruktionsspielzeug-Bausatz, 535 Teile, 5-in-1-RC-Roboter und Auto, ferngesteuerter und App-Roboter-Baukasten f\u00fcr Kinder, RC programmierbares Teenager-Spielzeug, Geschenk von 8\u201312 13 14 15 Jahren Jungen - EasyLifeBro\",\"isPartOf\":{\"@id\":\"https:\\\/\\\/easyliferobo.com\\\/de\\\/#website\"},\"primaryImageOfPage\":{\"@id\":\"https:\\\/\\\/easyliferobo.com\\\/de\\\/product\\\/technik-roboter-konstruktionsspielzeug-bausatz-535-teile-5-in-1-rc-roboter-und-auto-ferngesteuerter-und-app-roboter-baukasten-fuer-kinder-rc-programmierbares-teenager-spielzeug-geschenk-von-8\\\/#primaryimage\"},\"image\":{\"@id\":\"https:\\\/\\\/easyliferobo.com\\\/de\\\/product\\\/technik-roboter-konstruktionsspielzeug-bausatz-535-teile-5-in-1-rc-roboter-und-auto-ferngesteuerter-und-app-roboter-baukasten-fuer-kinder-rc-programmierbares-teenager-spielzeug-geschenk-von-8\\\/#primaryimage\"},\"thumbnailUrl\":\"https:\\\/\\\/easyliferobo.com\\\/de\\\/wp-content\\\/uploads\\\/2026\\\/02\\\/81eHg1PiXsL._AC_SL1500_.jpg\",\"datePublished\":\"2026-02-22T09:33:58+00:00\",\"dateModified\":\"2026-02-22T09:34:20+00:00\",\"description\":\"Entdecken Sie smarte Roboter f\u00fcr Zuhause, Garten, Bildung und Sicherheit. Vergleichen Sie Saugroboter, Rasenm\u00e4hroboter, KI-Begleitroboter und mehr bei EasyLifeRobo.\",\"breadcrumb\":{\"@id\":\"https:\\\/\\\/easyliferobo.com\\\/de\\\/product\\\/technik-roboter-konstruktionsspielzeug-bausatz-535-teile-5-in-1-rc-roboter-und-auto-ferngesteuerter-und-app-roboter-baukasten-fuer-kinder-rc-programmierbares-teenager-spielzeug-geschenk-von-8\\\/#breadcrumb\"},\"inLanguage\":\"de\",\"potentialAction\":[{\"@type\":\"ReadAction\",\"target\":[\"https:\\\/\\\/easyliferobo.com\\\/de\\\/product\\\/technik-roboter-konstruktionsspielzeug-bausatz-535-teile-5-in-1-rc-roboter-und-auto-ferngesteuerter-und-app-roboter-baukasten-fuer-kinder-rc-programmierbares-teenager-spielzeug-geschenk-von-8\\\/\"]}]},{\"@type\":\"ImageObject\",\"inLanguage\":\"de\",\"@id\":\"https:\\\/\\\/easyliferobo.com\\\/de\\\/product\\\/technik-roboter-konstruktionsspielzeug-bausatz-535-teile-5-in-1-rc-roboter-und-auto-ferngesteuerter-und-app-roboter-baukasten-fuer-kinder-rc-programmierbares-teenager-spielzeug-geschenk-von-8\\\/#primaryimage\",\"url\":\"https:\\\/\\\/easyliferobo.com\\\/de\\\/wp-content\\\/uploads\\\/2026\\\/02\\\/81eHg1PiXsL._AC_SL1500_.jpg\",\"contentUrl\":\"https:\\\/\\\/easyliferobo.com\\\/de\\\/wp-content\\\/uploads\\\/2026\\\/02\\\/81eHg1PiXsL._AC_SL1500_.jpg\",\"width\":1500,\"height\":1493},{\"@type\":\"BreadcrumbList\",\"@id\":\"https:\\\/\\\/easyliferobo.com\\\/de\\\/product\\\/technik-roboter-konstruktionsspielzeug-bausatz-535-teile-5-in-1-rc-roboter-und-auto-ferngesteuerter-und-app-roboter-baukasten-fuer-kinder-rc-programmierbares-teenager-spielzeug-geschenk-von-8\\\/#breadcrumb\",\"itemListElement\":[{\"@type\":\"ListItem\",\"position\":1,\"name\":\"Home\",\"item\":\"https:\\\/\\\/easyliferobo.com\\\/de\\\/\"},{\"@type\":\"ListItem\",\"position\":2,\"name\":\"Shop\",\"item\":\"https:\\\/\\\/easyliferobo.com\\\/de\\\/shop\\\/\"},{\"@type\":\"ListItem\",\"position\":3,\"name\":\"Technik-Roboter-Konstruktionsspielz...\"}]},{\"@type\":\"WebSite\",\"@id\":\"https:\\\/\\\/easyliferobo.com\\\/de\\\/#website\",\"url\":\"https:\\\/\\\/easyliferobo.com\\\/de\\\/\",\"name\":\"EasyLifeBro\",\"description\":\"Smarte Roboter f\u00fcr Zuhause, Garten &amp; Bildung\",\"publisher\":{\"@id\":\"https:\\\/\\\/easyliferobo.com\\\/de\\\/#organization\"},\"potentialAction\":[{\"@type\":\"SearchAction\",\"target\":{\"@type\":\"EntryPoint\",\"urlTemplate\":\"https:\\\/\\\/easyliferobo.com\\\/de\\\/?s={search_term_string}\"},\"query-input\":{\"@type\":\"PropertyValueSpecification\",\"valueRequired\":true,\"valueName\":\"search_term_string\"}}],\"inLanguage\":\"de\"},{\"@type\":\"Organization\",\"@id\":\"https:\\\/\\\/easyliferobo.com\\\/de\\\/#organization\",\"name\":\"EasyLifeBro\",\"url\":\"https:\\\/\\\/easyliferobo.com\\\/de\\\/\",\"logo\":{\"@type\":\"ImageObject\",\"inLanguage\":\"de\",\"@id\":\"https:\\\/\\\/easyliferobo.com\\\/de\\\/#\\\/schema\\\/logo\\\/image\\\/\",\"url\":\"https:\\\/\\\/easyliferobo.com\\\/de\\\/wp-content\\\/uploads\\\/2026\\\/02\\\/Screenshot-2026-02-22-at-2.25.03-PM.png\",\"contentUrl\":\"https:\\\/\\\/easyliferobo.com\\\/de\\\/wp-content\\\/uploads\\\/2026\\\/02\\\/Screenshot-2026-02-22-at-2.25.03-PM.png\",\"width\":1858,\"height\":430,\"caption\":\"EasyLifeBro\"},\"image\":{\"@id\":\"https:\\\/\\\/easyliferobo.com\\\/de\\\/#\\\/schema\\\/logo\\\/image\\\/\"}}]}<\/script>\n<!-- \/ Yoast SEO plugin. -->","yoast_head_json":{"title":"Technik-Roboter-Konstruktionsspielzeug-Bausatz, 535 Teile, 5-in-1-RC-Roboter und Auto, ferngesteuerter und App-Roboter-Baukasten f\u00fcr Kinder, RC programmierbares Teenager-Spielzeug, Geschenk von 8\u201312 13 14 15 Jahren Jungen - EasyLifeBro","description":"Entdecken Sie smarte Roboter f\u00fcr Zuhause, Garten, Bildung und Sicherheit. Vergleichen Sie Saugroboter, Rasenm\u00e4hroboter, KI-Begleitroboter und mehr bei EasyLifeRobo.","robots":{"index":"index","follow":"follow","max-snippet":"max-snippet:-1","max-image-preview":"max-image-preview:large","max-video-preview":"max-video-preview:-1"},"canonical":"https:\/\/easyliferobo.com\/de\/product\/technik-roboter-konstruktionsspielzeug-bausatz-535-teile-5-in-1-rc-roboter-und-auto-ferngesteuerter-und-app-roboter-baukasten-fuer-kinder-rc-programmierbares-teenager-spielzeug-geschenk-von-8\/","og_locale":"de_DE","og_type":"article","og_title":"Technik-Roboter-Konstruktionsspielzeug-Bausatz, 535 Teile, 5-in-1-RC-Roboter und Auto, ferngesteuerter und App-Roboter-Baukasten f\u00fcr Kinder, RC programmierbares Teenager-Spielzeug, Geschenk von 8\u201312 13 14 15 Jahren Jungen - EasyLifeBro","og_description":"Entdecken Sie smarte Roboter f\u00fcr Zuhause, Garten, Bildung und Sicherheit. Vergleichen Sie Saugroboter, Rasenm\u00e4hroboter, KI-Begleitroboter und mehr bei EasyLifeRobo.","og_url":"https:\/\/easyliferobo.com\/de\/product\/technik-roboter-konstruktionsspielzeug-bausatz-535-teile-5-in-1-rc-roboter-und-auto-ferngesteuerter-und-app-roboter-baukasten-fuer-kinder-rc-programmierbares-teenager-spielzeug-geschenk-von-8\/","og_site_name":"EasyLifeBro","article_modified_time":"2026-02-22T09:34:20+00:00","og_image":[{"width":1500,"height":1493,"url":"https:\/\/easyliferobo.com\/de\/wp-content\/uploads\/2026\/02\/81eHg1PiXsL._AC_SL1500_.jpg","type":"image\/jpeg"}],"twitter_card":"summary_large_image","twitter_misc":{"Gesch\u00e4tzte Lesezeit":"1\u00a0Minute"},"schema":{"@context":"https:\/\/schema.org","@graph":[{"@type":"WebPage","@id":"https:\/\/easyliferobo.com\/de\/product\/technik-roboter-konstruktionsspielzeug-bausatz-535-teile-5-in-1-rc-roboter-und-auto-ferngesteuerter-und-app-roboter-baukasten-fuer-kinder-rc-programmierbares-teenager-spielzeug-geschenk-von-8\/","url":"https:\/\/easyliferobo.com\/de\/product\/technik-roboter-konstruktionsspielzeug-bausatz-535-teile-5-in-1-rc-roboter-und-auto-ferngesteuerter-und-app-roboter-baukasten-fuer-kinder-rc-programmierbares-teenager-spielzeug-geschenk-von-8\/","name":"Technik-Roboter-Konstruktionsspielzeug-Bausatz, 535 Teile, 5-in-1-RC-Roboter und Auto, ferngesteuerter und App-Roboter-Baukasten f\u00fcr Kinder, RC programmierbares Teenager-Spielzeug, Geschenk von 8\u201312 13 14 15 Jahren Jungen - EasyLifeBro","isPartOf":{"@id":"https:\/\/easyliferobo.com\/de\/#website"},"primaryImageOfPage":{"@id":"https:\/\/easyliferobo.com\/de\/product\/technik-roboter-konstruktionsspielzeug-bausatz-535-teile-5-in-1-rc-roboter-und-auto-ferngesteuerter-und-app-roboter-baukasten-fuer-kinder-rc-programmierbares-teenager-spielzeug-geschenk-von-8\/#primaryimage"},"image":{"@id":"https:\/\/easyliferobo.com\/de\/product\/technik-roboter-konstruktionsspielzeug-bausatz-535-teile-5-in-1-rc-roboter-und-auto-ferngesteuerter-und-app-roboter-baukasten-fuer-kinder-rc-programmierbares-teenager-spielzeug-geschenk-von-8\/#primaryimage"},"thumbnailUrl":"https:\/\/easyliferobo.com\/de\/wp-content\/uploads\/2026\/02\/81eHg1PiXsL._AC_SL1500_.jpg","datePublished":"2026-02-22T09:33:58+00:00","dateModified":"2026-02-22T09:34:20+00:00","description":"Entdecken Sie smarte Roboter f\u00fcr Zuhause, Garten, Bildung und Sicherheit. Vergleichen Sie Saugroboter, Rasenm\u00e4hroboter, KI-Begleitroboter und mehr bei EasyLifeRobo.","breadcrumb":{"@id":"https:\/\/easyliferobo.com\/de\/product\/technik-roboter-konstruktionsspielzeug-bausatz-535-teile-5-in-1-rc-roboter-und-auto-ferngesteuerter-und-app-roboter-baukasten-fuer-kinder-rc-programmierbares-teenager-spielzeug-geschenk-von-8\/#breadcrumb"},"inLanguage":"de","potentialAction":[{"@type":"ReadAction","target":["https:\/\/easyliferobo.com\/de\/product\/technik-roboter-konstruktionsspielzeug-bausatz-535-teile-5-in-1-rc-roboter-und-auto-ferngesteuerter-und-app-roboter-baukasten-fuer-kinder-rc-programmierbares-teenager-spielzeug-geschenk-von-8\/"]}]},{"@type":"ImageObject","inLanguage":"de","@id":"https:\/\/easyliferobo.com\/de\/product\/technik-roboter-konstruktionsspielzeug-bausatz-535-teile-5-in-1-rc-roboter-und-auto-ferngesteuerter-und-app-roboter-baukasten-fuer-kinder-rc-programmierbares-teenager-spielzeug-geschenk-von-8\/#primaryimage","url":"https:\/\/easyliferobo.com\/de\/wp-content\/uploads\/2026\/02\/81eHg1PiXsL._AC_SL1500_.jpg","contentUrl":"https:\/\/easyliferobo.com\/de\/wp-content\/uploads\/2026\/02\/81eHg1PiXsL._AC_SL1500_.jpg","width":1500,"height":1493},{"@type":"BreadcrumbList","@id":"https:\/\/easyliferobo.com\/de\/product\/technik-roboter-konstruktionsspielzeug-bausatz-535-teile-5-in-1-rc-roboter-und-auto-ferngesteuerter-und-app-roboter-baukasten-fuer-kinder-rc-programmierbares-teenager-spielzeug-geschenk-von-8\/#breadcrumb","itemListElement":[{"@type":"ListItem","position":1,"name":"Home","item":"https:\/\/easyliferobo.com\/de\/"},{"@type":"ListItem","position":2,"name":"Shop","item":"https:\/\/easyliferobo.com\/de\/shop\/"},{"@type":"ListItem","position":3,"name":"Technik-Roboter-Konstruktionsspielz..."}]},{"@type":"WebSite","@id":"https:\/\/easyliferobo.com\/de\/#website","url":"https:\/\/easyliferobo.com\/de\/","name":"EasyLifeBro","description":"Smarte Roboter f\u00fcr Zuhause, Garten &amp; Bildung","publisher":{"@id":"https:\/\/easyliferobo.com\/de\/#organization"},"potentialAction":[{"@type":"SearchAction","target":{"@type":"EntryPoint","urlTemplate":"https:\/\/easyliferobo.com\/de\/?s={search_term_string}"},"query-input":{"@type":"PropertyValueSpecification","valueRequired":true,"valueName":"search_term_string"}}],"inLanguage":"de"},{"@type":"Organization","@id":"https:\/\/easyliferobo.com\/de\/#organization","name":"EasyLifeBro","url":"https:\/\/easyliferobo.com\/de\/","logo":{"@type":"ImageObject","inLanguage":"de","@id":"https:\/\/easyliferobo.com\/de\/#\/schema\/logo\/image\/","url":"https:\/\/easyliferobo.com\/de\/wp-content\/uploads\/2026\/02\/Screenshot-2026-02-22-at-2.25.03-PM.png","contentUrl":"https:\/\/easyliferobo.com\/de\/wp-content\/uploads\/2026\/02\/Screenshot-2026-02-22-at-2.25.03-PM.png","width":1858,"height":430,"caption":"EasyLifeBro"},"image":{"@id":"https:\/\/easyliferobo.com\/de\/#\/schema\/logo\/image\/"}}]}},"_links":{"self":[{"href":"https:\/\/easyliferobo.com\/de\/wp-json\/wp\/v2\/product\/380","targetHints":{"allow":["GET"]}}],"collection":[{"href":"https:\/\/easyliferobo.com\/de\/wp-json\/wp\/v2\/product"}],"about":[{"href":"https:\/\/easyliferobo.com\/de\/wp-json\/wp\/v2\/types\/product"}],"replies":[{"embeddable":true,"href":"https:\/\/easyliferobo.com\/de\/wp-json\/wp\/v2\/comments?post=380"}],"wp:featuredmedia":[{"embeddable":true,"href":"https:\/\/easyliferobo.com\/de\/wp-json\/wp\/v2\/media\/381"}],"wp:attachment":[{"href":"https:\/\/easyliferobo.com\/de\/wp-json\/wp\/v2\/media?parent=380"}],"wp:term":[{"taxonomy":"store","embeddable":true,"href":"https:\/\/easyliferobo.com\/de\/wp-json\/wp\/v2\/store?post=380"},{"taxonomy":"product_brand","embeddable":true,"href":"https:\/\/easyliferobo.com\/de\/wp-json\/wp\/v2\/product_brand?post=380"},{"taxonomy":"product_cat","embeddable":true,"href":"https:\/\/easyliferobo.com\/de\/wp-json\/wp\/v2\/product_cat?post=380"},{"taxonomy":"product_tag","embeddable":true,"href":"https:\/\/easyliferobo.com\/de\/wp-json\/wp\/v2\/product_tag?post=380"}],"curies":[{"name":"wp","href":"https:\/\/api.w.org\/{rel}","templated":true}]}}