
{"id":3793,"date":"2026-02-27T10:10:55","date_gmt":"2026-02-27T10:10:55","guid":{"rendered":"https:\/\/easyliferobo.com\/de\/product\/rehabilitations-roboterhandschuhe-fuer-die-wiederherstellung-von-schlaganfaellen-finger-hand-trainingsgeraete-handfunktions-rehabilitationshandschuh-3\/"},"modified":"2026-02-27T10:11:12","modified_gmt":"2026-02-27T10:11:12","slug":"rehabilitations-roboterhandschuhe-fuer-die-wiederherstellung-von-schlaganfaellen-finger-hand-trainingsgeraete-handfunktions-rehabilitationshandschuh-3","status":"publish","type":"product","link":"https:\/\/easyliferobo.com\/de\/product\/rehabilitations-roboterhandschuhe-fuer-die-wiederherstellung-von-schlaganfaellen-finger-hand-trainingsgeraete-handfunktions-rehabilitationshandschuh-3\/","title":{"rendered":"Rehabilitations-Roboterhandschuhe f..."},"content":{"rendered":"<p>\n                                             Von der Marke   <\/p>\n<p>                                              <img decoding=\"async\" alt=\"\" src=\"https:\/\/images-na.ssl-images-amazon.com\/images\/G\/01\/x-locale\/common\/grey-pixel.gif\" class=\"a-lazy-loaded\" data-src=\"https:\/\/m.media-amazon.com\/images\/S\/aplus-media-library-service-media\/6d30404f-4de7-47e0-a21a-d00a80b58cd4.__CR0,0,1464,625_PT0_SX1464_V1___.jpg\"><img decoding=\"async\" alt=\"\" src=\"https:\/\/m.media-amazon.com\/images\/S\/aplus-media-library-service-media\/6d30404f-4de7-47e0-a21a-d00a80b58cd4.__CR0,0,1464,625_PT0_SX1464_V1___.jpg\">  <\/p>\n<h3>  Rehabilitationshandschuhe <\/h3>\n<p>  Handtherapieger\u00e4t zur Schlaganfallrehabilitation und Physiotherapie <\/p>\n<p>                                              <img decoding=\"async\" alt=\"\" src=\"https:\/\/images-na.ssl-images-amazon.com\/images\/G\/01\/x-locale\/common\/grey-pixel.gif\" class=\"a-lazy-loaded\" data-src=\"https:\/\/m.media-amazon.com\/images\/S\/aplus-media-library-service-media\/4d489921-6668-4cba-a8ea-30cf2b42e158.__CR0,18,571,263_PT0_SX315_V1___.jpg\"><img decoding=\"async\" alt=\"\" src=\"https:\/\/m.media-amazon.com\/images\/S\/aplus-media-library-service-media\/4d489921-6668-4cba-a8ea-30cf2b42e158.__CR0,18,571,263_PT0_SX315_V1___.jpg\">  <\/p>\n<p>  Fachwissen in der Rehabilitationstechnologie \u2013 Mit \u00fcber einem Jahrzehnt kontinuierlicher Innovation und Weiterentwicklung von Handrehabilitationsl\u00f6sungen ist JBMBHC ein zuverl\u00e4ssiger Partner f\u00fcr die Rehabilitation nach Schlaganfall, Zerebralparese und Nervenverletzungen. St\u00e4rkung der Heimwiederherstellung \u2013 Wir stellen Ihnen langlebige, professionelle Ausr\u00fcstung zur Verf\u00fcgung und unterst\u00fctzen Sie bei jedem Schritt der Genesung. <\/p>\n<p>                                              <img decoding=\"async\" alt=\"Aplus-Inhaltsbild\" src=\"https:\/\/images-na.ssl-images-amazon.com\/images\/G\/01\/x-locale\/common\/grey-pixel.gif\" class=\"a-lazy-loaded\" data-src=\"https:\/\/m.media-amazon.com\/images\/S\/aplus-media-library-service-media\/7877fb1d-2456-40f4-a404-ce62ee6c7a47.__CR0,0,362,453_PT0_SX362_V1___.jpg\"><img decoding=\"async\" alt=\"Aplus-Inhaltsbild\" src=\"https:\/\/m.media-amazon.com\/images\/S\/aplus-media-library-service-media\/7877fb1d-2456-40f4-a404-ce62ee6c7a47.__CR0,0,362,453_PT0_SX362_V1___.jpg\">  <\/p>\n<p>                                              <img decoding=\"async\" alt=\"Aplus-Inhaltsbild\" src=\"https:\/\/images-na.ssl-images-amazon.com\/images\/G\/01\/x-locale\/common\/grey-pixel.gif\" class=\"a-lazy-loaded\" data-src=\"https:\/\/m.media-amazon.com\/images\/S\/aplus-media-library-service-media\/399975a1-9f82-4ba0-9306-caadde5ea8e0.__CR0,45,362,453_PT0_SX362_V1___.jpg\"><img decoding=\"async\" alt=\"Aplus-Inhaltsbild\" src=\"https:\/\/m.media-amazon.com\/images\/S\/aplus-media-library-service-media\/399975a1-9f82-4ba0-9306-caadde5ea8e0.__CR0,45,362,453_PT0_SX362_V1___.jpg\">  <\/p>\n<p>                                              <img decoding=\"async\" alt=\"Aplus-Inhaltsbild\" src=\"https:\/\/images-na.ssl-images-amazon.com\/images\/G\/01\/x-locale\/common\/grey-pixel.gif\" class=\"a-lazy-loaded\" data-src=\"https:\/\/m.media-amazon.com\/images\/S\/aplus-media-library-service-media\/a688de56-ac51-4f2d-9859-82f601955cfe.__CR0,0,362,453_PT0_SX362_V1___.jpg\"><img decoding=\"async\" alt=\"Aplus-Inhaltsbild\" src=\"https:\/\/m.media-amazon.com\/images\/S\/aplus-media-library-service-media\/a688de56-ac51-4f2d-9859-82f601955cfe.__CR0,0,362,453_PT0_SX362_V1___.jpg\">  <\/p>\n<p>  Produktabmessungen \u200f : \u200e 22,5 x 14,61 x 10,11 cm; 670 g   <br \/> Hersteller \u200f : \u200e JBMBHC   <br \/> ASIN \u200f : \u200e B0D3BN5DSJ   <br \/> Artikelmodellnummer \u200f : \u200e A1-D00900   <br \/>  Kundenrezensionen: 4,2 4,2 von 5 Sternen (353) var dpAcrHasRegisteredArcLinkClickAction; P.when(&#8218;A&#8216;, &#8218;ready&#8216;).execute(function(A) { if (dpAcrHasRegisteredArcLinkClickAction !== true) { dpAcrHasRegisteredArcLinkClickAction = true; A.declarative( &#8218;acrLink-click-metrics&#8216;, &#8218;click&#8216;, { &#8222;allowLinkDefault&#8220;: true }, function (event) { if (window.ue) { ue.count(&#8222;acrLinkClickCount&#8220;, (ue.count(&#8222;acrLinkClickCount&#8220;) || 0) + 1 } } }); P.when(&#8218;A&#8216;, &#8218;cf&#8216;).execute(function(A) { A.declarative(&#8218;acrStarsLink-click-metrics&#8216;, &#8218;click&#8216;, { &#8222;allowLinkDefault&#8220; : true }, function(event){ if(window.ue) { ue.count(&#8222;acrStarsLinkWithPopoverClickCount&#8220;, (ue.count(&#8222;acrStarsLinkWithPopoverClickCount&#8220;) || 0) + 1); } }); });                          <br \/>Rehabilitations-Roboterhandschuhe: F\u00fcr Menschen, die ihre H\u00e4nde und Finger trainieren m\u00fcssen, ist es ein hervorragendes Rehabilitationsprodukt f\u00fcr zu Hause. Der Rehabilitationshandschuh eignet sich f\u00fcr Patienten mit Schlaganfall, Arthritis, Halbparalyse, Zerebralparese, Demenz, Hirninfarkt, Hirnblutung und Nervenverletzungen und ist ein sehr gutes Geschenk f\u00fcr sie. (Handrehabilitation, Schlaganfall-Rehabilitation, Handtherapie)<br \/>Reha-Handschuh: Durch Drehen des Ventils beim Einzel- und Mehrfingertraining kann jeder einzelne Finger trainiert werden. Schlaganfall-Reha-Handschuhe verf\u00fcgen \u00fcber einen Dehnungs- und Beugebereich, der auf 5 Trainingsgeschwindigkeiten und 5 Intensit\u00e4tsstufen eingestellt werden kann, sodass Sie sich nicht mehr die Finger verletzen. Neue und verbesserte Spiegelhandschuhe machen das Spiegeltraining einfacher und komfortabler; Ihr bestes Rehabilitationsger\u00e4t!<br \/>Roboterhandschuhe: Es wurde die M\u00f6glichkeit hinzugef\u00fcgt, Ihre Finger der Reihe nach zu trainieren. Sie k\u00f6nnen abwechselnd f\u00fcnf Finger trainieren. Die Schlaghandschuhe verf\u00fcgen \u00fcber die Power-Luftpumpe, die dreimal leistungsst\u00e4rker ist. Alle Funktionen lassen sich bequem \u00fcber das Display bedienen, was die Bedienung sehr einfach und komfortabel macht. (Handtherapie-Handschuhe, Fingertherapie, Schlaganfall f\u00fcr die H\u00e4nde)<br \/>Stroke Recovery Equipment Die neu hinzugef\u00fcgte Direct-Plug-In-Funktion bietet mehr Leistung. Neuer Schalter an der Seite des Hosts, der bei l\u00e4ngerer Nichtbenutzung ausgeschaltet werden kann, um die Lebensdauer des Produkts zu verl\u00e4ngern. (Genesung von Schlaganfallpatienten, Fingerrehabilitationstraining)<br \/>QUALIT\u00c4TSPRODUKTE UND DIENSTLEISTUNGEN Wir sind seit vielen Jahren auf diesen Bereich spezialisiert, verbessern unsere Produkte st\u00e4ndig, achten auf jedes Detail und arbeiten daran, unseren Kunden so schnell wie m\u00f6glich zu helfen. Unsere Produkte wurden verbessert, um professioneller und r\u00fccksichtsvoller zu sein. Bei Fragen k\u00f6nnen Sie sich gerne an uns wenden. (Finger-Rehabilitationstrainer-Roboterhandschuhe, Zerebralparese)<\/p>\n<p>[ad_2]<\/p>\n","protected":false},"excerpt":{"rendered":"<p>Von der Marke Rehabilitationshandschuhe Handtherapieger\u00e4t zur Schlaganfallrehabilitation und Physiotherapie Fachwissen in der Rehabilitationstechnologie \u2013 Mit \u00fcber einem Jahrzehnt kontinuierlicher Innovation und Weiterentwicklung von Handrehabilitationsl\u00f6sungen ist JBMBHC ein zuverl\u00e4ssiger Partner f\u00fcr die Rehabilitation nach Schlaganfall, Zerebralparese und Nervenverletzungen. St\u00e4rkung der Heimwiederherstellung \u2013 Wir stellen Ihnen langlebige, professionelle Ausr\u00fcstung zur Verf\u00fcgung und unterst\u00fctzen Sie bei jedem Schritt [&hellip;]<\/p>\n","protected":false},"featured_media":3794,"comment_status":"open","ping_status":"closed","template":"","meta":{"_aipt_faq_data":""},"store":[],"product_brand":[],"product_cat":[108],"product_tag":[162],"class_list":{"0":"post-3793","1":"product","2":"type-product","3":"status-publish","4":"has-post-thumbnail","6":"product_cat-rehabilitationsroboter","7":"product_tag-rehabilitationsroboter-fuer-armtherapie","9":"first","10":"instock","11":"shipping-taxable","12":"product-type-external"},"yoast_head":"<!-- This site is optimized with the Yoast SEO plugin v27.0 - https:\/\/yoast.com\/product\/yoast-seo-wordpress\/ -->\n<title>Rehabilitations-Roboterhandschuhe f\u00fcr die Wiederherstellung von Schlaganf\u00e4llen, Finger-Hand-Trainingsger\u00e4te, Handfunktions-Rehabilitationshandschuh - EasyLifeBro<\/title>\n<meta name=\"description\" content=\"Entdecken Sie smarte Roboter f\u00fcr Zuhause, Garten, Bildung und Sicherheit. Vergleichen Sie Saugroboter, Rasenm\u00e4hroboter, KI-Begleitroboter und mehr bei EasyLifeRobo.\" \/>\n<meta name=\"robots\" content=\"index, follow, max-snippet:-1, max-image-preview:large, max-video-preview:-1\" \/>\n<link rel=\"canonical\" href=\"https:\/\/easyliferobo.com\/de\/product\/rehabilitations-roboterhandschuhe-fuer-die-wiederherstellung-von-schlaganfaellen-finger-hand-trainingsgeraete-handfunktions-rehabilitationshandschuh-3\/\" \/>\n<meta property=\"og:locale\" content=\"de_DE\" \/>\n<meta property=\"og:type\" content=\"article\" \/>\n<meta property=\"og:title\" content=\"Rehabilitations-Roboterhandschuhe f\u00fcr die Wiederherstellung von Schlaganf\u00e4llen, Finger-Hand-Trainingsger\u00e4te, Handfunktions-Rehabilitationshandschuh - EasyLifeBro\" \/>\n<meta property=\"og:description\" content=\"Entdecken Sie smarte Roboter f\u00fcr Zuhause, Garten, Bildung und Sicherheit. Vergleichen Sie Saugroboter, Rasenm\u00e4hroboter, KI-Begleitroboter und mehr bei EasyLifeRobo.\" \/>\n<meta property=\"og:url\" content=\"https:\/\/easyliferobo.com\/de\/product\/rehabilitations-roboterhandschuhe-fuer-die-wiederherstellung-von-schlaganfaellen-finger-hand-trainingsgeraete-handfunktions-rehabilitationshandschuh-3\/\" \/>\n<meta property=\"og:site_name\" content=\"EasyLifeBro\" \/>\n<meta property=\"article:modified_time\" content=\"2026-02-27T10:11:12+00:00\" \/>\n<meta property=\"og:image\" content=\"https:\/\/images-na.ssl-images-amazon.com\/images\/G\/01\/x-locale\/common\/grey-pixel.gif\" \/>\n<meta name=\"twitter:card\" content=\"summary_large_image\" \/>\n<meta name=\"twitter:label1\" content=\"Gesch\u00e4tzte Lesezeit\" \/>\n\t<meta name=\"twitter:data1\" content=\"2\u00a0Minuten\" \/>\n<script type=\"application\/ld+json\" class=\"yoast-schema-graph\">{\"@context\":\"https:\/\/schema.org\",\"@graph\":[{\"@type\":\"WebPage\",\"@id\":\"https:\/\/easyliferobo.com\/de\/product\/rehabilitations-roboterhandschuhe-fuer-die-wiederherstellung-von-schlaganfaellen-finger-hand-trainingsgeraete-handfunktions-rehabilitationshandschuh-3\/\",\"url\":\"https:\/\/easyliferobo.com\/de\/product\/rehabilitations-roboterhandschuhe-fuer-die-wiederherstellung-von-schlaganfaellen-finger-hand-trainingsgeraete-handfunktions-rehabilitationshandschuh-3\/\",\"name\":\"Rehabilitations-Roboterhandschuhe f\u00fcr die Wiederherstellung von Schlaganf\u00e4llen, Finger-Hand-Trainingsger\u00e4te, Handfunktions-Rehabilitationshandschuh - EasyLifeBro\",\"isPartOf\":{\"@id\":\"https:\/\/easyliferobo.com\/de\/#website\"},\"primaryImageOfPage\":{\"@id\":\"https:\/\/easyliferobo.com\/de\/product\/rehabilitations-roboterhandschuhe-fuer-die-wiederherstellung-von-schlaganfaellen-finger-hand-trainingsgeraete-handfunktions-rehabilitationshandschuh-3\/#primaryimage\"},\"image\":{\"@id\":\"https:\/\/easyliferobo.com\/de\/product\/rehabilitations-roboterhandschuhe-fuer-die-wiederherstellung-von-schlaganfaellen-finger-hand-trainingsgeraete-handfunktions-rehabilitationshandschuh-3\/#primaryimage\"},\"thumbnailUrl\":\"https:\/\/easyliferobo.com\/de\/wp-content\/uploads\/2026\/02\/1772187055_71MNQmj4wiL._AC_SL1500_.jpg\",\"datePublished\":\"2026-02-27T10:10:55+00:00\",\"dateModified\":\"2026-02-27T10:11:12+00:00\",\"description\":\"Entdecken Sie smarte Roboter f\u00fcr Zuhause, Garten, Bildung und Sicherheit. Vergleichen Sie Saugroboter, Rasenm\u00e4hroboter, KI-Begleitroboter und mehr bei EasyLifeRobo.\",\"breadcrumb\":{\"@id\":\"https:\/\/easyliferobo.com\/de\/product\/rehabilitations-roboterhandschuhe-fuer-die-wiederherstellung-von-schlaganfaellen-finger-hand-trainingsgeraete-handfunktions-rehabilitationshandschuh-3\/#breadcrumb\"},\"inLanguage\":\"de\",\"potentialAction\":[{\"@type\":\"ReadAction\",\"target\":[\"https:\/\/easyliferobo.com\/de\/product\/rehabilitations-roboterhandschuhe-fuer-die-wiederherstellung-von-schlaganfaellen-finger-hand-trainingsgeraete-handfunktions-rehabilitationshandschuh-3\/\"]}]},{\"@type\":\"ImageObject\",\"inLanguage\":\"de\",\"@id\":\"https:\/\/easyliferobo.com\/de\/product\/rehabilitations-roboterhandschuhe-fuer-die-wiederherstellung-von-schlaganfaellen-finger-hand-trainingsgeraete-handfunktions-rehabilitationshandschuh-3\/#primaryimage\",\"url\":\"https:\/\/easyliferobo.com\/de\/wp-content\/uploads\/2026\/02\/1772187055_71MNQmj4wiL._AC_SL1500_.jpg\",\"contentUrl\":\"https:\/\/easyliferobo.com\/de\/wp-content\/uploads\/2026\/02\/1772187055_71MNQmj4wiL._AC_SL1500_.jpg\",\"width\":1483,\"height\":1452},{\"@type\":\"BreadcrumbList\",\"@id\":\"https:\/\/easyliferobo.com\/de\/product\/rehabilitations-roboterhandschuhe-fuer-die-wiederherstellung-von-schlaganfaellen-finger-hand-trainingsgeraete-handfunktions-rehabilitationshandschuh-3\/#breadcrumb\",\"itemListElement\":[{\"@type\":\"ListItem\",\"position\":1,\"name\":\"Home\",\"item\":\"https:\/\/easyliferobo.com\/de\/\"},{\"@type\":\"ListItem\",\"position\":2,\"name\":\"Shop\",\"item\":\"https:\/\/easyliferobo.com\/de\/shop\/\"},{\"@type\":\"ListItem\",\"position\":3,\"name\":\"Rehabilitations-Roboterhandschuhe f...\"}]},{\"@type\":\"WebSite\",\"@id\":\"https:\/\/easyliferobo.com\/de\/#website\",\"url\":\"https:\/\/easyliferobo.com\/de\/\",\"name\":\"EasyLifeBro\",\"description\":\"Smarte Roboter f\u00fcr Zuhause, Garten &amp; Bildung\",\"publisher\":{\"@id\":\"https:\/\/easyliferobo.com\/de\/#organization\"},\"potentialAction\":[{\"@type\":\"SearchAction\",\"target\":{\"@type\":\"EntryPoint\",\"urlTemplate\":\"https:\/\/easyliferobo.com\/de\/?s={search_term_string}\"},\"query-input\":{\"@type\":\"PropertyValueSpecification\",\"valueRequired\":true,\"valueName\":\"search_term_string\"}}],\"inLanguage\":\"de\"},{\"@type\":\"Organization\",\"@id\":\"https:\/\/easyliferobo.com\/de\/#organization\",\"name\":\"EasyLifeBro\",\"url\":\"https:\/\/easyliferobo.com\/de\/\",\"logo\":{\"@type\":\"ImageObject\",\"inLanguage\":\"de\",\"@id\":\"https:\/\/easyliferobo.com\/de\/#\/schema\/logo\/image\/\",\"url\":\"https:\/\/easyliferobo.com\/de\/wp-content\/uploads\/2026\/02\/Screenshot-2026-02-22-at-2.25.03-PM.png\",\"contentUrl\":\"https:\/\/easyliferobo.com\/de\/wp-content\/uploads\/2026\/02\/Screenshot-2026-02-22-at-2.25.03-PM.png\",\"width\":1858,\"height\":430,\"caption\":\"EasyLifeBro\"},\"image\":{\"@id\":\"https:\/\/easyliferobo.com\/de\/#\/schema\/logo\/image\/\"}}]}<\/script>\n<!-- \/ Yoast SEO plugin. -->","yoast_head_json":{"title":"Rehabilitations-Roboterhandschuhe f\u00fcr die Wiederherstellung von Schlaganf\u00e4llen, Finger-Hand-Trainingsger\u00e4te, Handfunktions-Rehabilitationshandschuh - EasyLifeBro","description":"Entdecken Sie smarte Roboter f\u00fcr Zuhause, Garten, Bildung und Sicherheit. Vergleichen Sie Saugroboter, Rasenm\u00e4hroboter, KI-Begleitroboter und mehr bei EasyLifeRobo.","robots":{"index":"index","follow":"follow","max-snippet":"max-snippet:-1","max-image-preview":"max-image-preview:large","max-video-preview":"max-video-preview:-1"},"canonical":"https:\/\/easyliferobo.com\/de\/product\/rehabilitations-roboterhandschuhe-fuer-die-wiederherstellung-von-schlaganfaellen-finger-hand-trainingsgeraete-handfunktions-rehabilitationshandschuh-3\/","og_locale":"de_DE","og_type":"article","og_title":"Rehabilitations-Roboterhandschuhe f\u00fcr die Wiederherstellung von Schlaganf\u00e4llen, Finger-Hand-Trainingsger\u00e4te, Handfunktions-Rehabilitationshandschuh - EasyLifeBro","og_description":"Entdecken Sie smarte Roboter f\u00fcr Zuhause, Garten, Bildung und Sicherheit. Vergleichen Sie Saugroboter, Rasenm\u00e4hroboter, KI-Begleitroboter und mehr bei EasyLifeRobo.","og_url":"https:\/\/easyliferobo.com\/de\/product\/rehabilitations-roboterhandschuhe-fuer-die-wiederherstellung-von-schlaganfaellen-finger-hand-trainingsgeraete-handfunktions-rehabilitationshandschuh-3\/","og_site_name":"EasyLifeBro","article_modified_time":"2026-02-27T10:11:12+00:00","og_image":[{"url":"https:\/\/images-na.ssl-images-amazon.com\/images\/G\/01\/x-locale\/common\/grey-pixel.gif","type":"","width":"","height":""}],"twitter_card":"summary_large_image","twitter_misc":{"Gesch\u00e4tzte Lesezeit":"2\u00a0Minuten"},"schema":{"@context":"https:\/\/schema.org","@graph":[{"@type":"WebPage","@id":"https:\/\/easyliferobo.com\/de\/product\/rehabilitations-roboterhandschuhe-fuer-die-wiederherstellung-von-schlaganfaellen-finger-hand-trainingsgeraete-handfunktions-rehabilitationshandschuh-3\/","url":"https:\/\/easyliferobo.com\/de\/product\/rehabilitations-roboterhandschuhe-fuer-die-wiederherstellung-von-schlaganfaellen-finger-hand-trainingsgeraete-handfunktions-rehabilitationshandschuh-3\/","name":"Rehabilitations-Roboterhandschuhe f\u00fcr die Wiederherstellung von Schlaganf\u00e4llen, Finger-Hand-Trainingsger\u00e4te, Handfunktions-Rehabilitationshandschuh - EasyLifeBro","isPartOf":{"@id":"https:\/\/easyliferobo.com\/de\/#website"},"primaryImageOfPage":{"@id":"https:\/\/easyliferobo.com\/de\/product\/rehabilitations-roboterhandschuhe-fuer-die-wiederherstellung-von-schlaganfaellen-finger-hand-trainingsgeraete-handfunktions-rehabilitationshandschuh-3\/#primaryimage"},"image":{"@id":"https:\/\/easyliferobo.com\/de\/product\/rehabilitations-roboterhandschuhe-fuer-die-wiederherstellung-von-schlaganfaellen-finger-hand-trainingsgeraete-handfunktions-rehabilitationshandschuh-3\/#primaryimage"},"thumbnailUrl":"https:\/\/easyliferobo.com\/de\/wp-content\/uploads\/2026\/02\/1772187055_71MNQmj4wiL._AC_SL1500_.jpg","datePublished":"2026-02-27T10:10:55+00:00","dateModified":"2026-02-27T10:11:12+00:00","description":"Entdecken Sie smarte Roboter f\u00fcr Zuhause, Garten, Bildung und Sicherheit. Vergleichen Sie Saugroboter, Rasenm\u00e4hroboter, KI-Begleitroboter und mehr bei EasyLifeRobo.","breadcrumb":{"@id":"https:\/\/easyliferobo.com\/de\/product\/rehabilitations-roboterhandschuhe-fuer-die-wiederherstellung-von-schlaganfaellen-finger-hand-trainingsgeraete-handfunktions-rehabilitationshandschuh-3\/#breadcrumb"},"inLanguage":"de","potentialAction":[{"@type":"ReadAction","target":["https:\/\/easyliferobo.com\/de\/product\/rehabilitations-roboterhandschuhe-fuer-die-wiederherstellung-von-schlaganfaellen-finger-hand-trainingsgeraete-handfunktions-rehabilitationshandschuh-3\/"]}]},{"@type":"ImageObject","inLanguage":"de","@id":"https:\/\/easyliferobo.com\/de\/product\/rehabilitations-roboterhandschuhe-fuer-die-wiederherstellung-von-schlaganfaellen-finger-hand-trainingsgeraete-handfunktions-rehabilitationshandschuh-3\/#primaryimage","url":"https:\/\/easyliferobo.com\/de\/wp-content\/uploads\/2026\/02\/1772187055_71MNQmj4wiL._AC_SL1500_.jpg","contentUrl":"https:\/\/easyliferobo.com\/de\/wp-content\/uploads\/2026\/02\/1772187055_71MNQmj4wiL._AC_SL1500_.jpg","width":1483,"height":1452},{"@type":"BreadcrumbList","@id":"https:\/\/easyliferobo.com\/de\/product\/rehabilitations-roboterhandschuhe-fuer-die-wiederherstellung-von-schlaganfaellen-finger-hand-trainingsgeraete-handfunktions-rehabilitationshandschuh-3\/#breadcrumb","itemListElement":[{"@type":"ListItem","position":1,"name":"Home","item":"https:\/\/easyliferobo.com\/de\/"},{"@type":"ListItem","position":2,"name":"Shop","item":"https:\/\/easyliferobo.com\/de\/shop\/"},{"@type":"ListItem","position":3,"name":"Rehabilitations-Roboterhandschuhe f..."}]},{"@type":"WebSite","@id":"https:\/\/easyliferobo.com\/de\/#website","url":"https:\/\/easyliferobo.com\/de\/","name":"EasyLifeBro","description":"Smarte Roboter f\u00fcr Zuhause, Garten &amp; Bildung","publisher":{"@id":"https:\/\/easyliferobo.com\/de\/#organization"},"potentialAction":[{"@type":"SearchAction","target":{"@type":"EntryPoint","urlTemplate":"https:\/\/easyliferobo.com\/de\/?s={search_term_string}"},"query-input":{"@type":"PropertyValueSpecification","valueRequired":true,"valueName":"search_term_string"}}],"inLanguage":"de"},{"@type":"Organization","@id":"https:\/\/easyliferobo.com\/de\/#organization","name":"EasyLifeBro","url":"https:\/\/easyliferobo.com\/de\/","logo":{"@type":"ImageObject","inLanguage":"de","@id":"https:\/\/easyliferobo.com\/de\/#\/schema\/logo\/image\/","url":"https:\/\/easyliferobo.com\/de\/wp-content\/uploads\/2026\/02\/Screenshot-2026-02-22-at-2.25.03-PM.png","contentUrl":"https:\/\/easyliferobo.com\/de\/wp-content\/uploads\/2026\/02\/Screenshot-2026-02-22-at-2.25.03-PM.png","width":1858,"height":430,"caption":"EasyLifeBro"},"image":{"@id":"https:\/\/easyliferobo.com\/de\/#\/schema\/logo\/image\/"}}]}},"_links":{"self":[{"href":"https:\/\/easyliferobo.com\/de\/wp-json\/wp\/v2\/product\/3793","targetHints":{"allow":["GET"]}}],"collection":[{"href":"https:\/\/easyliferobo.com\/de\/wp-json\/wp\/v2\/product"}],"about":[{"href":"https:\/\/easyliferobo.com\/de\/wp-json\/wp\/v2\/types\/product"}],"replies":[{"embeddable":true,"href":"https:\/\/easyliferobo.com\/de\/wp-json\/wp\/v2\/comments?post=3793"}],"wp:featuredmedia":[{"embeddable":true,"href":"https:\/\/easyliferobo.com\/de\/wp-json\/wp\/v2\/media\/3794"}],"wp:attachment":[{"href":"https:\/\/easyliferobo.com\/de\/wp-json\/wp\/v2\/media?parent=3793"}],"wp:term":[{"taxonomy":"store","embeddable":true,"href":"https:\/\/easyliferobo.com\/de\/wp-json\/wp\/v2\/store?post=3793"},{"taxonomy":"product_brand","embeddable":true,"href":"https:\/\/easyliferobo.com\/de\/wp-json\/wp\/v2\/product_brand?post=3793"},{"taxonomy":"product_cat","embeddable":true,"href":"https:\/\/easyliferobo.com\/de\/wp-json\/wp\/v2\/product_cat?post=3793"},{"taxonomy":"product_tag","embeddable":true,"href":"https:\/\/easyliferobo.com\/de\/wp-json\/wp\/v2\/product_tag?post=3793"}],"curies":[{"name":"wp","href":"https:\/\/api.w.org\/{rel}","templated":true}]}}