
{"id":3784,"date":"2026-02-27T10:09:38","date_gmt":"2026-02-27T10:09:38","guid":{"rendered":"https:\/\/easyliferobo.com\/de\/product\/roboter-kinder-zeichenroboter-fuer-kinder-mit-sprachfunktion-100-karten-und-stifte-fuer-kinder-ab-3-jahren-zur-foerderung-der-kreativitaet-konzentration-fuer-jungen-maedchen-weiss\/"},"modified":"2026-02-27T10:09:54","modified_gmt":"2026-02-27T10:09:54","slug":"roboter-kinder-zeichenroboter-fuer-kinder-mit-sprachfunktion-100-karten-und-stifte-fuer-kinder-ab-3-jahren-zur-foerderung-der-kreativitaet-konzentration-fuer-jungen-maedchen-weiss","status":"publish","type":"product","link":"https:\/\/easyliferobo.com\/de\/product\/roboter-kinder-zeichenroboter-fuer-kinder-mit-sprachfunktion-100-karten-und-stifte-fuer-kinder-ab-3-jahren-zur-foerderung-der-kreativitaet-konzentration-fuer-jungen-maedchen-weiss\/","title":{"rendered":"Roboter Kinder, Zeichenroboter f\u00fcr..."},"content":{"rendered":"<p>\n                                             Produktbeschreibung   <\/p>\n<p>                                                                             <img decoding=\"async\" alt=\"Aplus-Inhaltsbild\" src=\"https:\/\/images-na.ssl-images-amazon.com\/images\/G\/01\/x-locale\/common\/grey-pixel.gif\" class=\"a-spacing-base a-lazy-loaded\" data-src=\"https:\/\/m.media-amazon.com\/images\/S\/aplus-media-library-service-media\/84140ff9-0af4-430d-a687-58b9fe0d304d.__CR0,0,970,600_PT0_SX970_V1___.jpg\"><img decoding=\"async\" alt=\"Aplus-Inhaltsbild\" src=\"https:\/\/m.media-amazon.com\/images\/S\/aplus-media-library-service-media\/84140ff9-0af4-430d-a687-58b9fe0d304d.__CR0,0,970,600_PT0_SX970_V1___.jpg\">                                                                    <\/p>\n<p>                                                                             <img decoding=\"async\" alt=\"Aplus-Inhaltsbild\" src=\"https:\/\/images-na.ssl-images-amazon.com\/images\/G\/01\/x-locale\/common\/grey-pixel.gif\" class=\"a-spacing-base a-lazy-loaded\" data-src=\"https:\/\/m.media-amazon.com\/images\/S\/aplus-media-library-service-media\/645f51a0-c6a2-4248-8d48-ec0b2800c7ba.__CR0,0,970,600_PT0_SX970_V1___.jpg\"><img decoding=\"async\" alt=\"Aplus-Inhaltsbild\" src=\"https:\/\/m.media-amazon.com\/images\/S\/aplus-media-library-service-media\/645f51a0-c6a2-4248-8d48-ec0b2800c7ba.__CR0,0,970,600_PT0_SX970_V1___.jpg\">                                                                    <\/p>\n<p>                                                                             <img decoding=\"async\" alt=\"Der Text lautet: \u201eVerk\u00fcrzen wir die Bildschirmzeit Ihres Kindes, indem wir diese allt\u00e4glichen Probleme l\u00f6sen!\u201c Vierteiliges Bild, das t\u00e4gliche Aktivit\u00e4ten mit Kindern in verschiedenen Umgebungen zeigt.\" src=\"https:\/\/images-na.ssl-images-amazon.com\/images\/G\/01\/x-locale\/common\/grey-pixel.gif\" class=\"a-spacing-base a-lazy-loaded\" data-src=\"https:\/\/m.media-amazon.com\/images\/S\/aplus-media-library-service-media\/0f1863fc-e22d-42a0-9ee8-321f18a27415.__CR0,0,970,600_PT0_SX970_V1___.jpg\"><img decoding=\"async\" alt=\"Der Text lautet: \u201eVerk\u00fcrzen wir die Bildschirmzeit Ihres Kindes, indem wir diese allt\u00e4glichen Probleme l\u00f6sen!\u201c Vierteiliges Bild, das t\u00e4gliche Aktivit\u00e4ten mit Kindern in verschiedenen Umgebungen zeigt.\" src=\"https:\/\/m.media-amazon.com\/images\/S\/aplus-media-library-service-media\/0f1863fc-e22d-42a0-9ee8-321f18a27415.__CR0,0,970,600_PT0_SX970_V1___.jpg\">                                                                    <\/p>\n<p>                                                                             <img decoding=\"async\" alt=\"Aplus-Inhaltsbild\" src=\"https:\/\/images-na.ssl-images-amazon.com\/images\/G\/01\/x-locale\/common\/grey-pixel.gif\" class=\"a-spacing-base a-lazy-loaded\" data-src=\"https:\/\/m.media-amazon.com\/images\/S\/aplus-media-library-service-media\/228aecf0-ceca-47f7-95b6-6c664a229b17.__CR0,0,970,600_PT0_SX970_V1___.jpg\"><img decoding=\"async\" alt=\"Aplus-Inhaltsbild\" src=\"https:\/\/m.media-amazon.com\/images\/S\/aplus-media-library-service-media\/228aecf0-ceca-47f7-95b6-6c664a229b17.__CR0,0,970,600_PT0_SX970_V1___.jpg\">                                                                    <\/p>\n<p>                                                                             <img decoding=\"async\" alt=\"Pfirsichfarbenes Banner mit einfachen Line-Art-Illustrationen von Robotern, Lebensmitteln und dekorativen Elementen in einem verspielten Stil.\" src=\"https:\/\/images-na.ssl-images-amazon.com\/images\/G\/01\/x-locale\/common\/grey-pixel.gif\" class=\"a-spacing-base a-lazy-loaded\" data-src=\"https:\/\/m.media-amazon.com\/images\/S\/aplus-media-library-service-media\/95fcf4b1-9fdd-43a5-a163-b2b5ab5641d6.__CR0,0,970,600_PT0_SX970_V1___.jpg\"><img decoding=\"async\" alt=\"Pfirsichfarbenes Banner mit einfachen Line-Art-Illustrationen von Robotern, Lebensmitteln und dekorativen Elementen in einem verspielten Stil.\" src=\"https:\/\/m.media-amazon.com\/images\/S\/aplus-media-library-service-media\/95fcf4b1-9fdd-43a5-a163-b2b5ab5641d6.__CR0,0,970,600_PT0_SX970_V1___.jpg\">                                                                    <\/p>\n<p>                                                                             <img decoding=\"async\" alt=\"Der Text lautet: \u201eZeichnen lernen ist so einfach!\u201c Schritt-f\u00fcr-Schritt-Anleitung zum Zeichnen, die den Fortschritt beim Erstellen einer Bienenillustration mit Anleitungstextfeldern zeigt.\" src=\"https:\/\/images-na.ssl-images-amazon.com\/images\/G\/01\/x-locale\/common\/grey-pixel.gif\" class=\"a-spacing-base a-lazy-loaded\" data-src=\"https:\/\/m.media-amazon.com\/images\/S\/aplus-media-library-service-media\/e5427320-7c61-418a-8c25-87be0dd22217.__CR0,0,970,600_PT0_SX970_V1___.jpg\"><img decoding=\"async\" alt=\"Der Text lautet: \u201eZeichnen lernen ist so einfach!\u201c Schritt-f\u00fcr-Schritt-Anleitung zum Zeichnen, die den Fortschritt beim Erstellen einer Bienenillustration mit Anleitungstextfeldern zeigt.\" src=\"https:\/\/m.media-amazon.com\/images\/S\/aplus-media-library-service-media\/e5427320-7c61-418a-8c25-87be0dd22217.__CR0,0,970,600_PT0_SX970_V1___.jpg\">                                                                    <\/p>\n<p>                                                                             <img decoding=\"async\" alt=\"Der Text lautet \u201eDas ideale Geschenk f\u00fcr Kinder!\u201c. Collage, die Interaktionen mit Pl\u00fcschtieren in verschiedenen Umgebungen mit Kindern und Betreuern zeigt und Spiel- und Bildungsaktivit\u00e4ten demonstriert.\" src=\"https:\/\/images-na.ssl-images-amazon.com\/images\/G\/01\/x-locale\/common\/grey-pixel.gif\" class=\"a-spacing-base a-lazy-loaded\" data-src=\"https:\/\/m.media-amazon.com\/images\/S\/aplus-media-library-service-media\/d8f132c6-40f1-41c5-84e2-f72f55381629.__CR0,0,970,600_PT0_SX970_V1___.jpg\"><img decoding=\"async\" alt=\"Der Text lautet \u201eDas ideale Geschenk f\u00fcr Kinder!\u201c. Collage, die Interaktionen mit Pl\u00fcschtieren in verschiedenen Umgebungen mit Kindern und Betreuern zeigt und Spiel- und Bildungsaktivit\u00e4ten demonstriert.\" src=\"https:\/\/m.media-amazon.com\/images\/S\/aplus-media-library-service-media\/d8f132c6-40f1-41c5-84e2-f72f55381629.__CR0,0,970,600_PT0_SX970_V1___.jpg\">                                                                    <\/p>\n<p>KREATIVES ZEICHNEN MIT BILDUNGSKARTEN Der clevere Malroboter f\u00fcr Kinder enth\u00e4lt einhundert liebevoll gestaltete Karten mit Tieren, Fahrzeugen und Themen und hilft Kindern ab drei Jahren, das Zeichnen Schritt f\u00fcr Schritt zu erlernen, ihre Fantasie aktiv zu entfalten und ist ideal, um Kreativit\u00e4t, visuelle Wahrnehmung und Zeichenf\u00e4higkeiten zu f\u00f6rdern<br \/>Interaktive Sprachbegleitung: Als sprechender Roboter gibt der Roboter klare englische Sprachanweisungen und begleitet den Zeichenprozess aufmerksam und f\u00f6rdert so spielerisch Konzentration, Zuh\u00f6ren und fr\u00fche Sprachkenntnisse.<br \/>Einfache Bedienung ohne App: Das Roboterspielzeug funktioniert ohne App oder komplizierte Einrichtung, da Kinder einfach eine Karte einlegen und den Startknopf dr\u00fccken; Diese intuitive Bedienung macht den Spielzeugroboter ideal f\u00fcr selbstst\u00e4ndiges Lernen.<br \/>Sicheres und intelligentes Lernspielzeug. Dieser Zeichenroboter f\u00fcr Kinder besteht aus BPA-freiem ABS-Material mit abgerundeten Kanten und einer robusten Konstruktion. Dank kindgerechter Technologie bietet es Kindern ein sicheres und langlebiges Lernspielzeug.<br \/>Ideales Geschenk f\u00fcr kreative Kinder: Dieser Spielzeugroboter vereint Lernen und Spielen als kreativer Kunstassistent und interaktives Spielzeug. F\u00fcr Kinder, die gerne malen, basteln und entdecken, ist dieser Malroboter die perfekte Wahl als Weihnachtsgeschenk, Geburtstagsgeschenk oder Schulgeschenk.<\/p>\n<p>[ad_2]<\/p>\n","protected":false},"excerpt":{"rendered":"<p>Produktbeschreibung KREATIVES ZEICHNEN MIT BILDUNGSKARTEN Der clevere Malroboter f\u00fcr Kinder enth\u00e4lt einhundert liebevoll gestaltete Karten mit Tieren, Fahrzeugen und Themen und hilft Kindern ab drei Jahren, das Zeichnen Schritt f\u00fcr Schritt zu erlernen, ihre Fantasie aktiv zu entfalten und ist ideal, um Kreativit\u00e4t, visuelle Wahrnehmung und Zeichenf\u00e4higkeiten zu f\u00f6rdernInteraktive Sprachbegleitung: Als sprechender Roboter gibt der [&hellip;]<\/p>\n","protected":false},"featured_media":3785,"comment_status":"open","ping_status":"closed","template":"","meta":{"_aipt_faq_data":""},"store":[],"product_brand":[],"product_cat":[109],"product_tag":[161],"class_list":{"0":"post-3784","1":"product","2":"type-product","3":"status-publish","4":"has-post-thumbnail","6":"product_cat-therapieroboter","7":"product_tag-therapieroboter-fuer-kinder","9":"first","10":"instock","11":"shipping-taxable","12":"product-type-external"},"yoast_head":"<!-- This site is optimized with the Yoast SEO plugin v27.4 - https:\/\/yoast.com\/product\/yoast-seo-wordpress\/ -->\n<title>Roboter Kinder, Zeichenroboter f\u00fcr Kinder mit Sprachfunktion \u2013 100 Karten und Stifte f\u00fcr Kinder ab 3 Jahren, zur F\u00f6rderung der Kreativit\u00e4t &amp; Konzentration f\u00fcr Jungen M\u00e4dchen, Wei\u00df - EasyLifeBro<\/title>\n<meta name=\"description\" content=\"Entdecken Sie smarte Roboter f\u00fcr Zuhause, Garten, Bildung und Sicherheit. Vergleichen Sie Saugroboter, Rasenm\u00e4hroboter, KI-Begleitroboter und mehr bei EasyLifeRobo.\" \/>\n<meta name=\"robots\" content=\"index, follow, max-snippet:-1, max-image-preview:large, max-video-preview:-1\" \/>\n<link rel=\"canonical\" href=\"https:\/\/easyliferobo.com\/de\/product\/roboter-kinder-zeichenroboter-fuer-kinder-mit-sprachfunktion-100-karten-und-stifte-fuer-kinder-ab-3-jahren-zur-foerderung-der-kreativitaet-konzentration-fuer-jungen-maedchen-weiss\/\" \/>\n<meta property=\"og:locale\" content=\"de_DE\" \/>\n<meta property=\"og:type\" content=\"article\" \/>\n<meta property=\"og:title\" content=\"Roboter Kinder, Zeichenroboter f\u00fcr Kinder mit Sprachfunktion \u2013 100 Karten und Stifte f\u00fcr Kinder ab 3 Jahren, zur F\u00f6rderung der Kreativit\u00e4t &amp; Konzentration f\u00fcr Jungen M\u00e4dchen, Wei\u00df - EasyLifeBro\" \/>\n<meta property=\"og:description\" content=\"Entdecken Sie smarte Roboter f\u00fcr Zuhause, Garten, Bildung und Sicherheit. Vergleichen Sie Saugroboter, Rasenm\u00e4hroboter, KI-Begleitroboter und mehr bei EasyLifeRobo.\" \/>\n<meta property=\"og:url\" content=\"https:\/\/easyliferobo.com\/de\/product\/roboter-kinder-zeichenroboter-fuer-kinder-mit-sprachfunktion-100-karten-und-stifte-fuer-kinder-ab-3-jahren-zur-foerderung-der-kreativitaet-konzentration-fuer-jungen-maedchen-weiss\/\" \/>\n<meta property=\"og:site_name\" content=\"EasyLifeBro\" \/>\n<meta property=\"article:modified_time\" content=\"2026-02-27T10:09:54+00:00\" \/>\n<meta property=\"og:image\" content=\"https:\/\/images-na.ssl-images-amazon.com\/images\/G\/01\/x-locale\/common\/grey-pixel.gif\" \/>\n<meta name=\"twitter:card\" content=\"summary_large_image\" \/>\n<meta name=\"twitter:label1\" content=\"Gesch\u00e4tzte Lesezeit\" \/>\n\t<meta name=\"twitter:data1\" content=\"1\u00a0Minute\" \/>\n<script type=\"application\/ld+json\" class=\"yoast-schema-graph\">{\"@context\":\"https:\\\/\\\/schema.org\",\"@graph\":[{\"@type\":\"WebPage\",\"@id\":\"https:\\\/\\\/easyliferobo.com\\\/de\\\/product\\\/roboter-kinder-zeichenroboter-fuer-kinder-mit-sprachfunktion-100-karten-und-stifte-fuer-kinder-ab-3-jahren-zur-foerderung-der-kreativitaet-konzentration-fuer-jungen-maedchen-weiss\\\/\",\"url\":\"https:\\\/\\\/easyliferobo.com\\\/de\\\/product\\\/roboter-kinder-zeichenroboter-fuer-kinder-mit-sprachfunktion-100-karten-und-stifte-fuer-kinder-ab-3-jahren-zur-foerderung-der-kreativitaet-konzentration-fuer-jungen-maedchen-weiss\\\/\",\"name\":\"Roboter Kinder, Zeichenroboter f\u00fcr Kinder mit Sprachfunktion \u2013 100 Karten und Stifte f\u00fcr Kinder ab 3 Jahren, zur F\u00f6rderung der Kreativit\u00e4t & Konzentration f\u00fcr Jungen M\u00e4dchen, Wei\u00df - EasyLifeBro\",\"isPartOf\":{\"@id\":\"https:\\\/\\\/easyliferobo.com\\\/de\\\/#website\"},\"primaryImageOfPage\":{\"@id\":\"https:\\\/\\\/easyliferobo.com\\\/de\\\/product\\\/roboter-kinder-zeichenroboter-fuer-kinder-mit-sprachfunktion-100-karten-und-stifte-fuer-kinder-ab-3-jahren-zur-foerderung-der-kreativitaet-konzentration-fuer-jungen-maedchen-weiss\\\/#primaryimage\"},\"image\":{\"@id\":\"https:\\\/\\\/easyliferobo.com\\\/de\\\/product\\\/roboter-kinder-zeichenroboter-fuer-kinder-mit-sprachfunktion-100-karten-und-stifte-fuer-kinder-ab-3-jahren-zur-foerderung-der-kreativitaet-konzentration-fuer-jungen-maedchen-weiss\\\/#primaryimage\"},\"thumbnailUrl\":\"https:\\\/\\\/easyliferobo.com\\\/de\\\/wp-content\\\/uploads\\\/2026\\\/02\\\/71ikV3kNtkL._AC_SL1500_.jpg\",\"datePublished\":\"2026-02-27T10:09:38+00:00\",\"dateModified\":\"2026-02-27T10:09:54+00:00\",\"description\":\"Entdecken Sie smarte Roboter f\u00fcr Zuhause, Garten, Bildung und Sicherheit. Vergleichen Sie Saugroboter, Rasenm\u00e4hroboter, KI-Begleitroboter und mehr bei EasyLifeRobo.\",\"breadcrumb\":{\"@id\":\"https:\\\/\\\/easyliferobo.com\\\/de\\\/product\\\/roboter-kinder-zeichenroboter-fuer-kinder-mit-sprachfunktion-100-karten-und-stifte-fuer-kinder-ab-3-jahren-zur-foerderung-der-kreativitaet-konzentration-fuer-jungen-maedchen-weiss\\\/#breadcrumb\"},\"inLanguage\":\"de\",\"potentialAction\":[{\"@type\":\"ReadAction\",\"target\":[\"https:\\\/\\\/easyliferobo.com\\\/de\\\/product\\\/roboter-kinder-zeichenroboter-fuer-kinder-mit-sprachfunktion-100-karten-und-stifte-fuer-kinder-ab-3-jahren-zur-foerderung-der-kreativitaet-konzentration-fuer-jungen-maedchen-weiss\\\/\"]}]},{\"@type\":\"ImageObject\",\"inLanguage\":\"de\",\"@id\":\"https:\\\/\\\/easyliferobo.com\\\/de\\\/product\\\/roboter-kinder-zeichenroboter-fuer-kinder-mit-sprachfunktion-100-karten-und-stifte-fuer-kinder-ab-3-jahren-zur-foerderung-der-kreativitaet-konzentration-fuer-jungen-maedchen-weiss\\\/#primaryimage\",\"url\":\"https:\\\/\\\/easyliferobo.com\\\/de\\\/wp-content\\\/uploads\\\/2026\\\/02\\\/71ikV3kNtkL._AC_SL1500_.jpg\",\"contentUrl\":\"https:\\\/\\\/easyliferobo.com\\\/de\\\/wp-content\\\/uploads\\\/2026\\\/02\\\/71ikV3kNtkL._AC_SL1500_.jpg\",\"width\":1500,\"height\":1485},{\"@type\":\"BreadcrumbList\",\"@id\":\"https:\\\/\\\/easyliferobo.com\\\/de\\\/product\\\/roboter-kinder-zeichenroboter-fuer-kinder-mit-sprachfunktion-100-karten-und-stifte-fuer-kinder-ab-3-jahren-zur-foerderung-der-kreativitaet-konzentration-fuer-jungen-maedchen-weiss\\\/#breadcrumb\",\"itemListElement\":[{\"@type\":\"ListItem\",\"position\":1,\"name\":\"Home\",\"item\":\"https:\\\/\\\/easyliferobo.com\\\/de\\\/\"},{\"@type\":\"ListItem\",\"position\":2,\"name\":\"Shop\",\"item\":\"https:\\\/\\\/easyliferobo.com\\\/de\\\/shop\\\/\"},{\"@type\":\"ListItem\",\"position\":3,\"name\":\"Roboter Kinder, Zeichenroboter f\u00fcr...\"}]},{\"@type\":\"WebSite\",\"@id\":\"https:\\\/\\\/easyliferobo.com\\\/de\\\/#website\",\"url\":\"https:\\\/\\\/easyliferobo.com\\\/de\\\/\",\"name\":\"EasyLifeBro\",\"description\":\"Smarte Roboter f\u00fcr Zuhause, Garten &amp; Bildung\",\"publisher\":{\"@id\":\"https:\\\/\\\/easyliferobo.com\\\/de\\\/#organization\"},\"potentialAction\":[{\"@type\":\"SearchAction\",\"target\":{\"@type\":\"EntryPoint\",\"urlTemplate\":\"https:\\\/\\\/easyliferobo.com\\\/de\\\/?s={search_term_string}\"},\"query-input\":{\"@type\":\"PropertyValueSpecification\",\"valueRequired\":true,\"valueName\":\"search_term_string\"}}],\"inLanguage\":\"de\"},{\"@type\":\"Organization\",\"@id\":\"https:\\\/\\\/easyliferobo.com\\\/de\\\/#organization\",\"name\":\"EasyLifeBro\",\"url\":\"https:\\\/\\\/easyliferobo.com\\\/de\\\/\",\"logo\":{\"@type\":\"ImageObject\",\"inLanguage\":\"de\",\"@id\":\"https:\\\/\\\/easyliferobo.com\\\/de\\\/#\\\/schema\\\/logo\\\/image\\\/\",\"url\":\"https:\\\/\\\/easyliferobo.com\\\/de\\\/wp-content\\\/uploads\\\/2026\\\/02\\\/Screenshot-2026-02-22-at-2.25.03-PM.png\",\"contentUrl\":\"https:\\\/\\\/easyliferobo.com\\\/de\\\/wp-content\\\/uploads\\\/2026\\\/02\\\/Screenshot-2026-02-22-at-2.25.03-PM.png\",\"width\":1858,\"height\":430,\"caption\":\"EasyLifeBro\"},\"image\":{\"@id\":\"https:\\\/\\\/easyliferobo.com\\\/de\\\/#\\\/schema\\\/logo\\\/image\\\/\"}}]}<\/script>\n<!-- \/ Yoast SEO plugin. -->","yoast_head_json":{"title":"Roboter Kinder, Zeichenroboter f\u00fcr Kinder mit Sprachfunktion \u2013 100 Karten und Stifte f\u00fcr Kinder ab 3 Jahren, zur F\u00f6rderung der Kreativit\u00e4t & Konzentration f\u00fcr Jungen M\u00e4dchen, Wei\u00df - EasyLifeBro","description":"Entdecken Sie smarte Roboter f\u00fcr Zuhause, Garten, Bildung und Sicherheit. Vergleichen Sie Saugroboter, Rasenm\u00e4hroboter, KI-Begleitroboter und mehr bei EasyLifeRobo.","robots":{"index":"index","follow":"follow","max-snippet":"max-snippet:-1","max-image-preview":"max-image-preview:large","max-video-preview":"max-video-preview:-1"},"canonical":"https:\/\/easyliferobo.com\/de\/product\/roboter-kinder-zeichenroboter-fuer-kinder-mit-sprachfunktion-100-karten-und-stifte-fuer-kinder-ab-3-jahren-zur-foerderung-der-kreativitaet-konzentration-fuer-jungen-maedchen-weiss\/","og_locale":"de_DE","og_type":"article","og_title":"Roboter Kinder, Zeichenroboter f\u00fcr Kinder mit Sprachfunktion \u2013 100 Karten und Stifte f\u00fcr Kinder ab 3 Jahren, zur F\u00f6rderung der Kreativit\u00e4t & Konzentration f\u00fcr Jungen M\u00e4dchen, Wei\u00df - EasyLifeBro","og_description":"Entdecken Sie smarte Roboter f\u00fcr Zuhause, Garten, Bildung und Sicherheit. Vergleichen Sie Saugroboter, Rasenm\u00e4hroboter, KI-Begleitroboter und mehr bei EasyLifeRobo.","og_url":"https:\/\/easyliferobo.com\/de\/product\/roboter-kinder-zeichenroboter-fuer-kinder-mit-sprachfunktion-100-karten-und-stifte-fuer-kinder-ab-3-jahren-zur-foerderung-der-kreativitaet-konzentration-fuer-jungen-maedchen-weiss\/","og_site_name":"EasyLifeBro","article_modified_time":"2026-02-27T10:09:54+00:00","og_image":[{"url":"https:\/\/images-na.ssl-images-amazon.com\/images\/G\/01\/x-locale\/common\/grey-pixel.gif","type":"","width":"","height":""}],"twitter_card":"summary_large_image","twitter_misc":{"Gesch\u00e4tzte Lesezeit":"1\u00a0Minute"},"schema":{"@context":"https:\/\/schema.org","@graph":[{"@type":"WebPage","@id":"https:\/\/easyliferobo.com\/de\/product\/roboter-kinder-zeichenroboter-fuer-kinder-mit-sprachfunktion-100-karten-und-stifte-fuer-kinder-ab-3-jahren-zur-foerderung-der-kreativitaet-konzentration-fuer-jungen-maedchen-weiss\/","url":"https:\/\/easyliferobo.com\/de\/product\/roboter-kinder-zeichenroboter-fuer-kinder-mit-sprachfunktion-100-karten-und-stifte-fuer-kinder-ab-3-jahren-zur-foerderung-der-kreativitaet-konzentration-fuer-jungen-maedchen-weiss\/","name":"Roboter Kinder, Zeichenroboter f\u00fcr Kinder mit Sprachfunktion \u2013 100 Karten und Stifte f\u00fcr Kinder ab 3 Jahren, zur F\u00f6rderung der Kreativit\u00e4t & Konzentration f\u00fcr Jungen M\u00e4dchen, Wei\u00df - EasyLifeBro","isPartOf":{"@id":"https:\/\/easyliferobo.com\/de\/#website"},"primaryImageOfPage":{"@id":"https:\/\/easyliferobo.com\/de\/product\/roboter-kinder-zeichenroboter-fuer-kinder-mit-sprachfunktion-100-karten-und-stifte-fuer-kinder-ab-3-jahren-zur-foerderung-der-kreativitaet-konzentration-fuer-jungen-maedchen-weiss\/#primaryimage"},"image":{"@id":"https:\/\/easyliferobo.com\/de\/product\/roboter-kinder-zeichenroboter-fuer-kinder-mit-sprachfunktion-100-karten-und-stifte-fuer-kinder-ab-3-jahren-zur-foerderung-der-kreativitaet-konzentration-fuer-jungen-maedchen-weiss\/#primaryimage"},"thumbnailUrl":"https:\/\/easyliferobo.com\/de\/wp-content\/uploads\/2026\/02\/71ikV3kNtkL._AC_SL1500_.jpg","datePublished":"2026-02-27T10:09:38+00:00","dateModified":"2026-02-27T10:09:54+00:00","description":"Entdecken Sie smarte Roboter f\u00fcr Zuhause, Garten, Bildung und Sicherheit. Vergleichen Sie Saugroboter, Rasenm\u00e4hroboter, KI-Begleitroboter und mehr bei EasyLifeRobo.","breadcrumb":{"@id":"https:\/\/easyliferobo.com\/de\/product\/roboter-kinder-zeichenroboter-fuer-kinder-mit-sprachfunktion-100-karten-und-stifte-fuer-kinder-ab-3-jahren-zur-foerderung-der-kreativitaet-konzentration-fuer-jungen-maedchen-weiss\/#breadcrumb"},"inLanguage":"de","potentialAction":[{"@type":"ReadAction","target":["https:\/\/easyliferobo.com\/de\/product\/roboter-kinder-zeichenroboter-fuer-kinder-mit-sprachfunktion-100-karten-und-stifte-fuer-kinder-ab-3-jahren-zur-foerderung-der-kreativitaet-konzentration-fuer-jungen-maedchen-weiss\/"]}]},{"@type":"ImageObject","inLanguage":"de","@id":"https:\/\/easyliferobo.com\/de\/product\/roboter-kinder-zeichenroboter-fuer-kinder-mit-sprachfunktion-100-karten-und-stifte-fuer-kinder-ab-3-jahren-zur-foerderung-der-kreativitaet-konzentration-fuer-jungen-maedchen-weiss\/#primaryimage","url":"https:\/\/easyliferobo.com\/de\/wp-content\/uploads\/2026\/02\/71ikV3kNtkL._AC_SL1500_.jpg","contentUrl":"https:\/\/easyliferobo.com\/de\/wp-content\/uploads\/2026\/02\/71ikV3kNtkL._AC_SL1500_.jpg","width":1500,"height":1485},{"@type":"BreadcrumbList","@id":"https:\/\/easyliferobo.com\/de\/product\/roboter-kinder-zeichenroboter-fuer-kinder-mit-sprachfunktion-100-karten-und-stifte-fuer-kinder-ab-3-jahren-zur-foerderung-der-kreativitaet-konzentration-fuer-jungen-maedchen-weiss\/#breadcrumb","itemListElement":[{"@type":"ListItem","position":1,"name":"Home","item":"https:\/\/easyliferobo.com\/de\/"},{"@type":"ListItem","position":2,"name":"Shop","item":"https:\/\/easyliferobo.com\/de\/shop\/"},{"@type":"ListItem","position":3,"name":"Roboter Kinder, Zeichenroboter f\u00fcr..."}]},{"@type":"WebSite","@id":"https:\/\/easyliferobo.com\/de\/#website","url":"https:\/\/easyliferobo.com\/de\/","name":"EasyLifeBro","description":"Smarte Roboter f\u00fcr Zuhause, Garten &amp; Bildung","publisher":{"@id":"https:\/\/easyliferobo.com\/de\/#organization"},"potentialAction":[{"@type":"SearchAction","target":{"@type":"EntryPoint","urlTemplate":"https:\/\/easyliferobo.com\/de\/?s={search_term_string}"},"query-input":{"@type":"PropertyValueSpecification","valueRequired":true,"valueName":"search_term_string"}}],"inLanguage":"de"},{"@type":"Organization","@id":"https:\/\/easyliferobo.com\/de\/#organization","name":"EasyLifeBro","url":"https:\/\/easyliferobo.com\/de\/","logo":{"@type":"ImageObject","inLanguage":"de","@id":"https:\/\/easyliferobo.com\/de\/#\/schema\/logo\/image\/","url":"https:\/\/easyliferobo.com\/de\/wp-content\/uploads\/2026\/02\/Screenshot-2026-02-22-at-2.25.03-PM.png","contentUrl":"https:\/\/easyliferobo.com\/de\/wp-content\/uploads\/2026\/02\/Screenshot-2026-02-22-at-2.25.03-PM.png","width":1858,"height":430,"caption":"EasyLifeBro"},"image":{"@id":"https:\/\/easyliferobo.com\/de\/#\/schema\/logo\/image\/"}}]}},"_links":{"self":[{"href":"https:\/\/easyliferobo.com\/de\/wp-json\/wp\/v2\/product\/3784","targetHints":{"allow":["GET"]}}],"collection":[{"href":"https:\/\/easyliferobo.com\/de\/wp-json\/wp\/v2\/product"}],"about":[{"href":"https:\/\/easyliferobo.com\/de\/wp-json\/wp\/v2\/types\/product"}],"replies":[{"embeddable":true,"href":"https:\/\/easyliferobo.com\/de\/wp-json\/wp\/v2\/comments?post=3784"}],"wp:featuredmedia":[{"embeddable":true,"href":"https:\/\/easyliferobo.com\/de\/wp-json\/wp\/v2\/media\/3785"}],"wp:attachment":[{"href":"https:\/\/easyliferobo.com\/de\/wp-json\/wp\/v2\/media?parent=3784"}],"wp:term":[{"taxonomy":"store","embeddable":true,"href":"https:\/\/easyliferobo.com\/de\/wp-json\/wp\/v2\/store?post=3784"},{"taxonomy":"product_brand","embeddable":true,"href":"https:\/\/easyliferobo.com\/de\/wp-json\/wp\/v2\/product_brand?post=3784"},{"taxonomy":"product_cat","embeddable":true,"href":"https:\/\/easyliferobo.com\/de\/wp-json\/wp\/v2\/product_cat?post=3784"},{"taxonomy":"product_tag","embeddable":true,"href":"https:\/\/easyliferobo.com\/de\/wp-json\/wp\/v2\/product_tag?post=3784"}],"curies":[{"name":"wp","href":"https:\/\/api.w.org\/{rel}","templated":true}]}}