
{"id":3754,"date":"2026-02-27T10:05:47","date_gmt":"2026-02-27T10:05:47","guid":{"rendered":"https:\/\/easyliferobo.com\/de\/product\/ezviz-4mp-ptz-ueberwachungskamera-fuer-den-aussenbereich-akku-kabellose-wlan-aussenkamera-360-ueberwachung-farbnachtsicht-ki-personen-und-fahrzeugerkennung-2-wege-audio-cb8-lite-mit-5-w\/"},"modified":"2026-02-27T10:06:16","modified_gmt":"2026-02-27T10:06:16","slug":"ezviz-4mp-ptz-ueberwachungskamera-fuer-den-aussenbereich-akku-kabellose-wlan-aussenkamera-360-ueberwachung-farbnachtsicht-ki-personen-und-fahrzeugerkennung-2-wege-audio-cb8-lite-mit-5-w","status":"publish","type":"product","link":"https:\/\/easyliferobo.com\/de\/product\/ezviz-4mp-ptz-ueberwachungskamera-fuer-den-aussenbereich-akku-kabellose-wlan-aussenkamera-360-ueberwachung-farbnachtsicht-ki-personen-und-fahrzeugerkennung-2-wege-audio-cb8-lite-mit-5-w\/","title":{"rendered":"EZVIZ 4MP PTZ-\u00dcberwachungskamera f..."},"content":{"rendered":"<p>\n                                             Von der Marke   <\/p>\n<p>                                              <img decoding=\"async\" alt=\"Der Turm der Zukunft\" src=\"https:\/\/images-na.ssl-images-amazon.com\/images\/G\/01\/x-locale\/common\/grey-pixel.gif\" class=\"a-lazy-loaded\" data-src=\"https:\/\/m.media-amazon.com\/images\/S\/aplus-media-library-service-media\/8ccfd68c-c375-4faf-9c00-317ca3985ace.__CR0,0,1464,625_PT0_SX1464_V1___.jpg\"><img decoding=\"async\" alt=\"Der Turm der Zukunft\" src=\"https:\/\/m.media-amazon.com\/images\/S\/aplus-media-library-service-media\/8ccfd68c-c375-4faf-9c00-317ca3985ace.__CR0,0,1464,625_PT0_SX1464_V1___.jpg\">  <\/p>\n<p>                                              <img decoding=\"async\" alt=\"\" src=\"https:\/\/images-na.ssl-images-amazon.com\/images\/G\/01\/x-locale\/common\/grey-pixel.gif\" class=\"a-lazy-loaded\" data-src=\"https:\/\/m.media-amazon.com\/images\/S\/aplus-media-library-service-media\/141c6360-a207-4416-977f-05ae83603767.__CR0,0,362,453_PT0_SX362_V1___.jpg\"><img decoding=\"async\" alt=\"\" src=\"https:\/\/m.media-amazon.com\/images\/S\/aplus-media-library-service-media\/141c6360-a207-4416-977f-05ae83603767.__CR0,0,362,453_PT0_SX362_V1___.jpg\">  <\/p>\n<h3>  Akku f\u00fcr EZVIZ-\u00dcberwachungskamera <\/h3>\n<p class=\"apm-brand-story-stores-link\">\n<h3>  EZVIZ Outdoor-\u00dcberwachungskamera <\/h3>\n<p class=\"apm-brand-story-stores-link\">\n<p>                                              <img decoding=\"async\" alt=\"Infografik mit EZVIZ-App-Statistiken: Mehr als 130 L\u00e4nder\/Regionen bedient, mehr als 54 Millionen monatlich aktive Benutzer und mehr als 254 Millionen IoT-Ger\u00e4te seit 2013 verbunden.\" src=\"https:\/\/images-na.ssl-images-amazon.com\/images\/G\/01\/x-locale\/common\/grey-pixel.gif\" class=\"a-lazy-loaded\" data-src=\"https:\/\/m.media-amazon.com\/images\/S\/aplus-media-library-service-media\/acf593a0-658d-46cd-8bd9-466c59e79166.__CR0,0,362,453_PT0_SX362_V1___.jpg\"><img decoding=\"async\" alt=\"Infografik mit EZVIZ-App-Statistiken: Mehr als 130 L\u00e4nder\/Regionen bedient, mehr als 54 Millionen monatlich aktive Benutzer und mehr als 254 Millionen IoT-Ger\u00e4te seit 2013 verbunden.\" src=\"https:\/\/m.media-amazon.com\/images\/S\/aplus-media-library-service-media\/acf593a0-658d-46cd-8bd9-466c59e79166.__CR0,0,362,453_PT0_SX362_V1___.jpg\">  <\/p>\n<p>                                              <img decoding=\"async\" alt=\"EZVIZ-Smart-Home-Sicherheitsger\u00e4te auf wei\u00dfen Sockeln vor blauem Himmelshintergrund. Zu den Produkten geh\u00f6ren Kameras, T\u00fcrklingeln und Bedienfelder.\" src=\"https:\/\/images-na.ssl-images-amazon.com\/images\/G\/01\/x-locale\/common\/grey-pixel.gif\" class=\"a-lazy-loaded\" data-src=\"https:\/\/m.media-amazon.com\/images\/S\/aplus-media-library-service-media\/0f52f568-bb4b-4f62-9412-f4cc72be0c57.__CR0,0,362,453_PT0_SX362_V1___.png\"><img decoding=\"async\" alt=\"EZVIZ-Smart-Home-Sicherheitsger\u00e4te auf wei\u00dfen Sockeln vor blauem Himmelshintergrund. Zu den Produkten geh\u00f6ren Kameras, T\u00fcrklingeln und Bedienfelder.\" src=\"https:\/\/m.media-amazon.com\/images\/S\/aplus-media-library-service-media\/0f52f568-bb4b-4f62-9412-f4cc72be0c57.__CR0,0,362,453_PT0_SX362_V1___.png\">  <\/p>\n<p>                                              <img decoding=\"async\" alt=\"Aplus-Inhaltsbild\" src=\"https:\/\/images-na.ssl-images-amazon.com\/images\/G\/01\/x-locale\/common\/grey-pixel.gif\" class=\"a-lazy-loaded\" data-src=\"https:\/\/m.media-amazon.com\/images\/S\/aplus-media-library-service-media\/167ef66c-b667-4fb9-a651-c83330e3d40e.__CR0,0,362,453_PT0_SX362_V1___.jpg\"><img decoding=\"async\" alt=\"Aplus-Inhaltsbild\" src=\"https:\/\/m.media-amazon.com\/images\/S\/aplus-media-library-service-media\/167ef66c-b667-4fb9-a651-c83330e3d40e.__CR0,0,362,453_PT0_SX362_V1___.jpg\">  <\/p>\n<p>                                              <img decoding=\"async\" alt=\"EZVIZ-Kamera-App-Schnittstelle auf dem Smartphone, die Live-Video-Feeds und mehrere Kameraansichten anzeigt. Kreisf\u00f6rmige Einf\u00fcgungen zeigen Menschen, die die App in verschiedenen h\u00e4uslichen Umgebungen nutzen.\" src=\"https:\/\/images-na.ssl-images-amazon.com\/images\/G\/01\/x-locale\/common\/grey-pixel.gif\" class=\"a-lazy-loaded\" data-src=\"https:\/\/m.media-amazon.com\/images\/S\/aplus-media-library-service-media\/a22007d8-9c9b-49b5-8a75-ef94c9333162.__CR0,0,362,453_PT0_SX362_V1___.png\"><img decoding=\"async\" alt=\"EZVIZ-Kamera-App-Schnittstelle auf dem Smartphone, die Live-Video-Feeds und mehrere Kameraansichten anzeigt. Kreisf\u00f6rmige Einf\u00fcgungen zeigen Menschen, die die App in verschiedenen h\u00e4uslichen Umgebungen nutzen.\" src=\"https:\/\/m.media-amazon.com\/images\/S\/aplus-media-library-service-media\/a22007d8-9c9b-49b5-8a75-ef94c9333162.__CR0,0,362,453_PT0_SX362_V1___.png\">  <\/p>\n<p>                                              <img decoding=\"async\" alt=\"\u54c1\u724c\u6545\u4e8b3\" src=\"https:\/\/images-na.ssl-images-amazon.com\/images\/G\/01\/x-locale\/common\/grey-pixel.gif\" class=\"a-lazy-loaded\" data-src=\"https:\/\/m.media-amazon.com\/images\/S\/aplus-media-library-service-media\/6bf1e066-2f43-4d08-9fd3-b7c0456d2561.__CR0,0,724,906_PT0_SX362_V1___.png\"><img decoding=\"async\" alt=\"\u54c1\u724c\u6545\u4e8b3\" src=\"https:\/\/m.media-amazon.com\/images\/S\/aplus-media-library-service-media\/6bf1e066-2f43-4d08-9fd3-b7c0456d2561.__CR0,0,724,906_PT0_SX362_V1___.png\">  <\/p>\n<p>100 % kabellos und 5-W-Solarpanel: Sie k\u00f6nnen das mitgelieferte EZVIZ 5-W-Solarpanel verwenden, um diese kabellose \u00dcberwachungskamera kontinuierlich mit Strom zu versorgen. Dies ist eine gro\u00dfartige Option f\u00fcr umweltbewusste Familien, die eine langlebige, batteriebetriebene Kamera w\u00fcnschen.<br \/>4-MP-Aufl\u00f6sung und Farbnachtsicht: Erfassen Sie jedes Ereignis in Ihrem Zuhause in einer ultraklaren 4-MP-Aufl\u00f6sung. Diese Au\u00dfenkamera erzeugt auch bei schlechten Lichtverh\u00e4ltnissen gleichm\u00e4\u00dfig belichtete Bilder mit klaren Farben.<br \/>360\u00b0-\u00dcberwachung: Eliminieren Sie tote Winkel durch 340\u00b0-Schwenken und 80\u00b0-Neigen. \u00dcberwachen Sie Ihr Zuhause mit 360\u00b0-Abdeckung und integrierter KI, die sich bewegende Objekte automatisch verfolgt. Mit der EZVIZ-App k\u00f6nnen Sie diese \u00dcberwachungskamera jederzeit und \u00fcberall aus der Ferne \u00fcberpr\u00fcfen<br \/>KI-Erkennung und automatische Verfolgung: Mithilfe k\u00fcnstlicher Intelligenz kann diese Batteriekamera Personen und Fahrzeuge intelligent erkennen und so Fehlalarme deutlich reduzieren. Im Falle einer Personenerkennung wird die identifizierte Person auch automatisch getrackt.<br \/>EZVIZ-App und Zwei-Wege-Audio: Die EZVIZ-Solar\u00fcberwachungskamera f\u00fcr den Au\u00dfenbereich verf\u00fcgt \u00fcber ein integriertes Mikrofon und einen Lautsprecher, um Sprachanrufe \u00fcber die EZVIZ-App-Befehle an Alexa und Google Assistant f\u00fcr eine Echtzeit\u00fcberwachung zu unterst\u00fctzen.<br \/>EZVIZ AOV-Technologie und 24\/7-\u00dcberwachung: Dank der EZVIZ AOV-Technologie erm\u00f6glicht diese Au\u00dfenkamera eine echte 24\/7-\u00dcberwachung bei minimalem Stromverbrauch. F\u00fcr eine kontinuierliche \u00dcberwachung schaltet sich der Akku der \u00dcberwachungskamera automatisch in festgelegten Intervallen ein (andere Akkukameras zeichnen nur auf, wenn eine Bewegung erkannt wird, und sind die restliche Zeit inaktiv.)<br \/>Aktive Abwehr- und Aufnahmem\u00f6glichkeiten: Scheinwerfer und Sirene werden durch Bewegung ausgel\u00f6st, um Eindringlinge abzuschrecken. Die EZVIZ-\u00dcberwachungskamera mit Bewegungssensor unterst\u00fctzt Speicherkarten (bis zu 512 GB, separat erh\u00e4ltlich) und EZVIZ-Cloud-Speicher (optional).<\/p>\n<p>[ad_2]<\/p>\n","protected":false},"excerpt":{"rendered":"<p>Von der Marke Akku f\u00fcr EZVIZ-\u00dcberwachungskamera EZVIZ Outdoor-\u00dcberwachungskamera 100 % kabellos und 5-W-Solarpanel: Sie k\u00f6nnen das mitgelieferte EZVIZ 5-W-Solarpanel verwenden, um diese kabellose \u00dcberwachungskamera kontinuierlich mit Strom zu versorgen. Dies ist eine gro\u00dfartige Option f\u00fcr umweltbewusste Familien, die eine langlebige, batteriebetriebene Kamera w\u00fcnschen.4-MP-Aufl\u00f6sung und Farbnachtsicht: Erfassen Sie jedes Ereignis in Ihrem Zuhause in einer ultraklaren [&hellip;]<\/p>\n","protected":false},"featured_media":3755,"comment_status":"open","ping_status":"closed","template":"","meta":{"_aipt_faq_data":""},"store":[],"product_brand":[354],"product_cat":[113],"product_tag":[353],"class_list":{"0":"post-3754","1":"product","2":"type-product","3":"status-publish","4":"has-post-thumbnail","6":"product_brand-ezviz","7":"product_cat-ueberwachungsroboter","8":"product_tag-ueberwachungsroboter-mit-bewegungsmelder","10":"first","11":"instock","12":"sale","13":"shipping-taxable","14":"product-type-external"},"yoast_head":"<!-- This site is optimized with the Yoast SEO plugin v27.0 - https:\/\/yoast.com\/product\/yoast-seo-wordpress\/ -->\n<title>EZVIZ 4MP PTZ-\u00dcberwachungskamera f\u00fcr den Au\u00dfenbereich, Akku, kabellose WLAN-Au\u00dfenkamera, 360\u00b0-\u00dcberwachung, Farbnachtsicht, KI-Personen- und Fahrzeugerkennung, 2-Wege-Audio, CB8 Lite mit 5 W Solarpanel - EasyLifeBro<\/title>\n<meta name=\"description\" content=\"Entdecken Sie smarte Roboter f\u00fcr Zuhause, Garten, Bildung und Sicherheit. Vergleichen Sie Saugroboter, Rasenm\u00e4hroboter, KI-Begleitroboter und mehr bei EasyLifeRobo.\" \/>\n<meta name=\"robots\" content=\"index, follow, max-snippet:-1, max-image-preview:large, max-video-preview:-1\" \/>\n<link rel=\"canonical\" href=\"https:\/\/easyliferobo.com\/de\/product\/ezviz-4mp-ptz-ueberwachungskamera-fuer-den-aussenbereich-akku-kabellose-wlan-aussenkamera-360-ueberwachung-farbnachtsicht-ki-personen-und-fahrzeugerkennung-2-wege-audio-cb8-lite-mit-5-w\/\" \/>\n<meta property=\"og:locale\" content=\"de_DE\" \/>\n<meta property=\"og:type\" content=\"article\" \/>\n<meta property=\"og:title\" content=\"EZVIZ 4MP PTZ-\u00dcberwachungskamera f\u00fcr den Au\u00dfenbereich, Akku, kabellose WLAN-Au\u00dfenkamera, 360\u00b0-\u00dcberwachung, Farbnachtsicht, KI-Personen- und Fahrzeugerkennung, 2-Wege-Audio, CB8 Lite mit 5 W Solarpanel - EasyLifeBro\" \/>\n<meta property=\"og:description\" content=\"Entdecken Sie smarte Roboter f\u00fcr Zuhause, Garten, Bildung und Sicherheit. Vergleichen Sie Saugroboter, Rasenm\u00e4hroboter, KI-Begleitroboter und mehr bei EasyLifeRobo.\" \/>\n<meta property=\"og:url\" content=\"https:\/\/easyliferobo.com\/de\/product\/ezviz-4mp-ptz-ueberwachungskamera-fuer-den-aussenbereich-akku-kabellose-wlan-aussenkamera-360-ueberwachung-farbnachtsicht-ki-personen-und-fahrzeugerkennung-2-wege-audio-cb8-lite-mit-5-w\/\" \/>\n<meta property=\"og:site_name\" content=\"EasyLifeBro\" \/>\n<meta property=\"article:modified_time\" content=\"2026-02-27T10:06:16+00:00\" \/>\n<meta property=\"og:image\" content=\"https:\/\/images-na.ssl-images-amazon.com\/images\/G\/01\/x-locale\/common\/grey-pixel.gif\" \/>\n<meta name=\"twitter:card\" content=\"summary_large_image\" \/>\n<meta name=\"twitter:label1\" content=\"Gesch\u00e4tzte Lesezeit\" \/>\n\t<meta name=\"twitter:data1\" content=\"1\u00a0Minute\" \/>\n<script type=\"application\/ld+json\" class=\"yoast-schema-graph\">{\"@context\":\"https:\/\/schema.org\",\"@graph\":[{\"@type\":\"WebPage\",\"@id\":\"https:\/\/easyliferobo.com\/de\/product\/ezviz-4mp-ptz-ueberwachungskamera-fuer-den-aussenbereich-akku-kabellose-wlan-aussenkamera-360-ueberwachung-farbnachtsicht-ki-personen-und-fahrzeugerkennung-2-wege-audio-cb8-lite-mit-5-w\/\",\"url\":\"https:\/\/easyliferobo.com\/de\/product\/ezviz-4mp-ptz-ueberwachungskamera-fuer-den-aussenbereich-akku-kabellose-wlan-aussenkamera-360-ueberwachung-farbnachtsicht-ki-personen-und-fahrzeugerkennung-2-wege-audio-cb8-lite-mit-5-w\/\",\"name\":\"EZVIZ 4MP PTZ-\u00dcberwachungskamera f\u00fcr den Au\u00dfenbereich, Akku, kabellose WLAN-Au\u00dfenkamera, 360\u00b0-\u00dcberwachung, Farbnachtsicht, KI-Personen- und Fahrzeugerkennung, 2-Wege-Audio, CB8 Lite mit 5 W Solarpanel - EasyLifeBro\",\"isPartOf\":{\"@id\":\"https:\/\/easyliferobo.com\/de\/#website\"},\"primaryImageOfPage\":{\"@id\":\"https:\/\/easyliferobo.com\/de\/product\/ezviz-4mp-ptz-ueberwachungskamera-fuer-den-aussenbereich-akku-kabellose-wlan-aussenkamera-360-ueberwachung-farbnachtsicht-ki-personen-und-fahrzeugerkennung-2-wege-audio-cb8-lite-mit-5-w\/#primaryimage\"},\"image\":{\"@id\":\"https:\/\/easyliferobo.com\/de\/product\/ezviz-4mp-ptz-ueberwachungskamera-fuer-den-aussenbereich-akku-kabellose-wlan-aussenkamera-360-ueberwachung-farbnachtsicht-ki-personen-und-fahrzeugerkennung-2-wege-audio-cb8-lite-mit-5-w\/#primaryimage\"},\"thumbnailUrl\":\"https:\/\/easyliferobo.com\/de\/wp-content\/uploads\/2026\/02\/61GWjERr-0L._AC_SL1500_.jpg\",\"datePublished\":\"2026-02-27T10:05:47+00:00\",\"dateModified\":\"2026-02-27T10:06:16+00:00\",\"description\":\"Entdecken Sie smarte Roboter f\u00fcr Zuhause, Garten, Bildung und Sicherheit. Vergleichen Sie Saugroboter, Rasenm\u00e4hroboter, KI-Begleitroboter und mehr bei EasyLifeRobo.\",\"breadcrumb\":{\"@id\":\"https:\/\/easyliferobo.com\/de\/product\/ezviz-4mp-ptz-ueberwachungskamera-fuer-den-aussenbereich-akku-kabellose-wlan-aussenkamera-360-ueberwachung-farbnachtsicht-ki-personen-und-fahrzeugerkennung-2-wege-audio-cb8-lite-mit-5-w\/#breadcrumb\"},\"inLanguage\":\"de\",\"potentialAction\":[{\"@type\":\"ReadAction\",\"target\":[\"https:\/\/easyliferobo.com\/de\/product\/ezviz-4mp-ptz-ueberwachungskamera-fuer-den-aussenbereich-akku-kabellose-wlan-aussenkamera-360-ueberwachung-farbnachtsicht-ki-personen-und-fahrzeugerkennung-2-wege-audio-cb8-lite-mit-5-w\/\"]}]},{\"@type\":\"ImageObject\",\"inLanguage\":\"de\",\"@id\":\"https:\/\/easyliferobo.com\/de\/product\/ezviz-4mp-ptz-ueberwachungskamera-fuer-den-aussenbereich-akku-kabellose-wlan-aussenkamera-360-ueberwachung-farbnachtsicht-ki-personen-und-fahrzeugerkennung-2-wege-audio-cb8-lite-mit-5-w\/#primaryimage\",\"url\":\"https:\/\/easyliferobo.com\/de\/wp-content\/uploads\/2026\/02\/61GWjERr-0L._AC_SL1500_.jpg\",\"contentUrl\":\"https:\/\/easyliferobo.com\/de\/wp-content\/uploads\/2026\/02\/61GWjERr-0L._AC_SL1500_.jpg\",\"width\":1252,\"height\":824},{\"@type\":\"BreadcrumbList\",\"@id\":\"https:\/\/easyliferobo.com\/de\/product\/ezviz-4mp-ptz-ueberwachungskamera-fuer-den-aussenbereich-akku-kabellose-wlan-aussenkamera-360-ueberwachung-farbnachtsicht-ki-personen-und-fahrzeugerkennung-2-wege-audio-cb8-lite-mit-5-w\/#breadcrumb\",\"itemListElement\":[{\"@type\":\"ListItem\",\"position\":1,\"name\":\"Home\",\"item\":\"https:\/\/easyliferobo.com\/de\/\"},{\"@type\":\"ListItem\",\"position\":2,\"name\":\"Shop\",\"item\":\"https:\/\/easyliferobo.com\/de\/shop\/\"},{\"@type\":\"ListItem\",\"position\":3,\"name\":\"EZVIZ 4MP PTZ-\u00dcberwachungskamera f...\"}]},{\"@type\":\"WebSite\",\"@id\":\"https:\/\/easyliferobo.com\/de\/#website\",\"url\":\"https:\/\/easyliferobo.com\/de\/\",\"name\":\"EasyLifeBro\",\"description\":\"Smarte Roboter f\u00fcr Zuhause, Garten &amp; Bildung\",\"publisher\":{\"@id\":\"https:\/\/easyliferobo.com\/de\/#organization\"},\"potentialAction\":[{\"@type\":\"SearchAction\",\"target\":{\"@type\":\"EntryPoint\",\"urlTemplate\":\"https:\/\/easyliferobo.com\/de\/?s={search_term_string}\"},\"query-input\":{\"@type\":\"PropertyValueSpecification\",\"valueRequired\":true,\"valueName\":\"search_term_string\"}}],\"inLanguage\":\"de\"},{\"@type\":\"Organization\",\"@id\":\"https:\/\/easyliferobo.com\/de\/#organization\",\"name\":\"EasyLifeBro\",\"url\":\"https:\/\/easyliferobo.com\/de\/\",\"logo\":{\"@type\":\"ImageObject\",\"inLanguage\":\"de\",\"@id\":\"https:\/\/easyliferobo.com\/de\/#\/schema\/logo\/image\/\",\"url\":\"https:\/\/easyliferobo.com\/de\/wp-content\/uploads\/2026\/02\/Screenshot-2026-02-22-at-2.25.03-PM.png\",\"contentUrl\":\"https:\/\/easyliferobo.com\/de\/wp-content\/uploads\/2026\/02\/Screenshot-2026-02-22-at-2.25.03-PM.png\",\"width\":1858,\"height\":430,\"caption\":\"EasyLifeBro\"},\"image\":{\"@id\":\"https:\/\/easyliferobo.com\/de\/#\/schema\/logo\/image\/\"}}]}<\/script>\n<!-- \/ Yoast SEO plugin. -->","yoast_head_json":{"title":"EZVIZ 4MP PTZ-\u00dcberwachungskamera f\u00fcr den Au\u00dfenbereich, Akku, kabellose WLAN-Au\u00dfenkamera, 360\u00b0-\u00dcberwachung, Farbnachtsicht, KI-Personen- und Fahrzeugerkennung, 2-Wege-Audio, CB8 Lite mit 5 W Solarpanel - EasyLifeBro","description":"Entdecken Sie smarte Roboter f\u00fcr Zuhause, Garten, Bildung und Sicherheit. Vergleichen Sie Saugroboter, Rasenm\u00e4hroboter, KI-Begleitroboter und mehr bei EasyLifeRobo.","robots":{"index":"index","follow":"follow","max-snippet":"max-snippet:-1","max-image-preview":"max-image-preview:large","max-video-preview":"max-video-preview:-1"},"canonical":"https:\/\/easyliferobo.com\/de\/product\/ezviz-4mp-ptz-ueberwachungskamera-fuer-den-aussenbereich-akku-kabellose-wlan-aussenkamera-360-ueberwachung-farbnachtsicht-ki-personen-und-fahrzeugerkennung-2-wege-audio-cb8-lite-mit-5-w\/","og_locale":"de_DE","og_type":"article","og_title":"EZVIZ 4MP PTZ-\u00dcberwachungskamera f\u00fcr den Au\u00dfenbereich, Akku, kabellose WLAN-Au\u00dfenkamera, 360\u00b0-\u00dcberwachung, Farbnachtsicht, KI-Personen- und Fahrzeugerkennung, 2-Wege-Audio, CB8 Lite mit 5 W Solarpanel - EasyLifeBro","og_description":"Entdecken Sie smarte Roboter f\u00fcr Zuhause, Garten, Bildung und Sicherheit. Vergleichen Sie Saugroboter, Rasenm\u00e4hroboter, KI-Begleitroboter und mehr bei EasyLifeRobo.","og_url":"https:\/\/easyliferobo.com\/de\/product\/ezviz-4mp-ptz-ueberwachungskamera-fuer-den-aussenbereich-akku-kabellose-wlan-aussenkamera-360-ueberwachung-farbnachtsicht-ki-personen-und-fahrzeugerkennung-2-wege-audio-cb8-lite-mit-5-w\/","og_site_name":"EasyLifeBro","article_modified_time":"2026-02-27T10:06:16+00:00","og_image":[{"url":"https:\/\/images-na.ssl-images-amazon.com\/images\/G\/01\/x-locale\/common\/grey-pixel.gif","type":"","width":"","height":""}],"twitter_card":"summary_large_image","twitter_misc":{"Gesch\u00e4tzte Lesezeit":"1\u00a0Minute"},"schema":{"@context":"https:\/\/schema.org","@graph":[{"@type":"WebPage","@id":"https:\/\/easyliferobo.com\/de\/product\/ezviz-4mp-ptz-ueberwachungskamera-fuer-den-aussenbereich-akku-kabellose-wlan-aussenkamera-360-ueberwachung-farbnachtsicht-ki-personen-und-fahrzeugerkennung-2-wege-audio-cb8-lite-mit-5-w\/","url":"https:\/\/easyliferobo.com\/de\/product\/ezviz-4mp-ptz-ueberwachungskamera-fuer-den-aussenbereich-akku-kabellose-wlan-aussenkamera-360-ueberwachung-farbnachtsicht-ki-personen-und-fahrzeugerkennung-2-wege-audio-cb8-lite-mit-5-w\/","name":"EZVIZ 4MP PTZ-\u00dcberwachungskamera f\u00fcr den Au\u00dfenbereich, Akku, kabellose WLAN-Au\u00dfenkamera, 360\u00b0-\u00dcberwachung, Farbnachtsicht, KI-Personen- und Fahrzeugerkennung, 2-Wege-Audio, CB8 Lite mit 5 W Solarpanel - EasyLifeBro","isPartOf":{"@id":"https:\/\/easyliferobo.com\/de\/#website"},"primaryImageOfPage":{"@id":"https:\/\/easyliferobo.com\/de\/product\/ezviz-4mp-ptz-ueberwachungskamera-fuer-den-aussenbereich-akku-kabellose-wlan-aussenkamera-360-ueberwachung-farbnachtsicht-ki-personen-und-fahrzeugerkennung-2-wege-audio-cb8-lite-mit-5-w\/#primaryimage"},"image":{"@id":"https:\/\/easyliferobo.com\/de\/product\/ezviz-4mp-ptz-ueberwachungskamera-fuer-den-aussenbereich-akku-kabellose-wlan-aussenkamera-360-ueberwachung-farbnachtsicht-ki-personen-und-fahrzeugerkennung-2-wege-audio-cb8-lite-mit-5-w\/#primaryimage"},"thumbnailUrl":"https:\/\/easyliferobo.com\/de\/wp-content\/uploads\/2026\/02\/61GWjERr-0L._AC_SL1500_.jpg","datePublished":"2026-02-27T10:05:47+00:00","dateModified":"2026-02-27T10:06:16+00:00","description":"Entdecken Sie smarte Roboter f\u00fcr Zuhause, Garten, Bildung und Sicherheit. Vergleichen Sie Saugroboter, Rasenm\u00e4hroboter, KI-Begleitroboter und mehr bei EasyLifeRobo.","breadcrumb":{"@id":"https:\/\/easyliferobo.com\/de\/product\/ezviz-4mp-ptz-ueberwachungskamera-fuer-den-aussenbereich-akku-kabellose-wlan-aussenkamera-360-ueberwachung-farbnachtsicht-ki-personen-und-fahrzeugerkennung-2-wege-audio-cb8-lite-mit-5-w\/#breadcrumb"},"inLanguage":"de","potentialAction":[{"@type":"ReadAction","target":["https:\/\/easyliferobo.com\/de\/product\/ezviz-4mp-ptz-ueberwachungskamera-fuer-den-aussenbereich-akku-kabellose-wlan-aussenkamera-360-ueberwachung-farbnachtsicht-ki-personen-und-fahrzeugerkennung-2-wege-audio-cb8-lite-mit-5-w\/"]}]},{"@type":"ImageObject","inLanguage":"de","@id":"https:\/\/easyliferobo.com\/de\/product\/ezviz-4mp-ptz-ueberwachungskamera-fuer-den-aussenbereich-akku-kabellose-wlan-aussenkamera-360-ueberwachung-farbnachtsicht-ki-personen-und-fahrzeugerkennung-2-wege-audio-cb8-lite-mit-5-w\/#primaryimage","url":"https:\/\/easyliferobo.com\/de\/wp-content\/uploads\/2026\/02\/61GWjERr-0L._AC_SL1500_.jpg","contentUrl":"https:\/\/easyliferobo.com\/de\/wp-content\/uploads\/2026\/02\/61GWjERr-0L._AC_SL1500_.jpg","width":1252,"height":824},{"@type":"BreadcrumbList","@id":"https:\/\/easyliferobo.com\/de\/product\/ezviz-4mp-ptz-ueberwachungskamera-fuer-den-aussenbereich-akku-kabellose-wlan-aussenkamera-360-ueberwachung-farbnachtsicht-ki-personen-und-fahrzeugerkennung-2-wege-audio-cb8-lite-mit-5-w\/#breadcrumb","itemListElement":[{"@type":"ListItem","position":1,"name":"Home","item":"https:\/\/easyliferobo.com\/de\/"},{"@type":"ListItem","position":2,"name":"Shop","item":"https:\/\/easyliferobo.com\/de\/shop\/"},{"@type":"ListItem","position":3,"name":"EZVIZ 4MP PTZ-\u00dcberwachungskamera f..."}]},{"@type":"WebSite","@id":"https:\/\/easyliferobo.com\/de\/#website","url":"https:\/\/easyliferobo.com\/de\/","name":"EasyLifeBro","description":"Smarte Roboter f\u00fcr Zuhause, Garten &amp; Bildung","publisher":{"@id":"https:\/\/easyliferobo.com\/de\/#organization"},"potentialAction":[{"@type":"SearchAction","target":{"@type":"EntryPoint","urlTemplate":"https:\/\/easyliferobo.com\/de\/?s={search_term_string}"},"query-input":{"@type":"PropertyValueSpecification","valueRequired":true,"valueName":"search_term_string"}}],"inLanguage":"de"},{"@type":"Organization","@id":"https:\/\/easyliferobo.com\/de\/#organization","name":"EasyLifeBro","url":"https:\/\/easyliferobo.com\/de\/","logo":{"@type":"ImageObject","inLanguage":"de","@id":"https:\/\/easyliferobo.com\/de\/#\/schema\/logo\/image\/","url":"https:\/\/easyliferobo.com\/de\/wp-content\/uploads\/2026\/02\/Screenshot-2026-02-22-at-2.25.03-PM.png","contentUrl":"https:\/\/easyliferobo.com\/de\/wp-content\/uploads\/2026\/02\/Screenshot-2026-02-22-at-2.25.03-PM.png","width":1858,"height":430,"caption":"EasyLifeBro"},"image":{"@id":"https:\/\/easyliferobo.com\/de\/#\/schema\/logo\/image\/"}}]}},"_links":{"self":[{"href":"https:\/\/easyliferobo.com\/de\/wp-json\/wp\/v2\/product\/3754","targetHints":{"allow":["GET"]}}],"collection":[{"href":"https:\/\/easyliferobo.com\/de\/wp-json\/wp\/v2\/product"}],"about":[{"href":"https:\/\/easyliferobo.com\/de\/wp-json\/wp\/v2\/types\/product"}],"replies":[{"embeddable":true,"href":"https:\/\/easyliferobo.com\/de\/wp-json\/wp\/v2\/comments?post=3754"}],"wp:featuredmedia":[{"embeddable":true,"href":"https:\/\/easyliferobo.com\/de\/wp-json\/wp\/v2\/media\/3755"}],"wp:attachment":[{"href":"https:\/\/easyliferobo.com\/de\/wp-json\/wp\/v2\/media?parent=3754"}],"wp:term":[{"taxonomy":"store","embeddable":true,"href":"https:\/\/easyliferobo.com\/de\/wp-json\/wp\/v2\/store?post=3754"},{"taxonomy":"product_brand","embeddable":true,"href":"https:\/\/easyliferobo.com\/de\/wp-json\/wp\/v2\/product_brand?post=3754"},{"taxonomy":"product_cat","embeddable":true,"href":"https:\/\/easyliferobo.com\/de\/wp-json\/wp\/v2\/product_cat?post=3754"},{"taxonomy":"product_tag","embeddable":true,"href":"https:\/\/easyliferobo.com\/de\/wp-json\/wp\/v2\/product_tag?post=3754"}],"curies":[{"name":"wp","href":"https:\/\/api.w.org\/{rel}","templated":true}]}}