
{"id":3745,"date":"2026-02-27T10:04:31","date_gmt":"2026-02-27T10:04:31","guid":{"rendered":"https:\/\/easyliferobo.com\/de\/product\/endoskopkamera-beweglicher-kopf-mit-led-licht-5-zoll-ips-industrieendoskop-62-mm-rohrendoskop-fuer-die-auto-wandinspektion\/"},"modified":"2026-02-27T10:04:47","modified_gmt":"2026-02-27T10:04:47","slug":"endoskopkamera-beweglicher-kopf-mit-led-licht-5-zoll-ips-industrieendoskop-62-mm-rohrendoskop-fuer-die-auto-wandinspektion","status":"publish","type":"product","link":"https:\/\/easyliferobo.com\/de\/product\/endoskopkamera-beweglicher-kopf-mit-led-licht-5-zoll-ips-industrieendoskop-62-mm-rohrendoskop-fuer-die-auto-wandinspektion\/","title":{"rendered":"Endoskopkamera, beweglicher Kopf mi..."},"content":{"rendered":"<p>\n                                             Produktbeschreibung   <\/p>\n<p>                                                                                                       <img decoding=\"async\" alt=\"Aplus-Inhaltsbild\" src=\"https:\/\/images-na.ssl-images-amazon.com\/images\/G\/01\/x-locale\/common\/grey-pixel.gif\" class=\"a-lazy-loaded\" data-src=\"https:\/\/m.media-amazon.com\/images\/S\/aplus-media-library-service-media\/428e5062-89a0-4a5d-948a-7446a3a2a4f7.__CR0,0,1464,600_PT0_SX1464_V1___.jpg\"><img decoding=\"async\" alt=\"Aplus-Inhaltsbild\" src=\"https:\/\/m.media-amazon.com\/images\/S\/aplus-media-library-service-media\/428e5062-89a0-4a5d-948a-7446a3a2a4f7.__CR0,0,1464,600_PT0_SX1464_V1___.jpg\">                                               <\/p>\n<p>                                                                                                       <img decoding=\"async\" alt=\"Aplus-Inhaltsbild\" src=\"https:\/\/images-na.ssl-images-amazon.com\/images\/G\/01\/x-locale\/common\/grey-pixel.gif\" class=\"a-lazy-loaded\" data-src=\"https:\/\/m.media-amazon.com\/images\/S\/aplus-media-library-service-media\/01080476-e970-4322-a61c-63b767959257.__CR0,0,1464,600_PT0_SX1464_V1___.jpg\"><img decoding=\"async\" alt=\"Aplus-Inhaltsbild\" src=\"https:\/\/m.media-amazon.com\/images\/S\/aplus-media-library-service-media\/01080476-e970-4322-a61c-63b767959257.__CR0,0,1464,600_PT0_SX1464_V1___.jpg\">                                               <\/p>\n<p>                                                                                                       <img decoding=\"async\" alt=\"Aplus-Inhaltsbild\" src=\"https:\/\/images-na.ssl-images-amazon.com\/images\/G\/01\/x-locale\/common\/grey-pixel.gif\" class=\"a-lazy-loaded\" data-src=\"https:\/\/m.media-amazon.com\/images\/S\/aplus-media-library-service-media\/2fb58af1-c91a-4f69-ac86-866b10888e35.__CR0,0,1464,600_PT0_SX1464_V1___.jpg\"><img decoding=\"async\" alt=\"Aplus-Inhaltsbild\" src=\"https:\/\/m.media-amazon.com\/images\/S\/aplus-media-library-service-media\/2fb58af1-c91a-4f69-ac86-866b10888e35.__CR0,0,1464,600_PT0_SX1464_V1___.jpg\">                                               <\/p>\n<p>                                                                <img decoding=\"async\" alt=\"Aplus-Inhaltsbild\" src=\"https:\/\/images-na.ssl-images-amazon.com\/images\/G\/01\/x-locale\/common\/grey-pixel.gif\" class=\"a-lazy-loaded\" data-src=\"https:\/\/m.media-amazon.com\/images\/S\/aplus-media-library-service-media\/73bd5ce9-806f-40fa-a18b-42ac84817eff.__CR0,0,800,600_PT0_SX800_V1___.jpg\"><img decoding=\"async\" alt=\"Aplus-Inhaltsbild\" src=\"https:\/\/m.media-amazon.com\/images\/S\/aplus-media-library-service-media\/73bd5ce9-806f-40fa-a18b-42ac84817eff.__CR0,0,800,600_PT0_SX800_V1___.jpg\">                                    Engp\u00e4sse meister                                          <\/p>\n<h3 class=\"aplus-h1 aplus-module-1-heading a-text-bold\"> Flugzeughebel-Steuerung <\/h3>\n<p class=\"aplus-p2 aplus-module-1-description\">  Schluss mit unhandlichen Kn\u00f6pfen! Unser Flugzeug-Schiebestangen-Mechanismus erm\u00f6glicht eine 180\u00b0-Kameraartikulation durch intuitive Daumensteuerung. Der 45\u00b0-Griffwinkel entspricht der nat\u00fcrlichen Handgelenkhaltung und reduziert Erm\u00fcdung bei Langzeitinspektionen. <\/p>\n<p class=\"aplus-p2 aplus-module-1-description\">  Zusatznutzen: Handschuhfreundliche Bedienung mit \u00f6lrutschfestem Griff verhindert unbeabsichtigte Einstellungen. <\/p>\n<p>                                                           \u00dcberall ladbar, Kosteneffizient                                          <\/p>\n<h3 class=\"aplus-h1 aplus-module-1-heading a-text-bold\"> Abnehmbares Display <\/h3>\n<p class=\"aplus-p2 aplus-module-1-description\">\n<p>Display-eigenes Laden: PD-Schnellladung durch integrierte AkkuKompakte Aufbewahrung: Reduziert Werkzeugkistenplatz bei Trennung Kosteng\u00fcnstige Reparatur: Einzelmodulaustatt statt Komplettger\u00e4t                                            <img decoding=\"async\" alt=\"Aplus-Inhaltsbild\" src=\"https:\/\/images-na.ssl-images-amazon.com\/images\/G\/01\/x-locale\/common\/grey-pixel.gif\" class=\"a-lazy-loaded\" data-src=\"https:\/\/m.media-amazon.com\/images\/S\/aplus-media-library-service-media\/9402d974-7018-451b-9e57-cc60d622856d.__CR0,0,800,600_PT0_SX800_V1___.jpg\"><img decoding=\"async\" alt=\"Aplus-Inhaltsbild\" src=\"https:\/\/m.media-amazon.com\/images\/S\/aplus-media-library-service-media\/9402d974-7018-451b-9e57-cc60d622856d.__CR0,0,800,600_PT0_SX800_V1___.jpg\">          <\/p>\n<p>                                                                <img decoding=\"async\" alt=\"Aplus-Inhaltsbild\" src=\"https:\/\/images-na.ssl-images-amazon.com\/images\/G\/01\/x-locale\/common\/grey-pixel.gif\" class=\"a-lazy-loaded\" data-src=\"https:\/\/m.media-amazon.com\/images\/S\/aplus-media-library-service-media\/df468f74-2170-43fa-ad1a-7f49c74be5d8.__CR0,0,800,600_PT0_SX800_V1___.jpg\"><img decoding=\"async\" alt=\"Aplus-Inhaltsbild\" src=\"https:\/\/m.media-amazon.com\/images\/S\/aplus-media-library-service-media\/df468f74-2170-43fa-ad1a-7f49c74be5d8.__CR0,0,800,600_PT0_SX800_V1___.jpg\">                                    Automatische Abschaltung bei 85\u00b0C\/185\u00b0F                                          <\/p>\n<h3 class=\"aplus-h1 aplus-module-1-heading a-text-bold\"> Thermo-Schutzsystem <\/h3>\n<p class=\"aplus-p2 aplus-module-1-description\">  Integrierter Sensorsonde aktivierter Doppelschutz: <\/p>\n<p class=\"aplus-p2 aplus-module-1-description\">\n<p>Rote BildschirmwarnungSofortige Abschaltung      <\/p>\n<p class=\"aplus-p2 aplus-module-1-description\"> Entscheidender Vorteil: Verhindert CMOS-Sensorsch\u00e4den durch Motorenhitze, gew\u00e4hrleistet klare Mikroriss-Erkennung. Verl\u00e4ngert die Sondenlebensdauer in Hochtemperaturumgebungen um 2X+. <\/p>\n<p>                                                                                                       <img decoding=\"async\" alt=\"Aplus-Inhaltsbild\" src=\"https:\/\/images-na.ssl-images-amazon.com\/images\/G\/01\/x-locale\/common\/grey-pixel.gif\" class=\"a-lazy-loaded\" data-src=\"https:\/\/m.media-amazon.com\/images\/S\/aplus-media-library-service-media\/39c3d206-1c80-4040-8801-9b52df4c59b1.__CR0,0,1464,600_PT0_SX1464_V1___.jpg\"><img decoding=\"async\" alt=\"Aplus-Inhaltsbild\" src=\"https:\/\/m.media-amazon.com\/images\/S\/aplus-media-library-service-media\/39c3d206-1c80-4040-8801-9b52df4c59b1.__CR0,0,1464,600_PT0_SX1464_V1___.jpg\">                                               <\/p>\n<p>Schubstangen-Physik-Lenksystem: Revolution\u00e4res Physik-Lenksystem mit Gleitstangen-Steuerhebel f\u00fcr Flugzeuge. Das Ein-Finger-Drucken erm\u00f6glicht eine um 180\u00b0 tote Winkel freie Kameradrehung. Spezielles D\u00e4mpfungssystem f\u00fcr seidenweiches Handling. Beh\u00e4lt Pr\u00e4zision und Laufruhe auch nach mehr als 10.000 Erm\u00fcdungstests. Doppelte Effizienz gegen\u00fcber Knopfstrukturen. Ideal f\u00fcr Pr\u00e4zisionsarbeiten wie die Motorru\u00dfpr\u00fcfung.<br \/>1,5 m hochfester Schlangenschlauch mit R\u00fcckstellung: Schlangenschlauch aus milit\u00e4rischer Memory-Legierung h\u00e4lt \u00fcber 10.000 Biegungen stand und stellt die lineare Form wieder her. 1,5 m Reichweite mit 360\u00b0 Lenkfreiheitsgrad. Eine spezielle Geflechtschicht sorgt f\u00fcr hervorragende Flexibilit\u00e4t. Durchdringt 6,5 mm enge R\u00e4ume mit hervorragender Knickfestigkeit. F\u00fcr Inspektionen in komplexen Umgebungen.<br \/>6,2-mm-Ultra-Makro-1080P-Sonde: 6,2-mm-Ultra-Makro-1080P-HD-Objektiv. Liefert 1080P-Qualit\u00e4t bei einer Sch\u00e4rfentiefe von 2 cm bis 20 cm. Mit HD-Sensor und 6 LEDs. Erzeugt scharfe HD-Bilder. Speziell f\u00fcr Pr\u00e4zisionsinspektionen im Dunkeln.<br \/>5-Zoll-IPS-Display: Konkurrenten verwenden 4,3-Zoll-LCD. Dieses Zealtron-Industrieendoskop verf\u00fcgt \u00fcber ein 5-Zoll-IPS-HD-Gro\u00dfdisplay \u2013 setzt neue Ma\u00dfst\u00e4be! 178\u00b0 Betrachtungswinkel f\u00fcr totraumfreie Teamarbeit. Bleibt bei starkem Licht scharf. IPS-Hartbildschirm ohne St\u00f6rungen\/Aufhellung. Zeigt millimetergenaue Fehler wie Risse\/Schwei\u00dfn\u00e4hte genau an.<br \/>Ergonomisches Einhand-Bedienkonzept: Ergonomisches Einhandsystem: Daumen steuert Schieber, Zeigefinger bet\u00e4tigt Abzug, Ringfinger greift zum Griff. Keine Erm\u00fcdung im Dauerbetrieb.<br \/>\u3010Intelligentes dreifaches Schutzsystem\u3011 Schutzsystem: Bei >85 \u00b0C Umgebungstemperatur \u2013 1. Bildschirmalarm, 2. Sensorabschaltung, 3. Stromtrennung<br \/>Nach unten ausgerichtetes Kabeldesign: lenkbare Linse f\u00fcr enge R\u00e4ume + oben montiertes Display. Sie m\u00fcssen Ihre Augen nicht ablenken. Innovatives Down-Exit-Design: Linse\/Kabel ragen aus der Griffbasis heraus. Verhindert Kabelsalat. Schnelle Fehlerlokalisierung im Motorraum \u2013 spart Zeit, Kraft und Kosten!<\/p>\n<p>[ad_2]<\/p>\n","protected":false},"excerpt":{"rendered":"<p>Produktbeschreibung Engp\u00e4sse meister Flugzeughebel-Steuerung Schluss mit unhandlichen Kn\u00f6pfen! Unser Flugzeug-Schiebestangen-Mechanismus erm\u00f6glicht eine 180\u00b0-Kameraartikulation durch intuitive Daumensteuerung. Der 45\u00b0-Griffwinkel entspricht der nat\u00fcrlichen Handgelenkhaltung und reduziert Erm\u00fcdung bei Langzeitinspektionen. Zusatznutzen: Handschuhfreundliche Bedienung mit \u00f6lrutschfestem Griff verhindert unbeabsichtigte Einstellungen. \u00dcberall ladbar, Kosteneffizient Abnehmbares Display Display-eigenes Laden: PD-Schnellladung durch integrierte AkkuKompakte Aufbewahrung: Reduziert Werkzeugkistenplatz bei Trennung Kosteng\u00fcnstige Reparatur: Einzelmodulaustatt [&hellip;]<\/p>\n","protected":false},"featured_media":3746,"comment_status":"open","ping_status":"closed","template":"","meta":{"_aipt_faq_data":""},"store":[],"product_brand":[],"product_cat":[114],"product_tag":[207],"class_list":{"0":"post-3745","1":"product","2":"type-product","3":"status-publish","4":"has-post-thumbnail","6":"product_cat-inspektionsroboter","7":"product_tag-inspektionsroboter-mit-kamera","9":"first","10":"instock","11":"sale","12":"shipping-taxable","13":"product-type-external"},"yoast_head":"<!-- This site is optimized with the Yoast SEO plugin v27.4 - https:\/\/yoast.com\/product\/yoast-seo-wordpress\/ -->\n<title>Endoskopkamera, beweglicher Kopf mit LED-Licht, 5-Zoll-IPS-Industrieendoskop, 6,2-mm-Rohrendoskop f\u00fcr die Auto-\/Wandinspektion - EasyLifeBro<\/title>\n<meta name=\"description\" content=\"Entdecken Sie smarte Roboter f\u00fcr Zuhause, Garten, Bildung und Sicherheit. Vergleichen Sie Saugroboter, Rasenm\u00e4hroboter, KI-Begleitroboter und mehr bei EasyLifeRobo.\" \/>\n<meta name=\"robots\" content=\"index, follow, max-snippet:-1, max-image-preview:large, max-video-preview:-1\" \/>\n<link rel=\"canonical\" href=\"https:\/\/easyliferobo.com\/de\/product\/endoskopkamera-beweglicher-kopf-mit-led-licht-5-zoll-ips-industrieendoskop-62-mm-rohrendoskop-fuer-die-auto-wandinspektion\/\" \/>\n<meta property=\"og:locale\" content=\"de_DE\" \/>\n<meta property=\"og:type\" content=\"article\" \/>\n<meta property=\"og:title\" content=\"Endoskopkamera, beweglicher Kopf mit LED-Licht, 5-Zoll-IPS-Industrieendoskop, 6,2-mm-Rohrendoskop f\u00fcr die Auto-\/Wandinspektion - EasyLifeBro\" \/>\n<meta property=\"og:description\" content=\"Entdecken Sie smarte Roboter f\u00fcr Zuhause, Garten, Bildung und Sicherheit. Vergleichen Sie Saugroboter, Rasenm\u00e4hroboter, KI-Begleitroboter und mehr bei EasyLifeRobo.\" \/>\n<meta property=\"og:url\" content=\"https:\/\/easyliferobo.com\/de\/product\/endoskopkamera-beweglicher-kopf-mit-led-licht-5-zoll-ips-industrieendoskop-62-mm-rohrendoskop-fuer-die-auto-wandinspektion\/\" \/>\n<meta property=\"og:site_name\" content=\"EasyLifeBro\" \/>\n<meta property=\"article:modified_time\" content=\"2026-02-27T10:04:47+00:00\" \/>\n<meta property=\"og:image\" content=\"https:\/\/images-na.ssl-images-amazon.com\/images\/G\/01\/x-locale\/common\/grey-pixel.gif\" \/>\n<meta name=\"twitter:card\" content=\"summary_large_image\" \/>\n<meta name=\"twitter:label1\" content=\"Gesch\u00e4tzte Lesezeit\" \/>\n\t<meta name=\"twitter:data1\" content=\"2\u00a0Minuten\" \/>\n<script type=\"application\/ld+json\" class=\"yoast-schema-graph\">{\"@context\":\"https:\\\/\\\/schema.org\",\"@graph\":[{\"@type\":\"WebPage\",\"@id\":\"https:\\\/\\\/easyliferobo.com\\\/de\\\/product\\\/endoskopkamera-beweglicher-kopf-mit-led-licht-5-zoll-ips-industrieendoskop-62-mm-rohrendoskop-fuer-die-auto-wandinspektion\\\/\",\"url\":\"https:\\\/\\\/easyliferobo.com\\\/de\\\/product\\\/endoskopkamera-beweglicher-kopf-mit-led-licht-5-zoll-ips-industrieendoskop-62-mm-rohrendoskop-fuer-die-auto-wandinspektion\\\/\",\"name\":\"Endoskopkamera, beweglicher Kopf mit LED-Licht, 5-Zoll-IPS-Industrieendoskop, 6,2-mm-Rohrendoskop f\u00fcr die Auto-\\\/Wandinspektion - EasyLifeBro\",\"isPartOf\":{\"@id\":\"https:\\\/\\\/easyliferobo.com\\\/de\\\/#website\"},\"primaryImageOfPage\":{\"@id\":\"https:\\\/\\\/easyliferobo.com\\\/de\\\/product\\\/endoskopkamera-beweglicher-kopf-mit-led-licht-5-zoll-ips-industrieendoskop-62-mm-rohrendoskop-fuer-die-auto-wandinspektion\\\/#primaryimage\"},\"image\":{\"@id\":\"https:\\\/\\\/easyliferobo.com\\\/de\\\/product\\\/endoskopkamera-beweglicher-kopf-mit-led-licht-5-zoll-ips-industrieendoskop-62-mm-rohrendoskop-fuer-die-auto-wandinspektion\\\/#primaryimage\"},\"thumbnailUrl\":\"https:\\\/\\\/easyliferobo.com\\\/de\\\/wp-content\\\/uploads\\\/2026\\\/02\\\/61RolBuzPL._AC_SL1000_.jpg\",\"datePublished\":\"2026-02-27T10:04:31+00:00\",\"dateModified\":\"2026-02-27T10:04:47+00:00\",\"description\":\"Entdecken Sie smarte Roboter f\u00fcr Zuhause, Garten, Bildung und Sicherheit. Vergleichen Sie Saugroboter, Rasenm\u00e4hroboter, KI-Begleitroboter und mehr bei EasyLifeRobo.\",\"breadcrumb\":{\"@id\":\"https:\\\/\\\/easyliferobo.com\\\/de\\\/product\\\/endoskopkamera-beweglicher-kopf-mit-led-licht-5-zoll-ips-industrieendoskop-62-mm-rohrendoskop-fuer-die-auto-wandinspektion\\\/#breadcrumb\"},\"inLanguage\":\"de\",\"potentialAction\":[{\"@type\":\"ReadAction\",\"target\":[\"https:\\\/\\\/easyliferobo.com\\\/de\\\/product\\\/endoskopkamera-beweglicher-kopf-mit-led-licht-5-zoll-ips-industrieendoskop-62-mm-rohrendoskop-fuer-die-auto-wandinspektion\\\/\"]}]},{\"@type\":\"ImageObject\",\"inLanguage\":\"de\",\"@id\":\"https:\\\/\\\/easyliferobo.com\\\/de\\\/product\\\/endoskopkamera-beweglicher-kopf-mit-led-licht-5-zoll-ips-industrieendoskop-62-mm-rohrendoskop-fuer-die-auto-wandinspektion\\\/#primaryimage\",\"url\":\"https:\\\/\\\/easyliferobo.com\\\/de\\\/wp-content\\\/uploads\\\/2026\\\/02\\\/61RolBuzPL._AC_SL1000_.jpg\",\"contentUrl\":\"https:\\\/\\\/easyliferobo.com\\\/de\\\/wp-content\\\/uploads\\\/2026\\\/02\\\/61RolBuzPL._AC_SL1000_.jpg\",\"width\":888,\"height\":975},{\"@type\":\"BreadcrumbList\",\"@id\":\"https:\\\/\\\/easyliferobo.com\\\/de\\\/product\\\/endoskopkamera-beweglicher-kopf-mit-led-licht-5-zoll-ips-industrieendoskop-62-mm-rohrendoskop-fuer-die-auto-wandinspektion\\\/#breadcrumb\",\"itemListElement\":[{\"@type\":\"ListItem\",\"position\":1,\"name\":\"Home\",\"item\":\"https:\\\/\\\/easyliferobo.com\\\/de\\\/\"},{\"@type\":\"ListItem\",\"position\":2,\"name\":\"Shop\",\"item\":\"https:\\\/\\\/easyliferobo.com\\\/de\\\/shop\\\/\"},{\"@type\":\"ListItem\",\"position\":3,\"name\":\"Endoskopkamera, beweglicher Kopf mi...\"}]},{\"@type\":\"WebSite\",\"@id\":\"https:\\\/\\\/easyliferobo.com\\\/de\\\/#website\",\"url\":\"https:\\\/\\\/easyliferobo.com\\\/de\\\/\",\"name\":\"EasyLifeBro\",\"description\":\"Smarte Roboter f\u00fcr Zuhause, Garten &amp; Bildung\",\"publisher\":{\"@id\":\"https:\\\/\\\/easyliferobo.com\\\/de\\\/#organization\"},\"potentialAction\":[{\"@type\":\"SearchAction\",\"target\":{\"@type\":\"EntryPoint\",\"urlTemplate\":\"https:\\\/\\\/easyliferobo.com\\\/de\\\/?s={search_term_string}\"},\"query-input\":{\"@type\":\"PropertyValueSpecification\",\"valueRequired\":true,\"valueName\":\"search_term_string\"}}],\"inLanguage\":\"de\"},{\"@type\":\"Organization\",\"@id\":\"https:\\\/\\\/easyliferobo.com\\\/de\\\/#organization\",\"name\":\"EasyLifeBro\",\"url\":\"https:\\\/\\\/easyliferobo.com\\\/de\\\/\",\"logo\":{\"@type\":\"ImageObject\",\"inLanguage\":\"de\",\"@id\":\"https:\\\/\\\/easyliferobo.com\\\/de\\\/#\\\/schema\\\/logo\\\/image\\\/\",\"url\":\"https:\\\/\\\/easyliferobo.com\\\/de\\\/wp-content\\\/uploads\\\/2026\\\/02\\\/Screenshot-2026-02-22-at-2.25.03-PM.png\",\"contentUrl\":\"https:\\\/\\\/easyliferobo.com\\\/de\\\/wp-content\\\/uploads\\\/2026\\\/02\\\/Screenshot-2026-02-22-at-2.25.03-PM.png\",\"width\":1858,\"height\":430,\"caption\":\"EasyLifeBro\"},\"image\":{\"@id\":\"https:\\\/\\\/easyliferobo.com\\\/de\\\/#\\\/schema\\\/logo\\\/image\\\/\"}}]}<\/script>\n<!-- \/ Yoast SEO plugin. -->","yoast_head_json":{"title":"Endoskopkamera, beweglicher Kopf mit LED-Licht, 5-Zoll-IPS-Industrieendoskop, 6,2-mm-Rohrendoskop f\u00fcr die Auto-\/Wandinspektion - EasyLifeBro","description":"Entdecken Sie smarte Roboter f\u00fcr Zuhause, Garten, Bildung und Sicherheit. Vergleichen Sie Saugroboter, Rasenm\u00e4hroboter, KI-Begleitroboter und mehr bei EasyLifeRobo.","robots":{"index":"index","follow":"follow","max-snippet":"max-snippet:-1","max-image-preview":"max-image-preview:large","max-video-preview":"max-video-preview:-1"},"canonical":"https:\/\/easyliferobo.com\/de\/product\/endoskopkamera-beweglicher-kopf-mit-led-licht-5-zoll-ips-industrieendoskop-62-mm-rohrendoskop-fuer-die-auto-wandinspektion\/","og_locale":"de_DE","og_type":"article","og_title":"Endoskopkamera, beweglicher Kopf mit LED-Licht, 5-Zoll-IPS-Industrieendoskop, 6,2-mm-Rohrendoskop f\u00fcr die Auto-\/Wandinspektion - EasyLifeBro","og_description":"Entdecken Sie smarte Roboter f\u00fcr Zuhause, Garten, Bildung und Sicherheit. Vergleichen Sie Saugroboter, Rasenm\u00e4hroboter, KI-Begleitroboter und mehr bei EasyLifeRobo.","og_url":"https:\/\/easyliferobo.com\/de\/product\/endoskopkamera-beweglicher-kopf-mit-led-licht-5-zoll-ips-industrieendoskop-62-mm-rohrendoskop-fuer-die-auto-wandinspektion\/","og_site_name":"EasyLifeBro","article_modified_time":"2026-02-27T10:04:47+00:00","og_image":[{"url":"https:\/\/images-na.ssl-images-amazon.com\/images\/G\/01\/x-locale\/common\/grey-pixel.gif","type":"","width":"","height":""}],"twitter_card":"summary_large_image","twitter_misc":{"Gesch\u00e4tzte Lesezeit":"2\u00a0Minuten"},"schema":{"@context":"https:\/\/schema.org","@graph":[{"@type":"WebPage","@id":"https:\/\/easyliferobo.com\/de\/product\/endoskopkamera-beweglicher-kopf-mit-led-licht-5-zoll-ips-industrieendoskop-62-mm-rohrendoskop-fuer-die-auto-wandinspektion\/","url":"https:\/\/easyliferobo.com\/de\/product\/endoskopkamera-beweglicher-kopf-mit-led-licht-5-zoll-ips-industrieendoskop-62-mm-rohrendoskop-fuer-die-auto-wandinspektion\/","name":"Endoskopkamera, beweglicher Kopf mit LED-Licht, 5-Zoll-IPS-Industrieendoskop, 6,2-mm-Rohrendoskop f\u00fcr die Auto-\/Wandinspektion - EasyLifeBro","isPartOf":{"@id":"https:\/\/easyliferobo.com\/de\/#website"},"primaryImageOfPage":{"@id":"https:\/\/easyliferobo.com\/de\/product\/endoskopkamera-beweglicher-kopf-mit-led-licht-5-zoll-ips-industrieendoskop-62-mm-rohrendoskop-fuer-die-auto-wandinspektion\/#primaryimage"},"image":{"@id":"https:\/\/easyliferobo.com\/de\/product\/endoskopkamera-beweglicher-kopf-mit-led-licht-5-zoll-ips-industrieendoskop-62-mm-rohrendoskop-fuer-die-auto-wandinspektion\/#primaryimage"},"thumbnailUrl":"https:\/\/easyliferobo.com\/de\/wp-content\/uploads\/2026\/02\/61RolBuzPL._AC_SL1000_.jpg","datePublished":"2026-02-27T10:04:31+00:00","dateModified":"2026-02-27T10:04:47+00:00","description":"Entdecken Sie smarte Roboter f\u00fcr Zuhause, Garten, Bildung und Sicherheit. Vergleichen Sie Saugroboter, Rasenm\u00e4hroboter, KI-Begleitroboter und mehr bei EasyLifeRobo.","breadcrumb":{"@id":"https:\/\/easyliferobo.com\/de\/product\/endoskopkamera-beweglicher-kopf-mit-led-licht-5-zoll-ips-industrieendoskop-62-mm-rohrendoskop-fuer-die-auto-wandinspektion\/#breadcrumb"},"inLanguage":"de","potentialAction":[{"@type":"ReadAction","target":["https:\/\/easyliferobo.com\/de\/product\/endoskopkamera-beweglicher-kopf-mit-led-licht-5-zoll-ips-industrieendoskop-62-mm-rohrendoskop-fuer-die-auto-wandinspektion\/"]}]},{"@type":"ImageObject","inLanguage":"de","@id":"https:\/\/easyliferobo.com\/de\/product\/endoskopkamera-beweglicher-kopf-mit-led-licht-5-zoll-ips-industrieendoskop-62-mm-rohrendoskop-fuer-die-auto-wandinspektion\/#primaryimage","url":"https:\/\/easyliferobo.com\/de\/wp-content\/uploads\/2026\/02\/61RolBuzPL._AC_SL1000_.jpg","contentUrl":"https:\/\/easyliferobo.com\/de\/wp-content\/uploads\/2026\/02\/61RolBuzPL._AC_SL1000_.jpg","width":888,"height":975},{"@type":"BreadcrumbList","@id":"https:\/\/easyliferobo.com\/de\/product\/endoskopkamera-beweglicher-kopf-mit-led-licht-5-zoll-ips-industrieendoskop-62-mm-rohrendoskop-fuer-die-auto-wandinspektion\/#breadcrumb","itemListElement":[{"@type":"ListItem","position":1,"name":"Home","item":"https:\/\/easyliferobo.com\/de\/"},{"@type":"ListItem","position":2,"name":"Shop","item":"https:\/\/easyliferobo.com\/de\/shop\/"},{"@type":"ListItem","position":3,"name":"Endoskopkamera, beweglicher Kopf mi..."}]},{"@type":"WebSite","@id":"https:\/\/easyliferobo.com\/de\/#website","url":"https:\/\/easyliferobo.com\/de\/","name":"EasyLifeBro","description":"Smarte Roboter f\u00fcr Zuhause, Garten &amp; Bildung","publisher":{"@id":"https:\/\/easyliferobo.com\/de\/#organization"},"potentialAction":[{"@type":"SearchAction","target":{"@type":"EntryPoint","urlTemplate":"https:\/\/easyliferobo.com\/de\/?s={search_term_string}"},"query-input":{"@type":"PropertyValueSpecification","valueRequired":true,"valueName":"search_term_string"}}],"inLanguage":"de"},{"@type":"Organization","@id":"https:\/\/easyliferobo.com\/de\/#organization","name":"EasyLifeBro","url":"https:\/\/easyliferobo.com\/de\/","logo":{"@type":"ImageObject","inLanguage":"de","@id":"https:\/\/easyliferobo.com\/de\/#\/schema\/logo\/image\/","url":"https:\/\/easyliferobo.com\/de\/wp-content\/uploads\/2026\/02\/Screenshot-2026-02-22-at-2.25.03-PM.png","contentUrl":"https:\/\/easyliferobo.com\/de\/wp-content\/uploads\/2026\/02\/Screenshot-2026-02-22-at-2.25.03-PM.png","width":1858,"height":430,"caption":"EasyLifeBro"},"image":{"@id":"https:\/\/easyliferobo.com\/de\/#\/schema\/logo\/image\/"}}]}},"_links":{"self":[{"href":"https:\/\/easyliferobo.com\/de\/wp-json\/wp\/v2\/product\/3745","targetHints":{"allow":["GET"]}}],"collection":[{"href":"https:\/\/easyliferobo.com\/de\/wp-json\/wp\/v2\/product"}],"about":[{"href":"https:\/\/easyliferobo.com\/de\/wp-json\/wp\/v2\/types\/product"}],"replies":[{"embeddable":true,"href":"https:\/\/easyliferobo.com\/de\/wp-json\/wp\/v2\/comments?post=3745"}],"wp:featuredmedia":[{"embeddable":true,"href":"https:\/\/easyliferobo.com\/de\/wp-json\/wp\/v2\/media\/3746"}],"wp:attachment":[{"href":"https:\/\/easyliferobo.com\/de\/wp-json\/wp\/v2\/media?parent=3745"}],"wp:term":[{"taxonomy":"store","embeddable":true,"href":"https:\/\/easyliferobo.com\/de\/wp-json\/wp\/v2\/store?post=3745"},{"taxonomy":"product_brand","embeddable":true,"href":"https:\/\/easyliferobo.com\/de\/wp-json\/wp\/v2\/product_brand?post=3745"},{"taxonomy":"product_cat","embeddable":true,"href":"https:\/\/easyliferobo.com\/de\/wp-json\/wp\/v2\/product_cat?post=3745"},{"taxonomy":"product_tag","embeddable":true,"href":"https:\/\/easyliferobo.com\/de\/wp-json\/wp\/v2\/product_tag?post=3745"}],"curies":[{"name":"wp","href":"https:\/\/api.w.org\/{rel}","templated":true}]}}