
{"id":3730,"date":"2026-02-27T10:02:03","date_gmt":"2026-02-27T10:02:03","guid":{"rendered":"https:\/\/easyliferobo.com\/de\/product\/dobar-roboter-rasenmaeher-garage-aus-holz-mit-abnehmbarem-dach-rasenroboter-unterstand-mit-individualisierbarem-schild-785-x-74-x-525-cm-weiss-schwarz\/"},"modified":"2026-02-27T10:02:17","modified_gmt":"2026-02-27T10:02:17","slug":"dobar-roboter-rasenmaeher-garage-aus-holz-mit-abnehmbarem-dach-rasenroboter-unterstand-mit-individualisierbarem-schild-785-x-74-x-525-cm-weiss-schwarz","status":"publish","type":"product","link":"https:\/\/easyliferobo.com\/de\/product\/dobar-roboter-rasenmaeher-garage-aus-holz-mit-abnehmbarem-dach-rasenroboter-unterstand-mit-individualisierbarem-schild-785-x-74-x-525-cm-weiss-schwarz\/","title":{"rendered":"dobar\u00ae Roboter-Rasenm\u00e4her-Garage ..."},"content":{"rendered":"<p>\n                                             Vom Hersteller   <\/p>\n<p>                                                  <img decoding=\"async\" alt=\"Lagerung;Roboterm\u00e4hergaragen;M\u00fclltonnenabdeckung;Gartentruhe;Aufbewahrungsbox;Garten;Ordnung\" src=\"https:\/\/images-na.ssl-images-amazon.com\/images\/G\/01\/x-locale\/common\/grey-pixel.gif\" class=\"a-lazy-loaded\" data-src=\"https:\/\/m.media-amazon.com\/images\/S\/aplus-media-library-service-media\/dc42ab6e-f9c7-4bd6-b26a-b9d023e18fb0.__CR0,43,1464,453_PT0_SX970_V1___.jpg\"><img decoding=\"async\" alt=\"Lagerung;Roboterm\u00e4hergaragen;M\u00fclltonnenabdeckung;Gartentruhe;Aufbewahrungsbox;Garten;Ordnung\" src=\"https:\/\/m.media-amazon.com\/images\/S\/aplus-media-library-service-media\/dc42ab6e-f9c7-4bd6-b26a-b9d023e18fb0.__CR0,43,1464,453_PT0_SX970_V1___.jpg\">  <\/p>\n<h3>  Lagerung in Ihrem Garten <\/h3>\n<p>  Mit den praktischen Helfern von dobar f\u00fcr Ihren Garten sparen Sie Geld und Nerven und haben mehr Zeit f\u00fcr die wirklich wichtigen Dinge! <\/p>\n<p>  Auch im Garten Um den Garten zu Ihrem \u201ezweiten Wohnzimmer\u201c zu machen, muss eine \u00e4hnliche Sauberkeit und Ordnung herrschen wie in Ihrem ersten Wohnzimmer. Mit unseren ausgew\u00e4hlten Produkten ist das Organisieren und Aufr\u00e4umen im Garten im Handumdrehen erledigt. <\/p>\n<p>  F\u00fcr ein sch\u00f6nes, aufger\u00e4umtes Ambiente im Garten oder auf der Terrasse sollte alles, was nicht ben\u00f6tigt wird, sicher und au\u00dferhalb des Blickfeldes aufbewahrt werden. Eine elegante L\u00f6sung f\u00fcr dieses Problem sind unsere Gartenk\u00e4sten und -truhen, die sich dank ihres schlichten Designs harmonisch in jedes Gartenambiente integrieren. Mit unseren Aufbewahrungsboxen k\u00f6nnen Sie Ihre Polsterm\u00f6bel, Kissen und Sitzkissen einfach verstauen und zuverl\u00e4ssig vor Witterungseinfl\u00fcssen sch\u00fctzen. Dar\u00fcber hinaus bieten unsere Gartentruhen mit einem Volumen von bis zu 550 Litern auch Stauraum f\u00fcr andere Gartenutensilien, Werkzeuge oder Spielzeug. Dar\u00fcber hinaus bieten unsere Lagerm\u00f6glichkeiten f\u00fcr den Garten den offensichtlichen Vorteil, dass Sie sich den Weg in den Keller oder in die Garage sparen k\u00f6nnen. <\/p>\n<p>  Bei der Lagerung von Brennholz gibt es einiges zu beachten, damit es in Ihrem Gartenkamin seine optimale Brennleistung entfalten kann. Mit unseren Kaminholzregalen ist die professionelle und wetterfeste Lagerung von Brennholz einfach umzusetzen. Die Regale sind so konzipiert, dass das Brennholz schnellstm\u00f6glich den optimalen Trocknungsgrad erreicht. Dar\u00fcber hinaus sind die Kaminholzregale, wenn sie mit ausreichend Holzscheiten gef\u00fcllt sind, ein rustikaler Blickfang in jedem Garten. <\/p>\n<p>  M\u00e4hroboter sind praktische Helfer im Garten, gerade f\u00fcr gr\u00f6\u00dfere Rasenfl\u00e4chen sind sie ideal geeignet. Doch wie sch\u00fctzt man den Roboter einfach und bequem vor Regen und Sturm? Unsere M\u00e4hroboter-Garagen aus hochwertigem Holz sind die perfekte Erg\u00e4nzung zu Ihrem Rasenm\u00e4hroboter. Neben dem hohen praktischen Nutzen sind die Garagen auch ein sch\u00f6ner Blickfang. <\/p>\n<p>  M\u00fclltonnen sind aus keinem Haushalt mehr wegzudenken. Allerdings sind M\u00fclltonnen leider nicht besonders \u00e4sthetisch und st\u00f6ren das harmonische Gesamtbild des Gartens. Eine tolle L\u00f6sung sind die widerstandsf\u00e4higen M\u00fclltonnenabdeckungen aus unserem Sortiment. Mit unseren M\u00fclltonnenboxen, wahlweise aus wetterfester Weide oder robustem Kunststoff, k\u00f6nnen Sie Ihre M\u00fclltonnen ganz einfach \u201everstecken\u201c und so das Gesamtbild Ihres Gartens vervollst\u00e4ndigen. Die M\u00fclltonnenabdeckungen sind f\u00fcr alle g\u00e4ngigen M\u00fclltonnengr\u00f6\u00dfen (120 und 240 Liter) erh\u00e4ltlich. <\/p>\n<h3 class=\"a-spacing-small\">  Produktmerkmale des Herstellers <\/h3>\n<p class=\"apm-text-center\">\n                                                      <img decoding=\"async\" alt=\"Roboter;Garage;Unterstand;Holz;Deckel;Schild;Holz;zweifarbig;wei\u00df\" src=\"https:\/\/images-na.ssl-images-amazon.com\/images\/G\/01\/x-locale\/common\/grey-pixel.gif\" class=\"a-lazy-loaded\" data-src=\"https:\/\/m.media-amazon.com\/images\/S\/aplus-media-library-service-media\/b515f2ef-cef0-4eec-b258-e9fc37ade42d.__CR455,491,2000,2000_PT0_SX220_V1___.jpg\"><img decoding=\"async\" alt=\"Roboter;Garage;Unterstand;Holz;Deckel;Schild;Holz;zweifarbig;wei\u00df\" src=\"https:\/\/m.media-amazon.com\/images\/S\/aplus-media-library-service-media\/b515f2ef-cef0-4eec-b258-e9fc37ade42d.__CR455,491,2000,2000_PT0_SX220_V1___.jpg\">  <\/p>\n<p>                                                    Optik                                     <\/p>\n<p class=\"a-size-small\"> Ein Baldachin der Extravaganz. Mit dieser Rasenm\u00e4her-\u00dcberdachung k\u00f6nnen Sie einen \u00e4u\u00dferst sch\u00f6nen Akzent im skandinavischen Design in Ihrem Garten setzen. <\/p>\n<p class=\"apm-text-center\">\n                                                      <img decoding=\"async\" alt=\"Nachhaltig, Europa, handgefertigt, regional, Made-in-EU, Produktion\" src=\"https:\/\/images-na.ssl-images-amazon.com\/images\/G\/01\/x-locale\/common\/grey-pixel.gif\" class=\"a-lazy-loaded\" data-src=\"https:\/\/m.media-amazon.com\/images\/S\/aplus-media-library-service-media\/b58e3fdd-853a-4a5d-8143-5097d0628d11.__CR0,58,618,618_PT0_SX220_V1___.jpg\"><img decoding=\"async\" alt=\"Nachhaltig, Europa, handgefertigt, regional, Made-in-EU, Produktion\" src=\"https:\/\/m.media-amazon.com\/images\/S\/aplus-media-library-service-media\/b58e3fdd-853a-4a5d-8143-5097d0628d11.__CR0,58,618,618_PT0_SX220_V1___.jpg\">  <\/p>\n<p>                                                    Qualit\u00e4t                                     <\/p>\n<p class=\"a-size-small\"> Europ\u00e4ische Handarbeit aus europ\u00e4ischem massivem Kiefernholz. Kurze Wege und regionale Rohstoffe f\u00fcr m\u00f6glichst geringen CO\u00b2-Eindruck. <\/p>\n<p class=\"apm-text-center\">\n                                                      <img decoding=\"async\" alt=\"Roboterm\u00e4her-Garage;Deckel;Rasenm\u00e4her;Holz;Rasen;Unterstand;\u00dcberdachung;wei\u00df\" src=\"https:\/\/images-na.ssl-images-amazon.com\/images\/G\/01\/x-locale\/common\/grey-pixel.gif\" class=\"a-lazy-loaded\" data-src=\"https:\/\/m.media-amazon.com\/images\/S\/aplus-media-library-service-media\/f8639ea9-b3dd-4bfd-8948-f0365c2ae925.__CR1402,416,1237,1237_PT0_SX220_V1___.jpg\"><img decoding=\"async\" alt=\"Roboterm\u00e4her-Garage;Deckel;Rasenm\u00e4her;Holz;Rasen;Unterstand;\u00dcberdachung;wei\u00df\" src=\"https:\/\/m.media-amazon.com\/images\/S\/aplus-media-library-service-media\/f8639ea9-b3dd-4bfd-8948-f0365c2ae925.__CR1402,416,1237,1237_PT0_SX220_V1___.jpg\">  <\/p>\n<p>                                                    Praktisch                                     <\/p>\n<p class=\"a-size-small\"> Beschriften Sie das mitgelieferte Schild nach Ihren W\u00fcnschen und geben Sie dem neuen Zuhause f\u00fcr Ihren Rasenm\u00e4her einen personalisierten Namen. <\/p>\n<p class=\"apm-text-center\">\n                                                      <img decoding=\"async\" alt=\"Roboter-Rasenm\u00e4her, Garage, Vordach, Holz, Unterstand, Collage\" src=\"https:\/\/images-na.ssl-images-amazon.com\/images\/G\/01\/x-locale\/common\/grey-pixel.gif\" class=\"a-lazy-loaded\" data-src=\"https:\/\/m.media-amazon.com\/images\/S\/aplus-media-library-service-media\/99d0c472-4d4f-47a5-a3da-ec84e918e0fb.__CR559,279,5585,5585_PT0_SX220_V1___.jpg\"><img decoding=\"async\" alt=\"Roboter-Rasenm\u00e4her, Garage, Vordach, Holz, Unterstand, Collage\" src=\"https:\/\/m.media-amazon.com\/images\/S\/aplus-media-library-service-media\/99d0c472-4d4f-47a5-a3da-ec84e918e0fb.__CR559,279,5585,5585_PT0_SX220_V1___.jpg\">  <\/p>\n<p>                                                    Auswahl                                     <\/p>\n<p class=\"a-size-small\"> Diese praktischen, aber auch dekorativen Autogaragen finden Sie hier bei Amazon in mehreren Farben und k\u00f6nnen ganz einfach nach Hause geliefert werden. <\/p>\n<p>Au\u00dfenma\u00dfe: ca. 78,5 x 74 x 52,5 cm (L x B x H), Innenma\u00dfe: ca. 71 x 66 x 35 cm (B x T x H)<br \/>Die M\u00e4hroboter-Garage bietet zuverl\u00e4ssigen Schutz vor Wind und Wetter<br \/>Das abnehmbare Dach erm\u00f6glicht einen guten Zugang zum Auto in der Garage<br \/>\ud83d\udc9a Das auff\u00e4llige schwarz-wei\u00dfe Design macht die M\u00e4hroboter-Garage zum Hingucker im Garten<br \/>Der Unterstand besteht aus wetterfest lasiertem Fichtenholz (Picea abies, Hauptholzart) aus der EU<\/p>\n<p>[ad_2]<\/p>\n","protected":false},"excerpt":{"rendered":"<p>Vom Hersteller Lagerung in Ihrem Garten Mit den praktischen Helfern von dobar f\u00fcr Ihren Garten sparen Sie Geld und Nerven und haben mehr Zeit f\u00fcr die wirklich wichtigen Dinge! Auch im Garten Um den Garten zu Ihrem \u201ezweiten Wohnzimmer\u201c zu machen, muss eine \u00e4hnliche Sauberkeit und Ordnung herrschen wie in Ihrem ersten Wohnzimmer. Mit unseren [&hellip;]<\/p>\n","protected":false},"featured_media":3731,"comment_status":"open","ping_status":"closed","template":"","meta":{"_aipt_faq_data":""},"store":[],"product_brand":[437],"product_cat":[116],"product_tag":[204],"class_list":{"0":"post-3730","1":"product","2":"type-product","3":"status-publish","4":"has-post-thumbnail","6":"product_brand-dobar","7":"product_cat-innen-aussen-sicherheitsroboter","8":"product_tag-innen-aussen-sicherheitsroboter-fuer-haeuser","10":"first","11":"instock","12":"sale","13":"shipping-taxable","14":"product-type-external"},"yoast_head":"<!-- This site is optimized with the Yoast SEO plugin v27.4 - https:\/\/yoast.com\/product\/yoast-seo-wordpress\/ -->\n<title>dobar\u00ae Roboter-Rasenm\u00e4her-Garage aus Holz mit abnehmbarem Dach, Rasenroboter-Unterstand mit individualisierbarem Schild, 78,5 x 74 x 52,5 cm, wei\u00df\/schwarz - EasyLifeBro<\/title>\n<meta name=\"description\" content=\"Entdecken Sie smarte Roboter f\u00fcr Zuhause, Garten, Bildung und Sicherheit. Vergleichen Sie Saugroboter, Rasenm\u00e4hroboter, KI-Begleitroboter und mehr bei EasyLifeRobo.\" \/>\n<meta name=\"robots\" content=\"index, follow, max-snippet:-1, max-image-preview:large, max-video-preview:-1\" \/>\n<link rel=\"canonical\" href=\"https:\/\/easyliferobo.com\/de\/product\/dobar-roboter-rasenmaeher-garage-aus-holz-mit-abnehmbarem-dach-rasenroboter-unterstand-mit-individualisierbarem-schild-785-x-74-x-525-cm-weiss-schwarz\/\" \/>\n<meta property=\"og:locale\" content=\"de_DE\" \/>\n<meta property=\"og:type\" content=\"article\" \/>\n<meta property=\"og:title\" content=\"dobar\u00ae Roboter-Rasenm\u00e4her-Garage aus Holz mit abnehmbarem Dach, Rasenroboter-Unterstand mit individualisierbarem Schild, 78,5 x 74 x 52,5 cm, wei\u00df\/schwarz - EasyLifeBro\" \/>\n<meta property=\"og:description\" content=\"Entdecken Sie smarte Roboter f\u00fcr Zuhause, Garten, Bildung und Sicherheit. Vergleichen Sie Saugroboter, Rasenm\u00e4hroboter, KI-Begleitroboter und mehr bei EasyLifeRobo.\" \/>\n<meta property=\"og:url\" content=\"https:\/\/easyliferobo.com\/de\/product\/dobar-roboter-rasenmaeher-garage-aus-holz-mit-abnehmbarem-dach-rasenroboter-unterstand-mit-individualisierbarem-schild-785-x-74-x-525-cm-weiss-schwarz\/\" \/>\n<meta property=\"og:site_name\" content=\"EasyLifeBro\" \/>\n<meta property=\"article:modified_time\" content=\"2026-02-27T10:02:17+00:00\" \/>\n<meta property=\"og:image\" content=\"https:\/\/images-na.ssl-images-amazon.com\/images\/G\/01\/x-locale\/common\/grey-pixel.gif\" \/>\n<meta name=\"twitter:card\" content=\"summary_large_image\" \/>\n<meta name=\"twitter:label1\" content=\"Gesch\u00e4tzte Lesezeit\" \/>\n\t<meta name=\"twitter:data1\" content=\"3\u00a0Minuten\" \/>\n<script type=\"application\/ld+json\" class=\"yoast-schema-graph\">{\"@context\":\"https:\\\/\\\/schema.org\",\"@graph\":[{\"@type\":\"WebPage\",\"@id\":\"https:\\\/\\\/easyliferobo.com\\\/de\\\/product\\\/dobar-roboter-rasenmaeher-garage-aus-holz-mit-abnehmbarem-dach-rasenroboter-unterstand-mit-individualisierbarem-schild-785-x-74-x-525-cm-weiss-schwarz\\\/\",\"url\":\"https:\\\/\\\/easyliferobo.com\\\/de\\\/product\\\/dobar-roboter-rasenmaeher-garage-aus-holz-mit-abnehmbarem-dach-rasenroboter-unterstand-mit-individualisierbarem-schild-785-x-74-x-525-cm-weiss-schwarz\\\/\",\"name\":\"dobar\u00ae Roboter-Rasenm\u00e4her-Garage aus Holz mit abnehmbarem Dach, Rasenroboter-Unterstand mit individualisierbarem Schild, 78,5 x 74 x 52,5 cm, wei\u00df\\\/schwarz - EasyLifeBro\",\"isPartOf\":{\"@id\":\"https:\\\/\\\/easyliferobo.com\\\/de\\\/#website\"},\"primaryImageOfPage\":{\"@id\":\"https:\\\/\\\/easyliferobo.com\\\/de\\\/product\\\/dobar-roboter-rasenmaeher-garage-aus-holz-mit-abnehmbarem-dach-rasenroboter-unterstand-mit-individualisierbarem-schild-785-x-74-x-525-cm-weiss-schwarz\\\/#primaryimage\"},\"image\":{\"@id\":\"https:\\\/\\\/easyliferobo.com\\\/de\\\/product\\\/dobar-roboter-rasenmaeher-garage-aus-holz-mit-abnehmbarem-dach-rasenroboter-unterstand-mit-individualisierbarem-schild-785-x-74-x-525-cm-weiss-schwarz\\\/#primaryimage\"},\"thumbnailUrl\":\"https:\\\/\\\/easyliferobo.com\\\/de\\\/wp-content\\\/uploads\\\/2026\\\/02\\\/71-wDCxrViL._AC_SL1500_.jpg\",\"datePublished\":\"2026-02-27T10:02:03+00:00\",\"dateModified\":\"2026-02-27T10:02:17+00:00\",\"description\":\"Entdecken Sie smarte Roboter f\u00fcr Zuhause, Garten, Bildung und Sicherheit. Vergleichen Sie Saugroboter, Rasenm\u00e4hroboter, KI-Begleitroboter und mehr bei EasyLifeRobo.\",\"breadcrumb\":{\"@id\":\"https:\\\/\\\/easyliferobo.com\\\/de\\\/product\\\/dobar-roboter-rasenmaeher-garage-aus-holz-mit-abnehmbarem-dach-rasenroboter-unterstand-mit-individualisierbarem-schild-785-x-74-x-525-cm-weiss-schwarz\\\/#breadcrumb\"},\"inLanguage\":\"de\",\"potentialAction\":[{\"@type\":\"ReadAction\",\"target\":[\"https:\\\/\\\/easyliferobo.com\\\/de\\\/product\\\/dobar-roboter-rasenmaeher-garage-aus-holz-mit-abnehmbarem-dach-rasenroboter-unterstand-mit-individualisierbarem-schild-785-x-74-x-525-cm-weiss-schwarz\\\/\"]}]},{\"@type\":\"ImageObject\",\"inLanguage\":\"de\",\"@id\":\"https:\\\/\\\/easyliferobo.com\\\/de\\\/product\\\/dobar-roboter-rasenmaeher-garage-aus-holz-mit-abnehmbarem-dach-rasenroboter-unterstand-mit-individualisierbarem-schild-785-x-74-x-525-cm-weiss-schwarz\\\/#primaryimage\",\"url\":\"https:\\\/\\\/easyliferobo.com\\\/de\\\/wp-content\\\/uploads\\\/2026\\\/02\\\/71-wDCxrViL._AC_SL1500_.jpg\",\"contentUrl\":\"https:\\\/\\\/easyliferobo.com\\\/de\\\/wp-content\\\/uploads\\\/2026\\\/02\\\/71-wDCxrViL._AC_SL1500_.jpg\",\"width\":1500,\"height\":1047},{\"@type\":\"BreadcrumbList\",\"@id\":\"https:\\\/\\\/easyliferobo.com\\\/de\\\/product\\\/dobar-roboter-rasenmaeher-garage-aus-holz-mit-abnehmbarem-dach-rasenroboter-unterstand-mit-individualisierbarem-schild-785-x-74-x-525-cm-weiss-schwarz\\\/#breadcrumb\",\"itemListElement\":[{\"@type\":\"ListItem\",\"position\":1,\"name\":\"Home\",\"item\":\"https:\\\/\\\/easyliferobo.com\\\/de\\\/\"},{\"@type\":\"ListItem\",\"position\":2,\"name\":\"Shop\",\"item\":\"https:\\\/\\\/easyliferobo.com\\\/de\\\/shop\\\/\"},{\"@type\":\"ListItem\",\"position\":3,\"name\":\"dobar\u00ae Roboter-Rasenm\u00e4her-Garage ...\"}]},{\"@type\":\"WebSite\",\"@id\":\"https:\\\/\\\/easyliferobo.com\\\/de\\\/#website\",\"url\":\"https:\\\/\\\/easyliferobo.com\\\/de\\\/\",\"name\":\"EasyLifeBro\",\"description\":\"Smarte Roboter f\u00fcr Zuhause, Garten &amp; Bildung\",\"publisher\":{\"@id\":\"https:\\\/\\\/easyliferobo.com\\\/de\\\/#organization\"},\"potentialAction\":[{\"@type\":\"SearchAction\",\"target\":{\"@type\":\"EntryPoint\",\"urlTemplate\":\"https:\\\/\\\/easyliferobo.com\\\/de\\\/?s={search_term_string}\"},\"query-input\":{\"@type\":\"PropertyValueSpecification\",\"valueRequired\":true,\"valueName\":\"search_term_string\"}}],\"inLanguage\":\"de\"},{\"@type\":\"Organization\",\"@id\":\"https:\\\/\\\/easyliferobo.com\\\/de\\\/#organization\",\"name\":\"EasyLifeBro\",\"url\":\"https:\\\/\\\/easyliferobo.com\\\/de\\\/\",\"logo\":{\"@type\":\"ImageObject\",\"inLanguage\":\"de\",\"@id\":\"https:\\\/\\\/easyliferobo.com\\\/de\\\/#\\\/schema\\\/logo\\\/image\\\/\",\"url\":\"https:\\\/\\\/easyliferobo.com\\\/de\\\/wp-content\\\/uploads\\\/2026\\\/02\\\/Screenshot-2026-02-22-at-2.25.03-PM.png\",\"contentUrl\":\"https:\\\/\\\/easyliferobo.com\\\/de\\\/wp-content\\\/uploads\\\/2026\\\/02\\\/Screenshot-2026-02-22-at-2.25.03-PM.png\",\"width\":1858,\"height\":430,\"caption\":\"EasyLifeBro\"},\"image\":{\"@id\":\"https:\\\/\\\/easyliferobo.com\\\/de\\\/#\\\/schema\\\/logo\\\/image\\\/\"}}]}<\/script>\n<!-- \/ Yoast SEO plugin. -->","yoast_head_json":{"title":"dobar\u00ae Roboter-Rasenm\u00e4her-Garage aus Holz mit abnehmbarem Dach, Rasenroboter-Unterstand mit individualisierbarem Schild, 78,5 x 74 x 52,5 cm, wei\u00df\/schwarz - EasyLifeBro","description":"Entdecken Sie smarte Roboter f\u00fcr Zuhause, Garten, Bildung und Sicherheit. Vergleichen Sie Saugroboter, Rasenm\u00e4hroboter, KI-Begleitroboter und mehr bei EasyLifeRobo.","robots":{"index":"index","follow":"follow","max-snippet":"max-snippet:-1","max-image-preview":"max-image-preview:large","max-video-preview":"max-video-preview:-1"},"canonical":"https:\/\/easyliferobo.com\/de\/product\/dobar-roboter-rasenmaeher-garage-aus-holz-mit-abnehmbarem-dach-rasenroboter-unterstand-mit-individualisierbarem-schild-785-x-74-x-525-cm-weiss-schwarz\/","og_locale":"de_DE","og_type":"article","og_title":"dobar\u00ae Roboter-Rasenm\u00e4her-Garage aus Holz mit abnehmbarem Dach, Rasenroboter-Unterstand mit individualisierbarem Schild, 78,5 x 74 x 52,5 cm, wei\u00df\/schwarz - EasyLifeBro","og_description":"Entdecken Sie smarte Roboter f\u00fcr Zuhause, Garten, Bildung und Sicherheit. Vergleichen Sie Saugroboter, Rasenm\u00e4hroboter, KI-Begleitroboter und mehr bei EasyLifeRobo.","og_url":"https:\/\/easyliferobo.com\/de\/product\/dobar-roboter-rasenmaeher-garage-aus-holz-mit-abnehmbarem-dach-rasenroboter-unterstand-mit-individualisierbarem-schild-785-x-74-x-525-cm-weiss-schwarz\/","og_site_name":"EasyLifeBro","article_modified_time":"2026-02-27T10:02:17+00:00","og_image":[{"url":"https:\/\/images-na.ssl-images-amazon.com\/images\/G\/01\/x-locale\/common\/grey-pixel.gif","type":"","width":"","height":""}],"twitter_card":"summary_large_image","twitter_misc":{"Gesch\u00e4tzte Lesezeit":"3\u00a0Minuten"},"schema":{"@context":"https:\/\/schema.org","@graph":[{"@type":"WebPage","@id":"https:\/\/easyliferobo.com\/de\/product\/dobar-roboter-rasenmaeher-garage-aus-holz-mit-abnehmbarem-dach-rasenroboter-unterstand-mit-individualisierbarem-schild-785-x-74-x-525-cm-weiss-schwarz\/","url":"https:\/\/easyliferobo.com\/de\/product\/dobar-roboter-rasenmaeher-garage-aus-holz-mit-abnehmbarem-dach-rasenroboter-unterstand-mit-individualisierbarem-schild-785-x-74-x-525-cm-weiss-schwarz\/","name":"dobar\u00ae Roboter-Rasenm\u00e4her-Garage aus Holz mit abnehmbarem Dach, Rasenroboter-Unterstand mit individualisierbarem Schild, 78,5 x 74 x 52,5 cm, wei\u00df\/schwarz - EasyLifeBro","isPartOf":{"@id":"https:\/\/easyliferobo.com\/de\/#website"},"primaryImageOfPage":{"@id":"https:\/\/easyliferobo.com\/de\/product\/dobar-roboter-rasenmaeher-garage-aus-holz-mit-abnehmbarem-dach-rasenroboter-unterstand-mit-individualisierbarem-schild-785-x-74-x-525-cm-weiss-schwarz\/#primaryimage"},"image":{"@id":"https:\/\/easyliferobo.com\/de\/product\/dobar-roboter-rasenmaeher-garage-aus-holz-mit-abnehmbarem-dach-rasenroboter-unterstand-mit-individualisierbarem-schild-785-x-74-x-525-cm-weiss-schwarz\/#primaryimage"},"thumbnailUrl":"https:\/\/easyliferobo.com\/de\/wp-content\/uploads\/2026\/02\/71-wDCxrViL._AC_SL1500_.jpg","datePublished":"2026-02-27T10:02:03+00:00","dateModified":"2026-02-27T10:02:17+00:00","description":"Entdecken Sie smarte Roboter f\u00fcr Zuhause, Garten, Bildung und Sicherheit. Vergleichen Sie Saugroboter, Rasenm\u00e4hroboter, KI-Begleitroboter und mehr bei EasyLifeRobo.","breadcrumb":{"@id":"https:\/\/easyliferobo.com\/de\/product\/dobar-roboter-rasenmaeher-garage-aus-holz-mit-abnehmbarem-dach-rasenroboter-unterstand-mit-individualisierbarem-schild-785-x-74-x-525-cm-weiss-schwarz\/#breadcrumb"},"inLanguage":"de","potentialAction":[{"@type":"ReadAction","target":["https:\/\/easyliferobo.com\/de\/product\/dobar-roboter-rasenmaeher-garage-aus-holz-mit-abnehmbarem-dach-rasenroboter-unterstand-mit-individualisierbarem-schild-785-x-74-x-525-cm-weiss-schwarz\/"]}]},{"@type":"ImageObject","inLanguage":"de","@id":"https:\/\/easyliferobo.com\/de\/product\/dobar-roboter-rasenmaeher-garage-aus-holz-mit-abnehmbarem-dach-rasenroboter-unterstand-mit-individualisierbarem-schild-785-x-74-x-525-cm-weiss-schwarz\/#primaryimage","url":"https:\/\/easyliferobo.com\/de\/wp-content\/uploads\/2026\/02\/71-wDCxrViL._AC_SL1500_.jpg","contentUrl":"https:\/\/easyliferobo.com\/de\/wp-content\/uploads\/2026\/02\/71-wDCxrViL._AC_SL1500_.jpg","width":1500,"height":1047},{"@type":"BreadcrumbList","@id":"https:\/\/easyliferobo.com\/de\/product\/dobar-roboter-rasenmaeher-garage-aus-holz-mit-abnehmbarem-dach-rasenroboter-unterstand-mit-individualisierbarem-schild-785-x-74-x-525-cm-weiss-schwarz\/#breadcrumb","itemListElement":[{"@type":"ListItem","position":1,"name":"Home","item":"https:\/\/easyliferobo.com\/de\/"},{"@type":"ListItem","position":2,"name":"Shop","item":"https:\/\/easyliferobo.com\/de\/shop\/"},{"@type":"ListItem","position":3,"name":"dobar\u00ae Roboter-Rasenm\u00e4her-Garage ..."}]},{"@type":"WebSite","@id":"https:\/\/easyliferobo.com\/de\/#website","url":"https:\/\/easyliferobo.com\/de\/","name":"EasyLifeBro","description":"Smarte Roboter f\u00fcr Zuhause, Garten &amp; Bildung","publisher":{"@id":"https:\/\/easyliferobo.com\/de\/#organization"},"potentialAction":[{"@type":"SearchAction","target":{"@type":"EntryPoint","urlTemplate":"https:\/\/easyliferobo.com\/de\/?s={search_term_string}"},"query-input":{"@type":"PropertyValueSpecification","valueRequired":true,"valueName":"search_term_string"}}],"inLanguage":"de"},{"@type":"Organization","@id":"https:\/\/easyliferobo.com\/de\/#organization","name":"EasyLifeBro","url":"https:\/\/easyliferobo.com\/de\/","logo":{"@type":"ImageObject","inLanguage":"de","@id":"https:\/\/easyliferobo.com\/de\/#\/schema\/logo\/image\/","url":"https:\/\/easyliferobo.com\/de\/wp-content\/uploads\/2026\/02\/Screenshot-2026-02-22-at-2.25.03-PM.png","contentUrl":"https:\/\/easyliferobo.com\/de\/wp-content\/uploads\/2026\/02\/Screenshot-2026-02-22-at-2.25.03-PM.png","width":1858,"height":430,"caption":"EasyLifeBro"},"image":{"@id":"https:\/\/easyliferobo.com\/de\/#\/schema\/logo\/image\/"}}]}},"_links":{"self":[{"href":"https:\/\/easyliferobo.com\/de\/wp-json\/wp\/v2\/product\/3730","targetHints":{"allow":["GET"]}}],"collection":[{"href":"https:\/\/easyliferobo.com\/de\/wp-json\/wp\/v2\/product"}],"about":[{"href":"https:\/\/easyliferobo.com\/de\/wp-json\/wp\/v2\/types\/product"}],"replies":[{"embeddable":true,"href":"https:\/\/easyliferobo.com\/de\/wp-json\/wp\/v2\/comments?post=3730"}],"wp:featuredmedia":[{"embeddable":true,"href":"https:\/\/easyliferobo.com\/de\/wp-json\/wp\/v2\/media\/3731"}],"wp:attachment":[{"href":"https:\/\/easyliferobo.com\/de\/wp-json\/wp\/v2\/media?parent=3730"}],"wp:term":[{"taxonomy":"store","embeddable":true,"href":"https:\/\/easyliferobo.com\/de\/wp-json\/wp\/v2\/store?post=3730"},{"taxonomy":"product_brand","embeddable":true,"href":"https:\/\/easyliferobo.com\/de\/wp-json\/wp\/v2\/product_brand?post=3730"},{"taxonomy":"product_cat","embeddable":true,"href":"https:\/\/easyliferobo.com\/de\/wp-json\/wp\/v2\/product_cat?post=3730"},{"taxonomy":"product_tag","embeddable":true,"href":"https:\/\/easyliferobo.com\/de\/wp-json\/wp\/v2\/product_tag?post=3730"}],"curies":[{"name":"wp","href":"https:\/\/api.w.org\/{rel}","templated":true}]}}