
{"id":3728,"date":"2026-02-27T10:00:52","date_gmt":"2026-02-27T10:00:52","guid":{"rendered":"https:\/\/easyliferobo.com\/de\/product\/vexilar-w7-roboter-staubsauger-mit-wischmopp-2-in-1-4500pa-starker-saugroboter-staubsauger-fernbedienung-alexa-app-sprachsteuerung-automatische-selbstaufladung-roboter-staubsauger-fuer-tierhaare\/"},"modified":"2026-02-27T10:00:55","modified_gmt":"2026-02-27T10:00:55","slug":"vexilar-w7-roboter-staubsauger-mit-wischmopp-2-in-1-4500pa-starker-saugroboter-staubsauger-fernbedienung-alexa-app-sprachsteuerung-automatische-selbstaufladung-roboter-staubsauger-fuer-tierhaare","status":"publish","type":"product","link":"https:\/\/easyliferobo.com\/de\/product\/vexilar-w7-roboter-staubsauger-mit-wischmopp-2-in-1-4500pa-starker-saugroboter-staubsauger-fernbedienung-alexa-app-sprachsteuerung-automatische-selbstaufladung-roboter-staubsauger-fuer-tierhaare\/","title":{"rendered":"Vexilar W7 Roboter-Staubsauger mit ..."},"content":{"rendered":"<p>    <span>Roboterstaubsauger W7<\/span>    <br \/>2-in-1 4500Pa Roboterstaubsauger mit Wischfunktion: Der W7 2-in-1-Roboterstaubsauger und Wischmopp verf\u00fcgt dank seines innovativen Hypermotor-Designs \u00fcber eine beeindruckende Saugleistung von 4500Pa. Perfekt sowohl f\u00fcr Hartb\u00f6den als auch f\u00fcr niedrigflorige Teppiche. Im Lieferumfang sind ein 250-ml-Staubbeh\u00e4lter und ein 230-ml-Wassertank enthalten, die Flecken und versch\u00fcttete Fl\u00fcssigkeiten wirksam bek\u00e4mpfen. F\u00fcr eine individuelle Reinigung k\u00f6nnen Sie au\u00dferdem die Feuchtigkeit des Wischpads mit drei verschiedenen Wasserflusseinstellungen anpassen.<br \/>Lange Laufzeit und automatisches Laden: Mit einem leistungsstarken 2600 mAh Li-Ionen-Akku bietet der W7 Saugroboter eine beeindruckende Reinigungszeit von bis zu 120 Minuten im Auto-Modus und sorgt so f\u00fcr eine gr\u00fcndliche Reinigung ohne Unterbrechungen. Mit der F\u00e4higkeit, ca. Mit einer Fl\u00e4che von ca. 1200 m\u00b2 bew\u00e4ltigt er gro\u00dfe Fl\u00e4chen effizient. Wenn der Akkustand unter 15 % f\u00e4llt oder die Reinigung abgeschlossen ist, kehrt der Staubsauger intelligent zu seiner Ladestation zur\u00fcck, um sich automatisch aufzuladen.<br \/>Schlank und leise: Mit einer H\u00f6he von nur 7,3 cm ist der W7 Saugroboter auf Kompaktheit ausgelegt. Sein 360-Grad-Universalrad erm\u00f6glicht eine m\u00fchelose Bewegung und sorgt f\u00fcr eine gr\u00fcndliche Reinigung in engen R\u00e4umen wie unter Betten, Sofas und Schr\u00e4nken. Mit leisen 55 dB im Silent-Modus schafft es eine ruhige Umgebung, in der Sie sich ohne L\u00e4rmbel\u00e4stigung auf Ihre Aufgaben konzentrieren k\u00f6nnen.<br \/>APP\/FERNBEDIENUNG\/Alexa-Steuerung Der W7-Roboterstaubsauger ist mit Alexa, Siri, IFTTT und Google Assistant kompatibel, sodass Benutzer die Reinigung mit einfachen Sprachbefehlen starten und beenden k\u00f6nnen. Sie k\u00f6nnen Reinigungssitzungen ganz einfach von \u00fcberall aus planen und die Startzeit und den Modus \u00fcber die spezielle App ausw\u00e4hlen. (Hinweis: Der W7-Roboter unterst\u00fctzt nur 2,4-GHz-WLAN.)<br \/>Wie verbinde ich den W7 Cleanova Roboter? 1. Laden Sie die App aus dem Google Store herunter. 2. Klicken Sie auf \u201eGer\u00e4t hinzuf\u00fcgen\u201c und \u00f6ffnen Sie Ihr Bluetooth. 3. Stellen Sie sicher, dass der Roboter eingeschaltet ist und halten Sie die beiden Tasten 5 Sekunden lang gedr\u00fcckt. Die App erkennt den W7-Roboterstaubsauger automatisch und schaltet ihn in die Verbindungsseite ein. 5. Bitte stellen Sie sicher, dass die Verbindung zum 2,4 GHz Wi-Fi 6 hergestellt ist. Warten Sie, bis der Roboter erfolgreich gekoppelt ist<\/p>\n<p>[ad_2]<\/p>\n","protected":false},"excerpt":{"rendered":"<p>Roboterstaubsauger W7 2-in-1 4500Pa Roboterstaubsauger mit Wischfunktion: Der W7 2-in-1-Roboterstaubsauger und Wischmopp verf\u00fcgt dank seines innovativen Hypermotor-Designs \u00fcber eine beeindruckende Saugleistung von 4500Pa. Perfekt sowohl f\u00fcr Hartb\u00f6den als auch f\u00fcr niedrigflorige Teppiche. Im Lieferumfang sind ein 250-ml-Staubbeh\u00e4lter und ein 230-ml-Wassertank enthalten, die Flecken und versch\u00fcttete Fl\u00fcssigkeiten wirksam bek\u00e4mpfen. F\u00fcr eine individuelle Reinigung k\u00f6nnen Sie au\u00dferdem [&hellip;]<\/p>\n","protected":false},"featured_media":3729,"comment_status":"open","ping_status":"closed","template":"","meta":{"_aipt_faq_data":""},"store":[],"product_brand":[236],"product_cat":[28],"product_tag":[120],"class_list":{"0":"post-3728","1":"product","2":"type-product","3":"status-publish","4":"has-post-thumbnail","6":"product_brand-vexilar","7":"product_cat-trending","8":"product_tag-ki-haushaltsroboter-mit-sprachsteuerung","10":"first","11":"instock","12":"shipping-taxable","13":"product-type-external"},"yoast_head":"<!-- This site is optimized with the Yoast SEO plugin v27.4 - https:\/\/yoast.com\/product\/yoast-seo-wordpress\/ -->\n<title>Vexilar W7 Roboter-Staubsauger mit Wischmopp, 2-in-1 4500Pa starker Saugroboter-Staubsauger, Fernbedienung, Alexa\/App\/Sprachsteuerung, automatische Selbstaufladung, Roboter-Staubsauger f\u00fcr Tierhaare, hart - EasyLifeBro<\/title>\n<meta name=\"description\" content=\"Entdecken Sie smarte Roboter f\u00fcr Zuhause, Garten, Bildung und Sicherheit. Vergleichen Sie Saugroboter, Rasenm\u00e4hroboter, KI-Begleitroboter und mehr bei EasyLifeRobo.\" \/>\n<meta name=\"robots\" content=\"index, follow, max-snippet:-1, max-image-preview:large, max-video-preview:-1\" \/>\n<link rel=\"canonical\" href=\"https:\/\/easyliferobo.com\/de\/product\/vexilar-w7-roboter-staubsauger-mit-wischmopp-2-in-1-4500pa-starker-saugroboter-staubsauger-fernbedienung-alexa-app-sprachsteuerung-automatische-selbstaufladung-roboter-staubsauger-fuer-tierhaare\/\" \/>\n<meta property=\"og:locale\" content=\"de_DE\" \/>\n<meta property=\"og:type\" content=\"article\" \/>\n<meta property=\"og:title\" content=\"Vexilar W7 Roboter-Staubsauger mit Wischmopp, 2-in-1 4500Pa starker Saugroboter-Staubsauger, Fernbedienung, Alexa\/App\/Sprachsteuerung, automatische Selbstaufladung, Roboter-Staubsauger f\u00fcr Tierhaare, hart - EasyLifeBro\" \/>\n<meta property=\"og:description\" content=\"Entdecken Sie smarte Roboter f\u00fcr Zuhause, Garten, Bildung und Sicherheit. Vergleichen Sie Saugroboter, Rasenm\u00e4hroboter, KI-Begleitroboter und mehr bei EasyLifeRobo.\" \/>\n<meta property=\"og:url\" content=\"https:\/\/easyliferobo.com\/de\/product\/vexilar-w7-roboter-staubsauger-mit-wischmopp-2-in-1-4500pa-starker-saugroboter-staubsauger-fernbedienung-alexa-app-sprachsteuerung-automatische-selbstaufladung-roboter-staubsauger-fuer-tierhaare\/\" \/>\n<meta property=\"og:site_name\" content=\"EasyLifeBro\" \/>\n<meta property=\"article:modified_time\" content=\"2026-02-27T10:00:55+00:00\" \/>\n<meta name=\"twitter:card\" content=\"summary_large_image\" \/>\n<meta name=\"twitter:label1\" content=\"Gesch\u00e4tzte Lesezeit\" \/>\n\t<meta name=\"twitter:data1\" content=\"2\u00a0Minuten\" \/>\n<script type=\"application\/ld+json\" class=\"yoast-schema-graph\">{\"@context\":\"https:\\\/\\\/schema.org\",\"@graph\":[{\"@type\":\"WebPage\",\"@id\":\"https:\\\/\\\/easyliferobo.com\\\/de\\\/product\\\/vexilar-w7-roboter-staubsauger-mit-wischmopp-2-in-1-4500pa-starker-saugroboter-staubsauger-fernbedienung-alexa-app-sprachsteuerung-automatische-selbstaufladung-roboter-staubsauger-fuer-tierhaare\\\/\",\"url\":\"https:\\\/\\\/easyliferobo.com\\\/de\\\/product\\\/vexilar-w7-roboter-staubsauger-mit-wischmopp-2-in-1-4500pa-starker-saugroboter-staubsauger-fernbedienung-alexa-app-sprachsteuerung-automatische-selbstaufladung-roboter-staubsauger-fuer-tierhaare\\\/\",\"name\":\"Vexilar W7 Roboter-Staubsauger mit Wischmopp, 2-in-1 4500Pa starker Saugroboter-Staubsauger, Fernbedienung, Alexa\\\/App\\\/Sprachsteuerung, automatische Selbstaufladung, Roboter-Staubsauger f\u00fcr Tierhaare, hart - EasyLifeBro\",\"isPartOf\":{\"@id\":\"https:\\\/\\\/easyliferobo.com\\\/de\\\/#website\"},\"primaryImageOfPage\":{\"@id\":\"https:\\\/\\\/easyliferobo.com\\\/de\\\/product\\\/vexilar-w7-roboter-staubsauger-mit-wischmopp-2-in-1-4500pa-starker-saugroboter-staubsauger-fernbedienung-alexa-app-sprachsteuerung-automatische-selbstaufladung-roboter-staubsauger-fuer-tierhaare\\\/#primaryimage\"},\"image\":{\"@id\":\"https:\\\/\\\/easyliferobo.com\\\/de\\\/product\\\/vexilar-w7-roboter-staubsauger-mit-wischmopp-2-in-1-4500pa-starker-saugroboter-staubsauger-fernbedienung-alexa-app-sprachsteuerung-automatische-selbstaufladung-roboter-staubsauger-fuer-tierhaare\\\/#primaryimage\"},\"thumbnailUrl\":\"https:\\\/\\\/easyliferobo.com\\\/de\\\/wp-content\\\/uploads\\\/2026\\\/02\\\/81kBkHj4SNL._AC_SL1500_.jpg\",\"datePublished\":\"2026-02-27T10:00:52+00:00\",\"dateModified\":\"2026-02-27T10:00:55+00:00\",\"description\":\"Entdecken Sie smarte Roboter f\u00fcr Zuhause, Garten, Bildung und Sicherheit. Vergleichen Sie Saugroboter, Rasenm\u00e4hroboter, KI-Begleitroboter und mehr bei EasyLifeRobo.\",\"breadcrumb\":{\"@id\":\"https:\\\/\\\/easyliferobo.com\\\/de\\\/product\\\/vexilar-w7-roboter-staubsauger-mit-wischmopp-2-in-1-4500pa-starker-saugroboter-staubsauger-fernbedienung-alexa-app-sprachsteuerung-automatische-selbstaufladung-roboter-staubsauger-fuer-tierhaare\\\/#breadcrumb\"},\"inLanguage\":\"de\",\"potentialAction\":[{\"@type\":\"ReadAction\",\"target\":[\"https:\\\/\\\/easyliferobo.com\\\/de\\\/product\\\/vexilar-w7-roboter-staubsauger-mit-wischmopp-2-in-1-4500pa-starker-saugroboter-staubsauger-fernbedienung-alexa-app-sprachsteuerung-automatische-selbstaufladung-roboter-staubsauger-fuer-tierhaare\\\/\"]}]},{\"@type\":\"ImageObject\",\"inLanguage\":\"de\",\"@id\":\"https:\\\/\\\/easyliferobo.com\\\/de\\\/product\\\/vexilar-w7-roboter-staubsauger-mit-wischmopp-2-in-1-4500pa-starker-saugroboter-staubsauger-fernbedienung-alexa-app-sprachsteuerung-automatische-selbstaufladung-roboter-staubsauger-fuer-tierhaare\\\/#primaryimage\",\"url\":\"https:\\\/\\\/easyliferobo.com\\\/de\\\/wp-content\\\/uploads\\\/2026\\\/02\\\/81kBkHj4SNL._AC_SL1500_.jpg\",\"contentUrl\":\"https:\\\/\\\/easyliferobo.com\\\/de\\\/wp-content\\\/uploads\\\/2026\\\/02\\\/81kBkHj4SNL._AC_SL1500_.jpg\",\"width\":1427,\"height\":1447},{\"@type\":\"BreadcrumbList\",\"@id\":\"https:\\\/\\\/easyliferobo.com\\\/de\\\/product\\\/vexilar-w7-roboter-staubsauger-mit-wischmopp-2-in-1-4500pa-starker-saugroboter-staubsauger-fernbedienung-alexa-app-sprachsteuerung-automatische-selbstaufladung-roboter-staubsauger-fuer-tierhaare\\\/#breadcrumb\",\"itemListElement\":[{\"@type\":\"ListItem\",\"position\":1,\"name\":\"Home\",\"item\":\"https:\\\/\\\/easyliferobo.com\\\/de\\\/\"},{\"@type\":\"ListItem\",\"position\":2,\"name\":\"Shop\",\"item\":\"https:\\\/\\\/easyliferobo.com\\\/de\\\/shop\\\/\"},{\"@type\":\"ListItem\",\"position\":3,\"name\":\"Vexilar W7 Roboter-Staubsauger mit ...\"}]},{\"@type\":\"WebSite\",\"@id\":\"https:\\\/\\\/easyliferobo.com\\\/de\\\/#website\",\"url\":\"https:\\\/\\\/easyliferobo.com\\\/de\\\/\",\"name\":\"EasyLifeBro\",\"description\":\"Smarte Roboter f\u00fcr Zuhause, Garten &amp; Bildung\",\"publisher\":{\"@id\":\"https:\\\/\\\/easyliferobo.com\\\/de\\\/#organization\"},\"potentialAction\":[{\"@type\":\"SearchAction\",\"target\":{\"@type\":\"EntryPoint\",\"urlTemplate\":\"https:\\\/\\\/easyliferobo.com\\\/de\\\/?s={search_term_string}\"},\"query-input\":{\"@type\":\"PropertyValueSpecification\",\"valueRequired\":true,\"valueName\":\"search_term_string\"}}],\"inLanguage\":\"de\"},{\"@type\":\"Organization\",\"@id\":\"https:\\\/\\\/easyliferobo.com\\\/de\\\/#organization\",\"name\":\"EasyLifeBro\",\"url\":\"https:\\\/\\\/easyliferobo.com\\\/de\\\/\",\"logo\":{\"@type\":\"ImageObject\",\"inLanguage\":\"de\",\"@id\":\"https:\\\/\\\/easyliferobo.com\\\/de\\\/#\\\/schema\\\/logo\\\/image\\\/\",\"url\":\"https:\\\/\\\/easyliferobo.com\\\/de\\\/wp-content\\\/uploads\\\/2026\\\/02\\\/Screenshot-2026-02-22-at-2.25.03-PM.png\",\"contentUrl\":\"https:\\\/\\\/easyliferobo.com\\\/de\\\/wp-content\\\/uploads\\\/2026\\\/02\\\/Screenshot-2026-02-22-at-2.25.03-PM.png\",\"width\":1858,\"height\":430,\"caption\":\"EasyLifeBro\"},\"image\":{\"@id\":\"https:\\\/\\\/easyliferobo.com\\\/de\\\/#\\\/schema\\\/logo\\\/image\\\/\"}}]}<\/script>\n<!-- \/ Yoast SEO plugin. -->","yoast_head_json":{"title":"Vexilar W7 Roboter-Staubsauger mit Wischmopp, 2-in-1 4500Pa starker Saugroboter-Staubsauger, Fernbedienung, Alexa\/App\/Sprachsteuerung, automatische Selbstaufladung, Roboter-Staubsauger f\u00fcr Tierhaare, hart - EasyLifeBro","description":"Entdecken Sie smarte Roboter f\u00fcr Zuhause, Garten, Bildung und Sicherheit. Vergleichen Sie Saugroboter, Rasenm\u00e4hroboter, KI-Begleitroboter und mehr bei EasyLifeRobo.","robots":{"index":"index","follow":"follow","max-snippet":"max-snippet:-1","max-image-preview":"max-image-preview:large","max-video-preview":"max-video-preview:-1"},"canonical":"https:\/\/easyliferobo.com\/de\/product\/vexilar-w7-roboter-staubsauger-mit-wischmopp-2-in-1-4500pa-starker-saugroboter-staubsauger-fernbedienung-alexa-app-sprachsteuerung-automatische-selbstaufladung-roboter-staubsauger-fuer-tierhaare\/","og_locale":"de_DE","og_type":"article","og_title":"Vexilar W7 Roboter-Staubsauger mit Wischmopp, 2-in-1 4500Pa starker Saugroboter-Staubsauger, Fernbedienung, Alexa\/App\/Sprachsteuerung, automatische Selbstaufladung, Roboter-Staubsauger f\u00fcr Tierhaare, hart - EasyLifeBro","og_description":"Entdecken Sie smarte Roboter f\u00fcr Zuhause, Garten, Bildung und Sicherheit. Vergleichen Sie Saugroboter, Rasenm\u00e4hroboter, KI-Begleitroboter und mehr bei EasyLifeRobo.","og_url":"https:\/\/easyliferobo.com\/de\/product\/vexilar-w7-roboter-staubsauger-mit-wischmopp-2-in-1-4500pa-starker-saugroboter-staubsauger-fernbedienung-alexa-app-sprachsteuerung-automatische-selbstaufladung-roboter-staubsauger-fuer-tierhaare\/","og_site_name":"EasyLifeBro","article_modified_time":"2026-02-27T10:00:55+00:00","twitter_card":"summary_large_image","twitter_misc":{"Gesch\u00e4tzte Lesezeit":"2\u00a0Minuten"},"schema":{"@context":"https:\/\/schema.org","@graph":[{"@type":"WebPage","@id":"https:\/\/easyliferobo.com\/de\/product\/vexilar-w7-roboter-staubsauger-mit-wischmopp-2-in-1-4500pa-starker-saugroboter-staubsauger-fernbedienung-alexa-app-sprachsteuerung-automatische-selbstaufladung-roboter-staubsauger-fuer-tierhaare\/","url":"https:\/\/easyliferobo.com\/de\/product\/vexilar-w7-roboter-staubsauger-mit-wischmopp-2-in-1-4500pa-starker-saugroboter-staubsauger-fernbedienung-alexa-app-sprachsteuerung-automatische-selbstaufladung-roboter-staubsauger-fuer-tierhaare\/","name":"Vexilar W7 Roboter-Staubsauger mit Wischmopp, 2-in-1 4500Pa starker Saugroboter-Staubsauger, Fernbedienung, Alexa\/App\/Sprachsteuerung, automatische Selbstaufladung, Roboter-Staubsauger f\u00fcr Tierhaare, hart - EasyLifeBro","isPartOf":{"@id":"https:\/\/easyliferobo.com\/de\/#website"},"primaryImageOfPage":{"@id":"https:\/\/easyliferobo.com\/de\/product\/vexilar-w7-roboter-staubsauger-mit-wischmopp-2-in-1-4500pa-starker-saugroboter-staubsauger-fernbedienung-alexa-app-sprachsteuerung-automatische-selbstaufladung-roboter-staubsauger-fuer-tierhaare\/#primaryimage"},"image":{"@id":"https:\/\/easyliferobo.com\/de\/product\/vexilar-w7-roboter-staubsauger-mit-wischmopp-2-in-1-4500pa-starker-saugroboter-staubsauger-fernbedienung-alexa-app-sprachsteuerung-automatische-selbstaufladung-roboter-staubsauger-fuer-tierhaare\/#primaryimage"},"thumbnailUrl":"https:\/\/easyliferobo.com\/de\/wp-content\/uploads\/2026\/02\/81kBkHj4SNL._AC_SL1500_.jpg","datePublished":"2026-02-27T10:00:52+00:00","dateModified":"2026-02-27T10:00:55+00:00","description":"Entdecken Sie smarte Roboter f\u00fcr Zuhause, Garten, Bildung und Sicherheit. Vergleichen Sie Saugroboter, Rasenm\u00e4hroboter, KI-Begleitroboter und mehr bei EasyLifeRobo.","breadcrumb":{"@id":"https:\/\/easyliferobo.com\/de\/product\/vexilar-w7-roboter-staubsauger-mit-wischmopp-2-in-1-4500pa-starker-saugroboter-staubsauger-fernbedienung-alexa-app-sprachsteuerung-automatische-selbstaufladung-roboter-staubsauger-fuer-tierhaare\/#breadcrumb"},"inLanguage":"de","potentialAction":[{"@type":"ReadAction","target":["https:\/\/easyliferobo.com\/de\/product\/vexilar-w7-roboter-staubsauger-mit-wischmopp-2-in-1-4500pa-starker-saugroboter-staubsauger-fernbedienung-alexa-app-sprachsteuerung-automatische-selbstaufladung-roboter-staubsauger-fuer-tierhaare\/"]}]},{"@type":"ImageObject","inLanguage":"de","@id":"https:\/\/easyliferobo.com\/de\/product\/vexilar-w7-roboter-staubsauger-mit-wischmopp-2-in-1-4500pa-starker-saugroboter-staubsauger-fernbedienung-alexa-app-sprachsteuerung-automatische-selbstaufladung-roboter-staubsauger-fuer-tierhaare\/#primaryimage","url":"https:\/\/easyliferobo.com\/de\/wp-content\/uploads\/2026\/02\/81kBkHj4SNL._AC_SL1500_.jpg","contentUrl":"https:\/\/easyliferobo.com\/de\/wp-content\/uploads\/2026\/02\/81kBkHj4SNL._AC_SL1500_.jpg","width":1427,"height":1447},{"@type":"BreadcrumbList","@id":"https:\/\/easyliferobo.com\/de\/product\/vexilar-w7-roboter-staubsauger-mit-wischmopp-2-in-1-4500pa-starker-saugroboter-staubsauger-fernbedienung-alexa-app-sprachsteuerung-automatische-selbstaufladung-roboter-staubsauger-fuer-tierhaare\/#breadcrumb","itemListElement":[{"@type":"ListItem","position":1,"name":"Home","item":"https:\/\/easyliferobo.com\/de\/"},{"@type":"ListItem","position":2,"name":"Shop","item":"https:\/\/easyliferobo.com\/de\/shop\/"},{"@type":"ListItem","position":3,"name":"Vexilar W7 Roboter-Staubsauger mit ..."}]},{"@type":"WebSite","@id":"https:\/\/easyliferobo.com\/de\/#website","url":"https:\/\/easyliferobo.com\/de\/","name":"EasyLifeBro","description":"Smarte Roboter f\u00fcr Zuhause, Garten &amp; Bildung","publisher":{"@id":"https:\/\/easyliferobo.com\/de\/#organization"},"potentialAction":[{"@type":"SearchAction","target":{"@type":"EntryPoint","urlTemplate":"https:\/\/easyliferobo.com\/de\/?s={search_term_string}"},"query-input":{"@type":"PropertyValueSpecification","valueRequired":true,"valueName":"search_term_string"}}],"inLanguage":"de"},{"@type":"Organization","@id":"https:\/\/easyliferobo.com\/de\/#organization","name":"EasyLifeBro","url":"https:\/\/easyliferobo.com\/de\/","logo":{"@type":"ImageObject","inLanguage":"de","@id":"https:\/\/easyliferobo.com\/de\/#\/schema\/logo\/image\/","url":"https:\/\/easyliferobo.com\/de\/wp-content\/uploads\/2026\/02\/Screenshot-2026-02-22-at-2.25.03-PM.png","contentUrl":"https:\/\/easyliferobo.com\/de\/wp-content\/uploads\/2026\/02\/Screenshot-2026-02-22-at-2.25.03-PM.png","width":1858,"height":430,"caption":"EasyLifeBro"},"image":{"@id":"https:\/\/easyliferobo.com\/de\/#\/schema\/logo\/image\/"}}]}},"_links":{"self":[{"href":"https:\/\/easyliferobo.com\/de\/wp-json\/wp\/v2\/product\/3728","targetHints":{"allow":["GET"]}}],"collection":[{"href":"https:\/\/easyliferobo.com\/de\/wp-json\/wp\/v2\/product"}],"about":[{"href":"https:\/\/easyliferobo.com\/de\/wp-json\/wp\/v2\/types\/product"}],"replies":[{"embeddable":true,"href":"https:\/\/easyliferobo.com\/de\/wp-json\/wp\/v2\/comments?post=3728"}],"wp:featuredmedia":[{"embeddable":true,"href":"https:\/\/easyliferobo.com\/de\/wp-json\/wp\/v2\/media\/3729"}],"wp:attachment":[{"href":"https:\/\/easyliferobo.com\/de\/wp-json\/wp\/v2\/media?parent=3728"}],"wp:term":[{"taxonomy":"store","embeddable":true,"href":"https:\/\/easyliferobo.com\/de\/wp-json\/wp\/v2\/store?post=3728"},{"taxonomy":"product_brand","embeddable":true,"href":"https:\/\/easyliferobo.com\/de\/wp-json\/wp\/v2\/product_brand?post=3728"},{"taxonomy":"product_cat","embeddable":true,"href":"https:\/\/easyliferobo.com\/de\/wp-json\/wp\/v2\/product_cat?post=3728"},{"taxonomy":"product_tag","embeddable":true,"href":"https:\/\/easyliferobo.com\/de\/wp-json\/wp\/v2\/product_tag?post=3728"}],"curies":[{"name":"wp","href":"https:\/\/api.w.org\/{rel}","templated":true}]}}