
{"id":3719,"date":"2026-02-27T09:59:38","date_gmt":"2026-02-27T09:59:38","guid":{"rendered":"https:\/\/easyliferobo.com\/de\/product\/dreame-l10s-ultra-gen-2-saug-und-wischroboter-mit-mopextend-roboswing-technologie-10-000-pa-vormax-saugkraft-haustierfreundlicher-modus\/"},"modified":"2026-02-27T09:59:53","modified_gmt":"2026-02-27T09:59:53","slug":"dreame-l10s-ultra-gen-2-saug-und-wischroboter-mit-mopextend-roboswing-technologie-10-000-pa-vormax-saugkraft-haustierfreundlicher-modus","status":"publish","type":"product","link":"https:\/\/easyliferobo.com\/de\/product\/dreame-l10s-ultra-gen-2-saug-und-wischroboter-mit-mopextend-roboswing-technologie-10-000-pa-vormax-saugkraft-haustierfreundlicher-modus\/","title":{"rendered":"Dreame L10s Ultra Gen 2 Saug- und W..."},"content":{"rendered":"<p>\n                                             Vom Hersteller Das Video zeigt das Produkt im Einsatz. Das Video f\u00fchrt Sie durch die Produkteinrichtung. Das Video vergleicht mehrere Produkte. Das Video zeigt das Auspacken des Produkts. hero-video H\u00e4ndlervideo<\/p>\n<p>                                                                                                                  <img decoding=\"async\" alt=\"L10s Ultra Gen2-DE\" src=\"https:\/\/m.media-amazon.com\/images\/S\/aplus-media-library-service-media\/a30dd1a6-4665-4175-93df-f651fe7de6e1.__CR0,0,1464,600_PT0_SX1464_V1___.jpg\">                                                    <img decoding=\"async\" alt=\"L10s Ultra Gen2-DE\" src=\"https:\/\/m.media-amazon.com\/images\/S\/aplus-media-library-service-media\/952d0797-d7b3-4159-94e0-9973631ce13d.__CR0,0,1464,600_PT0_SX1464_V1___.jpg\">                                                    <img decoding=\"async\" alt=\"L10s Ultra Gen2-DE\" src=\"https:\/\/m.media-amazon.com\/images\/S\/aplus-media-library-service-media\/0ca71d45-75dc-42af-82ff-7ea9d542fbbd.__CR0,0,1464,600_PT0_SX1464_V1___.jpg\">                                                    <img decoding=\"async\" alt=\"L10s Ultra Gen2-DE\" src=\"https:\/\/m.media-amazon.com\/images\/S\/aplus-media-library-service-media\/4db1b217-7ac8-4a85-b184-7084dd65af4d.__CR0,0,1464,600_PT0_SX1464_V1___.jpg\"><br \/>\n                            1 MopExtend-Technologie 2 32 Wasserstufen 3 DuoScrub Wash 4 MopExtend <\/p>\n<p>                                                                                                                  <img decoding=\"async\" alt=\"L10s Ultra Gen2-DE\" src=\"https:\/\/m.media-amazon.com\/images\/S\/aplus-media-library-service-media\/340d5d0f-f819-45d6-ab54-ff48c3139b8e.__CR0,0,1464,600_PT0_SX1464_V1___.jpg\">                                                    <img decoding=\"async\" alt=\"L10s Ultra Gen2-DE\" src=\"https:\/\/m.media-amazon.com\/images\/S\/aplus-media-library-service-media\/76a7cc02-fa81-4c0d-b656-606ddcae4081.__CR0,0,1464,600_PT0_SX1464_V1___.jpg\">                                                    <img decoding=\"async\" alt=\"L10s Ultra Gen2-DE\" src=\"https:\/\/m.media-amazon.com\/images\/S\/aplus-media-library-service-media\/ce14f929-3229-46ee-b61a-d725a0892ed7.__CR0,0,1464,600_PT0_SX1464_V1___.jpg\">                                                    <img decoding=\"async\" alt=\"L10s Ultra Gen2-DE\" src=\"https:\/\/m.media-amazon.com\/images\/S\/aplus-media-library-service-media\/ed8695c3-c192-4030-9abf-723659c2318d.__CR0,0,1464,600_PT0_SX1464_V1___.jpg\"><br \/>\n                            1 10.000 Pa Saugleistung 2 TriCut Brush 3 Haustierzonen 4 Staub- und Haarsammlung <\/p>\n<p>                                                                                                                  <img decoding=\"async\" alt=\"L10s Ultra Gen2-DE\" src=\"https:\/\/m.media-amazon.com\/images\/S\/aplus-media-library-service-media\/07305fd6-2f21-4fc3-916e-66f4f47bf1f9.__CR0,0,1464,600_PT0_SX1464_V1___.jpg\">                                                    <img decoding=\"async\" alt=\"L10s Ultra Gen2-DE\" src=\"https:\/\/m.media-amazon.com\/images\/S\/aplus-media-library-service-media\/6e5becaf-c253-4d16-a01c-d2ca541c7995.__CR0,0,1464,600_PT0_SX1464_V1___.jpg\">                                                    <img decoding=\"async\" alt=\"L10s Ultra Gen2-DE\" src=\"https:\/\/m.media-amazon.com\/images\/S\/aplus-media-library-service-media\/719904c3-b914-4985-aea1-2b5117c2e0dc.__CR0,0,1464,600_PT0_SX1464_V1___.jpg\">                                                    <img decoding=\"async\" alt=\"L10s Ultra Gen2-DE\" src=\"https:\/\/m.media-amazon.com\/images\/S\/aplus-media-library-service-media\/89e95e07-aeaa-4a66-b3d6-60f81a383e92.__CR0,0,1464,600_PT0_SX1464_V1___.jpg\"><br \/>\n                            1 Selbstentleerung 2 Selbstreinigend\/trocknend 3 Automatische Bef\u00fcllung 4 Wasseranschluss-Set <\/p>\n<p>                                                                                                                    <img decoding=\"async\" alt=\"L10s Ultra Gen2-DE\" src=\"https:\/\/m.media-amazon.com\/images\/S\/aplus-media-library-service-media\/7a20e199-ccd5-4c0a-987e-711395890614.__CR0,0,1464,600_PT0_SX1464_V1___.jpg\">                                                    <img decoding=\"async\" alt=\"L10s Ultra Gen2-DE\" src=\"https:\/\/m.media-amazon.com\/images\/S\/aplus-media-library-service-media\/12e2becf-c5c8-4b17-b276-fcda8b9da183.__CR0,0,1464,600_PT0_SX1464_V1___.jpg\">                                                    <img decoding=\"async\" alt=\"L10s Ultra Gen2-DE\" src=\"https:\/\/m.media-amazon.com\/images\/S\/aplus-media-library-service-media\/142bd5f7-0866-4ea5-a86d-ebd4cdbb7a61.__CR0,0,1464,600_PT0_SX1464_V1___.jpg\">                                                    <img decoding=\"async\" alt=\"L10s Ultra Gen2-DE\" src=\"https:\/\/m.media-amazon.com\/images\/S\/aplus-media-library-service-media\/4a12b1e7-3fac-4ed2-b9d1-89b2c9dfb96e.__CR0,0,1464,600_PT0_SX1464_V1___.jpg\">                                                    <img decoding=\"async\" alt=\"L10s Ultra Gen2-DE\" src=\"https:\/\/m.media-amazon.com\/images\/S\/aplus-media-library-service-media\/38c21b46-e8b5-4a91-8fae-64c0a374de3b.__CR0,0,1464,600_PT0_SX1464_V1___.jpg\"><br \/>\n                            1 Teppichreinigung 2 CleanGenius 3 Ma\u00dfgeschneiderte L\u00f6sungen 4 30 % schneller 5 Sprachsteuerung <\/p>\n<p>                                                                                                                  <img decoding=\"async\" alt=\"L10s Ultra Gen2-DE\" src=\"https:\/\/m.media-amazon.com\/images\/S\/aplus-media-library-service-media\/2f30f464-ba00-478f-a17e-f7013621c27e.__CR0,0,1464,600_PT0_SX1464_V1___.jpg\">                                                    <img decoding=\"async\" alt=\"L10s Ultra Gen2-DE\" src=\"https:\/\/m.media-amazon.com\/images\/S\/aplus-media-library-service-media\/f972c677-92ec-4588-a2d8-b466fe161ddb.__CR0,0,1464,600_PT0_SX1464_V1___.jpg\">                                                    <img decoding=\"async\" alt=\"L10s Ultra Gen2-DE\" src=\"https:\/\/m.media-amazon.com\/images\/S\/aplus-media-library-service-media\/027897e6-6c9c-4888-9d59-2fec0b84e01d.__CR0,0,1464,600_PT0_SX1464_V1___.jpg\">                                                    <img decoding=\"async\" alt=\"L10s Ultra Gen2-DE\" src=\"https:\/\/m.media-amazon.com\/images\/S\/aplus-media-library-service-media\/0a32900c-5c21-44b9-bfc0-818504a1ea10.__CR0,0,1464,600_PT0_SX1464_V1___.jpg\"><br \/>\n                            1 Hinderniserkennung 2 Mehrstufige Kartierung 3 Rampeneinstellungen 4 Verbotene Zonen <\/p>\n<h3 class=\"a-text-center aplus-h1 a-text-bold\"> Zubeh\u00f6r <\/h3>\n<p>                         Zum Warenkorb hinzuf\u00fcgen Zum Warenkorb hinzuf\u00fcgen Zum Warenkorb hinzuf\u00fcgen Zum Warenkorb hinzuf\u00fcgen Zum Warenkorb hinzuf\u00fcgen Zum Warenkorb hinzuf\u00fcgen Kundenrezensionen 4,7 von 5 Sternen 4.147 4,6 von 5 Sternen 167 3,8 von 5 Sternen 3.411 4,5 von 5 Sternen 65 4,6 von 5 Sternen 176 4,5 von 5 Sternen 90 4,3 von 5 Sternen 33 Preis 13,99 \u20ac 13,99 \u20ac 27,97 \u20ac 27,97 \u20ac 19,99 \u20ac 19,99 \u20ac 37,99 \u20ac 37,99 \u20ac 12,99 \u20ac 12,99 \u20ac 15,99 \u20ac 15,99 \u20ac \u2014 Anwendbares Modell L10s Ultra Gen 2 L10s Ultra Gen 2 L10s Ultra Gen 2 L10s Ultra Gen 2 L10s Ultra Gen 2 L10s Ultra Gen 2 L10s Ultra Gen 2 Lieferumfang: 1 L x 1 Staubsaugerbeutel x 3 4 x Ersatz-Moppt\u00fccher 1 x TriCut-B\u00fcrste Brosse pour x1 1 x Ersatz-Seitenb\u00fcrste 1 x Ersatzfilter Austauschh\u00e4ufigkeit 1-2 1-2 Monate 3-6 Monate 6-12 Monate 12 Monate 3-6 Monate 6-12 Monate Farbe Wei\u00df Schwarz Grau Schwarz Schwarz Schwarz Grau Hersteller Dreame Dreame tr\u00e4ume, tr\u00e4ume, tr\u00e4ume, tr\u00e4ume, tr\u00e4ume    <\/p>\n<p>MopExtend RoboSwing: Erreichen Sie problemlos enge, schwer zug\u00e4ngliche Bereiche in Ihrem Zuhause und sorgen Sie so f\u00fcr eine gr\u00fcndliche Reinigung<br \/>10.000 Pa Vormax-Saugkraft: Entfesseln Sie eine starke Saugleistung von 10.000 Pa, um Schmutz und Haare zu bek\u00e4mpfen<br \/>Automatisierter Wartungs-Hub: Automatisierte Selbstwartung f\u00fcr bis zu 75 Tage<br \/>Tierfreundliche Pflege: Erkennt und reinigt zweimal gr\u00fcndlich die Bereiche von Haustieren, wodurch die Staubsammlung erh\u00f6ht wird, um Tierhaare aufzufangen, und die Reinigung des Staubbeutels vereinfacht wird<br \/>Personalisierte Reinigung von CleanGenius: Stellen Sie sicher, dass jede Reinigung Ihren Anforderungen entspricht, indem Sie den Wasserstand an bestimmte Verschmutzungen anpassen<br \/>Ma\u00dfgeschneiderte Teppichreinigungsstrategie: Erh\u00f6hung der Teppichsaugleistung, intensive Teppichreinigung, Teppichreinigung zuerst, Teppichvermeidung und anpassbarere Einstellungen erleichtern die Reinigung<br \/>TriCut-B\u00fcrste: Mit der TriCut-B\u00fcrste k\u00f6nnen Sie Ihr Haar einfacher als je zuvor entwirren<\/p>\n<p>[ad_2]<\/p>\n","protected":false},"excerpt":{"rendered":"<p>Vom Hersteller Das Video zeigt das Produkt im Einsatz. Das Video f\u00fchrt Sie durch die Produkteinrichtung. Das Video vergleicht mehrere Produkte. Das Video zeigt das Auspacken des Produkts. hero-video H\u00e4ndlervideo 1 MopExtend-Technologie 2 32 Wasserstufen 3 DuoScrub Wash 4 MopExtend 1 10.000 Pa Saugleistung 2 TriCut Brush 3 Haustierzonen 4 Staub- und Haarsammlung 1 Selbstentleerung [&hellip;]<\/p>\n","protected":false},"featured_media":3720,"comment_status":"open","ping_status":"closed","template":"","meta":{"_aipt_faq_data":""},"store":[],"product_brand":[351],"product_cat":[72],"product_tag":[349],"class_list":{"0":"post-3719","1":"product","2":"type-product","3":"status-publish","4":"has-post-thumbnail","6":"product_brand-dreame","7":"product_cat-saugroboter","8":"product_tag-saugroboter-mit-hoher-saugleistung","10":"first","11":"instock","12":"sale","13":"shipping-taxable","14":"product-type-external"},"yoast_head":"<!-- This site is optimized with the Yoast SEO plugin v27.4 - https:\/\/yoast.com\/product\/yoast-seo-wordpress\/ -->\n<title>Dreame L10s Ultra Gen 2 Saug- und Wischroboter mit MopExtend RoboSwing-Technologie, 10.000 Pa Vormax-Saugkraft, Haustierfreundlicher Modus - EasyLifeBro<\/title>\n<meta name=\"description\" content=\"Entdecken Sie smarte Roboter f\u00fcr Zuhause, Garten, Bildung und Sicherheit. Vergleichen Sie Saugroboter, Rasenm\u00e4hroboter, KI-Begleitroboter und mehr bei EasyLifeRobo.\" \/>\n<meta name=\"robots\" content=\"index, follow, max-snippet:-1, max-image-preview:large, max-video-preview:-1\" \/>\n<link rel=\"canonical\" href=\"https:\/\/easyliferobo.com\/de\/product\/dreame-l10s-ultra-gen-2-saug-und-wischroboter-mit-mopextend-roboswing-technologie-10-000-pa-vormax-saugkraft-haustierfreundlicher-modus\/\" \/>\n<meta property=\"og:locale\" content=\"de_DE\" \/>\n<meta property=\"og:type\" content=\"article\" \/>\n<meta property=\"og:title\" content=\"Dreame L10s Ultra Gen 2 Saug- und Wischroboter mit MopExtend RoboSwing-Technologie, 10.000 Pa Vormax-Saugkraft, Haustierfreundlicher Modus - EasyLifeBro\" \/>\n<meta property=\"og:description\" content=\"Entdecken Sie smarte Roboter f\u00fcr Zuhause, Garten, Bildung und Sicherheit. Vergleichen Sie Saugroboter, Rasenm\u00e4hroboter, KI-Begleitroboter und mehr bei EasyLifeRobo.\" \/>\n<meta property=\"og:url\" content=\"https:\/\/easyliferobo.com\/de\/product\/dreame-l10s-ultra-gen-2-saug-und-wischroboter-mit-mopextend-roboswing-technologie-10-000-pa-vormax-saugkraft-haustierfreundlicher-modus\/\" \/>\n<meta property=\"og:site_name\" content=\"EasyLifeBro\" \/>\n<meta property=\"article:modified_time\" content=\"2026-02-27T09:59:53+00:00\" \/>\n<meta property=\"og:image\" content=\"https:\/\/m.media-amazon.com\/images\/S\/aplus-media-library-service-media\/a30dd1a6-4665-4175-93df-f651fe7de6e1.__CR0,0,1464,600_PT0_SX1464_V1___.jpg\" \/>\n<meta name=\"twitter:card\" content=\"summary_large_image\" \/>\n<meta name=\"twitter:label1\" content=\"Gesch\u00e4tzte Lesezeit\" \/>\n\t<meta name=\"twitter:data1\" content=\"2\u00a0Minuten\" \/>\n<script type=\"application\/ld+json\" class=\"yoast-schema-graph\">{\"@context\":\"https:\\\/\\\/schema.org\",\"@graph\":[{\"@type\":\"WebPage\",\"@id\":\"https:\\\/\\\/easyliferobo.com\\\/de\\\/product\\\/dreame-l10s-ultra-gen-2-saug-und-wischroboter-mit-mopextend-roboswing-technologie-10-000-pa-vormax-saugkraft-haustierfreundlicher-modus\\\/\",\"url\":\"https:\\\/\\\/easyliferobo.com\\\/de\\\/product\\\/dreame-l10s-ultra-gen-2-saug-und-wischroboter-mit-mopextend-roboswing-technologie-10-000-pa-vormax-saugkraft-haustierfreundlicher-modus\\\/\",\"name\":\"Dreame L10s Ultra Gen 2 Saug- und Wischroboter mit MopExtend RoboSwing-Technologie, 10.000 Pa Vormax-Saugkraft, Haustierfreundlicher Modus - EasyLifeBro\",\"isPartOf\":{\"@id\":\"https:\\\/\\\/easyliferobo.com\\\/de\\\/#website\"},\"primaryImageOfPage\":{\"@id\":\"https:\\\/\\\/easyliferobo.com\\\/de\\\/product\\\/dreame-l10s-ultra-gen-2-saug-und-wischroboter-mit-mopextend-roboswing-technologie-10-000-pa-vormax-saugkraft-haustierfreundlicher-modus\\\/#primaryimage\"},\"image\":{\"@id\":\"https:\\\/\\\/easyliferobo.com\\\/de\\\/product\\\/dreame-l10s-ultra-gen-2-saug-und-wischroboter-mit-mopextend-roboswing-technologie-10-000-pa-vormax-saugkraft-haustierfreundlicher-modus\\\/#primaryimage\"},\"thumbnailUrl\":\"https:\\\/\\\/easyliferobo.com\\\/de\\\/wp-content\\\/uploads\\\/2026\\\/02\\\/61QmvScqROL._AC_SL1500_.jpg\",\"datePublished\":\"2026-02-27T09:59:38+00:00\",\"dateModified\":\"2026-02-27T09:59:53+00:00\",\"description\":\"Entdecken Sie smarte Roboter f\u00fcr Zuhause, Garten, Bildung und Sicherheit. Vergleichen Sie Saugroboter, Rasenm\u00e4hroboter, KI-Begleitroboter und mehr bei EasyLifeRobo.\",\"breadcrumb\":{\"@id\":\"https:\\\/\\\/easyliferobo.com\\\/de\\\/product\\\/dreame-l10s-ultra-gen-2-saug-und-wischroboter-mit-mopextend-roboswing-technologie-10-000-pa-vormax-saugkraft-haustierfreundlicher-modus\\\/#breadcrumb\"},\"inLanguage\":\"de\",\"potentialAction\":[{\"@type\":\"ReadAction\",\"target\":[\"https:\\\/\\\/easyliferobo.com\\\/de\\\/product\\\/dreame-l10s-ultra-gen-2-saug-und-wischroboter-mit-mopextend-roboswing-technologie-10-000-pa-vormax-saugkraft-haustierfreundlicher-modus\\\/\"]}]},{\"@type\":\"ImageObject\",\"inLanguage\":\"de\",\"@id\":\"https:\\\/\\\/easyliferobo.com\\\/de\\\/product\\\/dreame-l10s-ultra-gen-2-saug-und-wischroboter-mit-mopextend-roboswing-technologie-10-000-pa-vormax-saugkraft-haustierfreundlicher-modus\\\/#primaryimage\",\"url\":\"https:\\\/\\\/easyliferobo.com\\\/de\\\/wp-content\\\/uploads\\\/2026\\\/02\\\/61QmvScqROL._AC_SL1500_.jpg\",\"contentUrl\":\"https:\\\/\\\/easyliferobo.com\\\/de\\\/wp-content\\\/uploads\\\/2026\\\/02\\\/61QmvScqROL._AC_SL1500_.jpg\",\"width\":1400,\"height\":1500},{\"@type\":\"BreadcrumbList\",\"@id\":\"https:\\\/\\\/easyliferobo.com\\\/de\\\/product\\\/dreame-l10s-ultra-gen-2-saug-und-wischroboter-mit-mopextend-roboswing-technologie-10-000-pa-vormax-saugkraft-haustierfreundlicher-modus\\\/#breadcrumb\",\"itemListElement\":[{\"@type\":\"ListItem\",\"position\":1,\"name\":\"Home\",\"item\":\"https:\\\/\\\/easyliferobo.com\\\/de\\\/\"},{\"@type\":\"ListItem\",\"position\":2,\"name\":\"Shop\",\"item\":\"https:\\\/\\\/easyliferobo.com\\\/de\\\/shop\\\/\"},{\"@type\":\"ListItem\",\"position\":3,\"name\":\"Dreame L10s Ultra Gen 2 Saug- und W...\"}]},{\"@type\":\"WebSite\",\"@id\":\"https:\\\/\\\/easyliferobo.com\\\/de\\\/#website\",\"url\":\"https:\\\/\\\/easyliferobo.com\\\/de\\\/\",\"name\":\"EasyLifeBro\",\"description\":\"Smarte Roboter f\u00fcr Zuhause, Garten &amp; Bildung\",\"publisher\":{\"@id\":\"https:\\\/\\\/easyliferobo.com\\\/de\\\/#organization\"},\"potentialAction\":[{\"@type\":\"SearchAction\",\"target\":{\"@type\":\"EntryPoint\",\"urlTemplate\":\"https:\\\/\\\/easyliferobo.com\\\/de\\\/?s={search_term_string}\"},\"query-input\":{\"@type\":\"PropertyValueSpecification\",\"valueRequired\":true,\"valueName\":\"search_term_string\"}}],\"inLanguage\":\"de\"},{\"@type\":\"Organization\",\"@id\":\"https:\\\/\\\/easyliferobo.com\\\/de\\\/#organization\",\"name\":\"EasyLifeBro\",\"url\":\"https:\\\/\\\/easyliferobo.com\\\/de\\\/\",\"logo\":{\"@type\":\"ImageObject\",\"inLanguage\":\"de\",\"@id\":\"https:\\\/\\\/easyliferobo.com\\\/de\\\/#\\\/schema\\\/logo\\\/image\\\/\",\"url\":\"https:\\\/\\\/easyliferobo.com\\\/de\\\/wp-content\\\/uploads\\\/2026\\\/02\\\/Screenshot-2026-02-22-at-2.25.03-PM.png\",\"contentUrl\":\"https:\\\/\\\/easyliferobo.com\\\/de\\\/wp-content\\\/uploads\\\/2026\\\/02\\\/Screenshot-2026-02-22-at-2.25.03-PM.png\",\"width\":1858,\"height\":430,\"caption\":\"EasyLifeBro\"},\"image\":{\"@id\":\"https:\\\/\\\/easyliferobo.com\\\/de\\\/#\\\/schema\\\/logo\\\/image\\\/\"}}]}<\/script>\n<!-- \/ Yoast SEO plugin. -->","yoast_head_json":{"title":"Dreame L10s Ultra Gen 2 Saug- und Wischroboter mit MopExtend RoboSwing-Technologie, 10.000 Pa Vormax-Saugkraft, Haustierfreundlicher Modus - EasyLifeBro","description":"Entdecken Sie smarte Roboter f\u00fcr Zuhause, Garten, Bildung und Sicherheit. Vergleichen Sie Saugroboter, Rasenm\u00e4hroboter, KI-Begleitroboter und mehr bei EasyLifeRobo.","robots":{"index":"index","follow":"follow","max-snippet":"max-snippet:-1","max-image-preview":"max-image-preview:large","max-video-preview":"max-video-preview:-1"},"canonical":"https:\/\/easyliferobo.com\/de\/product\/dreame-l10s-ultra-gen-2-saug-und-wischroboter-mit-mopextend-roboswing-technologie-10-000-pa-vormax-saugkraft-haustierfreundlicher-modus\/","og_locale":"de_DE","og_type":"article","og_title":"Dreame L10s Ultra Gen 2 Saug- und Wischroboter mit MopExtend RoboSwing-Technologie, 10.000 Pa Vormax-Saugkraft, Haustierfreundlicher Modus - EasyLifeBro","og_description":"Entdecken Sie smarte Roboter f\u00fcr Zuhause, Garten, Bildung und Sicherheit. Vergleichen Sie Saugroboter, Rasenm\u00e4hroboter, KI-Begleitroboter und mehr bei EasyLifeRobo.","og_url":"https:\/\/easyliferobo.com\/de\/product\/dreame-l10s-ultra-gen-2-saug-und-wischroboter-mit-mopextend-roboswing-technologie-10-000-pa-vormax-saugkraft-haustierfreundlicher-modus\/","og_site_name":"EasyLifeBro","article_modified_time":"2026-02-27T09:59:53+00:00","og_image":[{"url":"https:\/\/m.media-amazon.com\/images\/S\/aplus-media-library-service-media\/a30dd1a6-4665-4175-93df-f651fe7de6e1.__CR0,0,1464,600_PT0_SX1464_V1___.jpg","type":"","width":"","height":""}],"twitter_card":"summary_large_image","twitter_misc":{"Gesch\u00e4tzte Lesezeit":"2\u00a0Minuten"},"schema":{"@context":"https:\/\/schema.org","@graph":[{"@type":"WebPage","@id":"https:\/\/easyliferobo.com\/de\/product\/dreame-l10s-ultra-gen-2-saug-und-wischroboter-mit-mopextend-roboswing-technologie-10-000-pa-vormax-saugkraft-haustierfreundlicher-modus\/","url":"https:\/\/easyliferobo.com\/de\/product\/dreame-l10s-ultra-gen-2-saug-und-wischroboter-mit-mopextend-roboswing-technologie-10-000-pa-vormax-saugkraft-haustierfreundlicher-modus\/","name":"Dreame L10s Ultra Gen 2 Saug- und Wischroboter mit MopExtend RoboSwing-Technologie, 10.000 Pa Vormax-Saugkraft, Haustierfreundlicher Modus - EasyLifeBro","isPartOf":{"@id":"https:\/\/easyliferobo.com\/de\/#website"},"primaryImageOfPage":{"@id":"https:\/\/easyliferobo.com\/de\/product\/dreame-l10s-ultra-gen-2-saug-und-wischroboter-mit-mopextend-roboswing-technologie-10-000-pa-vormax-saugkraft-haustierfreundlicher-modus\/#primaryimage"},"image":{"@id":"https:\/\/easyliferobo.com\/de\/product\/dreame-l10s-ultra-gen-2-saug-und-wischroboter-mit-mopextend-roboswing-technologie-10-000-pa-vormax-saugkraft-haustierfreundlicher-modus\/#primaryimage"},"thumbnailUrl":"https:\/\/easyliferobo.com\/de\/wp-content\/uploads\/2026\/02\/61QmvScqROL._AC_SL1500_.jpg","datePublished":"2026-02-27T09:59:38+00:00","dateModified":"2026-02-27T09:59:53+00:00","description":"Entdecken Sie smarte Roboter f\u00fcr Zuhause, Garten, Bildung und Sicherheit. Vergleichen Sie Saugroboter, Rasenm\u00e4hroboter, KI-Begleitroboter und mehr bei EasyLifeRobo.","breadcrumb":{"@id":"https:\/\/easyliferobo.com\/de\/product\/dreame-l10s-ultra-gen-2-saug-und-wischroboter-mit-mopextend-roboswing-technologie-10-000-pa-vormax-saugkraft-haustierfreundlicher-modus\/#breadcrumb"},"inLanguage":"de","potentialAction":[{"@type":"ReadAction","target":["https:\/\/easyliferobo.com\/de\/product\/dreame-l10s-ultra-gen-2-saug-und-wischroboter-mit-mopextend-roboswing-technologie-10-000-pa-vormax-saugkraft-haustierfreundlicher-modus\/"]}]},{"@type":"ImageObject","inLanguage":"de","@id":"https:\/\/easyliferobo.com\/de\/product\/dreame-l10s-ultra-gen-2-saug-und-wischroboter-mit-mopextend-roboswing-technologie-10-000-pa-vormax-saugkraft-haustierfreundlicher-modus\/#primaryimage","url":"https:\/\/easyliferobo.com\/de\/wp-content\/uploads\/2026\/02\/61QmvScqROL._AC_SL1500_.jpg","contentUrl":"https:\/\/easyliferobo.com\/de\/wp-content\/uploads\/2026\/02\/61QmvScqROL._AC_SL1500_.jpg","width":1400,"height":1500},{"@type":"BreadcrumbList","@id":"https:\/\/easyliferobo.com\/de\/product\/dreame-l10s-ultra-gen-2-saug-und-wischroboter-mit-mopextend-roboswing-technologie-10-000-pa-vormax-saugkraft-haustierfreundlicher-modus\/#breadcrumb","itemListElement":[{"@type":"ListItem","position":1,"name":"Home","item":"https:\/\/easyliferobo.com\/de\/"},{"@type":"ListItem","position":2,"name":"Shop","item":"https:\/\/easyliferobo.com\/de\/shop\/"},{"@type":"ListItem","position":3,"name":"Dreame L10s Ultra Gen 2 Saug- und W..."}]},{"@type":"WebSite","@id":"https:\/\/easyliferobo.com\/de\/#website","url":"https:\/\/easyliferobo.com\/de\/","name":"EasyLifeBro","description":"Smarte Roboter f\u00fcr Zuhause, Garten &amp; Bildung","publisher":{"@id":"https:\/\/easyliferobo.com\/de\/#organization"},"potentialAction":[{"@type":"SearchAction","target":{"@type":"EntryPoint","urlTemplate":"https:\/\/easyliferobo.com\/de\/?s={search_term_string}"},"query-input":{"@type":"PropertyValueSpecification","valueRequired":true,"valueName":"search_term_string"}}],"inLanguage":"de"},{"@type":"Organization","@id":"https:\/\/easyliferobo.com\/de\/#organization","name":"EasyLifeBro","url":"https:\/\/easyliferobo.com\/de\/","logo":{"@type":"ImageObject","inLanguage":"de","@id":"https:\/\/easyliferobo.com\/de\/#\/schema\/logo\/image\/","url":"https:\/\/easyliferobo.com\/de\/wp-content\/uploads\/2026\/02\/Screenshot-2026-02-22-at-2.25.03-PM.png","contentUrl":"https:\/\/easyliferobo.com\/de\/wp-content\/uploads\/2026\/02\/Screenshot-2026-02-22-at-2.25.03-PM.png","width":1858,"height":430,"caption":"EasyLifeBro"},"image":{"@id":"https:\/\/easyliferobo.com\/de\/#\/schema\/logo\/image\/"}}]}},"_links":{"self":[{"href":"https:\/\/easyliferobo.com\/de\/wp-json\/wp\/v2\/product\/3719","targetHints":{"allow":["GET"]}}],"collection":[{"href":"https:\/\/easyliferobo.com\/de\/wp-json\/wp\/v2\/product"}],"about":[{"href":"https:\/\/easyliferobo.com\/de\/wp-json\/wp\/v2\/types\/product"}],"replies":[{"embeddable":true,"href":"https:\/\/easyliferobo.com\/de\/wp-json\/wp\/v2\/comments?post=3719"}],"wp:featuredmedia":[{"embeddable":true,"href":"https:\/\/easyliferobo.com\/de\/wp-json\/wp\/v2\/media\/3720"}],"wp:attachment":[{"href":"https:\/\/easyliferobo.com\/de\/wp-json\/wp\/v2\/media?parent=3719"}],"wp:term":[{"taxonomy":"store","embeddable":true,"href":"https:\/\/easyliferobo.com\/de\/wp-json\/wp\/v2\/store?post=3719"},{"taxonomy":"product_brand","embeddable":true,"href":"https:\/\/easyliferobo.com\/de\/wp-json\/wp\/v2\/product_brand?post=3719"},{"taxonomy":"product_cat","embeddable":true,"href":"https:\/\/easyliferobo.com\/de\/wp-json\/wp\/v2\/product_cat?post=3719"},{"taxonomy":"product_tag","embeddable":true,"href":"https:\/\/easyliferobo.com\/de\/wp-json\/wp\/v2\/product_tag?post=3719"}],"curies":[{"name":"wp","href":"https:\/\/api.w.org\/{rel}","templated":true}]}}