
{"id":3695,"date":"2026-02-27T09:57:14","date_gmt":"2026-02-27T09:57:14","guid":{"rendered":"https:\/\/easyliferobo.com\/de\/product\/fensterputzroboter-5600pa-automatischer-fensterroboter-mit-wasserstrahl-fensterroboter-mit-spruehfunktion-fensterputzroboter-elektrischer-fensterputzroboter-rahmenloses-fenster\/"},"modified":"2026-02-27T09:57:36","modified_gmt":"2026-02-27T09:57:36","slug":"fensterputzroboter-5600pa-automatischer-fensterroboter-mit-wasserstrahl-fensterroboter-mit-spruehfunktion-fensterputzroboter-elektrischer-fensterputzroboter-rahmenloses-fenster","status":"publish","type":"product","link":"https:\/\/easyliferobo.com\/de\/product\/fensterputzroboter-5600pa-automatischer-fensterroboter-mit-wasserstrahl-fensterroboter-mit-spruehfunktion-fensterputzroboter-elektrischer-fensterputzroboter-rahmenloses-fenster\/","title":{"rendered":"Fensterputzroboter, 5600Pa automati..."},"content":{"rendered":"<p>\n                                             Produktbeschreibung   <\/p>\n<p>                                                                                                       <img decoding=\"async\" alt=\"Aplus-Inhaltsbild\" src=\"https:\/\/images-na.ssl-images-amazon.com\/images\/G\/01\/x-locale\/common\/grey-pixel.gif\" class=\"a-lazy-loaded\" data-src=\"https:\/\/m.media-amazon.com\/images\/S\/aplus-media-library-service-media\/3bf6182c-97cc-4b1e-ad31-c889c1522d6d.__CR0,0,1464,600_PT0_SX1464_V1___.jpg\"><img decoding=\"async\" alt=\"Aplus-Inhaltsbild\" src=\"https:\/\/m.media-amazon.com\/images\/S\/aplus-media-library-service-media\/3bf6182c-97cc-4b1e-ad31-c889c1522d6d.__CR0,0,1464,600_PT0_SX1464_V1___.jpg\">                                               <\/p>\n<p>                                                                                                       <img decoding=\"async\" alt=\"Der Text lautet \u201eAutomatische Fu\u00dfplanung\u201c, gefolgt von drei nummerierten Schrittsymbolen mit blauen Pfeilbahnen f\u00fcr die automatische Fu\u00dfplanung des Bewegungsablaufs.\" src=\"https:\/\/images-na.ssl-images-amazon.com\/images\/G\/01\/x-locale\/common\/grey-pixel.gif\" class=\"a-lazy-loaded\" data-src=\"https:\/\/m.media-amazon.com\/images\/S\/aplus-media-library-service-media\/42df79a5-a553-46c7-b270-d72e55196371.__CR0,0,1464,600_PT0_SX1464_V1___.jpg\"><img decoding=\"async\" alt=\"Der Text lautet \u201eAutomatische Fu\u00dfplanung\u201c, gefolgt von drei nummerierten Schrittsymbolen mit blauen Pfeilbahnen f\u00fcr die automatische Fu\u00dfplanung des Bewegungsablaufs.\" src=\"https:\/\/m.media-amazon.com\/images\/S\/aplus-media-library-service-media\/42df79a5-a553-46c7-b270-d72e55196371.__CR0,0,1464,600_PT0_SX1464_V1___.jpg\">                                               <\/p>\n<p>                                                                                                       <img decoding=\"async\" alt=\"Der Text lautet \u201eIntelligente Reinigung f\u00fcr ein intelligenteres Leben\u201c. Bild mit geteiltem Bildschirm, das Personen in einem hellen Raum und eine einheitliche Ansicht der Sicherheitskamera zeigt.\" src=\"https:\/\/images-na.ssl-images-amazon.com\/images\/G\/01\/x-locale\/common\/grey-pixel.gif\" class=\"a-lazy-loaded\" data-src=\"https:\/\/m.media-amazon.com\/images\/S\/aplus-media-library-service-media\/0318ac1a-3c0f-4d7c-9583-01de840d9f60.__CR0,0,1464,600_PT0_SX1464_V1___.jpg\"><img decoding=\"async\" alt=\"Der Text lautet \u201eIntelligente Reinigung f\u00fcr ein intelligenteres Leben\u201c. Bild mit geteiltem Bildschirm, das Personen in einem hellen Raum und eine einheitliche Ansicht der Sicherheitskamera zeigt.\" src=\"https:\/\/m.media-amazon.com\/images\/S\/aplus-media-library-service-media\/0318ac1a-3c0f-4d7c-9583-01de840d9f60.__CR0,0,1464,600_PT0_SX1464_V1___.jpg\">                                               <\/p>\n<p>                                                                                                       <img decoding=\"async\" alt=\"Aplus-Inhaltsbild\" src=\"https:\/\/images-na.ssl-images-amazon.com\/images\/G\/01\/x-locale\/common\/grey-pixel.gif\" class=\"a-lazy-loaded\" data-src=\"https:\/\/m.media-amazon.com\/images\/S\/aplus-media-library-service-media\/34bb2c6a-60eb-4472-9408-6df04fe0a981.__CR0,0,1464,600_PT0_SX1464_V1___.jpg\"><img decoding=\"async\" alt=\"Aplus-Inhaltsbild\" src=\"https:\/\/m.media-amazon.com\/images\/S\/aplus-media-library-service-media\/34bb2c6a-60eb-4472-9408-6df04fe0a981.__CR0,0,1464,600_PT0_SX1464_V1___.jpg\">                                               <\/p>\n<p>                                                                                                       <img decoding=\"async\" alt=\"Der Text lautet \u201eReinigung verschiedener Oberfl\u00e4chen\u201c mit den Symbolen: \u201eGlas\u201c, \u201eFliesen\u201c, \u201eSpiegel\u201c, \u201eHolzarten\u201c, \u201eMarmor\u201c. Serie von Bildern zur Reinigung von Oberfl\u00e4chen mit blauen Etiketten.\" src=\"https:\/\/images-na.ssl-images-amazon.com\/images\/G\/01\/x-locale\/common\/grey-pixel.gif\" class=\"a-lazy-loaded\" data-src=\"https:\/\/m.media-amazon.com\/images\/S\/aplus-media-library-service-media\/4d143ab0-b6b9-448f-a756-5e33410e1a05.__CR0,0,1464,600_PT0_SX1464_V1___.jpg\"><img decoding=\"async\" alt=\"Der Text lautet \u201eReinigung verschiedener Oberfl\u00e4chen\u201c mit den Symbolen: \u201eGlas\u201c, \u201eFliesen\u201c, \u201eSpiegel\u201c, \u201eHolzarten\u201c, \u201eMarmor\u201c. Serie von Bildern zur Reinigung von Oberfl\u00e4chen mit blauen Etiketten.\" src=\"https:\/\/m.media-amazon.com\/images\/S\/aplus-media-library-service-media\/4d143ab0-b6b9-448f-a756-5e33410e1a05.__CR0,0,1464,600_PT0_SX1464_V1___.jpg\">                                               <\/p>\n<p>                                                                                                       <img decoding=\"async\" alt=\"Luftreiniger zur Wandmontage mit blauem Licht, das von den Seiten austritt. Elegantes, ovales Design in Wei\u00df, das in der N\u00e4he eines gro\u00dfen Fensters mit Meerblick h\u00e4ngt\" src=\"https:\/\/images-na.ssl-images-amazon.com\/images\/G\/01\/x-locale\/common\/grey-pixel.gif\" class=\"a-lazy-loaded\" data-src=\"https:\/\/m.media-amazon.com\/images\/S\/aplus-media-library-service-media\/3fc32f56-6fa8-4466-b62d-c710768bac7b.__CR0,0,1464,600_PT0_SX1464_V1___.jpg\"><img decoding=\"async\" alt=\"Luftreiniger zur Wandmontage mit blauem Licht, das von den Seiten austritt. Elegantes, ovales Design in Wei\u00df, das in der N\u00e4he eines gro\u00dfen Fensters mit Meerblick h\u00e4ngt\" src=\"https:\/\/m.media-amazon.com\/images\/S\/aplus-media-library-service-media\/3fc32f56-6fa8-4466-b62d-c710768bac7b.__CR0,0,1464,600_PT0_SX1464_V1___.jpg\">                                               <\/p>\n<p>FORTSCHRITTLICHE REINIGUNGSTECHNOLOGIE Der Fensterputzroboter nutzt integrierte Gyro-Navigation und AI 3.0-Pfadplanung, um den effizientesten Reinigungspfad zu erkennen und abzubilden. Dadurch wird eine gr\u00fcndliche, streifenfreie Reinigung aller Fenster- und Glasfl\u00e4chen gew\u00e4hrleistet und jedes Mal ein gl\u00e4nzend sauberes Ergebnis erzielt. Er reinigt 1 Quadratmeter in nur 2 Minuten und erzielt bei gr\u00f6\u00dferen Fenstern noch bessere Ergebnisse.<br \/>STARKE SAUG- &#038; REINIGUNGSLEISTUNG Ausgestattet mit einem leistungsstarken 5600-Pa-Saugmotor, hochwertigen Mikrofasert\u00fcchern und einem Doppelspiral-Reinigungskopf reinigt der Fensterputzroboter Fensterglas effektiv und kratzfrei. Diese leistungsstarke Kombination sorgt daf\u00fcr, dass Ihre Fenster kristallklar und makellos sauber werden.<br \/>VIELSEITIGE REINIGUNGSMODI Dieser vielseitige Reinigungsroboter bietet mehrere Modi, die sich an Ihre Bed\u00fcrfnisse anpassen \u2013 von der punktuellen Reinigung bis zur vollst\u00e4ndigen Fensterreinigung. Der elektrische Fensterreiniger ist auch f\u00fcr schwer zug\u00e4ngliche und hohe Fenster konzipiert und bietet eine flexible L\u00f6sung f\u00fcr jede Reinigungsaufgabe. Geeignet f\u00fcr verschiedene Oberfl\u00e4chen wie Glast\u00fcren, Spiegel und Fliesen.<br \/>Sicherheit und Zuverl\u00e4ssigkeit Der Fensterputzroboter ist mit Anti-Fall-Sensoren und einem sicheren Montagesystem ausgestattet, sodass er zuverl\u00e4ssig auf der Oberfl\u00e4che haftet. Bei einem Stromausfall h\u00e4lt er die Saugleistung \u00fcber 20 Minuten lang aufrecht und gibt f\u00fcr zus\u00e4tzliche Sicherheit ein Alarmsignal ab. Wichtig: Befestigen Sie vor dem Gebrauch immer das Sicherungsseil.<br \/>Einfache Bedienung und Wartung: Die Bedienung des Fensterputzroboters ist besonders benutzerfreundlich. Mit der mitgelieferten Fernbedienung l\u00e4sst sich der automatische Fensterreiniger aus bis zu 10 Metern Entfernung steuern. Der Roboter reinigt das gesamte Fenster automatisch oder kann manuell in drei verschiedene Richtungen gesteuert werden. Die abnehmbaren und waschbaren Reinigungspads erm\u00f6glichen eine einfache und unkomplizierte Wartung.<\/p>\n<p>[ad_2]<\/p>\n","protected":false},"excerpt":{"rendered":"<p>Produktbeschreibung FORTSCHRITTLICHE REINIGUNGSTECHNOLOGIE Der Fensterputzroboter nutzt integrierte Gyro-Navigation und AI 3.0-Pfadplanung, um den effizientesten Reinigungspfad zu erkennen und abzubilden. Dadurch wird eine gr\u00fcndliche, streifenfreie Reinigung aller Fenster- und Glasfl\u00e4chen gew\u00e4hrleistet und jedes Mal ein gl\u00e4nzend sauberes Ergebnis erzielt. Er reinigt 1 Quadratmeter in nur 2 Minuten und erzielt bei gr\u00f6\u00dferen Fenstern noch bessere Ergebnisse.STARKE SAUG- [&hellip;]<\/p>\n","protected":false},"featured_media":3696,"comment_status":"open","ping_status":"closed","template":"","meta":{"_aipt_faq_data":""},"store":[],"product_brand":[],"product_cat":[74],"product_tag":[347],"class_list":{"0":"post-3695","1":"product","2":"type-product","3":"status-publish","4":"has-post-thumbnail","6":"product_cat-fensterreinigungsroboter","7":"product_tag-fensterreinigungsroboter-akku-betrieben","9":"first","10":"instock","11":"shipping-taxable","12":"product-type-external"},"yoast_head":"<!-- This site is optimized with the Yoast SEO plugin v27.0 - https:\/\/yoast.com\/product\/yoast-seo-wordpress\/ -->\n<title>Fensterputzroboter, 5600Pa automatischer Fensterroboter mit Wasserstrahl, Fensterroboter mit Spr\u00fchfunktion, Fensterputzroboter, elektrischer Fensterputzroboter, rahmenloses Fenster - EasyLifeBro<\/title>\n<meta name=\"description\" content=\"Entdecken Sie smarte Roboter f\u00fcr Zuhause, Garten, Bildung und Sicherheit. Vergleichen Sie Saugroboter, Rasenm\u00e4hroboter, KI-Begleitroboter und mehr bei EasyLifeRobo.\" \/>\n<meta name=\"robots\" content=\"index, follow, max-snippet:-1, max-image-preview:large, max-video-preview:-1\" \/>\n<link rel=\"canonical\" href=\"https:\/\/easyliferobo.com\/de\/product\/fensterputzroboter-5600pa-automatischer-fensterroboter-mit-wasserstrahl-fensterroboter-mit-spruehfunktion-fensterputzroboter-elektrischer-fensterputzroboter-rahmenloses-fenster\/\" \/>\n<meta property=\"og:locale\" content=\"de_DE\" \/>\n<meta property=\"og:type\" content=\"article\" \/>\n<meta property=\"og:title\" content=\"Fensterputzroboter, 5600Pa automatischer Fensterroboter mit Wasserstrahl, Fensterroboter mit Spr\u00fchfunktion, Fensterputzroboter, elektrischer Fensterputzroboter, rahmenloses Fenster - EasyLifeBro\" \/>\n<meta property=\"og:description\" content=\"Entdecken Sie smarte Roboter f\u00fcr Zuhause, Garten, Bildung und Sicherheit. Vergleichen Sie Saugroboter, Rasenm\u00e4hroboter, KI-Begleitroboter und mehr bei EasyLifeRobo.\" \/>\n<meta property=\"og:url\" content=\"https:\/\/easyliferobo.com\/de\/product\/fensterputzroboter-5600pa-automatischer-fensterroboter-mit-wasserstrahl-fensterroboter-mit-spruehfunktion-fensterputzroboter-elektrischer-fensterputzroboter-rahmenloses-fenster\/\" \/>\n<meta property=\"og:site_name\" content=\"EasyLifeBro\" \/>\n<meta property=\"article:modified_time\" content=\"2026-02-27T09:57:36+00:00\" \/>\n<meta property=\"og:image\" content=\"https:\/\/images-na.ssl-images-amazon.com\/images\/G\/01\/x-locale\/common\/grey-pixel.gif\" \/>\n<meta name=\"twitter:card\" content=\"summary_large_image\" \/>\n<meta name=\"twitter:label1\" content=\"Gesch\u00e4tzte Lesezeit\" \/>\n\t<meta name=\"twitter:data1\" content=\"1\u00a0Minute\" \/>\n<script type=\"application\/ld+json\" class=\"yoast-schema-graph\">{\"@context\":\"https:\/\/schema.org\",\"@graph\":[{\"@type\":\"WebPage\",\"@id\":\"https:\/\/easyliferobo.com\/de\/product\/fensterputzroboter-5600pa-automatischer-fensterroboter-mit-wasserstrahl-fensterroboter-mit-spruehfunktion-fensterputzroboter-elektrischer-fensterputzroboter-rahmenloses-fenster\/\",\"url\":\"https:\/\/easyliferobo.com\/de\/product\/fensterputzroboter-5600pa-automatischer-fensterroboter-mit-wasserstrahl-fensterroboter-mit-spruehfunktion-fensterputzroboter-elektrischer-fensterputzroboter-rahmenloses-fenster\/\",\"name\":\"Fensterputzroboter, 5600Pa automatischer Fensterroboter mit Wasserstrahl, Fensterroboter mit Spr\u00fchfunktion, Fensterputzroboter, elektrischer Fensterputzroboter, rahmenloses Fenster - EasyLifeBro\",\"isPartOf\":{\"@id\":\"https:\/\/easyliferobo.com\/de\/#website\"},\"primaryImageOfPage\":{\"@id\":\"https:\/\/easyliferobo.com\/de\/product\/fensterputzroboter-5600pa-automatischer-fensterroboter-mit-wasserstrahl-fensterroboter-mit-spruehfunktion-fensterputzroboter-elektrischer-fensterputzroboter-rahmenloses-fenster\/#primaryimage\"},\"image\":{\"@id\":\"https:\/\/easyliferobo.com\/de\/product\/fensterputzroboter-5600pa-automatischer-fensterroboter-mit-wasserstrahl-fensterroboter-mit-spruehfunktion-fensterputzroboter-elektrischer-fensterputzroboter-rahmenloses-fenster\/#primaryimage\"},\"thumbnailUrl\":\"https:\/\/easyliferobo.com\/de\/wp-content\/uploads\/2026\/02\/71VP8NSIIaL._AC_SL1500_.jpg\",\"datePublished\":\"2026-02-27T09:57:14+00:00\",\"dateModified\":\"2026-02-27T09:57:36+00:00\",\"description\":\"Entdecken Sie smarte Roboter f\u00fcr Zuhause, Garten, Bildung und Sicherheit. Vergleichen Sie Saugroboter, Rasenm\u00e4hroboter, KI-Begleitroboter und mehr bei EasyLifeRobo.\",\"breadcrumb\":{\"@id\":\"https:\/\/easyliferobo.com\/de\/product\/fensterputzroboter-5600pa-automatischer-fensterroboter-mit-wasserstrahl-fensterroboter-mit-spruehfunktion-fensterputzroboter-elektrischer-fensterputzroboter-rahmenloses-fenster\/#breadcrumb\"},\"inLanguage\":\"de\",\"potentialAction\":[{\"@type\":\"ReadAction\",\"target\":[\"https:\/\/easyliferobo.com\/de\/product\/fensterputzroboter-5600pa-automatischer-fensterroboter-mit-wasserstrahl-fensterroboter-mit-spruehfunktion-fensterputzroboter-elektrischer-fensterputzroboter-rahmenloses-fenster\/\"]}]},{\"@type\":\"ImageObject\",\"inLanguage\":\"de\",\"@id\":\"https:\/\/easyliferobo.com\/de\/product\/fensterputzroboter-5600pa-automatischer-fensterroboter-mit-wasserstrahl-fensterroboter-mit-spruehfunktion-fensterputzroboter-elektrischer-fensterputzroboter-rahmenloses-fenster\/#primaryimage\",\"url\":\"https:\/\/easyliferobo.com\/de\/wp-content\/uploads\/2026\/02\/71VP8NSIIaL._AC_SL1500_.jpg\",\"contentUrl\":\"https:\/\/easyliferobo.com\/de\/wp-content\/uploads\/2026\/02\/71VP8NSIIaL._AC_SL1500_.jpg\",\"width\":1474,\"height\":1500},{\"@type\":\"BreadcrumbList\",\"@id\":\"https:\/\/easyliferobo.com\/de\/product\/fensterputzroboter-5600pa-automatischer-fensterroboter-mit-wasserstrahl-fensterroboter-mit-spruehfunktion-fensterputzroboter-elektrischer-fensterputzroboter-rahmenloses-fenster\/#breadcrumb\",\"itemListElement\":[{\"@type\":\"ListItem\",\"position\":1,\"name\":\"Home\",\"item\":\"https:\/\/easyliferobo.com\/de\/\"},{\"@type\":\"ListItem\",\"position\":2,\"name\":\"Shop\",\"item\":\"https:\/\/easyliferobo.com\/de\/shop\/\"},{\"@type\":\"ListItem\",\"position\":3,\"name\":\"Fensterputzroboter, 5600Pa automati...\"}]},{\"@type\":\"WebSite\",\"@id\":\"https:\/\/easyliferobo.com\/de\/#website\",\"url\":\"https:\/\/easyliferobo.com\/de\/\",\"name\":\"EasyLifeBro\",\"description\":\"Smarte Roboter f\u00fcr Zuhause, Garten &amp; Bildung\",\"publisher\":{\"@id\":\"https:\/\/easyliferobo.com\/de\/#organization\"},\"potentialAction\":[{\"@type\":\"SearchAction\",\"target\":{\"@type\":\"EntryPoint\",\"urlTemplate\":\"https:\/\/easyliferobo.com\/de\/?s={search_term_string}\"},\"query-input\":{\"@type\":\"PropertyValueSpecification\",\"valueRequired\":true,\"valueName\":\"search_term_string\"}}],\"inLanguage\":\"de\"},{\"@type\":\"Organization\",\"@id\":\"https:\/\/easyliferobo.com\/de\/#organization\",\"name\":\"EasyLifeBro\",\"url\":\"https:\/\/easyliferobo.com\/de\/\",\"logo\":{\"@type\":\"ImageObject\",\"inLanguage\":\"de\",\"@id\":\"https:\/\/easyliferobo.com\/de\/#\/schema\/logo\/image\/\",\"url\":\"https:\/\/easyliferobo.com\/de\/wp-content\/uploads\/2026\/02\/Screenshot-2026-02-22-at-2.25.03-PM.png\",\"contentUrl\":\"https:\/\/easyliferobo.com\/de\/wp-content\/uploads\/2026\/02\/Screenshot-2026-02-22-at-2.25.03-PM.png\",\"width\":1858,\"height\":430,\"caption\":\"EasyLifeBro\"},\"image\":{\"@id\":\"https:\/\/easyliferobo.com\/de\/#\/schema\/logo\/image\/\"}}]}<\/script>\n<!-- \/ Yoast SEO plugin. -->","yoast_head_json":{"title":"Fensterputzroboter, 5600Pa automatischer Fensterroboter mit Wasserstrahl, Fensterroboter mit Spr\u00fchfunktion, Fensterputzroboter, elektrischer Fensterputzroboter, rahmenloses Fenster - EasyLifeBro","description":"Entdecken Sie smarte Roboter f\u00fcr Zuhause, Garten, Bildung und Sicherheit. Vergleichen Sie Saugroboter, Rasenm\u00e4hroboter, KI-Begleitroboter und mehr bei EasyLifeRobo.","robots":{"index":"index","follow":"follow","max-snippet":"max-snippet:-1","max-image-preview":"max-image-preview:large","max-video-preview":"max-video-preview:-1"},"canonical":"https:\/\/easyliferobo.com\/de\/product\/fensterputzroboter-5600pa-automatischer-fensterroboter-mit-wasserstrahl-fensterroboter-mit-spruehfunktion-fensterputzroboter-elektrischer-fensterputzroboter-rahmenloses-fenster\/","og_locale":"de_DE","og_type":"article","og_title":"Fensterputzroboter, 5600Pa automatischer Fensterroboter mit Wasserstrahl, Fensterroboter mit Spr\u00fchfunktion, Fensterputzroboter, elektrischer Fensterputzroboter, rahmenloses Fenster - EasyLifeBro","og_description":"Entdecken Sie smarte Roboter f\u00fcr Zuhause, Garten, Bildung und Sicherheit. Vergleichen Sie Saugroboter, Rasenm\u00e4hroboter, KI-Begleitroboter und mehr bei EasyLifeRobo.","og_url":"https:\/\/easyliferobo.com\/de\/product\/fensterputzroboter-5600pa-automatischer-fensterroboter-mit-wasserstrahl-fensterroboter-mit-spruehfunktion-fensterputzroboter-elektrischer-fensterputzroboter-rahmenloses-fenster\/","og_site_name":"EasyLifeBro","article_modified_time":"2026-02-27T09:57:36+00:00","og_image":[{"url":"https:\/\/images-na.ssl-images-amazon.com\/images\/G\/01\/x-locale\/common\/grey-pixel.gif","type":"","width":"","height":""}],"twitter_card":"summary_large_image","twitter_misc":{"Gesch\u00e4tzte Lesezeit":"1\u00a0Minute"},"schema":{"@context":"https:\/\/schema.org","@graph":[{"@type":"WebPage","@id":"https:\/\/easyliferobo.com\/de\/product\/fensterputzroboter-5600pa-automatischer-fensterroboter-mit-wasserstrahl-fensterroboter-mit-spruehfunktion-fensterputzroboter-elektrischer-fensterputzroboter-rahmenloses-fenster\/","url":"https:\/\/easyliferobo.com\/de\/product\/fensterputzroboter-5600pa-automatischer-fensterroboter-mit-wasserstrahl-fensterroboter-mit-spruehfunktion-fensterputzroboter-elektrischer-fensterputzroboter-rahmenloses-fenster\/","name":"Fensterputzroboter, 5600Pa automatischer Fensterroboter mit Wasserstrahl, Fensterroboter mit Spr\u00fchfunktion, Fensterputzroboter, elektrischer Fensterputzroboter, rahmenloses Fenster - EasyLifeBro","isPartOf":{"@id":"https:\/\/easyliferobo.com\/de\/#website"},"primaryImageOfPage":{"@id":"https:\/\/easyliferobo.com\/de\/product\/fensterputzroboter-5600pa-automatischer-fensterroboter-mit-wasserstrahl-fensterroboter-mit-spruehfunktion-fensterputzroboter-elektrischer-fensterputzroboter-rahmenloses-fenster\/#primaryimage"},"image":{"@id":"https:\/\/easyliferobo.com\/de\/product\/fensterputzroboter-5600pa-automatischer-fensterroboter-mit-wasserstrahl-fensterroboter-mit-spruehfunktion-fensterputzroboter-elektrischer-fensterputzroboter-rahmenloses-fenster\/#primaryimage"},"thumbnailUrl":"https:\/\/easyliferobo.com\/de\/wp-content\/uploads\/2026\/02\/71VP8NSIIaL._AC_SL1500_.jpg","datePublished":"2026-02-27T09:57:14+00:00","dateModified":"2026-02-27T09:57:36+00:00","description":"Entdecken Sie smarte Roboter f\u00fcr Zuhause, Garten, Bildung und Sicherheit. Vergleichen Sie Saugroboter, Rasenm\u00e4hroboter, KI-Begleitroboter und mehr bei EasyLifeRobo.","breadcrumb":{"@id":"https:\/\/easyliferobo.com\/de\/product\/fensterputzroboter-5600pa-automatischer-fensterroboter-mit-wasserstrahl-fensterroboter-mit-spruehfunktion-fensterputzroboter-elektrischer-fensterputzroboter-rahmenloses-fenster\/#breadcrumb"},"inLanguage":"de","potentialAction":[{"@type":"ReadAction","target":["https:\/\/easyliferobo.com\/de\/product\/fensterputzroboter-5600pa-automatischer-fensterroboter-mit-wasserstrahl-fensterroboter-mit-spruehfunktion-fensterputzroboter-elektrischer-fensterputzroboter-rahmenloses-fenster\/"]}]},{"@type":"ImageObject","inLanguage":"de","@id":"https:\/\/easyliferobo.com\/de\/product\/fensterputzroboter-5600pa-automatischer-fensterroboter-mit-wasserstrahl-fensterroboter-mit-spruehfunktion-fensterputzroboter-elektrischer-fensterputzroboter-rahmenloses-fenster\/#primaryimage","url":"https:\/\/easyliferobo.com\/de\/wp-content\/uploads\/2026\/02\/71VP8NSIIaL._AC_SL1500_.jpg","contentUrl":"https:\/\/easyliferobo.com\/de\/wp-content\/uploads\/2026\/02\/71VP8NSIIaL._AC_SL1500_.jpg","width":1474,"height":1500},{"@type":"BreadcrumbList","@id":"https:\/\/easyliferobo.com\/de\/product\/fensterputzroboter-5600pa-automatischer-fensterroboter-mit-wasserstrahl-fensterroboter-mit-spruehfunktion-fensterputzroboter-elektrischer-fensterputzroboter-rahmenloses-fenster\/#breadcrumb","itemListElement":[{"@type":"ListItem","position":1,"name":"Home","item":"https:\/\/easyliferobo.com\/de\/"},{"@type":"ListItem","position":2,"name":"Shop","item":"https:\/\/easyliferobo.com\/de\/shop\/"},{"@type":"ListItem","position":3,"name":"Fensterputzroboter, 5600Pa automati..."}]},{"@type":"WebSite","@id":"https:\/\/easyliferobo.com\/de\/#website","url":"https:\/\/easyliferobo.com\/de\/","name":"EasyLifeBro","description":"Smarte Roboter f\u00fcr Zuhause, Garten &amp; Bildung","publisher":{"@id":"https:\/\/easyliferobo.com\/de\/#organization"},"potentialAction":[{"@type":"SearchAction","target":{"@type":"EntryPoint","urlTemplate":"https:\/\/easyliferobo.com\/de\/?s={search_term_string}"},"query-input":{"@type":"PropertyValueSpecification","valueRequired":true,"valueName":"search_term_string"}}],"inLanguage":"de"},{"@type":"Organization","@id":"https:\/\/easyliferobo.com\/de\/#organization","name":"EasyLifeBro","url":"https:\/\/easyliferobo.com\/de\/","logo":{"@type":"ImageObject","inLanguage":"de","@id":"https:\/\/easyliferobo.com\/de\/#\/schema\/logo\/image\/","url":"https:\/\/easyliferobo.com\/de\/wp-content\/uploads\/2026\/02\/Screenshot-2026-02-22-at-2.25.03-PM.png","contentUrl":"https:\/\/easyliferobo.com\/de\/wp-content\/uploads\/2026\/02\/Screenshot-2026-02-22-at-2.25.03-PM.png","width":1858,"height":430,"caption":"EasyLifeBro"},"image":{"@id":"https:\/\/easyliferobo.com\/de\/#\/schema\/logo\/image\/"}}]}},"_links":{"self":[{"href":"https:\/\/easyliferobo.com\/de\/wp-json\/wp\/v2\/product\/3695","targetHints":{"allow":["GET"]}}],"collection":[{"href":"https:\/\/easyliferobo.com\/de\/wp-json\/wp\/v2\/product"}],"about":[{"href":"https:\/\/easyliferobo.com\/de\/wp-json\/wp\/v2\/types\/product"}],"replies":[{"embeddable":true,"href":"https:\/\/easyliferobo.com\/de\/wp-json\/wp\/v2\/comments?post=3695"}],"wp:featuredmedia":[{"embeddable":true,"href":"https:\/\/easyliferobo.com\/de\/wp-json\/wp\/v2\/media\/3696"}],"wp:attachment":[{"href":"https:\/\/easyliferobo.com\/de\/wp-json\/wp\/v2\/media?parent=3695"}],"wp:term":[{"taxonomy":"store","embeddable":true,"href":"https:\/\/easyliferobo.com\/de\/wp-json\/wp\/v2\/store?post=3695"},{"taxonomy":"product_brand","embeddable":true,"href":"https:\/\/easyliferobo.com\/de\/wp-json\/wp\/v2\/product_brand?post=3695"},{"taxonomy":"product_cat","embeddable":true,"href":"https:\/\/easyliferobo.com\/de\/wp-json\/wp\/v2\/product_cat?post=3695"},{"taxonomy":"product_tag","embeddable":true,"href":"https:\/\/easyliferobo.com\/de\/wp-json\/wp\/v2\/product_tag?post=3695"}],"curies":[{"name":"wp","href":"https:\/\/api.w.org\/{rel}","templated":true}]}}