
{"id":3685,"date":"2026-02-27T09:56:14","date_gmt":"2026-02-27T09:56:14","guid":{"rendered":"https:\/\/easyliferobo.com\/de\/product\/pool-roboter-akku-4500-lph-effiziente-reinigung-mit-90-minuten-laufzeit-34-kg-leichter-bodenstaubsauger-einfach-zu-bedienen-und-zu-warten-pool-staubsauger-fuer-pools-mit-flachem-boden\/"},"modified":"2026-02-27T09:56:38","modified_gmt":"2026-02-27T09:56:38","slug":"pool-roboter-akku-4500-lph-effiziente-reinigung-mit-90-minuten-laufzeit-34-kg-leichter-bodenstaubsauger-einfach-zu-bedienen-und-zu-warten-pool-staubsauger-fuer-pools-mit-flachem-boden","status":"publish","type":"product","link":"https:\/\/easyliferobo.com\/de\/product\/pool-roboter-akku-4500-lph-effiziente-reinigung-mit-90-minuten-laufzeit-34-kg-leichter-bodenstaubsauger-einfach-zu-bedienen-und-zu-warten-pool-staubsauger-fuer-pools-mit-flachem-boden\/","title":{"rendered":"Pool-Roboter-Akku, 4500 LPH, effizi..."},"content":{"rendered":"<p>\n                                             Von der Marke   <\/p>\n<p>                                              <img decoding=\"async\" alt=\"Aplus-Inhaltsbild\" src=\"https:\/\/images-na.ssl-images-amazon.com\/images\/G\/01\/x-locale\/common\/grey-pixel.gif\" class=\"a-lazy-loaded\" data-src=\"https:\/\/m.media-amazon.com\/images\/S\/aplus-media-library-service-media\/0e3fca82-ecec-4bb6-8e64-e6a7c0cd2591.__CR0,0,1464,625_PT0_SX1464_V1___.jpg\"><img decoding=\"async\" alt=\"Aplus-Inhaltsbild\" src=\"https:\/\/m.media-amazon.com\/images\/S\/aplus-media-library-service-media\/0e3fca82-ecec-4bb6-8e64-e6a7c0cd2591.__CR0,0,1464,625_PT0_SX1464_V1___.jpg\">  <\/p>\n<p>                                              <img decoding=\"async\" alt=\"Aplus-Inhaltsbild\" src=\"https:\/\/images-na.ssl-images-amazon.com\/images\/G\/01\/x-locale\/common\/grey-pixel.gif\" class=\"a-lazy-loaded\" data-src=\"https:\/\/m.media-amazon.com\/images\/S\/aplus-media-library-service-media\/5ba314a3-e2bf-4536-9890-fcd2edf059ea.__CR0,0,362,453_PT0_SX362_V1___.jpg\"><img decoding=\"async\" alt=\"Aplus-Inhaltsbild\" src=\"https:\/\/m.media-amazon.com\/images\/S\/aplus-media-library-service-media\/5ba314a3-e2bf-4536-9890-fcd2edf059ea.__CR0,0,362,453_PT0_SX362_V1___.jpg\">  <\/p>\n<p>                                              <img decoding=\"async\" alt=\"Der Text lautet \u201eGosvor\u201c. und deutscher Text \u00fcber Poolerlebnisse. Marketingcollage, die eine verzierte Glaskaraffe mit Kronkorken im sozialen Umfeld zeigt.\" src=\"https:\/\/images-na.ssl-images-amazon.com\/images\/G\/01\/x-locale\/common\/grey-pixel.gif\" class=\"a-lazy-loaded\" data-src=\"https:\/\/m.media-amazon.com\/images\/S\/aplus-media-library-service-media\/1d3cc77b-0d21-49b8-90bc-672677d1c90c.__CR0,0,362,453_PT0_SX362_V1___.jpg\"><img decoding=\"async\" alt=\"Der Text lautet \u201eGosvor\u201c. und deutscher Text \u00fcber Poolerlebnisse. Marketingcollage, die eine verzierte Glaskaraffe mit Kronkorken im sozialen Umfeld zeigt.\" src=\"https:\/\/m.media-amazon.com\/images\/S\/aplus-media-library-service-media\/1d3cc77b-0d21-49b8-90bc-672677d1c90c.__CR0,0,362,453_PT0_SX362_V1___.jpg\">  <\/p>\n<h3>  Gosvor LiteVac G1 <\/h3>\n<p class=\"apm-brand-story-stores-link\">\n<h3>  Gosvor LiteVac 800 <\/h3>\n<p class=\"apm-brand-story-stores-link\">\n<p>                                              <img decoding=\"async\" alt=\"Der Text lautet \u201eGosvor f\u00fcr Nachhaltigkeit\u201c. Gr\u00fcne Waldbilder mit \u00f6kologischer Nachhaltigkeitsbotschaft in deutscher Sprache, mit Gosvor-Unternehmensbranding.\" src=\"https:\/\/images-na.ssl-images-amazon.com\/images\/G\/01\/x-locale\/common\/grey-pixel.gif\" class=\"a-lazy-loaded\" data-src=\"https:\/\/m.media-amazon.com\/images\/S\/aplus-media-library-service-media\/8330d073-b28f-40b0-8f9f-6df0a2fab19d.__CR0,0,362,453_PT0_SX362_V1___.jpg\"><img decoding=\"async\" alt=\"Der Text lautet \u201eGosvor f\u00fcr Nachhaltigkeit\u201c. Gr\u00fcne Waldbilder mit \u00f6kologischer Nachhaltigkeitsbotschaft in deutscher Sprache, mit Gosvor-Unternehmensbranding.\" src=\"https:\/\/m.media-amazon.com\/images\/S\/aplus-media-library-service-media\/8330d073-b28f-40b0-8f9f-6df0a2fab19d.__CR0,0,362,453_PT0_SX362_V1___.jpg\">  <\/p>\n<p>                                              <img decoding=\"async\" alt=\"Aplus-Inhaltsbild\" src=\"https:\/\/images-na.ssl-images-amazon.com\/images\/G\/01\/x-locale\/common\/grey-pixel.gif\" class=\"a-lazy-loaded\" data-src=\"https:\/\/m.media-amazon.com\/images\/S\/aplus-media-library-service-media\/1164b3a9-cf92-48f1-879e-19bd72acb056.__CR0,0,362,453_PT0_SX362_V1___.jpg\"><img decoding=\"async\" alt=\"Aplus-Inhaltsbild\" src=\"https:\/\/m.media-amazon.com\/images\/S\/aplus-media-library-service-media\/1164b3a9-cf92-48f1-879e-19bd72acb056.__CR0,0,362,453_PT0_SX362_V1___.jpg\">  <\/p>\n<p>Kabellose effiziente Poolreinigung: Speziell f\u00fcr Poolb\u00f6den entwickelt, entfernt dieser Akku-Poolroboter zuverl\u00e4ssig Schmutz, Sand, Bl\u00e4tter und Partikel. Gleichm\u00e4\u00dfige Bewegung und optimierte Saugleistung reduzieren vernachl\u00e4ssigte Bereiche f\u00fcr eine gleichm\u00e4\u00dfige Bodenreinigung<br \/>Starke Saugkraft und praktische Reichweite: Der Poolroboter mit einer Saugleistung von 4500 LPH f\u00fcr Pools bis 80 m\u00b2. Eine vollst\u00e4ndige Aufladung erm\u00f6glicht eine Laufzeit von bis zu 90 Minuten und eine zuverl\u00e4ssige, t\u00e4gliche Pflege f\u00fcr oberirdische Pools und kleine Einbaubecken mit flachem Boden<br \/>LEICHT UND EIN-KNOPF-BEDIENUNG Mit einem Gewicht von nur 7,5 Pfund kann der Poolsauger einfach mit einer Hand angehoben und entfernt werden. Besonders benutzerfreundlich f\u00fcr \u00e4ltere Menschen und Frauen. Ein-Knopf-Bedienung. Ohne komplexe Einrichtung, f\u00fcr eine einfache und komfortable Nutzung<br \/>Einfaches Design und einfache Pflege: Eine optimierte Innenstruktur verk\u00fcrzt die Wartungszeit und minimiert die St\u00f6ranf\u00e4lligkeit. Weniger Komponenten und feste Verbindungen erh\u00f6hen die Langlebigkeit f\u00fcr den Langzeitgebrauch. Unterst\u00fctzt durch eine 2-j\u00e4hrige Garantie und lebenslangen technischen Support<br \/>Intelligenter Einsteiger-Poolroboter: Der ideale Akku-Poolsauger-Bodensauger f\u00fcr Einsteiger und vielbesch\u00e4ftigte Poolbesitzer. Reduziert manuelles Staubsaugen und l\u00e4sst sich m\u00fchelos und ohne unn\u00f6tige Komplexit\u00e4t in moderne Poolpflegeroutinen integrieren<\/p>\n<p>[ad_2]<\/p>\n","protected":false},"excerpt":{"rendered":"<p>Von der Marke Gosvor LiteVac G1 Gosvor LiteVac 800 Kabellose effiziente Poolreinigung: Speziell f\u00fcr Poolb\u00f6den entwickelt, entfernt dieser Akku-Poolroboter zuverl\u00e4ssig Schmutz, Sand, Bl\u00e4tter und Partikel. Gleichm\u00e4\u00dfige Bewegung und optimierte Saugleistung reduzieren vernachl\u00e4ssigte Bereiche f\u00fcr eine gleichm\u00e4\u00dfige BodenreinigungStarke Saugkraft und praktische Reichweite: Der Poolroboter mit einer Saugleistung von 4500 LPH f\u00fcr Pools bis 80 m\u00b2. Eine [&hellip;]<\/p>\n","protected":false},"featured_media":3686,"comment_status":"open","ping_status":"closed","template":"","meta":{"_aipt_faq_data":""},"store":[],"product_brand":[301],"product_cat":[75],"product_tag":[346],"class_list":{"0":"post-3685","1":"product","2":"type-product","3":"status-publish","4":"has-post-thumbnail","6":"product_brand-gosvor","7":"product_cat-poolroboter","8":"product_tag-poolroboter-energiesparend","10":"first","11":"instock","12":"sale","13":"shipping-taxable","14":"product-type-external"},"yoast_head":"<!-- This site is optimized with the Yoast SEO plugin v27.4 - https:\/\/yoast.com\/product\/yoast-seo-wordpress\/ -->\n<title>Pool-Roboter-Akku, 4500 LPH, effiziente Reinigung mit 90 Minuten Laufzeit, 3,4 kg leichter Bodenstaubsauger, einfach zu bedienen und zu warten, Pool-Staubsauger f\u00fcr Pools mit flachem Boden - EasyLifeBro<\/title>\n<meta name=\"description\" content=\"Entdecken Sie smarte Roboter f\u00fcr Zuhause, Garten, Bildung und Sicherheit. Vergleichen Sie Saugroboter, Rasenm\u00e4hroboter, KI-Begleitroboter und mehr bei EasyLifeRobo.\" \/>\n<meta name=\"robots\" content=\"index, follow, max-snippet:-1, max-image-preview:large, max-video-preview:-1\" \/>\n<link rel=\"canonical\" href=\"https:\/\/easyliferobo.com\/de\/product\/pool-roboter-akku-4500-lph-effiziente-reinigung-mit-90-minuten-laufzeit-34-kg-leichter-bodenstaubsauger-einfach-zu-bedienen-und-zu-warten-pool-staubsauger-fuer-pools-mit-flachem-boden\/\" \/>\n<meta property=\"og:locale\" content=\"de_DE\" \/>\n<meta property=\"og:type\" content=\"article\" \/>\n<meta property=\"og:title\" content=\"Pool-Roboter-Akku, 4500 LPH, effiziente Reinigung mit 90 Minuten Laufzeit, 3,4 kg leichter Bodenstaubsauger, einfach zu bedienen und zu warten, Pool-Staubsauger f\u00fcr Pools mit flachem Boden - EasyLifeBro\" \/>\n<meta property=\"og:description\" content=\"Entdecken Sie smarte Roboter f\u00fcr Zuhause, Garten, Bildung und Sicherheit. Vergleichen Sie Saugroboter, Rasenm\u00e4hroboter, KI-Begleitroboter und mehr bei EasyLifeRobo.\" \/>\n<meta property=\"og:url\" content=\"https:\/\/easyliferobo.com\/de\/product\/pool-roboter-akku-4500-lph-effiziente-reinigung-mit-90-minuten-laufzeit-34-kg-leichter-bodenstaubsauger-einfach-zu-bedienen-und-zu-warten-pool-staubsauger-fuer-pools-mit-flachem-boden\/\" \/>\n<meta property=\"og:site_name\" content=\"EasyLifeBro\" \/>\n<meta property=\"article:modified_time\" content=\"2026-02-27T09:56:38+00:00\" \/>\n<meta property=\"og:image\" content=\"https:\/\/images-na.ssl-images-amazon.com\/images\/G\/01\/x-locale\/common\/grey-pixel.gif\" \/>\n<meta name=\"twitter:card\" content=\"summary_large_image\" \/>\n<meta name=\"twitter:label1\" content=\"Gesch\u00e4tzte Lesezeit\" \/>\n\t<meta name=\"twitter:data1\" content=\"1\u00a0Minute\" \/>\n<script type=\"application\/ld+json\" class=\"yoast-schema-graph\">{\"@context\":\"https:\\\/\\\/schema.org\",\"@graph\":[{\"@type\":\"WebPage\",\"@id\":\"https:\\\/\\\/easyliferobo.com\\\/de\\\/product\\\/pool-roboter-akku-4500-lph-effiziente-reinigung-mit-90-minuten-laufzeit-34-kg-leichter-bodenstaubsauger-einfach-zu-bedienen-und-zu-warten-pool-staubsauger-fuer-pools-mit-flachem-boden\\\/\",\"url\":\"https:\\\/\\\/easyliferobo.com\\\/de\\\/product\\\/pool-roboter-akku-4500-lph-effiziente-reinigung-mit-90-minuten-laufzeit-34-kg-leichter-bodenstaubsauger-einfach-zu-bedienen-und-zu-warten-pool-staubsauger-fuer-pools-mit-flachem-boden\\\/\",\"name\":\"Pool-Roboter-Akku, 4500 LPH, effiziente Reinigung mit 90 Minuten Laufzeit, 3,4 kg leichter Bodenstaubsauger, einfach zu bedienen und zu warten, Pool-Staubsauger f\u00fcr Pools mit flachem Boden - EasyLifeBro\",\"isPartOf\":{\"@id\":\"https:\\\/\\\/easyliferobo.com\\\/de\\\/#website\"},\"primaryImageOfPage\":{\"@id\":\"https:\\\/\\\/easyliferobo.com\\\/de\\\/product\\\/pool-roboter-akku-4500-lph-effiziente-reinigung-mit-90-minuten-laufzeit-34-kg-leichter-bodenstaubsauger-einfach-zu-bedienen-und-zu-warten-pool-staubsauger-fuer-pools-mit-flachem-boden\\\/#primaryimage\"},\"image\":{\"@id\":\"https:\\\/\\\/easyliferobo.com\\\/de\\\/product\\\/pool-roboter-akku-4500-lph-effiziente-reinigung-mit-90-minuten-laufzeit-34-kg-leichter-bodenstaubsauger-einfach-zu-bedienen-und-zu-warten-pool-staubsauger-fuer-pools-mit-flachem-boden\\\/#primaryimage\"},\"thumbnailUrl\":\"https:\\\/\\\/easyliferobo.com\\\/de\\\/wp-content\\\/uploads\\\/2026\\\/02\\\/61yeYurk67L._AC_SL1500_.jpg\",\"datePublished\":\"2026-02-27T09:56:14+00:00\",\"dateModified\":\"2026-02-27T09:56:38+00:00\",\"description\":\"Entdecken Sie smarte Roboter f\u00fcr Zuhause, Garten, Bildung und Sicherheit. Vergleichen Sie Saugroboter, Rasenm\u00e4hroboter, KI-Begleitroboter und mehr bei EasyLifeRobo.\",\"breadcrumb\":{\"@id\":\"https:\\\/\\\/easyliferobo.com\\\/de\\\/product\\\/pool-roboter-akku-4500-lph-effiziente-reinigung-mit-90-minuten-laufzeit-34-kg-leichter-bodenstaubsauger-einfach-zu-bedienen-und-zu-warten-pool-staubsauger-fuer-pools-mit-flachem-boden\\\/#breadcrumb\"},\"inLanguage\":\"de\",\"potentialAction\":[{\"@type\":\"ReadAction\",\"target\":[\"https:\\\/\\\/easyliferobo.com\\\/de\\\/product\\\/pool-roboter-akku-4500-lph-effiziente-reinigung-mit-90-minuten-laufzeit-34-kg-leichter-bodenstaubsauger-einfach-zu-bedienen-und-zu-warten-pool-staubsauger-fuer-pools-mit-flachem-boden\\\/\"]}]},{\"@type\":\"ImageObject\",\"inLanguage\":\"de\",\"@id\":\"https:\\\/\\\/easyliferobo.com\\\/de\\\/product\\\/pool-roboter-akku-4500-lph-effiziente-reinigung-mit-90-minuten-laufzeit-34-kg-leichter-bodenstaubsauger-einfach-zu-bedienen-und-zu-warten-pool-staubsauger-fuer-pools-mit-flachem-boden\\\/#primaryimage\",\"url\":\"https:\\\/\\\/easyliferobo.com\\\/de\\\/wp-content\\\/uploads\\\/2026\\\/02\\\/61yeYurk67L._AC_SL1500_.jpg\",\"contentUrl\":\"https:\\\/\\\/easyliferobo.com\\\/de\\\/wp-content\\\/uploads\\\/2026\\\/02\\\/61yeYurk67L._AC_SL1500_.jpg\",\"width\":1500,\"height\":1340},{\"@type\":\"BreadcrumbList\",\"@id\":\"https:\\\/\\\/easyliferobo.com\\\/de\\\/product\\\/pool-roboter-akku-4500-lph-effiziente-reinigung-mit-90-minuten-laufzeit-34-kg-leichter-bodenstaubsauger-einfach-zu-bedienen-und-zu-warten-pool-staubsauger-fuer-pools-mit-flachem-boden\\\/#breadcrumb\",\"itemListElement\":[{\"@type\":\"ListItem\",\"position\":1,\"name\":\"Home\",\"item\":\"https:\\\/\\\/easyliferobo.com\\\/de\\\/\"},{\"@type\":\"ListItem\",\"position\":2,\"name\":\"Shop\",\"item\":\"https:\\\/\\\/easyliferobo.com\\\/de\\\/shop\\\/\"},{\"@type\":\"ListItem\",\"position\":3,\"name\":\"Pool-Roboter-Akku, 4500 LPH, effizi...\"}]},{\"@type\":\"WebSite\",\"@id\":\"https:\\\/\\\/easyliferobo.com\\\/de\\\/#website\",\"url\":\"https:\\\/\\\/easyliferobo.com\\\/de\\\/\",\"name\":\"EasyLifeBro\",\"description\":\"Smarte Roboter f\u00fcr Zuhause, Garten &amp; Bildung\",\"publisher\":{\"@id\":\"https:\\\/\\\/easyliferobo.com\\\/de\\\/#organization\"},\"potentialAction\":[{\"@type\":\"SearchAction\",\"target\":{\"@type\":\"EntryPoint\",\"urlTemplate\":\"https:\\\/\\\/easyliferobo.com\\\/de\\\/?s={search_term_string}\"},\"query-input\":{\"@type\":\"PropertyValueSpecification\",\"valueRequired\":true,\"valueName\":\"search_term_string\"}}],\"inLanguage\":\"de\"},{\"@type\":\"Organization\",\"@id\":\"https:\\\/\\\/easyliferobo.com\\\/de\\\/#organization\",\"name\":\"EasyLifeBro\",\"url\":\"https:\\\/\\\/easyliferobo.com\\\/de\\\/\",\"logo\":{\"@type\":\"ImageObject\",\"inLanguage\":\"de\",\"@id\":\"https:\\\/\\\/easyliferobo.com\\\/de\\\/#\\\/schema\\\/logo\\\/image\\\/\",\"url\":\"https:\\\/\\\/easyliferobo.com\\\/de\\\/wp-content\\\/uploads\\\/2026\\\/02\\\/Screenshot-2026-02-22-at-2.25.03-PM.png\",\"contentUrl\":\"https:\\\/\\\/easyliferobo.com\\\/de\\\/wp-content\\\/uploads\\\/2026\\\/02\\\/Screenshot-2026-02-22-at-2.25.03-PM.png\",\"width\":1858,\"height\":430,\"caption\":\"EasyLifeBro\"},\"image\":{\"@id\":\"https:\\\/\\\/easyliferobo.com\\\/de\\\/#\\\/schema\\\/logo\\\/image\\\/\"}}]}<\/script>\n<!-- \/ Yoast SEO plugin. -->","yoast_head_json":{"title":"Pool-Roboter-Akku, 4500 LPH, effiziente Reinigung mit 90 Minuten Laufzeit, 3,4 kg leichter Bodenstaubsauger, einfach zu bedienen und zu warten, Pool-Staubsauger f\u00fcr Pools mit flachem Boden - EasyLifeBro","description":"Entdecken Sie smarte Roboter f\u00fcr Zuhause, Garten, Bildung und Sicherheit. Vergleichen Sie Saugroboter, Rasenm\u00e4hroboter, KI-Begleitroboter und mehr bei EasyLifeRobo.","robots":{"index":"index","follow":"follow","max-snippet":"max-snippet:-1","max-image-preview":"max-image-preview:large","max-video-preview":"max-video-preview:-1"},"canonical":"https:\/\/easyliferobo.com\/de\/product\/pool-roboter-akku-4500-lph-effiziente-reinigung-mit-90-minuten-laufzeit-34-kg-leichter-bodenstaubsauger-einfach-zu-bedienen-und-zu-warten-pool-staubsauger-fuer-pools-mit-flachem-boden\/","og_locale":"de_DE","og_type":"article","og_title":"Pool-Roboter-Akku, 4500 LPH, effiziente Reinigung mit 90 Minuten Laufzeit, 3,4 kg leichter Bodenstaubsauger, einfach zu bedienen und zu warten, Pool-Staubsauger f\u00fcr Pools mit flachem Boden - EasyLifeBro","og_description":"Entdecken Sie smarte Roboter f\u00fcr Zuhause, Garten, Bildung und Sicherheit. Vergleichen Sie Saugroboter, Rasenm\u00e4hroboter, KI-Begleitroboter und mehr bei EasyLifeRobo.","og_url":"https:\/\/easyliferobo.com\/de\/product\/pool-roboter-akku-4500-lph-effiziente-reinigung-mit-90-minuten-laufzeit-34-kg-leichter-bodenstaubsauger-einfach-zu-bedienen-und-zu-warten-pool-staubsauger-fuer-pools-mit-flachem-boden\/","og_site_name":"EasyLifeBro","article_modified_time":"2026-02-27T09:56:38+00:00","og_image":[{"url":"https:\/\/images-na.ssl-images-amazon.com\/images\/G\/01\/x-locale\/common\/grey-pixel.gif","type":"","width":"","height":""}],"twitter_card":"summary_large_image","twitter_misc":{"Gesch\u00e4tzte Lesezeit":"1\u00a0Minute"},"schema":{"@context":"https:\/\/schema.org","@graph":[{"@type":"WebPage","@id":"https:\/\/easyliferobo.com\/de\/product\/pool-roboter-akku-4500-lph-effiziente-reinigung-mit-90-minuten-laufzeit-34-kg-leichter-bodenstaubsauger-einfach-zu-bedienen-und-zu-warten-pool-staubsauger-fuer-pools-mit-flachem-boden\/","url":"https:\/\/easyliferobo.com\/de\/product\/pool-roboter-akku-4500-lph-effiziente-reinigung-mit-90-minuten-laufzeit-34-kg-leichter-bodenstaubsauger-einfach-zu-bedienen-und-zu-warten-pool-staubsauger-fuer-pools-mit-flachem-boden\/","name":"Pool-Roboter-Akku, 4500 LPH, effiziente Reinigung mit 90 Minuten Laufzeit, 3,4 kg leichter Bodenstaubsauger, einfach zu bedienen und zu warten, Pool-Staubsauger f\u00fcr Pools mit flachem Boden - EasyLifeBro","isPartOf":{"@id":"https:\/\/easyliferobo.com\/de\/#website"},"primaryImageOfPage":{"@id":"https:\/\/easyliferobo.com\/de\/product\/pool-roboter-akku-4500-lph-effiziente-reinigung-mit-90-minuten-laufzeit-34-kg-leichter-bodenstaubsauger-einfach-zu-bedienen-und-zu-warten-pool-staubsauger-fuer-pools-mit-flachem-boden\/#primaryimage"},"image":{"@id":"https:\/\/easyliferobo.com\/de\/product\/pool-roboter-akku-4500-lph-effiziente-reinigung-mit-90-minuten-laufzeit-34-kg-leichter-bodenstaubsauger-einfach-zu-bedienen-und-zu-warten-pool-staubsauger-fuer-pools-mit-flachem-boden\/#primaryimage"},"thumbnailUrl":"https:\/\/easyliferobo.com\/de\/wp-content\/uploads\/2026\/02\/61yeYurk67L._AC_SL1500_.jpg","datePublished":"2026-02-27T09:56:14+00:00","dateModified":"2026-02-27T09:56:38+00:00","description":"Entdecken Sie smarte Roboter f\u00fcr Zuhause, Garten, Bildung und Sicherheit. Vergleichen Sie Saugroboter, Rasenm\u00e4hroboter, KI-Begleitroboter und mehr bei EasyLifeRobo.","breadcrumb":{"@id":"https:\/\/easyliferobo.com\/de\/product\/pool-roboter-akku-4500-lph-effiziente-reinigung-mit-90-minuten-laufzeit-34-kg-leichter-bodenstaubsauger-einfach-zu-bedienen-und-zu-warten-pool-staubsauger-fuer-pools-mit-flachem-boden\/#breadcrumb"},"inLanguage":"de","potentialAction":[{"@type":"ReadAction","target":["https:\/\/easyliferobo.com\/de\/product\/pool-roboter-akku-4500-lph-effiziente-reinigung-mit-90-minuten-laufzeit-34-kg-leichter-bodenstaubsauger-einfach-zu-bedienen-und-zu-warten-pool-staubsauger-fuer-pools-mit-flachem-boden\/"]}]},{"@type":"ImageObject","inLanguage":"de","@id":"https:\/\/easyliferobo.com\/de\/product\/pool-roboter-akku-4500-lph-effiziente-reinigung-mit-90-minuten-laufzeit-34-kg-leichter-bodenstaubsauger-einfach-zu-bedienen-und-zu-warten-pool-staubsauger-fuer-pools-mit-flachem-boden\/#primaryimage","url":"https:\/\/easyliferobo.com\/de\/wp-content\/uploads\/2026\/02\/61yeYurk67L._AC_SL1500_.jpg","contentUrl":"https:\/\/easyliferobo.com\/de\/wp-content\/uploads\/2026\/02\/61yeYurk67L._AC_SL1500_.jpg","width":1500,"height":1340},{"@type":"BreadcrumbList","@id":"https:\/\/easyliferobo.com\/de\/product\/pool-roboter-akku-4500-lph-effiziente-reinigung-mit-90-minuten-laufzeit-34-kg-leichter-bodenstaubsauger-einfach-zu-bedienen-und-zu-warten-pool-staubsauger-fuer-pools-mit-flachem-boden\/#breadcrumb","itemListElement":[{"@type":"ListItem","position":1,"name":"Home","item":"https:\/\/easyliferobo.com\/de\/"},{"@type":"ListItem","position":2,"name":"Shop","item":"https:\/\/easyliferobo.com\/de\/shop\/"},{"@type":"ListItem","position":3,"name":"Pool-Roboter-Akku, 4500 LPH, effizi..."}]},{"@type":"WebSite","@id":"https:\/\/easyliferobo.com\/de\/#website","url":"https:\/\/easyliferobo.com\/de\/","name":"EasyLifeBro","description":"Smarte Roboter f\u00fcr Zuhause, Garten &amp; Bildung","publisher":{"@id":"https:\/\/easyliferobo.com\/de\/#organization"},"potentialAction":[{"@type":"SearchAction","target":{"@type":"EntryPoint","urlTemplate":"https:\/\/easyliferobo.com\/de\/?s={search_term_string}"},"query-input":{"@type":"PropertyValueSpecification","valueRequired":true,"valueName":"search_term_string"}}],"inLanguage":"de"},{"@type":"Organization","@id":"https:\/\/easyliferobo.com\/de\/#organization","name":"EasyLifeBro","url":"https:\/\/easyliferobo.com\/de\/","logo":{"@type":"ImageObject","inLanguage":"de","@id":"https:\/\/easyliferobo.com\/de\/#\/schema\/logo\/image\/","url":"https:\/\/easyliferobo.com\/de\/wp-content\/uploads\/2026\/02\/Screenshot-2026-02-22-at-2.25.03-PM.png","contentUrl":"https:\/\/easyliferobo.com\/de\/wp-content\/uploads\/2026\/02\/Screenshot-2026-02-22-at-2.25.03-PM.png","width":1858,"height":430,"caption":"EasyLifeBro"},"image":{"@id":"https:\/\/easyliferobo.com\/de\/#\/schema\/logo\/image\/"}}]}},"_links":{"self":[{"href":"https:\/\/easyliferobo.com\/de\/wp-json\/wp\/v2\/product\/3685","targetHints":{"allow":["GET"]}}],"collection":[{"href":"https:\/\/easyliferobo.com\/de\/wp-json\/wp\/v2\/product"}],"about":[{"href":"https:\/\/easyliferobo.com\/de\/wp-json\/wp\/v2\/types\/product"}],"replies":[{"embeddable":true,"href":"https:\/\/easyliferobo.com\/de\/wp-json\/wp\/v2\/comments?post=3685"}],"wp:featuredmedia":[{"embeddable":true,"href":"https:\/\/easyliferobo.com\/de\/wp-json\/wp\/v2\/media\/3686"}],"wp:attachment":[{"href":"https:\/\/easyliferobo.com\/de\/wp-json\/wp\/v2\/media?parent=3685"}],"wp:term":[{"taxonomy":"store","embeddable":true,"href":"https:\/\/easyliferobo.com\/de\/wp-json\/wp\/v2\/store?post=3685"},{"taxonomy":"product_brand","embeddable":true,"href":"https:\/\/easyliferobo.com\/de\/wp-json\/wp\/v2\/product_brand?post=3685"},{"taxonomy":"product_cat","embeddable":true,"href":"https:\/\/easyliferobo.com\/de\/wp-json\/wp\/v2\/product_cat?post=3685"},{"taxonomy":"product_tag","embeddable":true,"href":"https:\/\/easyliferobo.com\/de\/wp-json\/wp\/v2\/product_tag?post=3685"}],"curies":[{"name":"wp","href":"https:\/\/api.w.org\/{rel}","templated":true}]}}