
{"id":3675,"date":"2026-02-27T09:55:13","date_gmt":"2026-02-27T09:55:13","guid":{"rendered":"https:\/\/easyliferobo.com\/de\/product\/mova-p50-pro-ultra-staubsaugerroboter-mit-wischfunktion-19-000-pa-selbstreinigender-heisswassermopp-bei-75-c-mit-ausziehbarer-seitenbuerste-lds-navigation-rgb-ki-led-hindernisvermeidung\/"},"modified":"2026-02-27T09:55:31","modified_gmt":"2026-02-27T09:55:31","slug":"mova-p50-pro-ultra-staubsaugerroboter-mit-wischfunktion-19-000-pa-selbstreinigender-heisswassermopp-bei-75-c-mit-ausziehbarer-seitenbuerste-lds-navigation-rgb-ki-led-hindernisvermeidung","status":"publish","type":"product","link":"https:\/\/easyliferobo.com\/de\/product\/mova-p50-pro-ultra-staubsaugerroboter-mit-wischfunktion-19-000-pa-selbstreinigender-heisswassermopp-bei-75-c-mit-ausziehbarer-seitenbuerste-lds-navigation-rgb-ki-led-hindernisvermeidung\/","title":{"rendered":"Mova P50 Pro Ultra Staubsaugerrobot..."},"content":{"rendered":"<p>\n                                             Von der Marke   <\/p>\n<p>                                              <img decoding=\"async\" alt=\"Aplus-Inhaltsbild\" src=\"https:\/\/images-na.ssl-images-amazon.com\/images\/G\/01\/x-locale\/common\/grey-pixel.gif\" class=\"a-lazy-loaded\" data-src=\"https:\/\/m.media-amazon.com\/images\/S\/aplus-media-library-service-media\/9185fded-a7bb-4479-8ebd-b42252a1a4c0.__CR0,0,1464,625_PT0_SX1464_V1___.png\"><img decoding=\"async\" alt=\"Aplus-Inhaltsbild\" src=\"https:\/\/m.media-amazon.com\/images\/S\/aplus-media-library-service-media\/9185fded-a7bb-4479-8ebd-b42252a1a4c0.__CR0,0,1464,625_PT0_SX1464_V1___.png\">  <\/p>\n<p>                                              <img decoding=\"async\" alt=\"\" src=\"https:\/\/images-na.ssl-images-amazon.com\/images\/G\/01\/x-locale\/common\/grey-pixel.gif\" class=\"a-lazy-loaded\" data-src=\"https:\/\/m.media-amazon.com\/images\/S\/aplus-media-library-service-media\/9638ebef-0485-4ca8-a3fe-56e5456d42cb.__CR0,0,315,145_PT0_SX315_V1___.png\"><img decoding=\"async\" alt=\"\" src=\"https:\/\/m.media-amazon.com\/images\/S\/aplus-media-library-service-media\/9638ebef-0485-4ca8-a3fe-56e5456d42cb.__CR0,0,315,145_PT0_SX315_V1___.png\">  <\/p>\n<p>  MOVA ist eine innovative Marke, die Haushaltsger\u00e4te mit intelligenten Technologien kombiniert. Ziel ist es, neue M\u00f6glichkeiten zu erkunden und Technologien zu entwickeln, um das Leben der Verbraucher zu revolutionieren. <\/p>\n<p>  MOVA m\u00f6chte vielf\u00e4ltige Wohnerlebnisse f\u00fcr alle schaffen und Menschen dazu ermutigen, ihren eigenen Lebensstil zu entdecken und zu \u00fcbernehmen. <\/p>\n<p>                                              <img decoding=\"async\" alt=\"\" src=\"https:\/\/images-na.ssl-images-amazon.com\/images\/G\/01\/x-locale\/common\/grey-pixel.gif\" class=\"a-lazy-loaded\" data-src=\"https:\/\/m.media-amazon.com\/images\/S\/aplus-media-library-service-media\/cbc737e1-09b0-4304-b7b2-736b80b710b4.__CR0,0,362,453_PT0_SX362_V1___.png\"><img decoding=\"async\" alt=\"\" src=\"https:\/\/m.media-amazon.com\/images\/S\/aplus-media-library-service-media\/cbc737e1-09b0-4304-b7b2-736b80b710b4.__CR0,0,362,453_PT0_SX362_V1___.png\">  <\/p>\n<h3>  Roboterstaubsauger der Mova V-Serie <\/h3>\n<p>                                              <img decoding=\"async\" alt=\"\" src=\"https:\/\/images-na.ssl-images-amazon.com\/images\/G\/01\/x-locale\/common\/grey-pixel.gif\" class=\"a-lazy-loaded\" data-src=\"https:\/\/m.media-amazon.com\/images\/S\/aplus-media-library-service-media\/8efb6356-594e-48dc-8f54-ac17a964c1bb.__CR0,0,362,453_PT0_SX362_V1___.png\"><img decoding=\"async\" alt=\"\" src=\"https:\/\/m.media-amazon.com\/images\/S\/aplus-media-library-service-media\/8efb6356-594e-48dc-8f54-ac17a964c1bb.__CR0,0,362,453_PT0_SX362_V1___.png\">  <\/p>\n<h3>  Roboterstaubsauger der Mova Z-Serie <\/h3>\n<h3>  MOVA Roboterstaubsauger \u2013 Topmodell <\/h3>\n<p>                                              <img decoding=\"async\" alt=\"\" src=\"https:\/\/images-na.ssl-images-amazon.com\/images\/G\/01\/x-locale\/common\/grey-pixel.gif\" class=\"a-lazy-loaded\" data-src=\"https:\/\/m.media-amazon.com\/images\/S\/aplus-media-library-service-media\/6dc39020-3464-4051-96d1-7ad7b500c64b.__CR0,0,362,453_PT0_SX362_V1___.png\"><img decoding=\"async\" alt=\"\" src=\"https:\/\/m.media-amazon.com\/images\/S\/aplus-media-library-service-media\/6dc39020-3464-4051-96d1-7ad7b500c64b.__CR0,0,362,453_PT0_SX362_V1___.png\">  <\/p>\n<h3>  Roboterstaubsauger der Mova P-Serie <\/h3>\n<p>                                              <img decoding=\"async\" alt=\"\" src=\"https:\/\/images-na.ssl-images-amazon.com\/images\/G\/01\/x-locale\/common\/grey-pixel.gif\" class=\"a-lazy-loaded\" data-src=\"https:\/\/m.media-amazon.com\/images\/S\/aplus-media-library-service-media\/b5c11b0d-6aa9-4181-a422-c86f6ee1c04e.__CR0,0,362,453_PT0_SX362_V1___.png\"><img decoding=\"async\" alt=\"\" src=\"https:\/\/m.media-amazon.com\/images\/S\/aplus-media-library-service-media\/b5c11b0d-6aa9-4181-a422-c86f6ee1c04e.__CR0,0,362,453_PT0_SX362_V1___.png\">  <\/p>\n<h3>  Roboterstaubsauger der Mova E-Serie <\/h3>\n<h3>  MOVA Roboterstaubsauger \u2013 Top Daily <\/h3>\n<p>                                              <img decoding=\"async\" alt=\"Aplus-Inhaltsbild\" src=\"https:\/\/images-na.ssl-images-amazon.com\/images\/G\/01\/x-locale\/common\/grey-pixel.gif\" class=\"a-lazy-loaded\" data-src=\"https:\/\/m.media-amazon.com\/images\/S\/aplus-media-library-service-media\/e5c5ebfa-15c8-4c5a-a755-78858aa21790.__CR0,0,362,453_PT0_SX362_V1___.png\"><img decoding=\"async\" alt=\"Aplus-Inhaltsbild\" src=\"https:\/\/m.media-amazon.com\/images\/S\/aplus-media-library-service-media\/e5c5ebfa-15c8-4c5a-a755-78858aa21790.__CR0,0,362,453_PT0_SX362_V1___.png\">  <\/p>\n<p>                                              <img decoding=\"async\" alt=\"Der Text lautet \u201eZ60 Ultra Roller Standalone\u201c. Mehrere Ansichten eines Roboterstaubsaugers, der in einer h\u00e4uslichen Umgebung mit Hartholzb\u00f6den und nat\u00fcrlichem Licht arbeitet.\" src=\"https:\/\/images-na.ssl-images-amazon.com\/images\/G\/01\/x-locale\/common\/grey-pixel.gif\" class=\"a-lazy-loaded\" data-src=\"https:\/\/m.media-amazon.com\/images\/S\/aplus-media-library-service-media\/a7b25f80-a41b-4978-be0a-1651bb2bf29e.__CR0,0,362,453_PT0_SX362_V1___.png\"><img decoding=\"async\" alt=\"Der Text lautet \u201eZ60 Ultra Roller Standalone\u201c. Mehrere Ansichten eines Roboterstaubsaugers, der in einer h\u00e4uslichen Umgebung mit Hartholzb\u00f6den und nat\u00fcrlichem Licht arbeitet.\" src=\"https:\/\/m.media-amazon.com\/images\/S\/aplus-media-library-service-media\/a7b25f80-a41b-4978-be0a-1651bb2bf29e.__CR0,0,362,453_PT0_SX362_V1___.png\">  <\/p>\n<p>Vollautomatische Reinigung: Profitieren Sie von einem umfassenden Reinigungserlebnis mit der vollautomatischen Saug- und Wischroboter-Kombination; Seine automatisch arbeitende Station sammelt bis zu 75 Tage lang Staub, reinigt die Mopps mit 75\u2103 (167\u2109) hei\u00dfem Wasser, f\u00fcgt Wasser und L\u00f6sung hinzu und trocknet die Mopps, um die Ausbreitung unangenehmer Ger\u00fcche zu verhindern<br \/>Verbessertes, verwirrungsfreies Staubsaugen: Mit einer Saugleistung von 19.000 Pa entfernt der Roboter Staub, Haare und andere kleine und gro\u00dfe Schmutzpartikel von verschiedenen Oberfl\u00e4chen; Die CleanChop-B\u00fcrste verhindert Haarverfilzungen und sorgt f\u00fcr eine effiziente Haaraufnahme<br \/>Von den Ecken bis zu den Kanten: Mit der ausziehbaren Seitenb\u00fcrste und dem Wischmopp werden Ecken, Kanten und Sockelleisten gr\u00fcndlich gereinigt, sodass auch enge Stellen wie rechtwinklige Ecken und unter flache M\u00f6bel erreicht werden<br \/>MASSGESCHNEIDERTE BODENREINIGUNG IN JEDEM KLIMA Beseitigen Sie Flecken im Handumdrehen mit dem Dual-Rotations-Moppsystem, das 32 einstellbare Stufen f\u00fcr streifenfreie B\u00f6den bietet; Passen Sie den Wasserstand an jede Wetterlage und Bodenart an, um einwandfreie Ergebnisse zu erzielen<br \/>Trockene Teppiche, saubere B\u00f6den: Genie\u00dfen Sie die gr\u00fcndliche Schmutzentfernung, ohne dass der Roboter im Schmutz steckenbleibt; Der Roboterstaubsauger verf\u00fcgt \u00fcber eine Seitenb\u00fcrste, eine Hauptb\u00fcrste und einen Wischmopp, der versch\u00fcttete Fl\u00fcssigkeiten und Kr\u00fcmel aufnimmt, ohne dass der Schmutz vom Teppich auf den Boden \u00fcbertragen wird; Der abnehmbare Mopp h\u00e4lt Teppiche trocken und makellos und sorgt so f\u00fcr eine hervorragende Teppichpflege<br \/>Intelligente Erkennung, gr\u00fcndlichere Reinigung: Eine RGB-Kamera und ein intelligentes Schmutzerkennungssystem erkennen kleine und gro\u00dfe Verschmutzungen wie versch\u00fctteten Kaffee, Bohnen, Semmelbr\u00f6sel und vieles mehr pr\u00e4zise, \u200b\u200bsodass der Roboterstaubsauger sie vom Boden entfernen kann<br \/>Flexibles Man\u00f6vrieren in Ihrem Zuhause: Dank der verbesserten Erkennungs- und Sensorsysteme navigiert das P50 Pro Ultra effizient durch Ihre Wohnr\u00e4ume; Der Roboterstaubsauger erstellt detaillierte 4-stufige 3D-Karten Ihres Zuhauses, die eine nahtlose Navigation zwischen Hindernissen erm\u00f6glichen<br \/>Integrierte Reinigung \u00fcber die App: Erleben Sie m\u00fchelose Steuerung \u00fcber eine intuitive Reinigungs-App, die eine synchronisierte Video- und Sprachinteraktion mit Ihren Haustieren w\u00e4hrend Ihrer Abwesenheit erm\u00f6glicht; Planen Sie Reinigungszeiten, passen Sie die H\u00e4ufigkeit des Wischens und Staubsaugens an und vieles mehr \u2013 alles mit nur einem Fingertipp in der App<\/p>\n<p>[ad_2]<\/p>\n","protected":false},"excerpt":{"rendered":"<p>Von der Marke MOVA ist eine innovative Marke, die Haushaltsger\u00e4te mit intelligenten Technologien kombiniert. Ziel ist es, neue M\u00f6glichkeiten zu erkunden und Technologien zu entwickeln, um das Leben der Verbraucher zu revolutionieren. MOVA m\u00f6chte vielf\u00e4ltige Wohnerlebnisse f\u00fcr alle schaffen und Menschen dazu ermutigen, ihren eigenen Lebensstil zu entdecken und zu \u00fcbernehmen. Roboterstaubsauger der Mova V-Serie [&hellip;]<\/p>\n","protected":false},"featured_media":3676,"comment_status":"open","ping_status":"closed","template":"","meta":{"_aipt_faq_data":""},"store":[],"product_brand":[139],"product_cat":[76],"product_tag":[345],"class_list":{"0":"post-3675","1":"product","2":"type-product","3":"status-publish","4":"has-post-thumbnail","6":"product_brand-mova","7":"product_cat-staubsauger-roboter-mit-wischfunktion","8":"product_tag-staubsauger-roboter-mit-wischfunktion-grosse-flaechen","10":"first","11":"instock","12":"sale","13":"shipping-taxable","14":"product-type-external"},"yoast_head":"<!-- This site is optimized with the Yoast SEO plugin v27.0 - https:\/\/yoast.com\/product\/yoast-seo-wordpress\/ -->\n<title>Mova P50 Pro Ultra Staubsaugerroboter mit Wischfunktion, 19.000 Pa, selbstreinigender Hei\u00dfwassermopp bei 75 \u00b0C mit ausziehbarer Seitenb\u00fcrste, LDS-Navigation, + RGB-KI + LED-Hindernisvermeidung, automatisches Entleeren\/Nachf\u00fcllen - EasyLifeBro<\/title>\n<meta name=\"description\" content=\"Entdecken Sie smarte Roboter f\u00fcr Zuhause, Garten, Bildung und Sicherheit. Vergleichen Sie Saugroboter, Rasenm\u00e4hroboter, KI-Begleitroboter und mehr bei EasyLifeRobo.\" \/>\n<meta name=\"robots\" content=\"index, follow, max-snippet:-1, max-image-preview:large, max-video-preview:-1\" \/>\n<link rel=\"canonical\" href=\"https:\/\/easyliferobo.com\/de\/product\/mova-p50-pro-ultra-staubsaugerroboter-mit-wischfunktion-19-000-pa-selbstreinigender-heisswassermopp-bei-75-c-mit-ausziehbarer-seitenbuerste-lds-navigation-rgb-ki-led-hindernisvermeidung\/\" \/>\n<meta property=\"og:locale\" content=\"de_DE\" \/>\n<meta property=\"og:type\" content=\"article\" \/>\n<meta property=\"og:title\" content=\"Mova P50 Pro Ultra Staubsaugerroboter mit Wischfunktion, 19.000 Pa, selbstreinigender Hei\u00dfwassermopp bei 75 \u00b0C mit ausziehbarer Seitenb\u00fcrste, LDS-Navigation, + RGB-KI + LED-Hindernisvermeidung, automatisches Entleeren\/Nachf\u00fcllen - EasyLifeBro\" \/>\n<meta property=\"og:description\" content=\"Entdecken Sie smarte Roboter f\u00fcr Zuhause, Garten, Bildung und Sicherheit. Vergleichen Sie Saugroboter, Rasenm\u00e4hroboter, KI-Begleitroboter und mehr bei EasyLifeRobo.\" \/>\n<meta property=\"og:url\" content=\"https:\/\/easyliferobo.com\/de\/product\/mova-p50-pro-ultra-staubsaugerroboter-mit-wischfunktion-19-000-pa-selbstreinigender-heisswassermopp-bei-75-c-mit-ausziehbarer-seitenbuerste-lds-navigation-rgb-ki-led-hindernisvermeidung\/\" \/>\n<meta property=\"og:site_name\" content=\"EasyLifeBro\" \/>\n<meta property=\"article:modified_time\" content=\"2026-02-27T09:55:31+00:00\" \/>\n<meta property=\"og:image\" content=\"https:\/\/images-na.ssl-images-amazon.com\/images\/G\/01\/x-locale\/common\/grey-pixel.gif\" \/>\n<meta name=\"twitter:card\" content=\"summary_large_image\" \/>\n<meta name=\"twitter:label1\" content=\"Gesch\u00e4tzte Lesezeit\" \/>\n\t<meta name=\"twitter:data1\" content=\"2\u00a0Minuten\" \/>\n<script type=\"application\/ld+json\" class=\"yoast-schema-graph\">{\"@context\":\"https:\/\/schema.org\",\"@graph\":[{\"@type\":\"WebPage\",\"@id\":\"https:\/\/easyliferobo.com\/de\/product\/mova-p50-pro-ultra-staubsaugerroboter-mit-wischfunktion-19-000-pa-selbstreinigender-heisswassermopp-bei-75-c-mit-ausziehbarer-seitenbuerste-lds-navigation-rgb-ki-led-hindernisvermeidung\/\",\"url\":\"https:\/\/easyliferobo.com\/de\/product\/mova-p50-pro-ultra-staubsaugerroboter-mit-wischfunktion-19-000-pa-selbstreinigender-heisswassermopp-bei-75-c-mit-ausziehbarer-seitenbuerste-lds-navigation-rgb-ki-led-hindernisvermeidung\/\",\"name\":\"Mova P50 Pro Ultra Staubsaugerroboter mit Wischfunktion, 19.000 Pa, selbstreinigender Hei\u00dfwassermopp bei 75 \u00b0C mit ausziehbarer Seitenb\u00fcrste, LDS-Navigation, + RGB-KI + LED-Hindernisvermeidung, automatisches Entleeren\/Nachf\u00fcllen - EasyLifeBro\",\"isPartOf\":{\"@id\":\"https:\/\/easyliferobo.com\/de\/#website\"},\"primaryImageOfPage\":{\"@id\":\"https:\/\/easyliferobo.com\/de\/product\/mova-p50-pro-ultra-staubsaugerroboter-mit-wischfunktion-19-000-pa-selbstreinigender-heisswassermopp-bei-75-c-mit-ausziehbarer-seitenbuerste-lds-navigation-rgb-ki-led-hindernisvermeidung\/#primaryimage\"},\"image\":{\"@id\":\"https:\/\/easyliferobo.com\/de\/product\/mova-p50-pro-ultra-staubsaugerroboter-mit-wischfunktion-19-000-pa-selbstreinigender-heisswassermopp-bei-75-c-mit-ausziehbarer-seitenbuerste-lds-navigation-rgb-ki-led-hindernisvermeidung\/#primaryimage\"},\"thumbnailUrl\":\"https:\/\/easyliferobo.com\/de\/wp-content\/uploads\/2026\/02\/61jUUFuK7NL._AC_SL1500_.jpg\",\"datePublished\":\"2026-02-27T09:55:13+00:00\",\"dateModified\":\"2026-02-27T09:55:31+00:00\",\"description\":\"Entdecken Sie smarte Roboter f\u00fcr Zuhause, Garten, Bildung und Sicherheit. Vergleichen Sie Saugroboter, Rasenm\u00e4hroboter, KI-Begleitroboter und mehr bei EasyLifeRobo.\",\"breadcrumb\":{\"@id\":\"https:\/\/easyliferobo.com\/de\/product\/mova-p50-pro-ultra-staubsaugerroboter-mit-wischfunktion-19-000-pa-selbstreinigender-heisswassermopp-bei-75-c-mit-ausziehbarer-seitenbuerste-lds-navigation-rgb-ki-led-hindernisvermeidung\/#breadcrumb\"},\"inLanguage\":\"de\",\"potentialAction\":[{\"@type\":\"ReadAction\",\"target\":[\"https:\/\/easyliferobo.com\/de\/product\/mova-p50-pro-ultra-staubsaugerroboter-mit-wischfunktion-19-000-pa-selbstreinigender-heisswassermopp-bei-75-c-mit-ausziehbarer-seitenbuerste-lds-navigation-rgb-ki-led-hindernisvermeidung\/\"]}]},{\"@type\":\"ImageObject\",\"inLanguage\":\"de\",\"@id\":\"https:\/\/easyliferobo.com\/de\/product\/mova-p50-pro-ultra-staubsaugerroboter-mit-wischfunktion-19-000-pa-selbstreinigender-heisswassermopp-bei-75-c-mit-ausziehbarer-seitenbuerste-lds-navigation-rgb-ki-led-hindernisvermeidung\/#primaryimage\",\"url\":\"https:\/\/easyliferobo.com\/de\/wp-content\/uploads\/2026\/02\/61jUUFuK7NL._AC_SL1500_.jpg\",\"contentUrl\":\"https:\/\/easyliferobo.com\/de\/wp-content\/uploads\/2026\/02\/61jUUFuK7NL._AC_SL1500_.jpg\",\"width\":1500,\"height\":1302},{\"@type\":\"BreadcrumbList\",\"@id\":\"https:\/\/easyliferobo.com\/de\/product\/mova-p50-pro-ultra-staubsaugerroboter-mit-wischfunktion-19-000-pa-selbstreinigender-heisswassermopp-bei-75-c-mit-ausziehbarer-seitenbuerste-lds-navigation-rgb-ki-led-hindernisvermeidung\/#breadcrumb\",\"itemListElement\":[{\"@type\":\"ListItem\",\"position\":1,\"name\":\"Home\",\"item\":\"https:\/\/easyliferobo.com\/de\/\"},{\"@type\":\"ListItem\",\"position\":2,\"name\":\"Shop\",\"item\":\"https:\/\/easyliferobo.com\/de\/shop\/\"},{\"@type\":\"ListItem\",\"position\":3,\"name\":\"Mova P50 Pro Ultra Staubsaugerrobot...\"}]},{\"@type\":\"WebSite\",\"@id\":\"https:\/\/easyliferobo.com\/de\/#website\",\"url\":\"https:\/\/easyliferobo.com\/de\/\",\"name\":\"EasyLifeBro\",\"description\":\"Smarte Roboter f\u00fcr Zuhause, Garten &amp; Bildung\",\"publisher\":{\"@id\":\"https:\/\/easyliferobo.com\/de\/#organization\"},\"potentialAction\":[{\"@type\":\"SearchAction\",\"target\":{\"@type\":\"EntryPoint\",\"urlTemplate\":\"https:\/\/easyliferobo.com\/de\/?s={search_term_string}\"},\"query-input\":{\"@type\":\"PropertyValueSpecification\",\"valueRequired\":true,\"valueName\":\"search_term_string\"}}],\"inLanguage\":\"de\"},{\"@type\":\"Organization\",\"@id\":\"https:\/\/easyliferobo.com\/de\/#organization\",\"name\":\"EasyLifeBro\",\"url\":\"https:\/\/easyliferobo.com\/de\/\",\"logo\":{\"@type\":\"ImageObject\",\"inLanguage\":\"de\",\"@id\":\"https:\/\/easyliferobo.com\/de\/#\/schema\/logo\/image\/\",\"url\":\"https:\/\/easyliferobo.com\/de\/wp-content\/uploads\/2026\/02\/Screenshot-2026-02-22-at-2.25.03-PM.png\",\"contentUrl\":\"https:\/\/easyliferobo.com\/de\/wp-content\/uploads\/2026\/02\/Screenshot-2026-02-22-at-2.25.03-PM.png\",\"width\":1858,\"height\":430,\"caption\":\"EasyLifeBro\"},\"image\":{\"@id\":\"https:\/\/easyliferobo.com\/de\/#\/schema\/logo\/image\/\"}}]}<\/script>\n<!-- \/ Yoast SEO plugin. -->","yoast_head_json":{"title":"Mova P50 Pro Ultra Staubsaugerroboter mit Wischfunktion, 19.000 Pa, selbstreinigender Hei\u00dfwassermopp bei 75 \u00b0C mit ausziehbarer Seitenb\u00fcrste, LDS-Navigation, + RGB-KI + LED-Hindernisvermeidung, automatisches Entleeren\/Nachf\u00fcllen - EasyLifeBro","description":"Entdecken Sie smarte Roboter f\u00fcr Zuhause, Garten, Bildung und Sicherheit. Vergleichen Sie Saugroboter, Rasenm\u00e4hroboter, KI-Begleitroboter und mehr bei EasyLifeRobo.","robots":{"index":"index","follow":"follow","max-snippet":"max-snippet:-1","max-image-preview":"max-image-preview:large","max-video-preview":"max-video-preview:-1"},"canonical":"https:\/\/easyliferobo.com\/de\/product\/mova-p50-pro-ultra-staubsaugerroboter-mit-wischfunktion-19-000-pa-selbstreinigender-heisswassermopp-bei-75-c-mit-ausziehbarer-seitenbuerste-lds-navigation-rgb-ki-led-hindernisvermeidung\/","og_locale":"de_DE","og_type":"article","og_title":"Mova P50 Pro Ultra Staubsaugerroboter mit Wischfunktion, 19.000 Pa, selbstreinigender Hei\u00dfwassermopp bei 75 \u00b0C mit ausziehbarer Seitenb\u00fcrste, LDS-Navigation, + RGB-KI + LED-Hindernisvermeidung, automatisches Entleeren\/Nachf\u00fcllen - EasyLifeBro","og_description":"Entdecken Sie smarte Roboter f\u00fcr Zuhause, Garten, Bildung und Sicherheit. Vergleichen Sie Saugroboter, Rasenm\u00e4hroboter, KI-Begleitroboter und mehr bei EasyLifeRobo.","og_url":"https:\/\/easyliferobo.com\/de\/product\/mova-p50-pro-ultra-staubsaugerroboter-mit-wischfunktion-19-000-pa-selbstreinigender-heisswassermopp-bei-75-c-mit-ausziehbarer-seitenbuerste-lds-navigation-rgb-ki-led-hindernisvermeidung\/","og_site_name":"EasyLifeBro","article_modified_time":"2026-02-27T09:55:31+00:00","og_image":[{"url":"https:\/\/images-na.ssl-images-amazon.com\/images\/G\/01\/x-locale\/common\/grey-pixel.gif","type":"","width":"","height":""}],"twitter_card":"summary_large_image","twitter_misc":{"Gesch\u00e4tzte Lesezeit":"2\u00a0Minuten"},"schema":{"@context":"https:\/\/schema.org","@graph":[{"@type":"WebPage","@id":"https:\/\/easyliferobo.com\/de\/product\/mova-p50-pro-ultra-staubsaugerroboter-mit-wischfunktion-19-000-pa-selbstreinigender-heisswassermopp-bei-75-c-mit-ausziehbarer-seitenbuerste-lds-navigation-rgb-ki-led-hindernisvermeidung\/","url":"https:\/\/easyliferobo.com\/de\/product\/mova-p50-pro-ultra-staubsaugerroboter-mit-wischfunktion-19-000-pa-selbstreinigender-heisswassermopp-bei-75-c-mit-ausziehbarer-seitenbuerste-lds-navigation-rgb-ki-led-hindernisvermeidung\/","name":"Mova P50 Pro Ultra Staubsaugerroboter mit Wischfunktion, 19.000 Pa, selbstreinigender Hei\u00dfwassermopp bei 75 \u00b0C mit ausziehbarer Seitenb\u00fcrste, LDS-Navigation, + RGB-KI + LED-Hindernisvermeidung, automatisches Entleeren\/Nachf\u00fcllen - EasyLifeBro","isPartOf":{"@id":"https:\/\/easyliferobo.com\/de\/#website"},"primaryImageOfPage":{"@id":"https:\/\/easyliferobo.com\/de\/product\/mova-p50-pro-ultra-staubsaugerroboter-mit-wischfunktion-19-000-pa-selbstreinigender-heisswassermopp-bei-75-c-mit-ausziehbarer-seitenbuerste-lds-navigation-rgb-ki-led-hindernisvermeidung\/#primaryimage"},"image":{"@id":"https:\/\/easyliferobo.com\/de\/product\/mova-p50-pro-ultra-staubsaugerroboter-mit-wischfunktion-19-000-pa-selbstreinigender-heisswassermopp-bei-75-c-mit-ausziehbarer-seitenbuerste-lds-navigation-rgb-ki-led-hindernisvermeidung\/#primaryimage"},"thumbnailUrl":"https:\/\/easyliferobo.com\/de\/wp-content\/uploads\/2026\/02\/61jUUFuK7NL._AC_SL1500_.jpg","datePublished":"2026-02-27T09:55:13+00:00","dateModified":"2026-02-27T09:55:31+00:00","description":"Entdecken Sie smarte Roboter f\u00fcr Zuhause, Garten, Bildung und Sicherheit. Vergleichen Sie Saugroboter, Rasenm\u00e4hroboter, KI-Begleitroboter und mehr bei EasyLifeRobo.","breadcrumb":{"@id":"https:\/\/easyliferobo.com\/de\/product\/mova-p50-pro-ultra-staubsaugerroboter-mit-wischfunktion-19-000-pa-selbstreinigender-heisswassermopp-bei-75-c-mit-ausziehbarer-seitenbuerste-lds-navigation-rgb-ki-led-hindernisvermeidung\/#breadcrumb"},"inLanguage":"de","potentialAction":[{"@type":"ReadAction","target":["https:\/\/easyliferobo.com\/de\/product\/mova-p50-pro-ultra-staubsaugerroboter-mit-wischfunktion-19-000-pa-selbstreinigender-heisswassermopp-bei-75-c-mit-ausziehbarer-seitenbuerste-lds-navigation-rgb-ki-led-hindernisvermeidung\/"]}]},{"@type":"ImageObject","inLanguage":"de","@id":"https:\/\/easyliferobo.com\/de\/product\/mova-p50-pro-ultra-staubsaugerroboter-mit-wischfunktion-19-000-pa-selbstreinigender-heisswassermopp-bei-75-c-mit-ausziehbarer-seitenbuerste-lds-navigation-rgb-ki-led-hindernisvermeidung\/#primaryimage","url":"https:\/\/easyliferobo.com\/de\/wp-content\/uploads\/2026\/02\/61jUUFuK7NL._AC_SL1500_.jpg","contentUrl":"https:\/\/easyliferobo.com\/de\/wp-content\/uploads\/2026\/02\/61jUUFuK7NL._AC_SL1500_.jpg","width":1500,"height":1302},{"@type":"BreadcrumbList","@id":"https:\/\/easyliferobo.com\/de\/product\/mova-p50-pro-ultra-staubsaugerroboter-mit-wischfunktion-19-000-pa-selbstreinigender-heisswassermopp-bei-75-c-mit-ausziehbarer-seitenbuerste-lds-navigation-rgb-ki-led-hindernisvermeidung\/#breadcrumb","itemListElement":[{"@type":"ListItem","position":1,"name":"Home","item":"https:\/\/easyliferobo.com\/de\/"},{"@type":"ListItem","position":2,"name":"Shop","item":"https:\/\/easyliferobo.com\/de\/shop\/"},{"@type":"ListItem","position":3,"name":"Mova P50 Pro Ultra Staubsaugerrobot..."}]},{"@type":"WebSite","@id":"https:\/\/easyliferobo.com\/de\/#website","url":"https:\/\/easyliferobo.com\/de\/","name":"EasyLifeBro","description":"Smarte Roboter f\u00fcr Zuhause, Garten &amp; Bildung","publisher":{"@id":"https:\/\/easyliferobo.com\/de\/#organization"},"potentialAction":[{"@type":"SearchAction","target":{"@type":"EntryPoint","urlTemplate":"https:\/\/easyliferobo.com\/de\/?s={search_term_string}"},"query-input":{"@type":"PropertyValueSpecification","valueRequired":true,"valueName":"search_term_string"}}],"inLanguage":"de"},{"@type":"Organization","@id":"https:\/\/easyliferobo.com\/de\/#organization","name":"EasyLifeBro","url":"https:\/\/easyliferobo.com\/de\/","logo":{"@type":"ImageObject","inLanguage":"de","@id":"https:\/\/easyliferobo.com\/de\/#\/schema\/logo\/image\/","url":"https:\/\/easyliferobo.com\/de\/wp-content\/uploads\/2026\/02\/Screenshot-2026-02-22-at-2.25.03-PM.png","contentUrl":"https:\/\/easyliferobo.com\/de\/wp-content\/uploads\/2026\/02\/Screenshot-2026-02-22-at-2.25.03-PM.png","width":1858,"height":430,"caption":"EasyLifeBro"},"image":{"@id":"https:\/\/easyliferobo.com\/de\/#\/schema\/logo\/image\/"}}]}},"_links":{"self":[{"href":"https:\/\/easyliferobo.com\/de\/wp-json\/wp\/v2\/product\/3675","targetHints":{"allow":["GET"]}}],"collection":[{"href":"https:\/\/easyliferobo.com\/de\/wp-json\/wp\/v2\/product"}],"about":[{"href":"https:\/\/easyliferobo.com\/de\/wp-json\/wp\/v2\/types\/product"}],"replies":[{"embeddable":true,"href":"https:\/\/easyliferobo.com\/de\/wp-json\/wp\/v2\/comments?post=3675"}],"wp:featuredmedia":[{"embeddable":true,"href":"https:\/\/easyliferobo.com\/de\/wp-json\/wp\/v2\/media\/3676"}],"wp:attachment":[{"href":"https:\/\/easyliferobo.com\/de\/wp-json\/wp\/v2\/media?parent=3675"}],"wp:term":[{"taxonomy":"store","embeddable":true,"href":"https:\/\/easyliferobo.com\/de\/wp-json\/wp\/v2\/store?post=3675"},{"taxonomy":"product_brand","embeddable":true,"href":"https:\/\/easyliferobo.com\/de\/wp-json\/wp\/v2\/product_brand?post=3675"},{"taxonomy":"product_cat","embeddable":true,"href":"https:\/\/easyliferobo.com\/de\/wp-json\/wp\/v2\/product_cat?post=3675"},{"taxonomy":"product_tag","embeddable":true,"href":"https:\/\/easyliferobo.com\/de\/wp-json\/wp\/v2\/product_tag?post=3675"}],"curies":[{"name":"wp","href":"https:\/\/api.w.org\/{rel}","templated":true}]}}